{"id":4933,"date":"2025-12-25T06:53:46","date_gmt":"2025-12-25T06:53:46","guid":{"rendered":"https:\/\/airbrakehose.com\/product\/carretel-de-mangueira-de-freio-a-ar-de-borracha-a-granel-sae-j1402-tipo-a-762-m-152-m-victory-technology\/"},"modified":"2025-12-25T06:53:46","modified_gmt":"2025-12-25T06:53:46","slug":"carretel-de-mangueira-de-freio-a-ar-de-borracha-a-granel-sae-j1402-tipo-a-762-m-152-m-victory-technology","status":"publish","type":"product","link":"https:\/\/airbrakehose.com\/pt-br\/produto\/carretel-de-mangueira-de-freio-a-ar-de-borracha-a-granel-sae-j1402-tipo-a-762-m-152-m-victory-technology\/","title":{"rendered":"Carretel de mangueira de freio a ar de borracha a granel (SAE J1402 Tipo A) &#8211; 76,2 m \/ 15,2 m | Victory Technology"},"content":{"rendered":"<h3 data-path-to-node=\"7\">\ud83d\udccc Vis\u00e3o geral do produto<\/h3>\n<p data-path-to-node=\"8\"><b data-path-to-node=\"8\" data-index-in-node=\"0\">Qualidade diretamente da f\u00e1brica para fabrica\u00e7\u00e3o personalizada.<\/b><\/p>\n<p data-path-to-node=\"9\">Maximize a efici\u00eancia da sua oficina com os carret\u00e9is de mangueira de freio a ar da Victory Technology. Como divis\u00e3o exclusiva de exporta\u00e7\u00e3o da Zhuji Aoke (nossa base de fabrica\u00e7\u00e3o com mais de 20 anos de experi\u00eancia em extrus\u00e3o de borracha), fornecemos mangueiras de ar premium nas quais as frotas profissionais confiam \u2014 sem a margem de lucro do intermedi\u00e1rio. <\/p>\n<p data-path-to-node=\"10\">Esta mangueira de borracha SAE J1402 Tipo A foi projetada para as exig\u00eancias rigorosas das estradas. Seja voc\u00ea um distribuidor atendendo pedidos urgentes ou um mec\u00e2nico consertando um cano no acostamento, nossa mangueira oferece o equil\u00edbrio perfeito entre flexibilidade e resist\u00eancia \u00e0 abras\u00e3o. <\/p>\n<ul data-path-to-node=\"11\">\n<li>\n<p data-path-to-node=\"11,0,0\">A Promessa da Vit\u00f3ria: Cada p\u00e9 \u00e9 permanentemente marcado com o nosso C\u00f3digo de Fabricante DOT, garantindo que as suas montagens personalizadas sejam totalmente legais para circula\u00e7\u00e3o em vias p\u00fablicas e rastre\u00e1veis.<\/p>\n<\/li>\n<\/ul>\n<hr data-path-to-node=\"12\">\n<h3 data-path-to-node=\"13\">\ud83d\udd39 Por que escolher a mangueira de ar comprimido Victory Bulk Air Hose?<\/h3>\n<ul data-path-to-node=\"14\">\n<li>\u2705 Conformidade verificada com o DOT:\n<p>N\u00e3o fazemos suposi\u00e7\u00f5es quando se trata de seguran\u00e7a. Nossa mangueira possui impress\u00e3o cont\u00ednua do c\u00f3digo DOT FMVSS 106 e das especifica\u00e7\u00f5es SAE. Essa marca\u00e7\u00e3o clara serve como sua garantia de qualidade durante inspe\u00e7\u00f5es rodovi\u00e1rias.  <\/li>\n<li>\u2705 Durabilidade testada em laborat\u00f3rio:\n<p>Projetado para resistir. Nossa constru\u00e7\u00e3o de 3 camadas (tubo de borracha sint\u00e9tica + tran\u00e7a de fibra + revestimento de borracha) \u00e9 testada em nosso laborat\u00f3rio interno para suportar oz\u00f4nio, sal de estrada e \u00f3leo. Permanece flex\u00edvel de -40 \u00b0C a +100 \u00b0C, evitando rachaduras prematuras.  <\/li>\n<li>\u2705 Compatibilidade universal:\n<p>Projetada para versatilidade. Esta mangueira \u00e9 totalmente compat\u00edvel tanto com conex\u00f5es reutiliz\u00e1veis \u200b\u200b(fix\u00e1veis \u200b\u200bem campo) para reparos r\u00e1pidos quanto com conex\u00f5es de crimpagem permanente para montagem no estilo de f\u00e1brica. <\/li>\n<li>\u2705 Gest\u00e3o Inteligente de Invent\u00e1rio:\n<p>Pare de perder dinheiro com estoque parado. Um \u00fanico rolo de 76 metros permite que voc\u00ea fabrique qualquer comprimento necess\u00e1rio \u2014 de um conector de 60 cm a um jumper de 6 metros \u2014 adaptando-se instantaneamente \u00e0s necessidades do seu cliente. <\/li>\n<\/ul>\n<hr data-path-to-node=\"15\">\n<h3 data-path-to-node=\"16\">\ud83d\udd38 Especifica\u00e7\u00f5es T\u00e9cnicas<\/h3>\n<p data-path-to-node=\"17\"><i data-path-to-node=\"17\" data-index-in-node=\"0\">Fabricado em nossas instala\u00e7\u00f5es com certifica\u00e7\u00e3o ISO\/TS16949.<\/i><\/p>\n<table data-path-to-node=\"18\">\n<thead>\n<tr>\n<td>Recurso<\/td>\n<td>Especifica\u00e7\u00e3o<\/td>\n<\/tr>\n<\/thead>\n<tbody>\n<tr>\n<td>Material<\/td>\n<td>Borracha SAE J1402 Tipo A (Mistura de EPDM\/CR)<\/td>\n<\/tr>\n<tr>\n<td>Di\u00e2metro interno (D.I.)<\/td>\n<td>3\/8&#8243; (Padr\u00e3o) ou 1\/2&#8243; (Refor\u00e7ado)<\/td>\n<\/tr>\n<tr>\n<td>Refor\u00e7o<\/td>\n<td>Fibra espiral sint\u00e9tica de alta resist\u00eancia \u00e0 tra\u00e7\u00e3o<\/td>\n<\/tr>\n<tr>\n<td>Press\u00e3o de trabalho<\/td>\n<td>225 PSI (Supera o padr\u00e3o de 150 PSI)<\/td>\n<\/tr>\n<tr>\n<td>Press\u00e3o de ruptura<\/td>\n<td>900 PSI (Fator de seguran\u00e7a 4:1)<\/td>\n<\/tr>\n<tr>\n<td>Faixa de temperatura<\/td>\n<td>-40\u00b0F a +212\u00b0F (-40\u00b0C a +100\u00b0C)<\/td>\n<\/tr>\n<tr>\n<td>Comprimentos dos carret\u00e9is<\/td>\n<td>250 p\u00e9s (Carretel Master) \/ 50 p\u00e9s (Rolo de Loja)<\/td>\n<\/tr>\n<\/tbody>\n<\/table>\n<hr data-path-to-node=\"19\">\n<h3 data-path-to-node=\"20\">\ud83d\udd36 Embalagens flex\u00edveis e op\u00e7\u00f5es OEM<\/h3>\n<p data-path-to-node=\"21\">A Victory Technology oferece suporte aos distribuidores com solu\u00e7\u00f5es personalizadas:<\/p>\n<ul data-path-to-node=\"22\">\n<li>\n<p data-path-to-node=\"22,0,0\">Carret\u00e9is Master: 250 p\u00e9s \/ 500 p\u00e9s em bobinas de madeira resistentes (paletizadas para facilitar o armazenamento).<\/p>\n<\/li>\n<li>\n<p data-path-to-node=\"22,1,0\">Bobinas de 15 metros (50 p\u00e9s) embaladas individualmente em filme termoencolh\u00edvel, prontas para exposi\u00e7\u00e3o em prateleiras de lojas.<\/p>\n<\/li>\n<li>\n<p data-path-to-node=\"22,2,0\">Marca Pr\u00f3pria: Quer construir a sua marca? Podemos imprimir o SEU logotipo e n\u00famero de pe\u00e7a diretamente na linha de fixa\u00e7\u00e3o da mangueira (sujeito a quantidade m\u00ednima de encomenda). <\/p>\n<\/li>\n<\/ul>\n<hr data-path-to-node=\"23\">\n<h3 data-path-to-node=\"24\">\ud83d\ude80 Solicite agora mesmo um or\u00e7amento direto da f\u00e1brica<\/h3>\n<p>Pronto para fazer seu pedido? Seja uma \u00fanica caixa ou um cont\u00eainer de 40HQ, estamos prontos para atend\u00ea-lo. <\/p>\n<p>Preencha o formul\u00e1rio abaixo para receber nosso cat\u00e1logo mais recente e a lista de pre\u00e7os para atacado.<\/p>\n<p data-path-to-node=\"26\"><code data-path-to-node=\"26\" data-index-in-node=\"0\"><div class=\"wpforms-container \" id=\"wpforms-2617\"><form id=\"wpforms-form-2617\" class=\"wpforms-validate wpforms-form wpforms-ajax-form\" data-formid=\"2617\" method=\"post\" enctype=\"multipart\/form-data\" action=\"\/pt-br\/wp-json\/wp\/v2\/product\/4933\" data-token=\"c7b00f552c86cf2f050289f84562a23b\" data-token-time=\"1775944102\"><noscript class=\"wpforms-error-noscript\">Ative o JavaScript no seu navegador para preencher este formul\u00e1rio.<\/noscript><div class=\"wpforms-field-container\"><div id=\"wpforms-2617-field_1-container\" class=\"wpforms-field wpforms-field-name\" data-field-id=\"1\"><label class=\"wpforms-field-label\" for=\"wpforms-2617-field_1\">Nome <span class=\"wpforms-required-label\">*<\/span><\/label><input type=\"text\" id=\"wpforms-2617-field_1\" class=\"wpforms-field-large wpforms-field-required\" name=\"wpforms[fields][1]\" required><\/div><div id=\"wpforms-2617-field_2-container\" class=\"wpforms-field wpforms-field-email\" data-field-id=\"2\"><label class=\"wpforms-field-label\" for=\"wpforms-2617-field_2\">E-mail <span class=\"wpforms-required-label\">*<\/span><\/label><input type=\"email\" id=\"wpforms-2617-field_2\" class=\"wpforms-field-large wpforms-field-required\" name=\"wpforms[fields][2]\" spellcheck=\"false\" required><\/div><div id=\"wpforms-2617-field_4-container\" class=\"wpforms-field wpforms-field-text\" data-field-id=\"4\"><label class=\"wpforms-field-label\" for=\"wpforms-2617-field_4\">Tel<\/label><input type=\"text\" id=\"wpforms-2617-field_4\" class=\"wpforms-field-medium\" name=\"wpforms[fields][4]\" ><\/div><div id=\"wpforms-2617-field_3-container\" class=\"wpforms-field wpforms-field-textarea\" data-field-id=\"3\"><label class=\"wpforms-field-label\" for=\"wpforms-2617-field_3\"> Mensagem<\/label><textarea id=\"wpforms-2617-field_3\" class=\"wpforms-field-medium\" name=\"wpforms[fields][3]\" ><\/textarea><\/div><\/div><!-- .wpforms-field-container --><div class=\"wpforms-submit-container\" ><input type=\"hidden\" name=\"wpforms[id]\" value=\"2617\"><input type=\"hidden\" name=\"page_title\" value=\"\"><input type=\"hidden\" name=\"page_url\" value=\"https:\/\/airbrakehose.com\/pt-br\/wp-json\/wp\/v2\/product\/4933\"><input type=\"hidden\" name=\"url_referer\" value=\"\"><button type=\"submit\" name=\"wpforms[submit]\" id=\"wpforms-submit-2617\" class=\"wpforms-submit\" data-alt-text=\"Enviando...\" data-submit-text=\"Enviar mensagem\" aria-live=\"assertive\" value=\"wpforms-submit\">Enviar mensagem<\/button><img decoding=\"async\" src=\"https:\/\/airbrakehose.com\/wp-content\/plugins\/wpforms\/assets\/images\/submit-spin.svg\" class=\"wpforms-submit-spinner\" style=\"display: none;\" width=\"26\" height=\"26\" alt=\"Carregando\"><\/div><\/form><\/div>  <!-- .wpforms-container --><\/code><\/p>\n","protected":false},"excerpt":{"rendered":"<p data-path-to-node=\"32\"><b data-path-to-node=\"32\" data-index-in-node=\"0\">Mangueira de freio a ar de borracha SAE J1402 a granel em carretel.<\/b><\/p>\n<p data-path-to-node=\"33\">Mangueira de freio a ar de borracha premium para fabrica\u00e7\u00e3o de montagens personalizadas.<\/p>\n<ul data-path-to-node=\"34\">\n<li>\n<p data-path-to-node=\"34,0,0\">Norma: SAE J1402 Tipo A e DOT FMVSS 106.<\/p>\n<\/li>\n<li>\n<p data-path-to-node=\"34,1,0\">Tamanho: 3\/8&#8243; ou 1\/2&#8243; de di\u00e2metro interno.<\/p>\n<\/li>\n<li>\n<p data-path-to-node=\"34,2,0\">Comprimento: Dispon\u00edvel em bobina de 250 p\u00e9s ou rolo de 50 p\u00e9s.<\/p>\n<\/li>\n<li>\n<p data-path-to-node=\"34,3,0\">Durabilidade: Alta resist\u00eancia \u00e0 abras\u00e3o e ao ozono.<\/p>\n<\/li>\n<li>\n<p data-path-to-node=\"34,4,0\">Compatibilidade: Compat\u00edvel com conex\u00f5es de crimpagem e reutiliz\u00e1veis.<\/p>\n<\/li>\n<\/ul>\n<p data-path-to-node=\"35\"><b data-path-to-node=\"35\" data-index-in-node=\"0\">Em estoque e pronto para envio.<\/b><\/p>\n","protected":false},"featured_media":3872,"template":"","meta":{"_monsterinsights_skip_tracking":false,"_monsterinsights_sitenote_active":false,"_monsterinsights_sitenote_note":"","_monsterinsights_sitenote_category":0,"site-sidebar-layout":"default","site-content-layout":"","ast-site-content-layout":"default","site-content-style":"default","site-sidebar-style":"default","ast-global-header-display":"","ast-banner-title-visibility":"","ast-main-header-display":"","ast-hfb-above-header-display":"","ast-hfb-below-header-display":"","ast-hfb-mobile-header-display":"","site-post-title":"","ast-breadcrumbs-content":"","ast-featured-img":"","footer-sml-layout":"","ast-disable-related-posts":"","theme-transparent-header-meta":"default","adv-header-id-meta":"","stick-header-meta":"","header-above-stick-meta":"","header-main-stick-meta":"","header-below-stick-meta":"","astra-migrate-meta-layouts":"default","ast-page-background-enabled":"default","ast-page-background-meta":{"desktop":{"background-color":"","background-image":"","background-repeat":"repeat","background-position":"center center","background-size":"auto","background-attachment":"scroll","background-type":"","background-media":"","overlay-type":"","overlay-color":"","overlay-opacity":"","overlay-gradient":""},"tablet":{"background-color":"","background-image":"","background-repeat":"repeat","background-position":"center center","background-size":"auto","background-attachment":"scroll","background-type":"","background-media":"","overlay-type":"","overlay-color":"","overlay-opacity":"","overlay-gradient":""},"mobile":{"background-color":"","background-image":"","background-repeat":"repeat","background-position":"center center","background-size":"auto","background-attachment":"scroll","background-type":"","background-media":"","overlay-type":"","overlay-color":"","overlay-opacity":"","overlay-gradient":""}},"ast-content-background-meta":{"desktop":{"background-color":"var(--ast-global-color-5)","background-image":"","background-repeat":"repeat","background-position":"center center","background-size":"auto","background-attachment":"scroll","background-type":"","background-media":"","overlay-type":"","overlay-color":"","overlay-opacity":"","overlay-gradient":""},"tablet":{"background-color":"var(--ast-global-color-5)","background-image":"","background-repeat":"repeat","background-position":"center center","background-size":"auto","background-attachment":"scroll","background-type":"","background-media":"","overlay-type":"","overlay-color":"","overlay-opacity":"","overlay-gradient":""},"mobile":{"background-color":"var(--ast-global-color-5)","background-image":"","background-repeat":"repeat","background-position":"center center","background-size":"auto","background-attachment":"scroll","background-type":"","background-media":"","overlay-type":"","overlay-color":"","overlay-opacity":"","overlay-gradient":""}},"_joinchat":[]},"product_brand":[1193],"product_cat":[3854,5668],"product_tag":[3858,5676,5679,5675,5670,5674,5673,5672,5669,5677,5671,5678],"class_list":{"0":"post-4933","1":"product","2":"type-product","3":"status-publish","4":"has-post-thumbnail","6":"product_brand-victory-tech","7":"product_cat-conjuntos-de-mangueiras-de-freio-a-ar","8":"product_cat-mangueira-de-freio-a-ar-a-granel","9":"product_tag-aprovado-pelo-dot","10":"product_tag-carretel-de-mangueira","11":"product_tag-fmvss-106","12":"product_tag-linhas-aereas-de-caminhao","13":"product_tag-mangueira-de-ar-comprimido-a-granel","14":"product_tag-mangueira-de-ar-de-1-2-polegada","15":"product_tag-mangueira-de-ar-de-3-8","16":"product_tag-mangueira-de-ar-de-borracha","17":"product_tag-mangueira-de-freio-a-ar","18":"product_tag-manutencao-de-frota","19":"product_tag-sae-j1402","20":"product_tag-servico-pesado","21":"desktop-align-left","22":"tablet-align-left","23":"mobile-align-left","25":"first","26":"instock","27":"shipping-taxable","28":"product-type-simple"},"yoast_head":"<!-- This site is optimized with the Yoast SEO Premium plugin v26.4 (Yoast SEO v27.0) - https:\/\/yoast.com\/product\/yoast-seo-premium-wordpress\/ -->\n<title>Carret\u00e9is de mangueira de freio a ar de borracha a granel (SAE J1402) - 76,2 m (250 p\u00e9s) | Tecnologia da Vit\u00f3ria<\/title>\n<meta name=\"description\" content=\"Compre bobinas de mangueira de freio a ar de borracha a granel (SAE J1402). Rolos de 250 p\u00e9s e 50 p\u00e9s de mangueira de ar aprovada pelo DOT para fabrica\u00e7\u00e3o personalizada. Tamanhos dispon\u00edveis: 3\/8&quot; e 1\/2&quot;.\" \/>\n<meta name=\"robots\" content=\"index, follow, max-snippet:-1, max-image-preview:large, max-video-preview:-1\" \/>\n<link rel=\"canonical\" href=\"https:\/\/airbrakehose.com\/pt-br\/produto\/carretel-de-mangueira-de-freio-a-ar-de-borracha-a-granel-sae-j1402-tipo-a-762-m-152-m-victory-technology\/\" \/>\n<meta property=\"og:locale\" content=\"pt_BR\" \/>\n<meta property=\"og:type\" content=\"article\" \/>\n<meta property=\"og:title\" content=\"Carretel de mangueira de freio a ar de borracha a granel (SAE J1402 Tipo A) - 76,2 m \/ 15,2 m | Victory Technology\" \/>\n<meta property=\"og:description\" content=\"Compre bobinas de mangueira de freio a ar de borracha a granel (SAE J1402). Rolos de 250 p\u00e9s e 50 p\u00e9s de mangueira de ar aprovada pelo DOT para fabrica\u00e7\u00e3o personalizada. Tamanhos dispon\u00edveis: 3\/8&quot; e 1\/2&quot;.\" \/>\n<meta property=\"og:url\" content=\"https:\/\/airbrakehose.com\/pt-br\/produto\/carretel-de-mangueira-de-freio-a-ar-de-borracha-a-granel-sae-j1402-tipo-a-762-m-152-m-victory-technology\/\" \/>\n<meta property=\"og:site_name\" content=\"Victory Tech.\" \/>\n<meta property=\"article:publisher\" content=\"https:\/\/www.facebook.com\/aokeautoparts\" \/>\n<meta property=\"og:image\" content=\"https:\/\/airbrakehose.com\/wp-content\/uploads\/2025\/12\/\u5fae\u4fe1\u56fe\u7247_20250620085525.jpg\" \/>\n\t<meta property=\"og:image:width\" content=\"1226\" \/>\n\t<meta property=\"og:image:height\" content=\"1196\" \/>\n\t<meta property=\"og:image:type\" content=\"image\/jpeg\" \/>\n<meta name=\"twitter:card\" content=\"summary_large_image\" \/>\n<meta name=\"twitter:label1\" content=\"Est. tempo de leitura\" \/>\n\t<meta name=\"twitter:data1\" content=\"3 minutos\" \/>\n<script type=\"application\/ld+json\" class=\"yoast-schema-graph\">{\"@context\":\"https:\/\/schema.org\",\"@graph\":[{\"@type\":\"WebPage\",\"@id\":\"https:\/\/airbrakehose.com\/pt-br\/produto\/carretel-de-mangueira-de-freio-a-ar-de-borracha-a-granel-sae-j1402-tipo-a-762-m-152-m-victory-technology\/\",\"url\":\"https:\/\/airbrakehose.com\/pt-br\/produto\/carretel-de-mangueira-de-freio-a-ar-de-borracha-a-granel-sae-j1402-tipo-a-762-m-152-m-victory-technology\/\",\"name\":\"Carret\u00e9is de mangueira de freio a ar de borracha a granel (SAE J1402) - 76,2 m (250 p\u00e9s) | Tecnologia da Vit\u00f3ria\",\"isPartOf\":{\"@id\":\"https:\/\/airbrakehose.com\/pt-br\/#website\"},\"primaryImageOfPage\":{\"@id\":\"https:\/\/airbrakehose.com\/pt-br\/produto\/carretel-de-mangueira-de-freio-a-ar-de-borracha-a-granel-sae-j1402-tipo-a-762-m-152-m-victory-technology\/#primaryimage\"},\"image\":{\"@id\":\"https:\/\/airbrakehose.com\/pt-br\/produto\/carretel-de-mangueira-de-freio-a-ar-de-borracha-a-granel-sae-j1402-tipo-a-762-m-152-m-victory-technology\/#primaryimage\"},\"thumbnailUrl\":\"https:\/\/airbrakehose.com\/wp-content\/uploads\/2025\/12\/\u5fae\u4fe1\u56fe\u7247_20250620085525.jpg\",\"datePublished\":\"2025-12-25T06:53:46+00:00\",\"description\":\"Compre bobinas de mangueira de freio a ar de borracha a granel (SAE J1402). Rolos de 250 p\u00e9s e 50 p\u00e9s de mangueira de ar aprovada pelo DOT para fabrica\u00e7\u00e3o personalizada. Tamanhos dispon\u00edveis: 3\/8\\\" e 1\/2\\\".\",\"breadcrumb\":{\"@id\":\"https:\/\/airbrakehose.com\/pt-br\/produto\/carretel-de-mangueira-de-freio-a-ar-de-borracha-a-granel-sae-j1402-tipo-a-762-m-152-m-victory-technology\/#breadcrumb\"},\"inLanguage\":\"pt-BR\",\"potentialAction\":[{\"@type\":\"ReadAction\",\"target\":[\"https:\/\/airbrakehose.com\/pt-br\/produto\/carretel-de-mangueira-de-freio-a-ar-de-borracha-a-granel-sae-j1402-tipo-a-762-m-152-m-victory-technology\/\"]}]},{\"@type\":\"ImageObject\",\"inLanguage\":\"pt-BR\",\"@id\":\"https:\/\/airbrakehose.com\/pt-br\/produto\/carretel-de-mangueira-de-freio-a-ar-de-borracha-a-granel-sae-j1402-tipo-a-762-m-152-m-victory-technology\/#primaryimage\",\"url\":\"https:\/\/airbrakehose.com\/wp-content\/uploads\/2025\/12\/\u5fae\u4fe1\u56fe\u7247_20250620085525.jpg\",\"contentUrl\":\"https:\/\/airbrakehose.com\/wp-content\/uploads\/2025\/12\/\u5fae\u4fe1\u56fe\u7247_20250620085525.jpg\",\"width\":1226,\"height\":1196},{\"@type\":\"BreadcrumbList\",\"@id\":\"https:\/\/airbrakehose.com\/pt-br\/produto\/carretel-de-mangueira-de-freio-a-ar-de-borracha-a-granel-sae-j1402-tipo-a-762-m-152-m-victory-technology\/#breadcrumb\",\"itemListElement\":[{\"@type\":\"ListItem\",\"position\":1,\"name\":\"\u9996\u9875\",\"item\":\"https:\/\/airbrakehose.com\/pt-br\/lar\/\"},{\"@type\":\"ListItem\",\"position\":2,\"name\":\"comprar\",\"item\":\"https:\/\/airbrakehose.com\/pt-br\/comprar\/\"},{\"@type\":\"ListItem\",\"position\":3,\"name\":\"Carretel de mangueira de freio a ar de borracha a granel (SAE J1402 Tipo A) &#8211; 76,2 m \/ 15,2 m | Victory Technology\"}]},{\"@type\":\"WebSite\",\"@id\":\"https:\/\/airbrakehose.com\/pt-br\/#website\",\"url\":\"https:\/\/airbrakehose.com\/pt-br\/\",\"name\":\"Victory Technology\",\"description\":\"Industrial Hose &amp; Air Brake Solutions\",\"potentialAction\":[{\"@type\":\"SearchAction\",\"target\":{\"@type\":\"EntryPoint\",\"urlTemplate\":\"https:\/\/airbrakehose.com\/pt-br\/?s={search_term_string}\"},\"query-input\":{\"@type\":\"PropertyValueSpecification\",\"valueRequired\":true,\"valueName\":\"search_term_string\"}}],\"inLanguage\":\"pt-BR\"}]}<\/script>\n<!-- \/ Yoast SEO Premium plugin. -->","yoast_head_json":{"title":"Carret\u00e9is de mangueira de freio a ar de borracha a granel (SAE J1402) - 76,2 m (250 p\u00e9s) | Tecnologia da Vit\u00f3ria","description":"Compre bobinas de mangueira de freio a ar de borracha a granel (SAE J1402). Rolos de 250 p\u00e9s e 50 p\u00e9s de mangueira de ar aprovada pelo DOT para fabrica\u00e7\u00e3o personalizada. Tamanhos dispon\u00edveis: 3\/8\" e 1\/2\".","robots":{"index":"index","follow":"follow","max-snippet":"max-snippet:-1","max-image-preview":"max-image-preview:large","max-video-preview":"max-video-preview:-1"},"canonical":"https:\/\/airbrakehose.com\/pt-br\/produto\/carretel-de-mangueira-de-freio-a-ar-de-borracha-a-granel-sae-j1402-tipo-a-762-m-152-m-victory-technology\/","og_locale":"pt_BR","og_type":"article","og_title":"Carretel de mangueira de freio a ar de borracha a granel (SAE J1402 Tipo A) - 76,2 m \/ 15,2 m | Victory Technology","og_description":"Compre bobinas de mangueira de freio a ar de borracha a granel (SAE J1402). Rolos de 250 p\u00e9s e 50 p\u00e9s de mangueira de ar aprovada pelo DOT para fabrica\u00e7\u00e3o personalizada. Tamanhos dispon\u00edveis: 3\/8\" e 1\/2\".","og_url":"https:\/\/airbrakehose.com\/pt-br\/produto\/carretel-de-mangueira-de-freio-a-ar-de-borracha-a-granel-sae-j1402-tipo-a-762-m-152-m-victory-technology\/","og_site_name":"Victory Tech.","article_publisher":"https:\/\/www.facebook.com\/aokeautoparts","og_image":[{"width":1226,"height":1196,"url":"https:\/\/airbrakehose.com\/wp-content\/uploads\/2025\/12\/\u5fae\u4fe1\u56fe\u7247_20250620085525.jpg","type":"image\/jpeg"}],"twitter_card":"summary_large_image","twitter_misc":{"Est. tempo de leitura":"3 minutos"},"schema":{"@context":"https:\/\/schema.org","@graph":[{"@type":"WebPage","@id":"https:\/\/airbrakehose.com\/pt-br\/produto\/carretel-de-mangueira-de-freio-a-ar-de-borracha-a-granel-sae-j1402-tipo-a-762-m-152-m-victory-technology\/","url":"https:\/\/airbrakehose.com\/pt-br\/produto\/carretel-de-mangueira-de-freio-a-ar-de-borracha-a-granel-sae-j1402-tipo-a-762-m-152-m-victory-technology\/","name":"Carret\u00e9is de mangueira de freio a ar de borracha a granel (SAE J1402) - 76,2 m (250 p\u00e9s) | Tecnologia da Vit\u00f3ria","isPartOf":{"@id":"https:\/\/airbrakehose.com\/pt-br\/#website"},"primaryImageOfPage":{"@id":"https:\/\/airbrakehose.com\/pt-br\/produto\/carretel-de-mangueira-de-freio-a-ar-de-borracha-a-granel-sae-j1402-tipo-a-762-m-152-m-victory-technology\/#primaryimage"},"image":{"@id":"https:\/\/airbrakehose.com\/pt-br\/produto\/carretel-de-mangueira-de-freio-a-ar-de-borracha-a-granel-sae-j1402-tipo-a-762-m-152-m-victory-technology\/#primaryimage"},"thumbnailUrl":"https:\/\/airbrakehose.com\/wp-content\/uploads\/2025\/12\/\u5fae\u4fe1\u56fe\u7247_20250620085525.jpg","datePublished":"2025-12-25T06:53:46+00:00","description":"Compre bobinas de mangueira de freio a ar de borracha a granel (SAE J1402). Rolos de 250 p\u00e9s e 50 p\u00e9s de mangueira de ar aprovada pelo DOT para fabrica\u00e7\u00e3o personalizada. Tamanhos dispon\u00edveis: 3\/8\" e 1\/2\".","breadcrumb":{"@id":"https:\/\/airbrakehose.com\/pt-br\/produto\/carretel-de-mangueira-de-freio-a-ar-de-borracha-a-granel-sae-j1402-tipo-a-762-m-152-m-victory-technology\/#breadcrumb"},"inLanguage":"pt-BR","potentialAction":[{"@type":"ReadAction","target":["https:\/\/airbrakehose.com\/pt-br\/produto\/carretel-de-mangueira-de-freio-a-ar-de-borracha-a-granel-sae-j1402-tipo-a-762-m-152-m-victory-technology\/"]}]},{"@type":"ImageObject","inLanguage":"pt-BR","@id":"https:\/\/airbrakehose.com\/pt-br\/produto\/carretel-de-mangueira-de-freio-a-ar-de-borracha-a-granel-sae-j1402-tipo-a-762-m-152-m-victory-technology\/#primaryimage","url":"https:\/\/airbrakehose.com\/wp-content\/uploads\/2025\/12\/\u5fae\u4fe1\u56fe\u7247_20250620085525.jpg","contentUrl":"https:\/\/airbrakehose.com\/wp-content\/uploads\/2025\/12\/\u5fae\u4fe1\u56fe\u7247_20250620085525.jpg","width":1226,"height":1196},{"@type":"BreadcrumbList","@id":"https:\/\/airbrakehose.com\/pt-br\/produto\/carretel-de-mangueira-de-freio-a-ar-de-borracha-a-granel-sae-j1402-tipo-a-762-m-152-m-victory-technology\/#breadcrumb","itemListElement":[{"@type":"ListItem","position":1,"name":"\u9996\u9875","item":"https:\/\/airbrakehose.com\/pt-br\/lar\/"},{"@type":"ListItem","position":2,"name":"comprar","item":"https:\/\/airbrakehose.com\/pt-br\/comprar\/"},{"@type":"ListItem","position":3,"name":"Carretel de mangueira de freio a ar de borracha a granel (SAE J1402 Tipo A) &#8211; 76,2 m \/ 15,2 m | Victory Technology"}]},{"@type":"WebSite","@id":"https:\/\/airbrakehose.com\/pt-br\/#website","url":"https:\/\/airbrakehose.com\/pt-br\/","name":"Victory Technology","description":"Industrial Hose &amp; Air Brake Solutions","potentialAction":[{"@type":"SearchAction","target":{"@type":"EntryPoint","urlTemplate":"https:\/\/airbrakehose.com\/pt-br\/?s={search_term_string}"},"query-input":{"@type":"PropertyValueSpecification","valueRequired":true,"valueName":"search_term_string"}}],"inLanguage":"pt-BR"}]}},"_links":{"self":[{"href":"https:\/\/airbrakehose.com\/pt-br\/wp-json\/wp\/v2\/product\/4933","targetHints":{"allow":["GET"]}}],"collection":[{"href":"https:\/\/airbrakehose.com\/pt-br\/wp-json\/wp\/v2\/product"}],"about":[{"href":"https:\/\/airbrakehose.com\/pt-br\/wp-json\/wp\/v2\/types\/product"}],"wp:featuredmedia":[{"embeddable":true,"href":"https:\/\/airbrakehose.com\/pt-br\/wp-json\/wp\/v2\/media\/3872"}],"wp:attachment":[{"href":"https:\/\/airbrakehose.com\/pt-br\/wp-json\/wp\/v2\/media?parent=4933"}],"wp:term":[{"taxonomy":"product_brand","embeddable":true,"href":"https:\/\/airbrakehose.com\/pt-br\/wp-json\/wp\/v2\/product_brand?post=4933"},{"taxonomy":"product_cat","embeddable":true,"href":"https:\/\/airbrakehose.com\/pt-br\/wp-json\/wp\/v2\/product_cat?post=4933"},{"taxonomy":"product_tag","embeddable":true,"href":"https:\/\/airbrakehose.com\/pt-br\/wp-json\/wp\/v2\/product_tag?post=4933"}],"curies":[{"name":"wp","href":"https:\/\/api.w.org\/{rel}","templated":true}]}}