{"id":4841,"date":"2025-12-09T03:29:14","date_gmt":"2025-12-09T03:29:14","guid":{"rendered":"https:\/\/airbrakehose.com\/product\/conexoes-e-acessorios-solucoes-completas-em-conectores-para-sistemas-pneumaticos-de-freio-a-ar-e-industriais\/"},"modified":"2025-12-09T03:29:14","modified_gmt":"2025-12-09T03:29:14","slug":"conexoes-e-acessorios-solucoes-completas-em-conectores-para-sistemas-pneumaticos-de-freio-a-ar-e-industriais","status":"publish","type":"product","link":"https:\/\/airbrakehose.com\/pt-br\/produto\/conexoes-e-acessorios-solucoes-completas-em-conectores-para-sistemas-pneumaticos-de-freio-a-ar-e-industriais\/","title":{"rendered":"CONEX\u00d5ES E ACESS\u00d3RIOS \u2014 Solu\u00e7\u00f5es completas em conectores para sistemas pneum\u00e1ticos, de freio a ar e industriais."},"content":{"rendered":"<section class=\"fittings-master-category\">\n<p data-start=\"571\" data-end=\"791\">A Aoke Auto Parts oferece uma linha completa de conex\u00f5es e acess\u00f3rios pneum\u00e1ticos de engenharia de precis\u00e3o, projetados para sistemas de freio a ar, m\u00e1quinas de automa\u00e7\u00e3o, ferramentas pneum\u00e1ticas, compressores, caminh\u00f5es, reboques e equipamentos industriais.<\/p>\n<p data-start=\"793\" data-end=\"813\">Nossos acess\u00f3rios garantem:<\/p>\n<ul data-start=\"815\" data-end=\"1074\">\n<li data-start=\"815\" data-end=\"847\">\n<p data-start=\"817\" data-end=\"847\">\u2714 Conex\u00f5es de tubos sem vazamentos<\/p>\n<\/li>\n<li data-start=\"848\" data-end=\"879\">\n<p data-start=\"850\" data-end=\"879\">\u2714 Instala\u00e7\u00e3o r\u00e1pida por encaixe<\/p>\n<\/li>\n<li data-start=\"880\" data-end=\"911\">\n<p data-start=\"882\" data-end=\"911\">\u2714 Alta resist\u00eancia \u00e0 vibra\u00e7\u00e3o<\/p>\n<\/li>\n<li data-start=\"912\" data-end=\"962\">\n<p data-start=\"914\" data-end=\"962\">\u2714 Compat\u00edvel com tubos de PA, PU e PE<\/p>\n<\/li>\n<li data-start=\"963\" data-end=\"1028\">\n<p data-start=\"965\" data-end=\"1028\">\u2714 Suporte para padr\u00f5es de tubos m\u00e9tricos, BSP, NPT e em polegadas<\/p>\n<\/li>\n<li data-start=\"1029\" data-end=\"1074\">\n<p data-start=\"1031\" data-end=\"1074\">\u2714 Longa vida \u00fatil em ambientes severos<\/p>\n<\/li>\n<\/ul>\n<p data-start=\"1076\" data-end=\"1241\">Abaixo, voc\u00ea encontra a linha completa de acess\u00f3rios \u2014 organizada para facilitar a navega\u00e7\u00e3o e a compreens\u00e3o. Cada categoria inclui p\u00e1ginas detalhadas, especifica\u00e7\u00f5es e explica\u00e7\u00f5es t\u00e9cnicas. <\/p>\n<p data-start=\"1299\" data-end=\"1448\">\n<hr data-start=\"1450\" data-end=\"1453\">\n<h2 data-start=\"1455\" data-end=\"1485\"><strong data-start=\"1458\" data-end=\"1483\">1\ufe0f\u20e3 Conex\u00f5es retas<\/strong><\/h2>\n<p data-start=\"1486\" data-end=\"1558\"><strong data-start=\"1486\" data-end=\"1558\">Heterossexual masculino | Heterossexual feminino | Heterossexual com antepara | Heterossexual com uni\u00e3o<\/strong><\/p>\n<p data-start=\"1560\" data-end=\"1598\">\ud83d\udd17 Link: \/fittings\/straight-fittings<\/p>\n<p data-start=\"1600\" data-end=\"1791\">\u2714 Tipo de conex\u00e3o mais comum<br data-start=\"1633\" data-end=\"1636\">\u2714 Conex\u00f5es tubo-rosca ou tubo-tubo<br data-start=\"1680\" data-end=\"1683\">\u2714 Ampla gama de roscas: M\u00e9trica \/ BSP \/ NPT \/ Polegada<br data-start=\"1729\" data-end=\"1732\">\u2714 Ideal para linhas de freio, coletores, cilindros e v\u00e1lvulas<\/p>\n<hr data-start=\"1793\" data-end=\"1796\">\n<h2 data-start=\"1798\" data-end=\"1825\"><strong data-start=\"1801\" data-end=\"1823\">2\ufe0f\u20e3 Conex\u00f5es de cotovelo<\/strong><\/h2>\n<p data-start=\"1826\" data-end=\"1895\"><strong data-start=\"1826\" data-end=\"1895\">Cotovelo masculino | Cotovelo feminino | Cotovelo longo | Cotovelo universal\/girat\u00f3rio<\/strong><\/p>\n<p data-start=\"1897\" data-end=\"1932\">\ud83d\udd17 Link: \/fittings\/elbow-fittings<\/p>\n<p data-start=\"1934\" data-end=\"2114\">\u2714 Roteamento de 90\u00b0 para espa\u00e7os apertados<br data-start=\"1964\" data-end=\"1967\">\u2714 Impede a flex\u00e3o e o dobramento do tubo<br data-start=\"2002\" data-end=\"2005\">\u2714 Dispon\u00edvel em modelos longos e girat\u00f3rios<br data-start=\"2048\" data-end=\"2051\">\u2714 Ideal para chassis de caminh\u00f5es, linhas de automa\u00e7\u00e3o e estruturas de m\u00e1quinas<\/p>\n<hr data-start=\"2116\" data-end=\"2119\">\n<h2 data-start=\"2121\" data-end=\"2146\"><strong data-start=\"2124\" data-end=\"2144\">3\ufe0f\u20e3 Conex\u00f5es em T<\/strong><\/h2>\n<p data-start=\"2147\" data-end=\"2198\"><strong data-start=\"2147\" data-end=\"2198\">Tee Masculino | Tee Ramal | Tee Uni\u00e3o | Tee Redutor<\/strong><\/p>\n<p data-start=\"2200\" data-end=\"2233\">\ud83d\udd17 Link: \/fittings\/tee-fittings<\/p>\n<p data-start=\"2235\" data-end=\"2393\">\u2714 Distribui\u00e7\u00e3o de ar em 3 vias<br data-start=\"2259\" data-end=\"2262\">\u2714 Conex\u00e3o tubo-rosca ou tubo-tubo<br data-start=\"2294\" data-end=\"2297\">\u2714 Veda\u00e7\u00e3o robusta contra vibra\u00e7\u00f5es<br data-start=\"2331\" data-end=\"2334\">\u2714 Para manifolds industriais, reboques e circuitos de automa\u00e7\u00e3o<\/p>\n<hr data-start=\"2395\" data-end=\"2398\">\n<h2 data-start=\"2400\" data-end=\"2423\"><strong data-start=\"2403\" data-end=\"2421\">4\ufe0f\u20e3 Conex\u00f5es em Y<\/strong><\/h2>\n<p data-start=\"2424\" data-end=\"2458\"><strong data-start=\"2424\" data-end=\"2458\">Uni\u00e3o Y | Filial Y | Redutor Y<\/strong><\/p>\n<p data-start=\"2460\" data-end=\"2491\">\ud83d\udd17 Link: \/fittings\/y-fittings<\/p>\n<p data-start=\"2493\" data-end=\"2662\">\u2714 Menor resist\u00eancia ao fluxo de ar do que conex\u00f5es em T<br data-start=\"2537\" data-end=\"2540\">\u2714 Divis\u00e3o direcional suave<br data-start=\"2570\" data-end=\"2573\">\u2714 Ideal para sistemas pneum\u00e1ticos de resposta r\u00e1pida<br data-start=\"2613\" data-end=\"2616\">\u2714 Perfeito para rob\u00f3tica e automa\u00e7\u00e3o de alta velocidade<\/p>\n<hr data-start=\"2664\" data-end=\"2667\">\n<h2 data-start=\"2669\" data-end=\"2699\"><strong data-start=\"2672\" data-end=\"2697\">5\ufe0f\u20e3 Acess\u00f3rios de antepara<\/strong><\/h2>\n<p data-start=\"2700\" data-end=\"2755\"><strong data-start=\"2700\" data-end=\"2755\">Antepara reta | Antepara em cotovelo | Uni\u00e3o da antepara<\/strong><\/p>\n<p data-start=\"2757\" data-end=\"2795\">\ud83d\udd17 Link: \/fittings\/bulkhead-fittings<\/p>\n<p data-start=\"2797\" data-end=\"2958\">\u2714 Design para montagem em painel<br data-start=\"2817\" data-end=\"2820\">\u2714 Passagem segura por paredes, arm\u00e1rios e estruturas<br data-start=\"2866\" data-end=\"2869\">\u2714 Design antivibra\u00e7\u00e3o com porca de travamento<br data-start=\"2906\" data-end=\"2909\">\u2714 Ideal para caminh\u00f5es, compressores e pain\u00e9is de controle<\/p>\n<hr data-start=\"2960\" data-end=\"2963\">\n<h2 data-start=\"2965\" data-end=\"2999\"><strong data-start=\"2968\" data-end=\"2997\">6\ufe0f\u20e3 V\u00e1lvulas e Controle de Fluxo<\/strong><\/h2>\n<p data-start=\"3000\" data-end=\"3063\"><strong data-start=\"3000\" data-end=\"3063\">V\u00e1lvulas Manuais | V\u00e1lvulas de Reten\u00e7\u00e3o | Controle de Fluxo (V\u00e1lvulas de Acelera\u00e7\u00e3o)<\/strong><\/p>\n<p data-start=\"3065\" data-end=\"3105\">\ud83d\udd17 Link: \/fittings\/valves-flow-control<\/p>\n<p data-start=\"3107\" data-end=\"3281\">\u2714 Regula a dire\u00e7\u00e3o, a press\u00e3o e a velocidade do ar<br data-start=\"3153\" data-end=\"3156\">\u2714 Impede o refluxo em circuitos de freio a ar<br data-start=\"3197\" data-end=\"3200\">\u2714 Controla o movimento do cilindro em sistemas automatizados<br data-start=\"3240\" data-end=\"3243\">\u2714 Essencial para seguran\u00e7a e precis\u00e3o<\/p>\n<hr data-start=\"3283\" data-end=\"3286\">\n<h2 data-start=\"3288\" data-end=\"3329\"><strong data-start=\"3291\" data-end=\"3327\">7\ufe0f\u20e3 Redutores e conex\u00f5es especiais<\/strong><\/h2>\n<p data-start=\"3330\" data-end=\"3390\"><strong data-start=\"3330\" data-end=\"3390\">Redutor reto | Redutor em T\/Y | Conectores multiportas<\/strong><\/p>\n<p data-start=\"3392\" data-end=\"3430\">\ud83d\udd17 Link: \/fittings\/reducer-specialty<\/p>\n<p data-start=\"3432\" data-end=\"3576\">\u2714 Transi\u00e7\u00f5es de tubos de tamanhos mistos<br data-start=\"3463\" data-end=\"3466\">\u2714 Adaptadores multiportas OEM<br data-start=\"3491\" data-end=\"3494\">\u2714 Roteamento de fluxo de ar compacto<br data-start=\"3519\" data-end=\"3522\">\u2714 Amplamente utilizado em instala\u00e7\u00f5es industriais e personalizadas<\/p>\n<hr data-start=\"3578\" data-end=\"3581\">\n<h2 data-start=\"3583\" data-end=\"3617\"><strong data-start=\"3586\" data-end=\"3615\">Conex\u00f5es de encaixe de 8\ufe0f\u20e3 polegadas<\/strong><\/h2>\n<p data-start=\"3618\" data-end=\"3674\"><strong data-start=\"3618\" data-end=\"3674\">Tubos de 1\/4&#8243;, 5\/16&#8243;, 3\/8&#8243;, 1\/2&#8243; | Roscas NPT\/BSP\/UNF<\/strong><\/p>\n<p data-start=\"3676\" data-end=\"3710\">\ud83d\udd17 Link: \/fittings\/inch-fittings<\/p>\n<p data-start=\"3712\" data-end=\"3888\">\u2714 Projetado para os mercados dos EUA e Canad\u00e1<br data-start=\"3750\" data-end=\"3753\">\u2714 Perfeito para circuitos de ar auxiliares DOT<br data-start=\"3793\" data-end=\"3796\">\u2714 Compat\u00edvel com m\u00e1quinas pneum\u00e1ticas americanas<br data-start=\"3842\" data-end=\"3845\">\u2714 Combina\u00e7\u00f5es de tubo imperial + rosca NPT<\/p>\n<hr data-start=\"3890\" data-end=\"3893\">\n<h1 data-start=\"3895\" data-end=\"3928\">\u2b50 Por que escolher as instala\u00e7\u00f5es Aoke?<\/h1>\n<ul data-start=\"3930\" data-end=\"4262\">\n<li data-start=\"3930\" data-end=\"3976\">\n<p data-start=\"3932\" data-end=\"3976\">\u2714 Gama completa de tamanhos: 4\u201316 mm e 1\/4&#8243;\u20131\/2&#8243;<\/p>\n<\/li>\n<li data-start=\"3977\" data-end=\"4023\">\n<p data-start=\"3979\" data-end=\"4023\">\u2714 Veda\u00e7\u00e3o avan\u00e7ada: an\u00e9is de veda\u00e7\u00e3o em NBR ou FKM<\/p>\n<\/li>\n<li data-start=\"4024\" data-end=\"4102\">\n<p data-start=\"4026\" data-end=\"4102\">\u2714 Materiais resistentes: op\u00e7\u00f5es em lat\u00e3o niquelado \/ PBT \/ PA \/ a\u00e7o inoxid\u00e1vel<\/p>\n<\/li>\n<li data-start=\"4103\" data-end=\"4161\">\n<p data-start=\"4105\" data-end=\"4161\">\u2714 Desempenho sem vazamentos sob vibra\u00e7\u00e3o e press\u00e3o<\/p>\n<\/li>\n<li data-start=\"4162\" data-end=\"4218\">\n<p data-start=\"4164\" data-end=\"4218\">\u2714 Ampla compatibilidade com os principais padr\u00f5es globais<\/p>\n<\/li>\n<li data-start=\"4219\" data-end=\"4262\">\n<p data-start=\"4221\" data-end=\"4262\">\u2714 Produ\u00e7\u00e3o OEM e personalizada dispon\u00edvel<\/p>\n<\/li>\n<\/ul>\n<\/section>\n","protected":false},"excerpt":{"rendered":"<p>A Aoke Auto Parts oferece uma linha completa de conex\u00f5es pneum\u00e1ticas e de freio a ar projetadas para caminh\u00f5es, reboques, m\u00e1quinas industriais, sistemas de automa\u00e7\u00e3o e linhas de compressores de ar. Nossa fam\u00edlia de conex\u00f5es inclui conex\u00f5es retas, de cotovelo, em T, em Y, de anteparo, v\u00e1lvulas e controle de fluxo, redutores\/especiais e conex\u00f5es de encaixe r\u00e1pido em polegadas \u2014 projetadas para veda\u00e7\u00e3o sem vazamentos, instala\u00e7\u00e3o r\u00e1pida e alta resist\u00eancia \u00e0 vibra\u00e7\u00e3o com tubos de PA, PU e PE. <\/p>\n","protected":false},"featured_media":3376,"template":"","meta":{"_monsterinsights_skip_tracking":false,"_monsterinsights_sitenote_active":false,"_monsterinsights_sitenote_note":"","_monsterinsights_sitenote_category":0,"site-sidebar-layout":"default","site-content-layout":"","ast-site-content-layout":"default","site-content-style":"default","site-sidebar-style":"default","ast-global-header-display":"","ast-banner-title-visibility":"","ast-main-header-display":"","ast-hfb-above-header-display":"","ast-hfb-below-header-display":"","ast-hfb-mobile-header-display":"","site-post-title":"","ast-breadcrumbs-content":"","ast-featured-img":"","footer-sml-layout":"","ast-disable-related-posts":"","theme-transparent-header-meta":"default","adv-header-id-meta":"","stick-header-meta":"","header-above-stick-meta":"","header-main-stick-meta":"","header-below-stick-meta":"","astra-migrate-meta-layouts":"default","ast-page-background-enabled":"default","ast-page-background-meta":{"desktop":{"background-color":"","background-image":"","background-repeat":"repeat","background-position":"center center","background-size":"auto","background-attachment":"scroll","background-type":"","background-media":"","overlay-type":"","overlay-color":"","overlay-opacity":"","overlay-gradient":""},"tablet":{"background-color":"","background-image":"","background-repeat":"repeat","background-position":"center center","background-size":"auto","background-attachment":"scroll","background-type":"","background-media":"","overlay-type":"","overlay-color":"","overlay-opacity":"","overlay-gradient":""},"mobile":{"background-color":"","background-image":"","background-repeat":"repeat","background-position":"center center","background-size":"auto","background-attachment":"scroll","background-type":"","background-media":"","overlay-type":"","overlay-color":"","overlay-opacity":"","overlay-gradient":""}},"ast-content-background-meta":{"desktop":{"background-color":"var(--ast-global-color-5)","background-image":"","background-repeat":"repeat","background-position":"center center","background-size":"auto","background-attachment":"scroll","background-type":"","background-media":"","overlay-type":"","overlay-color":"","overlay-opacity":"","overlay-gradient":""},"tablet":{"background-color":"var(--ast-global-color-5)","background-image":"","background-repeat":"repeat","background-position":"center center","background-size":"auto","background-attachment":"scroll","background-type":"","background-media":"","overlay-type":"","overlay-color":"","overlay-opacity":"","overlay-gradient":""},"mobile":{"background-color":"var(--ast-global-color-5)","background-image":"","background-repeat":"repeat","background-position":"center center","background-size":"auto","background-attachment":"scroll","background-type":"","background-media":"","overlay-type":"","overlay-color":"","overlay-opacity":"","overlay-gradient":""}},"_joinchat":[]},"product_brand":[],"product_cat":[4607,3916],"product_tag":[4681,4677,4680,4676,4682,4683,4679,4678,4675],"class_list":{"0":"post-4841","1":"product","2":"type-product","3":"status-publish","4":"has-post-thumbnail","6":"product_cat-conexoes-pneumaticas-de-encaixe-rapido-industriais","7":"product_cat-ferramentas-e-acessorios-pneumaticos","8":"product_tag-acessorios-pneumaticos-industriais","9":"product_tag-conectores-de-freio-a-ar","10":"product_tag-conectores-pneumaticos-de-latao","11":"product_tag-conexoes-de-ar-de-encaixe-rapido","12":"product_tag-conexoes-de-ar-imperiais-e-metricas","13":"product_tag-conexoes-de-ar-para-caminhoes-e-reboques","14":"product_tag-conexoes-npt-de-encaixe-rapido","15":"product_tag-conexoes-para-tubos-de-pa-pu","16":"product_tag-conexoes-pneumaticas","17":"desktop-align-left","18":"tablet-align-left","19":"mobile-align-left","21":"first","22":"instock","23":"featured","24":"shipping-taxable","25":"product-type-simple"},"yoast_head":"<!-- This site is optimized with the Yoast SEO Premium plugin v26.4 (Yoast SEO v27.0) - https:\/\/yoast.com\/product\/yoast-seo-premium-wordpress\/ -->\n<title>Acess\u00f3rios e conex\u00f5es | Conectores de encaixe r\u00e1pido para freios pneum\u00e1ticos e a ar<\/title>\n<meta name=\"description\" content=\"Explore nossa linha completa de conex\u00f5es e acess\u00f3rios pneum\u00e1ticos para caminh\u00f5es, reboques, automa\u00e7\u00e3o e sistemas industriais. Conex\u00f5es retas, de cotovelo, em T, em Y, de anteparo, v\u00e1lvulas, redutores e conex\u00f5es em polegadas.\" \/>\n<meta name=\"robots\" content=\"index, follow, max-snippet:-1, max-image-preview:large, max-video-preview:-1\" \/>\n<link rel=\"canonical\" href=\"https:\/\/airbrakehose.com\/pt-br\/produto\/conexoes-e-acessorios-solucoes-completas-em-conectores-para-sistemas-pneumaticos-de-freio-a-ar-e-industriais\/\" \/>\n<meta property=\"og:locale\" content=\"pt_BR\" \/>\n<meta property=\"og:type\" content=\"article\" \/>\n<meta property=\"og:title\" content=\"CONEX\u00d5ES E ACESS\u00d3RIOS \u2014 Solu\u00e7\u00f5es completas em conectores para sistemas pneum\u00e1ticos, de freio a ar e industriais.\" \/>\n<meta property=\"og:description\" content=\"Explore nossa linha completa de conex\u00f5es e acess\u00f3rios pneum\u00e1ticos para caminh\u00f5es, reboques, automa\u00e7\u00e3o e sistemas industriais. Conex\u00f5es retas, de cotovelo, em T, em Y, de anteparo, v\u00e1lvulas, redutores e conex\u00f5es em polegadas.\" \/>\n<meta property=\"og:url\" content=\"https:\/\/airbrakehose.com\/pt-br\/produto\/conexoes-e-acessorios-solucoes-completas-em-conectores-para-sistemas-pneumaticos-de-freio-a-ar-e-industriais\/\" \/>\n<meta property=\"og:site_name\" content=\"Victory Tech.\" \/>\n<meta property=\"article:publisher\" content=\"https:\/\/www.facebook.com\/aokeautoparts\" \/>\n<meta property=\"og:image\" content=\"https:\/\/airbrakehose.com\/wp-content\/uploads\/2025\/12\/Accessary-scaled.jpg\" \/>\n\t<meta property=\"og:image:width\" content=\"2560\" \/>\n\t<meta property=\"og:image:height\" content=\"1920\" \/>\n\t<meta property=\"og:image:type\" content=\"image\/jpeg\" \/>\n<meta name=\"twitter:card\" content=\"summary_large_image\" \/>\n<meta name=\"twitter:label1\" content=\"Est. tempo de leitura\" \/>\n\t<meta name=\"twitter:data1\" content=\"3 minutos\" \/>\n<script type=\"application\/ld+json\" class=\"yoast-schema-graph\">{\"@context\":\"https:\/\/schema.org\",\"@graph\":[{\"@type\":\"WebPage\",\"@id\":\"https:\/\/airbrakehose.com\/pt-br\/produto\/conexoes-e-acessorios-solucoes-completas-em-conectores-para-sistemas-pneumaticos-de-freio-a-ar-e-industriais\/\",\"url\":\"https:\/\/airbrakehose.com\/pt-br\/produto\/conexoes-e-acessorios-solucoes-completas-em-conectores-para-sistemas-pneumaticos-de-freio-a-ar-e-industriais\/\",\"name\":\"Acess\u00f3rios e conex\u00f5es | Conectores de encaixe r\u00e1pido para freios pneum\u00e1ticos e a ar\",\"isPartOf\":{\"@id\":\"https:\/\/airbrakehose.com\/pt-br\/#website\"},\"primaryImageOfPage\":{\"@id\":\"https:\/\/airbrakehose.com\/pt-br\/produto\/conexoes-e-acessorios-solucoes-completas-em-conectores-para-sistemas-pneumaticos-de-freio-a-ar-e-industriais\/#primaryimage\"},\"image\":{\"@id\":\"https:\/\/airbrakehose.com\/pt-br\/produto\/conexoes-e-acessorios-solucoes-completas-em-conectores-para-sistemas-pneumaticos-de-freio-a-ar-e-industriais\/#primaryimage\"},\"thumbnailUrl\":\"https:\/\/airbrakehose.com\/wp-content\/uploads\/2025\/12\/Accessary-scaled.jpg\",\"datePublished\":\"2025-12-09T03:29:14+00:00\",\"description\":\"Explore nossa linha completa de conex\u00f5es e acess\u00f3rios pneum\u00e1ticos para caminh\u00f5es, reboques, automa\u00e7\u00e3o e sistemas industriais. Conex\u00f5es retas, de cotovelo, em T, em Y, de anteparo, v\u00e1lvulas, redutores e conex\u00f5es em polegadas.\",\"breadcrumb\":{\"@id\":\"https:\/\/airbrakehose.com\/pt-br\/produto\/conexoes-e-acessorios-solucoes-completas-em-conectores-para-sistemas-pneumaticos-de-freio-a-ar-e-industriais\/#breadcrumb\"},\"inLanguage\":\"pt-BR\",\"potentialAction\":[{\"@type\":\"ReadAction\",\"target\":[\"https:\/\/airbrakehose.com\/pt-br\/produto\/conexoes-e-acessorios-solucoes-completas-em-conectores-para-sistemas-pneumaticos-de-freio-a-ar-e-industriais\/\"]}]},{\"@type\":\"ImageObject\",\"inLanguage\":\"pt-BR\",\"@id\":\"https:\/\/airbrakehose.com\/pt-br\/produto\/conexoes-e-acessorios-solucoes-completas-em-conectores-para-sistemas-pneumaticos-de-freio-a-ar-e-industriais\/#primaryimage\",\"url\":\"https:\/\/airbrakehose.com\/wp-content\/uploads\/2025\/12\/Accessary-scaled.jpg\",\"contentUrl\":\"https:\/\/airbrakehose.com\/wp-content\/uploads\/2025\/12\/Accessary-scaled.jpg\",\"width\":2560,\"height\":1920,\"caption\":\"_cuva\"},{\"@type\":\"BreadcrumbList\",\"@id\":\"https:\/\/airbrakehose.com\/pt-br\/produto\/conexoes-e-acessorios-solucoes-completas-em-conectores-para-sistemas-pneumaticos-de-freio-a-ar-e-industriais\/#breadcrumb\",\"itemListElement\":[{\"@type\":\"ListItem\",\"position\":1,\"name\":\"\u9996\u9875\",\"item\":\"https:\/\/airbrakehose.com\/pt-br\/lar\/\"},{\"@type\":\"ListItem\",\"position\":2,\"name\":\"comprar\",\"item\":\"https:\/\/airbrakehose.com\/pt-br\/comprar\/\"},{\"@type\":\"ListItem\",\"position\":3,\"name\":\"CONEX\u00d5ES E ACESS\u00d3RIOS \u2014 Solu\u00e7\u00f5es completas em conectores para sistemas pneum\u00e1ticos, de freio a ar e industriais.\"}]},{\"@type\":\"WebSite\",\"@id\":\"https:\/\/airbrakehose.com\/pt-br\/#website\",\"url\":\"https:\/\/airbrakehose.com\/pt-br\/\",\"name\":\"Victory Technology\",\"description\":\"Industrial Hose &amp; Air Brake Solutions\",\"potentialAction\":[{\"@type\":\"SearchAction\",\"target\":{\"@type\":\"EntryPoint\",\"urlTemplate\":\"https:\/\/airbrakehose.com\/pt-br\/?s={search_term_string}\"},\"query-input\":{\"@type\":\"PropertyValueSpecification\",\"valueRequired\":true,\"valueName\":\"search_term_string\"}}],\"inLanguage\":\"pt-BR\"}]}<\/script>\n<!-- \/ Yoast SEO Premium plugin. -->","yoast_head_json":{"title":"Acess\u00f3rios e conex\u00f5es | Conectores de encaixe r\u00e1pido para freios pneum\u00e1ticos e a ar","description":"Explore nossa linha completa de conex\u00f5es e acess\u00f3rios pneum\u00e1ticos para caminh\u00f5es, reboques, automa\u00e7\u00e3o e sistemas industriais. Conex\u00f5es retas, de cotovelo, em T, em Y, de anteparo, v\u00e1lvulas, redutores e conex\u00f5es em polegadas.","robots":{"index":"index","follow":"follow","max-snippet":"max-snippet:-1","max-image-preview":"max-image-preview:large","max-video-preview":"max-video-preview:-1"},"canonical":"https:\/\/airbrakehose.com\/pt-br\/produto\/conexoes-e-acessorios-solucoes-completas-em-conectores-para-sistemas-pneumaticos-de-freio-a-ar-e-industriais\/","og_locale":"pt_BR","og_type":"article","og_title":"CONEX\u00d5ES E ACESS\u00d3RIOS \u2014 Solu\u00e7\u00f5es completas em conectores para sistemas pneum\u00e1ticos, de freio a ar e industriais.","og_description":"Explore nossa linha completa de conex\u00f5es e acess\u00f3rios pneum\u00e1ticos para caminh\u00f5es, reboques, automa\u00e7\u00e3o e sistemas industriais. Conex\u00f5es retas, de cotovelo, em T, em Y, de anteparo, v\u00e1lvulas, redutores e conex\u00f5es em polegadas.","og_url":"https:\/\/airbrakehose.com\/pt-br\/produto\/conexoes-e-acessorios-solucoes-completas-em-conectores-para-sistemas-pneumaticos-de-freio-a-ar-e-industriais\/","og_site_name":"Victory Tech.","article_publisher":"https:\/\/www.facebook.com\/aokeautoparts","og_image":[{"width":2560,"height":1920,"url":"https:\/\/airbrakehose.com\/wp-content\/uploads\/2025\/12\/Accessary-scaled.jpg","type":"image\/jpeg"}],"twitter_card":"summary_large_image","twitter_misc":{"Est. tempo de leitura":"3 minutos"},"schema":{"@context":"https:\/\/schema.org","@graph":[{"@type":"WebPage","@id":"https:\/\/airbrakehose.com\/pt-br\/produto\/conexoes-e-acessorios-solucoes-completas-em-conectores-para-sistemas-pneumaticos-de-freio-a-ar-e-industriais\/","url":"https:\/\/airbrakehose.com\/pt-br\/produto\/conexoes-e-acessorios-solucoes-completas-em-conectores-para-sistemas-pneumaticos-de-freio-a-ar-e-industriais\/","name":"Acess\u00f3rios e conex\u00f5es | Conectores de encaixe r\u00e1pido para freios pneum\u00e1ticos e a ar","isPartOf":{"@id":"https:\/\/airbrakehose.com\/pt-br\/#website"},"primaryImageOfPage":{"@id":"https:\/\/airbrakehose.com\/pt-br\/produto\/conexoes-e-acessorios-solucoes-completas-em-conectores-para-sistemas-pneumaticos-de-freio-a-ar-e-industriais\/#primaryimage"},"image":{"@id":"https:\/\/airbrakehose.com\/pt-br\/produto\/conexoes-e-acessorios-solucoes-completas-em-conectores-para-sistemas-pneumaticos-de-freio-a-ar-e-industriais\/#primaryimage"},"thumbnailUrl":"https:\/\/airbrakehose.com\/wp-content\/uploads\/2025\/12\/Accessary-scaled.jpg","datePublished":"2025-12-09T03:29:14+00:00","description":"Explore nossa linha completa de conex\u00f5es e acess\u00f3rios pneum\u00e1ticos para caminh\u00f5es, reboques, automa\u00e7\u00e3o e sistemas industriais. Conex\u00f5es retas, de cotovelo, em T, em Y, de anteparo, v\u00e1lvulas, redutores e conex\u00f5es em polegadas.","breadcrumb":{"@id":"https:\/\/airbrakehose.com\/pt-br\/produto\/conexoes-e-acessorios-solucoes-completas-em-conectores-para-sistemas-pneumaticos-de-freio-a-ar-e-industriais\/#breadcrumb"},"inLanguage":"pt-BR","potentialAction":[{"@type":"ReadAction","target":["https:\/\/airbrakehose.com\/pt-br\/produto\/conexoes-e-acessorios-solucoes-completas-em-conectores-para-sistemas-pneumaticos-de-freio-a-ar-e-industriais\/"]}]},{"@type":"ImageObject","inLanguage":"pt-BR","@id":"https:\/\/airbrakehose.com\/pt-br\/produto\/conexoes-e-acessorios-solucoes-completas-em-conectores-para-sistemas-pneumaticos-de-freio-a-ar-e-industriais\/#primaryimage","url":"https:\/\/airbrakehose.com\/wp-content\/uploads\/2025\/12\/Accessary-scaled.jpg","contentUrl":"https:\/\/airbrakehose.com\/wp-content\/uploads\/2025\/12\/Accessary-scaled.jpg","width":2560,"height":1920,"caption":"_cuva"},{"@type":"BreadcrumbList","@id":"https:\/\/airbrakehose.com\/pt-br\/produto\/conexoes-e-acessorios-solucoes-completas-em-conectores-para-sistemas-pneumaticos-de-freio-a-ar-e-industriais\/#breadcrumb","itemListElement":[{"@type":"ListItem","position":1,"name":"\u9996\u9875","item":"https:\/\/airbrakehose.com\/pt-br\/lar\/"},{"@type":"ListItem","position":2,"name":"comprar","item":"https:\/\/airbrakehose.com\/pt-br\/comprar\/"},{"@type":"ListItem","position":3,"name":"CONEX\u00d5ES E ACESS\u00d3RIOS \u2014 Solu\u00e7\u00f5es completas em conectores para sistemas pneum\u00e1ticos, de freio a ar e industriais."}]},{"@type":"WebSite","@id":"https:\/\/airbrakehose.com\/pt-br\/#website","url":"https:\/\/airbrakehose.com\/pt-br\/","name":"Victory Technology","description":"Industrial Hose &amp; Air Brake Solutions","potentialAction":[{"@type":"SearchAction","target":{"@type":"EntryPoint","urlTemplate":"https:\/\/airbrakehose.com\/pt-br\/?s={search_term_string}"},"query-input":{"@type":"PropertyValueSpecification","valueRequired":true,"valueName":"search_term_string"}}],"inLanguage":"pt-BR"}]}},"_links":{"self":[{"href":"https:\/\/airbrakehose.com\/pt-br\/wp-json\/wp\/v2\/product\/4841","targetHints":{"allow":["GET"]}}],"collection":[{"href":"https:\/\/airbrakehose.com\/pt-br\/wp-json\/wp\/v2\/product"}],"about":[{"href":"https:\/\/airbrakehose.com\/pt-br\/wp-json\/wp\/v2\/types\/product"}],"wp:featuredmedia":[{"embeddable":true,"href":"https:\/\/airbrakehose.com\/pt-br\/wp-json\/wp\/v2\/media\/3376"}],"wp:attachment":[{"href":"https:\/\/airbrakehose.com\/pt-br\/wp-json\/wp\/v2\/media?parent=4841"}],"wp:term":[{"taxonomy":"product_brand","embeddable":true,"href":"https:\/\/airbrakehose.com\/pt-br\/wp-json\/wp\/v2\/product_brand?post=4841"},{"taxonomy":"product_cat","embeddable":true,"href":"https:\/\/airbrakehose.com\/pt-br\/wp-json\/wp\/v2\/product_cat?post=4841"},{"taxonomy":"product_tag","embeddable":true,"href":"https:\/\/airbrakehose.com\/pt-br\/wp-json\/wp\/v2\/product_tag?post=4841"}],"curies":[{"name":"wp","href":"https:\/\/api.w.org\/{rel}","templated":true}]}}