{"id":5061,"date":"2025-12-06T15:03:57","date_gmt":"2025-12-06T15:03:57","guid":{"rendered":"https:\/\/airbrakehose.com\/politica-de-envio\/"},"modified":"2026-01-27T06:39:51","modified_gmt":"2026-01-27T06:39:51","slug":"politica-de-envio","status":"publish","type":"page","link":"https:\/\/airbrakehose.com\/pt-br\/politica-de-envio\/","title":{"rendered":"Pol\u00edtica de Envio"},"content":{"rendered":"\t\t<div data-elementor-type=\"wp-page\" data-elementor-id=\"5061\" class=\"elementor elementor-5061 elementor-3306\" data-elementor-post-type=\"page\">\n\t\t\t\t<div class=\"elementor-element elementor-element-2df8dea e-flex e-con-boxed e-con e-parent\" data-id=\"2df8dea\" data-element_type=\"container\" data-e-type=\"container\">\n\t\t\t\t\t<div class=\"e-con-inner\">\n\t\t\t\t<div class=\"elementor-element elementor-element-93d36da elementor-widget elementor-widget-text-editor\" data-id=\"93d36da\" data-element_type=\"widget\" data-e-type=\"widget\" data-widget_type=\"text-editor.default\">\n\t\t\t\t<div class=\"elementor-widget-container\">\n\t\t\t\t\t\t\t\t\t<p data-path-to-node=\"7\">Introdu\u00e7\u00e3o: Na Aoke Auto Parts, temos o compromisso de entregar componentes pneum\u00e1ticos de alta qualidade, diretamente de nossa f\u00e1brica na China para o seu armaz\u00e9m, em qualquer lugar do mundo. Aproveitando nosso centro de exporta\u00e7\u00e3o estrat\u00e9gico em Tianjin (uma importante cidade portu\u00e1ria internacional), garantimos manuseio, desembara\u00e7o aduaneiro e log\u00edstica eficientes para todos os pedidos globais. <\/p><hr data-path-to-node=\"8\"><h3 data-path-to-node=\"9\">1. Capacidade de envio internacional<\/h3><p data-path-to-node=\"10\">Temos orgulho de enviar para mais de 50 pa\u00edses, incluindo Am\u00e9rica do Norte, Europa, Sudeste Asi\u00e1tico e Oriente M\u00e9dio. Seja uma \u00fanica caixa de amostras enviada por via a\u00e9rea expressa ou um cont\u00eainer de 40 p\u00e9s por frete mar\u00edtimo, temos a rede log\u00edstica para atender \u00e0s suas necessidades. <\/p><ul data-path-to-node=\"11\"><li><p data-path-to-node=\"11,0,0\">Parceiros Expressos: DHL, FedEx, UPS, TNT (Para amostras e encomendas urgentes de pequeno porte).<\/p><\/li><li><p data-path-to-node=\"11,1,0\">Agentes de Carga: Trabalhamos com agentes de carga de primeira linha para remessas mar\u00edtimas LCL (carga consolidada) e FCL (carga completa).<\/p><\/li><\/ul><h3 data-path-to-node=\"12\">2. Custos e or\u00e7amentos de envio<\/h3><p data-path-to-node=\"13\">Para garantir que voc\u00ea obtenha a tarifa mais competitiva, os custos de envio s\u00e3o calculados separadamente com base em cota\u00e7\u00f5es em tempo real. N\u00e3o utilizamos uma taxa fixa, pois o volume de pedidos varia significativamente no com\u00e9rcio B2B. <\/p><ul data-path-to-node=\"14\"><li><p data-path-to-node=\"14,0,0\">Como funciona: Depois de voc\u00ea enviar um pedido ou solicita\u00e7\u00e3o de or\u00e7amento, nossa equipe compara as tarifas de v\u00e1rias transportadoras para encontrar o melhor pre\u00e7o para o peso e volume espec\u00edficos da sua solicita\u00e7\u00e3o.<\/p><\/li><li><p data-path-to-node=\"14,1,0\">Incoterms aceitos: Aceitamos termos de com\u00e9rcio internacional padr\u00e3o, incluindo EXW, FOB, CFR, CIF e DDP (para regi\u00f5es selecionadas).<\/p><\/li><li><p data-path-to-node=\"14,2,0\">Sua pr\u00f3pria conta: Se preferir usar sua pr\u00f3pria conta FedEx\/DHL ou um agente de carga indicado, basta nos informar.<\/p><\/li><\/ul><h3 data-path-to-node=\"15\">3. Processamento e prazo de entrega<\/h3><p data-path-to-node=\"16\">Distinguimos entre itens em estoque e pedidos de produ\u00e7\u00e3o:<\/p><ul data-path-to-node=\"17\"><li><p data-path-to-node=\"17,0,0\"><b>Pedidos de amostras e de produtos em estoque:<\/b><\/p><ul data-path-to-node=\"17,0,1\"><li><p data-path-to-node=\"17,0,1,0,0\">Processamento: 1 a 3 dias \u00fateis.<\/p><\/li><li><p data-path-to-node=\"17,0,1,1,0\">Entrega (Expressa): 3 a 7 dias \u00fateis via DHL\/FedEx.<\/p><\/li><\/ul><\/li><li><p data-path-to-node=\"17,1,0\"><b>Encomendas de produ\u00e7\u00e3o em massa (OEM):<\/b><\/p><ul data-path-to-node=\"17,1,1\"><li><p data-path-to-node=\"17,1,1,0,0\">Prazo de entrega: Normalmente de 15 a 25 dias, dependendo da quantidade do pedido e do cronograma de produ\u00e7\u00e3o.<\/p><\/li><li><p data-path-to-node=\"17,1,1,1,0\">Entrega (Mar\u00edtima): 20 a 45 dias, dependendo do porto de destino.<\/p><\/li><\/ul><\/li><\/ul><h3 data-path-to-node=\"18\">4. Rastreamento de Pedidos<\/h3><p data-path-to-node=\"19\">Transpar\u00eancia \u00e9 fundamental. Assim que sua carga sair do nosso armaz\u00e9m: <\/p><ul data-path-to-node=\"20\"><li><p data-path-to-node=\"20,0,0\">Expresso: Voc\u00ea receber\u00e1 um n\u00famero de rastreamento por e-mail imediatamente.<\/p><\/li><li><p data-path-to-node=\"20,1,0\">Frete mar\u00edtimo: Forneceremos o conhecimento de embarque (B\/L) e as informa\u00e7\u00f5es de rastreamento do navio para que voc\u00ea possa acompanhar o status da remessa online.<\/p><\/li><\/ul><h3 data-path-to-node=\"21\">5. Alf\u00e2ndega, taxas e impostos<\/h3><p data-path-to-node=\"22\">Observe que, para envios internacionais (a menos que seja acordado o regime DDP), o comprador \u00e9 respons\u00e1vel por:<\/p><ul data-path-to-node=\"23\"><li><p data-path-to-node=\"23,0,0\">Impostos de importa\u00e7\u00e3o e IVA cobrados pelo pa\u00eds de destino.<\/p><\/li><li><p data-path-to-node=\"23,1,0\">Taxas de desembara\u00e7o aduaneiro.<\/p><\/li><li><p data-path-to-node=\"23,2,0\">Quaisquer taxas adicionais de manuseio cobradas pela transportadora no destino.<\/p><\/li><li><p data-path-to-node=\"23,3,0\"><i>Fornecemos faturas comerciais completas e listas de embalagem para auxiliar no desembara\u00e7o aduaneiro sem problemas.<\/i><\/p><\/li><\/ul><h3 data-path-to-node=\"24\">6. Remessas Danificadas ou Perdidas<\/h3><p data-path-to-node=\"25\">Embora embalemos todos os pedidos com prote\u00e7\u00e3o refor\u00e7ada (caixas\/paletes refor\u00e7ados), acidentes podem ocorrer durante o transporte.<\/p><ul data-path-to-node=\"26\"><li><p data-path-to-node=\"26,0,0\">Caso a mercadoria chegue danificada: Fotografe imediatamente a embalagem e os produtos e entre em contato conosco em at\u00e9 5 dias ap\u00f3s o recebimento.<\/p><\/li><li><p data-path-to-node=\"26,1,0\">Seguro: Recomendamos a aquisi\u00e7\u00e3o de seguro de envio para encomendas de alto valor e em grande quantidade. Podemos ajudar a providenciar isso. <\/p><\/li><\/ul><h3 data-path-to-node=\"27\">\ud83d\udce7 Precisa de um or\u00e7amento de frete?<\/h3><p data-path-to-node=\"28\">Se voc\u00ea deseja saber o custo estimado de envio para um pedido de tamanho espec\u00edfico, entre em contato com nossa equipe de log\u00edstica pelo e-mail [info@airbrakehose.com]. Estamos aqui para ajud\u00e1-lo a otimizar os custos da sua cadeia de suprimentos. <\/p>\t\t\t\t\t\t\t\t<\/div>\n\t\t\t\t<\/div>\n\t\t\t\t\t<\/div>\n\t\t\t\t<\/div>\n\t\t\t\t<\/div>\n\t\t","protected":false},"excerpt":{"rendered":"<p>Introdu\u00e7\u00e3o: Na Aoke Auto Parts, temos o compromisso de entregar componentes pneum\u00e1ticos de alta qualidade, diretamente de nossa f\u00e1brica na China para o seu armaz\u00e9m, em qualquer lugar do mundo. Aproveitando nosso centro de exporta\u00e7\u00e3o estrat\u00e9gico em Tianjin (uma importante cidade portu\u00e1ria internacional), garantimos manuseio, desembara\u00e7o aduaneiro e log\u00edstica eficientes para todos os pedidos globais. [&hellip;]<\/p>\n","protected":false},"author":1,"featured_media":0,"parent":0,"menu_order":0,"comment_status":"closed","ping_status":"closed","template":"","meta":{"_monsterinsights_skip_tracking":false,"_monsterinsights_sitenote_active":false,"_monsterinsights_sitenote_note":"","_monsterinsights_sitenote_category":0,"site-sidebar-layout":"no-sidebar","site-content-layout":"page-builder","ast-site-content-layout":"full-width-container","site-content-style":"unboxed","site-sidebar-style":"unboxed","ast-global-header-display":"","ast-banner-title-visibility":"","ast-main-header-display":"","ast-hfb-above-header-display":"","ast-hfb-below-header-display":"","ast-hfb-mobile-header-display":"","site-post-title":"","ast-breadcrumbs-content":"","ast-featured-img":"disabled","footer-sml-layout":"","ast-disable-related-posts":"","theme-transparent-header-meta":"","adv-header-id-meta":"","stick-header-meta":"","header-above-stick-meta":"","header-main-stick-meta":"","header-below-stick-meta":"","astra-migrate-meta-layouts":"default","ast-page-background-enabled":"default","ast-page-background-meta":{"desktop":{"background-color":"","background-image":"","background-repeat":"repeat","background-position":"center center","background-size":"auto","background-attachment":"scroll","background-type":"","background-media":"","overlay-type":"","overlay-color":"","overlay-opacity":"","overlay-gradient":""},"tablet":{"background-color":"","background-image":"","background-repeat":"repeat","background-position":"center center","background-size":"auto","background-attachment":"scroll","background-type":"","background-media":"","overlay-type":"","overlay-color":"","overlay-opacity":"","overlay-gradient":""},"mobile":{"background-color":"","background-image":"","background-repeat":"repeat","background-position":"center center","background-size":"auto","background-attachment":"scroll","background-type":"","background-media":"","overlay-type":"","overlay-color":"","overlay-opacity":"","overlay-gradient":""}},"ast-content-background-meta":{"desktop":{"background-color":"var(--ast-global-color-5)","background-image":"","background-repeat":"repeat","background-position":"center center","background-size":"auto","background-attachment":"scroll","background-type":"","background-media":"","overlay-type":"","overlay-color":"","overlay-opacity":"","overlay-gradient":""},"tablet":{"background-color":"var(--ast-global-color-5)","background-image":"","background-repeat":"repeat","background-position":"center center","background-size":"auto","background-attachment":"scroll","background-type":"","background-media":"","overlay-type":"","overlay-color":"","overlay-opacity":"","overlay-gradient":""},"mobile":{"background-color":"var(--ast-global-color-5)","background-image":"","background-repeat":"repeat","background-position":"center center","background-size":"auto","background-attachment":"scroll","background-type":"","background-media":"","overlay-type":"","overlay-color":"","overlay-opacity":"","overlay-gradient":""}},"_joinchat":[],"footnotes":""},"class_list":["post-5061","page","type-page","status-publish","hentry"],"yoast_head":"<!-- This site is optimized with the Yoast SEO Premium plugin v26.4 (Yoast SEO v27.0) - https:\/\/yoast.com\/product\/yoast-seo-premium-wordpress\/ -->\n<title>Pol\u00edtica de Envio e Entrega | Log\u00edstica B2B Global - Aoke<\/title>\n<meta name=\"description\" content=\"Leia a pol\u00edtica de envio da Aoke Auto Parts. Oferecemos envio internacional via Express (DHL\/FedEx) e frete mar\u00edtimo a partir do Porto de Tianjin. Aceitamos os termos FOB, CIF e EXW.\" \/>\n<meta name=\"robots\" content=\"index, follow, max-snippet:-1, max-image-preview:large, max-video-preview:-1\" \/>\n<link rel=\"canonical\" href=\"https:\/\/airbrakehose.com\/pt-br\/politica-de-envio\/\" \/>\n<meta property=\"og:locale\" content=\"pt_BR\" \/>\n<meta property=\"og:type\" content=\"article\" \/>\n<meta property=\"og:title\" content=\"Pol\u00edtica de Envio\" \/>\n<meta property=\"og:description\" content=\"Leia a pol\u00edtica de envio da Aoke Auto Parts. Oferecemos envio internacional via Express (DHL\/FedEx) e frete mar\u00edtimo a partir do Porto de Tianjin. Aceitamos os termos FOB, CIF e EXW.\" \/>\n<meta property=\"og:url\" content=\"https:\/\/airbrakehose.com\/pt-br\/politica-de-envio\/\" \/>\n<meta property=\"og:site_name\" content=\"Victory Tech.\" \/>\n<meta property=\"article:publisher\" content=\"https:\/\/www.facebook.com\/aokeautoparts\" \/>\n<meta property=\"article:modified_time\" content=\"2026-01-27T06:39:51+00:00\" \/>\n<meta name=\"twitter:card\" content=\"summary_large_image\" \/>\n<meta name=\"twitter:label1\" content=\"Est. tempo de leitura\" \/>\n\t<meta name=\"twitter:data1\" content=\"3 minutos\" \/>\n<script type=\"application\/ld+json\" class=\"yoast-schema-graph\">{\"@context\":\"https:\/\/schema.org\",\"@graph\":[{\"@type\":\"WebPage\",\"@id\":\"https:\/\/airbrakehose.com\/pt-br\/politica-de-envio\/\",\"url\":\"https:\/\/airbrakehose.com\/pt-br\/politica-de-envio\/\",\"name\":\"Pol\u00edtica de Envio e Entrega | Log\u00edstica B2B Global - Aoke\",\"isPartOf\":{\"@id\":\"https:\/\/airbrakehose.com\/pt-br\/#website\"},\"datePublished\":\"2025-12-06T15:03:57+00:00\",\"dateModified\":\"2026-01-27T06:39:51+00:00\",\"description\":\"Leia a pol\u00edtica de envio da Aoke Auto Parts. Oferecemos envio internacional via Express (DHL\/FedEx) e frete mar\u00edtimo a partir do Porto de Tianjin. Aceitamos os termos FOB, CIF e EXW.\",\"breadcrumb\":{\"@id\":\"https:\/\/airbrakehose.com\/pt-br\/politica-de-envio\/#breadcrumb\"},\"inLanguage\":\"pt-BR\",\"potentialAction\":[{\"@type\":\"ReadAction\",\"target\":[\"https:\/\/airbrakehose.com\/pt-br\/politica-de-envio\/\"]}]},{\"@type\":\"BreadcrumbList\",\"@id\":\"https:\/\/airbrakehose.com\/pt-br\/politica-de-envio\/#breadcrumb\",\"itemListElement\":[{\"@type\":\"ListItem\",\"position\":1,\"name\":\"\u9996\u9875\",\"item\":\"https:\/\/airbrakehose.com\/pt-br\/lar\/\"},{\"@type\":\"ListItem\",\"position\":2,\"name\":\"Pol\u00edtica de Envio\"}]},{\"@type\":\"WebSite\",\"@id\":\"https:\/\/airbrakehose.com\/pt-br\/#website\",\"url\":\"https:\/\/airbrakehose.com\/pt-br\/\",\"name\":\"Victory Technology\",\"description\":\"Industrial Hose &amp; Air Brake Solutions\",\"potentialAction\":[{\"@type\":\"SearchAction\",\"target\":{\"@type\":\"EntryPoint\",\"urlTemplate\":\"https:\/\/airbrakehose.com\/pt-br\/?s={search_term_string}\"},\"query-input\":{\"@type\":\"PropertyValueSpecification\",\"valueRequired\":true,\"valueName\":\"search_term_string\"}}],\"inLanguage\":\"pt-BR\"}]}<\/script>\n<!-- \/ Yoast SEO Premium plugin. -->","yoast_head_json":{"title":"Pol\u00edtica de Envio e Entrega | Log\u00edstica B2B Global - Aoke","description":"Leia a pol\u00edtica de envio da Aoke Auto Parts. Oferecemos envio internacional via Express (DHL\/FedEx) e frete mar\u00edtimo a partir do Porto de Tianjin. Aceitamos os termos FOB, CIF e EXW.","robots":{"index":"index","follow":"follow","max-snippet":"max-snippet:-1","max-image-preview":"max-image-preview:large","max-video-preview":"max-video-preview:-1"},"canonical":"https:\/\/airbrakehose.com\/pt-br\/politica-de-envio\/","og_locale":"pt_BR","og_type":"article","og_title":"Pol\u00edtica de Envio","og_description":"Leia a pol\u00edtica de envio da Aoke Auto Parts. Oferecemos envio internacional via Express (DHL\/FedEx) e frete mar\u00edtimo a partir do Porto de Tianjin. Aceitamos os termos FOB, CIF e EXW.","og_url":"https:\/\/airbrakehose.com\/pt-br\/politica-de-envio\/","og_site_name":"Victory Tech.","article_publisher":"https:\/\/www.facebook.com\/aokeautoparts","article_modified_time":"2026-01-27T06:39:51+00:00","twitter_card":"summary_large_image","twitter_misc":{"Est. tempo de leitura":"3 minutos"},"schema":{"@context":"https:\/\/schema.org","@graph":[{"@type":"WebPage","@id":"https:\/\/airbrakehose.com\/pt-br\/politica-de-envio\/","url":"https:\/\/airbrakehose.com\/pt-br\/politica-de-envio\/","name":"Pol\u00edtica de Envio e Entrega | Log\u00edstica B2B Global - Aoke","isPartOf":{"@id":"https:\/\/airbrakehose.com\/pt-br\/#website"},"datePublished":"2025-12-06T15:03:57+00:00","dateModified":"2026-01-27T06:39:51+00:00","description":"Leia a pol\u00edtica de envio da Aoke Auto Parts. Oferecemos envio internacional via Express (DHL\/FedEx) e frete mar\u00edtimo a partir do Porto de Tianjin. Aceitamos os termos FOB, CIF e EXW.","breadcrumb":{"@id":"https:\/\/airbrakehose.com\/pt-br\/politica-de-envio\/#breadcrumb"},"inLanguage":"pt-BR","potentialAction":[{"@type":"ReadAction","target":["https:\/\/airbrakehose.com\/pt-br\/politica-de-envio\/"]}]},{"@type":"BreadcrumbList","@id":"https:\/\/airbrakehose.com\/pt-br\/politica-de-envio\/#breadcrumb","itemListElement":[{"@type":"ListItem","position":1,"name":"\u9996\u9875","item":"https:\/\/airbrakehose.com\/pt-br\/lar\/"},{"@type":"ListItem","position":2,"name":"Pol\u00edtica de Envio"}]},{"@type":"WebSite","@id":"https:\/\/airbrakehose.com\/pt-br\/#website","url":"https:\/\/airbrakehose.com\/pt-br\/","name":"Victory Technology","description":"Industrial Hose &amp; Air Brake Solutions","potentialAction":[{"@type":"SearchAction","target":{"@type":"EntryPoint","urlTemplate":"https:\/\/airbrakehose.com\/pt-br\/?s={search_term_string}"},"query-input":{"@type":"PropertyValueSpecification","valueRequired":true,"valueName":"search_term_string"}}],"inLanguage":"pt-BR"}]}},"_links":{"self":[{"href":"https:\/\/airbrakehose.com\/pt-br\/wp-json\/wp\/v2\/pages\/5061","targetHints":{"allow":["GET"]}}],"collection":[{"href":"https:\/\/airbrakehose.com\/pt-br\/wp-json\/wp\/v2\/pages"}],"about":[{"href":"https:\/\/airbrakehose.com\/pt-br\/wp-json\/wp\/v2\/types\/page"}],"author":[{"embeddable":true,"href":"https:\/\/airbrakehose.com\/pt-br\/wp-json\/wp\/v2\/users\/1"}],"replies":[{"embeddable":true,"href":"https:\/\/airbrakehose.com\/pt-br\/wp-json\/wp\/v2\/comments?post=5061"}],"version-history":[{"count":1,"href":"https:\/\/airbrakehose.com\/pt-br\/wp-json\/wp\/v2\/pages\/5061\/revisions"}],"predecessor-version":[{"id":5062,"href":"https:\/\/airbrakehose.com\/pt-br\/wp-json\/wp\/v2\/pages\/5061\/revisions\/5062"}],"wp:attachment":[{"href":"https:\/\/airbrakehose.com\/pt-br\/wp-json\/wp\/v2\/media?parent=5061"}],"curies":[{"name":"wp","href":"https:\/\/api.w.org\/{rel}","templated":true}]}}