{"id":5001,"date":"2025-12-05T07:49:10","date_gmt":"2025-12-05T07:49:10","guid":{"rendered":"https:\/\/airbrakehose.com\/centro-de-conhecimento\/perguntas-frequentes\/"},"modified":"2026-01-27T04:31:11","modified_gmt":"2026-01-27T04:31:11","slug":"perguntas-frequentes","status":"publish","type":"page","link":"https:\/\/airbrakehose.com\/pt-br\/centro-de-conhecimento\/perguntas-frequentes\/","title":{"rendered":"Perguntas frequentes"},"content":{"rendered":"\t\t<div data-elementor-type=\"wp-post\" data-elementor-id=\"5001\" class=\"elementor elementor-5001 elementor-3167\" data-elementor-post-type=\"page\">\n\t\t\t\t<div class=\"elementor-element elementor-element-2c4fdd7 e-flex e-con-boxed e-con e-parent\" data-id=\"2c4fdd7\" data-element_type=\"container\" data-e-type=\"container\" data-settings=\"{&quot;background_background&quot;:&quot;classic&quot;}\">\n\t\t\t\t\t<div class=\"e-con-inner\">\n\t\t<div class=\"elementor-element elementor-element-b2079e2 e-con-full e-flex e-con e-child\" data-id=\"b2079e2\" data-element_type=\"container\" data-e-type=\"container\">\n\t\t\t\t<div class=\"elementor-element elementor-element-e33a2df elementor-widget elementor-widget-heading\" data-id=\"e33a2df\" data-element_type=\"widget\" data-e-type=\"widget\" data-widget_type=\"heading.default\">\n\t\t\t\t<div class=\"elementor-widget-container\">\n\t\t\t\t\t<h2 class=\"elementor-heading-title elementor-size-default\">Centro de Conhecimento T\u00e9cnico e Perguntas Frequentes | Victory Technology<\/h2>\t\t\t\t<\/div>\n\t\t\t\t<\/div>\n\t\t\t\t<div class=\"elementor-element elementor-element-0c6558a elementor-widget-divider--view-line elementor-widget elementor-widget-divider\" data-id=\"0c6558a\" data-element_type=\"widget\" data-e-type=\"widget\" data-widget_type=\"divider.default\">\n\t\t\t\t<div class=\"elementor-widget-container\">\n\t\t\t\t\t\t\t<div class=\"elementor-divider\">\n\t\t\t<span class=\"elementor-divider-separator\">\n\t\t\t\t\t\t<\/span>\n\t\t<\/div>\n\t\t\t\t\t\t<\/div>\n\t\t\t\t<\/div>\n\t\t\t\t<div class=\"elementor-element elementor-element-27fed12 elementor-widget elementor-widget-text-editor\" data-id=\"27fed12\" data-element_type=\"widget\" data-e-type=\"widget\" data-widget_type=\"text-editor.default\">\n\t\t\t\t<div class=\"elementor-widget-container\">\n\t\t\t\t\t\t\t\t\t<p data-path-to-node=\"8\">Bem-vindo ao Centro de Conhecimento Tecnol\u00f3gico da Victory.<\/p><p data-path-to-node=\"9\">N\u00e3o nos limitamos a fabricar pe\u00e7as; compreendemos a ci\u00eancia por tr\u00e1s delas. Especializados em sistemas de freio a ar de alto desempenho, tubos pneum\u00e1ticos, kits de mangueiras 3 em 1 e ferramentas pneum\u00e1ticas para oficinas, oferecemos suporte aos setores de caminh\u00f5es pesados \u200b\u200be automa\u00e7\u00e3o industrial com conhecimento t\u00e9cnico direto da f\u00e1brica. <\/p><p data-path-to-node=\"10\">Seja voc\u00ea um distribuidor de pe\u00e7as em busca de dados de conformidade, um gerente de frota procurando dicas de manuten\u00e7\u00e3o ou um engenheiro de fabricante de equipamento original (OEM) verificando especifica\u00e7\u00f5es, este centro fornece as respostas t\u00e9cnicas essenciais para garantir seguran\u00e7a e desempenho.<\/p><hr data-path-to-node=\"11\"><h3 data-path-to-node=\"12\">\ud83d\udee1\ufe0f Por que confiar na Victory Technology?<\/h3><p data-path-to-node=\"13\"><i data-path-to-node=\"13\" data-index-in-node=\"0\">A vantagem de comprar &#8220;direto da f\u00e1brica&#8221;.<\/i><\/p><p data-path-to-node=\"14\">Combinamos mais de 20 anos de precis\u00e3o na fabrica\u00e7\u00e3o em nossa unidade de Zhuji Aoke com padr\u00f5es globais de engenharia. Veja por que os profissionais do setor confiam em nossa consultoria t\u00e9cnica: <\/p><ul data-path-to-node=\"15\"><li><p data-path-to-node=\"15,0,0\">\ud83c\udfed Verdadeiro Fabricante, N\u00e3o Apenas um Revendedor: Extrudamos nossos pr\u00f3prios tubos de nylon PA12 e montamos nossas pr\u00f3prias mangueiras de freio a ar. Isso nos d\u00e1 controle total sobre a qualidade da mat\u00e9ria-prima e nos permite responder a perguntas t\u00e9cnicas complexas que os revendedores n\u00e3o conseguem. <\/p><\/li><li><p data-path-to-node=\"15,1,0\">\u2705 Certificado para Seguran\u00e7a (DOT e SAE): A conformidade \u00e9 imprescind\u00edvel. Nossos componentes de freio a ar s\u00e3o fabricados e testados em estrita conformidade com as normas DOT FMVSS 106, SAE J1402 e SAE J844, garantindo sua legalidade para uso em vias p\u00fablicas na Am\u00e9rica do Norte e em outros pa\u00edses. <\/p><\/li><li><p data-path-to-node=\"15,2,0\">\ud83e\uddea Testes rigorosos em laborat\u00f3rio: N\u00e3o fazemos suposi\u00e7\u00f5es; testamos. Cada lote de produ\u00e7\u00e3o passa por testes abrangentes em nosso laborat\u00f3rio pr\u00f3prio, incluindo testes de press\u00e3o de ruptura, testes de impacto em clima frio (-40 \u00b0C) e an\u00e1lise de envelhecimento por UV. <\/p><\/li><li><p data-path-to-node=\"15,3,0\">\ud83c\udf0d Experi\u00eancia de aplica\u00e7\u00e3o global: Dos invernos congelantes das rodovias canadenses ao calor \u00famido dos canteiros de obras do Sudeste Asi\u00e1tico, nossos produtos s\u00e3o projetados para funcionar em diversos ambientes ao redor do mundo.<\/p><\/li><\/ul>\t\t\t\t\t\t\t\t<\/div>\n\t\t\t\t<\/div>\n\t\t\t\t<\/div>\n\t\t\t\t\t<\/div>\n\t\t\t\t<\/div>\n\t\t<div class=\"elementor-element elementor-element-89c2bec e-flex e-con-boxed e-con e-parent\" data-id=\"89c2bec\" data-element_type=\"container\" data-e-type=\"container\">\n\t\t\t\t\t<div class=\"e-con-inner\">\n\t\t\t\t<div class=\"elementor-element elementor-element-bf6b760 elementor-grid-1 elementor-grid-tablet-2 elementor-grid-mobile-1 elementor-posts--thumbnail-top elementor-widget elementor-widget-posts\" data-id=\"bf6b760\" data-element_type=\"widget\" data-e-type=\"widget\" data-settings=\"{&quot;classic_columns&quot;:&quot;1&quot;,&quot;classic_columns_tablet&quot;:&quot;2&quot;,&quot;classic_columns_mobile&quot;:&quot;1&quot;,&quot;classic_row_gap&quot;:{&quot;unit&quot;:&quot;px&quot;,&quot;size&quot;:35,&quot;sizes&quot;:[]},&quot;classic_row_gap_tablet&quot;:{&quot;unit&quot;:&quot;px&quot;,&quot;size&quot;:&quot;&quot;,&quot;sizes&quot;:[]},&quot;classic_row_gap_mobile&quot;:{&quot;unit&quot;:&quot;px&quot;,&quot;size&quot;:&quot;&quot;,&quot;sizes&quot;:[]}}\" data-widget_type=\"posts.classic\">\n\t\t\t\t<div class=\"elementor-widget-container\">\n\t\t\t\t\t\t\t<div class=\"elementor-posts-container elementor-posts elementor-posts--skin-classic elementor-grid\" role=\"list\">\n\t\t\t\t<article class=\"elementor-post elementor-grid-item post-5084 post type-post status-publish format-standard hentry category-faq\" role=\"listitem\">\n\t\t\t\t<div class=\"elementor-post__text\">\n\t\t\t\t<h4 class=\"elementor-post__title\">\n\t\t\t<a href=\"https:\/\/airbrakehose.com\/pt-br\/perguntas-frequentes-sobre-conexoes-pneumaticas-guia-completo\/\" >\n\t\t\t\tPerguntas frequentes sobre conex\u00f5es pneum\u00e1ticas: Guia completo\t\t\t<\/a>\n\t\t<\/h4>\n\t\t\t\t<div class=\"elementor-post__meta-data\">\n\t\t\t\t\t<span class=\"elementor-post-date\">\n\t\t\t15\/12\/2025\t\t<\/span>\n\t\t\t\t<span class=\"elementor-post-avatar\">\n\t\t\tNenhum coment\u00e1rio\t\t<\/span>\n\t\t\t\t<\/div>\n\t\t\t\t<div class=\"elementor-post__excerpt\">\n\t\t\t<p>1. Conex\u00f5es retas de encaixe Conectores lineares padr\u00e3o para aplica\u00e7\u00f5es pneum\u00e1ticas em geral. P1: Para que serve uma conex\u00e3o reta de encaixe? Uma conex\u00e3o reta liga um tubo a um equipamento ou a outro tubo de forma direta e linear. Q2: Quais materiais de tubo s\u00e3o compat\u00edveis? Eles trabalham com tubos de PU (Poliuretano), PA<\/p>\n\t\t<\/div>\n\t\t\n\t\t<a class=\"elementor-post__read-more\" href=\"https:\/\/airbrakehose.com\/pt-br\/perguntas-frequentes-sobre-conexoes-pneumaticas-guia-completo\/\" aria-label=\"Read more about Perguntas frequentes sobre conex\u00f5es pneum\u00e1ticas: Guia completo\" tabindex=\"-1\" >\n\t\t\tLeia mais \u00bb\t\t<\/a>\n\n\t\t\t\t<\/div>\n\t\t\t\t<\/article>\n\t\t\t\t<article class=\"elementor-post elementor-grid-item post-5082 post type-post status-publish format-standard hentry category-faq\" role=\"listitem\">\n\t\t\t\t<div class=\"elementor-post__text\">\n\t\t\t\t<h4 class=\"elementor-post__title\">\n\t\t\t<a href=\"https:\/\/airbrakehose.com\/pt-br\/pistolas-de-ar-comprimido-para-limpeza-de-poeira-perguntas-frequentes-essenciais-para-limpeza-de-oficinas-e-cabines\/\" >\n\t\t\t\tPistolas de ar comprimido para limpeza de poeira: Perguntas frequentes essenciais para limpeza de oficinas e cabines\t\t\t<\/a>\n\t\t<\/h4>\n\t\t\t\t<div class=\"elementor-post__meta-data\">\n\t\t\t\t\t<span class=\"elementor-post-date\">\n\t\t\t15\/12\/2025\t\t<\/span>\n\t\t\t\t<span class=\"elementor-post-avatar\">\n\t\t\tNenhum coment\u00e1rio\t\t<\/span>\n\t\t\t\t<\/div>\n\t\t\t\t<div class=\"elementor-post__excerpt\">\n\t\t\t<p>Desde a limpeza de poeira do painel at\u00e9 a remo\u00e7\u00e3o de detritos da pin\u00e7a de freio, a pistola de ar comprimido para poeira \u00e9 uma das ferramentas mais vers\u00e1teis na ind\u00fastria de caminh\u00f5es. No entanto, lidar com ar comprimido exige cautela. Qual \u00e9 a press\u00e3o segura (PSI)? O que \u00e9 um bico em conformidade com<\/p>\n\t\t<\/div>\n\t\t\n\t\t<a class=\"elementor-post__read-more\" href=\"https:\/\/airbrakehose.com\/pt-br\/pistolas-de-ar-comprimido-para-limpeza-de-poeira-perguntas-frequentes-essenciais-para-limpeza-de-oficinas-e-cabines\/\" aria-label=\"Read more about Pistolas de ar comprimido para limpeza de poeira: Perguntas frequentes essenciais para limpeza de oficinas e cabines\" tabindex=\"-1\" >\n\t\t\tLeia mais \u00bb\t\t<\/a>\n\n\t\t\t\t<\/div>\n\t\t\t\t<\/article>\n\t\t\t\t<article class=\"elementor-post elementor-grid-item post-5078 post type-post status-publish format-standard hentry category-faq\" role=\"listitem\">\n\t\t\t\t<div class=\"elementor-post__text\">\n\t\t\t\t<h4 class=\"elementor-post__title\">\n\t\t\t<a href=\"https:\/\/airbrakehose.com\/pt-br\/kits-de-ar-comprimido-3-em-1-o-guia-definitivo-de-perguntas-frequentes-cabo-e-mangueiras-de-ar\/\" >\n\t\t\t\tKits de Ar Comprimido 3 em 1: O Guia Definitivo de Perguntas Frequentes (Cabo e Mangueiras de Ar)\t\t\t<\/a>\n\t\t<\/h4>\n\t\t\t\t<div class=\"elementor-post__meta-data\">\n\t\t\t\t\t<span class=\"elementor-post-date\">\n\t\t\t15\/12\/2025\t\t<\/span>\n\t\t\t\t<span class=\"elementor-post-avatar\">\n\t\t\tNenhum coment\u00e1rio\t\t<\/span>\n\t\t\t\t<\/div>\n\t\t\t\t<div class=\"elementor-post__excerpt\">\n\t\t\t<p>Gerenciar a conex\u00e3o entre seu trator e reboque n\u00e3o precisa ser complicado. O Kit de Cabo de Alimenta\u00e7\u00e3o Pneum\u00e1tica 3 em 1 \u00e9 a solu\u00e7\u00e3o moderna para cabos emaranhados e desorganizados. Mas com op\u00e7\u00f5es que v\u00e3o desde mangueiras de borracha at\u00e9 nylon espiralado, e d\u00favidas sobre c\u00f3digos de cores e normas de seguran\u00e7a, escolher o<\/p>\n\t\t<\/div>\n\t\t\n\t\t<a class=\"elementor-post__read-more\" href=\"https:\/\/airbrakehose.com\/pt-br\/kits-de-ar-comprimido-3-em-1-o-guia-definitivo-de-perguntas-frequentes-cabo-e-mangueiras-de-ar\/\" aria-label=\"Read more about Kits de Ar Comprimido 3 em 1: O Guia Definitivo de Perguntas Frequentes (Cabo e Mangueiras de Ar)\" tabindex=\"-1\" >\n\t\t\tLeia mais \u00bb\t\t<\/a>\n\n\t\t\t\t<\/div>\n\t\t\t\t<\/article>\n\t\t\t\t<article class=\"elementor-post elementor-grid-item post-5076 post type-post status-publish format-standard hentry category-faq\" role=\"listitem\">\n\t\t\t\t<div class=\"elementor-post__text\">\n\t\t\t\t<h4 class=\"elementor-post__title\">\n\t\t\t<a href=\"https:\/\/airbrakehose.com\/pt-br\/perguntas-frequentes-sobre-mangueiras-de-freio-a-ar-o-guia-definitivo-de-seguranca-e-selecao-sae-j1402\/\" >\n\t\t\t\tPerguntas frequentes sobre mangueiras de freio a ar: o guia definitivo de seguran\u00e7a e sele\u00e7\u00e3o (SAE J1402)\t\t\t<\/a>\n\t\t<\/h4>\n\t\t\t\t<div class=\"elementor-post__meta-data\">\n\t\t\t\t\t<span class=\"elementor-post-date\">\n\t\t\t15\/12\/2025\t\t<\/span>\n\t\t\t\t<span class=\"elementor-post-avatar\">\n\t\t\tNenhum coment\u00e1rio\t\t<\/span>\n\t\t\t\t<\/div>\n\t\t\t\t<div class=\"elementor-post__excerpt\">\n\t\t\t<p>O sistema de freios do seu caminh\u00e3o s\u00f3 \u00e9 t\u00e3o confi\u00e1vel quanto as mangueiras que o conectam. Na Aoke Auto Parts, sabemos que quando um motorista pisa no pedal, n\u00e3o h\u00e1 espa\u00e7o para falhas. Seja para substituir uma mangueira de servi\u00e7o antiga (azul) ou equipar uma nova frota com mangueiras de emerg\u00eancia (vermelhas), compreender as<\/p>\n\t\t<\/div>\n\t\t\n\t\t<a class=\"elementor-post__read-more\" href=\"https:\/\/airbrakehose.com\/pt-br\/perguntas-frequentes-sobre-mangueiras-de-freio-a-ar-o-guia-definitivo-de-seguranca-e-selecao-sae-j1402\/\" aria-label=\"Read more about Perguntas frequentes sobre mangueiras de freio a ar: o guia definitivo de seguran\u00e7a e sele\u00e7\u00e3o (SAE J1402)\" tabindex=\"-1\" >\n\t\t\tLeia mais \u00bb\t\t<\/a>\n\n\t\t\t\t<\/div>\n\t\t\t\t<\/article>\n\t\t\t\t<article class=\"elementor-post elementor-grid-item post-5074 post type-post status-publish format-standard hentry category-faq tag-pu-tubing tag-tubo-de-nylon tag-tubo-pe\" role=\"listitem\">\n\t\t\t\t<div class=\"elementor-post__text\">\n\t\t\t\t<h4 class=\"elementor-post__title\">\n\t\t\t<a href=\"https:\/\/airbrakehose.com\/pt-br\/tubos-de-nylon-pu-e-pe-o-guia-definitivo-de-perguntas-frequentes-sobre-sistemas-de-freio-a-ar\/\" >\n\t\t\t\tTubos de nylon, PU e PE: o guia definitivo de perguntas frequentes sobre sistemas de freio a ar.\t\t\t<\/a>\n\t\t<\/h4>\n\t\t\t\t<div class=\"elementor-post__meta-data\">\n\t\t\t\t\t<span class=\"elementor-post-date\">\n\t\t\t15\/12\/2025\t\t<\/span>\n\t\t\t\t<span class=\"elementor-post-avatar\">\n\t\t\tNenhum coment\u00e1rio\t\t<\/span>\n\t\t\t\t<\/div>\n\t\t\t\t<div class=\"elementor-post__excerpt\">\n\t\t\t<p>Escolher a mangueira certa para o sistema de ar do seu caminh\u00e3o n\u00e3o se resume apenas ao pre\u00e7o \u2014 trata-se de seguran\u00e7a e conformidade. Na Aoke Auto Parts, frequentemente vemos clientes confusos com as diferen\u00e7as entre Nylon (PA12), Poliuretano (PU) e Polietileno (PE). Qual deles possui aprova\u00e7\u00e3o DOT? Qual deles suporta melhor o frio? Posso<\/p>\n\t\t<\/div>\n\t\t\n\t\t<a class=\"elementor-post__read-more\" href=\"https:\/\/airbrakehose.com\/pt-br\/tubos-de-nylon-pu-e-pe-o-guia-definitivo-de-perguntas-frequentes-sobre-sistemas-de-freio-a-ar\/\" aria-label=\"Read more about Tubos de nylon, PU e PE: o guia definitivo de perguntas frequentes sobre sistemas de freio a ar.\" tabindex=\"-1\" >\n\t\t\tLeia mais \u00bb\t\t<\/a>\n\n\t\t\t\t<\/div>\n\t\t\t\t<\/article>\n\t\t\t\t<\/div>\n\t\t\n\t\t\t\t\t\t<\/div>\n\t\t\t\t<\/div>\n\t\t\t\t\t<\/div>\n\t\t\t\t<\/div>\n\t\t\t\t<\/div>\n\t\t","protected":false},"excerpt":{"rendered":"<p>Centro de Conhecimento T\u00e9cnico e Perguntas Frequentes | Victory Technology Bem-vindo ao Centro de Conhecimento Tecnol\u00f3gico da Victory. N\u00e3o nos limitamos a fabricar pe\u00e7as; compreendemos a ci\u00eancia por tr\u00e1s delas. Especializados em sistemas de freio a ar de alto desempenho, tubos pneum\u00e1ticos, kits de mangueiras 3 em 1 e ferramentas pneum\u00e1ticas para oficinas, oferecemos suporte [&hellip;]<\/p>\n","protected":false},"author":1,"featured_media":0,"parent":4982,"menu_order":0,"comment_status":"closed","ping_status":"closed","template":"","meta":{"_monsterinsights_skip_tracking":false,"_monsterinsights_sitenote_active":false,"_monsterinsights_sitenote_note":"","_monsterinsights_sitenote_category":0,"site-sidebar-layout":"no-sidebar","site-content-layout":"page-builder","ast-site-content-layout":"full-width-container","site-content-style":"unboxed","site-sidebar-style":"unboxed","ast-global-header-display":"","ast-banner-title-visibility":"","ast-main-header-display":"","ast-hfb-above-header-display":"","ast-hfb-below-header-display":"","ast-hfb-mobile-header-display":"","site-post-title":"disabled","ast-breadcrumbs-content":"","ast-featured-img":"disabled","footer-sml-layout":"","ast-disable-related-posts":"","theme-transparent-header-meta":"enabled","adv-header-id-meta":"","stick-header-meta":"","header-above-stick-meta":"","header-main-stick-meta":"","header-below-stick-meta":"","astra-migrate-meta-layouts":"default","ast-page-background-enabled":"default","ast-page-background-meta":{"desktop":{"background-color":"","background-image":"","background-repeat":"repeat","background-position":"center center","background-size":"auto","background-attachment":"scroll","background-type":"","background-media":"","overlay-type":"","overlay-color":"","overlay-opacity":"","overlay-gradient":""},"tablet":{"background-color":"","background-image":"","background-repeat":"repeat","background-position":"center center","background-size":"auto","background-attachment":"scroll","background-type":"","background-media":"","overlay-type":"","overlay-color":"","overlay-opacity":"","overlay-gradient":""},"mobile":{"background-color":"","background-image":"","background-repeat":"repeat","background-position":"center center","background-size":"auto","background-attachment":"scroll","background-type":"","background-media":"","overlay-type":"","overlay-color":"","overlay-opacity":"","overlay-gradient":""}},"ast-content-background-meta":{"desktop":{"background-color":"var(--ast-global-color-5)","background-image":"","background-repeat":"repeat","background-position":"center center","background-size":"auto","background-attachment":"scroll","background-type":"","background-media":"","overlay-type":"","overlay-color":"","overlay-opacity":"","overlay-gradient":""},"tablet":{"background-color":"var(--ast-global-color-5)","background-image":"","background-repeat":"repeat","background-position":"center center","background-size":"auto","background-attachment":"scroll","background-type":"","background-media":"","overlay-type":"","overlay-color":"","overlay-opacity":"","overlay-gradient":""},"mobile":{"background-color":"var(--ast-global-color-5)","background-image":"","background-repeat":"repeat","background-position":"center center","background-size":"auto","background-attachment":"scroll","background-type":"","background-media":"","overlay-type":"","overlay-color":"","overlay-opacity":"","overlay-gradient":""}},"_joinchat":[],"footnotes":""},"class_list":["post-5001","page","type-page","status-publish","hentry"],"yoast_head":"<!-- This site is optimized with the Yoast SEO Premium plugin v26.4 (Yoast SEO v27.0) - https:\/\/yoast.com\/product\/yoast-seo-premium-wordpress\/ -->\n<title>Perguntas frequentes e guia de suporte t\u00e9cnico sobre sistemas de freio a ar | Aoke Auto Parts<\/title>\n<meta name=\"description\" content=\"O guia definitivo de perguntas frequentes sobre sistemas de freio a ar para caminh\u00f5es. Respondemos a perguntas t\u00e9cnicas sobre tubos de nylon DOT, mangueiras de borracha SAE J1402, kits 3 em 1 e conex\u00f5es pneum\u00e1ticas. Suporte direto da f\u00e1brica.\" \/>\n<meta name=\"robots\" content=\"index, follow, max-snippet:-1, max-image-preview:large, max-video-preview:-1\" \/>\n<link rel=\"canonical\" href=\"https:\/\/airbrakehose.com\/pt-br\/centro-de-conhecimento\/perguntas-frequentes\/\" \/>\n<meta property=\"og:locale\" content=\"pt_BR\" \/>\n<meta property=\"og:type\" content=\"article\" \/>\n<meta property=\"og:title\" content=\"Perguntas frequentes\" \/>\n<meta property=\"og:description\" content=\"O guia definitivo de perguntas frequentes sobre sistemas de freio a ar para caminh\u00f5es. Respondemos a perguntas t\u00e9cnicas sobre tubos de nylon DOT, mangueiras de borracha SAE J1402, kits 3 em 1 e conex\u00f5es pneum\u00e1ticas. Suporte direto da f\u00e1brica.\" \/>\n<meta property=\"og:url\" content=\"https:\/\/airbrakehose.com\/pt-br\/centro-de-conhecimento\/perguntas-frequentes\/\" \/>\n<meta property=\"og:site_name\" content=\"Victory Tech.\" \/>\n<meta property=\"article:publisher\" content=\"https:\/\/www.facebook.com\/aokeautoparts\" \/>\n<meta property=\"article:modified_time\" content=\"2026-01-27T04:31:11+00:00\" \/>\n<meta name=\"twitter:card\" content=\"summary_large_image\" \/>\n<meta name=\"twitter:label1\" content=\"Est. tempo de leitura\" \/>\n\t<meta name=\"twitter:data1\" content=\"2 minutos\" \/>\n<script type=\"application\/ld+json\" class=\"yoast-schema-graph\">{\"@context\":\"https:\/\/schema.org\",\"@graph\":[{\"@type\":\"WebPage\",\"@id\":\"https:\/\/airbrakehose.com\/pt-br\/centro-de-conhecimento\/perguntas-frequentes\/\",\"url\":\"https:\/\/airbrakehose.com\/pt-br\/centro-de-conhecimento\/perguntas-frequentes\/\",\"name\":\"Perguntas frequentes e guia de suporte t\u00e9cnico sobre sistemas de freio a ar | Aoke Auto Parts\",\"isPartOf\":{\"@id\":\"https:\/\/airbrakehose.com\/pt-br\/#website\"},\"datePublished\":\"2025-12-05T07:49:10+00:00\",\"dateModified\":\"2026-01-27T04:31:11+00:00\",\"description\":\"O guia definitivo de perguntas frequentes sobre sistemas de freio a ar para caminh\u00f5es. Respondemos a perguntas t\u00e9cnicas sobre tubos de nylon DOT, mangueiras de borracha SAE J1402, kits 3 em 1 e conex\u00f5es pneum\u00e1ticas. Suporte direto da f\u00e1brica.\",\"breadcrumb\":{\"@id\":\"https:\/\/airbrakehose.com\/pt-br\/centro-de-conhecimento\/perguntas-frequentes\/#breadcrumb\"},\"inLanguage\":\"pt-BR\",\"potentialAction\":[{\"@type\":\"ReadAction\",\"target\":[\"https:\/\/airbrakehose.com\/pt-br\/centro-de-conhecimento\/perguntas-frequentes\/\"]}]},{\"@type\":\"BreadcrumbList\",\"@id\":\"https:\/\/airbrakehose.com\/pt-br\/centro-de-conhecimento\/perguntas-frequentes\/#breadcrumb\",\"itemListElement\":[{\"@type\":\"ListItem\",\"position\":1,\"name\":\"\u9996\u9875\",\"item\":\"https:\/\/airbrakehose.com\/pt-br\/lar\/\"},{\"@type\":\"ListItem\",\"position\":2,\"name\":\"Centro de Conhecimento\",\"item\":\"https:\/\/airbrakehose.com\/pt-br\/centro-de-conhecimento\/\"},{\"@type\":\"ListItem\",\"position\":3,\"name\":\"Perguntas frequentes\"}]},{\"@type\":\"WebSite\",\"@id\":\"https:\/\/airbrakehose.com\/pt-br\/#website\",\"url\":\"https:\/\/airbrakehose.com\/pt-br\/\",\"name\":\"Victory Technology\",\"description\":\"Industrial Hose &amp; Air Brake Solutions\",\"potentialAction\":[{\"@type\":\"SearchAction\",\"target\":{\"@type\":\"EntryPoint\",\"urlTemplate\":\"https:\/\/airbrakehose.com\/pt-br\/?s={search_term_string}\"},\"query-input\":{\"@type\":\"PropertyValueSpecification\",\"valueRequired\":true,\"valueName\":\"search_term_string\"}}],\"inLanguage\":\"pt-BR\"}]}<\/script>\n<!-- \/ Yoast SEO Premium plugin. -->","yoast_head_json":{"title":"Perguntas frequentes e guia de suporte t\u00e9cnico sobre sistemas de freio a ar | Aoke Auto Parts","description":"O guia definitivo de perguntas frequentes sobre sistemas de freio a ar para caminh\u00f5es. Respondemos a perguntas t\u00e9cnicas sobre tubos de nylon DOT, mangueiras de borracha SAE J1402, kits 3 em 1 e conex\u00f5es pneum\u00e1ticas. Suporte direto da f\u00e1brica.","robots":{"index":"index","follow":"follow","max-snippet":"max-snippet:-1","max-image-preview":"max-image-preview:large","max-video-preview":"max-video-preview:-1"},"canonical":"https:\/\/airbrakehose.com\/pt-br\/centro-de-conhecimento\/perguntas-frequentes\/","og_locale":"pt_BR","og_type":"article","og_title":"Perguntas frequentes","og_description":"O guia definitivo de perguntas frequentes sobre sistemas de freio a ar para caminh\u00f5es. Respondemos a perguntas t\u00e9cnicas sobre tubos de nylon DOT, mangueiras de borracha SAE J1402, kits 3 em 1 e conex\u00f5es pneum\u00e1ticas. Suporte direto da f\u00e1brica.","og_url":"https:\/\/airbrakehose.com\/pt-br\/centro-de-conhecimento\/perguntas-frequentes\/","og_site_name":"Victory Tech.","article_publisher":"https:\/\/www.facebook.com\/aokeautoparts","article_modified_time":"2026-01-27T04:31:11+00:00","twitter_card":"summary_large_image","twitter_misc":{"Est. tempo de leitura":"2 minutos"},"schema":{"@context":"https:\/\/schema.org","@graph":[{"@type":"WebPage","@id":"https:\/\/airbrakehose.com\/pt-br\/centro-de-conhecimento\/perguntas-frequentes\/","url":"https:\/\/airbrakehose.com\/pt-br\/centro-de-conhecimento\/perguntas-frequentes\/","name":"Perguntas frequentes e guia de suporte t\u00e9cnico sobre sistemas de freio a ar | Aoke Auto Parts","isPartOf":{"@id":"https:\/\/airbrakehose.com\/pt-br\/#website"},"datePublished":"2025-12-05T07:49:10+00:00","dateModified":"2026-01-27T04:31:11+00:00","description":"O guia definitivo de perguntas frequentes sobre sistemas de freio a ar para caminh\u00f5es. Respondemos a perguntas t\u00e9cnicas sobre tubos de nylon DOT, mangueiras de borracha SAE J1402, kits 3 em 1 e conex\u00f5es pneum\u00e1ticas. Suporte direto da f\u00e1brica.","breadcrumb":{"@id":"https:\/\/airbrakehose.com\/pt-br\/centro-de-conhecimento\/perguntas-frequentes\/#breadcrumb"},"inLanguage":"pt-BR","potentialAction":[{"@type":"ReadAction","target":["https:\/\/airbrakehose.com\/pt-br\/centro-de-conhecimento\/perguntas-frequentes\/"]}]},{"@type":"BreadcrumbList","@id":"https:\/\/airbrakehose.com\/pt-br\/centro-de-conhecimento\/perguntas-frequentes\/#breadcrumb","itemListElement":[{"@type":"ListItem","position":1,"name":"\u9996\u9875","item":"https:\/\/airbrakehose.com\/pt-br\/lar\/"},{"@type":"ListItem","position":2,"name":"Centro de Conhecimento","item":"https:\/\/airbrakehose.com\/pt-br\/centro-de-conhecimento\/"},{"@type":"ListItem","position":3,"name":"Perguntas frequentes"}]},{"@type":"WebSite","@id":"https:\/\/airbrakehose.com\/pt-br\/#website","url":"https:\/\/airbrakehose.com\/pt-br\/","name":"Victory Technology","description":"Industrial Hose &amp; Air Brake Solutions","potentialAction":[{"@type":"SearchAction","target":{"@type":"EntryPoint","urlTemplate":"https:\/\/airbrakehose.com\/pt-br\/?s={search_term_string}"},"query-input":{"@type":"PropertyValueSpecification","valueRequired":true,"valueName":"search_term_string"}}],"inLanguage":"pt-BR"}]}},"_links":{"self":[{"href":"https:\/\/airbrakehose.com\/pt-br\/wp-json\/wp\/v2\/pages\/5001","targetHints":{"allow":["GET"]}}],"collection":[{"href":"https:\/\/airbrakehose.com\/pt-br\/wp-json\/wp\/v2\/pages"}],"about":[{"href":"https:\/\/airbrakehose.com\/pt-br\/wp-json\/wp\/v2\/types\/page"}],"author":[{"embeddable":true,"href":"https:\/\/airbrakehose.com\/pt-br\/wp-json\/wp\/v2\/users\/1"}],"replies":[{"embeddable":true,"href":"https:\/\/airbrakehose.com\/pt-br\/wp-json\/wp\/v2\/comments?post=5001"}],"version-history":[{"count":1,"href":"https:\/\/airbrakehose.com\/pt-br\/wp-json\/wp\/v2\/pages\/5001\/revisions"}],"predecessor-version":[{"id":5002,"href":"https:\/\/airbrakehose.com\/pt-br\/wp-json\/wp\/v2\/pages\/5001\/revisions\/5002"}],"up":[{"embeddable":true,"href":"https:\/\/airbrakehose.com\/pt-br\/wp-json\/wp\/v2\/pages\/4982"}],"wp:attachment":[{"href":"https:\/\/airbrakehose.com\/pt-br\/wp-json\/wp\/v2\/media?parent=5001"}],"curies":[{"name":"wp","href":"https:\/\/api.w.org\/{rel}","templated":true}]}}