{"id":5944,"date":"2025-12-11T03:30:32","date_gmt":"2025-12-11T03:30:32","guid":{"rendered":"https:\/\/airbrakehose.com\/product\/ensemble-de-prise-et-fiche-en-plastique-a-7-broches-pour-remorque-connecteurs-electriques-legers-pour-systemes-de-camions-et-de-remorques\/"},"modified":"2025-12-11T03:30:32","modified_gmt":"2025-12-11T03:30:32","slug":"ensemble-de-prise-et-fiche-en-plastique-a-7-broches-pour-remorque-connecteurs-electriques-legers-pour-systemes-de-camions-et-de-remorques","status":"publish","type":"product","link":"https:\/\/airbrakehose.com\/fr\/produit\/ensemble-de-prise-et-fiche-en-plastique-a-7-broches-pour-remorque-connecteurs-electriques-legers-pour-systemes-de-camions-et-de-remorques\/","title":{"rendered":"Ensemble de prise et fiche en plastique \u00e0 7 broches pour remorque, connecteurs \u00e9lectriques l\u00e9gers pour syst\u00e8mes de camions et de remorques"},"content":{"rendered":"<h3 data-path-to-node=\"7\">\ud83d\udccc Pr\u00e9sentation du produit<\/h3>\n<p data-path-to-node=\"8\"><b data-path-to-node=\"8\" data-index-in-node=\"0\">La solution de connexion anticorrosion.<\/b><\/p>\n<p data-path-to-node=\"9\">Les connecteurs m\u00e9talliques finissent par se corroder, contrairement au plastique. Le kit de prise et fiche en plastique \u00e0 7 broches de Victory Technology est une alternative l\u00e9g\u00e8re et inoxydable pour les camions et remorques \u00e9voluant dans des environnements difficiles.<\/p>\n<p data-path-to-node=\"10\">Con\u00e7u selon les normes ISO 1185 (type N) et ISO 3731 (type S), ce kit assure une connexion fiable pour vos feux arri\u00e8re, feux de stop et clignotants. Fabriqu\u00e9 dans notre usine de Zhuji Aoke \u00e0 partir de plastique renforc\u00e9 de qualit\u00e9 automobile, le bo\u00eetier est insensible au sel de d\u00e9neigement, \u00e0 l&rsquo;humidit\u00e9 et aux produits chimiques doux, ce qui en fait le choix id\u00e9al pour les flottes c\u00f4ti\u00e8res et les op\u00e9rations hivernales. <\/p>\n<hr data-path-to-node=\"11\">\n<h3 data-path-to-node=\"12\">\ud83d\udd39 Pourquoi choisir les connecteurs en plastique Victory ?<\/h3>\n<ul data-path-to-node=\"13\">\n<li>\u2705 100 % antirouille et anticorrosion : le principal avantage du plastique. Contrairement \u00e0 l\u2019alliage de zinc, ce bo\u00eetier en plastique haute r\u00e9sistance ne s\u2019oxyde pas et ne se grippe pas. C\u2019est le choix id\u00e9al pour les remorques \u00e0 bateaux, les pulv\u00e9risateurs agricoles et les camions circulant sur des routes sal\u00e9es.  <\/li>\n<li>\u2705 Compatibilit\u00e9 avec les normes ISO : Ajustement universel. Que vous remplaciez une prise endommag\u00e9e sur un tracteur agricole ou une semi-remorque, nos connecteurs suivent les configurations de c\u00e2blage standard \u00e0 7 broches (12 V\/24 V), garantissant la compatibilit\u00e9 avec les syst\u00e8mes existants. <\/li>\n<li>\u2705 Bornes en laiton haute conductivit\u00e9 : Corps en plastique, composants internes de qualit\u00e9 sup\u00e9rieure. Nous utilisons des broches et des bornes en laiton massif pour garantir une faible r\u00e9sistance \u00e9lectrique et une transmission stable du signal pour vos circuits d&rsquo;\u00e9clairage. <\/li>\n<li>\u2705 Conception r\u00e9sistante aux intemp\u00e9ries : La prise est dot\u00e9e d\u2019un clapet \u00e0 ressort qui se ferme automatiquement pour emp\u00eacher la p\u00e9n\u00e9tration de poussi\u00e8re et d\u2019eau lorsqu\u2019elle est d\u00e9branch\u00e9e. La fiche comprend un serre-c\u00e2ble s\u00e9curis\u00e9 pour \u00e9viter toute tension sur les fils et toute infiltration d\u2019eau. <\/li>\n<\/ul>\n<hr data-path-to-node=\"14\">\n<h3 data-path-to-node=\"15\">\ud83d\udd38 Sp\u00e9cifications techniques<\/h3>\n<p data-path-to-node=\"16\"><i data-path-to-node=\"16\" data-index-in-node=\"0\">Lightweight &amp; Durable.<\/i><\/p>\n<table data-path-to-node=\"17\">\n<thead>\n<tr>\n<td>Caract\u00e9ristiques<\/td>\n<td>Sp\u00e9cifications<\/td>\n<\/tr>\n<\/thead>\n<tbody>\n<tr>\n<td>Norme<\/td>\n<td>ISO 1185 (type N) \/ ISO 3731 (type S)<\/td>\n<\/tr>\n<tr>\n<td>Mat\u00e9riau du bo\u00eetier<\/td>\n<td>Plastique technique renforc\u00e9 (noir)<\/td>\n<\/tr>\n<tr>\n<td>Tension<\/td>\n<td>Compatible 12 V \/ 24 V<\/td>\n<\/tr>\n<tr>\n<td>Nombre de broches<\/td>\n<td>7 broches (laiton)<\/td>\n<\/tr>\n<tr>\n<td>Montage<\/td>\n<td>Bride standard \u00e0 2 ou 3 trous<\/td>\n<\/tr>\n<tr>\n<td>Protection<\/td>\n<td>R\u00e9sistant \u00e0 la corrosion, au sel et aux chocs<\/td>\n<\/tr>\n<tr>\n<td>Connexion<\/td>\n<td>Bornes \u00e0 vis (C\u00e2blage facile)<\/td>\n<\/tr>\n<\/tbody>\n<\/table>\n<hr data-path-to-node=\"18\">\n<h3 data-path-to-node=\"19\">\ud83d\udd39 Applications<\/h3>\n<ul data-path-to-node=\"20\">\n<li>\n<p data-path-to-node=\"20,0,0\">Remorques pour bateaux et utilitaires : l\u00e0 o\u00f9 la r\u00e9sistance \u00e0 la corrosion est essentielle.<\/p>\n<\/li>\n<li>\n<p data-path-to-node=\"20,1,0\">Machines agricoles : Tracteurs et moissonneuses-batteuses expos\u00e9s aux engrais.<\/p>\n<\/li>\n<li>\n<p data-path-to-node=\"20,2,0\">Camions commerciaux : Raccordements d\u2019\u00e9clairage g\u00e9n\u00e9ral pour fourgons secs et plateaux.<\/p>\n<\/li>\n<li>\n<p data-path-to-node=\"20,3,0\">Caravanes et camping-cars : points d\u2019attelage l\u00e9gers.<\/p>\n<\/li>\n<\/ul>\n<hr data-path-to-node=\"21\">\n<h3 data-path-to-node=\"22\">\ud83d\udce6 Emballage direct d&rsquo;usine (B2B)<\/h3>\n<p data-path-to-node=\"23\">Victory Technology propose des emballages flexibles pour les grossistes :<\/p>\n<ul data-path-to-node=\"24\">\n<li>\n<p data-path-to-node=\"24,0,0\">Conditionnement pour la vente au d\u00e9tail : 1 fiche + 1 prise par sachet plastique avec carte d\u2019en-t\u00eate.<\/p>\n<\/li>\n<li>\n<p data-path-to-node=\"24,1,0\">Cartons en vrac : 50 \u00e0 100 ensembles par carton (12 \u00e0 18 kg).<\/p>\n<\/li>\n<li>\n<p data-path-to-node=\"24,2,0\">Personnalisation OEM : Nous pouvons apposer votre code-barres ou votre logo sur l\u2019emballage.<\/p>\n<\/li>\n<\/ul>\n<hr data-path-to-node=\"25\">\n<h3 data-path-to-node=\"26\">\ud83d\ude80 Obtenez un devis directement du fabricant<\/h3>\n<p>Pr\u00eat \u00e0 commander ? Nous offrons le meilleur rapport qualit\u00e9-prix pour les connecteurs en plastique en gros. <\/p>\n<p>Remplissez le formulaire ci-dessous pour recevoir notre dernier catalogue et notre liste de prix de gros.<\/p>\n<p data-path-to-node=\"28\"><code data-path-to-node=\"28\" data-index-in-node=\"0\"><div class=\"wpforms-container \" id=\"wpforms-2617\"><form id=\"wpforms-form-2617\" class=\"wpforms-validate wpforms-form wpforms-ajax-form\" data-formid=\"2617\" method=\"post\" enctype=\"multipart\/form-data\" action=\"\/fr\/wp-json\/wp\/v2\/product\/5944\" data-token=\"ad594dcff46f730a44e1ec0f982c2118\" data-token-time=\"1776164336\"><noscript class=\"wpforms-error-noscript\">Veuillez activer JavaScript dans votre navigateur pour remplir ce formulaire.<\/noscript><div class=\"wpforms-field-container\"><div id=\"wpforms-2617-field_1-container\" class=\"wpforms-field wpforms-field-name\" data-field-id=\"1\"><label class=\"wpforms-field-label\" for=\"wpforms-2617-field_1\">Name <span class=\"wpforms-required-label\">*<\/span><\/label><input type=\"text\" id=\"wpforms-2617-field_1\" class=\"wpforms-field-large wpforms-field-required\" name=\"wpforms[fields][1]\" required><\/div><div id=\"wpforms-2617-field_2-container\" class=\"wpforms-field wpforms-field-email\" data-field-id=\"2\"><label class=\"wpforms-field-label\" for=\"wpforms-2617-field_2\">Email <span class=\"wpforms-required-label\">*<\/span><\/label><input type=\"email\" id=\"wpforms-2617-field_2\" class=\"wpforms-field-large wpforms-field-required\" name=\"wpforms[fields][2]\" spellcheck=\"false\" required><\/div><div id=\"wpforms-2617-field_4-container\" class=\"wpforms-field wpforms-field-text\" data-field-id=\"4\"><label class=\"wpforms-field-label\" for=\"wpforms-2617-field_4\">Tel<\/label><input type=\"text\" id=\"wpforms-2617-field_4\" class=\"wpforms-field-medium\" name=\"wpforms[fields][4]\" ><\/div><div id=\"wpforms-2617-field_3-container\" class=\"wpforms-field wpforms-field-textarea\" data-field-id=\"3\"><label class=\"wpforms-field-label\" for=\"wpforms-2617-field_3\"> Message<\/label><textarea id=\"wpforms-2617-field_3\" class=\"wpforms-field-medium\" name=\"wpforms[fields][3]\" ><\/textarea><\/div><\/div><!-- .wpforms-field-container --><div class=\"wpforms-submit-container\" ><input type=\"hidden\" name=\"wpforms[id]\" value=\"2617\"><input type=\"hidden\" name=\"page_title\" value=\"\"><input type=\"hidden\" name=\"page_url\" value=\"https:\/\/airbrakehose.com\/fr\/wp-json\/wp\/v2\/product\/5944\"><input type=\"hidden\" name=\"url_referer\" value=\"\"><button type=\"submit\" name=\"wpforms[submit]\" id=\"wpforms-submit-2617\" class=\"wpforms-submit\" data-alt-text=\"Sending...\" data-submit-text=\"Send Message\" aria-live=\"assertive\" value=\"wpforms-submit\">Send Message<\/button><img decoding=\"async\" src=\"https:\/\/airbrakehose.com\/wp-content\/plugins\/wpforms\/assets\/images\/submit-spin.svg\" class=\"wpforms-submit-spinner\" style=\"display: none;\" width=\"26\" height=\"26\" alt=\"Chargement en cours\"><\/div><\/form><\/div>  <!-- .wpforms-container --><\/code><\/p>\n<p data-path-to-node=\"28\">\n<p data-path-to-node=\"28\"><a href=\"http:\/\/%22Need%20something%20for%20heavy-duty%20impact%20resistance?%20Check%20out%20our%20%5BMetal%207-Pin%20Set%5D.%22\"><strong>\u00ab\u00a0Besoin d&rsquo;une r\u00e9sistance aux chocs extr\u00eame ? D\u00e9couvrez notre [jeu de 7 broches en m\u00e9tal].<\/strong><\/a><\/p>\n","protected":false},"excerpt":{"rendered":"<p data-path-to-node=\"32\"><b data-path-to-node=\"32\" data-index-in-node=\"0\">Jeu de prise et de fiche de remorque en plastique \u00e0 7 broches (norme ISO).<\/b><\/p>\n<p data-path-to-node=\"33\">Kit de connecteurs l\u00e9gers et r\u00e9sistants \u00e0 la corrosion pour syst\u00e8mes 12V\/24V.<\/p>\n<ul data-path-to-node=\"34\">\n<li>\n<p data-path-to-node=\"34,0,0\">Mat\u00e9riau : Plastique renforc\u00e9 (antirouille).<\/p>\n<\/li>\n<li>\n<p data-path-to-node=\"34,1,0\">Norme : Compatible ISO 1185 \/ 3731.<\/p>\n<\/li>\n<li>\n<p data-path-to-node=\"34,2,0\">Broches : 7 bornes en laiton.<\/p>\n<\/li>\n<li>\n<p data-path-to-node=\"34,3,0\">Caract\u00e9ristiques : Couvercle \u00e0 ressort et serre-c\u00e2ble.<\/p>\n<\/li>\n<li>\n<p data-path-to-node=\"34,4,0\">Utilis\u00e9 : Camions, Remorques, Agriculture, Marine.<\/p>\n<\/li>\n<\/ul>\n<p data-path-to-node=\"35\"><b data-path-to-node=\"35\" data-index-in-node=\"0\">En stock et pr\u00eat \u00e0 \u00eatre exp\u00e9di\u00e9.<\/b><\/p>\n","protected":false},"featured_media":3443,"template":"","meta":{"_monsterinsights_skip_tracking":false,"_monsterinsights_sitenote_active":false,"_monsterinsights_sitenote_note":"","_monsterinsights_sitenote_category":0,"site-sidebar-layout":"default","site-content-layout":"","ast-site-content-layout":"default","site-content-style":"default","site-sidebar-style":"default","ast-global-header-display":"","ast-banner-title-visibility":"","ast-main-header-display":"","ast-hfb-above-header-display":"","ast-hfb-below-header-display":"","ast-hfb-mobile-header-display":"","site-post-title":"","ast-breadcrumbs-content":"","ast-featured-img":"","footer-sml-layout":"","ast-disable-related-posts":"","theme-transparent-header-meta":"default","adv-header-id-meta":"","stick-header-meta":"","header-above-stick-meta":"","header-main-stick-meta":"","header-below-stick-meta":"","astra-migrate-meta-layouts":"default","ast-page-background-enabled":"default","ast-page-background-meta":{"desktop":{"background-color":"","background-image":"","background-repeat":"repeat","background-position":"center center","background-size":"auto","background-attachment":"scroll","background-type":"","background-media":"","overlay-type":"","overlay-color":"","overlay-opacity":"","overlay-gradient":""},"tablet":{"background-color":"","background-image":"","background-repeat":"repeat","background-position":"center center","background-size":"auto","background-attachment":"scroll","background-type":"","background-media":"","overlay-type":"","overlay-color":"","overlay-opacity":"","overlay-gradient":""},"mobile":{"background-color":"","background-image":"","background-repeat":"repeat","background-position":"center center","background-size":"auto","background-attachment":"scroll","background-type":"","background-media":"","overlay-type":"","overlay-color":"","overlay-opacity":"","overlay-gradient":""}},"ast-content-background-meta":{"desktop":{"background-color":"var(--ast-global-color-5)","background-image":"","background-repeat":"repeat","background-position":"center center","background-size":"auto","background-attachment":"scroll","background-type":"","background-media":"","overlay-type":"","overlay-color":"","overlay-opacity":"","overlay-gradient":""},"tablet":{"background-color":"var(--ast-global-color-5)","background-image":"","background-repeat":"repeat","background-position":"center center","background-size":"auto","background-attachment":"scroll","background-type":"","background-media":"","overlay-type":"","overlay-color":"","overlay-opacity":"","overlay-gradient":""},"mobile":{"background-color":"var(--ast-global-color-5)","background-image":"","background-repeat":"repeat","background-position":"center center","background-size":"auto","background-attachment":"scroll","background-type":"","background-media":"","overlay-type":"","overlay-color":"","overlay-opacity":"","overlay-gradient":""}},"_joinchat":[]},"product_brand":[1193],"product_cat":[7454,7512],"product_tag":[8597,8592,8504,8599,8595,8408,8600,8593,8602,8407,8596,8591,8594,8598,8601,7697],"class_list":{"0":"post-5944","1":"product","2":"type-product","3":"status-publish","4":"has-post-thumbnail","6":"product_brand-victory-tech","7":"product_cat-cables-et-prises-electriques-pour-remorque","8":"product_cat-fiches-prises-et-adaptateurs","9":"product_tag-connecteur-de-remorque-a-7-broches","10":"product_tag-connecteur-de-remorque-iso-1185","11":"product_tag-connecteur-electrique-de-remorque-a-7-broches","12":"product_tag-corrosion-proof-connector","13":"product_tag-ensemble-de-prise-et-de-fiche-de-remorquage-leger","14":"product_tag-iso-1185","15":"product_tag-pieces-de-cablage-de-remorque","16":"product_tag-prise-de-cablage-pour-remorque-de-camion","17":"product_tag-prise-de-remorque-12v","18":"product_tag-prise-de-remorque-a-7-broches","19":"product_tag-prise-de-remorque-en-plastique","20":"product_tag-prise-de-remorque-en-plastique-a-7-broches","21":"product_tag-prise-de-remorque-etanche","22":"product_tag-prise-de-type-n","23":"product_tag-prise-pour-remorque-de-bateau","24":"product_tag-technologie-de-la-victoire","25":"desktop-align-left","26":"tablet-align-left","27":"mobile-align-left","29":"first","30":"instock","31":"shipping-taxable","32":"product-type-simple"},"yoast_head":"<!-- This site is optimized with the Yoast SEO Premium plugin v26.4 (Yoast SEO v27.0) - https:\/\/yoast.com\/product\/yoast-seo-premium-wordpress\/ -->\n<title>Jeu de prise et connecteur 7 broches pour remorque (plastique) - R\u00e9sistant \u00e0 la rouille | Victory Tech<\/title>\n<meta name=\"description\" content=\"D\u00e9couvrez nos kits de prises et fiches de remorque 7 broches en plastique. Connecteurs ISO 1185 anticorrosion, parfaits pour les applications c\u00f4ti\u00e8res et agricoles. L\u00e9gers et r\u00e9sistants. Vente directe d&#039;usine.\" \/>\n<meta name=\"robots\" content=\"index, follow, max-snippet:-1, max-image-preview:large, max-video-preview:-1\" \/>\n<link rel=\"canonical\" href=\"https:\/\/airbrakehose.com\/fr\/produit\/ensemble-de-prise-et-fiche-en-plastique-a-7-broches-pour-remorque-connecteurs-electriques-legers-pour-systemes-de-camions-et-de-remorques\/\" \/>\n<meta property=\"og:locale\" content=\"fr_FR\" \/>\n<meta property=\"og:type\" content=\"article\" \/>\n<meta property=\"og:title\" content=\"Ensemble de prise et fiche en plastique \u00e0 7 broches pour remorque, connecteurs \u00e9lectriques l\u00e9gers pour syst\u00e8mes de camions et de remorques\" \/>\n<meta property=\"og:description\" content=\"D\u00e9couvrez nos kits de prises et fiches de remorque 7 broches en plastique. Connecteurs ISO 1185 anticorrosion, parfaits pour les applications c\u00f4ti\u00e8res et agricoles. L\u00e9gers et r\u00e9sistants. Vente directe d&#039;usine.\" \/>\n<meta property=\"og:url\" content=\"https:\/\/airbrakehose.com\/fr\/produit\/ensemble-de-prise-et-fiche-en-plastique-a-7-broches-pour-remorque-connecteurs-electriques-legers-pour-systemes-de-camions-et-de-remorques\/\" \/>\n<meta property=\"og:site_name\" content=\"Victory Tech.\" \/>\n<meta property=\"article:publisher\" content=\"https:\/\/www.facebook.com\/aokeautoparts\" \/>\n<meta property=\"og:image\" content=\"https:\/\/airbrakehose.com\/wp-content\/uploads\/2025\/12\/\u5fae\u4fe1\u56fe\u7247_20250310175832.jpg\" \/>\n\t<meta property=\"og:image:width\" content=\"800\" \/>\n\t<meta property=\"og:image:height\" content=\"800\" \/>\n\t<meta property=\"og:image:type\" content=\"image\/jpeg\" \/>\n<meta name=\"twitter:card\" content=\"summary_large_image\" \/>\n<meta name=\"twitter:label1\" content=\"Dur\u00e9e de lecture estim\u00e9e\" \/>\n\t<meta name=\"twitter:data1\" content=\"3 minutes\" \/>\n<script type=\"application\/ld+json\" class=\"yoast-schema-graph\">{\"@context\":\"https:\/\/schema.org\",\"@graph\":[{\"@type\":\"WebPage\",\"@id\":\"https:\/\/airbrakehose.com\/fr\/produit\/ensemble-de-prise-et-fiche-en-plastique-a-7-broches-pour-remorque-connecteurs-electriques-legers-pour-systemes-de-camions-et-de-remorques\/\",\"url\":\"https:\/\/airbrakehose.com\/fr\/produit\/ensemble-de-prise-et-fiche-en-plastique-a-7-broches-pour-remorque-connecteurs-electriques-legers-pour-systemes-de-camions-et-de-remorques\/\",\"name\":\"Jeu de prise et connecteur 7 broches pour remorque (plastique) - R\u00e9sistant \u00e0 la rouille | Victory Tech\",\"isPartOf\":{\"@id\":\"https:\/\/airbrakehose.com\/fr\/#website\"},\"primaryImageOfPage\":{\"@id\":\"https:\/\/airbrakehose.com\/fr\/produit\/ensemble-de-prise-et-fiche-en-plastique-a-7-broches-pour-remorque-connecteurs-electriques-legers-pour-systemes-de-camions-et-de-remorques\/#primaryimage\"},\"image\":{\"@id\":\"https:\/\/airbrakehose.com\/fr\/produit\/ensemble-de-prise-et-fiche-en-plastique-a-7-broches-pour-remorque-connecteurs-electriques-legers-pour-systemes-de-camions-et-de-remorques\/#primaryimage\"},\"thumbnailUrl\":\"https:\/\/airbrakehose.com\/wp-content\/uploads\/2025\/12\/\u5fae\u4fe1\u56fe\u7247_20250310175832.jpg\",\"datePublished\":\"2025-12-11T03:30:32+00:00\",\"description\":\"D\u00e9couvrez nos kits de prises et fiches de remorque 7 broches en plastique. Connecteurs ISO 1185 anticorrosion, parfaits pour les applications c\u00f4ti\u00e8res et agricoles. L\u00e9gers et r\u00e9sistants. Vente directe d'usine.\",\"breadcrumb\":{\"@id\":\"https:\/\/airbrakehose.com\/fr\/produit\/ensemble-de-prise-et-fiche-en-plastique-a-7-broches-pour-remorque-connecteurs-electriques-legers-pour-systemes-de-camions-et-de-remorques\/#breadcrumb\"},\"inLanguage\":\"fr-FR\",\"potentialAction\":[{\"@type\":\"ReadAction\",\"target\":[\"https:\/\/airbrakehose.com\/fr\/produit\/ensemble-de-prise-et-fiche-en-plastique-a-7-broches-pour-remorque-connecteurs-electriques-legers-pour-systemes-de-camions-et-de-remorques\/\"]}]},{\"@type\":\"ImageObject\",\"inLanguage\":\"fr-FR\",\"@id\":\"https:\/\/airbrakehose.com\/fr\/produit\/ensemble-de-prise-et-fiche-en-plastique-a-7-broches-pour-remorque-connecteurs-electriques-legers-pour-systemes-de-camions-et-de-remorques\/#primaryimage\",\"url\":\"https:\/\/airbrakehose.com\/wp-content\/uploads\/2025\/12\/\u5fae\u4fe1\u56fe\u7247_20250310175832.jpg\",\"contentUrl\":\"https:\/\/airbrakehose.com\/wp-content\/uploads\/2025\/12\/\u5fae\u4fe1\u56fe\u7247_20250310175832.jpg\",\"width\":800,\"height\":800},{\"@type\":\"BreadcrumbList\",\"@id\":\"https:\/\/airbrakehose.com\/fr\/produit\/ensemble-de-prise-et-fiche-en-plastique-a-7-broches-pour-remorque-connecteurs-electriques-legers-pour-systemes-de-camions-et-de-remorques\/#breadcrumb\",\"itemListElement\":[{\"@type\":\"ListItem\",\"position\":1,\"name\":\"\u9996\u9875\",\"item\":\"https:\/\/airbrakehose.com\/fr\/maison\/\"},{\"@type\":\"ListItem\",\"position\":2,\"name\":\"boutique\",\"item\":\"https:\/\/airbrakehose.com\/shop\/\"},{\"@type\":\"ListItem\",\"position\":3,\"name\":\"Ensemble de prise et fiche en plastique \u00e0 7 broches pour remorque, connecteurs \u00e9lectriques l\u00e9gers pour syst\u00e8mes de camions et de remorques\"}]},{\"@type\":\"WebSite\",\"@id\":\"https:\/\/airbrakehose.com\/fr\/#website\",\"url\":\"https:\/\/airbrakehose.com\/fr\/\",\"name\":\"Victory Technology\",\"description\":\"Industrial Hose &amp; Air Brake Solutions\",\"potentialAction\":[{\"@type\":\"SearchAction\",\"target\":{\"@type\":\"EntryPoint\",\"urlTemplate\":\"https:\/\/airbrakehose.com\/fr\/?s={search_term_string}\"},\"query-input\":{\"@type\":\"PropertyValueSpecification\",\"valueRequired\":true,\"valueName\":\"search_term_string\"}}],\"inLanguage\":\"fr-FR\"}]}<\/script>\n<!-- \/ Yoast SEO Premium plugin. -->","yoast_head_json":{"title":"Jeu de prise et connecteur 7 broches pour remorque (plastique) - R\u00e9sistant \u00e0 la rouille | Victory Tech","description":"D\u00e9couvrez nos kits de prises et fiches de remorque 7 broches en plastique. Connecteurs ISO 1185 anticorrosion, parfaits pour les applications c\u00f4ti\u00e8res et agricoles. L\u00e9gers et r\u00e9sistants. Vente directe d'usine.","robots":{"index":"index","follow":"follow","max-snippet":"max-snippet:-1","max-image-preview":"max-image-preview:large","max-video-preview":"max-video-preview:-1"},"canonical":"https:\/\/airbrakehose.com\/fr\/produit\/ensemble-de-prise-et-fiche-en-plastique-a-7-broches-pour-remorque-connecteurs-electriques-legers-pour-systemes-de-camions-et-de-remorques\/","og_locale":"fr_FR","og_type":"article","og_title":"Ensemble de prise et fiche en plastique \u00e0 7 broches pour remorque, connecteurs \u00e9lectriques l\u00e9gers pour syst\u00e8mes de camions et de remorques","og_description":"D\u00e9couvrez nos kits de prises et fiches de remorque 7 broches en plastique. Connecteurs ISO 1185 anticorrosion, parfaits pour les applications c\u00f4ti\u00e8res et agricoles. L\u00e9gers et r\u00e9sistants. Vente directe d'usine.","og_url":"https:\/\/airbrakehose.com\/fr\/produit\/ensemble-de-prise-et-fiche-en-plastique-a-7-broches-pour-remorque-connecteurs-electriques-legers-pour-systemes-de-camions-et-de-remorques\/","og_site_name":"Victory Tech.","article_publisher":"https:\/\/www.facebook.com\/aokeautoparts","og_image":[{"width":800,"height":800,"url":"https:\/\/airbrakehose.com\/wp-content\/uploads\/2025\/12\/\u5fae\u4fe1\u56fe\u7247_20250310175832.jpg","type":"image\/jpeg"}],"twitter_card":"summary_large_image","twitter_misc":{"Dur\u00e9e de lecture estim\u00e9e":"3 minutes"},"schema":{"@context":"https:\/\/schema.org","@graph":[{"@type":"WebPage","@id":"https:\/\/airbrakehose.com\/fr\/produit\/ensemble-de-prise-et-fiche-en-plastique-a-7-broches-pour-remorque-connecteurs-electriques-legers-pour-systemes-de-camions-et-de-remorques\/","url":"https:\/\/airbrakehose.com\/fr\/produit\/ensemble-de-prise-et-fiche-en-plastique-a-7-broches-pour-remorque-connecteurs-electriques-legers-pour-systemes-de-camions-et-de-remorques\/","name":"Jeu de prise et connecteur 7 broches pour remorque (plastique) - R\u00e9sistant \u00e0 la rouille | Victory Tech","isPartOf":{"@id":"https:\/\/airbrakehose.com\/fr\/#website"},"primaryImageOfPage":{"@id":"https:\/\/airbrakehose.com\/fr\/produit\/ensemble-de-prise-et-fiche-en-plastique-a-7-broches-pour-remorque-connecteurs-electriques-legers-pour-systemes-de-camions-et-de-remorques\/#primaryimage"},"image":{"@id":"https:\/\/airbrakehose.com\/fr\/produit\/ensemble-de-prise-et-fiche-en-plastique-a-7-broches-pour-remorque-connecteurs-electriques-legers-pour-systemes-de-camions-et-de-remorques\/#primaryimage"},"thumbnailUrl":"https:\/\/airbrakehose.com\/wp-content\/uploads\/2025\/12\/\u5fae\u4fe1\u56fe\u7247_20250310175832.jpg","datePublished":"2025-12-11T03:30:32+00:00","description":"D\u00e9couvrez nos kits de prises et fiches de remorque 7 broches en plastique. Connecteurs ISO 1185 anticorrosion, parfaits pour les applications c\u00f4ti\u00e8res et agricoles. L\u00e9gers et r\u00e9sistants. Vente directe d'usine.","breadcrumb":{"@id":"https:\/\/airbrakehose.com\/fr\/produit\/ensemble-de-prise-et-fiche-en-plastique-a-7-broches-pour-remorque-connecteurs-electriques-legers-pour-systemes-de-camions-et-de-remorques\/#breadcrumb"},"inLanguage":"fr-FR","potentialAction":[{"@type":"ReadAction","target":["https:\/\/airbrakehose.com\/fr\/produit\/ensemble-de-prise-et-fiche-en-plastique-a-7-broches-pour-remorque-connecteurs-electriques-legers-pour-systemes-de-camions-et-de-remorques\/"]}]},{"@type":"ImageObject","inLanguage":"fr-FR","@id":"https:\/\/airbrakehose.com\/fr\/produit\/ensemble-de-prise-et-fiche-en-plastique-a-7-broches-pour-remorque-connecteurs-electriques-legers-pour-systemes-de-camions-et-de-remorques\/#primaryimage","url":"https:\/\/airbrakehose.com\/wp-content\/uploads\/2025\/12\/\u5fae\u4fe1\u56fe\u7247_20250310175832.jpg","contentUrl":"https:\/\/airbrakehose.com\/wp-content\/uploads\/2025\/12\/\u5fae\u4fe1\u56fe\u7247_20250310175832.jpg","width":800,"height":800},{"@type":"BreadcrumbList","@id":"https:\/\/airbrakehose.com\/fr\/produit\/ensemble-de-prise-et-fiche-en-plastique-a-7-broches-pour-remorque-connecteurs-electriques-legers-pour-systemes-de-camions-et-de-remorques\/#breadcrumb","itemListElement":[{"@type":"ListItem","position":1,"name":"\u9996\u9875","item":"https:\/\/airbrakehose.com\/fr\/maison\/"},{"@type":"ListItem","position":2,"name":"boutique","item":"https:\/\/airbrakehose.com\/shop\/"},{"@type":"ListItem","position":3,"name":"Ensemble de prise et fiche en plastique \u00e0 7 broches pour remorque, connecteurs \u00e9lectriques l\u00e9gers pour syst\u00e8mes de camions et de remorques"}]},{"@type":"WebSite","@id":"https:\/\/airbrakehose.com\/fr\/#website","url":"https:\/\/airbrakehose.com\/fr\/","name":"Victory Technology","description":"Industrial Hose &amp; Air Brake Solutions","potentialAction":[{"@type":"SearchAction","target":{"@type":"EntryPoint","urlTemplate":"https:\/\/airbrakehose.com\/fr\/?s={search_term_string}"},"query-input":{"@type":"PropertyValueSpecification","valueRequired":true,"valueName":"search_term_string"}}],"inLanguage":"fr-FR"}]}},"_links":{"self":[{"href":"https:\/\/airbrakehose.com\/fr\/wp-json\/wp\/v2\/product\/5944","targetHints":{"allow":["GET"]}}],"collection":[{"href":"https:\/\/airbrakehose.com\/fr\/wp-json\/wp\/v2\/product"}],"about":[{"href":"https:\/\/airbrakehose.com\/fr\/wp-json\/wp\/v2\/types\/product"}],"wp:featuredmedia":[{"embeddable":true,"href":"https:\/\/airbrakehose.com\/fr\/wp-json\/wp\/v2\/media\/3443"}],"wp:attachment":[{"href":"https:\/\/airbrakehose.com\/fr\/wp-json\/wp\/v2\/media?parent=5944"}],"wp:term":[{"taxonomy":"product_brand","embeddable":true,"href":"https:\/\/airbrakehose.com\/fr\/wp-json\/wp\/v2\/product_brand?post=5944"},{"taxonomy":"product_cat","embeddable":true,"href":"https:\/\/airbrakehose.com\/fr\/wp-json\/wp\/v2\/product_cat?post=5944"},{"taxonomy":"product_tag","embeddable":true,"href":"https:\/\/airbrakehose.com\/fr\/wp-json\/wp\/v2\/product_tag?post=5944"}],"curies":[{"name":"wp","href":"https:\/\/api.w.org\/{rel}","templated":true}]}}