{"id":5738,"date":"2025-12-10T07:40:28","date_gmt":"2025-12-10T07:40:28","guid":{"rendered":"https:\/\/airbrakehose.com\/product\/ressorts-de-tension-haute-resistance-15-cm-17-cm-20-cm-ressorts-de-rappel-de-frein-zingues-victory-technology\/"},"modified":"2025-12-10T07:40:28","modified_gmt":"2025-12-10T07:40:28","slug":"ressorts-de-tension-haute-resistance-15-cm-17-cm-20-cm-ressorts-de-rappel-de-frein-zingues-victory-technology","status":"publish","type":"product","link":"https:\/\/airbrakehose.com\/fr\/produit\/ressorts-de-tension-haute-resistance-15-cm-17-cm-20-cm-ressorts-de-rappel-de-frein-zingues-victory-technology\/","title":{"rendered":"Ressorts de tension haute r\u00e9sistance (15 cm, 17 cm, 20 cm) &#8211; Ressorts de rappel de frein zingu\u00e9s | Victory Technology"},"content":{"rendered":"<h3 data-path-to-node=\"7\">\ud83d\udccc Pr\u00e9sentation du produit<\/h3>\n<p data-path-to-node=\"8\"><b data-path-to-node=\"8\" data-index-in-node=\"0\">Tension fiable. Protection antirouille sup\u00e9rieure. <\/b><\/p>\n<p data-path-to-node=\"9\">Dans les syst\u00e8mes de freinage pneumatique et les liaisons m\u00e9caniques, un ressort faible signifie un frein qui tra\u00eene ou un levier l\u00e2che.1 Les ressorts de tension robustes de Victory Technology sont con\u00e7us pour fournir une action de retour constante et \u00e0 force \u00e9lev\u00e9e pour les ajusteurs de freins de camions, les ajusteurs de jeu et les machines industrielles.<\/p>\n<p data-path-to-node=\"10\">Disponibles en trois longueurs standard (15 cm, 17 cm et 20 cm), ces ressorts de traction sont fabriqu\u00e9s en acier \u00e0 ressort haute r\u00e9sistance pour une durabilit\u00e9 optimale, m\u00eame apr\u00e8s des milliers de cycles. Leur rev\u00eatement en zinc r\u00e9sistant leur conf\u00e8re une robustesse \u00e0 toute \u00e9preuve, les prot\u00e9geant des conditions difficiles du ch\u00e2ssis et de la corrosion due au sel de d\u00e9neigement, \u00e0 l&rsquo;humidit\u00e9 et \u00e0 la boue. <\/p>\n<hr data-path-to-node=\"11\">\n<h3 data-path-to-node=\"12\">\ud83d\udd39 Pourquoi choisir les ressorts de tension Victory ?<\/h3>\n<ul data-path-to-node=\"13\">\n<li>\u2705 Trois tailles essentielles : Nous avons en stock les tailles les plus courantes pour l&rsquo;entretien des flottes :\n<ul data-path-to-node=\"13,0,1\">\n<li>\n<p data-path-to-node=\"13,0,1,0,0\">15 cm : Pour les m\u00e9canismes compacts et les petites tringleries de freinage.<\/p>\n<\/li>\n<li>\n<p data-path-to-node=\"13,0,1,1,0\">17 cm : La taille standard pour de nombreux retours de r\u00e9glage de freins de camions.<\/p>\n<\/li>\n<li>\n<p data-path-to-node=\"13,0,1,2,0\">20 cm : Pour les liaisons robustes n\u00e9cessitant une port\u00e9e \u00e9tendue.<\/p>\n<\/li>\n<\/ul>\n<\/li>\n<li>\u2705 R\u00e9sistance \u00e0 la corrosion gr\u00e2ce au zingage : contrairement aux ressorts qui rouillent et cassent, nos ressorts sont enti\u00e8rement zingu\u00e9s (galvanis\u00e9s) pour une protection optimale contre l\u2019oxydation. Ceci prolonge consid\u00e9rablement leur dur\u00e9e de vie par rapport aux ressorts en oxyde noir non trait\u00e9s.  <\/li>\n<li>\u2705 Acier \u00e0 ressort haute r\u00e9sistance \u00e0 la fatigue : con\u00e7u pour reprendre sa forme initiale. Nous utilisons un acier \u00e0 ressort \u00e0 haute teneur en carbone de qualit\u00e9 sup\u00e9rieure qui conserve son \u00e9lasticit\u00e9 et sa force de traction m\u00eame apr\u00e8s des \u00e9tirements et des vibrations constants. <\/li>\n<li>\u2705 Crochets ouverts s\u00e9curis\u00e9s : con\u00e7us pour une installation facile. Les extr\u00e9mit\u00e9s robustes des crochets offrent un point de fixation s\u00fbr aux m\u00e2choires de frein, aux leviers ou aux longerons du cadre, garantissant qu\u2019ils ne glisseront pas sous la charge. <\/li>\n<\/ul>\n<hr data-path-to-node=\"14\">\n<h3 data-path-to-node=\"15\">\ud83d\udd38 Sp\u00e9cifications techniques<\/h3>\n<p data-path-to-node=\"16\"><i data-path-to-node=\"16\" data-index-in-node=\"0\">Con\u00e7u pour les syst\u00e8mes de retour \u00e0 usage intensif.<\/i><\/p>\n<table data-path-to-node=\"17\">\n<thead>\n<tr>\n<td>Caract\u00e9ristiques<\/td>\n<td>Sp\u00e9cifications<\/td>\n<\/tr>\n<\/thead>\n<tbody>\n<tr>\n<td>Type de produit<\/td>\n<td>Ressort de tension\/extension h\u00e9lico\u00efdal<\/td>\n<\/tr>\n<tr>\n<td>Mat\u00e9riau<\/td>\n<td>Acier \u00e0 ressort haute r\u00e9sistance<\/td>\n<\/tr>\n<tr>\n<td>Finition de surface<\/td>\n<td>Zingu\u00e9 (finition argent\/or)<\/td>\n<\/tr>\n<tr>\n<td>Longueurs disponibles<\/td>\n<td>150 mm (15 cm), 170 mm (17 cm), 200 mm (20 cm)<\/td>\n<\/tr>\n<tr>\n<td>Diam\u00e8tre du fil<\/td>\n<td>2,0 mm \u2013 3,5 mm (usage intensif)<\/td>\n<\/tr>\n<tr>\n<td>Type d&rsquo;extr\u00e9mit\u00e9<\/td>\n<td>Extr\u00e9mit\u00e9s \u00e0 crochet ouvert<\/td>\n<\/tr>\n<tr>\n<td>Application<\/td>\n<td>Retour de frein, correcteur de jeu, tension du verrou<\/td>\n<\/tr>\n<\/tbody>\n<\/table>\n<hr data-path-to-node=\"18\">\n<h3 data-path-to-node=\"19\">\ud83d\udd39 Applications<\/h3>\n<ul data-path-to-node=\"20\">\n<li>\n<p data-path-to-node=\"20,0,0\">Freins pour camions et remorques : ressorts de rappel des m\u00e2choires de frein et ressorts de rappel des dispositifs de r\u00e9glage du jeu.<\/p>\n<\/li>\n<li>\n<p data-path-to-node=\"20,1,0\">Machines industrielles : Ensembles de retour m\u00e9canique pour leviers et p\u00e9dales.<\/p>\n<\/li>\n<li>\n<p data-path-to-node=\"20,2,0\">Agriculture : Mise en tension des cha\u00eenes et des courroies sur les tracteurs et les moissonneuses-batteuses.<\/p>\n<\/li>\n<li>\n<p data-path-to-node=\"20,3,0\">Usage g\u00e9n\u00e9ral : Fixation de verrous lourds, de rampes et de supports d&rsquo;\u00e9chappement.<\/p>\n<\/li>\n<\/ul>\n<hr data-path-to-node=\"21\">\n<h3 data-path-to-node=\"22\">\ud83d\udce6 Emballage direct d&rsquo;usine (B2B)<\/h3>\n<p data-path-to-node=\"23\">Victory Technology propose des solutions en vrac pour les distributeurs de pi\u00e8ces d\u00e9tach\u00e9es :2<\/p>\n<ul data-path-to-node=\"24\">\n<li>\n<p data-path-to-node=\"24,0,0\">Cartons en vrac : 50 \u00e0 200 pi\u00e8ces par carton (selon la taille).<\/p>\n<\/li>\n<li>\n<p data-path-to-node=\"24,1,0\">Protection contre la rouille : les ressorts sont l\u00e9g\u00e8rement huil\u00e9s ou rev\u00eatus pour les prot\u00e9ger pendant le transport.<\/p>\n<\/li>\n<li>\n<p data-path-to-node=\"24,2,0\">Personnalisation : Nous pouvons fabriquer des fils de diam\u00e8tres ou de longueurs personnalis\u00e9s pour les commandes OEM.<\/p>\n<\/li>\n<\/ul>\n<hr data-path-to-node=\"25\">\n<h3 data-path-to-node=\"26\">\ud83d\ude80 Obtenez un devis directement du fabricant<\/h3>\n<p>Besoin de faire le plein de consommables d&rsquo;atelier ?<\/p>\n<p>Remplissez le formulaire ci-dessous pour recevoir notre dernier catalogue et notre liste de prix de gros.<\/p>\n<p data-path-to-node=\"28\"><code data-path-to-node=\"28\" data-index-in-node=\"0\"><div class=\"wpforms-container \" id=\"wpforms-2617\"><form id=\"wpforms-form-2617\" class=\"wpforms-validate wpforms-form wpforms-ajax-form\" data-formid=\"2617\" method=\"post\" enctype=\"multipart\/form-data\" action=\"\/fr\/wp-json\/wp\/v2\/product\/5738\" data-token=\"ad594dcff46f730a44e1ec0f982c2118\" data-token-time=\"1776167695\"><noscript class=\"wpforms-error-noscript\">Veuillez activer JavaScript dans votre navigateur pour remplir ce formulaire.<\/noscript><div class=\"wpforms-field-container\"><div id=\"wpforms-2617-field_1-container\" class=\"wpforms-field wpforms-field-name\" data-field-id=\"1\"><label class=\"wpforms-field-label\" for=\"wpforms-2617-field_1\">Name <span class=\"wpforms-required-label\">*<\/span><\/label><input type=\"text\" id=\"wpforms-2617-field_1\" class=\"wpforms-field-large wpforms-field-required\" name=\"wpforms[fields][1]\" required><\/div><div id=\"wpforms-2617-field_2-container\" class=\"wpforms-field wpforms-field-email\" data-field-id=\"2\"><label class=\"wpforms-field-label\" for=\"wpforms-2617-field_2\">Email <span class=\"wpforms-required-label\">*<\/span><\/label><input type=\"email\" id=\"wpforms-2617-field_2\" class=\"wpforms-field-large wpforms-field-required\" name=\"wpforms[fields][2]\" spellcheck=\"false\" required><\/div><div id=\"wpforms-2617-field_4-container\" class=\"wpforms-field wpforms-field-text\" data-field-id=\"4\"><label class=\"wpforms-field-label\" for=\"wpforms-2617-field_4\">Tel<\/label><input type=\"text\" id=\"wpforms-2617-field_4\" class=\"wpforms-field-medium\" name=\"wpforms[fields][4]\" ><\/div><div id=\"wpforms-2617-field_3-container\" class=\"wpforms-field wpforms-field-textarea\" data-field-id=\"3\"><label class=\"wpforms-field-label\" for=\"wpforms-2617-field_3\"> Message<\/label><textarea id=\"wpforms-2617-field_3\" class=\"wpforms-field-medium\" name=\"wpforms[fields][3]\" ><\/textarea><\/div><\/div><!-- .wpforms-field-container --><div class=\"wpforms-submit-container\" ><input type=\"hidden\" name=\"wpforms[id]\" value=\"2617\"><input type=\"hidden\" name=\"page_title\" value=\"\"><input type=\"hidden\" name=\"page_url\" value=\"https:\/\/airbrakehose.com\/fr\/wp-json\/wp\/v2\/product\/5738\"><input type=\"hidden\" name=\"url_referer\" value=\"\"><button type=\"submit\" name=\"wpforms[submit]\" id=\"wpforms-submit-2617\" class=\"wpforms-submit\" data-alt-text=\"Sending...\" data-submit-text=\"Send Message\" aria-live=\"assertive\" value=\"wpforms-submit\">Send Message<\/button><img decoding=\"async\" src=\"https:\/\/airbrakehose.com\/wp-content\/plugins\/wpforms\/assets\/images\/submit-spin.svg\" class=\"wpforms-submit-spinner\" style=\"display: none;\" width=\"26\" height=\"26\" alt=\"Chargement en cours\"><\/div><\/form><\/div>  <!-- .wpforms-container --><\/code><\/p>\n","protected":false},"excerpt":{"rendered":"<p data-path-to-node=\"32\"><b data-path-to-node=\"32\" data-index-in-node=\"0\">Ressorts de tension robustes zingu\u00e9s (retour de frein).<\/b><\/p>\n<p data-path-to-node=\"33\">Ressorts de traction haute r\u00e9sistance pour camions et machines.<\/p>\n<ul data-path-to-node=\"34\">\n<li>\n<p data-path-to-node=\"34,0,0\">Longueurs : 15 cm, 17 cm, 20 cm.<\/p>\n<\/li>\n<li>\n<p data-path-to-node=\"34,1,0\">Mat\u00e9riau : Acier \u00e0 ressort avec placage de zinc.<\/p>\n<\/li>\n<li>\n<p data-path-to-node=\"34,2,0\">Caract\u00e9ristiques : Antirouille et haute r\u00e9sistance \u00e0 la fatigue.<\/p>\n<\/li>\n<li>\n<p data-path-to-node=\"34,3,0\">Extr\u00e9mit\u00e9s : Crochets ouverts s\u00e9curis\u00e9s.<\/p>\n<\/li>\n<li>\n<p data-path-to-node=\"34,4,0\">Utilisation : Retour de frein, correcteurs de jeu, tringleries.<\/p>\n<\/li>\n<\/ul>\n<p data-path-to-node=\"35\"><b data-path-to-node=\"35\" data-index-in-node=\"0\">En stock et pr\u00eat \u00e0 \u00eatre exp\u00e9di\u00e9.<\/b><\/p>\n","protected":false},"featured_media":3434,"template":"","meta":{"_monsterinsights_skip_tracking":false,"_monsterinsights_sitenote_active":false,"_monsterinsights_sitenote_note":"","_monsterinsights_sitenote_category":0,"site-sidebar-layout":"default","site-content-layout":"","ast-site-content-layout":"default","site-content-style":"default","site-sidebar-style":"default","ast-global-header-display":"","ast-banner-title-visibility":"","ast-main-header-display":"","ast-hfb-above-header-display":"","ast-hfb-below-header-display":"","ast-hfb-mobile-header-display":"","site-post-title":"","ast-breadcrumbs-content":"","ast-featured-img":"","footer-sml-layout":"","ast-disable-related-posts":"","theme-transparent-header-meta":"default","adv-header-id-meta":"","stick-header-meta":"","header-above-stick-meta":"","header-main-stick-meta":"","header-below-stick-meta":"","astra-migrate-meta-layouts":"default","ast-page-background-enabled":"default","ast-page-background-meta":{"desktop":{"background-color":"","background-image":"","background-repeat":"repeat","background-position":"center center","background-size":"auto","background-attachment":"scroll","background-type":"","background-media":"","overlay-type":"","overlay-color":"","overlay-opacity":"","overlay-gradient":""},"tablet":{"background-color":"","background-image":"","background-repeat":"repeat","background-position":"center center","background-size":"auto","background-attachment":"scroll","background-type":"","background-media":"","overlay-type":"","overlay-color":"","overlay-opacity":"","overlay-gradient":""},"mobile":{"background-color":"","background-image":"","background-repeat":"repeat","background-position":"center center","background-size":"auto","background-attachment":"scroll","background-type":"","background-media":"","overlay-type":"","overlay-color":"","overlay-opacity":"","overlay-gradient":""}},"ast-content-background-meta":{"desktop":{"background-color":"var(--ast-global-color-5)","background-image":"","background-repeat":"repeat","background-position":"center center","background-size":"auto","background-attachment":"scroll","background-type":"","background-media":"","overlay-type":"","overlay-color":"","overlay-opacity":"","overlay-gradient":""},"tablet":{"background-color":"var(--ast-global-color-5)","background-image":"","background-repeat":"repeat","background-position":"center center","background-size":"auto","background-attachment":"scroll","background-type":"","background-media":"","overlay-type":"","overlay-color":"","overlay-opacity":"","overlay-gradient":""},"mobile":{"background-color":"var(--ast-global-color-5)","background-image":"","background-repeat":"repeat","background-position":"center center","background-size":"auto","background-attachment":"scroll","background-type":"","background-media":"","overlay-type":"","overlay-color":"","overlay-opacity":"","overlay-gradient":""}},"_joinchat":[]},"product_brand":[1193],"product_cat":[7946,8300],"product_tag":[8314,8302,8307,8316,8317,8318,8308,8315,8303,8313,8310,8304,8301,8309,8305,8311,8306,8312,8319,8320,7697],"class_list":{"0":"post-5738","1":"product","2":"type-product","3":"status-publish","4":"has-post-thumbnail","6":"product_brand-victory-tech","7":"product_cat-composants-du-systeme-de-freinage","8":"product_cat-quincaillerie-et-ressorts-de-frein","9":"product_tag-pieces-de-freins-pour-camions","10":"product_tag-ressort-dextension","11":"product_tag-ressort-dextension-zingue","12":"product_tag-ressort-de-15-cm","13":"product_tag-ressort-de-17-cm","14":"product_tag-ressort-de-20-cm","15":"product_tag-ressort-de-camion-15-cm-17-cm-20-cm","16":"product_tag-ressort-de-rappel-de-frein","17":"product_tag-ressort-de-rappel-de-frein-de-camion","18":"product_tag-ressort-de-rappel-de-rechange-pour-correcteur-de-jeu-et-tringlerie-de-frein","19":"product_tag-ressort-de-rappel-du-reglage-de-frein","20":"product_tag-ressort-de-reglage-du-jeu","21":"product_tag-ressort-de-tension","22":"product_tag-ressort-de-tension-de-liaison-mecanique","23":"product_tag-ressort-de-tension-du-frein-de-remorque","24":"product_tag-ressort-de-tension-pour-systemes-de-freinage-de-camions-et-de-remorques","25":"product_tag-ressort-de-tension-robuste","26":"product_tag-ressort-de-traction-robuste-zingue-15-cm-17-cm-20-cm","27":"product_tag-ressort-renforce","28":"product_tag-ressort-zingue","29":"product_tag-technologie-de-la-victoire","30":"desktop-align-left","31":"tablet-align-left","32":"mobile-align-left","34":"first","35":"instock","36":"shipping-taxable","37":"product-type-simple"},"yoast_head":"<!-- This site is optimized with the Yoast SEO Premium plugin v26.4 (Yoast SEO v27.0) - https:\/\/yoast.com\/product\/yoast-seo-premium-wordpress\/ -->\n<title>Ressorts de tension haute r\u00e9sistance (15 cm\/17 cm\/20 cm) - Retour de frein | Victory Tech<\/title>\n<meta name=\"description\" content=\"Ressorts de tension haute r\u00e9sistance. Ressorts de rappel de frein zingu\u00e9s disponibles en longueurs de 15 cm, 17 cm et 20 cm. R\u00e9sistants \u00e0 la rouille et \u00e0 haute r\u00e9sistance \u00e0 la traction. Prix direct usine.\" \/>\n<meta name=\"robots\" content=\"index, follow, max-snippet:-1, max-image-preview:large, max-video-preview:-1\" \/>\n<link rel=\"canonical\" href=\"https:\/\/airbrakehose.com\/fr\/produit\/ressorts-de-tension-haute-resistance-15-cm-17-cm-20-cm-ressorts-de-rappel-de-frein-zingues-victory-technology\/\" \/>\n<meta property=\"og:locale\" content=\"fr_FR\" \/>\n<meta property=\"og:type\" content=\"article\" \/>\n<meta property=\"og:title\" content=\"Ressorts de tension haute r\u00e9sistance (15 cm, 17 cm, 20 cm) - Ressorts de rappel de frein zingu\u00e9s | Victory Technology\" \/>\n<meta property=\"og:description\" content=\"Ressorts de tension haute r\u00e9sistance. Ressorts de rappel de frein zingu\u00e9s disponibles en longueurs de 15 cm, 17 cm et 20 cm. R\u00e9sistants \u00e0 la rouille et \u00e0 haute r\u00e9sistance \u00e0 la traction. Prix direct usine.\" \/>\n<meta property=\"og:url\" content=\"https:\/\/airbrakehose.com\/fr\/produit\/ressorts-de-tension-haute-resistance-15-cm-17-cm-20-cm-ressorts-de-rappel-de-frein-zingues-victory-technology\/\" \/>\n<meta property=\"og:site_name\" content=\"Victory Tech.\" \/>\n<meta property=\"article:publisher\" content=\"https:\/\/www.facebook.com\/aokeautoparts\" \/>\n<meta property=\"og:image\" content=\"https:\/\/airbrakehose.com\/wp-content\/uploads\/2025\/12\/Trailer_brake_adjuster_spring_installed_on_semi-truck_drum_brake_system_for_proper_brake_adjustment.webp\" \/>\n\t<meta property=\"og:image:width\" content=\"1219\" \/>\n\t<meta property=\"og:image:height\" content=\"1219\" \/>\n\t<meta property=\"og:image:type\" content=\"image\/webp\" \/>\n<meta name=\"twitter:card\" content=\"summary_large_image\" \/>\n<meta name=\"twitter:label1\" content=\"Dur\u00e9e de lecture estim\u00e9e\" \/>\n\t<meta name=\"twitter:data1\" content=\"3 minutes\" \/>\n<script type=\"application\/ld+json\" class=\"yoast-schema-graph\">{\"@context\":\"https:\/\/schema.org\",\"@graph\":[{\"@type\":\"WebPage\",\"@id\":\"https:\/\/airbrakehose.com\/fr\/produit\/ressorts-de-tension-haute-resistance-15-cm-17-cm-20-cm-ressorts-de-rappel-de-frein-zingues-victory-technology\/\",\"url\":\"https:\/\/airbrakehose.com\/fr\/produit\/ressorts-de-tension-haute-resistance-15-cm-17-cm-20-cm-ressorts-de-rappel-de-frein-zingues-victory-technology\/\",\"name\":\"Ressorts de tension haute r\u00e9sistance (15 cm\/17 cm\/20 cm) - Retour de frein | Victory Tech\",\"isPartOf\":{\"@id\":\"https:\/\/airbrakehose.com\/fr\/#website\"},\"primaryImageOfPage\":{\"@id\":\"https:\/\/airbrakehose.com\/fr\/produit\/ressorts-de-tension-haute-resistance-15-cm-17-cm-20-cm-ressorts-de-rappel-de-frein-zingues-victory-technology\/#primaryimage\"},\"image\":{\"@id\":\"https:\/\/airbrakehose.com\/fr\/produit\/ressorts-de-tension-haute-resistance-15-cm-17-cm-20-cm-ressorts-de-rappel-de-frein-zingues-victory-technology\/#primaryimage\"},\"thumbnailUrl\":\"https:\/\/airbrakehose.com\/wp-content\/uploads\/2025\/12\/Trailer_brake_adjuster_spring_installed_on_semi-truck_drum_brake_system_for_proper_brake_adjustment.webp\",\"datePublished\":\"2025-12-10T07:40:28+00:00\",\"description\":\"Ressorts de tension haute r\u00e9sistance. Ressorts de rappel de frein zingu\u00e9s disponibles en longueurs de 15 cm, 17 cm et 20 cm. R\u00e9sistants \u00e0 la rouille et \u00e0 haute r\u00e9sistance \u00e0 la traction. Prix direct usine.\",\"breadcrumb\":{\"@id\":\"https:\/\/airbrakehose.com\/fr\/produit\/ressorts-de-tension-haute-resistance-15-cm-17-cm-20-cm-ressorts-de-rappel-de-frein-zingues-victory-technology\/#breadcrumb\"},\"inLanguage\":\"fr-FR\",\"potentialAction\":[{\"@type\":\"ReadAction\",\"target\":[\"https:\/\/airbrakehose.com\/fr\/produit\/ressorts-de-tension-haute-resistance-15-cm-17-cm-20-cm-ressorts-de-rappel-de-frein-zingues-victory-technology\/\"]}]},{\"@type\":\"ImageObject\",\"inLanguage\":\"fr-FR\",\"@id\":\"https:\/\/airbrakehose.com\/fr\/produit\/ressorts-de-tension-haute-resistance-15-cm-17-cm-20-cm-ressorts-de-rappel-de-frein-zingues-victory-technology\/#primaryimage\",\"url\":\"https:\/\/airbrakehose.com\/wp-content\/uploads\/2025\/12\/Trailer_brake_adjuster_spring_installed_on_semi-truck_drum_brake_system_for_proper_brake_adjustment.webp\",\"contentUrl\":\"https:\/\/airbrakehose.com\/wp-content\/uploads\/2025\/12\/Trailer_brake_adjuster_spring_installed_on_semi-truck_drum_brake_system_for_proper_brake_adjustment.webp\",\"width\":1219,\"height\":1219},{\"@type\":\"BreadcrumbList\",\"@id\":\"https:\/\/airbrakehose.com\/fr\/produit\/ressorts-de-tension-haute-resistance-15-cm-17-cm-20-cm-ressorts-de-rappel-de-frein-zingues-victory-technology\/#breadcrumb\",\"itemListElement\":[{\"@type\":\"ListItem\",\"position\":1,\"name\":\"\u9996\u9875\",\"item\":\"https:\/\/airbrakehose.com\/fr\/maison\/\"},{\"@type\":\"ListItem\",\"position\":2,\"name\":\"boutique\",\"item\":\"https:\/\/airbrakehose.com\/shop\/\"},{\"@type\":\"ListItem\",\"position\":3,\"name\":\"Ressorts de tension haute r\u00e9sistance (15 cm, 17 cm, 20 cm) &#8211; Ressorts de rappel de frein zingu\u00e9s | Victory Technology\"}]},{\"@type\":\"WebSite\",\"@id\":\"https:\/\/airbrakehose.com\/fr\/#website\",\"url\":\"https:\/\/airbrakehose.com\/fr\/\",\"name\":\"Victory Technology\",\"description\":\"Industrial Hose &amp; Air Brake Solutions\",\"potentialAction\":[{\"@type\":\"SearchAction\",\"target\":{\"@type\":\"EntryPoint\",\"urlTemplate\":\"https:\/\/airbrakehose.com\/fr\/?s={search_term_string}\"},\"query-input\":{\"@type\":\"PropertyValueSpecification\",\"valueRequired\":true,\"valueName\":\"search_term_string\"}}],\"inLanguage\":\"fr-FR\"}]}<\/script>\n<!-- \/ Yoast SEO Premium plugin. -->","yoast_head_json":{"title":"Ressorts de tension haute r\u00e9sistance (15 cm\/17 cm\/20 cm) - Retour de frein | Victory Tech","description":"Ressorts de tension haute r\u00e9sistance. Ressorts de rappel de frein zingu\u00e9s disponibles en longueurs de 15 cm, 17 cm et 20 cm. R\u00e9sistants \u00e0 la rouille et \u00e0 haute r\u00e9sistance \u00e0 la traction. Prix direct usine.","robots":{"index":"index","follow":"follow","max-snippet":"max-snippet:-1","max-image-preview":"max-image-preview:large","max-video-preview":"max-video-preview:-1"},"canonical":"https:\/\/airbrakehose.com\/fr\/produit\/ressorts-de-tension-haute-resistance-15-cm-17-cm-20-cm-ressorts-de-rappel-de-frein-zingues-victory-technology\/","og_locale":"fr_FR","og_type":"article","og_title":"Ressorts de tension haute r\u00e9sistance (15 cm, 17 cm, 20 cm) - Ressorts de rappel de frein zingu\u00e9s | Victory Technology","og_description":"Ressorts de tension haute r\u00e9sistance. Ressorts de rappel de frein zingu\u00e9s disponibles en longueurs de 15 cm, 17 cm et 20 cm. R\u00e9sistants \u00e0 la rouille et \u00e0 haute r\u00e9sistance \u00e0 la traction. Prix direct usine.","og_url":"https:\/\/airbrakehose.com\/fr\/produit\/ressorts-de-tension-haute-resistance-15-cm-17-cm-20-cm-ressorts-de-rappel-de-frein-zingues-victory-technology\/","og_site_name":"Victory Tech.","article_publisher":"https:\/\/www.facebook.com\/aokeautoparts","og_image":[{"width":1219,"height":1219,"url":"https:\/\/airbrakehose.com\/wp-content\/uploads\/2025\/12\/Trailer_brake_adjuster_spring_installed_on_semi-truck_drum_brake_system_for_proper_brake_adjustment.webp","type":"image\/webp"}],"twitter_card":"summary_large_image","twitter_misc":{"Dur\u00e9e de lecture estim\u00e9e":"3 minutes"},"schema":{"@context":"https:\/\/schema.org","@graph":[{"@type":"WebPage","@id":"https:\/\/airbrakehose.com\/fr\/produit\/ressorts-de-tension-haute-resistance-15-cm-17-cm-20-cm-ressorts-de-rappel-de-frein-zingues-victory-technology\/","url":"https:\/\/airbrakehose.com\/fr\/produit\/ressorts-de-tension-haute-resistance-15-cm-17-cm-20-cm-ressorts-de-rappel-de-frein-zingues-victory-technology\/","name":"Ressorts de tension haute r\u00e9sistance (15 cm\/17 cm\/20 cm) - Retour de frein | Victory Tech","isPartOf":{"@id":"https:\/\/airbrakehose.com\/fr\/#website"},"primaryImageOfPage":{"@id":"https:\/\/airbrakehose.com\/fr\/produit\/ressorts-de-tension-haute-resistance-15-cm-17-cm-20-cm-ressorts-de-rappel-de-frein-zingues-victory-technology\/#primaryimage"},"image":{"@id":"https:\/\/airbrakehose.com\/fr\/produit\/ressorts-de-tension-haute-resistance-15-cm-17-cm-20-cm-ressorts-de-rappel-de-frein-zingues-victory-technology\/#primaryimage"},"thumbnailUrl":"https:\/\/airbrakehose.com\/wp-content\/uploads\/2025\/12\/Trailer_brake_adjuster_spring_installed_on_semi-truck_drum_brake_system_for_proper_brake_adjustment.webp","datePublished":"2025-12-10T07:40:28+00:00","description":"Ressorts de tension haute r\u00e9sistance. Ressorts de rappel de frein zingu\u00e9s disponibles en longueurs de 15 cm, 17 cm et 20 cm. R\u00e9sistants \u00e0 la rouille et \u00e0 haute r\u00e9sistance \u00e0 la traction. Prix direct usine.","breadcrumb":{"@id":"https:\/\/airbrakehose.com\/fr\/produit\/ressorts-de-tension-haute-resistance-15-cm-17-cm-20-cm-ressorts-de-rappel-de-frein-zingues-victory-technology\/#breadcrumb"},"inLanguage":"fr-FR","potentialAction":[{"@type":"ReadAction","target":["https:\/\/airbrakehose.com\/fr\/produit\/ressorts-de-tension-haute-resistance-15-cm-17-cm-20-cm-ressorts-de-rappel-de-frein-zingues-victory-technology\/"]}]},{"@type":"ImageObject","inLanguage":"fr-FR","@id":"https:\/\/airbrakehose.com\/fr\/produit\/ressorts-de-tension-haute-resistance-15-cm-17-cm-20-cm-ressorts-de-rappel-de-frein-zingues-victory-technology\/#primaryimage","url":"https:\/\/airbrakehose.com\/wp-content\/uploads\/2025\/12\/Trailer_brake_adjuster_spring_installed_on_semi-truck_drum_brake_system_for_proper_brake_adjustment.webp","contentUrl":"https:\/\/airbrakehose.com\/wp-content\/uploads\/2025\/12\/Trailer_brake_adjuster_spring_installed_on_semi-truck_drum_brake_system_for_proper_brake_adjustment.webp","width":1219,"height":1219},{"@type":"BreadcrumbList","@id":"https:\/\/airbrakehose.com\/fr\/produit\/ressorts-de-tension-haute-resistance-15-cm-17-cm-20-cm-ressorts-de-rappel-de-frein-zingues-victory-technology\/#breadcrumb","itemListElement":[{"@type":"ListItem","position":1,"name":"\u9996\u9875","item":"https:\/\/airbrakehose.com\/fr\/maison\/"},{"@type":"ListItem","position":2,"name":"boutique","item":"https:\/\/airbrakehose.com\/shop\/"},{"@type":"ListItem","position":3,"name":"Ressorts de tension haute r\u00e9sistance (15 cm, 17 cm, 20 cm) &#8211; Ressorts de rappel de frein zingu\u00e9s | Victory Technology"}]},{"@type":"WebSite","@id":"https:\/\/airbrakehose.com\/fr\/#website","url":"https:\/\/airbrakehose.com\/fr\/","name":"Victory Technology","description":"Industrial Hose &amp; Air Brake Solutions","potentialAction":[{"@type":"SearchAction","target":{"@type":"EntryPoint","urlTemplate":"https:\/\/airbrakehose.com\/fr\/?s={search_term_string}"},"query-input":{"@type":"PropertyValueSpecification","valueRequired":true,"valueName":"search_term_string"}}],"inLanguage":"fr-FR"}]}},"_links":{"self":[{"href":"https:\/\/airbrakehose.com\/fr\/wp-json\/wp\/v2\/product\/5738","targetHints":{"allow":["GET"]}}],"collection":[{"href":"https:\/\/airbrakehose.com\/fr\/wp-json\/wp\/v2\/product"}],"about":[{"href":"https:\/\/airbrakehose.com\/fr\/wp-json\/wp\/v2\/types\/product"}],"wp:featuredmedia":[{"embeddable":true,"href":"https:\/\/airbrakehose.com\/fr\/wp-json\/wp\/v2\/media\/3434"}],"wp:attachment":[{"href":"https:\/\/airbrakehose.com\/fr\/wp-json\/wp\/v2\/media?parent=5738"}],"wp:term":[{"taxonomy":"product_brand","embeddable":true,"href":"https:\/\/airbrakehose.com\/fr\/wp-json\/wp\/v2\/product_brand?post=5738"},{"taxonomy":"product_cat","embeddable":true,"href":"https:\/\/airbrakehose.com\/fr\/wp-json\/wp\/v2\/product_cat?post=5738"},{"taxonomy":"product_tag","embeddable":true,"href":"https:\/\/airbrakehose.com\/fr\/wp-json\/wp\/v2\/product_tag?post=5738"}],"curies":[{"name":"wp","href":"https:\/\/api.w.org\/{rel}","templated":true}]}}