{"id":5733,"date":"2025-12-10T07:52:49","date_gmt":"2025-12-10T07:52:49","guid":{"rendered":"https:\/\/airbrakehose.com\/product\/colliers-de-serrage-en-nylon-noir-haute-resistance-resistants-aux-uv-nylon-66-de-qualite-industrielle-victory-technology\/"},"modified":"2025-12-10T07:52:49","modified_gmt":"2025-12-10T07:52:49","slug":"colliers-de-serrage-en-nylon-noir-haute-resistance-resistants-aux-uv-nylon-66-de-qualite-industrielle-victory-technology","status":"publish","type":"product","link":"https:\/\/airbrakehose.com\/fr\/produit\/colliers-de-serrage-en-nylon-noir-haute-resistance-resistants-aux-uv-nylon-66-de-qualite-industrielle-victory-technology\/","title":{"rendered":"Colliers de serrage en nylon noir haute r\u00e9sistance (r\u00e9sistants aux UV) &#8211; Nylon 66 de qualit\u00e9 industrielle | Victory Technology"},"content":{"rendered":"<h3 data-path-to-node=\"7\">\ud83d\udccc Pr\u00e9sentation du produit<\/h3>\n<p data-path-to-node=\"8\"><b data-path-to-node=\"8\" data-index-in-node=\"0\">L&rsquo;attache indispensable pour chaque flotte.<\/b><\/p>\n<p data-path-to-node=\"9\">De la fixation des tuyaux de freins pneumatiques \u00e0 l&rsquo;organisation des faisceaux \u00e9lectriques, les attaches de c\u00e2bles noires robustes de Victory Technology constituent la solution de fixation fiable pour l&rsquo;industrie du transport routier commercial.<\/p>\n<p data-path-to-node=\"10\">Contrairement aux cravates bon march\u00e9 de qualit\u00e9 bureau qui cassent par temps froid, les n\u00f4tres sont moul\u00e9es en nylon 66 de qualit\u00e9 sup\u00e9rieure, homologu\u00e9 UL. Con\u00e7ues pour les conditions difficiles de la route, elles contiennent des additifs de noir de carbone pour une r\u00e9sistance sup\u00e9rieure aux UV, garantissant qu&rsquo;elles ne deviendront pas cassantes ni ne se fissureront, m\u00eame apr\u00e8s des ann\u00e9es d&rsquo;exposition au soleil et \u00e0 la chaleur du moteur. <\/p>\n<hr data-path-to-node=\"11\">\n<h3 data-path-to-node=\"12\">\ud83d\udd39 Pourquoi choisir les attaches de c\u00e2bles industrielles Victory ?<\/h3>\n<ul data-path-to-node=\"13\">\n<li>\u2705 R\u00e9sistant aux UV (noir) : Con\u00e7u pour une utilisation en ext\u00e9rieur. Le nylon noir contient des stabilisateurs UV qui prot\u00e8gent le collier des dommages caus\u00e9s par le soleil.\u00b9 Il est donc id\u00e9al pour fixer les conduites d\u2019air le long du ch\u00e2ssis de la remorque ou le c\u00e2blage ext\u00e9rieur.  <\/li>\n<li>\u2705 Nylon 66 haute r\u00e9sistance : Con\u00e7u pour la robustesse. Nous utilisons du nylon 66 de haute qualit\u00e9 qui offre une excellente r\u00e9sistance \u00e0 la traction et une grande durabilit\u00e9. Ces sangles restent bien en place malgr\u00e9 les fortes vibrations d&rsquo;un camion en mouvement, sans se desserrer.  <\/li>\n<li>\u2705 Syst\u00e8me de verrouillage automatique : s\u00fbr et permanent. La t\u00eate est dot\u00e9e d\u2019un m\u00e9canisme \u00e0 cliquet robuste qui se verrouille instantan\u00e9ment et reste fermement en place. Une fois serr\u00e9e, elle ne se desserre pas.  <\/li>\n<li>\u2705 Large plage de temp\u00e9ratures : des hivers rigoureux aux compartiments moteur surchauff\u00e9s, nos attaches restent souples et r\u00e9sistantes \u00e0 des temp\u00e9ratures allant de -40 \u00b0C \u00e0 +85 \u00b0C. <\/li>\n<\/ul>\n<hr data-path-to-node=\"14\">\n<h3 data-path-to-node=\"15\">\ud83d\udd38 Sp\u00e9cifications techniques<\/h3>\n<p data-path-to-node=\"16\"><i data-path-to-node=\"16\" data-index-in-node=\"0\">Fixations de qualit\u00e9 industrielle.<\/i><\/p>\n<table data-path-to-node=\"17\">\n<thead>\n<tr>\n<td>Caract\u00e9ristiques<\/td>\n<td>Sp\u00e9cifications<\/td>\n<\/tr>\n<\/thead>\n<tbody>\n<tr>\n<td>Mat\u00e9riau<\/td>\n<td>Nylon 66 (UL 94V-2)<\/td>\n<\/tr>\n<tr>\n<td>Couleur<\/td>\n<td>Noir (r\u00e9sistant aux UV)<\/td>\n<\/tr>\n<tr>\n<td>Longueurs<\/td>\n<td>100 mm, 150 mm, 200 mm, 300 mm, 370 mm, 500 mm et plus<\/td>\n<\/tr>\n<tr>\n<td>Largeurs<\/td>\n<td>2,5 mm, 3,6 mm, 4,8 mm, 7,6 mm (R\u00e9sistance renforc\u00e9e)<\/td>\n<\/tr>\n<tr>\n<td>Plage de temp\u00e9ratures<\/td>\n<td>-40 \u00b0C \u00e0 +85 \u00b0C (-40 \u00b0F \u00e0 +185 \u00b0F)<\/td>\n<\/tr>\n<tr>\n<td>R\u00e9sistance \u00e0 la traction<\/td>\n<td>18 lb \u2013 120 lb (selon la taille)<\/td>\n<\/tr>\n<tr>\n<td>R\u00e9sistance<\/td>\n<td>UV, huile, graisse, solvants<\/td>\n<\/tr>\n<\/tbody>\n<\/table>\n<hr data-path-to-node=\"18\">\n<h3 data-path-to-node=\"19\">\ud83d\udd39 Applications<\/h3>\n<ul data-path-to-node=\"20\">\n<li>\n<p data-path-to-node=\"20,0,0\">Acheminement des freins pneumatiques : Fixation des tubes en nylon au longeron du ch\u00e2ssis.<\/p>\n<\/li>\n<li>\n<p data-path-to-node=\"20,1,0\">\u00c9lectricit\u00e9 : Regroupement de c\u00e2bles \u00e0 7 voies et de faisceaux de c\u00e2bles ABS.<\/p>\n<\/li>\n<li>\n<p data-path-to-node=\"20,2,0\">Bavettes : R\u00e9parations rapides pour les bavettes ou la signalisation mal fix\u00e9es.<\/p>\n<\/li>\n<li>\n<p data-path-to-node=\"20,3,0\">Atelier : Organisation des outils, des tuyaux et r\u00e9parations g\u00e9n\u00e9rales.<\/p>\n<\/li>\n<\/ul>\n<hr data-path-to-node=\"21\">\n<h3 data-path-to-node=\"22\">\ud83d\udce6 Emballage direct d&rsquo;usine (B2B)<\/h3>\n<p data-path-to-node=\"23\">Victory Technology propose des emballages en vrac pour les utilisateurs \u00e0 gros volumes :<\/p>\n<ul data-path-to-node=\"24\">\n<li>\n<p data-path-to-node=\"24,0,0\">Sachet standard : 100 pi\u00e8ces par sachet plastique (transparent avec \u00e9tiquette).<\/p>\n<\/li>\n<li>\n<p data-path-to-node=\"24,1,0\">Carton en vrac : 1 000 \u00e0 5 000 pi\u00e8ces par carton.<\/p>\n<\/li>\n<li>\n<p data-path-to-node=\"24,2,0\">Personnalisation OEM : Nous pouvons imprimer votre logo sur l\u2019\u00e9tiquette du sac destin\u00e9 \u00e0 la vente au d\u00e9tail.<\/p>\n<\/li>\n<\/ul>\n<hr data-path-to-node=\"25\">\n<h3 data-path-to-node=\"26\">\ud83d\ude80 Obtenez un devis directement du fabricant<\/h3>\n<p>Pr\u00eat \u00e0 faire le plein de produits de consommation courante ?<\/p>\n<p>Remplissez le formulaire ci-dessous pour recevoir notre dernier catalogue et notre liste de prix de gros.<\/p>\n<p data-path-to-node=\"28\"><code data-path-to-node=\"28\" data-index-in-node=\"0\"><div class=\"wpforms-container \" id=\"wpforms-2617\"><form id=\"wpforms-form-2617\" class=\"wpforms-validate wpforms-form wpforms-ajax-form\" data-formid=\"2617\" method=\"post\" enctype=\"multipart\/form-data\" action=\"\/fr\/wp-json\/wp\/v2\/product\/5733\" data-token=\"4523ad22904b5a8e96de58096e4b511b\" data-token-time=\"1776224586\"><noscript class=\"wpforms-error-noscript\">Veuillez activer JavaScript dans votre navigateur pour remplir ce formulaire.<\/noscript><div class=\"wpforms-field-container\"><div id=\"wpforms-2617-field_1-container\" class=\"wpforms-field wpforms-field-name\" data-field-id=\"1\"><label class=\"wpforms-field-label\" for=\"wpforms-2617-field_1\">Name <span class=\"wpforms-required-label\">*<\/span><\/label><input type=\"text\" id=\"wpforms-2617-field_1\" class=\"wpforms-field-large wpforms-field-required\" name=\"wpforms[fields][1]\" required><\/div><div id=\"wpforms-2617-field_2-container\" class=\"wpforms-field wpforms-field-email\" data-field-id=\"2\"><label class=\"wpforms-field-label\" for=\"wpforms-2617-field_2\">Email <span class=\"wpforms-required-label\">*<\/span><\/label><input type=\"email\" id=\"wpforms-2617-field_2\" class=\"wpforms-field-large wpforms-field-required\" name=\"wpforms[fields][2]\" spellcheck=\"false\" required><\/div><div id=\"wpforms-2617-field_4-container\" class=\"wpforms-field wpforms-field-text\" data-field-id=\"4\"><label class=\"wpforms-field-label\" for=\"wpforms-2617-field_4\">Tel<\/label><input type=\"text\" id=\"wpforms-2617-field_4\" class=\"wpforms-field-medium\" name=\"wpforms[fields][4]\" ><\/div><div id=\"wpforms-2617-field_3-container\" class=\"wpforms-field wpforms-field-textarea\" data-field-id=\"3\"><label class=\"wpforms-field-label\" for=\"wpforms-2617-field_3\"> Message<\/label><textarea id=\"wpforms-2617-field_3\" class=\"wpforms-field-medium\" name=\"wpforms[fields][3]\" ><\/textarea><\/div><\/div><!-- .wpforms-field-container --><div class=\"wpforms-submit-container\" ><input type=\"hidden\" name=\"wpforms[id]\" value=\"2617\"><input type=\"hidden\" name=\"page_title\" value=\"\"><input type=\"hidden\" name=\"page_url\" value=\"https:\/\/airbrakehose.com\/fr\/wp-json\/wp\/v2\/product\/5733\"><input type=\"hidden\" name=\"url_referer\" value=\"\"><button type=\"submit\" name=\"wpforms[submit]\" id=\"wpforms-submit-2617\" class=\"wpforms-submit\" data-alt-text=\"Sending...\" data-submit-text=\"Send Message\" aria-live=\"assertive\" value=\"wpforms-submit\">Send Message<\/button><img decoding=\"async\" src=\"https:\/\/airbrakehose.com\/wp-content\/plugins\/wpforms\/assets\/images\/submit-spin.svg\" class=\"wpforms-submit-spinner\" style=\"display: none;\" width=\"26\" height=\"26\" alt=\"Chargement en cours\"><\/div><\/form><\/div>  <!-- .wpforms-container --><\/code><\/p>\n","protected":false},"excerpt":{"rendered":"<p data-path-to-node=\"32\"><b data-path-to-node=\"32\" data-index-in-node=\"0\">Attaches de c\u00e2ble en nylon noir ultra-r\u00e9sistantes aux UV.<\/b><\/p>\n<p data-path-to-node=\"33\">Colliers de serrage industriels pour l&rsquo;entretien des camions et des remorques.<\/p>\n<ul data-path-to-node=\"34\">\n<li>\n<p data-path-to-node=\"34,0,0\">Mat\u00e9riau : Nylon 66 de qualit\u00e9 sup\u00e9rieure (homologu\u00e9 UL).<span class=\"button-container hide-from-message-actions ng-star-inserted\">   <button class=\"mat-mdc-tooltip-trigger button image-fade-on hide-from-message-actions\" aria-label=\"\u4e86\u89e3\u8be6\u60c5\" aria-controls=\"sources\" aria-expanded=\"false\"><\/button><\/span><\/p>\n<div class=\"container ng-tns-c2197363160-183 hide\">\n<div class=\"carousel-container ng-tns-c2197363160-183\">\n<div class=\"carousel-content ng-tns-c2197363160-183\">\n<div class=\"sources-carousel-source ng-tns-c2197363160-183 hide ng-star-inserted\" data-test-id=\"sources-carousel-source\"><\/div>\n<\/div>\n<\/div>\n<\/div>\n<\/li>\n<li>\n<p data-path-to-node=\"34,1,0\">Caract\u00e9ristique : R\u00e9sistant aux UV (adapt\u00e9 \u00e0 une utilisation ext\u00e9rieure).<\/p>\n<\/li>\n<li>\n<p data-path-to-node=\"34,2,0\">Temp\u00e9rature : -40\u00b0C \u00e0 +85\u00b0C.<\/p>\n<\/li>\n<li>\n<p data-path-to-node=\"34,3,0\">Tailles : 4&Prime; \u00e0 20&Prime; (100 mm \u00e0 500 mm).<\/p>\n<\/li>\n<li>\n<p data-path-to-node=\"34,4,0\">Utilisation : Acheminement des conduites d&rsquo;air, faisceaux de c\u00e2bles.<\/p>\n<\/li>\n<\/ul>\n<p data-path-to-node=\"35\"><b data-path-to-node=\"35\" data-index-in-node=\"0\">En stock et pr\u00eat \u00e0 \u00eatre exp\u00e9di\u00e9.<\/b><\/p>\n","protected":false},"featured_media":3437,"template":"","meta":{"_monsterinsights_skip_tracking":false,"_monsterinsights_sitenote_active":false,"_monsterinsights_sitenote_note":"","_monsterinsights_sitenote_category":0,"site-sidebar-layout":"default","site-content-layout":"","ast-site-content-layout":"default","site-content-style":"default","site-sidebar-style":"default","ast-global-header-display":"","ast-banner-title-visibility":"","ast-main-header-display":"","ast-hfb-above-header-display":"","ast-hfb-below-header-display":"","ast-hfb-mobile-header-display":"","site-post-title":"","ast-breadcrumbs-content":"","ast-featured-img":"","footer-sml-layout":"","ast-disable-related-posts":"","theme-transparent-header-meta":"default","adv-header-id-meta":"","stick-header-meta":"","header-above-stick-meta":"","header-main-stick-meta":"","header-below-stick-meta":"","astra-migrate-meta-layouts":"default","ast-page-background-enabled":"default","ast-page-background-meta":{"desktop":{"background-color":"","background-image":"","background-repeat":"repeat","background-position":"center center","background-size":"auto","background-attachment":"scroll","background-type":"","background-media":"","overlay-type":"","overlay-color":"","overlay-opacity":"","overlay-gradient":""},"tablet":{"background-color":"","background-image":"","background-repeat":"repeat","background-position":"center center","background-size":"auto","background-attachment":"scroll","background-type":"","background-media":"","overlay-type":"","overlay-color":"","overlay-opacity":"","overlay-gradient":""},"mobile":{"background-color":"","background-image":"","background-repeat":"repeat","background-position":"center center","background-size":"auto","background-attachment":"scroll","background-type":"","background-media":"","overlay-type":"","overlay-color":"","overlay-opacity":"","overlay-gradient":""}},"ast-content-background-meta":{"desktop":{"background-color":"var(--ast-global-color-5)","background-image":"","background-repeat":"repeat","background-position":"center center","background-size":"auto","background-attachment":"scroll","background-type":"","background-media":"","overlay-type":"","overlay-color":"","overlay-opacity":"","overlay-gradient":""},"tablet":{"background-color":"var(--ast-global-color-5)","background-image":"","background-repeat":"repeat","background-position":"center center","background-size":"auto","background-attachment":"scroll","background-type":"","background-media":"","overlay-type":"","overlay-color":"","overlay-opacity":"","overlay-gradient":""},"mobile":{"background-color":"var(--ast-global-color-5)","background-image":"","background-repeat":"repeat","background-position":"center center","background-size":"auto","background-attachment":"scroll","background-type":"","background-media":"","overlay-type":"","overlay-color":"","overlay-opacity":"","overlay-gradient":""}},"_joinchat":[]},"product_brand":[],"product_cat":[7240,7229],"product_tag":[8274,8270,8257,8273,8260,8278,8265,8268,8256,8264,8267,8266,8261,8262,8259,8258,8271,8272,8277,8275,8276,8269,8263,7697],"class_list":{"0":"post-5733","1":"product","2":"type-product","3":"status-publish","4":"has-post-thumbnail","6":"product_cat-consommables-datelier","7":"product_cat-outils-et-accessoires-pneumatiques","8":"product_tag-accessoires-de-cablage-pour-camions","9":"product_tag-attaches-autobloquantes","10":"product_tag-attaches-autobloquantes-noires","11":"product_tag-attaches-autobloquantes-robustes","12":"product_tag-attaches-de-cable-pour-camion","13":"product_tag-collier-de-serrage-de-300-mm","14":"product_tag-colliers-de-fixation-pour-tuyau-dair-de-remorque","15":"product_tag-colliers-de-serrage-autobloquants-robustes-pour-flexibles-de-freins-pneumatiques-et-faisceaux-de-cables","16":"product_tag-colliers-de-serrage-en-nylon","17":"product_tag-colliers-de-serrage-en-nylon-66","18":"product_tag-colliers-de-serrage-en-nylon-noir-66-pour-applications-industrielles-et-automobiles","19":"product_tag-colliers-de-serrage-en-nylon-resistant-aux-uv-pour-cablage-de-camions-et-de-remorques","20":"product_tag-colliers-de-serrage-industriels","21":"product_tag-colliers-de-serrage-pour-cables-automobiles","22":"product_tag-colliers-de-serrage-resistants-aux-uv","23":"product_tag-colliers-de-serrage-robustes","24":"product_tag-cravates-en-nylon-noir","25":"product_tag-cravates-resistantes-aux-uv","26":"product_tag-fixations-industrielles","27":"product_tag-fixations-pour-conduites-dair","28":"product_tag-nylon-66","29":"product_tag-serre-cables","30":"product_tag-serre-cables-pour-faisceau-de-cables","31":"product_tag-technologie-de-la-victoire","32":"desktop-align-left","33":"tablet-align-left","34":"mobile-align-left","36":"first","37":"instock","38":"shipping-taxable","39":"product-type-simple"},"yoast_head":"<!-- This site is optimized with the Yoast SEO Premium plugin v26.4 (Yoast SEO v27.0) - https:\/\/yoast.com\/product\/yoast-seo-premium-wordpress\/ -->\n<title>Colliers de serrage en nylon noir haute r\u00e9sistance (r\u00e9sistants aux UV) | Victory Tech<\/title>\n<meta name=\"description\" content=\"Colliers de serrage en nylon noir haute r\u00e9sistance. Colliers de serrage en nylon 66 r\u00e9sistants aux UV pour conduites d&#039;air et c\u00e2blage de camions. Haute r\u00e9sistance \u00e0 la traction pour usage industriel. Tarifs d\u00e9gressifs disponibles.\" \/>\n<meta name=\"robots\" content=\"index, follow, max-snippet:-1, max-image-preview:large, max-video-preview:-1\" \/>\n<link rel=\"canonical\" href=\"https:\/\/airbrakehose.com\/fr\/produit\/colliers-de-serrage-en-nylon-noir-haute-resistance-resistants-aux-uv-nylon-66-de-qualite-industrielle-victory-technology\/\" \/>\n<meta property=\"og:locale\" content=\"fr_FR\" \/>\n<meta property=\"og:type\" content=\"article\" \/>\n<meta property=\"og:title\" content=\"Colliers de serrage en nylon noir haute r\u00e9sistance (r\u00e9sistants aux UV) - Nylon 66 de qualit\u00e9 industrielle | Victory Technology\" \/>\n<meta property=\"og:description\" content=\"Colliers de serrage en nylon noir haute r\u00e9sistance. Colliers de serrage en nylon 66 r\u00e9sistants aux UV pour conduites d&#039;air et c\u00e2blage de camions. Haute r\u00e9sistance \u00e0 la traction pour usage industriel. Tarifs d\u00e9gressifs disponibles.\" \/>\n<meta property=\"og:url\" content=\"https:\/\/airbrakehose.com\/fr\/produit\/colliers-de-serrage-en-nylon-noir-haute-resistance-resistants-aux-uv-nylon-66-de-qualite-industrielle-victory-technology\/\" \/>\n<meta property=\"og:site_name\" content=\"Victory Tech.\" \/>\n<meta property=\"article:publisher\" content=\"https:\/\/www.facebook.com\/aokeautoparts\" \/>\n<meta property=\"og:image\" content=\"https:\/\/airbrakehose.com\/wp-content\/uploads\/2025\/12\/06ab166730559654b058d774c7108d60.jpg\" \/>\n\t<meta property=\"og:image:width\" content=\"1080\" \/>\n\t<meta property=\"og:image:height\" content=\"1080\" \/>\n\t<meta property=\"og:image:type\" content=\"image\/jpeg\" \/>\n<meta name=\"twitter:card\" content=\"summary_large_image\" \/>\n<meta name=\"twitter:label1\" content=\"Dur\u00e9e de lecture estim\u00e9e\" \/>\n\t<meta name=\"twitter:data1\" content=\"3 minutes\" \/>\n<script type=\"application\/ld+json\" class=\"yoast-schema-graph\">{\"@context\":\"https:\/\/schema.org\",\"@graph\":[{\"@type\":\"WebPage\",\"@id\":\"https:\/\/airbrakehose.com\/fr\/produit\/colliers-de-serrage-en-nylon-noir-haute-resistance-resistants-aux-uv-nylon-66-de-qualite-industrielle-victory-technology\/\",\"url\":\"https:\/\/airbrakehose.com\/fr\/produit\/colliers-de-serrage-en-nylon-noir-haute-resistance-resistants-aux-uv-nylon-66-de-qualite-industrielle-victory-technology\/\",\"name\":\"Colliers de serrage en nylon noir haute r\u00e9sistance (r\u00e9sistants aux UV) | Victory Tech\",\"isPartOf\":{\"@id\":\"https:\/\/airbrakehose.com\/fr\/#website\"},\"primaryImageOfPage\":{\"@id\":\"https:\/\/airbrakehose.com\/fr\/produit\/colliers-de-serrage-en-nylon-noir-haute-resistance-resistants-aux-uv-nylon-66-de-qualite-industrielle-victory-technology\/#primaryimage\"},\"image\":{\"@id\":\"https:\/\/airbrakehose.com\/fr\/produit\/colliers-de-serrage-en-nylon-noir-haute-resistance-resistants-aux-uv-nylon-66-de-qualite-industrielle-victory-technology\/#primaryimage\"},\"thumbnailUrl\":\"https:\/\/airbrakehose.com\/wp-content\/uploads\/2025\/12\/06ab166730559654b058d774c7108d60.jpg\",\"datePublished\":\"2025-12-10T07:52:49+00:00\",\"description\":\"Colliers de serrage en nylon noir haute r\u00e9sistance. Colliers de serrage en nylon 66 r\u00e9sistants aux UV pour conduites d'air et c\u00e2blage de camions. Haute r\u00e9sistance \u00e0 la traction pour usage industriel. Tarifs d\u00e9gressifs disponibles.\",\"breadcrumb\":{\"@id\":\"https:\/\/airbrakehose.com\/fr\/produit\/colliers-de-serrage-en-nylon-noir-haute-resistance-resistants-aux-uv-nylon-66-de-qualite-industrielle-victory-technology\/#breadcrumb\"},\"inLanguage\":\"fr-FR\",\"potentialAction\":[{\"@type\":\"ReadAction\",\"target\":[\"https:\/\/airbrakehose.com\/fr\/produit\/colliers-de-serrage-en-nylon-noir-haute-resistance-resistants-aux-uv-nylon-66-de-qualite-industrielle-victory-technology\/\"]}]},{\"@type\":\"ImageObject\",\"inLanguage\":\"fr-FR\",\"@id\":\"https:\/\/airbrakehose.com\/fr\/produit\/colliers-de-serrage-en-nylon-noir-haute-resistance-resistants-aux-uv-nylon-66-de-qualite-industrielle-victory-technology\/#primaryimage\",\"url\":\"https:\/\/airbrakehose.com\/wp-content\/uploads\/2025\/12\/06ab166730559654b058d774c7108d60.jpg\",\"contentUrl\":\"https:\/\/airbrakehose.com\/wp-content\/uploads\/2025\/12\/06ab166730559654b058d774c7108d60.jpg\",\"width\":1080,\"height\":1080},{\"@type\":\"BreadcrumbList\",\"@id\":\"https:\/\/airbrakehose.com\/fr\/produit\/colliers-de-serrage-en-nylon-noir-haute-resistance-resistants-aux-uv-nylon-66-de-qualite-industrielle-victory-technology\/#breadcrumb\",\"itemListElement\":[{\"@type\":\"ListItem\",\"position\":1,\"name\":\"\u9996\u9875\",\"item\":\"https:\/\/airbrakehose.com\/fr\/maison\/\"},{\"@type\":\"ListItem\",\"position\":2,\"name\":\"boutique\",\"item\":\"https:\/\/airbrakehose.com\/shop\/\"},{\"@type\":\"ListItem\",\"position\":3,\"name\":\"Colliers de serrage en nylon noir haute r\u00e9sistance (r\u00e9sistants aux UV) &#8211; Nylon 66 de qualit\u00e9 industrielle | Victory Technology\"}]},{\"@type\":\"WebSite\",\"@id\":\"https:\/\/airbrakehose.com\/fr\/#website\",\"url\":\"https:\/\/airbrakehose.com\/fr\/\",\"name\":\"Victory Technology\",\"description\":\"Industrial Hose &amp; Air Brake Solutions\",\"potentialAction\":[{\"@type\":\"SearchAction\",\"target\":{\"@type\":\"EntryPoint\",\"urlTemplate\":\"https:\/\/airbrakehose.com\/fr\/?s={search_term_string}\"},\"query-input\":{\"@type\":\"PropertyValueSpecification\",\"valueRequired\":true,\"valueName\":\"search_term_string\"}}],\"inLanguage\":\"fr-FR\"}]}<\/script>\n<!-- \/ Yoast SEO Premium plugin. -->","yoast_head_json":{"title":"Colliers de serrage en nylon noir haute r\u00e9sistance (r\u00e9sistants aux UV) | Victory Tech","description":"Colliers de serrage en nylon noir haute r\u00e9sistance. Colliers de serrage en nylon 66 r\u00e9sistants aux UV pour conduites d'air et c\u00e2blage de camions. Haute r\u00e9sistance \u00e0 la traction pour usage industriel. Tarifs d\u00e9gressifs disponibles.","robots":{"index":"index","follow":"follow","max-snippet":"max-snippet:-1","max-image-preview":"max-image-preview:large","max-video-preview":"max-video-preview:-1"},"canonical":"https:\/\/airbrakehose.com\/fr\/produit\/colliers-de-serrage-en-nylon-noir-haute-resistance-resistants-aux-uv-nylon-66-de-qualite-industrielle-victory-technology\/","og_locale":"fr_FR","og_type":"article","og_title":"Colliers de serrage en nylon noir haute r\u00e9sistance (r\u00e9sistants aux UV) - Nylon 66 de qualit\u00e9 industrielle | Victory Technology","og_description":"Colliers de serrage en nylon noir haute r\u00e9sistance. Colliers de serrage en nylon 66 r\u00e9sistants aux UV pour conduites d'air et c\u00e2blage de camions. Haute r\u00e9sistance \u00e0 la traction pour usage industriel. Tarifs d\u00e9gressifs disponibles.","og_url":"https:\/\/airbrakehose.com\/fr\/produit\/colliers-de-serrage-en-nylon-noir-haute-resistance-resistants-aux-uv-nylon-66-de-qualite-industrielle-victory-technology\/","og_site_name":"Victory Tech.","article_publisher":"https:\/\/www.facebook.com\/aokeautoparts","og_image":[{"width":1080,"height":1080,"url":"https:\/\/airbrakehose.com\/wp-content\/uploads\/2025\/12\/06ab166730559654b058d774c7108d60.jpg","type":"image\/jpeg"}],"twitter_card":"summary_large_image","twitter_misc":{"Dur\u00e9e de lecture estim\u00e9e":"3 minutes"},"schema":{"@context":"https:\/\/schema.org","@graph":[{"@type":"WebPage","@id":"https:\/\/airbrakehose.com\/fr\/produit\/colliers-de-serrage-en-nylon-noir-haute-resistance-resistants-aux-uv-nylon-66-de-qualite-industrielle-victory-technology\/","url":"https:\/\/airbrakehose.com\/fr\/produit\/colliers-de-serrage-en-nylon-noir-haute-resistance-resistants-aux-uv-nylon-66-de-qualite-industrielle-victory-technology\/","name":"Colliers de serrage en nylon noir haute r\u00e9sistance (r\u00e9sistants aux UV) | Victory Tech","isPartOf":{"@id":"https:\/\/airbrakehose.com\/fr\/#website"},"primaryImageOfPage":{"@id":"https:\/\/airbrakehose.com\/fr\/produit\/colliers-de-serrage-en-nylon-noir-haute-resistance-resistants-aux-uv-nylon-66-de-qualite-industrielle-victory-technology\/#primaryimage"},"image":{"@id":"https:\/\/airbrakehose.com\/fr\/produit\/colliers-de-serrage-en-nylon-noir-haute-resistance-resistants-aux-uv-nylon-66-de-qualite-industrielle-victory-technology\/#primaryimage"},"thumbnailUrl":"https:\/\/airbrakehose.com\/wp-content\/uploads\/2025\/12\/06ab166730559654b058d774c7108d60.jpg","datePublished":"2025-12-10T07:52:49+00:00","description":"Colliers de serrage en nylon noir haute r\u00e9sistance. Colliers de serrage en nylon 66 r\u00e9sistants aux UV pour conduites d'air et c\u00e2blage de camions. Haute r\u00e9sistance \u00e0 la traction pour usage industriel. Tarifs d\u00e9gressifs disponibles.","breadcrumb":{"@id":"https:\/\/airbrakehose.com\/fr\/produit\/colliers-de-serrage-en-nylon-noir-haute-resistance-resistants-aux-uv-nylon-66-de-qualite-industrielle-victory-technology\/#breadcrumb"},"inLanguage":"fr-FR","potentialAction":[{"@type":"ReadAction","target":["https:\/\/airbrakehose.com\/fr\/produit\/colliers-de-serrage-en-nylon-noir-haute-resistance-resistants-aux-uv-nylon-66-de-qualite-industrielle-victory-technology\/"]}]},{"@type":"ImageObject","inLanguage":"fr-FR","@id":"https:\/\/airbrakehose.com\/fr\/produit\/colliers-de-serrage-en-nylon-noir-haute-resistance-resistants-aux-uv-nylon-66-de-qualite-industrielle-victory-technology\/#primaryimage","url":"https:\/\/airbrakehose.com\/wp-content\/uploads\/2025\/12\/06ab166730559654b058d774c7108d60.jpg","contentUrl":"https:\/\/airbrakehose.com\/wp-content\/uploads\/2025\/12\/06ab166730559654b058d774c7108d60.jpg","width":1080,"height":1080},{"@type":"BreadcrumbList","@id":"https:\/\/airbrakehose.com\/fr\/produit\/colliers-de-serrage-en-nylon-noir-haute-resistance-resistants-aux-uv-nylon-66-de-qualite-industrielle-victory-technology\/#breadcrumb","itemListElement":[{"@type":"ListItem","position":1,"name":"\u9996\u9875","item":"https:\/\/airbrakehose.com\/fr\/maison\/"},{"@type":"ListItem","position":2,"name":"boutique","item":"https:\/\/airbrakehose.com\/shop\/"},{"@type":"ListItem","position":3,"name":"Colliers de serrage en nylon noir haute r\u00e9sistance (r\u00e9sistants aux UV) &#8211; Nylon 66 de qualit\u00e9 industrielle | Victory Technology"}]},{"@type":"WebSite","@id":"https:\/\/airbrakehose.com\/fr\/#website","url":"https:\/\/airbrakehose.com\/fr\/","name":"Victory Technology","description":"Industrial Hose &amp; Air Brake Solutions","potentialAction":[{"@type":"SearchAction","target":{"@type":"EntryPoint","urlTemplate":"https:\/\/airbrakehose.com\/fr\/?s={search_term_string}"},"query-input":{"@type":"PropertyValueSpecification","valueRequired":true,"valueName":"search_term_string"}}],"inLanguage":"fr-FR"}]}},"_links":{"self":[{"href":"https:\/\/airbrakehose.com\/fr\/wp-json\/wp\/v2\/product\/5733","targetHints":{"allow":["GET"]}}],"collection":[{"href":"https:\/\/airbrakehose.com\/fr\/wp-json\/wp\/v2\/product"}],"about":[{"href":"https:\/\/airbrakehose.com\/fr\/wp-json\/wp\/v2\/types\/product"}],"wp:featuredmedia":[{"embeddable":true,"href":"https:\/\/airbrakehose.com\/fr\/wp-json\/wp\/v2\/media\/3437"}],"wp:attachment":[{"href":"https:\/\/airbrakehose.com\/fr\/wp-json\/wp\/v2\/media?parent=5733"}],"wp:term":[{"taxonomy":"product_brand","embeddable":true,"href":"https:\/\/airbrakehose.com\/fr\/wp-json\/wp\/v2\/product_brand?post=5733"},{"taxonomy":"product_cat","embeddable":true,"href":"https:\/\/airbrakehose.com\/fr\/wp-json\/wp\/v2\/product_cat?post=5733"},{"taxonomy":"product_tag","embeddable":true,"href":"https:\/\/airbrakehose.com\/fr\/wp-json\/wp\/v2\/product_tag?post=5733"}],"curies":[{"name":"wp","href":"https:\/\/api.w.org\/{rel}","templated":true}]}}