{"id":5703,"date":"2025-12-09T03:29:14","date_gmt":"2025-12-09T03:29:14","guid":{"rendered":"https:\/\/airbrakehose.com\/product\/raccords-et-accessoires-solutions-completes-de-connecteurs-pour-systemes-pneumatiques-de-freinage-a-air-et-industriels\/"},"modified":"2025-12-09T03:29:14","modified_gmt":"2025-12-09T03:29:14","slug":"raccords-et-accessoires-solutions-completes-de-connecteurs-pour-systemes-pneumatiques-de-freinage-a-air-et-industriels","status":"publish","type":"product","link":"https:\/\/airbrakehose.com\/fr\/produit\/raccords-et-accessoires-solutions-completes-de-connecteurs-pour-systemes-pneumatiques-de-freinage-a-air-et-industriels\/","title":{"rendered":"RACCORDS ET ACCESSOIRES \u2014 Solutions compl\u00e8tes de connecteurs pour syst\u00e8mes pneumatiques, de freinage \u00e0 air et industriels"},"content":{"rendered":"<section class=\"fittings-master-category\">\n<p data-start=\"571\" data-end=\"791\">Aoke Auto Parts propose une gamme compl\u00e8te de raccords et d&rsquo;accessoires pneumatiques de pr\u00e9cision con\u00e7us pour les syst\u00e8mes de freinage pneumatique, les machines d&rsquo;automatisation, les outils pneumatiques, les compresseurs, les camions, les remorques et les \u00e9quipements industriels.<\/p>\n<p data-start=\"793\" data-end=\"813\">Nos accessoires garantissent :<\/p>\n<ul data-start=\"815\" data-end=\"1074\">\n<li data-start=\"815\" data-end=\"847\">\n<p data-start=\"817\" data-end=\"847\">\u2714 Raccordements de tubes \u00e9tanches<\/p>\n<\/li>\n<li data-start=\"848\" data-end=\"879\">\n<p data-start=\"850\" data-end=\"879\">\u2714 Installation rapide par simple pression<\/p>\n<\/li>\n<li data-start=\"880\" data-end=\"911\">\n<p data-start=\"882\" data-end=\"911\">\u2714 Haute r\u00e9sistance aux vibrations<\/p>\n<\/li>\n<li data-start=\"912\" data-end=\"962\">\n<p data-start=\"914\" data-end=\"962\">\u2714 Compatibilit\u00e9 avec les tubes en PA, PU et PE<\/p>\n<\/li>\n<li data-start=\"963\" data-end=\"1028\">\n<p data-start=\"965\" data-end=\"1028\">\u2714 Prise en charge des normes de tuyauterie m\u00e9triques, BSP, NPT et imp\u00e9riales<\/p>\n<\/li>\n<li data-start=\"1029\" data-end=\"1074\">\n<p data-start=\"1031\" data-end=\"1074\">\u2714 Longue dur\u00e9e de vie en environnements difficiles<\/p>\n<\/li>\n<\/ul>\n<p data-start=\"1076\" data-end=\"1241\">Vous trouverez ci-dessous la gamme compl\u00e8te de raccords, organis\u00e9e pour une navigation rapide et claire. Chaque cat\u00e9gorie comprend des pages d\u00e9taill\u00e9es, des sp\u00e9cifications et des explications techniques. <\/p>\n<p data-start=\"1299\" data-end=\"1448\">\n<hr data-start=\"1450\" data-end=\"1453\">\n<h2 data-start=\"1455\" data-end=\"1485\"><strong data-start=\"1458\" data-end=\"1483\">1\ufe0f\u20e3 Raccords droits<\/strong><\/h2>\n<p data-start=\"1486\" data-end=\"1558\"><strong data-start=\"1486\" data-end=\"1558\">Droites m\u00e2les | Droites femelles | Droites cloisonn\u00e9es | Droites syndicales<\/strong><\/p>\n<p data-start=\"1560\" data-end=\"1598\">\ud83d\udd17 Lien : \/fittings\/straight-fittings<\/p>\n<p data-start=\"1600\" data-end=\"1791\">\u2714 Type de raccord le plus couramment utilis\u00e9<br data-start=\"1633\" data-end=\"1636\">\u2714 Raccords tube-filetage ou tube-tube<br data-start=\"1680\" data-end=\"1683\">\u2714 Large gamme de filetages : m\u00e9trique \/ BSP \/ NPT \/ imp\u00e9rial<br data-start=\"1729\" data-end=\"1732\">\u2714 Id\u00e9al pour les conduites de frein, les collecteurs, les cylindres et les vannes<\/p>\n<hr data-start=\"1793\" data-end=\"1796\">\n<h2 data-start=\"1798\" data-end=\"1825\"><strong data-start=\"1801\" data-end=\"1823\">2\ufe0f\u20e3 Raccords coud\u00e9s<\/strong><\/h2>\n<p data-start=\"1826\" data-end=\"1895\"><strong data-start=\"1826\" data-end=\"1895\">Coude homme | Coude femme | Coude long | Coude universel\/pivotant<\/strong><\/p>\n<p data-start=\"1897\" data-end=\"1932\">\ud83d\udd17 Lien : \/fittings\/elbow-fittings<\/p>\n<p data-start=\"1934\" data-end=\"2114\">\u2714 Passage \u00e0 90\u00b0 pour les espaces restreints<br data-start=\"1964\" data-end=\"1967\">\u2714 Emp\u00eache le cintrage et le pliage des tubes<br data-start=\"2002\" data-end=\"2005\">\u2714 Disponible en version longue et pivotante<br data-start=\"2048\" data-end=\"2051\">\u2714 Id\u00e9al pour les ch\u00e2ssis de camions, les lignes d&rsquo;automatisation et les b\u00e2tis de machines<\/p>\n<hr data-start=\"2116\" data-end=\"2119\">\n<h2 data-start=\"2121\" data-end=\"2146\"><strong data-start=\"2124\" data-end=\"2144\">3\ufe0f\u20e3 Raccords en T<\/strong><\/h2>\n<p data-start=\"2147\" data-end=\"2198\"><strong data-start=\"2147\" data-end=\"2198\">T\u00e9 m\u00e2le | T\u00e9 de branchement | T\u00e9 union | T\u00e9 r\u00e9ducteur<\/strong><\/p>\n<p data-start=\"2200\" data-end=\"2233\">\ud83d\udd17 Lien : \/fittings\/tee-fittings<\/p>\n<p data-start=\"2235\" data-end=\"2393\">\u2714 Distribution d&rsquo;air \u00e0 3 voies<br data-start=\"2259\" data-end=\"2262\">\u2714 Raccordement tube-filetage ou tube-tube<br data-start=\"2294\" data-end=\"2297\">\u2714 \u00c9tanch\u00e9it\u00e9 renforc\u00e9e contre les vibrations<br data-start=\"2331\" data-end=\"2334\">\u2714 Pour collecteurs industriels, remorques et circuits d&rsquo;automatisation<\/p>\n<hr data-start=\"2395\" data-end=\"2398\">\n<h2 data-start=\"2400\" data-end=\"2423\"><strong data-start=\"2403\" data-end=\"2421\">4\ufe0f\u20e3 Raccords en Y<\/strong><\/h2>\n<p data-start=\"2424\" data-end=\"2458\"><strong data-start=\"2424\" data-end=\"2458\">Union Y | Branche Y | R\u00e9ducteur Y<\/strong><\/p>\n<p data-start=\"2460\" data-end=\"2491\">\ud83d\udd17 Lien : \/fittings\/y-fittings<\/p>\n<p data-start=\"2493\" data-end=\"2662\">\u2714 R\u00e9sistance \u00e0 l&rsquo;air inf\u00e9rieure \u00e0 celle des raccords en T<br data-start=\"2537\" data-end=\"2540\">\u2714 Division directionnelle fluide<br data-start=\"2570\" data-end=\"2573\">\u2714 Id\u00e9al pour les syst\u00e8mes pneumatiques \u00e0 action rapide<br data-start=\"2613\" data-end=\"2616\">\u2714 Parfait pour la robotique et l&rsquo;automatisation \u00e0 haute vitesse<\/p>\n<hr data-start=\"2664\" data-end=\"2667\">\n<h2 data-start=\"2669\" data-end=\"2699\"><strong data-start=\"2672\" data-end=\"2697\">5\ufe0f\u20e3 Raccords de cloison<\/strong><\/h2>\n<p data-start=\"2700\" data-end=\"2755\"><strong data-start=\"2700\" data-end=\"2755\">Cloison droite | Coude de cloison | Raccord de cloison<\/strong><\/p>\n<p data-start=\"2757\" data-end=\"2795\">\ud83d\udd17 Lien : \/fittings\/bulkhead-fittings<\/p>\n<p data-start=\"2797\" data-end=\"2958\">\u2714 Conception pour montage sur panneau<br data-start=\"2817\" data-end=\"2820\">\u2714 Passage s\u00e9curis\u00e9 \u00e0 travers les murs, les armoires et les cadres<br data-start=\"2866\" data-end=\"2869\">\u2714 Conception anti-vibrations avec \u00e9crou de blocage<br data-start=\"2906\" data-end=\"2909\">\u2714 Id\u00e9al pour les camions, les compresseurs et les panneaux de commande<\/p>\n<hr data-start=\"2960\" data-end=\"2963\">\n<h2 data-start=\"2965\" data-end=\"2999\"><strong data-start=\"2968\" data-end=\"2997\">6\ufe0f\u20e3 Vannes et r\u00e9gulation de d\u00e9bit<\/strong><\/h2>\n<p data-start=\"3000\" data-end=\"3063\"><strong data-start=\"3000\" data-end=\"3063\">Vannes manuelles | Clapets anti-retour | R\u00e9gulateurs de d\u00e9bit (vannes \u00e0 papillon)<\/strong><\/p>\n<p data-start=\"3065\" data-end=\"3105\">\ud83d\udd17 Lien : \/fittings\/valves-flow-control<\/p>\n<p data-start=\"3107\" data-end=\"3281\">\u2714 R\u00e9gule la direction, la pression et le d\u00e9bit de l&rsquo;air<br data-start=\"3153\" data-end=\"3156\">\u2714 Emp\u00eache le reflux dans les circuits de freinage pneumatique<br data-start=\"3197\" data-end=\"3200\">\u2714 Contr\u00f4le le mouvement des v\u00e9rins en automatisation<br data-start=\"3240\" data-end=\"3243\">\u2714 Essentiel pour la s\u00e9curit\u00e9 et la pr\u00e9cision<\/p>\n<hr data-start=\"3283\" data-end=\"3286\">\n<h2 data-start=\"3288\" data-end=\"3329\"><strong data-start=\"3291\" data-end=\"3327\">7\ufe0f\u20e3 R\u00e9ducteurs et raccords sp\u00e9ciaux<\/strong><\/h2>\n<p data-start=\"3330\" data-end=\"3390\"><strong data-start=\"3330\" data-end=\"3390\">R\u00e9ducteur droit | R\u00e9ducteur en T\/Y | Connecteurs multiport<\/strong><\/p>\n<p data-start=\"3392\" data-end=\"3430\">\ud83d\udd17 Lien : \/fittings\/reducer-specialty<\/p>\n<p data-start=\"3432\" data-end=\"3576\">\u2714 Transitions pour tubes de diam\u00e8tres mixtes<br data-start=\"3463\" data-end=\"3466\">\u2714 Adaptateurs multiports OEM<br data-start=\"3491\" data-end=\"3494\">\u2714 Circuit d&rsquo;air compact<br data-start=\"3519\" data-end=\"3522\">\u2714 Largement utilis\u00e9 dans les installations industrielles et sur mesure<\/p>\n<hr data-start=\"3578\" data-end=\"3581\">\n<h2 data-start=\"3583\" data-end=\"3617\"><strong data-start=\"3586\" data-end=\"3615\">Raccords \u00e0 pression de 8\ufe0f\u20e3 pouces<\/strong><\/h2>\n<p data-start=\"3618\" data-end=\"3674\"><strong data-start=\"3618\" data-end=\"3674\">Tubes de 1\/4&Prime;, 5\/16&Prime;, 3\/8&Prime; et 1\/2&Prime; | Filetages NPT\/BSP\/UNF<\/strong><\/p>\n<p data-start=\"3676\" data-end=\"3710\">\ud83d\udd17 Lien : \/fittings\/inch-fittings<\/p>\n<p data-start=\"3712\" data-end=\"3888\">\u2714 Con\u00e7u pour les march\u00e9s am\u00e9ricain et canadien<br data-start=\"3750\" data-end=\"3753\">\u2714 Id\u00e9al pour les circuits d&rsquo;air auxiliaires conformes aux normes DOT<br data-start=\"3793\" data-end=\"3796\">\u2714 Compatible avec les machines pneumatiques am\u00e9ricaines<br data-start=\"3842\" data-end=\"3845\">\u2714 Combinaisons de tubes imp\u00e9riaux et de filetages NPT<\/p>\n<hr data-start=\"3890\" data-end=\"3893\">\n<h1 data-start=\"3895\" data-end=\"3928\">\u2b50 Pourquoi choisir les raccords Aoke ?<\/h1>\n<ul data-start=\"3930\" data-end=\"4262\">\n<li data-start=\"3930\" data-end=\"3976\">\n<p data-start=\"3932\" data-end=\"3976\">\u2714 Gamme compl\u00e8te : 4 \u00e0 16 mm et 1\/4&Prime; \u00e0 1\/2&Prime;<\/p>\n<\/li>\n<li data-start=\"3977\" data-end=\"4023\">\n<p data-start=\"3979\" data-end=\"4023\">\u2714 \u00c9tanch\u00e9it\u00e9 avanc\u00e9e : joints toriques en NBR ou FKM<\/p>\n<\/li>\n<li data-start=\"4024\" data-end=\"4102\">\n<p data-start=\"4026\" data-end=\"4102\">\u2714 Mat\u00e9riaux robustes : options en laiton nickel\u00e9, PBT, PA et acier inoxydable<\/p>\n<\/li>\n<li data-start=\"4103\" data-end=\"4161\">\n<p data-start=\"4105\" data-end=\"4161\">\u2714 \u00c9tanch\u00e9it\u00e9 parfaite m\u00eame en cas de vibrations et de pression<\/p>\n<\/li>\n<li data-start=\"4162\" data-end=\"4218\">\n<p data-start=\"4164\" data-end=\"4218\">\u2714 Large compatibilit\u00e9 avec les principales normes internationales<\/p>\n<\/li>\n<li data-start=\"4219\" data-end=\"4262\">\n<p data-start=\"4221\" data-end=\"4262\">\u2714 Production OEM et sur mesure disponible<\/p>\n<\/li>\n<\/ul>\n<\/section>\n","protected":false},"excerpt":{"rendered":"<p>Aoke Auto Parts propose une gamme compl\u00e8te de raccords pneumatiques et de freins \u00e0 air con\u00e7us pour les camions, les remorques, les machines industrielles, les syst\u00e8mes d&rsquo;automatisation et les conduites de compresseurs d&rsquo;air. Notre gamme comprend des raccords droits, coud\u00e9s, en T, en Y, traversants, des vannes et r\u00e9gulateurs de d\u00e9bit, des r\u00e9ducteurs\/raccords sp\u00e9ciaux et des raccords \u00e0 insertion rapide en pouces. Ces raccords sont con\u00e7us pour une \u00e9tanch\u00e9it\u00e9 parfaite, une installation rapide et une haute r\u00e9sistance aux vibrations avec des tubes en PA, PU et PE. <\/p>\n","protected":false},"featured_media":3376,"template":"","meta":{"_monsterinsights_skip_tracking":false,"_monsterinsights_sitenote_active":false,"_monsterinsights_sitenote_note":"","_monsterinsights_sitenote_category":0,"site-sidebar-layout":"default","site-content-layout":"","ast-site-content-layout":"default","site-content-style":"default","site-sidebar-style":"default","ast-global-header-display":"","ast-banner-title-visibility":"","ast-main-header-display":"","ast-hfb-above-header-display":"","ast-hfb-below-header-display":"","ast-hfb-mobile-header-display":"","site-post-title":"","ast-breadcrumbs-content":"","ast-featured-img":"","footer-sml-layout":"","ast-disable-related-posts":"","theme-transparent-header-meta":"default","adv-header-id-meta":"","stick-header-meta":"","header-above-stick-meta":"","header-main-stick-meta":"","header-below-stick-meta":"","astra-migrate-meta-layouts":"default","ast-page-background-enabled":"default","ast-page-background-meta":{"desktop":{"background-color":"","background-image":"","background-repeat":"repeat","background-position":"center center","background-size":"auto","background-attachment":"scroll","background-type":"","background-media":"","overlay-type":"","overlay-color":"","overlay-opacity":"","overlay-gradient":""},"tablet":{"background-color":"","background-image":"","background-repeat":"repeat","background-position":"center center","background-size":"auto","background-attachment":"scroll","background-type":"","background-media":"","overlay-type":"","overlay-color":"","overlay-opacity":"","overlay-gradient":""},"mobile":{"background-color":"","background-image":"","background-repeat":"repeat","background-position":"center center","background-size":"auto","background-attachment":"scroll","background-type":"","background-media":"","overlay-type":"","overlay-color":"","overlay-opacity":"","overlay-gradient":""}},"ast-content-background-meta":{"desktop":{"background-color":"var(--ast-global-color-5)","background-image":"","background-repeat":"repeat","background-position":"center center","background-size":"auto","background-attachment":"scroll","background-type":"","background-media":"","overlay-type":"","overlay-color":"","overlay-opacity":"","overlay-gradient":""},"tablet":{"background-color":"var(--ast-global-color-5)","background-image":"","background-repeat":"repeat","background-position":"center center","background-size":"auto","background-attachment":"scroll","background-type":"","background-media":"","overlay-type":"","overlay-color":"","overlay-opacity":"","overlay-gradient":""},"mobile":{"background-color":"var(--ast-global-color-5)","background-image":"","background-repeat":"repeat","background-position":"center center","background-size":"auto","background-attachment":"scroll","background-type":"","background-media":"","overlay-type":"","overlay-color":"","overlay-opacity":"","overlay-gradient":""}},"_joinchat":[]},"product_brand":[],"product_cat":[7229,7827],"product_tag":[8052,8048,8051,8053,8050,8046,8047,8054,8049],"class_list":{"0":"post-5703","1":"product","2":"type-product","3":"status-publish","4":"has-post-thumbnail","6":"product_cat-outils-et-accessoires-pneumatiques","7":"product_cat-raccords-pneumatiques-a-connexion-rapide-industriels","8":"product_tag-accessoires-pneumatiques-industriels","9":"product_tag-connecteurs-de-freins-pneumatiques","10":"product_tag-connecteurs-pneumatiques-en-laiton","11":"product_tag-raccords-dair-imperiaux-et-metriques","12":"product_tag-raccords-npt-a-connexion-rapide","13":"product_tag-raccords-pneumatiques","14":"product_tag-raccords-pneumatiques-a-insertion","15":"product_tag-raccords-pneumatiques-pour-remorques-de-camions","16":"product_tag-raccords-pour-tubes-pa-pu","17":"desktop-align-left","18":"tablet-align-left","19":"mobile-align-left","21":"first","22":"instock","23":"featured","24":"shipping-taxable","25":"product-type-simple"},"yoast_head":"<!-- This site is optimized with the Yoast SEO Premium plugin v26.4 (Yoast SEO v27.0) - https:\/\/yoast.com\/product\/yoast-seo-premium-wordpress\/ -->\n<title>Raccords et accessoires | Connecteurs pneumatiques et de freins \u00e0 air comprim\u00e9 \u00e0 insertion rapide<\/title>\n<meta name=\"description\" content=\"D\u00e9couvrez notre gamme compl\u00e8te de raccords et accessoires pneumatiques pour camions, remorques, syst\u00e8mes d&#039;automatisation et industriels : raccords droits, coudes, t\u00e9s, Y, travers\u00e9es de cloison, vannes, r\u00e9ducteurs et raccords en pouces.\" \/>\n<meta name=\"robots\" content=\"index, follow, max-snippet:-1, max-image-preview:large, max-video-preview:-1\" \/>\n<link rel=\"canonical\" href=\"https:\/\/airbrakehose.com\/fr\/produit\/raccords-et-accessoires-solutions-completes-de-connecteurs-pour-systemes-pneumatiques-de-freinage-a-air-et-industriels\/\" \/>\n<meta property=\"og:locale\" content=\"fr_FR\" \/>\n<meta property=\"og:type\" content=\"article\" \/>\n<meta property=\"og:title\" content=\"RACCORDS ET ACCESSOIRES \u2014 Solutions compl\u00e8tes de connecteurs pour syst\u00e8mes pneumatiques, de freinage \u00e0 air et industriels\" \/>\n<meta property=\"og:description\" content=\"D\u00e9couvrez notre gamme compl\u00e8te de raccords et accessoires pneumatiques pour camions, remorques, syst\u00e8mes d&#039;automatisation et industriels : raccords droits, coudes, t\u00e9s, Y, travers\u00e9es de cloison, vannes, r\u00e9ducteurs et raccords en pouces.\" \/>\n<meta property=\"og:url\" content=\"https:\/\/airbrakehose.com\/fr\/produit\/raccords-et-accessoires-solutions-completes-de-connecteurs-pour-systemes-pneumatiques-de-freinage-a-air-et-industriels\/\" \/>\n<meta property=\"og:site_name\" content=\"Victory Tech.\" \/>\n<meta property=\"article:publisher\" content=\"https:\/\/www.facebook.com\/aokeautoparts\" \/>\n<meta property=\"og:image\" content=\"https:\/\/airbrakehose.com\/wp-content\/uploads\/2025\/12\/Accessary-scaled.jpg\" \/>\n\t<meta property=\"og:image:width\" content=\"2560\" \/>\n\t<meta property=\"og:image:height\" content=\"1920\" \/>\n\t<meta property=\"og:image:type\" content=\"image\/jpeg\" \/>\n<meta name=\"twitter:card\" content=\"summary_large_image\" \/>\n<meta name=\"twitter:label1\" content=\"Dur\u00e9e de lecture estim\u00e9e\" \/>\n\t<meta name=\"twitter:data1\" content=\"3 minutes\" \/>\n<script type=\"application\/ld+json\" class=\"yoast-schema-graph\">{\"@context\":\"https:\/\/schema.org\",\"@graph\":[{\"@type\":\"WebPage\",\"@id\":\"https:\/\/airbrakehose.com\/fr\/produit\/raccords-et-accessoires-solutions-completes-de-connecteurs-pour-systemes-pneumatiques-de-freinage-a-air-et-industriels\/\",\"url\":\"https:\/\/airbrakehose.com\/fr\/produit\/raccords-et-accessoires-solutions-completes-de-connecteurs-pour-systemes-pneumatiques-de-freinage-a-air-et-industriels\/\",\"name\":\"Raccords et accessoires | Connecteurs pneumatiques et de freins \u00e0 air comprim\u00e9 \u00e0 insertion rapide\",\"isPartOf\":{\"@id\":\"https:\/\/airbrakehose.com\/fr\/#website\"},\"primaryImageOfPage\":{\"@id\":\"https:\/\/airbrakehose.com\/fr\/produit\/raccords-et-accessoires-solutions-completes-de-connecteurs-pour-systemes-pneumatiques-de-freinage-a-air-et-industriels\/#primaryimage\"},\"image\":{\"@id\":\"https:\/\/airbrakehose.com\/fr\/produit\/raccords-et-accessoires-solutions-completes-de-connecteurs-pour-systemes-pneumatiques-de-freinage-a-air-et-industriels\/#primaryimage\"},\"thumbnailUrl\":\"https:\/\/airbrakehose.com\/wp-content\/uploads\/2025\/12\/Accessary-scaled.jpg\",\"datePublished\":\"2025-12-09T03:29:14+00:00\",\"description\":\"D\u00e9couvrez notre gamme compl\u00e8te de raccords et accessoires pneumatiques pour camions, remorques, syst\u00e8mes d'automatisation et industriels : raccords droits, coudes, t\u00e9s, Y, travers\u00e9es de cloison, vannes, r\u00e9ducteurs et raccords en pouces.\",\"breadcrumb\":{\"@id\":\"https:\/\/airbrakehose.com\/fr\/produit\/raccords-et-accessoires-solutions-completes-de-connecteurs-pour-systemes-pneumatiques-de-freinage-a-air-et-industriels\/#breadcrumb\"},\"inLanguage\":\"fr-FR\",\"potentialAction\":[{\"@type\":\"ReadAction\",\"target\":[\"https:\/\/airbrakehose.com\/fr\/produit\/raccords-et-accessoires-solutions-completes-de-connecteurs-pour-systemes-pneumatiques-de-freinage-a-air-et-industriels\/\"]}]},{\"@type\":\"ImageObject\",\"inLanguage\":\"fr-FR\",\"@id\":\"https:\/\/airbrakehose.com\/fr\/produit\/raccords-et-accessoires-solutions-completes-de-connecteurs-pour-systemes-pneumatiques-de-freinage-a-air-et-industriels\/#primaryimage\",\"url\":\"https:\/\/airbrakehose.com\/wp-content\/uploads\/2025\/12\/Accessary-scaled.jpg\",\"contentUrl\":\"https:\/\/airbrakehose.com\/wp-content\/uploads\/2025\/12\/Accessary-scaled.jpg\",\"width\":2560,\"height\":1920,\"caption\":\"_T.V.A\"},{\"@type\":\"BreadcrumbList\",\"@id\":\"https:\/\/airbrakehose.com\/fr\/produit\/raccords-et-accessoires-solutions-completes-de-connecteurs-pour-systemes-pneumatiques-de-freinage-a-air-et-industriels\/#breadcrumb\",\"itemListElement\":[{\"@type\":\"ListItem\",\"position\":1,\"name\":\"\u9996\u9875\",\"item\":\"https:\/\/airbrakehose.com\/fr\/maison\/\"},{\"@type\":\"ListItem\",\"position\":2,\"name\":\"boutique\",\"item\":\"https:\/\/airbrakehose.com\/shop\/\"},{\"@type\":\"ListItem\",\"position\":3,\"name\":\"RACCORDS ET ACCESSOIRES \u2014 Solutions compl\u00e8tes de connecteurs pour syst\u00e8mes pneumatiques, de freinage \u00e0 air et industriels\"}]},{\"@type\":\"WebSite\",\"@id\":\"https:\/\/airbrakehose.com\/fr\/#website\",\"url\":\"https:\/\/airbrakehose.com\/fr\/\",\"name\":\"Victory Technology\",\"description\":\"Industrial Hose &amp; Air Brake Solutions\",\"potentialAction\":[{\"@type\":\"SearchAction\",\"target\":{\"@type\":\"EntryPoint\",\"urlTemplate\":\"https:\/\/airbrakehose.com\/fr\/?s={search_term_string}\"},\"query-input\":{\"@type\":\"PropertyValueSpecification\",\"valueRequired\":true,\"valueName\":\"search_term_string\"}}],\"inLanguage\":\"fr-FR\"}]}<\/script>\n<!-- \/ Yoast SEO Premium plugin. -->","yoast_head_json":{"title":"Raccords et accessoires | Connecteurs pneumatiques et de freins \u00e0 air comprim\u00e9 \u00e0 insertion rapide","description":"D\u00e9couvrez notre gamme compl\u00e8te de raccords et accessoires pneumatiques pour camions, remorques, syst\u00e8mes d'automatisation et industriels : raccords droits, coudes, t\u00e9s, Y, travers\u00e9es de cloison, vannes, r\u00e9ducteurs et raccords en pouces.","robots":{"index":"index","follow":"follow","max-snippet":"max-snippet:-1","max-image-preview":"max-image-preview:large","max-video-preview":"max-video-preview:-1"},"canonical":"https:\/\/airbrakehose.com\/fr\/produit\/raccords-et-accessoires-solutions-completes-de-connecteurs-pour-systemes-pneumatiques-de-freinage-a-air-et-industriels\/","og_locale":"fr_FR","og_type":"article","og_title":"RACCORDS ET ACCESSOIRES \u2014 Solutions compl\u00e8tes de connecteurs pour syst\u00e8mes pneumatiques, de freinage \u00e0 air et industriels","og_description":"D\u00e9couvrez notre gamme compl\u00e8te de raccords et accessoires pneumatiques pour camions, remorques, syst\u00e8mes d'automatisation et industriels : raccords droits, coudes, t\u00e9s, Y, travers\u00e9es de cloison, vannes, r\u00e9ducteurs et raccords en pouces.","og_url":"https:\/\/airbrakehose.com\/fr\/produit\/raccords-et-accessoires-solutions-completes-de-connecteurs-pour-systemes-pneumatiques-de-freinage-a-air-et-industriels\/","og_site_name":"Victory Tech.","article_publisher":"https:\/\/www.facebook.com\/aokeautoparts","og_image":[{"width":2560,"height":1920,"url":"https:\/\/airbrakehose.com\/wp-content\/uploads\/2025\/12\/Accessary-scaled.jpg","type":"image\/jpeg"}],"twitter_card":"summary_large_image","twitter_misc":{"Dur\u00e9e de lecture estim\u00e9e":"3 minutes"},"schema":{"@context":"https:\/\/schema.org","@graph":[{"@type":"WebPage","@id":"https:\/\/airbrakehose.com\/fr\/produit\/raccords-et-accessoires-solutions-completes-de-connecteurs-pour-systemes-pneumatiques-de-freinage-a-air-et-industriels\/","url":"https:\/\/airbrakehose.com\/fr\/produit\/raccords-et-accessoires-solutions-completes-de-connecteurs-pour-systemes-pneumatiques-de-freinage-a-air-et-industriels\/","name":"Raccords et accessoires | Connecteurs pneumatiques et de freins \u00e0 air comprim\u00e9 \u00e0 insertion rapide","isPartOf":{"@id":"https:\/\/airbrakehose.com\/fr\/#website"},"primaryImageOfPage":{"@id":"https:\/\/airbrakehose.com\/fr\/produit\/raccords-et-accessoires-solutions-completes-de-connecteurs-pour-systemes-pneumatiques-de-freinage-a-air-et-industriels\/#primaryimage"},"image":{"@id":"https:\/\/airbrakehose.com\/fr\/produit\/raccords-et-accessoires-solutions-completes-de-connecteurs-pour-systemes-pneumatiques-de-freinage-a-air-et-industriels\/#primaryimage"},"thumbnailUrl":"https:\/\/airbrakehose.com\/wp-content\/uploads\/2025\/12\/Accessary-scaled.jpg","datePublished":"2025-12-09T03:29:14+00:00","description":"D\u00e9couvrez notre gamme compl\u00e8te de raccords et accessoires pneumatiques pour camions, remorques, syst\u00e8mes d'automatisation et industriels : raccords droits, coudes, t\u00e9s, Y, travers\u00e9es de cloison, vannes, r\u00e9ducteurs et raccords en pouces.","breadcrumb":{"@id":"https:\/\/airbrakehose.com\/fr\/produit\/raccords-et-accessoires-solutions-completes-de-connecteurs-pour-systemes-pneumatiques-de-freinage-a-air-et-industriels\/#breadcrumb"},"inLanguage":"fr-FR","potentialAction":[{"@type":"ReadAction","target":["https:\/\/airbrakehose.com\/fr\/produit\/raccords-et-accessoires-solutions-completes-de-connecteurs-pour-systemes-pneumatiques-de-freinage-a-air-et-industriels\/"]}]},{"@type":"ImageObject","inLanguage":"fr-FR","@id":"https:\/\/airbrakehose.com\/fr\/produit\/raccords-et-accessoires-solutions-completes-de-connecteurs-pour-systemes-pneumatiques-de-freinage-a-air-et-industriels\/#primaryimage","url":"https:\/\/airbrakehose.com\/wp-content\/uploads\/2025\/12\/Accessary-scaled.jpg","contentUrl":"https:\/\/airbrakehose.com\/wp-content\/uploads\/2025\/12\/Accessary-scaled.jpg","width":2560,"height":1920,"caption":"_T.V.A"},{"@type":"BreadcrumbList","@id":"https:\/\/airbrakehose.com\/fr\/produit\/raccords-et-accessoires-solutions-completes-de-connecteurs-pour-systemes-pneumatiques-de-freinage-a-air-et-industriels\/#breadcrumb","itemListElement":[{"@type":"ListItem","position":1,"name":"\u9996\u9875","item":"https:\/\/airbrakehose.com\/fr\/maison\/"},{"@type":"ListItem","position":2,"name":"boutique","item":"https:\/\/airbrakehose.com\/shop\/"},{"@type":"ListItem","position":3,"name":"RACCORDS ET ACCESSOIRES \u2014 Solutions compl\u00e8tes de connecteurs pour syst\u00e8mes pneumatiques, de freinage \u00e0 air et industriels"}]},{"@type":"WebSite","@id":"https:\/\/airbrakehose.com\/fr\/#website","url":"https:\/\/airbrakehose.com\/fr\/","name":"Victory Technology","description":"Industrial Hose &amp; Air Brake Solutions","potentialAction":[{"@type":"SearchAction","target":{"@type":"EntryPoint","urlTemplate":"https:\/\/airbrakehose.com\/fr\/?s={search_term_string}"},"query-input":{"@type":"PropertyValueSpecification","valueRequired":true,"valueName":"search_term_string"}}],"inLanguage":"fr-FR"}]}},"_links":{"self":[{"href":"https:\/\/airbrakehose.com\/fr\/wp-json\/wp\/v2\/product\/5703","targetHints":{"allow":["GET"]}}],"collection":[{"href":"https:\/\/airbrakehose.com\/fr\/wp-json\/wp\/v2\/product"}],"about":[{"href":"https:\/\/airbrakehose.com\/fr\/wp-json\/wp\/v2\/types\/product"}],"wp:featuredmedia":[{"embeddable":true,"href":"https:\/\/airbrakehose.com\/fr\/wp-json\/wp\/v2\/media\/3376"}],"wp:attachment":[{"href":"https:\/\/airbrakehose.com\/fr\/wp-json\/wp\/v2\/media?parent=5703"}],"wp:term":[{"taxonomy":"product_brand","embeddable":true,"href":"https:\/\/airbrakehose.com\/fr\/wp-json\/wp\/v2\/product_brand?post=5703"},{"taxonomy":"product_cat","embeddable":true,"href":"https:\/\/airbrakehose.com\/fr\/wp-json\/wp\/v2\/product_cat?post=5703"},{"taxonomy":"product_tag","embeddable":true,"href":"https:\/\/airbrakehose.com\/fr\/wp-json\/wp\/v2\/product_tag?post=5703"}],"curies":[{"name":"wp","href":"https:\/\/api.w.org\/{rel}","templated":true}]}}