{"id":5699,"date":"2025-12-09T06:15:06","date_gmt":"2025-12-09T06:15:06","guid":{"rendered":"https:\/\/airbrakehose.com\/product\/raccords-droits-en-laiton-pour-systemes-dair-de-fluides-et-pneumatiques-disponibles-en-versions-male-femelle-a-embout-cannele-a-compression-metrique-bsp-et-npt\/"},"modified":"2025-12-09T06:15:06","modified_gmt":"2025-12-09T06:15:06","slug":"raccords-droits-en-laiton-pour-systemes-dair-de-fluides-et-pneumatiques-disponibles-en-versions-male-femelle-a-embout-cannele-a-compression-metrique-bsp-et-npt","status":"publish","type":"product","link":"https:\/\/airbrakehose.com\/fr\/produit\/raccords-droits-en-laiton-pour-systemes-dair-de-fluides-et-pneumatiques-disponibles-en-versions-male-femelle-a-embout-cannele-a-compression-metrique-bsp-et-npt\/","title":{"rendered":"Raccords droits en laiton pour syst\u00e8mes d&rsquo;air, de fluides et pneumatiques. Disponibles en versions m\u00e2le, femelle, \u00e0 embout cannel\u00e9, \u00e0 compression, m\u00e9trique, BSP et NPT."},"content":{"rendered":"<section class=\"category-intro\">\n<h1>Raccords droits en laiton \u2013 Types m\u00e2le, femelle, \u00e0 embout cannel\u00e9 et \u00e0 compression<\/h1>\n<p>Les raccords droits en laiton sont des composants essentiels des syst\u00e8mes pneumatiques, hydrauliques et de transmission de fluides.<br \/>\nIls assurent une connexion en ligne fiable entre les tuyaux, les tubes et les raccords filet\u00e9s gr\u00e2ce \u00e0 l&rsquo;utilisation de laiton haute r\u00e9sistance<br \/>\npour une r\u00e9sistance sup\u00e9rieure \u00e0 la corrosion et une longue dur\u00e9e de vie.<\/p>\n<p>Nos raccords droits en laiton sont fabriqu\u00e9s avec des filetages de pr\u00e9cision et des surfaces internes lisses pour garantir<br \/>\nune \u00e9tanch\u00e9it\u00e9 optimale. Disponibles en normes de filetage m\u00e9trique, BSP et NPT, ces raccords<br \/>\nsont compatibles avec les syst\u00e8mes de tubes en nylon, en PU, en caoutchouc et en cuivre pour les applications automobiles,<br \/>industrielles, pneumatiques et de freinage \u00e0 air. <\/p>\n<h2>Types disponibles<\/h2>\n<ul>\n<li>Raccords m\u00e2les droits en laiton \u2013 Permettent de raccorder un tube\/flexible \u00e0 un orifice femelle filet\u00e9.<\/li>\n<li>Raccords femelles droits en laiton \u2013 Permettent de raccorder un tube\/flexible \u00e0 un orifice m\u00e2le filet\u00e9.<\/li>\n<li>Raccords droits \u00e0 embout cannel\u00e9 pour tuyaux \u2013 Permettent de connecter en toute s\u00e9curit\u00e9 des tubes souples tels que des tuyaux en caoutchouc ou en PVC.<\/li>\n<li>Raccords droits \u00e0 compression \u2013 \u00c9tanch\u00e9it\u00e9 haute pression pour tubes rigides en cuivre ou en nylon.<\/li>\n<li>Raccords droits en laiton \u00e0 insertion rapide \u2013 Installation rapide pour les syst\u00e8mes pneumatiques.<\/li>\n<\/ul>\n<h2>Caract\u00e9ristiques principales<\/h2>\n<ul>\n<li>Corps en laiton usin\u00e9 avec pr\u00e9cision pour une durabilit\u00e9 et une r\u00e9sistance \u00e0 la corrosion optimales<\/li>\n<li>Normes de filetage multiples : m\u00e9trique, BSPP, BSPT, NPT<\/li>\n<li>Des surfaces d&rsquo;\u00e9tanch\u00e9it\u00e9 lisses emp\u00eachent les fuites sous haute pression<\/li>\n<li>Compatible avec les tubes en PU\/PA, les tuyaux en caoutchouc et les tuyaux rigides.<\/li>\n<li>Id\u00e9al pour les syst\u00e8mes automobiles, industriels, pneumatiques et de CVC<\/li>\n<\/ul>\n<h2>Applications typiques<\/h2>\n<ul>\n<li>Syst\u00e8mes de freinage pneumatique pour camions et remorques<\/li>\n<li>\u00e9quipement d&rsquo;automatisation pneumatique<\/li>\n<li>Syst\u00e8mes de lubrification hydraulique<\/li>\n<li>Compresseurs d&rsquo;air et outils<\/li>\n<li>Conduites de transfert de carburant, d&rsquo;huile et d&rsquo;eau<\/li>\n<\/ul>\n<\/section>\n<p><script type=\"application\/ld+json\">\n{\n  \"@context\": \"https:\/\/schema.org\",\n  \"@type\": \"CollectionPage\",\n  \"name\": \"Brass Straight Fittings\",\n  \"url\": \"https:\/\/yourwebsite.com\/brass-fittings\/straight-fittings\",\n  \"description\": \"High-precision brass straight fittings for pneumatic, hydraulic, and air systems, compatible with PA \/ PU \/ PE tubing. Includes M5, M6, M8, M10, M12 and NPT\/BSP options.\",\n  \"isPartOf\": {\n    \"@type\": \"CategoryCodeSet\",\n    \"name\": \"Brass Fittings\",\n    \"url\": \"https:\/\/yourwebsite.com\/brass-fittings\"\n  },\n  \"about\": [\n    { \"@type\": \"DefinedTerm\", \"name\": \"Straight Brass Connector\" },\n    { \"@type\": \"DefinedTerm\", \"name\": \"Push-In Brass Fittings\" },\n    { \"@type\": \"DefinedTerm\", \"name\": \"Metric & NPT Brass Fittings\" }\n  ]\n}\n<\/script><\/p>\n","protected":false},"excerpt":{"rendered":"<p>Les raccords droits en laiton assurent des connexions en ligne \u00e9tanches et s\u00e9curis\u00e9es pour les syst\u00e8mes d&rsquo;air, de fluides et pneumatiques. Con\u00e7us pour une durabilit\u00e9 et une pr\u00e9cision optimales, ces raccords sont disponibles en plusieurs types de filetage, notamment m\u00e9trique, BSP et NPT, et conviennent aux applications sur camions, remorques, \u00e9quipements industriels et syst\u00e8mes d&rsquo;automatisation. <\/p>\n","protected":false},"featured_media":3387,"template":"","meta":{"_monsterinsights_skip_tracking":false,"_monsterinsights_sitenote_active":false,"_monsterinsights_sitenote_note":"","_monsterinsights_sitenote_category":0,"site-sidebar-layout":"default","site-content-layout":"","ast-site-content-layout":"default","site-content-style":"default","site-sidebar-style":"default","ast-global-header-display":"","ast-banner-title-visibility":"","ast-main-header-display":"","ast-hfb-above-header-display":"","ast-hfb-below-header-display":"","ast-hfb-mobile-header-display":"","site-post-title":"","ast-breadcrumbs-content":"","ast-featured-img":"","footer-sml-layout":"","ast-disable-related-posts":"","theme-transparent-header-meta":"default","adv-header-id-meta":"","stick-header-meta":"","header-above-stick-meta":"","header-main-stick-meta":"","header-below-stick-meta":"","astra-migrate-meta-layouts":"default","ast-page-background-enabled":"default","ast-page-background-meta":{"desktop":{"background-color":"","background-image":"","background-repeat":"repeat","background-position":"center center","background-size":"auto","background-attachment":"scroll","background-type":"","background-media":"","overlay-type":"","overlay-color":"","overlay-opacity":"","overlay-gradient":""},"tablet":{"background-color":"","background-image":"","background-repeat":"repeat","background-position":"center center","background-size":"auto","background-attachment":"scroll","background-type":"","background-media":"","overlay-type":"","overlay-color":"","overlay-opacity":"","overlay-gradient":""},"mobile":{"background-color":"","background-image":"","background-repeat":"repeat","background-position":"center center","background-size":"auto","background-attachment":"scroll","background-type":"","background-media":"","overlay-type":"","overlay-color":"","overlay-opacity":"","overlay-gradient":""}},"ast-content-background-meta":{"desktop":{"background-color":"var(--ast-global-color-5)","background-image":"","background-repeat":"repeat","background-position":"center center","background-size":"auto","background-attachment":"scroll","background-type":"","background-media":"","overlay-type":"","overlay-color":"","overlay-opacity":"","overlay-gradient":""},"tablet":{"background-color":"var(--ast-global-color-5)","background-image":"","background-repeat":"repeat","background-position":"center center","background-size":"auto","background-attachment":"scroll","background-type":"","background-media":"","overlay-type":"","overlay-color":"","overlay-opacity":"","overlay-gradient":""},"mobile":{"background-color":"var(--ast-global-color-5)","background-image":"","background-repeat":"repeat","background-position":"center center","background-size":"auto","background-attachment":"scroll","background-type":"","background-media":"","overlay-type":"","overlay-color":"","overlay-opacity":"","overlay-gradient":""}},"_joinchat":[]},"product_brand":[],"product_cat":[7229,7958],"product_tag":[8023,8027,8019,8018,8029,8020,8028,8021,8024,8025,8022,8026,8017],"class_list":{"0":"post-5699","1":"product","2":"type-product","3":"status-publish","4":"has-post-thumbnail","6":"product_cat-outils-et-accessoires-pneumatiques","7":"product_cat-raccords-de-freins-pneumatiques-laiton","8":"product_tag-connecteur-droit-en-laiton-bsp","9":"product_tag-connecteur-en-ligne-en-laiton","10":"product_tag-connecteur-femelle-droit-en-laiton","11":"product_tag-connecteur-male-droit-en-laiton","12":"product_tag-coupleur-industriel-en-laiton","13":"product_tag-raccord-cannele-droit-en-laiton-pour-tuyau-darrosage","14":"product_tag-raccord-de-tube-en-laiton","15":"product_tag-raccord-droit-a-compression-en-laiton","16":"product_tag-raccord-droit-en-laiton-npt","17":"product_tag-raccord-droit-en-laiton-pour-frein-pneumatique","18":"product_tag-raccord-en-laiton-metrique","19":"product_tag-raccord-pneumatique-droit-en-laiton","20":"product_tag-raccords-droits-en-laiton","21":"desktop-align-left","22":"tablet-align-left","23":"mobile-align-left","25":"first","26":"instock","27":"shipping-taxable","28":"product-type-simple"},"yoast_head":"<!-- This site is optimized with the Yoast SEO Premium plugin v26.4 (Yoast SEO v27.0) - https:\/\/yoast.com\/product\/yoast-seo-premium-wordpress\/ -->\n<title>Raccords droits en laiton | M\u00e2le, femelle, \u00e0 embout cannel\u00e9 et \u00e0 compression | Connecteurs pour air et fluides<\/title>\n<meta name=\"description\" content=\"D\u00e9couvrez notre gamme de raccords droits en laiton pour syst\u00e8mes d&#039;air, de fluides et pneumatiques. Disponibles en versions m\u00e2le, femelle, \u00e0 embout cannel\u00e9, \u00e0 compression, m\u00e9trique, BSP et NPT. Connecteurs en laiton robustes pour camions, remorques, machines et applications industrielles.\" \/>\n<meta name=\"robots\" content=\"index, follow, max-snippet:-1, max-image-preview:large, max-video-preview:-1\" \/>\n<link rel=\"canonical\" href=\"https:\/\/airbrakehose.com\/fr\/produit\/raccords-droits-en-laiton-pour-systemes-dair-de-fluides-et-pneumatiques-disponibles-en-versions-male-femelle-a-embout-cannele-a-compression-metrique-bsp-et-npt\/\" \/>\n<meta property=\"og:locale\" content=\"fr_FR\" \/>\n<meta property=\"og:type\" content=\"article\" \/>\n<meta property=\"og:title\" content=\"Raccords droits en laiton pour syst\u00e8mes d&#039;air, de fluides et pneumatiques. Disponibles en versions m\u00e2le, femelle, \u00e0 embout cannel\u00e9, \u00e0 compression, m\u00e9trique, BSP et NPT.\" \/>\n<meta property=\"og:description\" content=\"D\u00e9couvrez notre gamme de raccords droits en laiton pour syst\u00e8mes d&#039;air, de fluides et pneumatiques. Disponibles en versions m\u00e2le, femelle, \u00e0 embout cannel\u00e9, \u00e0 compression, m\u00e9trique, BSP et NPT. Connecteurs en laiton robustes pour camions, remorques, machines et applications industrielles.\" \/>\n<meta property=\"og:url\" content=\"https:\/\/airbrakehose.com\/fr\/produit\/raccords-droits-en-laiton-pour-systemes-dair-de-fluides-et-pneumatiques-disponibles-en-versions-male-femelle-a-embout-cannele-a-compression-metrique-bsp-et-npt\/\" \/>\n<meta property=\"og:site_name\" content=\"Victory Tech.\" \/>\n<meta property=\"article:publisher\" content=\"https:\/\/www.facebook.com\/aokeautoparts\" \/>\n<meta property=\"og:image\" content=\"https:\/\/airbrakehose.com\/wp-content\/uploads\/2025\/12\/\u9ed8\u8ba4\u6807\u9898__2025-12-0914_06_55.jpg\" \/>\n\t<meta property=\"og:image:width\" content=\"1279\" \/>\n\t<meta property=\"og:image:height\" content=\"1706\" \/>\n\t<meta property=\"og:image:type\" content=\"image\/jpeg\" \/>\n<meta name=\"twitter:card\" content=\"summary_large_image\" \/>\n<meta name=\"twitter:label1\" content=\"Dur\u00e9e de lecture estim\u00e9e\" \/>\n\t<meta name=\"twitter:data1\" content=\"2 minutes\" \/>\n<script type=\"application\/ld+json\" class=\"yoast-schema-graph\">{\"@context\":\"https:\/\/schema.org\",\"@graph\":[{\"@type\":\"WebPage\",\"@id\":\"https:\/\/airbrakehose.com\/fr\/produit\/raccords-droits-en-laiton-pour-systemes-dair-de-fluides-et-pneumatiques-disponibles-en-versions-male-femelle-a-embout-cannele-a-compression-metrique-bsp-et-npt\/\",\"url\":\"https:\/\/airbrakehose.com\/fr\/produit\/raccords-droits-en-laiton-pour-systemes-dair-de-fluides-et-pneumatiques-disponibles-en-versions-male-femelle-a-embout-cannele-a-compression-metrique-bsp-et-npt\/\",\"name\":\"Raccords droits en laiton | M\u00e2le, femelle, \u00e0 embout cannel\u00e9 et \u00e0 compression | Connecteurs pour air et fluides\",\"isPartOf\":{\"@id\":\"https:\/\/airbrakehose.com\/fr\/#website\"},\"primaryImageOfPage\":{\"@id\":\"https:\/\/airbrakehose.com\/fr\/produit\/raccords-droits-en-laiton-pour-systemes-dair-de-fluides-et-pneumatiques-disponibles-en-versions-male-femelle-a-embout-cannele-a-compression-metrique-bsp-et-npt\/#primaryimage\"},\"image\":{\"@id\":\"https:\/\/airbrakehose.com\/fr\/produit\/raccords-droits-en-laiton-pour-systemes-dair-de-fluides-et-pneumatiques-disponibles-en-versions-male-femelle-a-embout-cannele-a-compression-metrique-bsp-et-npt\/#primaryimage\"},\"thumbnailUrl\":\"https:\/\/airbrakehose.com\/wp-content\/uploads\/2025\/12\/\u9ed8\u8ba4\u6807\u9898__2025-12-0914_06_55.jpg\",\"datePublished\":\"2025-12-09T06:15:06+00:00\",\"description\":\"D\u00e9couvrez notre gamme de raccords droits en laiton pour syst\u00e8mes d'air, de fluides et pneumatiques. Disponibles en versions m\u00e2le, femelle, \u00e0 embout cannel\u00e9, \u00e0 compression, m\u00e9trique, BSP et NPT. Connecteurs en laiton robustes pour camions, remorques, machines et applications industrielles.\",\"breadcrumb\":{\"@id\":\"https:\/\/airbrakehose.com\/fr\/produit\/raccords-droits-en-laiton-pour-systemes-dair-de-fluides-et-pneumatiques-disponibles-en-versions-male-femelle-a-embout-cannele-a-compression-metrique-bsp-et-npt\/#breadcrumb\"},\"inLanguage\":\"fr-FR\",\"potentialAction\":[{\"@type\":\"ReadAction\",\"target\":[\"https:\/\/airbrakehose.com\/fr\/produit\/raccords-droits-en-laiton-pour-systemes-dair-de-fluides-et-pneumatiques-disponibles-en-versions-male-femelle-a-embout-cannele-a-compression-metrique-bsp-et-npt\/\"]}]},{\"@type\":\"ImageObject\",\"inLanguage\":\"fr-FR\",\"@id\":\"https:\/\/airbrakehose.com\/fr\/produit\/raccords-droits-en-laiton-pour-systemes-dair-de-fluides-et-pneumatiques-disponibles-en-versions-male-femelle-a-embout-cannele-a-compression-metrique-bsp-et-npt\/#primaryimage\",\"url\":\"https:\/\/airbrakehose.com\/wp-content\/uploads\/2025\/12\/\u9ed8\u8ba4\u6807\u9898__2025-12-0914_06_55.jpg\",\"contentUrl\":\"https:\/\/airbrakehose.com\/wp-content\/uploads\/2025\/12\/\u9ed8\u8ba4\u6807\u9898__2025-12-0914_06_55.jpg\",\"width\":1279,\"height\":1706},{\"@type\":\"BreadcrumbList\",\"@id\":\"https:\/\/airbrakehose.com\/fr\/produit\/raccords-droits-en-laiton-pour-systemes-dair-de-fluides-et-pneumatiques-disponibles-en-versions-male-femelle-a-embout-cannele-a-compression-metrique-bsp-et-npt\/#breadcrumb\",\"itemListElement\":[{\"@type\":\"ListItem\",\"position\":1,\"name\":\"\u9996\u9875\",\"item\":\"https:\/\/airbrakehose.com\/fr\/maison\/\"},{\"@type\":\"ListItem\",\"position\":2,\"name\":\"boutique\",\"item\":\"https:\/\/airbrakehose.com\/shop\/\"},{\"@type\":\"ListItem\",\"position\":3,\"name\":\"Raccords droits en laiton pour syst\u00e8mes d&#8217;air, de fluides et pneumatiques. Disponibles en versions m\u00e2le, femelle, \u00e0 embout cannel\u00e9, \u00e0 compression, m\u00e9trique, BSP et NPT.\"}]},{\"@type\":\"WebSite\",\"@id\":\"https:\/\/airbrakehose.com\/fr\/#website\",\"url\":\"https:\/\/airbrakehose.com\/fr\/\",\"name\":\"Victory Technology\",\"description\":\"Industrial Hose &amp; Air Brake Solutions\",\"potentialAction\":[{\"@type\":\"SearchAction\",\"target\":{\"@type\":\"EntryPoint\",\"urlTemplate\":\"https:\/\/airbrakehose.com\/fr\/?s={search_term_string}\"},\"query-input\":{\"@type\":\"PropertyValueSpecification\",\"valueRequired\":true,\"valueName\":\"search_term_string\"}}],\"inLanguage\":\"fr-FR\"}]}<\/script>\n<!-- \/ Yoast SEO Premium plugin. -->","yoast_head_json":{"title":"Raccords droits en laiton | M\u00e2le, femelle, \u00e0 embout cannel\u00e9 et \u00e0 compression | Connecteurs pour air et fluides","description":"D\u00e9couvrez notre gamme de raccords droits en laiton pour syst\u00e8mes d'air, de fluides et pneumatiques. Disponibles en versions m\u00e2le, femelle, \u00e0 embout cannel\u00e9, \u00e0 compression, m\u00e9trique, BSP et NPT. Connecteurs en laiton robustes pour camions, remorques, machines et applications industrielles.","robots":{"index":"index","follow":"follow","max-snippet":"max-snippet:-1","max-image-preview":"max-image-preview:large","max-video-preview":"max-video-preview:-1"},"canonical":"https:\/\/airbrakehose.com\/fr\/produit\/raccords-droits-en-laiton-pour-systemes-dair-de-fluides-et-pneumatiques-disponibles-en-versions-male-femelle-a-embout-cannele-a-compression-metrique-bsp-et-npt\/","og_locale":"fr_FR","og_type":"article","og_title":"Raccords droits en laiton pour syst\u00e8mes d'air, de fluides et pneumatiques. Disponibles en versions m\u00e2le, femelle, \u00e0 embout cannel\u00e9, \u00e0 compression, m\u00e9trique, BSP et NPT.","og_description":"D\u00e9couvrez notre gamme de raccords droits en laiton pour syst\u00e8mes d'air, de fluides et pneumatiques. Disponibles en versions m\u00e2le, femelle, \u00e0 embout cannel\u00e9, \u00e0 compression, m\u00e9trique, BSP et NPT. Connecteurs en laiton robustes pour camions, remorques, machines et applications industrielles.","og_url":"https:\/\/airbrakehose.com\/fr\/produit\/raccords-droits-en-laiton-pour-systemes-dair-de-fluides-et-pneumatiques-disponibles-en-versions-male-femelle-a-embout-cannele-a-compression-metrique-bsp-et-npt\/","og_site_name":"Victory Tech.","article_publisher":"https:\/\/www.facebook.com\/aokeautoparts","og_image":[{"width":1279,"height":1706,"url":"https:\/\/airbrakehose.com\/wp-content\/uploads\/2025\/12\/\u9ed8\u8ba4\u6807\u9898__2025-12-0914_06_55.jpg","type":"image\/jpeg"}],"twitter_card":"summary_large_image","twitter_misc":{"Dur\u00e9e de lecture estim\u00e9e":"2 minutes"},"schema":{"@context":"https:\/\/schema.org","@graph":[{"@type":"WebPage","@id":"https:\/\/airbrakehose.com\/fr\/produit\/raccords-droits-en-laiton-pour-systemes-dair-de-fluides-et-pneumatiques-disponibles-en-versions-male-femelle-a-embout-cannele-a-compression-metrique-bsp-et-npt\/","url":"https:\/\/airbrakehose.com\/fr\/produit\/raccords-droits-en-laiton-pour-systemes-dair-de-fluides-et-pneumatiques-disponibles-en-versions-male-femelle-a-embout-cannele-a-compression-metrique-bsp-et-npt\/","name":"Raccords droits en laiton | M\u00e2le, femelle, \u00e0 embout cannel\u00e9 et \u00e0 compression | Connecteurs pour air et fluides","isPartOf":{"@id":"https:\/\/airbrakehose.com\/fr\/#website"},"primaryImageOfPage":{"@id":"https:\/\/airbrakehose.com\/fr\/produit\/raccords-droits-en-laiton-pour-systemes-dair-de-fluides-et-pneumatiques-disponibles-en-versions-male-femelle-a-embout-cannele-a-compression-metrique-bsp-et-npt\/#primaryimage"},"image":{"@id":"https:\/\/airbrakehose.com\/fr\/produit\/raccords-droits-en-laiton-pour-systemes-dair-de-fluides-et-pneumatiques-disponibles-en-versions-male-femelle-a-embout-cannele-a-compression-metrique-bsp-et-npt\/#primaryimage"},"thumbnailUrl":"https:\/\/airbrakehose.com\/wp-content\/uploads\/2025\/12\/\u9ed8\u8ba4\u6807\u9898__2025-12-0914_06_55.jpg","datePublished":"2025-12-09T06:15:06+00:00","description":"D\u00e9couvrez notre gamme de raccords droits en laiton pour syst\u00e8mes d'air, de fluides et pneumatiques. Disponibles en versions m\u00e2le, femelle, \u00e0 embout cannel\u00e9, \u00e0 compression, m\u00e9trique, BSP et NPT. Connecteurs en laiton robustes pour camions, remorques, machines et applications industrielles.","breadcrumb":{"@id":"https:\/\/airbrakehose.com\/fr\/produit\/raccords-droits-en-laiton-pour-systemes-dair-de-fluides-et-pneumatiques-disponibles-en-versions-male-femelle-a-embout-cannele-a-compression-metrique-bsp-et-npt\/#breadcrumb"},"inLanguage":"fr-FR","potentialAction":[{"@type":"ReadAction","target":["https:\/\/airbrakehose.com\/fr\/produit\/raccords-droits-en-laiton-pour-systemes-dair-de-fluides-et-pneumatiques-disponibles-en-versions-male-femelle-a-embout-cannele-a-compression-metrique-bsp-et-npt\/"]}]},{"@type":"ImageObject","inLanguage":"fr-FR","@id":"https:\/\/airbrakehose.com\/fr\/produit\/raccords-droits-en-laiton-pour-systemes-dair-de-fluides-et-pneumatiques-disponibles-en-versions-male-femelle-a-embout-cannele-a-compression-metrique-bsp-et-npt\/#primaryimage","url":"https:\/\/airbrakehose.com\/wp-content\/uploads\/2025\/12\/\u9ed8\u8ba4\u6807\u9898__2025-12-0914_06_55.jpg","contentUrl":"https:\/\/airbrakehose.com\/wp-content\/uploads\/2025\/12\/\u9ed8\u8ba4\u6807\u9898__2025-12-0914_06_55.jpg","width":1279,"height":1706},{"@type":"BreadcrumbList","@id":"https:\/\/airbrakehose.com\/fr\/produit\/raccords-droits-en-laiton-pour-systemes-dair-de-fluides-et-pneumatiques-disponibles-en-versions-male-femelle-a-embout-cannele-a-compression-metrique-bsp-et-npt\/#breadcrumb","itemListElement":[{"@type":"ListItem","position":1,"name":"\u9996\u9875","item":"https:\/\/airbrakehose.com\/fr\/maison\/"},{"@type":"ListItem","position":2,"name":"boutique","item":"https:\/\/airbrakehose.com\/shop\/"},{"@type":"ListItem","position":3,"name":"Raccords droits en laiton pour syst\u00e8mes d&#8217;air, de fluides et pneumatiques. Disponibles en versions m\u00e2le, femelle, \u00e0 embout cannel\u00e9, \u00e0 compression, m\u00e9trique, BSP et NPT."}]},{"@type":"WebSite","@id":"https:\/\/airbrakehose.com\/fr\/#website","url":"https:\/\/airbrakehose.com\/fr\/","name":"Victory Technology","description":"Industrial Hose &amp; Air Brake Solutions","potentialAction":[{"@type":"SearchAction","target":{"@type":"EntryPoint","urlTemplate":"https:\/\/airbrakehose.com\/fr\/?s={search_term_string}"},"query-input":{"@type":"PropertyValueSpecification","valueRequired":true,"valueName":"search_term_string"}}],"inLanguage":"fr-FR"}]}},"_links":{"self":[{"href":"https:\/\/airbrakehose.com\/fr\/wp-json\/wp\/v2\/product\/5699","targetHints":{"allow":["GET"]}}],"collection":[{"href":"https:\/\/airbrakehose.com\/fr\/wp-json\/wp\/v2\/product"}],"about":[{"href":"https:\/\/airbrakehose.com\/fr\/wp-json\/wp\/v2\/types\/product"}],"wp:featuredmedia":[{"embeddable":true,"href":"https:\/\/airbrakehose.com\/fr\/wp-json\/wp\/v2\/media\/3387"}],"wp:attachment":[{"href":"https:\/\/airbrakehose.com\/fr\/wp-json\/wp\/v2\/media?parent=5699"}],"wp:term":[{"taxonomy":"product_brand","embeddable":true,"href":"https:\/\/airbrakehose.com\/fr\/wp-json\/wp\/v2\/product_brand?post=5699"},{"taxonomy":"product_cat","embeddable":true,"href":"https:\/\/airbrakehose.com\/fr\/wp-json\/wp\/v2\/product_cat?post=5699"},{"taxonomy":"product_tag","embeddable":true,"href":"https:\/\/airbrakehose.com\/fr\/wp-json\/wp\/v2\/product_tag?post=5699"}],"curies":[{"name":"wp","href":"https:\/\/api.w.org\/{rel}","templated":true}]}}