{"id":5681,"date":"2025-12-08T06:54:40","date_gmt":"2025-12-08T06:54:40","guid":{"rendered":"https:\/\/airbrakehose.com\/product\/tee-fittings-push-in-connectors-male-tee-branch-tee-union-tee\/"},"modified":"2025-12-08T06:54:40","modified_gmt":"2025-12-08T06:54:40","slug":"tee-fittings-push-in-connectors-male-tee-branch-tee-union-tee","status":"publish","type":"product","link":"https:\/\/airbrakehose.com\/fr\/produit\/tee-fittings-push-in-connectors-male-tee-branch-tee-union-tee\/","title":{"rendered":"TEE FITTINGS (Push-In Connectors) Male Tee | Branch Tee | Union Tee"},"content":{"rendered":"<p data-start=\"466\" data-end=\"737\">Les raccords en T sont des connecteurs pneumatiques \u00e0 trois voies qui permettent de diviser une conduite d&rsquo;air en deux ou de combiner deux conduites en une seule. Ils sont indispensables dans les syst\u00e8mes pneumatiques industriels, les circuits d&rsquo;air des camions et remorques, les machines automatis\u00e9es et les r\u00e9seaux de distribution d&rsquo;air. <\/p>\n<p data-start=\"739\" data-end=\"762\">Cette cat\u00e9gorie comprend :<\/p>\n<ul data-start=\"764\" data-end=\"996\">\n<li data-start=\"764\" data-end=\"821\">\n<p data-start=\"766\" data-end=\"821\">T\u00e9 m\u00e2le (s\u00e9rie APB) \u2013 tube + filetage m\u00e2le + tube<\/p>\n<\/li>\n<li data-start=\"822\" data-end=\"881\">\n<p data-start=\"824\" data-end=\"881\">Raccord en T (s\u00e9rie APD) \u2013 tube + d\u00e9rivation m\u00e2le + tube<\/p>\n<\/li>\n<li data-start=\"882\" data-end=\"938\">\n<p data-start=\"884\" data-end=\"938\">Raccord en T (s\u00e9ries APE\/PE) \u2013 tube + tube + tube<\/p>\n<\/li>\n<li data-start=\"939\" data-end=\"996\">\n<p data-start=\"941\" data-end=\"996\">T\u00e9 r\u00e9ducteur (en option) \u2013 compatible avec des tubes de diam\u00e8tres diff\u00e9rents<\/p>\n<\/li>\n<\/ul>\n<p data-start=\"998\" data-end=\"1148\">Tous les raccords en T sont con\u00e7us pour une installation rapide par simple insertion des tubes et une \u00e9tanch\u00e9it\u00e9 fiable m\u00eame en cas de vibrations, de pression et dans des environnements de service difficiles.<\/p>\n<hr data-start=\"1404\" data-end=\"1407\">\n<h1 data-start=\"1409\" data-end=\"1445\"><strong data-start=\"1411\" data-end=\"1445\">Types de produits dans cette cat\u00e9gorie<\/strong><\/h1>\n<hr data-start=\"1447\" data-end=\"1450\">\n<h2 data-start=\"1452\" data-end=\"1486\"><strong data-start=\"1455\" data-end=\"1484\">1\ufe0f\u20e3 T-shirt homme (S\u00e9rie APB)<\/strong><\/h2>\n<p data-start=\"1487\" data-end=\"1567\">Tube \u2192 Filetage m\u00e2le \u2192 Tube<br data-start=\"1512\" data-end=\"1515\">Utilis\u00e9 pour raccorder un port filet\u00e9 m\u00e2le \u00e0 une conduite principale.<\/p>\n<p data-start=\"1569\" data-end=\"1663\">Diam\u00e8tres de tubes courants : 4 mm, 6 mm, 8 mm, 10 mm, 12 mm<br data-start=\"1618\" data-end=\"1621\">Normes de filetage : M5 \u00e0 M20 \/ BSP \/ NPT<\/p>\n<p data-start=\"1665\" data-end=\"1757\">Applications :<br data-start=\"1682\" data-end=\"1685\">V\u00e9rins pneumatiques, blocs de raccordement de syst\u00e8mes de freinage, \u00eelots de vannes, collecteurs.<\/p>\n<hr data-start=\"1759\" data-end=\"1762\">\n<h2 data-start=\"1764\" data-end=\"1800\"><strong data-start=\"1767\" data-end=\"1798\">2\ufe0f\u20e3 T-shirt Branch (S\u00e9rie APD)<\/strong><\/h2>\n<p data-start=\"1801\" data-end=\"1889\">Tube \u2192 Tube \u2192 Filetage m\u00e2le (branche)<br data-start=\"1835\" data-end=\"1838\">Forme une structure en \u00ab T \u00bb \u00e0 l&rsquo;endroit o\u00f9 la branche est filet\u00e9e.<\/p>\n<p data-start=\"1891\" data-end=\"1903\">Id\u00e9al pour :<\/p>\n<ul data-start=\"1904\" data-end=\"1979\">\n<li data-start=\"1904\" data-end=\"1917\">\n<p data-start=\"1906\" data-end=\"1917\">Collecteurs<\/p>\n<\/li>\n<li data-start=\"1918\" data-end=\"1940\">\n<p data-start=\"1920\" data-end=\"1940\">Lignes de distribution<\/p>\n<\/li>\n<li data-start=\"1941\" data-end=\"1979\">\n<p data-start=\"1943\" data-end=\"1979\">Installation de manom\u00e8tres, de vannes et de capteurs<\/p>\n<\/li>\n<\/ul>\n<hr data-start=\"1981\" data-end=\"1984\">\n<h2 data-start=\"1986\" data-end=\"2026\"><strong data-start=\"1989\" data-end=\"2024\">3\ufe0f\u20e3 Union Tee (S\u00e9rie APE \/ PE)<\/strong><\/h2>\n<p data-start=\"2027\" data-end=\"2127\">Tube \u2192 Tube \u2192 Tube<br data-start=\"2045\" data-end=\"2048\">Les trois orifices sont \u00e0 insertion rapide, permettant des connexions de tubes identiques sans filetage.<\/p>\n<p data-start=\"2129\" data-end=\"2140\">Avantages:<\/p>\n<ul data-start=\"2141\" data-end=\"2224\">\n<li data-start=\"2141\" data-end=\"2167\">\n<p data-start=\"2143\" data-end=\"2167\">Installation tr\u00e8s rapide<\/p>\n<\/li>\n<li data-start=\"2168\" data-end=\"2193\">\n<p data-start=\"2170\" data-end=\"2193\">Redirection facile des tubes<\/p>\n<\/li>\n<li data-start=\"2194\" data-end=\"2224\">\n<p data-start=\"2196\" data-end=\"2224\">agencement des tubes propre et compact<\/p>\n<\/li>\n<\/ul>\n<hr data-start=\"2226\" data-end=\"2229\">\n<h2 data-start=\"2231\" data-end=\"2278\"><strong data-start=\"2234\" data-end=\"2276\">4\ufe0f\u20e3 T\u00e9 sp\u00e9cial \/ r\u00e9ducteur (en option)<\/strong><\/h2>\n<p data-start=\"2279\" data-end=\"2326\">Pour les tubes de diam\u00e8tres diff\u00e9rents ou les besoins de routage sp\u00e9ciaux.<\/p>\n<p data-start=\"2328\" data-end=\"2338\">Exemple:<\/p>\n<ul data-start=\"2339\" data-end=\"2367\">\n<li data-start=\"2339\" data-end=\"2352\">\n<p data-start=\"2341\" data-end=\"2352\">8-8-6 Tee<\/p>\n<\/li>\n<li data-start=\"2353\" data-end=\"2367\">\n<p data-start=\"2355\" data-end=\"2367\">10-8-8 Tee<\/p>\n<\/li>\n<\/ul>\n<hr data-start=\"2369\" data-end=\"2372\">\n<h1 data-start=\"2374\" data-end=\"2392\"><strong data-start=\"2376\" data-end=\"2392\">Caract\u00e9ristiques principales<\/strong><\/h1>\n<h3 data-start=\"2394\" data-end=\"2433\">\u2714 Distribution d&rsquo;air fiable \u00e0 3 voies<\/h3>\n<p data-start=\"2434\" data-end=\"2488\">R\u00e9partit ou combine le flux d&rsquo;air en douceur avec une perte minimale.<\/p>\n<h3 data-start=\"2490\" data-end=\"2527\">\u2714 La connexion par simple pression permet un gain de temps<\/h3>\n<p data-start=\"2528\" data-end=\"2578\">Installation rapide et retrait du tube sans outils.<\/p>\n<h3 data-start=\"2580\" data-end=\"2613\">\u2714 Haute r\u00e9sistance aux vibrations<\/h3>\n<p data-start=\"2614\" data-end=\"2678\">Id\u00e9al pour les syst\u00e8mes de v\u00e9hicules routiers tels que les remorques et les tracteurs.<\/p>\n<h3 data-start=\"2680\" data-end=\"2712\">\u2714 Plusieurs options de scellage<\/h3>\n<p data-start=\"2713\" data-end=\"2767\">Disponible en NBR ou FKM (Viton) selon l&rsquo;application.<\/p>\n<h3 data-start=\"2769\" data-end=\"2818\">\u2714 Options de bo\u00eetier en laiton ou en plastique technique<\/h3>\n<p data-start=\"2819\" data-end=\"2877\">R\u00e9pond aux besoins industriels, qu&rsquo;ils soient lourds ou l\u00e9gers.<\/p>\n<hr data-start=\"2879\" data-end=\"2882\">\n<h1 data-start=\"2884\" data-end=\"2902\"><strong data-start=\"2886\" data-end=\"2902\">Applications<\/strong><\/h1>\n<ul data-start=\"2904\" data-end=\"3135\">\n<li data-start=\"2904\" data-end=\"2955\">\n<p data-start=\"2906\" data-end=\"2955\">conduites d&rsquo;accessoires de freins pneumatiques pour camions et remorques<\/p>\n<\/li>\n<li data-start=\"2956\" data-end=\"2997\">\n<p data-start=\"2958\" data-end=\"2997\">syst\u00e8mes de contr\u00f4le d&rsquo;automatisation industrielle<\/p>\n<\/li>\n<li data-start=\"2998\" data-end=\"3043\">\n<p data-start=\"3000\" data-end=\"3043\">compresseurs d&rsquo;air et r\u00e9seaux de distribution<\/p>\n<\/li>\n<li data-start=\"3044\" data-end=\"3091\">\n<p data-start=\"3046\" data-end=\"3091\">Machines, robots et \u00e9quipements d&rsquo;assemblage<\/p>\n<\/li>\n<li data-start=\"3092\" data-end=\"3135\">\n<p data-start=\"3094\" data-end=\"3135\">machines agricoles et de construction<\/p>\n<\/li>\n<\/ul>\n<hr data-start=\"3631\" data-end=\"3634\">\n<h1 data-start=\"3636\" data-end=\"3660\"><strong data-start=\"3638\" data-end=\"3660\">FAQ \u2013 Raccords en T<\/strong><\/h1>\n<h3 data-start=\"3662\" data-end=\"3730\"><strong data-start=\"3666\" data-end=\"3728\">Q1. Quelle est la diff\u00e9rence entre un t\u00e9 m\u00e2le et un t\u00e9 union ? <\/strong><\/h3>\n<p data-start=\"3731\" data-end=\"3821\">Le t\u00e9 m\u00e2le comprend une branche filet\u00e9e, tandis que le t\u00e9 union relie trois tubes sans filetage.<\/p>\n<h3 data-start=\"3823\" data-end=\"3894\"><strong data-start=\"3827\" data-end=\"3892\">Q2. Les raccords en T peuvent-ils \u00eatre utilis\u00e9s dans les syst\u00e8mes pneumatiques des camions ou des remorques ? <\/strong><\/h3>\n<p data-start=\"3895\" data-end=\"3982\">Oui. Elles sont couramment utilis\u00e9es pour s\u00e9parer les conduites d&rsquo;air en nylon dans les circuits de freinage pneumatique ou d&rsquo;accessoires. <\/p>\n<h3 data-start=\"3984\" data-end=\"4030\"><strong data-start=\"3988\" data-end=\"4028\">Q3. Existe-t-il des t\u00e9s r\u00e9ducteurs ? <\/strong><\/h3>\n<p data-start=\"4031\" data-end=\"4093\">Oui. Des raccords en T de diam\u00e8tres mixtes peuvent \u00eatre fournis sur demande. <\/p>\n<h3 data-start=\"4095\" data-end=\"4145\"><strong data-start=\"4099\" data-end=\"4143\">Q4. Quels mat\u00e9riaux de tubes sont compatibles ? <\/strong><\/h3>\n<p data-start=\"4146\" data-end=\"4178\">Tubes en nylon (PA12), PU et PE.<\/p>\n<h3 data-start=\"4180\" data-end=\"4220\"><strong data-start=\"4184\" data-end=\"4218\">Q5. Les raccords en T sont-ils r\u00e9utilisables ? <\/strong><\/h3>\n<p data-start=\"4221\" data-end=\"4326\">Oui, les tubes peuvent \u00eatre retir\u00e9s et r\u00e9ins\u00e9r\u00e9s plusieurs fois si la bague et le joint torique restent en bon \u00e9tat.<\/p>\n","protected":false},"excerpt":{"rendered":"<p data-start=\"1180\" data-end=\"1402\">Raccords en T \u00e0 insertion rapide de haute qualit\u00e9 pour syst\u00e8mes pneumatiques et automobiles, disponibles en versions m\u00e2le, d\u00e9rivation et union. Id\u00e9aux pour la division ou l&rsquo;organisation des circuits d&rsquo;air dans les camions, les remorques et les \u00e9quipements industriels. <\/p>\n","protected":false},"featured_media":3360,"template":"","meta":{"_monsterinsights_skip_tracking":false,"_monsterinsights_sitenote_active":false,"_monsterinsights_sitenote_note":"","_monsterinsights_sitenote_category":0,"site-sidebar-layout":"default","site-content-layout":"","ast-site-content-layout":"default","site-content-style":"default","site-sidebar-style":"default","ast-global-header-display":"","ast-banner-title-visibility":"","ast-main-header-display":"","ast-hfb-above-header-display":"","ast-hfb-below-header-display":"","ast-hfb-mobile-header-display":"","site-post-title":"","ast-breadcrumbs-content":"","ast-featured-img":"","footer-sml-layout":"","ast-disable-related-posts":"","theme-transparent-header-meta":"default","adv-header-id-meta":"","stick-header-meta":"","header-above-stick-meta":"","header-main-stick-meta":"","header-below-stick-meta":"","astra-migrate-meta-layouts":"default","ast-page-background-enabled":"default","ast-page-background-meta":{"desktop":{"background-color":"","background-image":"","background-repeat":"repeat","background-position":"center center","background-size":"auto","background-attachment":"scroll","background-type":"","background-media":"","overlay-type":"","overlay-color":"","overlay-opacity":"","overlay-gradient":""},"tablet":{"background-color":"","background-image":"","background-repeat":"repeat","background-position":"center center","background-size":"auto","background-attachment":"scroll","background-type":"","background-media":"","overlay-type":"","overlay-color":"","overlay-opacity":"","overlay-gradient":""},"mobile":{"background-color":"","background-image":"","background-repeat":"repeat","background-position":"center center","background-size":"auto","background-attachment":"scroll","background-type":"","background-media":"","overlay-type":"","overlay-color":"","overlay-opacity":"","overlay-gradient":""}},"ast-content-background-meta":{"desktop":{"background-color":"var(--ast-global-color-5)","background-image":"","background-repeat":"repeat","background-position":"center center","background-size":"auto","background-attachment":"scroll","background-type":"","background-media":"","overlay-type":"","overlay-color":"","overlay-opacity":"","overlay-gradient":""},"tablet":{"background-color":"var(--ast-global-color-5)","background-image":"","background-repeat":"repeat","background-position":"center center","background-size":"auto","background-attachment":"scroll","background-type":"","background-media":"","overlay-type":"","overlay-color":"","overlay-opacity":"","overlay-gradient":""},"mobile":{"background-color":"var(--ast-global-color-5)","background-image":"","background-repeat":"repeat","background-position":"center center","background-size":"auto","background-attachment":"scroll","background-type":"","background-media":"","overlay-type":"","overlay-color":"","overlay-opacity":"","overlay-gradient":""}},"_joinchat":[]},"product_brand":[],"product_cat":[7229,7827],"product_tag":[7876,7883,7879,7884,7881,7875,7887,7878,7885,7880,7877,7882,7886],"class_list":{"0":"post-5681","1":"product","2":"type-product","3":"status-publish","4":"has-post-thumbnail","6":"product_cat-outils-et-accessoires-pneumatiques","7":"product_cat-raccords-pneumatiques-a-connexion-rapide-industriels","8":"product_tag-connecteur-en-t-a-inserer","9":"product_tag-connecteur-en-t-a-insertion-festo-alternative","10":"product_tag-connecteur-en-t-de-branche","11":"product_tag-equivalent-en-te-pneumatique-norgren","12":"product_tag-raccord-en-t","13":"product_tag-raccord-en-t-pneumatique","14":"product_tag-raccord-en-t-pneumatique-automatise","15":"product_tag-raccord-en-t-pour-air","16":"product_tag-raccord-en-t-pour-conduite-dair","17":"product_tag-raccord-pneumatique-a-3-voies","18":"product_tag-raccord-pneumatique-en-t-male","19":"product_tag-remplacement-du-raccord-en-t-smc","20":"product_tag-systeme-pneumatique-de-remorque-en-t","21":"desktop-align-left","22":"tablet-align-left","23":"mobile-align-left","25":"first","26":"instock","27":"shipping-taxable","28":"product-type-simple"},"yoast_head":"<!-- This site is optimized with the Yoast SEO Premium plugin v26.4 (Yoast SEO v27.0) - https:\/\/yoast.com\/product\/yoast-seo-premium-wordpress\/ -->\n<title>Raccords en T \u00e0 insertion rapide | T m\u00e2le, T de d\u00e9rivation et T union - Connecteurs pneumatiques<\/title>\n<meta name=\"description\" content=\"Raccords en T pneumatiques de haute qualit\u00e9, comprenant des t\u00e9s m\u00e2les, des t\u00e9s de d\u00e9rivation et des t\u00e9s union pour tubes PA\/PU\/PE. Id\u00e9aux pour les camions, les remorques, les circuits de freinage pneumatique et l&#039;automatisation industrielle.\" \/>\n<meta name=\"robots\" content=\"index, follow, max-snippet:-1, max-image-preview:large, max-video-preview:-1\" \/>\n<link rel=\"canonical\" href=\"https:\/\/airbrakehose.com\/fr\/produit\/tee-fittings-push-in-connectors-male-tee-branch-tee-union-tee\/\" \/>\n<meta property=\"og:locale\" content=\"fr_FR\" \/>\n<meta property=\"og:type\" content=\"article\" \/>\n<meta property=\"og:title\" content=\"TEE FITTINGS (Push-In Connectors) Male Tee | Branch Tee | Union Tee\" \/>\n<meta property=\"og:description\" content=\"Raccords en T pneumatiques de haute qualit\u00e9, comprenant des t\u00e9s m\u00e2les, des t\u00e9s de d\u00e9rivation et des t\u00e9s union pour tubes PA\/PU\/PE. Id\u00e9aux pour les camions, les remorques, les circuits de freinage pneumatique et l&#039;automatisation industrielle.\" \/>\n<meta property=\"og:url\" content=\"https:\/\/airbrakehose.com\/fr\/produit\/tee-fittings-push-in-connectors-male-tee-branch-tee-union-tee\/\" \/>\n<meta property=\"og:site_name\" content=\"Victory Tech.\" \/>\n<meta property=\"article:publisher\" content=\"https:\/\/www.facebook.com\/aokeautoparts\" \/>\n<meta property=\"og:image\" content=\"https:\/\/airbrakehose.com\/wp-content\/uploads\/2025\/12\/\u56fe\u724736.png\" \/>\n\t<meta property=\"og:image:width\" content=\"230\" \/>\n\t<meta property=\"og:image:height\" content=\"204\" \/>\n\t<meta property=\"og:image:type\" content=\"image\/png\" \/>\n<meta name=\"twitter:card\" content=\"summary_large_image\" \/>\n<meta name=\"twitter:label1\" content=\"Dur\u00e9e de lecture estim\u00e9e\" \/>\n\t<meta name=\"twitter:data1\" content=\"3 minutes\" \/>\n<script type=\"application\/ld+json\" class=\"yoast-schema-graph\">{\"@context\":\"https:\/\/schema.org\",\"@graph\":[{\"@type\":\"WebPage\",\"@id\":\"https:\/\/airbrakehose.com\/fr\/produit\/tee-fittings-push-in-connectors-male-tee-branch-tee-union-tee\/\",\"url\":\"https:\/\/airbrakehose.com\/fr\/produit\/tee-fittings-push-in-connectors-male-tee-branch-tee-union-tee\/\",\"name\":\"Raccords en T \u00e0 insertion rapide | T m\u00e2le, T de d\u00e9rivation et T union - Connecteurs pneumatiques\",\"isPartOf\":{\"@id\":\"https:\/\/airbrakehose.com\/fr\/#website\"},\"primaryImageOfPage\":{\"@id\":\"https:\/\/airbrakehose.com\/fr\/produit\/tee-fittings-push-in-connectors-male-tee-branch-tee-union-tee\/#primaryimage\"},\"image\":{\"@id\":\"https:\/\/airbrakehose.com\/fr\/produit\/tee-fittings-push-in-connectors-male-tee-branch-tee-union-tee\/#primaryimage\"},\"thumbnailUrl\":\"https:\/\/airbrakehose.com\/wp-content\/uploads\/2025\/12\/\u56fe\u724736.png\",\"datePublished\":\"2025-12-08T06:54:40+00:00\",\"description\":\"Raccords en T pneumatiques de haute qualit\u00e9, comprenant des t\u00e9s m\u00e2les, des t\u00e9s de d\u00e9rivation et des t\u00e9s union pour tubes PA\/PU\/PE. Id\u00e9aux pour les camions, les remorques, les circuits de freinage pneumatique et l'automatisation industrielle.\",\"breadcrumb\":{\"@id\":\"https:\/\/airbrakehose.com\/fr\/produit\/tee-fittings-push-in-connectors-male-tee-branch-tee-union-tee\/#breadcrumb\"},\"inLanguage\":\"fr-FR\",\"potentialAction\":[{\"@type\":\"ReadAction\",\"target\":[\"https:\/\/airbrakehose.com\/fr\/produit\/tee-fittings-push-in-connectors-male-tee-branch-tee-union-tee\/\"]}]},{\"@type\":\"ImageObject\",\"inLanguage\":\"fr-FR\",\"@id\":\"https:\/\/airbrakehose.com\/fr\/produit\/tee-fittings-push-in-connectors-male-tee-branch-tee-union-tee\/#primaryimage\",\"url\":\"https:\/\/airbrakehose.com\/wp-content\/uploads\/2025\/12\/\u56fe\u724736.png\",\"contentUrl\":\"https:\/\/airbrakehose.com\/wp-content\/uploads\/2025\/12\/\u56fe\u724736.png\",\"width\":230,\"height\":204},{\"@type\":\"BreadcrumbList\",\"@id\":\"https:\/\/airbrakehose.com\/fr\/produit\/tee-fittings-push-in-connectors-male-tee-branch-tee-union-tee\/#breadcrumb\",\"itemListElement\":[{\"@type\":\"ListItem\",\"position\":1,\"name\":\"\u9996\u9875\",\"item\":\"https:\/\/airbrakehose.com\/fr\/maison\/\"},{\"@type\":\"ListItem\",\"position\":2,\"name\":\"boutique\",\"item\":\"https:\/\/airbrakehose.com\/shop\/\"},{\"@type\":\"ListItem\",\"position\":3,\"name\":\"TEE FITTINGS (Push-In Connectors) Male Tee | Branch Tee | Union Tee\"}]},{\"@type\":\"WebSite\",\"@id\":\"https:\/\/airbrakehose.com\/fr\/#website\",\"url\":\"https:\/\/airbrakehose.com\/fr\/\",\"name\":\"Victory Technology\",\"description\":\"Industrial Hose &amp; Air Brake Solutions\",\"potentialAction\":[{\"@type\":\"SearchAction\",\"target\":{\"@type\":\"EntryPoint\",\"urlTemplate\":\"https:\/\/airbrakehose.com\/fr\/?s={search_term_string}\"},\"query-input\":{\"@type\":\"PropertyValueSpecification\",\"valueRequired\":true,\"valueName\":\"search_term_string\"}}],\"inLanguage\":\"fr-FR\"}]}<\/script>\n<!-- \/ Yoast SEO Premium plugin. -->","yoast_head_json":{"title":"Raccords en T \u00e0 insertion rapide | T m\u00e2le, T de d\u00e9rivation et T union - Connecteurs pneumatiques","description":"Raccords en T pneumatiques de haute qualit\u00e9, comprenant des t\u00e9s m\u00e2les, des t\u00e9s de d\u00e9rivation et des t\u00e9s union pour tubes PA\/PU\/PE. Id\u00e9aux pour les camions, les remorques, les circuits de freinage pneumatique et l'automatisation industrielle.","robots":{"index":"index","follow":"follow","max-snippet":"max-snippet:-1","max-image-preview":"max-image-preview:large","max-video-preview":"max-video-preview:-1"},"canonical":"https:\/\/airbrakehose.com\/fr\/produit\/tee-fittings-push-in-connectors-male-tee-branch-tee-union-tee\/","og_locale":"fr_FR","og_type":"article","og_title":"TEE FITTINGS (Push-In Connectors) Male Tee | Branch Tee | Union Tee","og_description":"Raccords en T pneumatiques de haute qualit\u00e9, comprenant des t\u00e9s m\u00e2les, des t\u00e9s de d\u00e9rivation et des t\u00e9s union pour tubes PA\/PU\/PE. Id\u00e9aux pour les camions, les remorques, les circuits de freinage pneumatique et l'automatisation industrielle.","og_url":"https:\/\/airbrakehose.com\/fr\/produit\/tee-fittings-push-in-connectors-male-tee-branch-tee-union-tee\/","og_site_name":"Victory Tech.","article_publisher":"https:\/\/www.facebook.com\/aokeautoparts","og_image":[{"width":230,"height":204,"url":"https:\/\/airbrakehose.com\/wp-content\/uploads\/2025\/12\/\u56fe\u724736.png","type":"image\/png"}],"twitter_card":"summary_large_image","twitter_misc":{"Dur\u00e9e de lecture estim\u00e9e":"3 minutes"},"schema":{"@context":"https:\/\/schema.org","@graph":[{"@type":"WebPage","@id":"https:\/\/airbrakehose.com\/fr\/produit\/tee-fittings-push-in-connectors-male-tee-branch-tee-union-tee\/","url":"https:\/\/airbrakehose.com\/fr\/produit\/tee-fittings-push-in-connectors-male-tee-branch-tee-union-tee\/","name":"Raccords en T \u00e0 insertion rapide | T m\u00e2le, T de d\u00e9rivation et T union - Connecteurs pneumatiques","isPartOf":{"@id":"https:\/\/airbrakehose.com\/fr\/#website"},"primaryImageOfPage":{"@id":"https:\/\/airbrakehose.com\/fr\/produit\/tee-fittings-push-in-connectors-male-tee-branch-tee-union-tee\/#primaryimage"},"image":{"@id":"https:\/\/airbrakehose.com\/fr\/produit\/tee-fittings-push-in-connectors-male-tee-branch-tee-union-tee\/#primaryimage"},"thumbnailUrl":"https:\/\/airbrakehose.com\/wp-content\/uploads\/2025\/12\/\u56fe\u724736.png","datePublished":"2025-12-08T06:54:40+00:00","description":"Raccords en T pneumatiques de haute qualit\u00e9, comprenant des t\u00e9s m\u00e2les, des t\u00e9s de d\u00e9rivation et des t\u00e9s union pour tubes PA\/PU\/PE. Id\u00e9aux pour les camions, les remorques, les circuits de freinage pneumatique et l'automatisation industrielle.","breadcrumb":{"@id":"https:\/\/airbrakehose.com\/fr\/produit\/tee-fittings-push-in-connectors-male-tee-branch-tee-union-tee\/#breadcrumb"},"inLanguage":"fr-FR","potentialAction":[{"@type":"ReadAction","target":["https:\/\/airbrakehose.com\/fr\/produit\/tee-fittings-push-in-connectors-male-tee-branch-tee-union-tee\/"]}]},{"@type":"ImageObject","inLanguage":"fr-FR","@id":"https:\/\/airbrakehose.com\/fr\/produit\/tee-fittings-push-in-connectors-male-tee-branch-tee-union-tee\/#primaryimage","url":"https:\/\/airbrakehose.com\/wp-content\/uploads\/2025\/12\/\u56fe\u724736.png","contentUrl":"https:\/\/airbrakehose.com\/wp-content\/uploads\/2025\/12\/\u56fe\u724736.png","width":230,"height":204},{"@type":"BreadcrumbList","@id":"https:\/\/airbrakehose.com\/fr\/produit\/tee-fittings-push-in-connectors-male-tee-branch-tee-union-tee\/#breadcrumb","itemListElement":[{"@type":"ListItem","position":1,"name":"\u9996\u9875","item":"https:\/\/airbrakehose.com\/fr\/maison\/"},{"@type":"ListItem","position":2,"name":"boutique","item":"https:\/\/airbrakehose.com\/shop\/"},{"@type":"ListItem","position":3,"name":"TEE FITTINGS (Push-In Connectors) Male Tee | Branch Tee | Union Tee"}]},{"@type":"WebSite","@id":"https:\/\/airbrakehose.com\/fr\/#website","url":"https:\/\/airbrakehose.com\/fr\/","name":"Victory Technology","description":"Industrial Hose &amp; Air Brake Solutions","potentialAction":[{"@type":"SearchAction","target":{"@type":"EntryPoint","urlTemplate":"https:\/\/airbrakehose.com\/fr\/?s={search_term_string}"},"query-input":{"@type":"PropertyValueSpecification","valueRequired":true,"valueName":"search_term_string"}}],"inLanguage":"fr-FR"}]}},"_links":{"self":[{"href":"https:\/\/airbrakehose.com\/fr\/wp-json\/wp\/v2\/product\/5681","targetHints":{"allow":["GET"]}}],"collection":[{"href":"https:\/\/airbrakehose.com\/fr\/wp-json\/wp\/v2\/product"}],"about":[{"href":"https:\/\/airbrakehose.com\/fr\/wp-json\/wp\/v2\/types\/product"}],"wp:featuredmedia":[{"embeddable":true,"href":"https:\/\/airbrakehose.com\/fr\/wp-json\/wp\/v2\/media\/3360"}],"wp:attachment":[{"href":"https:\/\/airbrakehose.com\/fr\/wp-json\/wp\/v2\/media?parent=5681"}],"wp:term":[{"taxonomy":"product_brand","embeddable":true,"href":"https:\/\/airbrakehose.com\/fr\/wp-json\/wp\/v2\/product_brand?post=5681"},{"taxonomy":"product_cat","embeddable":true,"href":"https:\/\/airbrakehose.com\/fr\/wp-json\/wp\/v2\/product_cat?post=5681"},{"taxonomy":"product_tag","embeddable":true,"href":"https:\/\/airbrakehose.com\/fr\/wp-json\/wp\/v2\/product_tag?post=5681"}],"curies":[{"name":"wp","href":"https:\/\/api.w.org\/{rel}","templated":true}]}}