{"id":5526,"date":"2025-12-01T12:51:45","date_gmt":"2025-12-01T12:51:45","guid":{"rendered":"https:\/\/airbrakehose.com\/product\/kit-de-flexibles-de-frein-a-air-renforces-en-caoutchouc-avec-poignees-en-aluminium-et-ressort-de-suspension-sae-j140\/"},"modified":"2025-12-01T12:51:45","modified_gmt":"2025-12-01T12:51:45","slug":"kit-de-flexibles-de-frein-a-air-renforces-en-caoutchouc-avec-poignees-en-aluminium-et-ressort-de-suspension-sae-j140","status":"publish","type":"product","link":"https:\/\/airbrakehose.com\/fr\/produit\/kit-de-flexibles-de-frein-a-air-renforces-en-caoutchouc-avec-poignees-en-aluminium-et-ressort-de-suspension-sae-j140\/","title":{"rendered":"Kit de flexibles de frein \u00e0 air renforc\u00e9s en caoutchouc avec poign\u00e9es en aluminium et ressort de suspension | SAE J140"},"content":{"rendered":"<h3 data-path-to-node=\"9\">\ud83d\udccc Pr\u00e9sentation du produit<\/h3>\n<p data-path-to-node=\"10\"><b data-path-to-node=\"10\" data-index-in-node=\"0\">Durabilit\u00e9 maximale pour des connexions robustes.<\/b><\/p>\n<p data-path-to-node=\"11\">Am\u00e9liorez votre v\u00e9hicule avec le kit de flexibles de freins \u00e0 air en caoutchouc renforc\u00e9 de Victory Technology. Contrairement aux flexibles en nylon spiral\u00e9s classiques, ce kit comprend des flexibles robustes en caoutchouc SAE J1402 (type droit). Le caoutchouc offre une r\u00e9sistance sup\u00e9rieure \u00e0 l&rsquo;abrasion, aux coupures et aux projections de la route, ce qui en fait le choix id\u00e9al pour les environnements o\u00f9 les flexibles risquent de frotter contre la plaque de pont ou l&rsquo;\u00e9quipement.  <\/p>\n<p data-path-to-node=\"12\">Ce kit d&rsquo;installation tout-en-un est enti\u00e8rement \u00e9quip\u00e9 d&rsquo;accessoires haut de gamme, notamment des poign\u00e9es en aluminium anodis\u00e9 pour un raccordement facile, un ressort de barre Tracker robuste pour maintenir les lignes suspendues et toute la quincaillerie n\u00e9cessaire pour une installation sans fuite.<\/p>\n<hr data-path-to-node=\"13\">\n<h3 data-path-to-node=\"14\">\ud83d\udd39 Principales caract\u00e9ristiques et avantages<\/h3>\n<ul data-path-to-node=\"15\">\n<li>\u2705 Construction en caoutchouc conforme \u00e0 la norme SAE J1402 : Fabriqu\u00e9 en caoutchouc renforc\u00e9 de qualit\u00e9 sup\u00e9rieure de 9,5 mm de diam\u00e8tre int\u00e9rieur. Offre une excellente flexibilit\u00e9 et une r\u00e9sistance \u00e0 l\u2019abrasion sup\u00e9rieure au nylon. Id\u00e9al pour les applications exigeantes.  <\/li>\n<li>\u2705 Syst\u00e8me de suspension complet : comprend un ressort de tension robuste de 63,5 cm (\u00e9quilibreur) et un mousqueton. Ce syst\u00e8me essentiel soutient les tuyaux droits, les emp\u00eachant de frotter sur la passerelle et de s\u2019endommager. <\/li>\n<li>\u2705 Poign\u00e9es d&rsquo;extension en aluminium : Dot\u00e9es de poign\u00e9es en aluminium anodis\u00e9 de couleur rouge\/bleue, ces poign\u00e9es indestructibles offrent un effet de levier maximal pour le raccordement des raccords et prot\u00e8gent les extr\u00e9mit\u00e9s des tuyaux contre les contraintes de flexion. <\/li>\n<li>\u2705 \u00c9tanch\u00e9it\u00e9 garantie : Livr\u00e9 avec du ruban d\u2019\u00e9tanch\u00e9it\u00e9 et des rondelles suppl\u00e9mentaires. Les raccords sertis en usine sont dot\u00e9s d\u2019une protection \u00e0 ressort \u00e0 une extr\u00e9mit\u00e9 et d\u2019un syst\u00e8me anti-traction robuste c\u00f4t\u00e9 poign\u00e9e. <\/li>\n<li>\u2705 Conforme \u00e0 la norme DOT FMVSS 106 : Enti\u00e8rement test\u00e9 et estampill\u00e9 pour une utilisation s\u00fbre sur les autoroutes aux \u00c9tats-Unis et au Canada.<\/li>\n<\/ul>\n<hr data-path-to-node=\"16\">\n<h3 data-path-to-node=\"17\">\ud83d\udd38 Sp\u00e9cifications techniques<\/h3>\n<table data-path-to-node=\"18\">\n<thead>\n<tr>\n<td>Caract\u00e9ristiques<\/td>\n<td>Sp\u00e9cifications<\/td>\n<\/tr>\n<\/thead>\n<tbody>\n<tr>\n<td>Mat\u00e9riau du tuyau<\/td>\n<td>Caoutchouc de type A conforme \u00e0 la norme SAE J1402 (diam\u00e8tre int\u00e9rieur 3\/8&Prime;)<\/td>\n<\/tr>\n<tr>\n<td>Type de tuyau<\/td>\n<td>Droit (non enroul\u00e9)<\/td>\n<\/tr>\n<tr>\n<td>Pression de service<\/td>\n<td>225 PSI (sup\u00e9rieure \u00e0 la norme de 150 PSI)<\/td>\n<\/tr>\n<tr>\n<td>Composants du kit<\/td>\n<td>Tuyaux + Poign\u00e9es en aluminium + Raccords rapides + Ressort<\/td>\n<\/tr>\n<tr>\n<td>Raccords<\/td>\n<td>Raccords m\u00e2les en laiton 1\/2&Prime; NPT (pivotants)<\/td>\n<\/tr>\n<tr>\n<td>Poign\u00e9es<\/td>\n<td>Aluminium anodis\u00e9 (rouge et bleu)<\/td>\n<\/tr>\n<tr>\n<td>Temp\u00e9rature<\/td>\n<td>-40 \u00b0F \u00e0 +200 \u00b0F (-40 \u00b0C \u00e0 +93 \u00b0C)<\/td>\n<\/tr>\n<tr>\n<td>Conformit\u00e9<\/td>\n<td>DOT FMVSS 106, SAE J1402<\/td>\n<\/tr>\n<\/tbody>\n<\/table>\n<hr data-path-to-node=\"19\">\n<h3 data-path-to-node=\"20\">\ud83d\udd39 Contenu de la bo\u00eete (vous recevez exactement ce que vous voyez)<\/h3>\n<ul data-path-to-node=\"21\">\n<li>\n<p data-path-to-node=\"21,0,0\">1 tuyau d&rsquo;\u00e9vacuation d&rsquo;urgence en caoutchouc rouge (droit, SAE J1402)<\/p>\n<\/li>\n<li>\n<p data-path-to-node=\"21,1,0\">1 tuyau de service en caoutchouc bleu (droit, SAE J1402)<\/p>\n<\/li>\n<li>\n<p data-path-to-node=\"21,2,0\">2 poign\u00e9es d&rsquo;extension en aluminium (rouge et bleue, poign\u00e9e molet\u00e9e)<\/p>\n<\/li>\n<li>\n<p data-path-to-node=\"21,3,0\">2\u00d7 Gladhands (Aluminium, Code couleur)<\/p>\n<\/li>\n<li>\n<p data-path-to-node=\"21,4,0\">1 ressort de suspension robuste de 25 pouces (ressort de barre de suivi)<\/p>\n<\/li>\n<li>\n<p data-path-to-node=\"21,5,0\">1\u00d7 Collier de serrage s\u00e9parateur de tuyau avec mousqueton<\/p>\n<\/li>\n<li>\n<p data-path-to-node=\"21,6,0\">1 rouleau de ruban d&rsquo;\u00e9tanch\u00e9it\u00e9 pour filetage en PTFE (enveloppe jaune)<\/p>\n<\/li>\n<li>\n<p data-path-to-node=\"21,7,0\">8 joints Gladhands en caoutchouc suppl\u00e9mentaires (4 rouges, 4 bleus)<\/p>\n<\/li>\n<\/ul>\n<hr data-path-to-node=\"22\">\n<h3 data-path-to-node=\"23\">\ud83d\udd39 V\u00e9hicules compatibles<\/h3>\n<ul data-path-to-node=\"24\">\n<li>\n<p data-path-to-node=\"24,0,0\">Id\u00e9al pour : camions grumiers, plateaux, camions-bennes et applications n\u00e9cessitant des lignes de raccordement droites.<\/p>\n<\/li>\n<li>\n<p data-path-to-node=\"24,1,0\">Compatibilit\u00e9 : Convient \u00e0 tous les semi-remorques Freightliner, Kenworth, Peterbilt, Mack, Volvo et International.<\/p>\n<\/li>\n<\/ul>\n<hr data-path-to-node=\"25\">\n<h3 data-path-to-node=\"26\">\ud83d\ude80 Obtenez un devis directement du fabricant<\/h3>\n<p>Pr\u00eat \u00e0 commander ? Que vous ayez besoin d&rsquo;un simple carton ou d&rsquo;un conteneur 40HQ, nous sommes pr\u00eats \u00e0 vous servir. <\/p>\n<p>Remplissez le formulaire ci-dessous pour recevoir notre dernier catalogue et notre liste de prix de gros.<\/p>\n<p data-path-to-node=\"28\"><code data-path-to-node=\"28\" data-index-in-node=\"0\"><div class=\"wpforms-container \" id=\"wpforms-2617\"><form id=\"wpforms-form-2617\" class=\"wpforms-validate wpforms-form wpforms-ajax-form\" data-formid=\"2617\" method=\"post\" enctype=\"multipart\/form-data\" action=\"\/fr\/wp-json\/wp\/v2\/product\/5526\" data-token=\"af4e39966c1e26775f42a1aaaad9153d\" data-token-time=\"1776015023\"><noscript class=\"wpforms-error-noscript\">Veuillez activer JavaScript dans votre navigateur pour remplir ce formulaire.<\/noscript><div class=\"wpforms-field-container\"><div id=\"wpforms-2617-field_1-container\" class=\"wpforms-field wpforms-field-name\" data-field-id=\"1\"><label class=\"wpforms-field-label\" for=\"wpforms-2617-field_1\">Name <span class=\"wpforms-required-label\">*<\/span><\/label><input type=\"text\" id=\"wpforms-2617-field_1\" class=\"wpforms-field-large wpforms-field-required\" name=\"wpforms[fields][1]\" required><\/div><div id=\"wpforms-2617-field_2-container\" class=\"wpforms-field wpforms-field-email\" data-field-id=\"2\"><label class=\"wpforms-field-label\" for=\"wpforms-2617-field_2\">Email <span class=\"wpforms-required-label\">*<\/span><\/label><input type=\"email\" id=\"wpforms-2617-field_2\" class=\"wpforms-field-large wpforms-field-required\" name=\"wpforms[fields][2]\" spellcheck=\"false\" required><\/div><div id=\"wpforms-2617-field_4-container\" class=\"wpforms-field wpforms-field-text\" data-field-id=\"4\"><label class=\"wpforms-field-label\" for=\"wpforms-2617-field_4\">Tel<\/label><input type=\"text\" id=\"wpforms-2617-field_4\" class=\"wpforms-field-medium\" name=\"wpforms[fields][4]\" ><\/div><div id=\"wpforms-2617-field_3-container\" class=\"wpforms-field wpforms-field-textarea\" data-field-id=\"3\"><label class=\"wpforms-field-label\" for=\"wpforms-2617-field_3\"> Message<\/label><textarea id=\"wpforms-2617-field_3\" class=\"wpforms-field-medium\" name=\"wpforms[fields][3]\" ><\/textarea><\/div><\/div><!-- .wpforms-field-container --><div class=\"wpforms-submit-container\" ><input type=\"hidden\" name=\"wpforms[id]\" value=\"2617\"><input type=\"hidden\" name=\"page_title\" value=\"\"><input type=\"hidden\" name=\"page_url\" value=\"https:\/\/airbrakehose.com\/fr\/wp-json\/wp\/v2\/product\/5526\"><input type=\"hidden\" name=\"url_referer\" value=\"\"><button type=\"submit\" name=\"wpforms[submit]\" id=\"wpforms-submit-2617\" class=\"wpforms-submit\" data-alt-text=\"Sending...\" data-submit-text=\"Send Message\" aria-live=\"assertive\" value=\"wpforms-submit\">Send Message<\/button><img decoding=\"async\" src=\"https:\/\/airbrakehose.com\/wp-content\/plugins\/wpforms\/assets\/images\/submit-spin.svg\" class=\"wpforms-submit-spinner\" style=\"display: none;\" width=\"26\" height=\"26\" alt=\"Chargement en cours\"><\/div><\/form><\/div>  <!-- .wpforms-container --><\/code><\/p>\n","protected":false},"excerpt":{"rendered":"<p data-path-to-node=\"32\"><b data-path-to-node=\"32\" data-index-in-node=\"0\">Kit complet de tuyau de frein \u00e0 air en caoutchouc SAE J1402 (droit).<\/b><\/p>\n<p data-path-to-node=\"33\">Ensemble de conduites d&rsquo;air en caoutchouc robuste avec mat\u00e9riel de suspension et poign\u00e9es en aluminium.<\/p>\n<ul data-path-to-node=\"34\">\n<li>\n<p data-path-to-node=\"34,0,0\">Type de tuyau : Caoutchouc droit (SAE J1402) &#8211; R\u00e9sistance sup\u00e9rieure \u00e0 l&rsquo;abrasion.<\/p>\n<\/li>\n<li>\n<p data-path-to-node=\"34,1,0\">Comprend : Tuyaux + Poign\u00e9es en aluminium + Poign\u00e9es de serrage + Ressort de suspension.<\/p>\n<\/li>\n<li>\n<p data-path-to-node=\"34,2,0\">Accessoires inclus : ruban PTFE et joints de rechange.<\/p>\n<\/li>\n<li>\n<p data-path-to-node=\"34,3,0\">Durabilit\u00e9 : Con\u00e7ue pour r\u00e9sister \u00e0 une pression de 225 PSI et aux conditions climatiques extr\u00eames.<\/p>\n<\/li>\n<li>\n<p data-path-to-node=\"34,4,0\">Conformit\u00e9 : Approuv\u00e9 par le DOT FMVSS 106.<\/p>\n<\/li>\n<\/ul>\n<p data-path-to-node=\"35\"><b data-path-to-node=\"35\" data-index-in-node=\"0\">En stock et pr\u00eat \u00e0 \u00eatre exp\u00e9di\u00e9.<\/b><\/p>\n","protected":false},"featured_media":2534,"template":"","meta":{"_monsterinsights_skip_tracking":false,"_monsterinsights_sitenote_active":false,"_monsterinsights_sitenote_note":"","_monsterinsights_sitenote_category":0,"site-sidebar-layout":"default","site-content-layout":"","ast-site-content-layout":"default","site-content-style":"default","site-sidebar-style":"default","ast-global-header-display":"","ast-banner-title-visibility":"","ast-main-header-display":"","ast-hfb-above-header-display":"","ast-hfb-below-header-display":"","ast-hfb-mobile-header-display":"","site-post-title":"","ast-breadcrumbs-content":"","ast-featured-img":"","footer-sml-layout":"","ast-disable-related-posts":"","theme-transparent-header-meta":"default","adv-header-id-meta":"","stick-header-meta":"","header-above-stick-meta":"","header-main-stick-meta":"","header-below-stick-meta":"","astra-migrate-meta-layouts":"default","ast-page-background-enabled":"default","ast-page-background-meta":{"desktop":{"background-color":"","background-image":"","background-repeat":"repeat","background-position":"center center","background-size":"auto","background-attachment":"scroll","background-type":"","background-media":"","overlay-type":"","overlay-color":"","overlay-opacity":"","overlay-gradient":""},"tablet":{"background-color":"","background-image":"","background-repeat":"repeat","background-position":"center center","background-size":"auto","background-attachment":"scroll","background-type":"","background-media":"","overlay-type":"","overlay-color":"","overlay-opacity":"","overlay-gradient":""},"mobile":{"background-color":"","background-image":"","background-repeat":"repeat","background-position":"center center","background-size":"auto","background-attachment":"scroll","background-type":"","background-media":"","overlay-type":"","overlay-color":"","overlay-opacity":"","overlay-gradient":""}},"ast-content-background-meta":{"desktop":{"background-color":"var(--ast-global-color-5)","background-image":"","background-repeat":"repeat","background-position":"center center","background-size":"auto","background-attachment":"scroll","background-type":"","background-media":"","overlay-type":"","overlay-color":"","overlay-opacity":"","overlay-gradient":""},"tablet":{"background-color":"var(--ast-global-color-5)","background-image":"","background-repeat":"repeat","background-position":"center center","background-size":"auto","background-attachment":"scroll","background-type":"","background-media":"","overlay-type":"","overlay-color":"","overlay-opacity":"","overlay-gradient":""},"mobile":{"background-color":"var(--ast-global-color-5)","background-image":"","background-repeat":"repeat","background-position":"center center","background-size":"auto","background-attachment":"scroll","background-type":"","background-media":"","overlay-type":"","overlay-color":"","overlay-opacity":"","overlay-gradient":""}},"_joinchat":[]},"product_brand":[1193],"product_cat":[7051,7131],"product_tag":[7450,7449,7451,7453,7452],"class_list":{"0":"post-5526","1":"product","2":"type-product","3":"status-publish","4":"has-post-thumbnail","6":"product_brand-victory-tech","7":"product_cat-ensembles-de-flexibles-de-freins-pneumatiques","8":"product_cat-tuyaux-de-frein-a-air-en-caoutchouc-sae-j1402","9":"product_tag-ensemble-de-service-de-remorque-et-de-ligne-durgence","10":"product_tag-kit-de-flexibles-de-freins-a-air-pour-semi-remorque","11":"product_tag-kit-de-tuyau-gladhands","12":"product_tag-pieces-dinstallation-de-freins-pneumatiques-pour-camions","13":"product_tag-remplacement-de-la-conduite-dair-de-la-remorque-dot","14":"desktop-align-left","15":"tablet-align-left","16":"mobile-align-left","18":"first","19":"instock","20":"featured","21":"shipping-taxable","22":"product-type-simple"},"yoast_head":"<!-- This site is optimized with the Yoast SEO Premium plugin v26.4 (Yoast SEO v27.0) - https:\/\/yoast.com\/product\/yoast-seo-premium-wordpress\/ -->\n<title>Kit de flexible de frein \u00e0 air en caoutchouc avec poign\u00e9es et ressort en aluminium - SAE J1402<\/title>\n<meta name=\"description\" content=\"D\u00e9couvrez le kit complet de flexibles de frein \u00e0 air en caoutchouc SAE J1402. Il comprend des flexibles droits, des poign\u00e9es en aluminium, des raccords rapides et un ressort de suspension. Homologu\u00e9 DOT.\" \/>\n<meta name=\"robots\" content=\"index, follow, max-snippet:-1, max-image-preview:large, max-video-preview:-1\" \/>\n<link rel=\"canonical\" href=\"https:\/\/airbrakehose.com\/fr\/produit\/kit-de-flexibles-de-frein-a-air-renforces-en-caoutchouc-avec-poignees-en-aluminium-et-ressort-de-suspension-sae-j140\/\" \/>\n<meta property=\"og:locale\" content=\"fr_FR\" \/>\n<meta property=\"og:type\" content=\"article\" \/>\n<meta property=\"og:title\" content=\"Kit de flexibles de frein \u00e0 air renforc\u00e9s en caoutchouc avec poign\u00e9es en aluminium et ressort de suspension | SAE J140\" \/>\n<meta property=\"og:description\" content=\"D\u00e9couvrez le kit complet de flexibles de frein \u00e0 air en caoutchouc SAE J1402. Il comprend des flexibles droits, des poign\u00e9es en aluminium, des raccords rapides et un ressort de suspension. Homologu\u00e9 DOT.\" \/>\n<meta property=\"og:url\" content=\"https:\/\/airbrakehose.com\/fr\/produit\/kit-de-flexibles-de-frein-a-air-renforces-en-caoutchouc-avec-poignees-en-aluminium-et-ressort-de-suspension-sae-j140\/\" \/>\n<meta property=\"og:site_name\" content=\"Victory Tech.\" \/>\n<meta property=\"article:publisher\" content=\"https:\/\/www.facebook.com\/aokeautoparts\" \/>\n<meta property=\"og:image\" content=\"https:\/\/airbrakehose.com\/wp-content\/uploads\/2025\/12\/Rubber-Nylon_Trailer_Hose_Installation_Kit_for_Semi-Trucks_and_Trailers.webp\" \/>\n\t<meta property=\"og:image:width\" content=\"1500\" \/>\n\t<meta property=\"og:image:height\" content=\"1500\" \/>\n\t<meta property=\"og:image:type\" content=\"image\/webp\" \/>\n<meta name=\"twitter:card\" content=\"summary_large_image\" \/>\n<meta name=\"twitter:label1\" content=\"Dur\u00e9e de lecture estim\u00e9e\" \/>\n\t<meta name=\"twitter:data1\" content=\"3 minutes\" \/>\n<script type=\"application\/ld+json\" class=\"yoast-schema-graph\">{\"@context\":\"https:\/\/schema.org\",\"@graph\":[{\"@type\":\"WebPage\",\"@id\":\"https:\/\/airbrakehose.com\/fr\/produit\/kit-de-flexibles-de-frein-a-air-renforces-en-caoutchouc-avec-poignees-en-aluminium-et-ressort-de-suspension-sae-j140\/\",\"url\":\"https:\/\/airbrakehose.com\/fr\/produit\/kit-de-flexibles-de-frein-a-air-renforces-en-caoutchouc-avec-poignees-en-aluminium-et-ressort-de-suspension-sae-j140\/\",\"name\":\"Kit de flexible de frein \u00e0 air en caoutchouc avec poign\u00e9es et ressort en aluminium - SAE J1402\",\"isPartOf\":{\"@id\":\"https:\/\/airbrakehose.com\/fr\/#website\"},\"primaryImageOfPage\":{\"@id\":\"https:\/\/airbrakehose.com\/fr\/produit\/kit-de-flexibles-de-frein-a-air-renforces-en-caoutchouc-avec-poignees-en-aluminium-et-ressort-de-suspension-sae-j140\/#primaryimage\"},\"image\":{\"@id\":\"https:\/\/airbrakehose.com\/fr\/produit\/kit-de-flexibles-de-frein-a-air-renforces-en-caoutchouc-avec-poignees-en-aluminium-et-ressort-de-suspension-sae-j140\/#primaryimage\"},\"thumbnailUrl\":\"https:\/\/airbrakehose.com\/wp-content\/uploads\/2025\/12\/Rubber-Nylon_Trailer_Hose_Installation_Kit_for_Semi-Trucks_and_Trailers.webp\",\"datePublished\":\"2025-12-01T12:51:45+00:00\",\"description\":\"D\u00e9couvrez le kit complet de flexibles de frein \u00e0 air en caoutchouc SAE J1402. Il comprend des flexibles droits, des poign\u00e9es en aluminium, des raccords rapides et un ressort de suspension. Homologu\u00e9 DOT.\",\"breadcrumb\":{\"@id\":\"https:\/\/airbrakehose.com\/fr\/produit\/kit-de-flexibles-de-frein-a-air-renforces-en-caoutchouc-avec-poignees-en-aluminium-et-ressort-de-suspension-sae-j140\/#breadcrumb\"},\"inLanguage\":\"fr-FR\",\"potentialAction\":[{\"@type\":\"ReadAction\",\"target\":[\"https:\/\/airbrakehose.com\/fr\/produit\/kit-de-flexibles-de-frein-a-air-renforces-en-caoutchouc-avec-poignees-en-aluminium-et-ressort-de-suspension-sae-j140\/\"]}]},{\"@type\":\"ImageObject\",\"inLanguage\":\"fr-FR\",\"@id\":\"https:\/\/airbrakehose.com\/fr\/produit\/kit-de-flexibles-de-frein-a-air-renforces-en-caoutchouc-avec-poignees-en-aluminium-et-ressort-de-suspension-sae-j140\/#primaryimage\",\"url\":\"https:\/\/airbrakehose.com\/wp-content\/uploads\/2025\/12\/Rubber-Nylon_Trailer_Hose_Installation_Kit_for_Semi-Trucks_and_Trailers.webp\",\"contentUrl\":\"https:\/\/airbrakehose.com\/wp-content\/uploads\/2025\/12\/Rubber-Nylon_Trailer_Hose_Installation_Kit_for_Semi-Trucks_and_Trailers.webp\",\"width\":1500,\"height\":1500},{\"@type\":\"BreadcrumbList\",\"@id\":\"https:\/\/airbrakehose.com\/fr\/produit\/kit-de-flexibles-de-frein-a-air-renforces-en-caoutchouc-avec-poignees-en-aluminium-et-ressort-de-suspension-sae-j140\/#breadcrumb\",\"itemListElement\":[{\"@type\":\"ListItem\",\"position\":1,\"name\":\"\u9996\u9875\",\"item\":\"https:\/\/airbrakehose.com\/fr\/maison\/\"},{\"@type\":\"ListItem\",\"position\":2,\"name\":\"boutique\",\"item\":\"https:\/\/airbrakehose.com\/shop\/\"},{\"@type\":\"ListItem\",\"position\":3,\"name\":\"Kit de flexibles de frein \u00e0 air renforc\u00e9s en caoutchouc avec poign\u00e9es en aluminium et ressort de suspension | SAE J140\"}]},{\"@type\":\"WebSite\",\"@id\":\"https:\/\/airbrakehose.com\/fr\/#website\",\"url\":\"https:\/\/airbrakehose.com\/fr\/\",\"name\":\"Victory Technology\",\"description\":\"Industrial Hose &amp; Air Brake Solutions\",\"potentialAction\":[{\"@type\":\"SearchAction\",\"target\":{\"@type\":\"EntryPoint\",\"urlTemplate\":\"https:\/\/airbrakehose.com\/fr\/?s={search_term_string}\"},\"query-input\":{\"@type\":\"PropertyValueSpecification\",\"valueRequired\":true,\"valueName\":\"search_term_string\"}}],\"inLanguage\":\"fr-FR\"}]}<\/script>\n<!-- \/ Yoast SEO Premium plugin. -->","yoast_head_json":{"title":"Kit de flexible de frein \u00e0 air en caoutchouc avec poign\u00e9es et ressort en aluminium - SAE J1402","description":"D\u00e9couvrez le kit complet de flexibles de frein \u00e0 air en caoutchouc SAE J1402. Il comprend des flexibles droits, des poign\u00e9es en aluminium, des raccords rapides et un ressort de suspension. Homologu\u00e9 DOT.","robots":{"index":"index","follow":"follow","max-snippet":"max-snippet:-1","max-image-preview":"max-image-preview:large","max-video-preview":"max-video-preview:-1"},"canonical":"https:\/\/airbrakehose.com\/fr\/produit\/kit-de-flexibles-de-frein-a-air-renforces-en-caoutchouc-avec-poignees-en-aluminium-et-ressort-de-suspension-sae-j140\/","og_locale":"fr_FR","og_type":"article","og_title":"Kit de flexibles de frein \u00e0 air renforc\u00e9s en caoutchouc avec poign\u00e9es en aluminium et ressort de suspension | SAE J140","og_description":"D\u00e9couvrez le kit complet de flexibles de frein \u00e0 air en caoutchouc SAE J1402. Il comprend des flexibles droits, des poign\u00e9es en aluminium, des raccords rapides et un ressort de suspension. Homologu\u00e9 DOT.","og_url":"https:\/\/airbrakehose.com\/fr\/produit\/kit-de-flexibles-de-frein-a-air-renforces-en-caoutchouc-avec-poignees-en-aluminium-et-ressort-de-suspension-sae-j140\/","og_site_name":"Victory Tech.","article_publisher":"https:\/\/www.facebook.com\/aokeautoparts","og_image":[{"width":1500,"height":1500,"url":"https:\/\/airbrakehose.com\/wp-content\/uploads\/2025\/12\/Rubber-Nylon_Trailer_Hose_Installation_Kit_for_Semi-Trucks_and_Trailers.webp","type":"image\/webp"}],"twitter_card":"summary_large_image","twitter_misc":{"Dur\u00e9e de lecture estim\u00e9e":"3 minutes"},"schema":{"@context":"https:\/\/schema.org","@graph":[{"@type":"WebPage","@id":"https:\/\/airbrakehose.com\/fr\/produit\/kit-de-flexibles-de-frein-a-air-renforces-en-caoutchouc-avec-poignees-en-aluminium-et-ressort-de-suspension-sae-j140\/","url":"https:\/\/airbrakehose.com\/fr\/produit\/kit-de-flexibles-de-frein-a-air-renforces-en-caoutchouc-avec-poignees-en-aluminium-et-ressort-de-suspension-sae-j140\/","name":"Kit de flexible de frein \u00e0 air en caoutchouc avec poign\u00e9es et ressort en aluminium - SAE J1402","isPartOf":{"@id":"https:\/\/airbrakehose.com\/fr\/#website"},"primaryImageOfPage":{"@id":"https:\/\/airbrakehose.com\/fr\/produit\/kit-de-flexibles-de-frein-a-air-renforces-en-caoutchouc-avec-poignees-en-aluminium-et-ressort-de-suspension-sae-j140\/#primaryimage"},"image":{"@id":"https:\/\/airbrakehose.com\/fr\/produit\/kit-de-flexibles-de-frein-a-air-renforces-en-caoutchouc-avec-poignees-en-aluminium-et-ressort-de-suspension-sae-j140\/#primaryimage"},"thumbnailUrl":"https:\/\/airbrakehose.com\/wp-content\/uploads\/2025\/12\/Rubber-Nylon_Trailer_Hose_Installation_Kit_for_Semi-Trucks_and_Trailers.webp","datePublished":"2025-12-01T12:51:45+00:00","description":"D\u00e9couvrez le kit complet de flexibles de frein \u00e0 air en caoutchouc SAE J1402. Il comprend des flexibles droits, des poign\u00e9es en aluminium, des raccords rapides et un ressort de suspension. Homologu\u00e9 DOT.","breadcrumb":{"@id":"https:\/\/airbrakehose.com\/fr\/produit\/kit-de-flexibles-de-frein-a-air-renforces-en-caoutchouc-avec-poignees-en-aluminium-et-ressort-de-suspension-sae-j140\/#breadcrumb"},"inLanguage":"fr-FR","potentialAction":[{"@type":"ReadAction","target":["https:\/\/airbrakehose.com\/fr\/produit\/kit-de-flexibles-de-frein-a-air-renforces-en-caoutchouc-avec-poignees-en-aluminium-et-ressort-de-suspension-sae-j140\/"]}]},{"@type":"ImageObject","inLanguage":"fr-FR","@id":"https:\/\/airbrakehose.com\/fr\/produit\/kit-de-flexibles-de-frein-a-air-renforces-en-caoutchouc-avec-poignees-en-aluminium-et-ressort-de-suspension-sae-j140\/#primaryimage","url":"https:\/\/airbrakehose.com\/wp-content\/uploads\/2025\/12\/Rubber-Nylon_Trailer_Hose_Installation_Kit_for_Semi-Trucks_and_Trailers.webp","contentUrl":"https:\/\/airbrakehose.com\/wp-content\/uploads\/2025\/12\/Rubber-Nylon_Trailer_Hose_Installation_Kit_for_Semi-Trucks_and_Trailers.webp","width":1500,"height":1500},{"@type":"BreadcrumbList","@id":"https:\/\/airbrakehose.com\/fr\/produit\/kit-de-flexibles-de-frein-a-air-renforces-en-caoutchouc-avec-poignees-en-aluminium-et-ressort-de-suspension-sae-j140\/#breadcrumb","itemListElement":[{"@type":"ListItem","position":1,"name":"\u9996\u9875","item":"https:\/\/airbrakehose.com\/fr\/maison\/"},{"@type":"ListItem","position":2,"name":"boutique","item":"https:\/\/airbrakehose.com\/shop\/"},{"@type":"ListItem","position":3,"name":"Kit de flexibles de frein \u00e0 air renforc\u00e9s en caoutchouc avec poign\u00e9es en aluminium et ressort de suspension | SAE J140"}]},{"@type":"WebSite","@id":"https:\/\/airbrakehose.com\/fr\/#website","url":"https:\/\/airbrakehose.com\/fr\/","name":"Victory Technology","description":"Industrial Hose &amp; Air Brake Solutions","potentialAction":[{"@type":"SearchAction","target":{"@type":"EntryPoint","urlTemplate":"https:\/\/airbrakehose.com\/fr\/?s={search_term_string}"},"query-input":{"@type":"PropertyValueSpecification","valueRequired":true,"valueName":"search_term_string"}}],"inLanguage":"fr-FR"}]}},"_links":{"self":[{"href":"https:\/\/airbrakehose.com\/fr\/wp-json\/wp\/v2\/product\/5526","targetHints":{"allow":["GET"]}}],"collection":[{"href":"https:\/\/airbrakehose.com\/fr\/wp-json\/wp\/v2\/product"}],"about":[{"href":"https:\/\/airbrakehose.com\/fr\/wp-json\/wp\/v2\/types\/product"}],"wp:featuredmedia":[{"embeddable":true,"href":"https:\/\/airbrakehose.com\/fr\/wp-json\/wp\/v2\/media\/2534"}],"wp:attachment":[{"href":"https:\/\/airbrakehose.com\/fr\/wp-json\/wp\/v2\/media?parent=5526"}],"wp:term":[{"taxonomy":"product_brand","embeddable":true,"href":"https:\/\/airbrakehose.com\/fr\/wp-json\/wp\/v2\/product_brand?post=5526"},{"taxonomy":"product_cat","embeddable":true,"href":"https:\/\/airbrakehose.com\/fr\/wp-json\/wp\/v2\/product_cat?post=5526"},{"taxonomy":"product_tag","embeddable":true,"href":"https:\/\/airbrakehose.com\/fr\/wp-json\/wp\/v2\/product_tag?post=5526"}],"curies":[{"name":"wp","href":"https:\/\/api.w.org\/{rel}","templated":true}]}}