{"id":5897,"date":"2025-12-05T07:49:10","date_gmt":"2025-12-05T07:49:10","guid":{"rendered":"https:\/\/airbrakehose.com\/centre-de-connaissances\/faq\/"},"modified":"2026-02-06T17:17:55","modified_gmt":"2026-02-06T17:17:55","slug":"faq","status":"publish","type":"page","link":"https:\/\/airbrakehose.com\/fr\/centre-de-connaissances\/faq\/","title":{"rendered":"FAQ"},"content":{"rendered":"\t\t<div data-elementor-type=\"wp-post\" data-elementor-id=\"5897\" class=\"elementor elementor-5897 elementor-3167\" data-elementor-post-type=\"page\">\n\t\t\t\t<div class=\"elementor-element elementor-element-2c4fdd7 e-flex e-con-boxed e-con e-parent\" data-id=\"2c4fdd7\" data-element_type=\"container\" data-e-type=\"container\" data-settings=\"{&quot;background_background&quot;:&quot;classic&quot;}\">\n\t\t\t\t\t<div class=\"e-con-inner\">\n\t\t<div class=\"elementor-element elementor-element-b2079e2 e-con-full e-flex e-con e-child\" data-id=\"b2079e2\" data-element_type=\"container\" data-e-type=\"container\">\n\t\t\t\t<div class=\"elementor-element elementor-element-e33a2df elementor-widget elementor-widget-heading\" data-id=\"e33a2df\" data-element_type=\"widget\" data-e-type=\"widget\" data-widget_type=\"heading.default\">\n\t\t\t\t<div class=\"elementor-widget-container\">\n\t\t\t\t\t<h2 class=\"elementor-heading-title elementor-size-default\">Centre de connaissances techniques et FAQ | Victory Technology<\/h2>\t\t\t\t<\/div>\n\t\t\t\t<\/div>\n\t\t\t\t<div class=\"elementor-element elementor-element-0c6558a elementor-widget-divider--view-line elementor-widget elementor-widget-divider\" data-id=\"0c6558a\" data-element_type=\"widget\" data-e-type=\"widget\" data-widget_type=\"divider.default\">\n\t\t\t\t<div class=\"elementor-widget-container\">\n\t\t\t\t\t\t\t<div class=\"elementor-divider\">\n\t\t\t<span class=\"elementor-divider-separator\">\n\t\t\t\t\t\t<\/span>\n\t\t<\/div>\n\t\t\t\t\t\t<\/div>\n\t\t\t\t<\/div>\n\t\t\t\t<div class=\"elementor-element elementor-element-27fed12 elementor-widget elementor-widget-text-editor\" data-id=\"27fed12\" data-element_type=\"widget\" data-e-type=\"widget\" data-widget_type=\"text-editor.default\">\n\t\t\t\t<div class=\"elementor-widget-container\">\n\t\t\t\t\t\t\t\t\t<p data-path-to-node=\"8\">Bienvenue sur le Centre de connaissances technologiques de Victory.<\/p><p data-path-to-node=\"9\">Nous ne nous contentons pas de fabriquer des pi\u00e8ces ; nous en ma\u00eetrisons les principes scientifiques. Sp\u00e9cialis\u00e9s dans les syst\u00e8mes de freinage pneumatique haute performance, les tubes pneumatiques, les kits de flexibles 3 en 1 et l\u2019outillage pneumatique d\u2019atelier, nous apportons notre expertise, directement issue de notre usine, aux secteurs du transport routier de marchandises et de l\u2019automatisation industrielle. <\/p><p data-path-to-node=\"10\">Que vous soyez un distributeur de pi\u00e8ces d\u00e9tach\u00e9es \u00e0 la recherche de donn\u00e9es de conformit\u00e9, un gestionnaire de flotte en qu\u00eate de conseils de maintenance ou un ing\u00e9nieur OEM v\u00e9rifiant les sp\u00e9cifications, ce centre vous fournit les r\u00e9ponses techniques essentielles dont vous avez besoin pour garantir la s\u00e9curit\u00e9 et la performance.<\/p><hr data-path-to-node=\"11\"><h3 data-path-to-node=\"12\">\ud83d\udee1\ufe0f Pourquoi faire confiance \u00e0 Victory Technology ?<\/h3><p data-path-to-node=\"13\"><i data-path-to-node=\"13\" data-index-in-node=\"0\">L&rsquo;avantage \u00ab vente directe d&rsquo;usine \u00bb.<\/i><\/p><p data-path-to-node=\"14\">Forts de plus de 20 ans d&rsquo;exp\u00e9rience dans la fabrication de pr\u00e9cision sur notre site de Zhuji Aoke, nous associons les normes d&rsquo;ing\u00e9nierie internationales \u00e0 notre savoir-faire. Voici pourquoi les professionnels du secteur font confiance \u00e0 nos conseils techniques : <\/p><ul data-path-to-node=\"15\"><li><p data-path-to-node=\"15,0,0\">\ud83c\udfed V\u00e9ritable fabricant, pas simple revendeur : nous extrudons nos propres tubes en nylon PA12 et assemblons nos propres flexibles de freins pneumatiques. Cela nous permet de ma\u00eetriser parfaitement la qualit\u00e9 des mati\u00e8res premi\u00e8res et de r\u00e9pondre \u00e0 des questions techniques pointues auxquelles les revendeurs ne peuvent pas r\u00e9pondre. <\/p><\/li><li><p data-path-to-node=\"15,1,0\">\u2705 Certification de s\u00e9curit\u00e9 (DOT et SAE) : La conformit\u00e9 est imp\u00e9rative. Nos composants de freins pneumatiques sont fabriqu\u00e9s et test\u00e9s en stricte conformit\u00e9 avec les normes DOT FMVSS 106, SAE J1402 et SAE J844, garantissant ainsi leur homologation pour la circulation routi\u00e8re en Am\u00e9rique du Nord et ailleurs. <\/p><\/li><li><p data-path-to-node=\"15,2,0\">\ud83e\uddea Tests rigoureux en laboratoire : Nous ne prenons pas de suppositions ; nous testons. Chaque lot de production est soumis \u00e0 des tests complets dans notre laboratoire sur site, notamment des tests de pression d\u2019\u00e9clatement, des tests d\u2019impact par temps froid (-40 \u00b0C) et une analyse du vieillissement aux UV. <\/p><\/li><li><p data-path-to-node=\"15,3,0\">\ud83c\udf0d Exp\u00e9rience d&rsquo;application mondiale : Des hivers rigoureux des autoroutes canadiennes \u00e0 la chaleur humide des chantiers de construction d&rsquo;Asie du Sud-Est, nos produits sont con\u00e7us pour fonctionner dans des environnements divers \u00e0 l&rsquo;\u00e9chelle mondiale.<\/p><\/li><\/ul>\t\t\t\t\t\t\t\t<\/div>\n\t\t\t\t<\/div>\n\t\t\t\t<\/div>\n\t\t\t\t\t<\/div>\n\t\t\t\t<\/div>\n\t\t<div class=\"elementor-element elementor-element-89c2bec e-flex e-con-boxed e-con e-parent\" data-id=\"89c2bec\" data-element_type=\"container\" data-e-type=\"container\">\n\t\t\t\t\t<div class=\"e-con-inner\">\n\t\t\t\t<div class=\"elementor-element elementor-element-bf6b760 elementor-grid-1 elementor-grid-tablet-2 elementor-grid-mobile-1 elementor-posts--thumbnail-top elementor-widget elementor-widget-posts\" data-id=\"bf6b760\" data-element_type=\"widget\" data-e-type=\"widget\" data-settings=\"{&quot;classic_columns&quot;:&quot;1&quot;,&quot;classic_columns_tablet&quot;:&quot;2&quot;,&quot;classic_columns_mobile&quot;:&quot;1&quot;,&quot;classic_row_gap&quot;:{&quot;unit&quot;:&quot;px&quot;,&quot;size&quot;:35,&quot;sizes&quot;:[]},&quot;classic_row_gap_tablet&quot;:{&quot;unit&quot;:&quot;px&quot;,&quot;size&quot;:&quot;&quot;,&quot;sizes&quot;:[]},&quot;classic_row_gap_mobile&quot;:{&quot;unit&quot;:&quot;px&quot;,&quot;size&quot;:&quot;&quot;,&quot;sizes&quot;:[]}}\" data-widget_type=\"posts.classic\">\n\t\t\t\t<div class=\"elementor-widget-container\">\n\t\t\t\t\t\t\t<div class=\"elementor-posts-container elementor-posts elementor-posts--skin-classic elementor-grid\" role=\"list\">\n\t\t\t\t<article class=\"elementor-post elementor-grid-item post-5918 post type-post status-publish format-standard hentry category-faq\" role=\"listitem\">\n\t\t\t\t<div class=\"elementor-post__text\">\n\t\t\t\t<h4 class=\"elementor-post__title\">\n\t\t\t<a href=\"https:\/\/airbrakehose.com\/fr\/pistolets-de-soufflage-de-poussiere-faq-essentielle-sur-le-nettoyage-datelier-et-de-cabine\/\" >\n\t\t\t\tPistolets de soufflage de poussi\u00e8re : FAQ essentielle sur le nettoyage d&rsquo;atelier et de cabine\t\t\t<\/a>\n\t\t<\/h4>\n\t\t\t\t<div class=\"elementor-post__meta-data\">\n\t\t\t\t\t<span class=\"elementor-post-date\">\n\t\t\t15\/12\/2025\t\t<\/span>\n\t\t\t\t<span class=\"elementor-post-avatar\">\n\t\t\tAucun commentaire\t\t<\/span>\n\t\t\t\t<\/div>\n\t\t\t\t<div class=\"elementor-post__excerpt\">\n\t\t\t<p>Du nettoyage de la poussi\u00e8re d&rsquo;un tableau de bord au soufflage des d\u00e9bris d&rsquo;un \u00e9trier de frein, le pistolet souffleur de poussi\u00e8re est l&rsquo;un des outils les plus polyvalents de l&rsquo;industrie du camionnage. Cependant, la manipulation d&rsquo;air comprim\u00e9 exige de la prudence. Quelle est la pression de s\u00e9curit\u00e9 (PSI) ? Qu&rsquo;est-ce qu&rsquo;une buse conforme aux<\/p>\n\t\t<\/div>\n\t\t\n\t\t<a class=\"elementor-post__read-more\" href=\"https:\/\/airbrakehose.com\/fr\/pistolets-de-soufflage-de-poussiere-faq-essentielle-sur-le-nettoyage-datelier-et-de-cabine\/\" aria-label=\"Read more about Pistolets de soufflage de poussi\u00e8re : FAQ essentielle sur le nettoyage d&rsquo;atelier et de cabine\" tabindex=\"-1\" >\n\t\t\tEn savoir plus \"\t\t<\/a>\n\n\t\t\t\t<\/div>\n\t\t\t\t<\/article>\n\t\t\t\t<article class=\"elementor-post elementor-grid-item post-5940 post type-post status-publish format-standard hentry category-faq\" role=\"listitem\">\n\t\t\t\t<div class=\"elementor-post__text\">\n\t\t\t\t<h4 class=\"elementor-post__title\">\n\t\t\t<a href=\"https:\/\/airbrakehose.com\/fr\/kits-de-lignes-dalimentation-pneumatiques-3-en-1-guide-faq-ultime-cordon-et-tuyaux-dair\/\" >\n\t\t\t\tKits de lignes d&rsquo;alimentation pneumatiques 3 en 1 : Guide FAQ ultime (cordon et tuyaux d&rsquo;air)\t\t\t<\/a>\n\t\t<\/h4>\n\t\t\t\t<div class=\"elementor-post__meta-data\">\n\t\t\t\t\t<span class=\"elementor-post-date\">\n\t\t\t15\/12\/2025\t\t<\/span>\n\t\t\t\t<span class=\"elementor-post-avatar\">\n\t\t\tAucun commentaire\t\t<\/span>\n\t\t\t\t<\/div>\n\t\t\t\t<div class=\"elementor-post__excerpt\">\n\t\t\t<p>G\u00e9rer la connexion entre votre tracteur et votre remorque ne devrait pas \u00eatre un casse-t\u00eate. Le kit de ligne d&rsquo;alimentation pneumatique 3-en-1 est la solution moderne pour se d\u00e9barrasser des c\u00e2bles emm\u00eal\u00e9s. Mais avec des options allant des tuyaux en caoutchouc aux tuyaux en nylon enroul\u00e9s, et des questions sur le code couleur et les<\/p>\n\t\t<\/div>\n\t\t\n\t\t<a class=\"elementor-post__read-more\" href=\"https:\/\/airbrakehose.com\/fr\/kits-de-lignes-dalimentation-pneumatiques-3-en-1-guide-faq-ultime-cordon-et-tuyaux-dair\/\" aria-label=\"Read more about Kits de lignes d&rsquo;alimentation pneumatiques 3 en 1 : Guide FAQ ultime (cordon et tuyaux d&rsquo;air)\" tabindex=\"-1\" >\n\t\t\tEn savoir plus \"\t\t<\/a>\n\n\t\t\t\t<\/div>\n\t\t\t\t<\/article>\n\t\t\t\t<article class=\"elementor-post elementor-grid-item post-5916 post type-post status-publish format-standard hentry category-faq\" role=\"listitem\">\n\t\t\t\t<div class=\"elementor-post__text\">\n\t\t\t\t<h4 class=\"elementor-post__title\">\n\t\t\t<a href=\"https:\/\/airbrakehose.com\/fr\/faq-sur-les-flexibles-de-freins-pneumatiques-le-guide-ultime-de-securite-et-de-selection-sae-j1402\/\" >\n\t\t\t\tFAQ sur les flexibles de freins pneumatiques : Le guide ultime de s\u00e9curit\u00e9 et de s\u00e9lection (SAE J1402)\t\t\t<\/a>\n\t\t<\/h4>\n\t\t\t\t<div class=\"elementor-post__meta-data\">\n\t\t\t\t\t<span class=\"elementor-post-date\">\n\t\t\t15\/12\/2025\t\t<\/span>\n\t\t\t\t<span class=\"elementor-post-avatar\">\n\t\t\tAucun commentaire\t\t<\/span>\n\t\t\t\t<\/div>\n\t\t\t\t<div class=\"elementor-post__excerpt\">\n\t\t\t<p>La fiabilit\u00e9 du syst\u00e8me de freinage de votre camion d\u00e9pend de celle des flexibles qui le relient. Chez Aoke Auto Parts, nous savons que lorsqu&rsquo;un conducteur appuie sur la p\u00e9dale de frein, la moindre d\u00e9faillance est inacceptable. Que vous remplaciez une ancienne conduite de service (bleue) ou que vous \u00e9quipiez une nouvelle flotte de conduites<\/p>\n\t\t<\/div>\n\t\t\n\t\t<a class=\"elementor-post__read-more\" href=\"https:\/\/airbrakehose.com\/fr\/faq-sur-les-flexibles-de-freins-pneumatiques-le-guide-ultime-de-securite-et-de-selection-sae-j1402\/\" aria-label=\"Read more about FAQ sur les flexibles de freins pneumatiques : Le guide ultime de s\u00e9curit\u00e9 et de s\u00e9lection (SAE J1402)\" tabindex=\"-1\" >\n\t\t\tEn savoir plus \"\t\t<\/a>\n\n\t\t\t\t<\/div>\n\t\t\t\t<\/article>\n\t\t\t\t<article class=\"elementor-post elementor-grid-item post-5938 post type-post status-publish format-standard hentry category-faq tag-tube-pu tag-tubes-en-nylon tag-tubes-en-pe\" role=\"listitem\">\n\t\t\t\t<div class=\"elementor-post__text\">\n\t\t\t\t<h4 class=\"elementor-post__title\">\n\t\t\t<a href=\"https:\/\/airbrakehose.com\/fr\/tuyaux-en-nylon-en-pu-ou-en-pe-guide-faq-ultime-pour-les-systemes-de-freinage-pneumatique\/\" >\n\t\t\t\tTuyaux en nylon, en PU ou en PE : Guide FAQ ultime pour les syst\u00e8mes de freinage pneumatique\t\t\t<\/a>\n\t\t<\/h4>\n\t\t\t\t<div class=\"elementor-post__meta-data\">\n\t\t\t\t\t<span class=\"elementor-post-date\">\n\t\t\t15\/12\/2025\t\t<\/span>\n\t\t\t\t<span class=\"elementor-post-avatar\">\n\t\t\tAucun commentaire\t\t<\/span>\n\t\t\t\t<\/div>\n\t\t\t\t<div class=\"elementor-post__excerpt\">\n\t\t\t<p>Choisir les bons tuyaux pour le syst\u00e8me pneumatique de votre camion ne se r\u00e9sume pas au prix : c\u2019est aussi une question de s\u00e9curit\u00e9 et de conformit\u00e9. Chez Aoke Auto Parts, nous constatons souvent que nos clients sont perplexes face aux diff\u00e9rences entre le nylon (PA12), le polyur\u00e9thane (PU) et le poly\u00e9thyl\u00e8ne (PE). Lequel est<\/p>\n\t\t<\/div>\n\t\t\n\t\t<a class=\"elementor-post__read-more\" href=\"https:\/\/airbrakehose.com\/fr\/tuyaux-en-nylon-en-pu-ou-en-pe-guide-faq-ultime-pour-les-systemes-de-freinage-pneumatique\/\" aria-label=\"Read more about Tuyaux en nylon, en PU ou en PE : Guide FAQ ultime pour les syst\u00e8mes de freinage pneumatique\" tabindex=\"-1\" >\n\t\t\tEn savoir plus \"\t\t<\/a>\n\n\t\t\t\t<\/div>\n\t\t\t\t<\/article>\n\t\t\t\t<\/div>\n\t\t\n\t\t\t\t\t\t<\/div>\n\t\t\t\t<\/div>\n\t\t\t\t\t<\/div>\n\t\t\t\t<\/div>\n\t\t\t\t<\/div>\n\t\t","protected":false},"excerpt":{"rendered":"<p>Centre de connaissances techniques et FAQ | Victory Technology Bienvenue sur le Centre de connaissances technologiques de Victory. Nous ne nous contentons pas de fabriquer des pi\u00e8ces ; nous en ma\u00eetrisons les principes scientifiques. Sp\u00e9cialis\u00e9s dans les syst\u00e8mes de freinage pneumatique haute performance, les tubes pneumatiques, les kits de flexibles 3 en 1 et l\u2019outillage [&hellip;]<\/p>\n","protected":false},"author":1,"featured_media":0,"parent":5849,"menu_order":0,"comment_status":"closed","ping_status":"closed","template":"","meta":{"_monsterinsights_skip_tracking":false,"_monsterinsights_sitenote_active":false,"_monsterinsights_sitenote_note":"","_monsterinsights_sitenote_category":0,"site-sidebar-layout":"no-sidebar","site-content-layout":"page-builder","ast-site-content-layout":"full-width-container","site-content-style":"unboxed","site-sidebar-style":"unboxed","ast-global-header-display":"","ast-banner-title-visibility":"","ast-main-header-display":"","ast-hfb-above-header-display":"","ast-hfb-below-header-display":"","ast-hfb-mobile-header-display":"","site-post-title":"disabled","ast-breadcrumbs-content":"","ast-featured-img":"disabled","footer-sml-layout":"","ast-disable-related-posts":"","theme-transparent-header-meta":"enabled","adv-header-id-meta":"","stick-header-meta":"","header-above-stick-meta":"","header-main-stick-meta":"","header-below-stick-meta":"","astra-migrate-meta-layouts":"default","ast-page-background-enabled":"default","ast-page-background-meta":{"desktop":{"background-color":"","background-image":"","background-repeat":"repeat","background-position":"center center","background-size":"auto","background-attachment":"scroll","background-type":"","background-media":"","overlay-type":"","overlay-color":"","overlay-opacity":"","overlay-gradient":""},"tablet":{"background-color":"","background-image":"","background-repeat":"repeat","background-position":"center center","background-size":"auto","background-attachment":"scroll","background-type":"","background-media":"","overlay-type":"","overlay-color":"","overlay-opacity":"","overlay-gradient":""},"mobile":{"background-color":"","background-image":"","background-repeat":"repeat","background-position":"center center","background-size":"auto","background-attachment":"scroll","background-type":"","background-media":"","overlay-type":"","overlay-color":"","overlay-opacity":"","overlay-gradient":""}},"ast-content-background-meta":{"desktop":{"background-color":"var(--ast-global-color-5)","background-image":"","background-repeat":"repeat","background-position":"center center","background-size":"auto","background-attachment":"scroll","background-type":"","background-media":"","overlay-type":"","overlay-color":"","overlay-opacity":"","overlay-gradient":""},"tablet":{"background-color":"var(--ast-global-color-5)","background-image":"","background-repeat":"repeat","background-position":"center center","background-size":"auto","background-attachment":"scroll","background-type":"","background-media":"","overlay-type":"","overlay-color":"","overlay-opacity":"","overlay-gradient":""},"mobile":{"background-color":"var(--ast-global-color-5)","background-image":"","background-repeat":"repeat","background-position":"center center","background-size":"auto","background-attachment":"scroll","background-type":"","background-media":"","overlay-type":"","overlay-color":"","overlay-opacity":"","overlay-gradient":""}},"_joinchat":[],"footnotes":""},"class_list":["post-5897","page","type-page","status-publish","hentry"],"yoast_head":"<!-- This site is optimized with the Yoast SEO Premium plugin v26.4 (Yoast SEO v27.0) - https:\/\/yoast.com\/product\/yoast-seo-premium-wordpress\/ -->\n<title>FAQ et guide d&#039;assistance technique sur les syst\u00e8mes de freinage pneumatique | Aoke Auto Parts<\/title>\n<meta name=\"description\" content=\"Le guide FAQ ultime pour les syst\u00e8mes de freinage pneumatique de camions. Nous r\u00e9pondons aux questions techniques sur les tubes en nylon DOT, les flexibles en caoutchouc SAE J1402, les kits 3 en 1 et les raccords pneumatiques. Assistance directe du fabricant.\" \/>\n<meta name=\"robots\" content=\"index, follow, max-snippet:-1, max-image-preview:large, max-video-preview:-1\" \/>\n<link rel=\"canonical\" href=\"https:\/\/airbrakehose.com\/fr\/centre-de-connaissances\/faq\/\" \/>\n<meta property=\"og:locale\" content=\"fr_FR\" \/>\n<meta property=\"og:type\" content=\"article\" \/>\n<meta property=\"og:title\" content=\"FAQ\" \/>\n<meta property=\"og:description\" content=\"Le guide FAQ ultime pour les syst\u00e8mes de freinage pneumatique de camions. Nous r\u00e9pondons aux questions techniques sur les tubes en nylon DOT, les flexibles en caoutchouc SAE J1402, les kits 3 en 1 et les raccords pneumatiques. Assistance directe du fabricant.\" \/>\n<meta property=\"og:url\" content=\"https:\/\/airbrakehose.com\/fr\/centre-de-connaissances\/faq\/\" \/>\n<meta property=\"og:site_name\" content=\"Victory Tech.\" \/>\n<meta property=\"article:publisher\" content=\"https:\/\/www.facebook.com\/aokeautoparts\" \/>\n<meta property=\"article:modified_time\" content=\"2026-02-06T17:17:55+00:00\" \/>\n<meta name=\"twitter:card\" content=\"summary_large_image\" \/>\n<meta name=\"twitter:label1\" content=\"Dur\u00e9e de lecture estim\u00e9e\" \/>\n\t<meta name=\"twitter:data1\" content=\"2 minutes\" \/>\n<script type=\"application\/ld+json\" class=\"yoast-schema-graph\">{\"@context\":\"https:\/\/schema.org\",\"@graph\":[{\"@type\":\"WebPage\",\"@id\":\"https:\/\/airbrakehose.com\/fr\/centre-de-connaissances\/faq\/\",\"url\":\"https:\/\/airbrakehose.com\/fr\/centre-de-connaissances\/faq\/\",\"name\":\"FAQ et guide d'assistance technique sur les syst\u00e8mes de freinage pneumatique | Aoke Auto Parts\",\"isPartOf\":{\"@id\":\"https:\/\/airbrakehose.com\/fr\/#website\"},\"datePublished\":\"2025-12-05T07:49:10+00:00\",\"dateModified\":\"2026-02-06T17:17:55+00:00\",\"description\":\"Le guide FAQ ultime pour les syst\u00e8mes de freinage pneumatique de camions. Nous r\u00e9pondons aux questions techniques sur les tubes en nylon DOT, les flexibles en caoutchouc SAE J1402, les kits 3 en 1 et les raccords pneumatiques. Assistance directe du fabricant.\",\"breadcrumb\":{\"@id\":\"https:\/\/airbrakehose.com\/fr\/centre-de-connaissances\/faq\/#breadcrumb\"},\"inLanguage\":\"fr-FR\",\"potentialAction\":[{\"@type\":\"ReadAction\",\"target\":[\"https:\/\/airbrakehose.com\/fr\/centre-de-connaissances\/faq\/\"]}]},{\"@type\":\"BreadcrumbList\",\"@id\":\"https:\/\/airbrakehose.com\/fr\/centre-de-connaissances\/faq\/#breadcrumb\",\"itemListElement\":[{\"@type\":\"ListItem\",\"position\":1,\"name\":\"\u9996\u9875\",\"item\":\"https:\/\/airbrakehose.com\/fr\/maison\/\"},{\"@type\":\"ListItem\",\"position\":2,\"name\":\"Centre de connaissances\",\"item\":\"https:\/\/airbrakehose.com\/fr\/centre-de-connaissances\/\"},{\"@type\":\"ListItem\",\"position\":3,\"name\":\"FAQ\"}]},{\"@type\":\"WebSite\",\"@id\":\"https:\/\/airbrakehose.com\/fr\/#website\",\"url\":\"https:\/\/airbrakehose.com\/fr\/\",\"name\":\"Victory Technology\",\"description\":\"Industrial Hose &amp; Air Brake Solutions\",\"potentialAction\":[{\"@type\":\"SearchAction\",\"target\":{\"@type\":\"EntryPoint\",\"urlTemplate\":\"https:\/\/airbrakehose.com\/fr\/?s={search_term_string}\"},\"query-input\":{\"@type\":\"PropertyValueSpecification\",\"valueRequired\":true,\"valueName\":\"search_term_string\"}}],\"inLanguage\":\"fr-FR\"}]}<\/script>\n<!-- \/ Yoast SEO Premium plugin. -->","yoast_head_json":{"title":"FAQ et guide d'assistance technique sur les syst\u00e8mes de freinage pneumatique | Aoke Auto Parts","description":"Le guide FAQ ultime pour les syst\u00e8mes de freinage pneumatique de camions. Nous r\u00e9pondons aux questions techniques sur les tubes en nylon DOT, les flexibles en caoutchouc SAE J1402, les kits 3 en 1 et les raccords pneumatiques. Assistance directe du fabricant.","robots":{"index":"index","follow":"follow","max-snippet":"max-snippet:-1","max-image-preview":"max-image-preview:large","max-video-preview":"max-video-preview:-1"},"canonical":"https:\/\/airbrakehose.com\/fr\/centre-de-connaissances\/faq\/","og_locale":"fr_FR","og_type":"article","og_title":"FAQ","og_description":"Le guide FAQ ultime pour les syst\u00e8mes de freinage pneumatique de camions. Nous r\u00e9pondons aux questions techniques sur les tubes en nylon DOT, les flexibles en caoutchouc SAE J1402, les kits 3 en 1 et les raccords pneumatiques. Assistance directe du fabricant.","og_url":"https:\/\/airbrakehose.com\/fr\/centre-de-connaissances\/faq\/","og_site_name":"Victory Tech.","article_publisher":"https:\/\/www.facebook.com\/aokeautoparts","article_modified_time":"2026-02-06T17:17:55+00:00","twitter_card":"summary_large_image","twitter_misc":{"Dur\u00e9e de lecture estim\u00e9e":"2 minutes"},"schema":{"@context":"https:\/\/schema.org","@graph":[{"@type":"WebPage","@id":"https:\/\/airbrakehose.com\/fr\/centre-de-connaissances\/faq\/","url":"https:\/\/airbrakehose.com\/fr\/centre-de-connaissances\/faq\/","name":"FAQ et guide d'assistance technique sur les syst\u00e8mes de freinage pneumatique | Aoke Auto Parts","isPartOf":{"@id":"https:\/\/airbrakehose.com\/fr\/#website"},"datePublished":"2025-12-05T07:49:10+00:00","dateModified":"2026-02-06T17:17:55+00:00","description":"Le guide FAQ ultime pour les syst\u00e8mes de freinage pneumatique de camions. Nous r\u00e9pondons aux questions techniques sur les tubes en nylon DOT, les flexibles en caoutchouc SAE J1402, les kits 3 en 1 et les raccords pneumatiques. Assistance directe du fabricant.","breadcrumb":{"@id":"https:\/\/airbrakehose.com\/fr\/centre-de-connaissances\/faq\/#breadcrumb"},"inLanguage":"fr-FR","potentialAction":[{"@type":"ReadAction","target":["https:\/\/airbrakehose.com\/fr\/centre-de-connaissances\/faq\/"]}]},{"@type":"BreadcrumbList","@id":"https:\/\/airbrakehose.com\/fr\/centre-de-connaissances\/faq\/#breadcrumb","itemListElement":[{"@type":"ListItem","position":1,"name":"\u9996\u9875","item":"https:\/\/airbrakehose.com\/fr\/maison\/"},{"@type":"ListItem","position":2,"name":"Centre de connaissances","item":"https:\/\/airbrakehose.com\/fr\/centre-de-connaissances\/"},{"@type":"ListItem","position":3,"name":"FAQ"}]},{"@type":"WebSite","@id":"https:\/\/airbrakehose.com\/fr\/#website","url":"https:\/\/airbrakehose.com\/fr\/","name":"Victory Technology","description":"Industrial Hose &amp; Air Brake Solutions","potentialAction":[{"@type":"SearchAction","target":{"@type":"EntryPoint","urlTemplate":"https:\/\/airbrakehose.com\/fr\/?s={search_term_string}"},"query-input":{"@type":"PropertyValueSpecification","valueRequired":true,"valueName":"search_term_string"}}],"inLanguage":"fr-FR"}]}},"_links":{"self":[{"href":"https:\/\/airbrakehose.com\/fr\/wp-json\/wp\/v2\/pages\/5897","targetHints":{"allow":["GET"]}}],"collection":[{"href":"https:\/\/airbrakehose.com\/fr\/wp-json\/wp\/v2\/pages"}],"about":[{"href":"https:\/\/airbrakehose.com\/fr\/wp-json\/wp\/v2\/types\/page"}],"author":[{"embeddable":true,"href":"https:\/\/airbrakehose.com\/fr\/wp-json\/wp\/v2\/users\/1"}],"replies":[{"embeddable":true,"href":"https:\/\/airbrakehose.com\/fr\/wp-json\/wp\/v2\/comments?post=5897"}],"version-history":[{"count":1,"href":"https:\/\/airbrakehose.com\/fr\/wp-json\/wp\/v2\/pages\/5897\/revisions"}],"predecessor-version":[{"id":5898,"href":"https:\/\/airbrakehose.com\/fr\/wp-json\/wp\/v2\/pages\/5897\/revisions\/5898"}],"up":[{"embeddable":true,"href":"https:\/\/airbrakehose.com\/fr\/wp-json\/wp\/v2\/pages\/5849"}],"wp:attachment":[{"href":"https:\/\/airbrakehose.com\/fr\/wp-json\/wp\/v2\/media?parent=5897"}],"curies":[{"name":"wp","href":"https:\/\/api.w.org\/{rel}","templated":true}]}}