{"id":5855,"date":"2025-12-06T15:03:57","date_gmt":"2025-12-06T15:03:57","guid":{"rendered":"https:\/\/airbrakehose.com\/politique-dexpedition\/"},"modified":"2026-02-06T16:09:58","modified_gmt":"2026-02-06T16:09:58","slug":"politique-dexpedition","status":"publish","type":"page","link":"https:\/\/airbrakehose.com\/fr\/politique-dexpedition\/","title":{"rendered":"Politique d&rsquo;exp\u00e9dition"},"content":{"rendered":"\t\t<div data-elementor-type=\"wp-page\" data-elementor-id=\"5855\" class=\"elementor elementor-5855 elementor-3306\" data-elementor-post-type=\"page\">\n\t\t\t\t<div class=\"elementor-element elementor-element-2df8dea e-flex e-con-boxed e-con e-parent\" data-id=\"2df8dea\" data-element_type=\"container\" data-e-type=\"container\">\n\t\t\t\t\t<div class=\"e-con-inner\">\n\t\t\t\t<div class=\"elementor-element elementor-element-93d36da elementor-widget elementor-widget-text-editor\" data-id=\"93d36da\" data-element_type=\"widget\" data-e-type=\"widget\" data-widget_type=\"text-editor.default\">\n\t\t\t\t<div class=\"elementor-widget-container\">\n\t\t\t\t\t\t\t\t\t<p data-path-to-node=\"7\">Introduction : Chez Aoke Auto Parts, nous nous engageons \u00e0 livrer des composants pneumatiques de haute qualit\u00e9, fabriqu\u00e9s dans notre usine en Chine, \u00e0 votre entrep\u00f4t, partout dans le monde. Gr\u00e2ce \u00e0 notre plateforme d\u2019exportation strat\u00e9gique \u00e0 Tianjin (un important port international), nous garantissons une prise en charge efficace, le d\u00e9douanement et la logistique de toutes les commandes internationales. <\/p><hr data-path-to-node=\"8\"><h3 data-path-to-node=\"9\">1. Capacit\u00e9 d&rsquo;exp\u00e9dition mondiale<\/h3><p data-path-to-node=\"10\">Nous livrons avec fiert\u00e9 dans plus de 50 pays, notamment en Am\u00e9rique du Nord, en Europe, en Asie du Sud-Est et au Moyen-Orient. Que vous ayez besoin d&rsquo;un simple carton d&rsquo;\u00e9chantillons par transport a\u00e9rien express ou d&rsquo;un conteneur de 40 pieds par voie maritime, nous disposons du r\u00e9seau logistique n\u00e9cessaire pour r\u00e9pondre \u00e0 vos besoins. <\/p><ul data-path-to-node=\"11\"><li><p data-path-to-node=\"11,0,0\">Partenaires express : DHL, FedEx, UPS, TNT (Pour les \u00e9chantillons et les petites commandes urgentes).<\/p><\/li><li><p data-path-to-node=\"11,1,0\">Transitaires : Nous travaillons avec des transitaires de premier plan pour les exp\u00e9ditions maritimes LCL (Less than Container Load) et FCL (Full Container Load).<\/p><\/li><\/ul><h3 data-path-to-node=\"12\">2. Frais et devis d&rsquo;exp\u00e9dition<\/h3><p data-path-to-node=\"13\">Pour vous garantir le tarif le plus comp\u00e9titif, les frais de livraison sont calcul\u00e9s s\u00e9par\u00e9ment sur la base de devis en temps r\u00e9el. Nous n&rsquo;appliquons pas de tarif forfaitaire car les volumes de commandes varient consid\u00e9rablement dans le commerce interentreprises. <\/p><ul data-path-to-node=\"14\"><li><p data-path-to-node=\"14,0,0\">Comment \u00e7a marche : Apr\u00e8s avoir soumis une commande ou une demande de devis, notre \u00e9quipe compare les tarifs de plusieurs transporteurs afin de trouver le meilleur prix pour votre poids et volume sp\u00e9cifiques.<\/p><\/li><li><p data-path-to-node=\"14,1,0\">Incoterms pris en charge : Nous prenons en charge les incoterms commerciaux internationaux standard, notamment EXW, FOB, CFR, CIF et DDP (pour certaines r\u00e9gions).<\/p><\/li><li><p data-path-to-node=\"14,2,0\">Votre propre compte : Si vous pr\u00e9f\u00e9rez utiliser votre propre compte FedEx\/DHL ou un transitaire d\u00e9sign\u00e9, il vous suffit de nous le faire savoir.<\/p><\/li><\/ul><h3 data-path-to-node=\"15\">3. D\u00e9lai de traitement et de livraison<\/h3><p data-path-to-node=\"16\">Nous faisons la distinction entre les articles en stock et les commandes de production :<\/p><ul data-path-to-node=\"17\"><li><p data-path-to-node=\"17,0,0\"><b>\u00c9chantillons et commandes de stock :<\/b><\/p><ul data-path-to-node=\"17,0,1\"><li><p data-path-to-node=\"17,0,1,0,0\">Traitement : 1 \u00e0 3 jours ouvrables.<\/p><\/li><li><p data-path-to-node=\"17,0,1,1,0\">Livraison (express) : 3 \u00e0 7 jours ouvrables via DHL\/FedEx.<\/p><\/li><\/ul><\/li><li><p data-path-to-node=\"17,1,0\"><b>Commandes de production en s\u00e9rie (OEM) :<\/b><\/p><ul data-path-to-node=\"17,1,1\"><li><p data-path-to-node=\"17,1,1,0,0\">D\u00e9lai de livraison : g\u00e9n\u00e9ralement de 15 \u00e0 25 jours, selon la quantit\u00e9 command\u00e9e et le calendrier de production.<\/p><\/li><li><p data-path-to-node=\"17,1,1,1,0\">Livraison (maritime) : 20 \u00e0 45 jours selon le port de destination.<\/p><\/li><\/ul><\/li><\/ul><h3 data-path-to-node=\"18\">4. Suivi de commande<\/h3><p data-path-to-node=\"19\">La transparence est essentielle. Une fois que votre marchandise quitte notre entrep\u00f4t : <\/p><ul data-path-to-node=\"20\"><li><p data-path-to-node=\"20,0,0\">Livraison express : Vous recevrez imm\u00e9diatement un num\u00e9ro de suivi par e-mail.<\/p><\/li><li><p data-path-to-node=\"20,1,0\">Transport maritime : Nous vous fournirons le connaissement (B\/L) et les informations de suivi du navire afin que vous puissiez suivre l&rsquo;\u00e9tat de l&rsquo;exp\u00e9dition en ligne.<\/p><\/li><\/ul><h3 data-path-to-node=\"21\">5. Douanes, droits et taxes<\/h3><p data-path-to-node=\"22\">Veuillez noter que pour les envois internationaux (sauf accord DDP), l&rsquo;acheteur est responsable de :<\/p><ul data-path-to-node=\"23\"><li><p data-path-to-node=\"23,0,0\">Droits d&rsquo;importation et TVA per\u00e7us par le pays de destination.<\/p><\/li><li><p data-path-to-node=\"23,1,0\">Frais de d\u00e9douanement.<\/p><\/li><li><p data-path-to-node=\"23,2,0\">Tous frais de manutention suppl\u00e9mentaires impos\u00e9s par le transporteur \u00e0 destination.<\/p><\/li><li><p data-path-to-node=\"23,3,0\"><i>Nous fournissons des factures commerciales compl\u00e8tes et des listes de colisage pour faciliter le d\u00e9douanement.<\/i><\/p><\/li><\/ul><h3 data-path-to-node=\"24\">6. Envois endommag\u00e9s ou perdus<\/h3><p data-path-to-node=\"25\">Bien que nous emballions chaque commande avec une protection renforc\u00e9e (cartons\/palettes renforc\u00e9s), des accidents peuvent survenir pendant le transport.<\/p><ul data-path-to-node=\"26\"><li><p data-path-to-node=\"26,0,0\">Si les marchandises arrivent endommag\u00e9es : veuillez prendre imm\u00e9diatement des photos de l\u2019emballage et des produits et nous contacter dans les 5 jours suivant la r\u00e9ception.<\/p><\/li><li><p data-path-to-node=\"26,1,0\">Assurance : Nous recommandons de souscrire une assurance transport pour les commandes importantes en gros. Nous pouvons vous aider \u00e0 organiser cela. <\/p><\/li><\/ul><h3 data-path-to-node=\"27\">\ud83d\udce7 Besoin d&rsquo;un devis de livraison ?<\/h3><p data-path-to-node=\"28\">Pour conna\u00eetre le co\u00fbt estimatif de livraison pour une commande d&rsquo;une certaine taille, veuillez contacter notre \u00e9quipe logistique \u00e0 l&rsquo;adresse [info@airbrakehose.com]. Nous sommes l\u00e0 pour vous aider \u00e0 optimiser vos co\u00fbts de cha\u00eene d&rsquo;approvisionnement. <\/p>\t\t\t\t\t\t\t\t<\/div>\n\t\t\t\t<\/div>\n\t\t\t\t\t<\/div>\n\t\t\t\t<\/div>\n\t\t\t\t<\/div>\n\t\t","protected":false},"excerpt":{"rendered":"<p>Introduction : Chez Aoke Auto Parts, nous nous engageons \u00e0 livrer des composants pneumatiques de haute qualit\u00e9, fabriqu\u00e9s dans notre usine en Chine, \u00e0 votre entrep\u00f4t, partout dans le monde. Gr\u00e2ce \u00e0 notre plateforme d\u2019exportation strat\u00e9gique \u00e0 Tianjin (un important port international), nous garantissons une prise en charge efficace, le d\u00e9douanement et la logistique de [&hellip;]<\/p>\n","protected":false},"author":1,"featured_media":0,"parent":0,"menu_order":0,"comment_status":"closed","ping_status":"closed","template":"","meta":{"_monsterinsights_skip_tracking":false,"_monsterinsights_sitenote_active":false,"_monsterinsights_sitenote_note":"","_monsterinsights_sitenote_category":0,"site-sidebar-layout":"no-sidebar","site-content-layout":"page-builder","ast-site-content-layout":"full-width-container","site-content-style":"unboxed","site-sidebar-style":"unboxed","ast-global-header-display":"","ast-banner-title-visibility":"","ast-main-header-display":"","ast-hfb-above-header-display":"","ast-hfb-below-header-display":"","ast-hfb-mobile-header-display":"","site-post-title":"","ast-breadcrumbs-content":"","ast-featured-img":"disabled","footer-sml-layout":"","ast-disable-related-posts":"","theme-transparent-header-meta":"","adv-header-id-meta":"","stick-header-meta":"","header-above-stick-meta":"","header-main-stick-meta":"","header-below-stick-meta":"","astra-migrate-meta-layouts":"default","ast-page-background-enabled":"default","ast-page-background-meta":{"desktop":{"background-color":"","background-image":"","background-repeat":"repeat","background-position":"center center","background-size":"auto","background-attachment":"scroll","background-type":"","background-media":"","overlay-type":"","overlay-color":"","overlay-opacity":"","overlay-gradient":""},"tablet":{"background-color":"","background-image":"","background-repeat":"repeat","background-position":"center center","background-size":"auto","background-attachment":"scroll","background-type":"","background-media":"","overlay-type":"","overlay-color":"","overlay-opacity":"","overlay-gradient":""},"mobile":{"background-color":"","background-image":"","background-repeat":"repeat","background-position":"center center","background-size":"auto","background-attachment":"scroll","background-type":"","background-media":"","overlay-type":"","overlay-color":"","overlay-opacity":"","overlay-gradient":""}},"ast-content-background-meta":{"desktop":{"background-color":"var(--ast-global-color-5)","background-image":"","background-repeat":"repeat","background-position":"center center","background-size":"auto","background-attachment":"scroll","background-type":"","background-media":"","overlay-type":"","overlay-color":"","overlay-opacity":"","overlay-gradient":""},"tablet":{"background-color":"var(--ast-global-color-5)","background-image":"","background-repeat":"repeat","background-position":"center center","background-size":"auto","background-attachment":"scroll","background-type":"","background-media":"","overlay-type":"","overlay-color":"","overlay-opacity":"","overlay-gradient":""},"mobile":{"background-color":"var(--ast-global-color-5)","background-image":"","background-repeat":"repeat","background-position":"center center","background-size":"auto","background-attachment":"scroll","background-type":"","background-media":"","overlay-type":"","overlay-color":"","overlay-opacity":"","overlay-gradient":""}},"_joinchat":[],"footnotes":""},"class_list":["post-5855","page","type-page","status-publish","hentry"],"yoast_head":"<!-- This site is optimized with the Yoast SEO Premium plugin v26.4 (Yoast SEO v27.0) - https:\/\/yoast.com\/product\/yoast-seo-premium-wordpress\/ -->\n<title>Politique d&#039;exp\u00e9dition et de livraison | Logistique B2B internationale - Aoke<\/title>\n<meta name=\"description\" content=\"Veuillez consulter la politique d&#039;exp\u00e9dition d&#039;Aoke Auto Parts. Nous proposons une livraison internationale par transport express (DHL\/FedEx) et par voie maritime depuis le port de Tianjin. Nous acceptons les conditions FOB, CIF et EXW.\" \/>\n<meta name=\"robots\" content=\"index, follow, max-snippet:-1, max-image-preview:large, max-video-preview:-1\" \/>\n<link rel=\"canonical\" href=\"https:\/\/airbrakehose.com\/fr\/politique-dexpedition\/\" \/>\n<meta property=\"og:locale\" content=\"fr_FR\" \/>\n<meta property=\"og:type\" content=\"article\" \/>\n<meta property=\"og:title\" content=\"Politique d&#039;exp\u00e9dition\" \/>\n<meta property=\"og:description\" content=\"Veuillez consulter la politique d&#039;exp\u00e9dition d&#039;Aoke Auto Parts. Nous proposons une livraison internationale par transport express (DHL\/FedEx) et par voie maritime depuis le port de Tianjin. Nous acceptons les conditions FOB, CIF et EXW.\" \/>\n<meta property=\"og:url\" content=\"https:\/\/airbrakehose.com\/fr\/politique-dexpedition\/\" \/>\n<meta property=\"og:site_name\" content=\"Victory Tech.\" \/>\n<meta property=\"article:publisher\" content=\"https:\/\/www.facebook.com\/aokeautoparts\" \/>\n<meta property=\"article:modified_time\" content=\"2026-02-06T16:09:58+00:00\" \/>\n<meta name=\"twitter:card\" content=\"summary_large_image\" \/>\n<meta name=\"twitter:label1\" content=\"Dur\u00e9e de lecture estim\u00e9e\" \/>\n\t<meta name=\"twitter:data1\" content=\"3 minutes\" \/>\n<script type=\"application\/ld+json\" class=\"yoast-schema-graph\">{\"@context\":\"https:\/\/schema.org\",\"@graph\":[{\"@type\":\"WebPage\",\"@id\":\"https:\/\/airbrakehose.com\/fr\/politique-dexpedition\/\",\"url\":\"https:\/\/airbrakehose.com\/fr\/politique-dexpedition\/\",\"name\":\"Politique d'exp\u00e9dition et de livraison | Logistique B2B internationale - Aoke\",\"isPartOf\":{\"@id\":\"https:\/\/airbrakehose.com\/fr\/#website\"},\"datePublished\":\"2025-12-06T15:03:57+00:00\",\"dateModified\":\"2026-02-06T16:09:58+00:00\",\"description\":\"Veuillez consulter la politique d'exp\u00e9dition d'Aoke Auto Parts. Nous proposons une livraison internationale par transport express (DHL\/FedEx) et par voie maritime depuis le port de Tianjin. Nous acceptons les conditions FOB, CIF et EXW.\",\"breadcrumb\":{\"@id\":\"https:\/\/airbrakehose.com\/fr\/politique-dexpedition\/#breadcrumb\"},\"inLanguage\":\"fr-FR\",\"potentialAction\":[{\"@type\":\"ReadAction\",\"target\":[\"https:\/\/airbrakehose.com\/fr\/politique-dexpedition\/\"]}]},{\"@type\":\"BreadcrumbList\",\"@id\":\"https:\/\/airbrakehose.com\/fr\/politique-dexpedition\/#breadcrumb\",\"itemListElement\":[{\"@type\":\"ListItem\",\"position\":1,\"name\":\"\u9996\u9875\",\"item\":\"https:\/\/airbrakehose.com\/fr\/maison\/\"},{\"@type\":\"ListItem\",\"position\":2,\"name\":\"Politique d&#8217;exp\u00e9dition\"}]},{\"@type\":\"WebSite\",\"@id\":\"https:\/\/airbrakehose.com\/fr\/#website\",\"url\":\"https:\/\/airbrakehose.com\/fr\/\",\"name\":\"Victory Technology\",\"description\":\"Industrial Hose &amp; Air Brake Solutions\",\"potentialAction\":[{\"@type\":\"SearchAction\",\"target\":{\"@type\":\"EntryPoint\",\"urlTemplate\":\"https:\/\/airbrakehose.com\/fr\/?s={search_term_string}\"},\"query-input\":{\"@type\":\"PropertyValueSpecification\",\"valueRequired\":true,\"valueName\":\"search_term_string\"}}],\"inLanguage\":\"fr-FR\"}]}<\/script>\n<!-- \/ Yoast SEO Premium plugin. -->","yoast_head_json":{"title":"Politique d'exp\u00e9dition et de livraison | Logistique B2B internationale - Aoke","description":"Veuillez consulter la politique d'exp\u00e9dition d'Aoke Auto Parts. Nous proposons une livraison internationale par transport express (DHL\/FedEx) et par voie maritime depuis le port de Tianjin. Nous acceptons les conditions FOB, CIF et EXW.","robots":{"index":"index","follow":"follow","max-snippet":"max-snippet:-1","max-image-preview":"max-image-preview:large","max-video-preview":"max-video-preview:-1"},"canonical":"https:\/\/airbrakehose.com\/fr\/politique-dexpedition\/","og_locale":"fr_FR","og_type":"article","og_title":"Politique d'exp\u00e9dition","og_description":"Veuillez consulter la politique d'exp\u00e9dition d'Aoke Auto Parts. Nous proposons une livraison internationale par transport express (DHL\/FedEx) et par voie maritime depuis le port de Tianjin. Nous acceptons les conditions FOB, CIF et EXW.","og_url":"https:\/\/airbrakehose.com\/fr\/politique-dexpedition\/","og_site_name":"Victory Tech.","article_publisher":"https:\/\/www.facebook.com\/aokeautoparts","article_modified_time":"2026-02-06T16:09:58+00:00","twitter_card":"summary_large_image","twitter_misc":{"Dur\u00e9e de lecture estim\u00e9e":"3 minutes"},"schema":{"@context":"https:\/\/schema.org","@graph":[{"@type":"WebPage","@id":"https:\/\/airbrakehose.com\/fr\/politique-dexpedition\/","url":"https:\/\/airbrakehose.com\/fr\/politique-dexpedition\/","name":"Politique d'exp\u00e9dition et de livraison | Logistique B2B internationale - Aoke","isPartOf":{"@id":"https:\/\/airbrakehose.com\/fr\/#website"},"datePublished":"2025-12-06T15:03:57+00:00","dateModified":"2026-02-06T16:09:58+00:00","description":"Veuillez consulter la politique d'exp\u00e9dition d'Aoke Auto Parts. Nous proposons une livraison internationale par transport express (DHL\/FedEx) et par voie maritime depuis le port de Tianjin. Nous acceptons les conditions FOB, CIF et EXW.","breadcrumb":{"@id":"https:\/\/airbrakehose.com\/fr\/politique-dexpedition\/#breadcrumb"},"inLanguage":"fr-FR","potentialAction":[{"@type":"ReadAction","target":["https:\/\/airbrakehose.com\/fr\/politique-dexpedition\/"]}]},{"@type":"BreadcrumbList","@id":"https:\/\/airbrakehose.com\/fr\/politique-dexpedition\/#breadcrumb","itemListElement":[{"@type":"ListItem","position":1,"name":"\u9996\u9875","item":"https:\/\/airbrakehose.com\/fr\/maison\/"},{"@type":"ListItem","position":2,"name":"Politique d&#8217;exp\u00e9dition"}]},{"@type":"WebSite","@id":"https:\/\/airbrakehose.com\/fr\/#website","url":"https:\/\/airbrakehose.com\/fr\/","name":"Victory Technology","description":"Industrial Hose &amp; Air Brake Solutions","potentialAction":[{"@type":"SearchAction","target":{"@type":"EntryPoint","urlTemplate":"https:\/\/airbrakehose.com\/fr\/?s={search_term_string}"},"query-input":{"@type":"PropertyValueSpecification","valueRequired":true,"valueName":"search_term_string"}}],"inLanguage":"fr-FR"}]}},"_links":{"self":[{"href":"https:\/\/airbrakehose.com\/fr\/wp-json\/wp\/v2\/pages\/5855","targetHints":{"allow":["GET"]}}],"collection":[{"href":"https:\/\/airbrakehose.com\/fr\/wp-json\/wp\/v2\/pages"}],"about":[{"href":"https:\/\/airbrakehose.com\/fr\/wp-json\/wp\/v2\/types\/page"}],"author":[{"embeddable":true,"href":"https:\/\/airbrakehose.com\/fr\/wp-json\/wp\/v2\/users\/1"}],"replies":[{"embeddable":true,"href":"https:\/\/airbrakehose.com\/fr\/wp-json\/wp\/v2\/comments?post=5855"}],"version-history":[{"count":1,"href":"https:\/\/airbrakehose.com\/fr\/wp-json\/wp\/v2\/pages\/5855\/revisions"}],"predecessor-version":[{"id":5856,"href":"https:\/\/airbrakehose.com\/fr\/wp-json\/wp\/v2\/pages\/5855\/revisions\/5856"}],"wp:attachment":[{"href":"https:\/\/airbrakehose.com\/fr\/wp-json\/wp\/v2\/media?parent=5855"}],"curies":[{"name":"wp","href":"https:\/\/api.w.org\/{rel}","templated":true}]}}