{"id":4396,"date":"2025-12-11T03:30:32","date_gmt":"2025-12-11T03:30:32","guid":{"rendered":"https:\/\/airbrakehose.com\/product\/juego-de-enchufes-y-tomas-de-plastico-de-7-pines-para-remolques-conectores-electricos-ligeros-para-sistemas-de-camiones-y-remolques\/"},"modified":"2025-12-11T03:30:32","modified_gmt":"2025-12-11T03:30:32","slug":"juego-de-enchufes-y-tomas-de-plastico-de-7-pines-para-remolques-conectores-electricos-ligeros-para-sistemas-de-camiones-y-remolques","status":"publish","type":"product","link":"https:\/\/airbrakehose.com\/es\/producto\/juego-de-enchufes-y-tomas-de-plastico-de-7-pines-para-remolques-conectores-electricos-ligeros-para-sistemas-de-camiones-y-remolques\/","title":{"rendered":"Juego de enchufes y tomas de pl\u00e1stico de 7 pines para remolques, conectores el\u00e9ctricos ligeros para sistemas de camiones y remolques."},"content":{"rendered":"<h3 data-path-to-node=\"7\">\ud83d\udccc Descripci\u00f3n general del producto<\/h3>\n<p data-path-to-node=\"8\"><b data-path-to-node=\"8\" data-index-in-node=\"0\">La soluci\u00f3n de conexi\u00f3n a prueba de corrosi\u00f3n.<\/b><\/p>\n<p data-path-to-node=\"9\">Los conectores met\u00e1licos se corroen con el tiempo, pero el pl\u00e1stico es duradero. El juego de enchufes y tomas de pl\u00e1stico de 7 pines de Victory Technology es la alternativa ligera y resistente a la corrosi\u00f3n para camiones y remolques que operan en entornos hostiles.<\/p>\n<p data-path-to-node=\"10\">Dise\u00f1ado seg\u00fan las normas ISO 1185 (Tipo N) e ISO 3731 (Tipo S), este conjunto garantiza una conexi\u00f3n fiable para sus luces traseras, luces de freno y direccionales. Fabricado en nuestras instalaciones de Zhuji Aoke con pl\u00e1stico reforzado de grado automotriz, la carcasa es resistente a la sal de la carretera, la humedad y los productos qu\u00edmicos suaves, lo que lo convierte en la opci\u00f3n ideal para flotas costeras y operaciones invernales. <\/p>\n<hr data-path-to-node=\"11\">\n<h3 data-path-to-node=\"12\">\ud83d\udd39 \u00bfPor qu\u00e9 elegir los conectores pl\u00e1sticos Victory?<\/h3>\n<ul data-path-to-node=\"13\">\n<li>\u2705 100 % antioxidante y anticorrosivo: La mayor ventaja del pl\u00e1stico. A diferencia de la aleaci\u00f3n de zinc, esta carcasa de pl\u00e1stico de alta resistencia nunca se oxida ni se agarrota. Es la opci\u00f3n preferida para remolques de embarcaciones, pulverizadores agr\u00edcolas y camiones que circulan por carreteras con sal.  <\/li>\n<li>\u2705 Compatibilidad con la norma ISO: Ajuste universal. Ya sea que necesite reemplazar un enchufe da\u00f1ado en un tractor agr\u00edcola o un semirremolque, nuestros conectores cumplen con las configuraciones de cableado est\u00e1ndar de 7 pines (12 V\/24 V), lo que garantiza la compatibilidad con los sistemas existentes. <\/li>\n<li>Terminales de lat\u00f3n de alta conductividad: Cuerpo de pl\u00e1stico, componentes internos de primera calidad. Utilizamos pines y terminales de lat\u00f3n macizo para garantizar una baja resistencia el\u00e9ctrica y una transmisi\u00f3n de se\u00f1al estable para sus circuitos de iluminaci\u00f3n. <\/li>\n<li>\u2705 Dise\u00f1o resistente a la intemperie: El enchufe cuenta con una solapa con resorte que se cierra herm\u00e9ticamente para impedir la entrada de suciedad y agua al desacoplarlo. El enchufe incluye una abrazadera de cable segura para evitar la tensi\u00f3n del cable y la entrada de agua. <\/li>\n<\/ul>\n<hr data-path-to-node=\"14\">\n<h3 data-path-to-node=\"15\">\ud83d\udd38 Especificaciones t\u00e9cnicas<\/h3>\n<p data-path-to-node=\"16\"><i data-path-to-node=\"16\" data-index-in-node=\"0\">Ligero y duradero.<\/i><\/p>\n<table data-path-to-node=\"17\">\n<thead>\n<tr>\n<td>Caracter\u00edstica<\/td>\n<td>Especificaci\u00f3n<\/td>\n<\/tr>\n<\/thead>\n<tbody>\n<tr>\n<td>Norma<\/td>\n<td>ISO 1185 (Tipo N) \/ ISO 3731 (Tipo S)<\/td>\n<\/tr>\n<tr>\n<td>Material de la carcasa<\/td>\n<td>Pl\u00e1stico de ingenier\u00eda reforzado (negro)<\/td>\n<\/tr>\n<tr>\n<td>Voltaje<\/td>\n<td>Compatible con 12 V\/24 V<\/td>\n<\/tr>\n<tr>\n<td>N\u00famero de pines<\/td>\n<td>7 pines (lat\u00f3n)<\/td>\n<\/tr>\n<tr>\n<td>Montaje<\/td>\n<td>Brida est\u00e1ndar de 2 o 3 orificios<\/td>\n<\/tr>\n<tr>\n<td>Protecci\u00f3n<\/td>\n<td>Resistente a la corrosi\u00f3n, la sal y los impactos<\/td>\n<\/tr>\n<tr>\n<td>Conexi\u00f3n<\/td>\n<td>Terminales de tornillo (cableado sencillo)<\/td>\n<\/tr>\n<\/tbody>\n<\/table>\n<hr data-path-to-node=\"18\">\n<h3 data-path-to-node=\"19\">\ud83d\udd39 Aplicaciones<\/h3>\n<ul data-path-to-node=\"20\">\n<li>\n<p data-path-to-node=\"20,0,0\">Remolques para embarcaciones y veh\u00edculos utilitarios: donde la resistencia a la corrosi\u00f3n es fundamental.<\/p>\n<\/li>\n<li>\n<p data-path-to-node=\"20,1,0\">Maquinaria Agr\u00edcola: Tractores y cosechadoras expuestas a fertilizantes.<\/p>\n<\/li>\n<li>\n<p data-path-to-node=\"20,2,0\">Camiones comerciales: Conexiones de iluminaci\u00f3n general para furgones secos y plataformas.<\/p>\n<\/li>\n<li>\n<p data-path-to-node=\"20,3,0\">Caravanas y veh\u00edculos recreativos: Conexiones de remolque ligeras.<\/p>\n<\/li>\n<\/ul>\n<hr data-path-to-node=\"21\">\n<h3 data-path-to-node=\"22\">\ud83d\udce6 Embalaje directo de f\u00e1brica (B2B)<\/h3>\n<p data-path-to-node=\"23\">Victory Technology ofrece embalajes flexibles para mayoristas:<\/p>\n<ul data-path-to-node=\"24\">\n<li>\n<p data-path-to-node=\"24,0,0\">Conjunto de venta al p\u00fablico: 1 enchufe + 1 toma por bolsa de polietileno con tarjeta de encabezado.<\/p>\n<\/li>\n<li>\n<p data-path-to-node=\"24,1,0\">Cajas a granel: 50 a 100 juegos por caja (12 a 18 kg).<\/p>\n<\/li>\n<li>\n<p data-path-to-node=\"24,2,0\">Personalizaci\u00f3n OEM: Podemos pegar su c\u00f3digo de barras o etiqueta de logotipo en el embalaje.<\/p>\n<\/li>\n<\/ul>\n<hr data-path-to-node=\"25\">\n<h3 data-path-to-node=\"26\">\ud83d\ude80 Obtenga una cotizaci\u00f3n de precio de f\u00e1brica ahora<\/h3>\n<p>\u00bfListo para ordenar? Ofrecemos la mejor relaci\u00f3n calidad-precio en conectores de pl\u00e1stico al por mayor. <\/p>\n<p>Complete el formulario a continuaci\u00f3n para obtener nuestro \u00faltimo cat\u00e1logo y lista de precios al por mayor.<\/p>\n<p data-path-to-node=\"28\"><code data-path-to-node=\"28\" data-index-in-node=\"0\"><div class=\"wpforms-container \" id=\"wpforms-2617\"><form id=\"wpforms-form-2617\" class=\"wpforms-validate wpforms-form wpforms-ajax-form\" data-formid=\"2617\" method=\"post\" enctype=\"multipart\/form-data\" action=\"\/es\/wp-json\/wp\/v2\/product\/4396\" data-token=\"c7d056d39c4baae7c2ba3200633bf99d\" data-token-time=\"1776759915\"><noscript class=\"wpforms-error-noscript\">Por favor, activa JavaScript en tu navegador para completar este formulario.<\/noscript><div class=\"wpforms-field-container\"><div id=\"wpforms-2617-field_1-container\" class=\"wpforms-field wpforms-field-name\" data-field-id=\"1\"><label class=\"wpforms-field-label\" for=\"wpforms-2617-field_1\">Nombre <span class=\"wpforms-required-label\">*<\/span><\/label><input type=\"text\" id=\"wpforms-2617-field_1\" class=\"wpforms-field-large wpforms-field-required\" name=\"wpforms[fields][1]\" required><\/div><div id=\"wpforms-2617-field_2-container\" class=\"wpforms-field wpforms-field-email\" data-field-id=\"2\"><label class=\"wpforms-field-label\" for=\"wpforms-2617-field_2\">Correo electr\u00f3nico <span class=\"wpforms-required-label\">*<\/span><\/label><input type=\"email\" id=\"wpforms-2617-field_2\" class=\"wpforms-field-large wpforms-field-required\" name=\"wpforms[fields][2]\" spellcheck=\"false\" required><\/div><div id=\"wpforms-2617-field_4-container\" class=\"wpforms-field wpforms-field-text\" data-field-id=\"4\"><label class=\"wpforms-field-label\" for=\"wpforms-2617-field_4\">Tel.<\/label><input type=\"text\" id=\"wpforms-2617-field_4\" class=\"wpforms-field-medium\" name=\"wpforms[fields][4]\" ><\/div><div id=\"wpforms-2617-field_3-container\" class=\"wpforms-field wpforms-field-textarea\" data-field-id=\"3\"><label class=\"wpforms-field-label\" for=\"wpforms-2617-field_3\"> Mensaje<\/label><textarea id=\"wpforms-2617-field_3\" class=\"wpforms-field-medium\" name=\"wpforms[fields][3]\" ><\/textarea><\/div><\/div><!-- .wpforms-field-container --><div class=\"wpforms-submit-container\" ><input type=\"hidden\" name=\"wpforms[id]\" value=\"2617\"><input type=\"hidden\" name=\"page_title\" value=\"\"><input type=\"hidden\" name=\"page_url\" value=\"https:\/\/airbrakehose.com\/es\/wp-json\/wp\/v2\/product\/4396\"><input type=\"hidden\" name=\"url_referer\" value=\"\"><button type=\"submit\" name=\"wpforms[submit]\" id=\"wpforms-submit-2617\" class=\"wpforms-submit\" data-alt-text=\"Enviando...\" data-submit-text=\"Enviar mensaje\" aria-live=\"assertive\" value=\"wpforms-submit\">Enviar mensaje<\/button><img decoding=\"async\" src=\"https:\/\/airbrakehose.com\/wp-content\/plugins\/wpforms\/assets\/images\/submit-spin.svg\" class=\"wpforms-submit-spinner\" style=\"display: none;\" width=\"26\" height=\"26\" alt=\"Cargando\"><\/div><\/form><\/div>  <!-- .wpforms-container --><\/code><\/p>\n<p data-path-to-node=\"28\">\n<p data-path-to-node=\"28\"><a href=\"http:\/\/%22Need%20something%20for%20heavy-duty%20impact%20resistance?%20Check%20out%20our%20%5BMetal%207-Pin%20Set%5D.%22\"><strong>\u00abNeed something for heavy-duty impact resistance? Check out our [Metal 7-Pin Set].\u00bb<\/strong><\/a><\/p>\n","protected":false},"excerpt":{"rendered":"<p data-path-to-node=\"32\"><b data-path-to-node=\"32\" data-index-in-node=\"0\">Plastic 7-Pin Trailer Plug &amp; Socket Set (ISO Standard).<\/b><\/p>\n<p data-path-to-node=\"33\">Kit de conectores ligero y resistente a la corrosi\u00f3n para sistemas de 12 V\/24 V.<\/p>\n<ul data-path-to-node=\"34\">\n<li>\n<p data-path-to-node=\"34,0,0\">Material: Pl\u00e1stico reforzado (a prueba de \u00f3xido).<\/p>\n<\/li>\n<li>\n<p data-path-to-node=\"34,1,0\">Est\u00e1ndar: Compatible con ISO 1185 \/ 3731.<\/p>\n<\/li>\n<li>\n<p data-path-to-node=\"34,2,0\">Pines: 7 terminales de lat\u00f3n.<\/p>\n<\/li>\n<li>\n<p data-path-to-node=\"34,3,0\">Caracter\u00edstica: Tapa con resorte y abrazadera para cable.<\/p>\n<\/li>\n<li>\n<p data-path-to-node=\"34,4,0\">Usados: Camiones, Remolques, Agricultura, Marina.<\/p>\n<\/li>\n<\/ul>\n<p data-path-to-node=\"35\"><b data-path-to-node=\"35\" data-index-in-node=\"0\">En stock y listo para enviar.<\/b><\/p>\n","protected":false},"featured_media":3443,"template":"","meta":{"_monsterinsights_skip_tracking":false,"_monsterinsights_sitenote_active":false,"_monsterinsights_sitenote_note":"","_monsterinsights_sitenote_category":0,"site-sidebar-layout":"default","site-content-layout":"","ast-site-content-layout":"default","site-content-style":"default","site-sidebar-style":"default","ast-global-header-display":"","ast-banner-title-visibility":"","ast-main-header-display":"","ast-hfb-above-header-display":"","ast-hfb-below-header-display":"","ast-hfb-mobile-header-display":"","site-post-title":"","ast-breadcrumbs-content":"","ast-featured-img":"","footer-sml-layout":"","ast-disable-related-posts":"","theme-transparent-header-meta":"default","adv-header-id-meta":"","stick-header-meta":"","header-above-stick-meta":"","header-main-stick-meta":"","header-below-stick-meta":"","astra-migrate-meta-layouts":"default","ast-page-background-enabled":"default","ast-page-background-meta":{"desktop":{"background-color":"","background-image":"","background-repeat":"repeat","background-position":"center center","background-size":"auto","background-attachment":"scroll","background-type":"","background-media":"","overlay-type":"","overlay-color":"","overlay-opacity":"","overlay-gradient":""},"tablet":{"background-color":"","background-image":"","background-repeat":"repeat","background-position":"center center","background-size":"auto","background-attachment":"scroll","background-type":"","background-media":"","overlay-type":"","overlay-color":"","overlay-opacity":"","overlay-gradient":""},"mobile":{"background-color":"","background-image":"","background-repeat":"repeat","background-position":"center center","background-size":"auto","background-attachment":"scroll","background-type":"","background-media":"","overlay-type":"","overlay-color":"","overlay-opacity":"","overlay-gradient":""}},"ast-content-background-meta":{"desktop":{"background-color":"var(--ast-global-color-5)","background-image":"","background-repeat":"repeat","background-position":"center center","background-size":"auto","background-attachment":"scroll","background-type":"","background-media":"","overlay-type":"","overlay-color":"","overlay-opacity":"","overlay-gradient":""},"tablet":{"background-color":"var(--ast-global-color-5)","background-image":"","background-repeat":"repeat","background-position":"center center","background-size":"auto","background-attachment":"scroll","background-type":"","background-media":"","overlay-type":"","overlay-color":"","overlay-opacity":"","overlay-gradient":""},"mobile":{"background-color":"var(--ast-global-color-5)","background-image":"","background-repeat":"repeat","background-position":"center center","background-size":"auto","background-attachment":"scroll","background-type":"","background-media":"","overlay-type":"","overlay-color":"","overlay-opacity":"","overlay-gradient":""}},"_joinchat":[]},"product_brand":[1193],"product_cat":[1749,2182],"product_tag":[3537,3534,3528,3519,3540,3532,3526,3529,3539,3536,3535,3531,3538,2328,3527,3533,3530],"class_list":{"0":"post-4396","1":"product","2":"type-product","3":"status-publish","4":"has-post-thumbnail","6":"product_brand-victory-tech","7":"product_cat-cables-y-enchufes-electricos-para-remolques","8":"product_cat-enchufes-tomas-de-corriente-y-adaptadores","9":"product_tag-conector-a-prueba-de-corrosion","10":"product_tag-conector-de-remolque-de-7-vias","11":"product_tag-conector-de-remolque-iso-1185","12":"product_tag-conector-electrico-de-remolque-de-7-nucleos","13":"product_tag-enchufe-de-remolque-de-12-v","14":"product_tag-enchufe-de-remolque-de-7-pines","15":"product_tag-enchufe-de-remolque-de-plastico-de-7-pines","16":"product_tag-enchufe-del-cableado-del-remolque-del-camion","17":"product_tag-enchufe-para-remolque-de-barco","18":"product_tag-enchufe-tipo-n","19":"product_tag-iso-1185","20":"product_tag-juego-de-enchufe-y-toma-de-remolque-ligero","21":"product_tag-piezas-de-cableado-del-remolque","22":"product_tag-tecnologia-de-la-victoria","23":"product_tag-toma-de-corriente-de-plastico-para-remolque-de-7-pines","24":"product_tag-toma-de-plastico-para-remolque","25":"product_tag-toma-de-remolque-impermeable","26":"desktop-align-left","27":"tablet-align-left","28":"mobile-align-left","30":"first","31":"instock","32":"shipping-taxable","33":"product-type-simple"},"yoast_head":"<!-- This site is optimized with the Yoast SEO Premium plugin v26.4 (Yoast SEO v27.0) - https:\/\/yoast.com\/product\/yoast-seo-premium-wordpress\/ -->\n<title>Juego de enchufe y toma de corriente para remolque de 7 pines (pl\u00e1stico) - Resistente a la corrosi\u00f3n | Victory Tech<\/title>\n<meta name=\"description\" content=\"Compre juegos de enchufes y tomas de pl\u00e1stico de 7 pines para remolques. Conectores ISO 1185 resistentes a la corrosi\u00f3n, ideales para uso costero y agr\u00edcola. Ligeros y duraderos. Directo de f\u00e1brica.\" \/>\n<meta name=\"robots\" content=\"index, follow, max-snippet:-1, max-image-preview:large, max-video-preview:-1\" \/>\n<link rel=\"canonical\" href=\"https:\/\/airbrakehose.com\/es\/producto\/juego-de-enchufes-y-tomas-de-plastico-de-7-pines-para-remolques-conectores-electricos-ligeros-para-sistemas-de-camiones-y-remolques\/\" \/>\n<meta property=\"og:locale\" content=\"es_ES\" \/>\n<meta property=\"og:type\" content=\"article\" \/>\n<meta property=\"og:title\" content=\"Juego de enchufes y tomas de pl\u00e1stico de 7 pines para remolques, conectores el\u00e9ctricos ligeros para sistemas de camiones y remolques.\" \/>\n<meta property=\"og:description\" content=\"Compre juegos de enchufes y tomas de pl\u00e1stico de 7 pines para remolques. Conectores ISO 1185 resistentes a la corrosi\u00f3n, ideales para uso costero y agr\u00edcola. Ligeros y duraderos. Directo de f\u00e1brica.\" \/>\n<meta property=\"og:url\" content=\"https:\/\/airbrakehose.com\/es\/producto\/juego-de-enchufes-y-tomas-de-plastico-de-7-pines-para-remolques-conectores-electricos-ligeros-para-sistemas-de-camiones-y-remolques\/\" \/>\n<meta property=\"og:site_name\" content=\"Victory Tech.\" \/>\n<meta property=\"article:publisher\" content=\"https:\/\/www.facebook.com\/aokeautoparts\" \/>\n<meta property=\"og:image\" content=\"https:\/\/airbrakehose.com\/wp-content\/uploads\/2025\/12\/\u5fae\u4fe1\u56fe\u7247_20250310175832.jpg\" \/>\n\t<meta property=\"og:image:width\" content=\"800\" \/>\n\t<meta property=\"og:image:height\" content=\"800\" \/>\n\t<meta property=\"og:image:type\" content=\"image\/jpeg\" \/>\n<meta name=\"twitter:card\" content=\"summary_large_image\" \/>\n<meta name=\"twitter:label1\" content=\"Tiempo de lectura\" \/>\n\t<meta name=\"twitter:data1\" content=\"3 minutos\" \/>\n<script type=\"application\/ld+json\" class=\"yoast-schema-graph\">{\"@context\":\"https:\/\/schema.org\",\"@graph\":[{\"@type\":\"WebPage\",\"@id\":\"https:\/\/airbrakehose.com\/es\/producto\/juego-de-enchufes-y-tomas-de-plastico-de-7-pines-para-remolques-conectores-electricos-ligeros-para-sistemas-de-camiones-y-remolques\/\",\"url\":\"https:\/\/airbrakehose.com\/es\/producto\/juego-de-enchufes-y-tomas-de-plastico-de-7-pines-para-remolques-conectores-electricos-ligeros-para-sistemas-de-camiones-y-remolques\/\",\"name\":\"Juego de enchufe y toma de corriente para remolque de 7 pines (pl\u00e1stico) - Resistente a la corrosi\u00f3n | Victory Tech\",\"isPartOf\":{\"@id\":\"https:\/\/airbrakehose.com\/es\/#website\"},\"primaryImageOfPage\":{\"@id\":\"https:\/\/airbrakehose.com\/es\/producto\/juego-de-enchufes-y-tomas-de-plastico-de-7-pines-para-remolques-conectores-electricos-ligeros-para-sistemas-de-camiones-y-remolques\/#primaryimage\"},\"image\":{\"@id\":\"https:\/\/airbrakehose.com\/es\/producto\/juego-de-enchufes-y-tomas-de-plastico-de-7-pines-para-remolques-conectores-electricos-ligeros-para-sistemas-de-camiones-y-remolques\/#primaryimage\"},\"thumbnailUrl\":\"https:\/\/airbrakehose.com\/wp-content\/uploads\/2025\/12\/\u5fae\u4fe1\u56fe\u7247_20250310175832.jpg\",\"datePublished\":\"2025-12-11T03:30:32+00:00\",\"description\":\"Compre juegos de enchufes y tomas de pl\u00e1stico de 7 pines para remolques. Conectores ISO 1185 resistentes a la corrosi\u00f3n, ideales para uso costero y agr\u00edcola. Ligeros y duraderos. Directo de f\u00e1brica.\",\"breadcrumb\":{\"@id\":\"https:\/\/airbrakehose.com\/es\/producto\/juego-de-enchufes-y-tomas-de-plastico-de-7-pines-para-remolques-conectores-electricos-ligeros-para-sistemas-de-camiones-y-remolques\/#breadcrumb\"},\"inLanguage\":\"es\",\"potentialAction\":[{\"@type\":\"ReadAction\",\"target\":[\"https:\/\/airbrakehose.com\/es\/producto\/juego-de-enchufes-y-tomas-de-plastico-de-7-pines-para-remolques-conectores-electricos-ligeros-para-sistemas-de-camiones-y-remolques\/\"]}]},{\"@type\":\"ImageObject\",\"inLanguage\":\"es\",\"@id\":\"https:\/\/airbrakehose.com\/es\/producto\/juego-de-enchufes-y-tomas-de-plastico-de-7-pines-para-remolques-conectores-electricos-ligeros-para-sistemas-de-camiones-y-remolques\/#primaryimage\",\"url\":\"https:\/\/airbrakehose.com\/wp-content\/uploads\/2025\/12\/\u5fae\u4fe1\u56fe\u7247_20250310175832.jpg\",\"contentUrl\":\"https:\/\/airbrakehose.com\/wp-content\/uploads\/2025\/12\/\u5fae\u4fe1\u56fe\u7247_20250310175832.jpg\",\"width\":800,\"height\":800},{\"@type\":\"BreadcrumbList\",\"@id\":\"https:\/\/airbrakehose.com\/es\/producto\/juego-de-enchufes-y-tomas-de-plastico-de-7-pines-para-remolques-conectores-electricos-ligeros-para-sistemas-de-camiones-y-remolques\/#breadcrumb\",\"itemListElement\":[{\"@type\":\"ListItem\",\"position\":1,\"name\":\"\u9996\u9875\",\"item\":\"https:\/\/airbrakehose.com\/es\/hogar\/\"},{\"@type\":\"ListItem\",\"position\":2,\"name\":\"Tienda\",\"item\":\"https:\/\/airbrakehose.com\/es\/tienda\/\"},{\"@type\":\"ListItem\",\"position\":3,\"name\":\"Juego de enchufes y tomas de pl\u00e1stico de 7 pines para remolques, conectores el\u00e9ctricos ligeros para sistemas de camiones y remolques.\"}]},{\"@type\":\"WebSite\",\"@id\":\"https:\/\/airbrakehose.com\/es\/#website\",\"url\":\"https:\/\/airbrakehose.com\/es\/\",\"name\":\"Victory Technology\",\"description\":\"Industrial Hose &amp; Air Brake Solutions\",\"potentialAction\":[{\"@type\":\"SearchAction\",\"target\":{\"@type\":\"EntryPoint\",\"urlTemplate\":\"https:\/\/airbrakehose.com\/es\/?s={search_term_string}\"},\"query-input\":{\"@type\":\"PropertyValueSpecification\",\"valueRequired\":true,\"valueName\":\"search_term_string\"}}],\"inLanguage\":\"es\"}]}<\/script>\n<!-- \/ Yoast SEO Premium plugin. -->","yoast_head_json":{"title":"Juego de enchufe y toma de corriente para remolque de 7 pines (pl\u00e1stico) - Resistente a la corrosi\u00f3n | Victory Tech","description":"Compre juegos de enchufes y tomas de pl\u00e1stico de 7 pines para remolques. Conectores ISO 1185 resistentes a la corrosi\u00f3n, ideales para uso costero y agr\u00edcola. Ligeros y duraderos. Directo de f\u00e1brica.","robots":{"index":"index","follow":"follow","max-snippet":"max-snippet:-1","max-image-preview":"max-image-preview:large","max-video-preview":"max-video-preview:-1"},"canonical":"https:\/\/airbrakehose.com\/es\/producto\/juego-de-enchufes-y-tomas-de-plastico-de-7-pines-para-remolques-conectores-electricos-ligeros-para-sistemas-de-camiones-y-remolques\/","og_locale":"es_ES","og_type":"article","og_title":"Juego de enchufes y tomas de pl\u00e1stico de 7 pines para remolques, conectores el\u00e9ctricos ligeros para sistemas de camiones y remolques.","og_description":"Compre juegos de enchufes y tomas de pl\u00e1stico de 7 pines para remolques. Conectores ISO 1185 resistentes a la corrosi\u00f3n, ideales para uso costero y agr\u00edcola. Ligeros y duraderos. Directo de f\u00e1brica.","og_url":"https:\/\/airbrakehose.com\/es\/producto\/juego-de-enchufes-y-tomas-de-plastico-de-7-pines-para-remolques-conectores-electricos-ligeros-para-sistemas-de-camiones-y-remolques\/","og_site_name":"Victory Tech.","article_publisher":"https:\/\/www.facebook.com\/aokeautoparts","og_image":[{"width":800,"height":800,"url":"https:\/\/airbrakehose.com\/wp-content\/uploads\/2025\/12\/\u5fae\u4fe1\u56fe\u7247_20250310175832.jpg","type":"image\/jpeg"}],"twitter_card":"summary_large_image","twitter_misc":{"Tiempo de lectura":"3 minutos"},"schema":{"@context":"https:\/\/schema.org","@graph":[{"@type":"WebPage","@id":"https:\/\/airbrakehose.com\/es\/producto\/juego-de-enchufes-y-tomas-de-plastico-de-7-pines-para-remolques-conectores-electricos-ligeros-para-sistemas-de-camiones-y-remolques\/","url":"https:\/\/airbrakehose.com\/es\/producto\/juego-de-enchufes-y-tomas-de-plastico-de-7-pines-para-remolques-conectores-electricos-ligeros-para-sistemas-de-camiones-y-remolques\/","name":"Juego de enchufe y toma de corriente para remolque de 7 pines (pl\u00e1stico) - Resistente a la corrosi\u00f3n | Victory Tech","isPartOf":{"@id":"https:\/\/airbrakehose.com\/es\/#website"},"primaryImageOfPage":{"@id":"https:\/\/airbrakehose.com\/es\/producto\/juego-de-enchufes-y-tomas-de-plastico-de-7-pines-para-remolques-conectores-electricos-ligeros-para-sistemas-de-camiones-y-remolques\/#primaryimage"},"image":{"@id":"https:\/\/airbrakehose.com\/es\/producto\/juego-de-enchufes-y-tomas-de-plastico-de-7-pines-para-remolques-conectores-electricos-ligeros-para-sistemas-de-camiones-y-remolques\/#primaryimage"},"thumbnailUrl":"https:\/\/airbrakehose.com\/wp-content\/uploads\/2025\/12\/\u5fae\u4fe1\u56fe\u7247_20250310175832.jpg","datePublished":"2025-12-11T03:30:32+00:00","description":"Compre juegos de enchufes y tomas de pl\u00e1stico de 7 pines para remolques. Conectores ISO 1185 resistentes a la corrosi\u00f3n, ideales para uso costero y agr\u00edcola. Ligeros y duraderos. Directo de f\u00e1brica.","breadcrumb":{"@id":"https:\/\/airbrakehose.com\/es\/producto\/juego-de-enchufes-y-tomas-de-plastico-de-7-pines-para-remolques-conectores-electricos-ligeros-para-sistemas-de-camiones-y-remolques\/#breadcrumb"},"inLanguage":"es","potentialAction":[{"@type":"ReadAction","target":["https:\/\/airbrakehose.com\/es\/producto\/juego-de-enchufes-y-tomas-de-plastico-de-7-pines-para-remolques-conectores-electricos-ligeros-para-sistemas-de-camiones-y-remolques\/"]}]},{"@type":"ImageObject","inLanguage":"es","@id":"https:\/\/airbrakehose.com\/es\/producto\/juego-de-enchufes-y-tomas-de-plastico-de-7-pines-para-remolques-conectores-electricos-ligeros-para-sistemas-de-camiones-y-remolques\/#primaryimage","url":"https:\/\/airbrakehose.com\/wp-content\/uploads\/2025\/12\/\u5fae\u4fe1\u56fe\u7247_20250310175832.jpg","contentUrl":"https:\/\/airbrakehose.com\/wp-content\/uploads\/2025\/12\/\u5fae\u4fe1\u56fe\u7247_20250310175832.jpg","width":800,"height":800},{"@type":"BreadcrumbList","@id":"https:\/\/airbrakehose.com\/es\/producto\/juego-de-enchufes-y-tomas-de-plastico-de-7-pines-para-remolques-conectores-electricos-ligeros-para-sistemas-de-camiones-y-remolques\/#breadcrumb","itemListElement":[{"@type":"ListItem","position":1,"name":"\u9996\u9875","item":"https:\/\/airbrakehose.com\/es\/hogar\/"},{"@type":"ListItem","position":2,"name":"Tienda","item":"https:\/\/airbrakehose.com\/es\/tienda\/"},{"@type":"ListItem","position":3,"name":"Juego de enchufes y tomas de pl\u00e1stico de 7 pines para remolques, conectores el\u00e9ctricos ligeros para sistemas de camiones y remolques."}]},{"@type":"WebSite","@id":"https:\/\/airbrakehose.com\/es\/#website","url":"https:\/\/airbrakehose.com\/es\/","name":"Victory Technology","description":"Industrial Hose &amp; Air Brake Solutions","potentialAction":[{"@type":"SearchAction","target":{"@type":"EntryPoint","urlTemplate":"https:\/\/airbrakehose.com\/es\/?s={search_term_string}"},"query-input":{"@type":"PropertyValueSpecification","valueRequired":true,"valueName":"search_term_string"}}],"inLanguage":"es"}]}},"_links":{"self":[{"href":"https:\/\/airbrakehose.com\/es\/wp-json\/wp\/v2\/product\/4396","targetHints":{"allow":["GET"]}}],"collection":[{"href":"https:\/\/airbrakehose.com\/es\/wp-json\/wp\/v2\/product"}],"about":[{"href":"https:\/\/airbrakehose.com\/es\/wp-json\/wp\/v2\/types\/product"}],"wp:featuredmedia":[{"embeddable":true,"href":"https:\/\/airbrakehose.com\/es\/wp-json\/wp\/v2\/media\/3443"}],"wp:attachment":[{"href":"https:\/\/airbrakehose.com\/es\/wp-json\/wp\/v2\/media?parent=4396"}],"wp:term":[{"taxonomy":"product_brand","embeddable":true,"href":"https:\/\/airbrakehose.com\/es\/wp-json\/wp\/v2\/product_brand?post=4396"},{"taxonomy":"product_cat","embeddable":true,"href":"https:\/\/airbrakehose.com\/es\/wp-json\/wp\/v2\/product_cat?post=4396"},{"taxonomy":"product_tag","embeddable":true,"href":"https:\/\/airbrakehose.com\/es\/wp-json\/wp\/v2\/product_tag?post=4396"}],"curies":[{"name":"wp","href":"https:\/\/api.w.org\/{rel}","templated":true}]}}