{"id":4393,"date":"2025-12-11T03:21:43","date_gmt":"2025-12-11T03:21:43","guid":{"rendered":"https:\/\/airbrakehose.com\/product\/juego-de-enchufe-y-toma-de-corriente-de-metal-para-remolque-de-7-pines-con-clavija-redonda-iso-1185-aleacion-de-zinc-de-alta-resistencia-victory-technology\/"},"modified":"2025-12-11T03:21:43","modified_gmt":"2025-12-11T03:21:43","slug":"juego-de-enchufe-y-toma-de-corriente-de-metal-para-remolque-de-7-pines-con-clavija-redonda-iso-1185-aleacion-de-zinc-de-alta-resistencia-victory-technology","status":"publish","type":"product","link":"https:\/\/airbrakehose.com\/es\/producto\/juego-de-enchufe-y-toma-de-corriente-de-metal-para-remolque-de-7-pines-con-clavija-redonda-iso-1185-aleacion-de-zinc-de-alta-resistencia-victory-technology\/","title":{"rendered":"Juego de enchufe y toma de corriente de metal para remolque de 7 pines (con clavija redonda ISO 1185) &#8211; Aleaci\u00f3n de zinc de alta resistencia | Victory Technology"},"content":{"rendered":"<h3 data-path-to-node=\"13\">\ud83d\udccc Descripci\u00f3n general del producto<\/h3>\n<p data-path-to-node=\"14\"><b data-path-to-node=\"14\" data-index-in-node=\"0\">El est\u00e1ndar mundial para remolque de servicio pesado.<\/b><\/p>\n<p data-path-to-node=\"15\">Una iluminaci\u00f3n fiable es crucial para la seguridad vial. Los conectores met\u00e1licos para remolque de 7 pines de Victory Technology est\u00e1n dise\u00f1ados seg\u00fan las rigurosas normas ISO 1185 (Tipo N) e ISO 3731 (Tipo S), lo que garantiza su compatibilidad universal con camiones europeos, maquinaria agr\u00edcola y flotas comerciales internacionales.<\/p>\n<p data-path-to-node=\"16\">Fabricados en nuestras instalaciones de Zhuji Aoke, estos conectores cuentan con robustas carcasas de aleaci\u00f3n de zinc fundido a presi\u00f3n que superan con creces la durabilidad de las alternativas de pl\u00e1stico. Ya sea que se utilicen en un tractor agr\u00edcola o en un semirremolque de larga distancia, su s\u00f3lida construcci\u00f3n met\u00e1lica resiste impactos, vibraciones y corrosi\u00f3n. <\/p>\n<ul data-path-to-node=\"17\">\n<li>\n<p data-path-to-node=\"17,0,0\">El est\u00e1ndar de la victoria: utilizamos terminales de lat\u00f3n de alta conductividad para garantizar una conexi\u00f3n el\u00e9ctrica estable para luces y energ\u00eda auxiliar, eliminando la ca\u00edda de voltaje.<\/p>\n<\/li>\n<\/ul>\n<hr data-path-to-node=\"18\">\n<h3 data-path-to-node=\"19\">\ud83d\udd39 \u00bfPor qu\u00e9 elegir Victory Metal Connectors?<\/h3>\n<ul data-path-to-node=\"20\">\n<li>\u2705 Carcasa de aleaci\u00f3n de zinc indestructible:\n<p>Dise\u00f1ado para largas distancias. Su robusta carcasa de metal fundido a presi\u00f3n protege el cableado interno de las fuerzas de aplastamiento y los residuos de la carretera. Es naturalmente resistente a la oxidaci\u00f3n y a la intemperie.  <\/li>\n<li>\u2705 Cumplimiento de la norma ISO (Pasador redondo):\n<p>Dise\u00f1ado para flotas globales. Totalmente compatible con las normas ISO 1185 (Normal &#8211; Negro) e ISO 3731 (Suplementario &#8211; Blanco) con la configuraci\u00f3n redonda est\u00e1ndar de 7 pines. Ideal para sistemas de 12 V y 24 V.  <\/li>\n<li>\u2705 Dise\u00f1o resistente a la intemperie:\n<p>El enchufe cuenta con una robusta tapa met\u00e1lica con resorte y junta de goma. Se cierra autom\u00e1ticamente al desconectarse, impidiendo la entrada de polvo, lluvia y barro, evitando la corrosi\u00f3n de los terminales. <\/li>\n<li>\u2705 Abrazadera de cable segura:<br \/>El conector incluye una abrazadera trasera de alta resistencia (aliviador de tensi\u00f3n) que sujeta firmemente la cubierta del cable, evitando que los cables se salgan de los terminales durante el movimiento del veh\u00edculo.<\/li>\n<\/ul>\n<hr data-path-to-node=\"21\">\n<h3 data-path-to-node=\"22\">\ud83d\udd38 Especificaciones t\u00e9cnicas<\/h3>\n<p data-path-to-node=\"23\"><i data-path-to-node=\"23\" data-index-in-node=\"0\">Dise\u00f1ado con precisi\u00f3n para compatibilidad global.<\/i><\/p>\n<table data-path-to-node=\"24\">\n<thead>\n<tr>\n<td>Caracter\u00edstica<\/td>\n<td>Especificaci\u00f3n<\/td>\n<\/tr>\n<\/thead>\n<tbody>\n<tr>\n<td>Material (Carcasa)<\/td>\n<td>Aleaci\u00f3n de zinc de alta resistencia (metal fundido a presi\u00f3n)<\/td>\n<\/tr>\n<tr>\n<td>Material de contacto<\/td>\n<td>Pines de lat\u00f3n de alta conductividad (redondos)<\/td>\n<\/tr>\n<tr>\n<td>Norma<\/td>\n<td>ISO 1185 (Tipo N) \/ ISO 3731 (Tipo S)<\/td>\n<\/tr>\n<tr>\n<td>Voltaje<\/td>\n<td>Compatible con 12 V\/24 V<\/td>\n<\/tr>\n<tr>\n<td>Montaje<\/td>\n<td>Brida est\u00e1ndar de 2 o 3 orificios (enchufe)<\/td>\n<\/tr>\n<tr>\n<td>Protecci\u00f3n<\/td>\n<td>Resistente al polvo y al agua (tapa con resorte)<\/td>\n<\/tr>\n<tr>\n<td>Conexi\u00f3n<\/td>\n<td>Terminales de tornillo (f\u00e1cil instalaci\u00f3n en campo)<\/td>\n<\/tr>\n<\/tbody>\n<\/table>\n<hr data-path-to-node=\"25\">\n<h3 data-path-to-node=\"26\">\ud83d\udd39 Aplicaciones<\/h3>\n<ul data-path-to-node=\"27\">\n<li>\n<p data-path-to-node=\"27,0,0\">Veh\u00edculos comerciales: semirremolques y camiones de estilo europeo.<\/p>\n<\/li>\n<li>\n<p data-path-to-node=\"27,1,0\">Agr\u00edcola: Tractores, Cosechadoras y Remolques Agr\u00edcolas.<\/p>\n<\/li>\n<li>\n<p data-path-to-node=\"27,2,0\">Chasis portacontenedores: Conexiones de transporte intermodal.<\/p>\n<\/li>\n<li>\n<p data-path-to-node=\"27,3,0\">Construcci\u00f3n: Iluminaci\u00f3n para remolque de equipo pesado.<\/p>\n<\/li>\n<\/ul>\n<hr data-path-to-node=\"28\">\n<h3 data-path-to-node=\"29\">\ud83d\udd36 Embalaje directo de f\u00e1brica (B2B)<\/h3>\n<p data-path-to-node=\"30\">Victory Technology ofrece soluciones de embalaje flexible para distribuidores:<\/p>\n<ul data-path-to-node=\"31\">\n<li>\n<p data-path-to-node=\"31,0,0\">Cajas de exportaci\u00f3n a granel: 50 a 100 juegos por caja (aprox. 18 a 22 kg).<\/p>\n<\/li>\n<li>\n<p data-path-to-node=\"31,1,0\">Listo para venta minorista: bolsa de polietileno individual con tarjeta de encabezado o caja de color.<\/p>\n<\/li>\n<li>\n<p data-path-to-node=\"31,2,0\">Marca privada: Podemos grabar con l\u00e1ser su logotipo en la carcasa de metal.<\/p>\n<\/li>\n<\/ul>\n<hr data-path-to-node=\"32\">\n<h3 data-path-to-node=\"33\">\ud83d\ude80 Obtenga una cotizaci\u00f3n de precio de f\u00e1brica ahora<\/h3>\n<p>\u00bfListo para ordenar? Ya sea que necesite una sola caja o un contenedor de 40 HQ, estamos listos para servirle. <\/p>\n<p>Complete el formulario a continuaci\u00f3n para obtener nuestro \u00faltimo cat\u00e1logo y lista de precios al por mayor.<\/p>\n<p data-path-to-node=\"35\"><code data-path-to-node=\"35\" data-index-in-node=\"0\"><div class=\"wpforms-container \" id=\"wpforms-2617\"><form id=\"wpforms-form-2617\" class=\"wpforms-validate wpforms-form wpforms-ajax-form\" data-formid=\"2617\" method=\"post\" enctype=\"multipart\/form-data\" action=\"\/es\/wp-json\/wp\/v2\/product\/4393\" data-token=\"13378987007c46e16c688c5f0bea2de0\" data-token-time=\"1776109412\"><noscript class=\"wpforms-error-noscript\">Por favor, activa JavaScript en tu navegador para completar este formulario.<\/noscript><div class=\"wpforms-field-container\"><div id=\"wpforms-2617-field_1-container\" class=\"wpforms-field wpforms-field-name\" data-field-id=\"1\"><label class=\"wpforms-field-label\" for=\"wpforms-2617-field_1\">Nombre <span class=\"wpforms-required-label\">*<\/span><\/label><input type=\"text\" id=\"wpforms-2617-field_1\" class=\"wpforms-field-large wpforms-field-required\" name=\"wpforms[fields][1]\" required><\/div><div id=\"wpforms-2617-field_2-container\" class=\"wpforms-field wpforms-field-email\" data-field-id=\"2\"><label class=\"wpforms-field-label\" for=\"wpforms-2617-field_2\">Correo electr\u00f3nico <span class=\"wpforms-required-label\">*<\/span><\/label><input type=\"email\" id=\"wpforms-2617-field_2\" class=\"wpforms-field-large wpforms-field-required\" name=\"wpforms[fields][2]\" spellcheck=\"false\" required><\/div><div id=\"wpforms-2617-field_4-container\" class=\"wpforms-field wpforms-field-text\" data-field-id=\"4\"><label class=\"wpforms-field-label\" for=\"wpforms-2617-field_4\">Tel.<\/label><input type=\"text\" id=\"wpforms-2617-field_4\" class=\"wpforms-field-medium\" name=\"wpforms[fields][4]\" ><\/div><div id=\"wpforms-2617-field_3-container\" class=\"wpforms-field wpforms-field-textarea\" data-field-id=\"3\"><label class=\"wpforms-field-label\" for=\"wpforms-2617-field_3\"> Mensaje<\/label><textarea id=\"wpforms-2617-field_3\" class=\"wpforms-field-medium\" name=\"wpforms[fields][3]\" ><\/textarea><\/div><\/div><!-- .wpforms-field-container --><div class=\"wpforms-submit-container\" ><input type=\"hidden\" name=\"wpforms[id]\" value=\"2617\"><input type=\"hidden\" name=\"page_title\" value=\"\"><input type=\"hidden\" name=\"page_url\" value=\"https:\/\/airbrakehose.com\/es\/wp-json\/wp\/v2\/product\/4393\"><input type=\"hidden\" name=\"url_referer\" value=\"\"><button type=\"submit\" name=\"wpforms[submit]\" id=\"wpforms-submit-2617\" class=\"wpforms-submit\" data-alt-text=\"Enviando...\" data-submit-text=\"Enviar mensaje\" aria-live=\"assertive\" value=\"wpforms-submit\">Enviar mensaje<\/button><img decoding=\"async\" src=\"https:\/\/airbrakehose.com\/wp-content\/plugins\/wpforms\/assets\/images\/submit-spin.svg\" class=\"wpforms-submit-spinner\" style=\"display: none;\" width=\"26\" height=\"26\" alt=\"Cargando\"><\/div><\/form><\/div>  <!-- .wpforms-container --><\/code><\/p>\n","protected":false},"excerpt":{"rendered":"<p data-path-to-node=\"39\"><b data-path-to-node=\"39\" data-index-in-node=\"0\">Juego de enchufe y toma de corriente para remolque de metal de 7 pines ISO 1185.<\/b><\/p>\n<p data-path-to-node=\"40\">Conectores el\u00e9ctricos de aleaci\u00f3n de zinc de alta resistencia para camiones y maquinaria agr\u00edcola.<\/p>\n<ul data-path-to-node=\"41\">\n<li>\n<p data-path-to-node=\"41,0,0\">Norma: ISO 1185 \/ 3731 (Pasadores redondos).<\/p>\n<\/li>\n<li>\n<p data-path-to-node=\"41,1,0\">Carcasa: aleaci\u00f3n de zinc fundido a presi\u00f3n (metal).<\/p>\n<\/li>\n<li>\n<p data-path-to-node=\"41,2,0\">Contactos: Terminales de lat\u00f3n para alta conductividad.<\/p>\n<\/li>\n<li>\n<p data-path-to-node=\"41,3,0\">Caracter\u00edstica: Cubierta antipolvo con resorte en el z\u00f3calo.<\/p>\n<\/li>\n<li>\n<p data-path-to-node=\"41,4,0\">Voltaje: Sistemas de 12 V y 24 V.<\/p>\n<\/li>\n<\/ul>\n<p data-path-to-node=\"42\"><b data-path-to-node=\"42\" data-index-in-node=\"0\">En stock y listo para enviar.<\/b><\/p>\n","protected":false},"featured_media":3441,"template":"","meta":{"_monsterinsights_skip_tracking":false,"_monsterinsights_sitenote_active":false,"_monsterinsights_sitenote_note":"","_monsterinsights_sitenote_category":0,"site-sidebar-layout":"default","site-content-layout":"","ast-site-content-layout":"default","site-content-style":"default","site-sidebar-style":"default","ast-global-header-display":"","ast-banner-title-visibility":"","ast-main-header-display":"","ast-hfb-above-header-display":"","ast-hfb-below-header-display":"","ast-hfb-mobile-header-display":"","site-post-title":"","ast-breadcrumbs-content":"","ast-featured-img":"","footer-sml-layout":"","ast-disable-related-posts":"","theme-transparent-header-meta":"default","adv-header-id-meta":"","stick-header-meta":"","header-above-stick-meta":"","header-main-stick-meta":"","header-below-stick-meta":"","astra-migrate-meta-layouts":"default","ast-page-background-enabled":"default","ast-page-background-meta":{"desktop":{"background-color":"","background-image":"","background-repeat":"repeat","background-position":"center center","background-size":"auto","background-attachment":"scroll","background-type":"","background-media":"","overlay-type":"","overlay-color":"","overlay-opacity":"","overlay-gradient":""},"tablet":{"background-color":"","background-image":"","background-repeat":"repeat","background-position":"center center","background-size":"auto","background-attachment":"scroll","background-type":"","background-media":"","overlay-type":"","overlay-color":"","overlay-opacity":"","overlay-gradient":""},"mobile":{"background-color":"","background-image":"","background-repeat":"repeat","background-position":"center center","background-size":"auto","background-attachment":"scroll","background-type":"","background-media":"","overlay-type":"","overlay-color":"","overlay-opacity":"","overlay-gradient":""}},"ast-content-background-meta":{"desktop":{"background-color":"var(--ast-global-color-5)","background-image":"","background-repeat":"repeat","background-position":"center center","background-size":"auto","background-attachment":"scroll","background-type":"","background-media":"","overlay-type":"","overlay-color":"","overlay-opacity":"","overlay-gradient":""},"tablet":{"background-color":"var(--ast-global-color-5)","background-image":"","background-repeat":"repeat","background-position":"center center","background-size":"auto","background-attachment":"scroll","background-type":"","background-media":"","overlay-type":"","overlay-color":"","overlay-opacity":"","overlay-gradient":""},"mobile":{"background-color":"var(--ast-global-color-5)","background-image":"","background-repeat":"repeat","background-position":"center center","background-size":"auto","background-attachment":"scroll","background-type":"","background-media":"","overlay-type":"","overlay-color":"","overlay-opacity":"","overlay-gradient":""}},"_joinchat":[]},"product_brand":[],"product_cat":[1749,2182],"product_tag":[3517,3519,3514,3515,3516,3518],"class_list":{"0":"post-4393","1":"product","2":"type-product","3":"status-publish","4":"has-post-thumbnail","6":"product_cat-cables-y-enchufes-electricos-para-remolques","7":"product_cat-enchufes-tomas-de-corriente-y-adaptadores","8":"product_tag-conector-de-iluminacion-para-remolque-de-camion","9":"product_tag-conector-electrico-de-remolque-de-7-nucleos","10":"product_tag-enchufe-y-toma-de-remolque-de-7-pines","11":"product_tag-juego-de-conectores-de-remolque-de-metal","12":"product_tag-toma-de-corriente-de-7-pines-iso-1185","13":"product_tag-toma-de-remolque-de-alta-resistencia","14":"desktop-align-left","15":"tablet-align-left","16":"mobile-align-left","18":"first","19":"instock","20":"shipping-taxable","21":"product-type-simple"},"yoast_head":"<!-- This site is optimized with the Yoast SEO Premium plugin v26.4 (Yoast SEO v27.0) - https:\/\/yoast.com\/product\/yoast-seo-premium-wordpress\/ -->\n<title>Juego de enchufe y toma de corriente met\u00e1licos de 7 pines para remolque (pin redondo ISO 1185) | Victory Tech<\/title>\n<meta name=\"description\" content=\"Compre enchufes y tomas de corriente met\u00e1licos de 7 pines para remolques (ISO 1185). Carcasa de aleaci\u00f3n de zinc de alta resistencia con pines redondos de lat\u00f3n. Compatible con camiones europeos y remolques agr\u00edcolas. Directo de f\u00e1brica.\" \/>\n<meta name=\"robots\" content=\"index, follow, max-snippet:-1, max-image-preview:large, max-video-preview:-1\" \/>\n<link rel=\"canonical\" href=\"https:\/\/airbrakehose.com\/es\/producto\/juego-de-enchufe-y-toma-de-corriente-de-metal-para-remolque-de-7-pines-con-clavija-redonda-iso-1185-aleacion-de-zinc-de-alta-resistencia-victory-technology\/\" \/>\n<meta property=\"og:locale\" content=\"es_ES\" \/>\n<meta property=\"og:type\" content=\"article\" \/>\n<meta property=\"og:title\" content=\"Juego de enchufe y toma de corriente de metal para remolque de 7 pines (con clavija redonda ISO 1185) - Aleaci\u00f3n de zinc de alta resistencia | Victory Technology\" \/>\n<meta property=\"og:description\" content=\"Compre enchufes y tomas de corriente met\u00e1licos de 7 pines para remolques (ISO 1185). Carcasa de aleaci\u00f3n de zinc de alta resistencia con pines redondos de lat\u00f3n. Compatible con camiones europeos y remolques agr\u00edcolas. Directo de f\u00e1brica.\" \/>\n<meta property=\"og:url\" content=\"https:\/\/airbrakehose.com\/es\/producto\/juego-de-enchufe-y-toma-de-corriente-de-metal-para-remolque-de-7-pines-con-clavija-redonda-iso-1185-aleacion-de-zinc-de-alta-resistencia-victory-technology\/\" \/>\n<meta property=\"og:site_name\" content=\"Victory Tech.\" \/>\n<meta property=\"article:publisher\" content=\"https:\/\/www.facebook.com\/aokeautoparts\" \/>\n<meta property=\"og:image\" content=\"https:\/\/airbrakehose.com\/wp-content\/uploads\/2025\/12\/\u5fae\u4fe1\u56fe\u7247_20250310175837.jpg\" \/>\n\t<meta property=\"og:image:width\" content=\"760\" \/>\n\t<meta property=\"og:image:height\" content=\"760\" \/>\n\t<meta property=\"og:image:type\" content=\"image\/jpeg\" \/>\n<meta name=\"twitter:card\" content=\"summary_large_image\" \/>\n<meta name=\"twitter:label1\" content=\"Tiempo de lectura\" \/>\n\t<meta name=\"twitter:data1\" content=\"3 minutos\" \/>\n<script type=\"application\/ld+json\" class=\"yoast-schema-graph\">{\"@context\":\"https:\/\/schema.org\",\"@graph\":[{\"@type\":\"WebPage\",\"@id\":\"https:\/\/airbrakehose.com\/es\/producto\/juego-de-enchufe-y-toma-de-corriente-de-metal-para-remolque-de-7-pines-con-clavija-redonda-iso-1185-aleacion-de-zinc-de-alta-resistencia-victory-technology\/\",\"url\":\"https:\/\/airbrakehose.com\/es\/producto\/juego-de-enchufe-y-toma-de-corriente-de-metal-para-remolque-de-7-pines-con-clavija-redonda-iso-1185-aleacion-de-zinc-de-alta-resistencia-victory-technology\/\",\"name\":\"Juego de enchufe y toma de corriente met\u00e1licos de 7 pines para remolque (pin redondo ISO 1185) | Victory Tech\",\"isPartOf\":{\"@id\":\"https:\/\/airbrakehose.com\/es\/#website\"},\"primaryImageOfPage\":{\"@id\":\"https:\/\/airbrakehose.com\/es\/producto\/juego-de-enchufe-y-toma-de-corriente-de-metal-para-remolque-de-7-pines-con-clavija-redonda-iso-1185-aleacion-de-zinc-de-alta-resistencia-victory-technology\/#primaryimage\"},\"image\":{\"@id\":\"https:\/\/airbrakehose.com\/es\/producto\/juego-de-enchufe-y-toma-de-corriente-de-metal-para-remolque-de-7-pines-con-clavija-redonda-iso-1185-aleacion-de-zinc-de-alta-resistencia-victory-technology\/#primaryimage\"},\"thumbnailUrl\":\"https:\/\/airbrakehose.com\/wp-content\/uploads\/2025\/12\/\u5fae\u4fe1\u56fe\u7247_20250310175837.jpg\",\"datePublished\":\"2025-12-11T03:21:43+00:00\",\"description\":\"Compre enchufes y tomas de corriente met\u00e1licos de 7 pines para remolques (ISO 1185). Carcasa de aleaci\u00f3n de zinc de alta resistencia con pines redondos de lat\u00f3n. Compatible con camiones europeos y remolques agr\u00edcolas. Directo de f\u00e1brica.\",\"breadcrumb\":{\"@id\":\"https:\/\/airbrakehose.com\/es\/producto\/juego-de-enchufe-y-toma-de-corriente-de-metal-para-remolque-de-7-pines-con-clavija-redonda-iso-1185-aleacion-de-zinc-de-alta-resistencia-victory-technology\/#breadcrumb\"},\"inLanguage\":\"es\",\"potentialAction\":[{\"@type\":\"ReadAction\",\"target\":[\"https:\/\/airbrakehose.com\/es\/producto\/juego-de-enchufe-y-toma-de-corriente-de-metal-para-remolque-de-7-pines-con-clavija-redonda-iso-1185-aleacion-de-zinc-de-alta-resistencia-victory-technology\/\"]}]},{\"@type\":\"ImageObject\",\"inLanguage\":\"es\",\"@id\":\"https:\/\/airbrakehose.com\/es\/producto\/juego-de-enchufe-y-toma-de-corriente-de-metal-para-remolque-de-7-pines-con-clavija-redonda-iso-1185-aleacion-de-zinc-de-alta-resistencia-victory-technology\/#primaryimage\",\"url\":\"https:\/\/airbrakehose.com\/wp-content\/uploads\/2025\/12\/\u5fae\u4fe1\u56fe\u7247_20250310175837.jpg\",\"contentUrl\":\"https:\/\/airbrakehose.com\/wp-content\/uploads\/2025\/12\/\u5fae\u4fe1\u56fe\u7247_20250310175837.jpg\",\"width\":760,\"height\":760},{\"@type\":\"BreadcrumbList\",\"@id\":\"https:\/\/airbrakehose.com\/es\/producto\/juego-de-enchufe-y-toma-de-corriente-de-metal-para-remolque-de-7-pines-con-clavija-redonda-iso-1185-aleacion-de-zinc-de-alta-resistencia-victory-technology\/#breadcrumb\",\"itemListElement\":[{\"@type\":\"ListItem\",\"position\":1,\"name\":\"\u9996\u9875\",\"item\":\"https:\/\/airbrakehose.com\/es\/hogar\/\"},{\"@type\":\"ListItem\",\"position\":2,\"name\":\"Tienda\",\"item\":\"https:\/\/airbrakehose.com\/es\/tienda\/\"},{\"@type\":\"ListItem\",\"position\":3,\"name\":\"Juego de enchufe y toma de corriente de metal para remolque de 7 pines (con clavija redonda ISO 1185) &#8211; Aleaci\u00f3n de zinc de alta resistencia | Victory Technology\"}]},{\"@type\":\"WebSite\",\"@id\":\"https:\/\/airbrakehose.com\/es\/#website\",\"url\":\"https:\/\/airbrakehose.com\/es\/\",\"name\":\"Victory Technology\",\"description\":\"Industrial Hose &amp; Air Brake Solutions\",\"potentialAction\":[{\"@type\":\"SearchAction\",\"target\":{\"@type\":\"EntryPoint\",\"urlTemplate\":\"https:\/\/airbrakehose.com\/es\/?s={search_term_string}\"},\"query-input\":{\"@type\":\"PropertyValueSpecification\",\"valueRequired\":true,\"valueName\":\"search_term_string\"}}],\"inLanguage\":\"es\"}]}<\/script>\n<!-- \/ Yoast SEO Premium plugin. -->","yoast_head_json":{"title":"Juego de enchufe y toma de corriente met\u00e1licos de 7 pines para remolque (pin redondo ISO 1185) | Victory Tech","description":"Compre enchufes y tomas de corriente met\u00e1licos de 7 pines para remolques (ISO 1185). Carcasa de aleaci\u00f3n de zinc de alta resistencia con pines redondos de lat\u00f3n. Compatible con camiones europeos y remolques agr\u00edcolas. Directo de f\u00e1brica.","robots":{"index":"index","follow":"follow","max-snippet":"max-snippet:-1","max-image-preview":"max-image-preview:large","max-video-preview":"max-video-preview:-1"},"canonical":"https:\/\/airbrakehose.com\/es\/producto\/juego-de-enchufe-y-toma-de-corriente-de-metal-para-remolque-de-7-pines-con-clavija-redonda-iso-1185-aleacion-de-zinc-de-alta-resistencia-victory-technology\/","og_locale":"es_ES","og_type":"article","og_title":"Juego de enchufe y toma de corriente de metal para remolque de 7 pines (con clavija redonda ISO 1185) - Aleaci\u00f3n de zinc de alta resistencia | Victory Technology","og_description":"Compre enchufes y tomas de corriente met\u00e1licos de 7 pines para remolques (ISO 1185). Carcasa de aleaci\u00f3n de zinc de alta resistencia con pines redondos de lat\u00f3n. Compatible con camiones europeos y remolques agr\u00edcolas. Directo de f\u00e1brica.","og_url":"https:\/\/airbrakehose.com\/es\/producto\/juego-de-enchufe-y-toma-de-corriente-de-metal-para-remolque-de-7-pines-con-clavija-redonda-iso-1185-aleacion-de-zinc-de-alta-resistencia-victory-technology\/","og_site_name":"Victory Tech.","article_publisher":"https:\/\/www.facebook.com\/aokeautoparts","og_image":[{"width":760,"height":760,"url":"https:\/\/airbrakehose.com\/wp-content\/uploads\/2025\/12\/\u5fae\u4fe1\u56fe\u7247_20250310175837.jpg","type":"image\/jpeg"}],"twitter_card":"summary_large_image","twitter_misc":{"Tiempo de lectura":"3 minutos"},"schema":{"@context":"https:\/\/schema.org","@graph":[{"@type":"WebPage","@id":"https:\/\/airbrakehose.com\/es\/producto\/juego-de-enchufe-y-toma-de-corriente-de-metal-para-remolque-de-7-pines-con-clavija-redonda-iso-1185-aleacion-de-zinc-de-alta-resistencia-victory-technology\/","url":"https:\/\/airbrakehose.com\/es\/producto\/juego-de-enchufe-y-toma-de-corriente-de-metal-para-remolque-de-7-pines-con-clavija-redonda-iso-1185-aleacion-de-zinc-de-alta-resistencia-victory-technology\/","name":"Juego de enchufe y toma de corriente met\u00e1licos de 7 pines para remolque (pin redondo ISO 1185) | Victory Tech","isPartOf":{"@id":"https:\/\/airbrakehose.com\/es\/#website"},"primaryImageOfPage":{"@id":"https:\/\/airbrakehose.com\/es\/producto\/juego-de-enchufe-y-toma-de-corriente-de-metal-para-remolque-de-7-pines-con-clavija-redonda-iso-1185-aleacion-de-zinc-de-alta-resistencia-victory-technology\/#primaryimage"},"image":{"@id":"https:\/\/airbrakehose.com\/es\/producto\/juego-de-enchufe-y-toma-de-corriente-de-metal-para-remolque-de-7-pines-con-clavija-redonda-iso-1185-aleacion-de-zinc-de-alta-resistencia-victory-technology\/#primaryimage"},"thumbnailUrl":"https:\/\/airbrakehose.com\/wp-content\/uploads\/2025\/12\/\u5fae\u4fe1\u56fe\u7247_20250310175837.jpg","datePublished":"2025-12-11T03:21:43+00:00","description":"Compre enchufes y tomas de corriente met\u00e1licos de 7 pines para remolques (ISO 1185). Carcasa de aleaci\u00f3n de zinc de alta resistencia con pines redondos de lat\u00f3n. Compatible con camiones europeos y remolques agr\u00edcolas. Directo de f\u00e1brica.","breadcrumb":{"@id":"https:\/\/airbrakehose.com\/es\/producto\/juego-de-enchufe-y-toma-de-corriente-de-metal-para-remolque-de-7-pines-con-clavija-redonda-iso-1185-aleacion-de-zinc-de-alta-resistencia-victory-technology\/#breadcrumb"},"inLanguage":"es","potentialAction":[{"@type":"ReadAction","target":["https:\/\/airbrakehose.com\/es\/producto\/juego-de-enchufe-y-toma-de-corriente-de-metal-para-remolque-de-7-pines-con-clavija-redonda-iso-1185-aleacion-de-zinc-de-alta-resistencia-victory-technology\/"]}]},{"@type":"ImageObject","inLanguage":"es","@id":"https:\/\/airbrakehose.com\/es\/producto\/juego-de-enchufe-y-toma-de-corriente-de-metal-para-remolque-de-7-pines-con-clavija-redonda-iso-1185-aleacion-de-zinc-de-alta-resistencia-victory-technology\/#primaryimage","url":"https:\/\/airbrakehose.com\/wp-content\/uploads\/2025\/12\/\u5fae\u4fe1\u56fe\u7247_20250310175837.jpg","contentUrl":"https:\/\/airbrakehose.com\/wp-content\/uploads\/2025\/12\/\u5fae\u4fe1\u56fe\u7247_20250310175837.jpg","width":760,"height":760},{"@type":"BreadcrumbList","@id":"https:\/\/airbrakehose.com\/es\/producto\/juego-de-enchufe-y-toma-de-corriente-de-metal-para-remolque-de-7-pines-con-clavija-redonda-iso-1185-aleacion-de-zinc-de-alta-resistencia-victory-technology\/#breadcrumb","itemListElement":[{"@type":"ListItem","position":1,"name":"\u9996\u9875","item":"https:\/\/airbrakehose.com\/es\/hogar\/"},{"@type":"ListItem","position":2,"name":"Tienda","item":"https:\/\/airbrakehose.com\/es\/tienda\/"},{"@type":"ListItem","position":3,"name":"Juego de enchufe y toma de corriente de metal para remolque de 7 pines (con clavija redonda ISO 1185) &#8211; Aleaci\u00f3n de zinc de alta resistencia | Victory Technology"}]},{"@type":"WebSite","@id":"https:\/\/airbrakehose.com\/es\/#website","url":"https:\/\/airbrakehose.com\/es\/","name":"Victory Technology","description":"Industrial Hose &amp; Air Brake Solutions","potentialAction":[{"@type":"SearchAction","target":{"@type":"EntryPoint","urlTemplate":"https:\/\/airbrakehose.com\/es\/?s={search_term_string}"},"query-input":{"@type":"PropertyValueSpecification","valueRequired":true,"valueName":"search_term_string"}}],"inLanguage":"es"}]}},"_links":{"self":[{"href":"https:\/\/airbrakehose.com\/es\/wp-json\/wp\/v2\/product\/4393","targetHints":{"allow":["GET"]}}],"collection":[{"href":"https:\/\/airbrakehose.com\/es\/wp-json\/wp\/v2\/product"}],"about":[{"href":"https:\/\/airbrakehose.com\/es\/wp-json\/wp\/v2\/types\/product"}],"wp:featuredmedia":[{"embeddable":true,"href":"https:\/\/airbrakehose.com\/es\/wp-json\/wp\/v2\/media\/3441"}],"wp:attachment":[{"href":"https:\/\/airbrakehose.com\/es\/wp-json\/wp\/v2\/media?parent=4393"}],"wp:term":[{"taxonomy":"product_brand","embeddable":true,"href":"https:\/\/airbrakehose.com\/es\/wp-json\/wp\/v2\/product_brand?post=4393"},{"taxonomy":"product_cat","embeddable":true,"href":"https:\/\/airbrakehose.com\/es\/wp-json\/wp\/v2\/product_cat?post=4393"},{"taxonomy":"product_tag","embeddable":true,"href":"https:\/\/airbrakehose.com\/es\/wp-json\/wp\/v2\/product_tag?post=4393"}],"curies":[{"name":"wp","href":"https:\/\/api.w.org\/{rel}","templated":true}]}}