{"id":4386,"date":"2025-12-10T07:40:28","date_gmt":"2025-12-10T07:40:28","guid":{"rendered":"https:\/\/airbrakehose.com\/product\/resortes-de-tension-de-alta-resistencia-15-cm-17-cm-20-cm-resortes-de-retorno-de-freno-galvanizados-victory-technology\/"},"modified":"2025-12-10T07:40:28","modified_gmt":"2025-12-10T07:40:28","slug":"resortes-de-tension-de-alta-resistencia-15-cm-17-cm-20-cm-resortes-de-retorno-de-freno-galvanizados-victory-technology","status":"publish","type":"product","link":"https:\/\/airbrakehose.com\/es\/producto\/resortes-de-tension-de-alta-resistencia-15-cm-17-cm-20-cm-resortes-de-retorno-de-freno-galvanizados-victory-technology\/","title":{"rendered":"Resortes de tensi\u00f3n de alta resistencia (15 cm, 17 cm, 20 cm) &#8211; Resortes de retorno de freno galvanizados | Victory Technology"},"content":{"rendered":"<h3 data-path-to-node=\"7\">\ud83d\udccc Descripci\u00f3n general del producto<\/h3>\n<p data-path-to-node=\"8\"><b data-path-to-node=\"8\" data-index-in-node=\"0\">Tensi\u00f3n confiable. Protecci\u00f3n superior contra la oxidaci\u00f3n. <\/b><\/p>\n<p data-path-to-node=\"9\">En los sistemas de frenos de aire y en los v\u00ednculos mec\u00e1nicos, un resorte d\u00e9bil significa un freno arrastrado o una palanca floja.1 Los resortes de tensi\u00f3n de servicio pesado de Victory Technology est\u00e1n dise\u00f1ados para brindar una acci\u00f3n de retorno constante y de alta fuerza para ajustadores de frenos de camiones, ajustadores de holgura y maquinaria industrial.<\/p>\n<p data-path-to-node=\"10\">Disponibles en tres longitudes est\u00e1ndar (15 cm, 17 cm y 20 cm), estos resortes de extensi\u00f3n est\u00e1n fabricados con acero de alta resistencia para resistir el estiramiento y la fatiga durante miles de ciclos. Con un acabado de zinc duradero, est\u00e1n dise\u00f1ados para resistir las duras condiciones bajo el chasis, resistiendo la corrosi\u00f3n causada por la sal de la carretera, la humedad y el barro. <\/p>\n<hr data-path-to-node=\"11\">\n<h3 data-path-to-node=\"12\">\ud83d\udd39 \u00bfPor qu\u00e9 elegir resortes de tensi\u00f3n Victory?<\/h3>\n<ul data-path-to-node=\"13\">\n<li>\u2705 Tres tama\u00f1os esenciales: Disponemos de los tama\u00f1os m\u00e1s comunes para el mantenimiento de flotas:\n<ul data-path-to-node=\"13,0,1\">\n<li>\n<p data-path-to-node=\"13,0,1,0,0\">15 cm: Para mecanismos compactos y peque\u00f1os acoplamientos de freno.<\/p>\n<\/li>\n<li>\n<p data-path-to-node=\"13,0,1,1,0\">17 cm: el tama\u00f1o est\u00e1ndar para muchos ajustadores de freno de camiones.<\/p>\n<\/li>\n<li>\n<p data-path-to-node=\"13,0,1,2,0\">20 cm: Para enlaces de trabajo pesado que requieren un alcance extendido.<\/p>\n<\/li>\n<\/ul>\n<\/li>\n<li>\u2705 Resistencia a la corrosi\u00f3n con recubrimiento de zinc: Resortes que se rompen con el \u00f3xido. Nuestros resortes est\u00e1n completamente galvanizados para proporcionar una barrera protectora contra la oxidaci\u00f3n. Esto prolonga significativamente su vida \u00fatil en comparaci\u00f3n con los resortes de \u00f3xido negro sin tratamiento.  <\/li>\n<li>\u2705 Acero de resorte de alta fatiga: Fabricado para recuperarse. Utilizamos acero de resorte de alto carbono de primera calidad que mantiene su elasticidad y fuerza de tracci\u00f3n incluso con estiramiento y vibraci\u00f3n constantes. <\/li>\n<li>\u2705 Ganchos de seguridad abiertos: Dise\u00f1ados para una f\u00e1cil instalaci\u00f3n. Los robustos extremos de los ganchos proporcionan un punto de fijaci\u00f3n seguro a zapatas de freno, palancas o rieles del chasis, garantizando que no se deslicen bajo carga. <\/li>\n<\/ul>\n<hr data-path-to-node=\"14\">\n<h3 data-path-to-node=\"15\">\ud83d\udd38 Especificaciones t\u00e9cnicas<\/h3>\n<p data-path-to-node=\"16\"><i data-path-to-node=\"16\" data-index-in-node=\"0\">Dise\u00f1ado para sistemas de retorno de servicio pesado.<\/i><\/p>\n<table data-path-to-node=\"17\">\n<thead>\n<tr>\n<td>Caracter\u00edstica<\/td>\n<td>Especificaci\u00f3n<\/td>\n<\/tr>\n<\/thead>\n<tbody>\n<tr>\n<td>Tipo de producto<\/td>\n<td>Resorte helicoidal de tensi\u00f3n\/extensi\u00f3n<\/td>\n<\/tr>\n<tr>\n<td>Material<\/td>\n<td>Acero para resortes de alta resistencia<\/td>\n<\/tr>\n<tr>\n<td>Acabado superficial<\/td>\n<td>Zincado (acabado plata\/oro)<\/td>\n<\/tr>\n<tr>\n<td>Longitudes disponibles:<\/td>\n<td>150 mm (15 cm), 170 mm (17 cm), 200 mm (20 cm)<\/td>\n<\/tr>\n<tr>\n<td>Di\u00e1metro del cable<\/td>\n<td>2,0 mm \u2013 3,5 mm (para trabajos pesados)<\/td>\n<\/tr>\n<tr>\n<td>Tipo de extremo<\/td>\n<td>Extremos de gancho abiertos<\/td>\n<\/tr>\n<tr>\n<td>Aplicaci\u00f3n<\/td>\n<td>Retorno de freno, ajustador de tensi\u00f3n, tensi\u00f3n del pestillo<\/td>\n<\/tr>\n<\/tbody>\n<\/table>\n<hr data-path-to-node=\"18\">\n<h3 data-path-to-node=\"19\">\ud83d\udd39 Aplicaciones<\/h3>\n<ul data-path-to-node=\"20\">\n<li>\n<p data-path-to-node=\"20,0,0\">Frenos de cami\u00f3n y remolque: resortes de retorno de zapata de freno y resortes de retorno de ajustador de holgura.<\/p>\n<\/li>\n<li>\n<p data-path-to-node=\"20,1,0\">Maquinaria Industrial: Conjuntos mec\u00e1nicos de retorno para palancas y pedales.<\/p>\n<\/li>\n<li>\n<p data-path-to-node=\"20,2,0\">Agr\u00edcola: Tensado de cadenas y correas en tractores y cosechadoras.<\/p>\n<\/li>\n<li>\n<p data-path-to-node=\"20,3,0\">Utilidad general: Aseguramiento de pestillos pesados, rampas y soportes de escape.<\/p>\n<\/li>\n<\/ul>\n<hr data-path-to-node=\"21\">\n<h3 data-path-to-node=\"22\">\ud83d\udce6 Embalaje directo de f\u00e1brica (B2B)<\/h3>\n<p data-path-to-node=\"23\">Victory Technology ofrece soluciones a granel para distribuidores de piezas:2<\/p>\n<ul data-path-to-node=\"24\">\n<li>\n<p data-path-to-node=\"24,0,0\">Cajas a granel: 50\u2013200 piezas por caja (dependiendo del tama\u00f1o).<\/p>\n<\/li>\n<li>\n<p data-path-to-node=\"24,1,0\">Prevenci\u00f3n de \u00f3xido: los resortes est\u00e1n ligeramente aceitados o recubiertos para protegerlos durante el transporte.<\/p>\n<\/li>\n<li>\n<p data-path-to-node=\"24,2,0\">Personalizaci\u00f3n: Podemos fabricar di\u00e1metros o longitudes de alambre personalizados para pedidos OEM.<\/p>\n<\/li>\n<\/ul>\n<hr data-path-to-node=\"25\">\n<h3 data-path-to-node=\"26\">\ud83d\ude80 Obtenga una cotizaci\u00f3n de precio de f\u00e1brica ahora<\/h3>\n<p>\u00bfNecesita abastecerse de consumibles para el taller?<\/p>\n<p>Complete el formulario a continuaci\u00f3n para obtener nuestro \u00faltimo cat\u00e1logo y lista de precios al por mayor.<\/p>\n<p data-path-to-node=\"28\"><code data-path-to-node=\"28\" data-index-in-node=\"0\"><div class=\"wpforms-container \" id=\"wpforms-2617\"><form id=\"wpforms-form-2617\" class=\"wpforms-validate wpforms-form wpforms-ajax-form\" data-formid=\"2617\" method=\"post\" enctype=\"multipart\/form-data\" action=\"\/es\/wp-json\/wp\/v2\/product\/4386\" data-token=\"13378987007c46e16c688c5f0bea2de0\" data-token-time=\"1776103089\"><noscript class=\"wpforms-error-noscript\">Por favor, activa JavaScript en tu navegador para completar este formulario.<\/noscript><div class=\"wpforms-field-container\"><div id=\"wpforms-2617-field_1-container\" class=\"wpforms-field wpforms-field-name\" data-field-id=\"1\"><label class=\"wpforms-field-label\" for=\"wpforms-2617-field_1\">Nombre <span class=\"wpforms-required-label\">*<\/span><\/label><input type=\"text\" id=\"wpforms-2617-field_1\" class=\"wpforms-field-large wpforms-field-required\" name=\"wpforms[fields][1]\" required><\/div><div id=\"wpforms-2617-field_2-container\" class=\"wpforms-field wpforms-field-email\" data-field-id=\"2\"><label class=\"wpforms-field-label\" for=\"wpforms-2617-field_2\">Correo electr\u00f3nico <span class=\"wpforms-required-label\">*<\/span><\/label><input type=\"email\" id=\"wpforms-2617-field_2\" class=\"wpforms-field-large wpforms-field-required\" name=\"wpforms[fields][2]\" spellcheck=\"false\" required><\/div><div id=\"wpforms-2617-field_4-container\" class=\"wpforms-field wpforms-field-text\" data-field-id=\"4\"><label class=\"wpforms-field-label\" for=\"wpforms-2617-field_4\">Tel.<\/label><input type=\"text\" id=\"wpforms-2617-field_4\" class=\"wpforms-field-medium\" name=\"wpforms[fields][4]\" ><\/div><div id=\"wpforms-2617-field_3-container\" class=\"wpforms-field wpforms-field-textarea\" data-field-id=\"3\"><label class=\"wpforms-field-label\" for=\"wpforms-2617-field_3\"> Mensaje<\/label><textarea id=\"wpforms-2617-field_3\" class=\"wpforms-field-medium\" name=\"wpforms[fields][3]\" ><\/textarea><\/div><\/div><!-- .wpforms-field-container --><div class=\"wpforms-submit-container\" ><input type=\"hidden\" name=\"wpforms[id]\" value=\"2617\"><input type=\"hidden\" name=\"page_title\" value=\"\"><input type=\"hidden\" name=\"page_url\" value=\"https:\/\/airbrakehose.com\/es\/wp-json\/wp\/v2\/product\/4386\"><input type=\"hidden\" name=\"url_referer\" value=\"\"><button type=\"submit\" name=\"wpforms[submit]\" id=\"wpforms-submit-2617\" class=\"wpforms-submit\" data-alt-text=\"Enviando...\" data-submit-text=\"Enviar mensaje\" aria-live=\"assertive\" value=\"wpforms-submit\">Enviar mensaje<\/button><img decoding=\"async\" src=\"https:\/\/airbrakehose.com\/wp-content\/plugins\/wpforms\/assets\/images\/submit-spin.svg\" class=\"wpforms-submit-spinner\" style=\"display: none;\" width=\"26\" height=\"26\" alt=\"Cargando\"><\/div><\/form><\/div>  <!-- .wpforms-container --><\/code><\/p>\n","protected":false},"excerpt":{"rendered":"<p data-path-to-node=\"32\"><b data-path-to-node=\"32\" data-index-in-node=\"0\">Resortes de tensi\u00f3n galvanizados de alta resistencia (retorno de freno).<\/b><\/p>\n<p data-path-to-node=\"33\">Muelles de extensi\u00f3n de alta resistencia para camiones y maquinaria.<\/p>\n<ul data-path-to-node=\"34\">\n<li>\n<p data-path-to-node=\"34,0,0\">Longitudes: 15cm, 17cm, 20cm.<\/p>\n<\/li>\n<li>\n<p data-path-to-node=\"34,1,0\">Material: Acero para resortes con revestimiento de zinc.<\/p>\n<\/li>\n<li>\n<p data-path-to-node=\"34,2,0\">Caracter\u00edstica: Anti\u00f3xido y alta resistencia a la fatiga.<\/p>\n<\/li>\n<li>\n<p data-path-to-node=\"34,3,0\">Extremos: Ganchos abiertos seguros.<\/p>\n<\/li>\n<li>\n<p data-path-to-node=\"34,4,0\">Uso: retorno de freno, ajustadores de holgura, varillajes.<\/p>\n<\/li>\n<\/ul>\n<p data-path-to-node=\"35\"><b data-path-to-node=\"35\" data-index-in-node=\"0\">En stock y listo para enviar.<\/b><\/p>\n","protected":false},"featured_media":3434,"template":"","meta":{"_monsterinsights_skip_tracking":false,"_monsterinsights_sitenote_active":false,"_monsterinsights_sitenote_note":"","_monsterinsights_sitenote_category":0,"site-sidebar-layout":"default","site-content-layout":"","ast-site-content-layout":"default","site-content-style":"default","site-sidebar-style":"default","ast-global-header-display":"","ast-banner-title-visibility":"","ast-main-header-display":"","ast-hfb-above-header-display":"","ast-hfb-below-header-display":"","ast-hfb-mobile-header-display":"","site-post-title":"","ast-breadcrumbs-content":"","ast-featured-img":"","footer-sml-layout":"","ast-disable-related-posts":"","theme-transparent-header-meta":"default","adv-header-id-meta":"","stick-header-meta":"","header-above-stick-meta":"","header-main-stick-meta":"","header-below-stick-meta":"","astra-migrate-meta-layouts":"default","ast-page-background-enabled":"default","ast-page-background-meta":{"desktop":{"background-color":"","background-image":"","background-repeat":"repeat","background-position":"center center","background-size":"auto","background-attachment":"scroll","background-type":"","background-media":"","overlay-type":"","overlay-color":"","overlay-opacity":"","overlay-gradient":""},"tablet":{"background-color":"","background-image":"","background-repeat":"repeat","background-position":"center center","background-size":"auto","background-attachment":"scroll","background-type":"","background-media":"","overlay-type":"","overlay-color":"","overlay-opacity":"","overlay-gradient":""},"mobile":{"background-color":"","background-image":"","background-repeat":"repeat","background-position":"center center","background-size":"auto","background-attachment":"scroll","background-type":"","background-media":"","overlay-type":"","overlay-color":"","overlay-opacity":"","overlay-gradient":""}},"ast-content-background-meta":{"desktop":{"background-color":"var(--ast-global-color-5)","background-image":"","background-repeat":"repeat","background-position":"center center","background-size":"auto","background-attachment":"scroll","background-type":"","background-media":"","overlay-type":"","overlay-color":"","overlay-opacity":"","overlay-gradient":""},"tablet":{"background-color":"var(--ast-global-color-5)","background-image":"","background-repeat":"repeat","background-position":"center center","background-size":"auto","background-attachment":"scroll","background-type":"","background-media":"","overlay-type":"","overlay-color":"","overlay-opacity":"","overlay-gradient":""},"mobile":{"background-color":"var(--ast-global-color-5)","background-image":"","background-repeat":"repeat","background-position":"center center","background-size":"auto","background-attachment":"scroll","background-type":"","background-media":"","overlay-type":"","overlay-color":"","overlay-opacity":"","overlay-gradient":""}},"_joinchat":[]},"product_brand":[1193],"product_cat":[2810,3344],"product_tag":[2845,3464,3465,3466,3467,3457,3451,3461,3456,3462,3459,3463,3452,3450,3455,3458,3454,3460,3453,3468,2328],"class_list":{"0":"post-4386","1":"product","2":"type-product","3":"status-publish","4":"has-post-thumbnail","6":"product_brand-victory-tech","7":"product_cat-componentes-del-sistema-de-frenos","8":"product_cat-herrajes-y-resortes-de-freno","9":"product_tag-piezas-de-freno-para-camiones","10":"product_tag-resorte-de-15-cm","11":"product_tag-resorte-de-17-cm","12":"product_tag-resorte-de-20-cm","13":"product_tag-resorte-de-alta-resistencia","14":"product_tag-resorte-de-camion-15cm-17cm-20cm","15":"product_tag-resorte-de-extension","16":"product_tag-resorte-de-extension-de-alta-resistencia-galvanizado-de-15-cm-17-cm-y-20-cm","17":"product_tag-resorte-de-extension-galvanizado","18":"product_tag-resorte-de-retorno-de-repuesto-para-ajustador-de-holgura-y-varillaje-de-freno","19":"product_tag-resorte-de-retorno-del-ajustador-de-freno","20":"product_tag-resorte-de-retorno-del-freno","21":"product_tag-resorte-de-retorno-del-freno-del-camion","22":"product_tag-resorte-de-tension","23":"product_tag-resorte-de-tension-de-alta-resistencia","24":"product_tag-resorte-de-tension-de-enlace-mecanico","25":"product_tag-resorte-de-tension-del-freno-del-remolque","26":"product_tag-resorte-de-tension-para-sistemas-de-frenos-de-camiones-y-remolques","27":"product_tag-resorte-del-ajustador-de-holgura","28":"product_tag-resorte-galvanizado","29":"product_tag-tecnologia-de-la-victoria","30":"desktop-align-left","31":"tablet-align-left","32":"mobile-align-left","34":"first","35":"instock","36":"shipping-taxable","37":"product-type-simple"},"yoast_head":"<!-- This site is optimized with the Yoast SEO Premium plugin v26.4 (Yoast SEO v27.0) - https:\/\/yoast.com\/product\/yoast-seo-premium-wordpress\/ -->\n<title>Resortes de tensi\u00f3n de alta resistencia (15 cm\/17 cm\/20 cm) - Retorno de freno | Victory Tech<\/title>\n<meta name=\"description\" content=\"Compre resortes de tensi\u00f3n de alta resistencia. Resortes de retorno de freno galvanizados, disponibles en longitudes de 15 cm, 17 cm y 20 cm. Resistentes a la corrosi\u00f3n y de alta resistencia. Precio directo de f\u00e1brica.\" \/>\n<meta name=\"robots\" content=\"index, follow, max-snippet:-1, max-image-preview:large, max-video-preview:-1\" \/>\n<link rel=\"canonical\" href=\"https:\/\/airbrakehose.com\/es\/producto\/resortes-de-tension-de-alta-resistencia-15-cm-17-cm-20-cm-resortes-de-retorno-de-freno-galvanizados-victory-technology\/\" \/>\n<meta property=\"og:locale\" content=\"es_ES\" \/>\n<meta property=\"og:type\" content=\"article\" \/>\n<meta property=\"og:title\" content=\"Resortes de tensi\u00f3n de alta resistencia (15 cm, 17 cm, 20 cm) - Resortes de retorno de freno galvanizados | Victory Technology\" \/>\n<meta property=\"og:description\" content=\"Compre resortes de tensi\u00f3n de alta resistencia. Resortes de retorno de freno galvanizados, disponibles en longitudes de 15 cm, 17 cm y 20 cm. Resistentes a la corrosi\u00f3n y de alta resistencia. Precio directo de f\u00e1brica.\" \/>\n<meta property=\"og:url\" content=\"https:\/\/airbrakehose.com\/es\/producto\/resortes-de-tension-de-alta-resistencia-15-cm-17-cm-20-cm-resortes-de-retorno-de-freno-galvanizados-victory-technology\/\" \/>\n<meta property=\"og:site_name\" content=\"Victory Tech.\" \/>\n<meta property=\"article:publisher\" content=\"https:\/\/www.facebook.com\/aokeautoparts\" \/>\n<meta property=\"og:image\" content=\"https:\/\/airbrakehose.com\/wp-content\/uploads\/2025\/12\/Trailer_brake_adjuster_spring_installed_on_semi-truck_drum_brake_system_for_proper_brake_adjustment.webp\" \/>\n\t<meta property=\"og:image:width\" content=\"1219\" \/>\n\t<meta property=\"og:image:height\" content=\"1219\" \/>\n\t<meta property=\"og:image:type\" content=\"image\/webp\" \/>\n<meta name=\"twitter:card\" content=\"summary_large_image\" \/>\n<meta name=\"twitter:label1\" content=\"Tiempo de lectura\" \/>\n\t<meta name=\"twitter:data1\" content=\"3 minutos\" \/>\n<script type=\"application\/ld+json\" class=\"yoast-schema-graph\">{\"@context\":\"https:\/\/schema.org\",\"@graph\":[{\"@type\":\"WebPage\",\"@id\":\"https:\/\/airbrakehose.com\/es\/producto\/resortes-de-tension-de-alta-resistencia-15-cm-17-cm-20-cm-resortes-de-retorno-de-freno-galvanizados-victory-technology\/\",\"url\":\"https:\/\/airbrakehose.com\/es\/producto\/resortes-de-tension-de-alta-resistencia-15-cm-17-cm-20-cm-resortes-de-retorno-de-freno-galvanizados-victory-technology\/\",\"name\":\"Resortes de tensi\u00f3n de alta resistencia (15 cm\/17 cm\/20 cm) - Retorno de freno | Victory Tech\",\"isPartOf\":{\"@id\":\"https:\/\/airbrakehose.com\/es\/#website\"},\"primaryImageOfPage\":{\"@id\":\"https:\/\/airbrakehose.com\/es\/producto\/resortes-de-tension-de-alta-resistencia-15-cm-17-cm-20-cm-resortes-de-retorno-de-freno-galvanizados-victory-technology\/#primaryimage\"},\"image\":{\"@id\":\"https:\/\/airbrakehose.com\/es\/producto\/resortes-de-tension-de-alta-resistencia-15-cm-17-cm-20-cm-resortes-de-retorno-de-freno-galvanizados-victory-technology\/#primaryimage\"},\"thumbnailUrl\":\"https:\/\/airbrakehose.com\/wp-content\/uploads\/2025\/12\/Trailer_brake_adjuster_spring_installed_on_semi-truck_drum_brake_system_for_proper_brake_adjustment.webp\",\"datePublished\":\"2025-12-10T07:40:28+00:00\",\"description\":\"Compre resortes de tensi\u00f3n de alta resistencia. Resortes de retorno de freno galvanizados, disponibles en longitudes de 15 cm, 17 cm y 20 cm. Resistentes a la corrosi\u00f3n y de alta resistencia. Precio directo de f\u00e1brica.\",\"breadcrumb\":{\"@id\":\"https:\/\/airbrakehose.com\/es\/producto\/resortes-de-tension-de-alta-resistencia-15-cm-17-cm-20-cm-resortes-de-retorno-de-freno-galvanizados-victory-technology\/#breadcrumb\"},\"inLanguage\":\"es\",\"potentialAction\":[{\"@type\":\"ReadAction\",\"target\":[\"https:\/\/airbrakehose.com\/es\/producto\/resortes-de-tension-de-alta-resistencia-15-cm-17-cm-20-cm-resortes-de-retorno-de-freno-galvanizados-victory-technology\/\"]}]},{\"@type\":\"ImageObject\",\"inLanguage\":\"es\",\"@id\":\"https:\/\/airbrakehose.com\/es\/producto\/resortes-de-tension-de-alta-resistencia-15-cm-17-cm-20-cm-resortes-de-retorno-de-freno-galvanizados-victory-technology\/#primaryimage\",\"url\":\"https:\/\/airbrakehose.com\/wp-content\/uploads\/2025\/12\/Trailer_brake_adjuster_spring_installed_on_semi-truck_drum_brake_system_for_proper_brake_adjustment.webp\",\"contentUrl\":\"https:\/\/airbrakehose.com\/wp-content\/uploads\/2025\/12\/Trailer_brake_adjuster_spring_installed_on_semi-truck_drum_brake_system_for_proper_brake_adjustment.webp\",\"width\":1219,\"height\":1219},{\"@type\":\"BreadcrumbList\",\"@id\":\"https:\/\/airbrakehose.com\/es\/producto\/resortes-de-tension-de-alta-resistencia-15-cm-17-cm-20-cm-resortes-de-retorno-de-freno-galvanizados-victory-technology\/#breadcrumb\",\"itemListElement\":[{\"@type\":\"ListItem\",\"position\":1,\"name\":\"\u9996\u9875\",\"item\":\"https:\/\/airbrakehose.com\/es\/hogar\/\"},{\"@type\":\"ListItem\",\"position\":2,\"name\":\"Tienda\",\"item\":\"https:\/\/airbrakehose.com\/es\/tienda\/\"},{\"@type\":\"ListItem\",\"position\":3,\"name\":\"Resortes de tensi\u00f3n de alta resistencia (15 cm, 17 cm, 20 cm) &#8211; Resortes de retorno de freno galvanizados | Victory Technology\"}]},{\"@type\":\"WebSite\",\"@id\":\"https:\/\/airbrakehose.com\/es\/#website\",\"url\":\"https:\/\/airbrakehose.com\/es\/\",\"name\":\"Victory Technology\",\"description\":\"Industrial Hose &amp; Air Brake Solutions\",\"potentialAction\":[{\"@type\":\"SearchAction\",\"target\":{\"@type\":\"EntryPoint\",\"urlTemplate\":\"https:\/\/airbrakehose.com\/es\/?s={search_term_string}\"},\"query-input\":{\"@type\":\"PropertyValueSpecification\",\"valueRequired\":true,\"valueName\":\"search_term_string\"}}],\"inLanguage\":\"es\"}]}<\/script>\n<!-- \/ Yoast SEO Premium plugin. -->","yoast_head_json":{"title":"Resortes de tensi\u00f3n de alta resistencia (15 cm\/17 cm\/20 cm) - Retorno de freno | Victory Tech","description":"Compre resortes de tensi\u00f3n de alta resistencia. Resortes de retorno de freno galvanizados, disponibles en longitudes de 15 cm, 17 cm y 20 cm. Resistentes a la corrosi\u00f3n y de alta resistencia. Precio directo de f\u00e1brica.","robots":{"index":"index","follow":"follow","max-snippet":"max-snippet:-1","max-image-preview":"max-image-preview:large","max-video-preview":"max-video-preview:-1"},"canonical":"https:\/\/airbrakehose.com\/es\/producto\/resortes-de-tension-de-alta-resistencia-15-cm-17-cm-20-cm-resortes-de-retorno-de-freno-galvanizados-victory-technology\/","og_locale":"es_ES","og_type":"article","og_title":"Resortes de tensi\u00f3n de alta resistencia (15 cm, 17 cm, 20 cm) - Resortes de retorno de freno galvanizados | Victory Technology","og_description":"Compre resortes de tensi\u00f3n de alta resistencia. Resortes de retorno de freno galvanizados, disponibles en longitudes de 15 cm, 17 cm y 20 cm. Resistentes a la corrosi\u00f3n y de alta resistencia. Precio directo de f\u00e1brica.","og_url":"https:\/\/airbrakehose.com\/es\/producto\/resortes-de-tension-de-alta-resistencia-15-cm-17-cm-20-cm-resortes-de-retorno-de-freno-galvanizados-victory-technology\/","og_site_name":"Victory Tech.","article_publisher":"https:\/\/www.facebook.com\/aokeautoparts","og_image":[{"width":1219,"height":1219,"url":"https:\/\/airbrakehose.com\/wp-content\/uploads\/2025\/12\/Trailer_brake_adjuster_spring_installed_on_semi-truck_drum_brake_system_for_proper_brake_adjustment.webp","type":"image\/webp"}],"twitter_card":"summary_large_image","twitter_misc":{"Tiempo de lectura":"3 minutos"},"schema":{"@context":"https:\/\/schema.org","@graph":[{"@type":"WebPage","@id":"https:\/\/airbrakehose.com\/es\/producto\/resortes-de-tension-de-alta-resistencia-15-cm-17-cm-20-cm-resortes-de-retorno-de-freno-galvanizados-victory-technology\/","url":"https:\/\/airbrakehose.com\/es\/producto\/resortes-de-tension-de-alta-resistencia-15-cm-17-cm-20-cm-resortes-de-retorno-de-freno-galvanizados-victory-technology\/","name":"Resortes de tensi\u00f3n de alta resistencia (15 cm\/17 cm\/20 cm) - Retorno de freno | Victory Tech","isPartOf":{"@id":"https:\/\/airbrakehose.com\/es\/#website"},"primaryImageOfPage":{"@id":"https:\/\/airbrakehose.com\/es\/producto\/resortes-de-tension-de-alta-resistencia-15-cm-17-cm-20-cm-resortes-de-retorno-de-freno-galvanizados-victory-technology\/#primaryimage"},"image":{"@id":"https:\/\/airbrakehose.com\/es\/producto\/resortes-de-tension-de-alta-resistencia-15-cm-17-cm-20-cm-resortes-de-retorno-de-freno-galvanizados-victory-technology\/#primaryimage"},"thumbnailUrl":"https:\/\/airbrakehose.com\/wp-content\/uploads\/2025\/12\/Trailer_brake_adjuster_spring_installed_on_semi-truck_drum_brake_system_for_proper_brake_adjustment.webp","datePublished":"2025-12-10T07:40:28+00:00","description":"Compre resortes de tensi\u00f3n de alta resistencia. Resortes de retorno de freno galvanizados, disponibles en longitudes de 15 cm, 17 cm y 20 cm. Resistentes a la corrosi\u00f3n y de alta resistencia. Precio directo de f\u00e1brica.","breadcrumb":{"@id":"https:\/\/airbrakehose.com\/es\/producto\/resortes-de-tension-de-alta-resistencia-15-cm-17-cm-20-cm-resortes-de-retorno-de-freno-galvanizados-victory-technology\/#breadcrumb"},"inLanguage":"es","potentialAction":[{"@type":"ReadAction","target":["https:\/\/airbrakehose.com\/es\/producto\/resortes-de-tension-de-alta-resistencia-15-cm-17-cm-20-cm-resortes-de-retorno-de-freno-galvanizados-victory-technology\/"]}]},{"@type":"ImageObject","inLanguage":"es","@id":"https:\/\/airbrakehose.com\/es\/producto\/resortes-de-tension-de-alta-resistencia-15-cm-17-cm-20-cm-resortes-de-retorno-de-freno-galvanizados-victory-technology\/#primaryimage","url":"https:\/\/airbrakehose.com\/wp-content\/uploads\/2025\/12\/Trailer_brake_adjuster_spring_installed_on_semi-truck_drum_brake_system_for_proper_brake_adjustment.webp","contentUrl":"https:\/\/airbrakehose.com\/wp-content\/uploads\/2025\/12\/Trailer_brake_adjuster_spring_installed_on_semi-truck_drum_brake_system_for_proper_brake_adjustment.webp","width":1219,"height":1219},{"@type":"BreadcrumbList","@id":"https:\/\/airbrakehose.com\/es\/producto\/resortes-de-tension-de-alta-resistencia-15-cm-17-cm-20-cm-resortes-de-retorno-de-freno-galvanizados-victory-technology\/#breadcrumb","itemListElement":[{"@type":"ListItem","position":1,"name":"\u9996\u9875","item":"https:\/\/airbrakehose.com\/es\/hogar\/"},{"@type":"ListItem","position":2,"name":"Tienda","item":"https:\/\/airbrakehose.com\/es\/tienda\/"},{"@type":"ListItem","position":3,"name":"Resortes de tensi\u00f3n de alta resistencia (15 cm, 17 cm, 20 cm) &#8211; Resortes de retorno de freno galvanizados | Victory Technology"}]},{"@type":"WebSite","@id":"https:\/\/airbrakehose.com\/es\/#website","url":"https:\/\/airbrakehose.com\/es\/","name":"Victory Technology","description":"Industrial Hose &amp; Air Brake Solutions","potentialAction":[{"@type":"SearchAction","target":{"@type":"EntryPoint","urlTemplate":"https:\/\/airbrakehose.com\/es\/?s={search_term_string}"},"query-input":{"@type":"PropertyValueSpecification","valueRequired":true,"valueName":"search_term_string"}}],"inLanguage":"es"}]}},"_links":{"self":[{"href":"https:\/\/airbrakehose.com\/es\/wp-json\/wp\/v2\/product\/4386","targetHints":{"allow":["GET"]}}],"collection":[{"href":"https:\/\/airbrakehose.com\/es\/wp-json\/wp\/v2\/product"}],"about":[{"href":"https:\/\/airbrakehose.com\/es\/wp-json\/wp\/v2\/types\/product"}],"wp:featuredmedia":[{"embeddable":true,"href":"https:\/\/airbrakehose.com\/es\/wp-json\/wp\/v2\/media\/3434"}],"wp:attachment":[{"href":"https:\/\/airbrakehose.com\/es\/wp-json\/wp\/v2\/media?parent=4386"}],"wp:term":[{"taxonomy":"product_brand","embeddable":true,"href":"https:\/\/airbrakehose.com\/es\/wp-json\/wp\/v2\/product_brand?post=4386"},{"taxonomy":"product_cat","embeddable":true,"href":"https:\/\/airbrakehose.com\/es\/wp-json\/wp\/v2\/product_cat?post=4386"},{"taxonomy":"product_tag","embeddable":true,"href":"https:\/\/airbrakehose.com\/es\/wp-json\/wp\/v2\/product_tag?post=4386"}],"curies":[{"name":"wp","href":"https:\/\/api.w.org\/{rel}","templated":true}]}}