{"id":4301,"date":"2025-12-08T07:44:07","date_gmt":"2025-12-08T07:44:07","guid":{"rendered":"https:\/\/airbrakehose.com\/product\/accesorios-de-montaje-a-presion-para-mamparo-montaje-en-panel-series-pm-pmf-pml-victory-technology\/"},"modified":"2025-12-08T07:44:07","modified_gmt":"2025-12-08T07:44:07","slug":"accesorios-de-montaje-a-presion-para-mamparo-montaje-en-panel-series-pm-pmf-pml-victory-technology","status":"publish","type":"product","link":"https:\/\/airbrakehose.com\/es\/producto\/accesorios-de-montaje-a-presion-para-mamparo-montaje-en-panel-series-pm-pmf-pml-victory-technology\/","title":{"rendered":"Accesorios de montaje a presi\u00f3n para mamparo (montaje en panel) &#8211; Series PM\/PMF\/PML | Victory Technology"},"content":{"rendered":"<h4 data-path-to-node=\"9\"><b data-path-to-node=\"9\" data-index-in-node=\"0\">Enrutamiento seguro y organizado a trav\u00e9s del panel<\/b><\/h4>\n<p data-path-to-node=\"10\">Pasar una l\u00ednea de aire a trav\u00e9s de un panel de chapa met\u00e1lica o una carcasa de m\u00e1quina puede ser arriesgado: la vibraci\u00f3n puede provocar que el tubo roce contra el orificio, lo que puede provocar fugas. Los accesorios de presi\u00f3n de mamparo de Victory Technology solucionan este problema creando un punto de paso r\u00edgido y est\u00e1tico. El accesorio se fija al panel, aislando la tuber\u00eda del movimiento y el desgaste. <\/p>\n<h4 data-path-to-node=\"11\"><b data-path-to-node=\"11\" data-index-in-node=\"0\">Explora nuestras configuraciones de mamparo:<\/b><\/h4>\n<p data-path-to-node=\"12\"><b data-path-to-node=\"12\" data-index-in-node=\"0\">1\ufe0f\u20e3 Uni\u00f3n de mamparo (Serie APM\/PM)<\/b><\/p>\n<ul data-path-to-node=\"13\">\n<li>\n<p data-path-to-node=\"13,0,0\">Tipo: Tubo a tubo (recto).<\/p>\n<\/li>\n<li>\n<p data-path-to-node=\"13,1,0\">Funci\u00f3n: Conecta dos tubos del mismo tama\u00f1o a trav\u00e9s de un panel.<\/p>\n<\/li>\n<li>\n<p data-path-to-node=\"13,2,0\">Uso: Ideal para pasar l\u00edneas de aire largas a trav\u00e9s de rieles de chasis de camiones o para separar circuitos internos\/externos de m\u00e1quinas.<\/p>\n<\/li>\n<\/ul>\n<p data-path-to-node=\"14\"><b data-path-to-node=\"14\" data-index-in-node=\"0\">2\ufe0f\u20e3 Mamparo recto (serie APMF\/PMF)<\/b><\/p>\n<ul data-path-to-node=\"15\">\n<li>\n<p data-path-to-node=\"15,0,0\">Tipo: Rosca de tubo a hembra.<\/p>\n<\/li>\n<li>\n<p data-path-to-node=\"15,1,0\">Funci\u00f3n: Permite montar un componente roscado (como un man\u00f3metro o una v\u00e1lvula) en un lado de un panel, con una conexi\u00f3n de tubo a presi\u00f3n en el otro.<\/p>\n<\/li>\n<\/ul>\n<p data-path-to-node=\"16\"><b data-path-to-node=\"16\" data-index-in-node=\"0\">3\ufe0f\u20e3 Codo de mamparo (Serie APML\/PML)<\/b><\/p>\n<ul data-path-to-node=\"17\">\n<li>\n<p data-path-to-node=\"17,0,0\">Tipo: Tubo a rosca (90\u00b0).<\/p>\n<\/li>\n<li>\n<p data-path-to-node=\"17,1,0\">Funci\u00f3n: Paso en \u00e1ngulo recto.<\/p>\n<\/li>\n<li>\n<p data-path-to-node=\"17,2,0\">Uso: Perfecto para espacios reducidos detr\u00e1s de paneles de control donde el tubo debe girar 90\u00b0 inmediatamente despu\u00e9s de salir de la pared.<\/p>\n<\/li>\n<\/ul>\n<h4 data-path-to-node=\"18\"><b data-path-to-node=\"18\" data-index-in-node=\"0\">\u00bfPor qu\u00e9 elegir los accesorios Victory Bulkhead?<\/b><\/h4>\n<ul data-path-to-node=\"19\">\n<li>\n<p data-path-to-node=\"19,0,0\">Resistente a las vibraciones: la tuerca de bloqueo integrada garantiza que el ajuste se mantenga ajustado incluso en camiones pesados \u200b\u200by maquinaria agr\u00edcola.<\/p>\n<\/li>\n<li>\n<p data-path-to-node=\"19,1,0\">Montaje vers\u00e1til: Compatible con paneles de varios espesores.<\/p>\n<\/li>\n<li>\n<p data-path-to-node=\"19,2,0\">Amplia compatibilidad: Funciona a la perfecci\u00f3n con tubos de PA (nailon), PU y PE. Roscas m\u00e9tricas, BSP (G\/R) y NPT. <\/p>\n<\/li>\n<\/ul>\n<hr data-path-to-node=\"20\">\n<h3 data-path-to-node=\"21\">Amplia compatibilidad: Funciona a la perfecci\u00f3n con tubos de PA (nailon), PU y PE. Roscas m\u00e9tricas, BSP (G\/R) y NPT.<\/h3>\n<table data-path-to-node=\"22\">\n<thead>\n<tr>\n<td>Caracter\u00edstica<\/td>\n<td>Especificaci\u00f3n<\/td>\n<\/tr>\n<\/thead>\n<tbody>\n<tr>\n<td>Serie de productos<\/td>\n<td>Mampoco de inserci\u00f3n r\u00e1pida (PM\/PMF\/PML)<\/td>\n<\/tr>\n<tr>\n<td>Material<\/td>\n<td>Lat\u00f3n niquelado \/ Pol\u00edmero PBT<\/td>\n<\/tr>\n<tr>\n<td>Tama\u00f1o de la tuber\u00eda<\/td>\n<td>Sistemas m\u00e9tricos (4, 6, 8, 10, 12, 16 mm) e imperiales (1\/4&#8243; &#8211; 1\/2&#8243;)<\/td>\n<\/tr>\n<tr>\n<td>Est\u00e1ndares de rosca<\/td>\n<td>M\u00e9trico, NPT, BSPP, BSPT<\/td>\n<\/tr>\n<tr>\n<td>Montaje<\/td>\n<td>Incluye tuerca de seguridad hexagonal<\/td>\n<\/tr>\n<tr>\n<td>Presi\u00f3n de trabajo<\/td>\n<td>0 \u2013 150 PSI (1,0 MPa)<\/td>\n<\/tr>\n<tr>\n<td>Aplicaci\u00f3n<\/td>\n<td>Montaje en panel, enrutamiento de chasis<\/td>\n<\/tr>\n<\/tbody>\n<\/table>\n<hr data-path-to-node=\"23\">\n<h3 data-path-to-node=\"24\">\u2753 Preguntas frecuentes (FAQ)<\/h3>\n<p data-path-to-node=\"25\"><b data-path-to-node=\"25\" data-index-in-node=\"0\">P: \u00bfCu\u00e1l es la diferencia entre Bulkhead Union y Bulkhead Straight?<\/b><\/p>\n<blockquote data-path-to-node=\"26\">\n<p data-path-to-node=\"26,0\">R: Una uni\u00f3n de mamparo (PM) conecta la tuber\u00eda a ambos lados del panel. Una uni\u00f3n de mamparo recta (PMF) suele tener una rosca hembra en un lado y tuber\u00eda en el otro, lo que permite conectar un man\u00f3metro o una v\u00e1lvula. <\/p>\n<\/blockquote>\n<p data-path-to-node=\"27\"><b data-path-to-node=\"27\" data-index-in-node=\"0\">Q: \u00bfPueden estas manejar las vibraciones del cami\u00f3n?<\/b><\/p>\n<blockquote data-path-to-node=\"28\">\n<p data-path-to-node=\"28,0\">R: S\u00ed. Est\u00e1n dise\u00f1ados espec\u00edficamente para entornos con alta vibraci\u00f3n, como chasis de semirremolques y maquinaria industrial. La tuerca de seguridad evita que el accesorio se afloje.  <\/p>\n<\/blockquote>\n<p data-path-to-node=\"29\"><b data-path-to-node=\"29\" data-index-in-node=\"0\">P: \u00bfTienes estos para tubos imperiales?<\/b><\/p>\n<blockquote data-path-to-node=\"30\">\n<p data-path-to-node=\"30,0\">R: S\u00ed, ofrecemos accesorios de mamparo para tubos de 1\/4&#8243;, 3\/8&#8243; y 1\/2&#8243; con roscas NPT para el mercado de Am\u00e9rica del Norte.<\/p>\n<\/blockquote>\n<hr data-path-to-node=\"31\">\n<h3 data-path-to-node=\"32\">\ud83d\udce6 Embalaje directo de f\u00e1brica (B2B)<\/h3>\n<ul data-path-to-node=\"33\">\n<li>\n<p data-path-to-node=\"33,0,0\">Bolsas a granel: 50\/100 piezas por bolsa.<\/p>\n<\/li>\n<li>\n<p data-path-to-node=\"33,1,0\">Opciones del kit: Se puede empaquetar con juntas t\u00f3ricas o arandelas correspondientes.<\/p>\n<\/li>\n<li>\n<p data-path-to-node=\"33,2,0\">Etiquetado: Identificaci\u00f3n clara del tama\u00f1o (por ejemplo, \u00abUni\u00f3n de mamparo de 8 mm\u00bb).<\/p>\n<\/li>\n<\/ul>\n<hr data-path-to-node=\"34\">\n<h3 data-path-to-node=\"35\">\ud83d\ude80 Obtenga una cotizaci\u00f3n de precio de f\u00e1brica ahora<\/h3>\n<p>\u00bfNecesitas asegurar tus l\u00edneas a\u00e9reas?<\/p>\n<p>Complete el formulario a continuaci\u00f3n para obtener nuestro cat\u00e1logo completo de accesorios de mamparo.<\/p>\n<p data-path-to-node=\"37\"><code data-path-to-node=\"37\" data-index-in-node=\"0\"><div class=\"wpforms-container \" id=\"wpforms-2617\"><form id=\"wpforms-form-2617\" class=\"wpforms-validate wpforms-form wpforms-ajax-form\" data-formid=\"2617\" method=\"post\" enctype=\"multipart\/form-data\" action=\"\/es\/wp-json\/wp\/v2\/product\/4301\" data-token=\"af4e39966c1e26775f42a1aaaad9153d\" data-token-time=\"1775991670\"><noscript class=\"wpforms-error-noscript\">Por favor, activa JavaScript en tu navegador para completar este formulario.<\/noscript><div class=\"wpforms-field-container\"><div id=\"wpforms-2617-field_1-container\" class=\"wpforms-field wpforms-field-name\" data-field-id=\"1\"><label class=\"wpforms-field-label\" for=\"wpforms-2617-field_1\">Nombre <span class=\"wpforms-required-label\">*<\/span><\/label><input type=\"text\" id=\"wpforms-2617-field_1\" class=\"wpforms-field-large wpforms-field-required\" name=\"wpforms[fields][1]\" required><\/div><div id=\"wpforms-2617-field_2-container\" class=\"wpforms-field wpforms-field-email\" data-field-id=\"2\"><label class=\"wpforms-field-label\" for=\"wpforms-2617-field_2\">Correo electr\u00f3nico <span class=\"wpforms-required-label\">*<\/span><\/label><input type=\"email\" id=\"wpforms-2617-field_2\" class=\"wpforms-field-large wpforms-field-required\" name=\"wpforms[fields][2]\" spellcheck=\"false\" required><\/div><div id=\"wpforms-2617-field_4-container\" class=\"wpforms-field wpforms-field-text\" data-field-id=\"4\"><label class=\"wpforms-field-label\" for=\"wpforms-2617-field_4\">Tel.<\/label><input type=\"text\" id=\"wpforms-2617-field_4\" class=\"wpforms-field-medium\" name=\"wpforms[fields][4]\" ><\/div><div id=\"wpforms-2617-field_3-container\" class=\"wpforms-field wpforms-field-textarea\" data-field-id=\"3\"><label class=\"wpforms-field-label\" for=\"wpforms-2617-field_3\"> Mensaje<\/label><textarea id=\"wpforms-2617-field_3\" class=\"wpforms-field-medium\" name=\"wpforms[fields][3]\" ><\/textarea><\/div><\/div><!-- .wpforms-field-container --><div class=\"wpforms-submit-container\" ><input type=\"hidden\" name=\"wpforms[id]\" value=\"2617\"><input type=\"hidden\" name=\"page_title\" value=\"\"><input type=\"hidden\" name=\"page_url\" value=\"https:\/\/airbrakehose.com\/es\/wp-json\/wp\/v2\/product\/4301\"><input type=\"hidden\" name=\"url_referer\" value=\"\"><button type=\"submit\" name=\"wpforms[submit]\" id=\"wpforms-submit-2617\" class=\"wpforms-submit\" data-alt-text=\"Enviando...\" data-submit-text=\"Enviar mensaje\" aria-live=\"assertive\" value=\"wpforms-submit\">Enviar mensaje<\/button><img decoding=\"async\" src=\"https:\/\/airbrakehose.com\/wp-content\/plugins\/wpforms\/assets\/images\/submit-spin.svg\" class=\"wpforms-submit-spinner\" style=\"display: none;\" width=\"26\" height=\"26\" alt=\"Cargando\"><\/div><\/form><\/div>  <!-- .wpforms-container --><\/code><\/p>\n","protected":false},"excerpt":{"rendered":"<p data-start=\"1417\" data-end=\"1642\">Accesorios neum\u00e1ticos de mamparo para montaje en panel, dise\u00f1ados para el tendido seguro de tubos a trav\u00e9s de paredes y armarios. Disponibles en versiones rectas, acodadas y de uni\u00f3n para camiones, remolques, equipos de automatizaci\u00f3n y sistemas de aire industriales. <\/p>\n","protected":false},"featured_media":3368,"template":"","meta":{"_monsterinsights_skip_tracking":false,"_monsterinsights_sitenote_active":false,"_monsterinsights_sitenote_note":"","_monsterinsights_sitenote_category":0,"site-sidebar-layout":"default","site-content-layout":"","ast-site-content-layout":"default","site-content-style":"default","site-sidebar-style":"default","ast-global-header-display":"","ast-banner-title-visibility":"","ast-main-header-display":"","ast-hfb-above-header-display":"","ast-hfb-below-header-display":"","ast-hfb-mobile-header-display":"","site-post-title":"","ast-breadcrumbs-content":"","ast-featured-img":"","footer-sml-layout":"","ast-disable-related-posts":"","theme-transparent-header-meta":"default","adv-header-id-meta":"","stick-header-meta":"","header-above-stick-meta":"","header-main-stick-meta":"","header-below-stick-meta":"","astra-migrate-meta-layouts":"default","ast-page-background-enabled":"default","ast-page-background-meta":{"desktop":{"background-color":"","background-image":"","background-repeat":"repeat","background-position":"center center","background-size":"auto","background-attachment":"scroll","background-type":"","background-media":"","overlay-type":"","overlay-color":"","overlay-opacity":"","overlay-gradient":""},"tablet":{"background-color":"","background-image":"","background-repeat":"repeat","background-position":"center center","background-size":"auto","background-attachment":"scroll","background-type":"","background-media":"","overlay-type":"","overlay-color":"","overlay-opacity":"","overlay-gradient":""},"mobile":{"background-color":"","background-image":"","background-repeat":"repeat","background-position":"center center","background-size":"auto","background-attachment":"scroll","background-type":"","background-media":"","overlay-type":"","overlay-color":"","overlay-opacity":"","overlay-gradient":""}},"ast-content-background-meta":{"desktop":{"background-color":"var(--ast-global-color-5)","background-image":"","background-repeat":"repeat","background-position":"center center","background-size":"auto","background-attachment":"scroll","background-type":"","background-media":"","overlay-type":"","overlay-color":"","overlay-opacity":"","overlay-gradient":""},"tablet":{"background-color":"var(--ast-global-color-5)","background-image":"","background-repeat":"repeat","background-position":"center center","background-size":"auto","background-attachment":"scroll","background-type":"","background-media":"","overlay-type":"","overlay-color":"","overlay-opacity":"","overlay-gradient":""},"mobile":{"background-color":"var(--ast-global-color-5)","background-image":"","background-repeat":"repeat","background-position":"center center","background-size":"auto","background-attachment":"scroll","background-type":"","background-media":"","overlay-type":"","overlay-color":"","overlay-opacity":"","overlay-gradient":""}},"_joinchat":[]},"product_brand":[1193],"product_cat":[2566,2499],"product_tag":[2752,2744,2741,2746,2757,2750,2743,2761,2759,2756,2758,2747,2762,2760,2753,2748,2745,2742,2754,2749,2328,2755,2751],"class_list":{"0":"post-4301","1":"product","2":"type-product","3":"status-publish","4":"has-post-thumbnail","6":"product_brand-victory-tech","7":"product_cat-conexiones-neumaticas-de-conexion-a-presion-industriales","8":"product_cat-herramientas-y-accesorios-neumaticos","9":"product_tag-accesorio-de-aire-para-mamparo-de-remolque-de-camion","10":"product_tag-accesorio-de-codo-de-mamparo","11":"product_tag-accesorio-de-insercion-a-presion-para-mamparo","12":"product_tag-accesorio-de-mamparo-de-conexion-a-presion","13":"product_tag-accesorio-de-montaje-en-panel","14":"product_tag-accesorio-de-montaje-en-panel-de-linea-de-aire","15":"product_tag-accesorio-neumatico-recto-de-mamparo","16":"product_tag-accesorio-pasante","17":"product_tag-accesorio-pmf","18":"product_tag-accesorios-de-chasis","19":"product_tag-ajuste-de-pm","20":"product_tag-alternativa-de-montaje-de-mamparo-smc","21":"product_tag-ancla-de-linea-de-aire","22":"product_tag-codo-pml","23":"product_tag-conector-de-codo-de-mamparo-de-90-grados","24":"product_tag-conector-de-montaje-en-panel-festo","25":"product_tag-conector-de-tubo-de-mamparo","26":"product_tag-conector-neumatico-de-montaje-en-panel","27":"product_tag-mamparo-neumatico","28":"product_tag-sustitucion-de-mamparo-legris-a-presion","29":"product_tag-tecnologia-de-la-victoria","30":"product_tag-union-de-mamparo","31":"product_tag-union-de-mamparo-neumatica","32":"desktop-align-left","33":"tablet-align-left","34":"mobile-align-left","36":"first","37":"instock","38":"shipping-taxable","39":"product-type-simple"},"yoast_head":"<!-- This site is optimized with the Yoast SEO Premium plugin v26.4 (Yoast SEO v27.0) - https:\/\/yoast.com\/product\/yoast-seo-premium-wordpress\/ -->\n<title>Accesorios de mamparo a presi\u00f3n (montaje en panel) - Rectos y acodados | Victory Tech<\/title>\n<meta name=\"description\" content=\"Compre accesorios de conexi\u00f3n r\u00e1pida de mamparo. Conectores neum\u00e1ticos de montaje en panel para el paso de l\u00edneas de aire a trav\u00e9s de chasis y carcasas. Dise\u00f1o con tuerca de seguridad resistente a vibraciones. Tipos recto, acodado y de uni\u00f3n.\" \/>\n<meta name=\"robots\" content=\"index, follow, max-snippet:-1, max-image-preview:large, max-video-preview:-1\" \/>\n<link rel=\"canonical\" href=\"https:\/\/airbrakehose.com\/es\/producto\/accesorios-de-montaje-a-presion-para-mamparo-montaje-en-panel-series-pm-pmf-pml-victory-technology\/\" \/>\n<meta property=\"og:locale\" content=\"es_ES\" \/>\n<meta property=\"og:type\" content=\"article\" \/>\n<meta property=\"og:title\" content=\"Accesorios de montaje a presi\u00f3n para mamparo (montaje en panel) - Series PM\/PMF\/PML | Victory Technology\" \/>\n<meta property=\"og:description\" content=\"Compre accesorios de conexi\u00f3n r\u00e1pida de mamparo. Conectores neum\u00e1ticos de montaje en panel para el paso de l\u00edneas de aire a trav\u00e9s de chasis y carcasas. Dise\u00f1o con tuerca de seguridad resistente a vibraciones. Tipos recto, acodado y de uni\u00f3n.\" \/>\n<meta property=\"og:url\" content=\"https:\/\/airbrakehose.com\/es\/producto\/accesorios-de-montaje-a-presion-para-mamparo-montaje-en-panel-series-pm-pmf-pml-victory-technology\/\" \/>\n<meta property=\"og:site_name\" content=\"Victory Tech.\" \/>\n<meta property=\"article:publisher\" content=\"https:\/\/www.facebook.com\/aokeautoparts\" \/>\n<meta property=\"og:image\" content=\"https:\/\/airbrakehose.com\/wp-content\/uploads\/2025\/12\/1749082244886.png\" \/>\n\t<meta property=\"og:image:width\" content=\"561\" \/>\n\t<meta property=\"og:image:height\" content=\"294\" \/>\n\t<meta property=\"og:image:type\" content=\"image\/png\" \/>\n<meta name=\"twitter:card\" content=\"summary_large_image\" \/>\n<meta name=\"twitter:label1\" content=\"Tiempo de lectura\" \/>\n\t<meta name=\"twitter:data1\" content=\"3 minutos\" \/>\n<script type=\"application\/ld+json\" class=\"yoast-schema-graph\">{\"@context\":\"https:\/\/schema.org\",\"@graph\":[{\"@type\":\"WebPage\",\"@id\":\"https:\/\/airbrakehose.com\/es\/producto\/accesorios-de-montaje-a-presion-para-mamparo-montaje-en-panel-series-pm-pmf-pml-victory-technology\/\",\"url\":\"https:\/\/airbrakehose.com\/es\/producto\/accesorios-de-montaje-a-presion-para-mamparo-montaje-en-panel-series-pm-pmf-pml-victory-technology\/\",\"name\":\"Accesorios de mamparo a presi\u00f3n (montaje en panel) - Rectos y acodados | Victory Tech\",\"isPartOf\":{\"@id\":\"https:\/\/airbrakehose.com\/es\/#website\"},\"primaryImageOfPage\":{\"@id\":\"https:\/\/airbrakehose.com\/es\/producto\/accesorios-de-montaje-a-presion-para-mamparo-montaje-en-panel-series-pm-pmf-pml-victory-technology\/#primaryimage\"},\"image\":{\"@id\":\"https:\/\/airbrakehose.com\/es\/producto\/accesorios-de-montaje-a-presion-para-mamparo-montaje-en-panel-series-pm-pmf-pml-victory-technology\/#primaryimage\"},\"thumbnailUrl\":\"https:\/\/airbrakehose.com\/wp-content\/uploads\/2025\/12\/1749082244886.png\",\"datePublished\":\"2025-12-08T07:44:07+00:00\",\"description\":\"Compre accesorios de conexi\u00f3n r\u00e1pida de mamparo. Conectores neum\u00e1ticos de montaje en panel para el paso de l\u00edneas de aire a trav\u00e9s de chasis y carcasas. Dise\u00f1o con tuerca de seguridad resistente a vibraciones. Tipos recto, acodado y de uni\u00f3n.\",\"breadcrumb\":{\"@id\":\"https:\/\/airbrakehose.com\/es\/producto\/accesorios-de-montaje-a-presion-para-mamparo-montaje-en-panel-series-pm-pmf-pml-victory-technology\/#breadcrumb\"},\"inLanguage\":\"es\",\"potentialAction\":[{\"@type\":\"ReadAction\",\"target\":[\"https:\/\/airbrakehose.com\/es\/producto\/accesorios-de-montaje-a-presion-para-mamparo-montaje-en-panel-series-pm-pmf-pml-victory-technology\/\"]}]},{\"@type\":\"ImageObject\",\"inLanguage\":\"es\",\"@id\":\"https:\/\/airbrakehose.com\/es\/producto\/accesorios-de-montaje-a-presion-para-mamparo-montaje-en-panel-series-pm-pmf-pml-victory-technology\/#primaryimage\",\"url\":\"https:\/\/airbrakehose.com\/wp-content\/uploads\/2025\/12\/1749082244886.png\",\"contentUrl\":\"https:\/\/airbrakehose.com\/wp-content\/uploads\/2025\/12\/1749082244886.png\",\"width\":561,\"height\":294},{\"@type\":\"BreadcrumbList\",\"@id\":\"https:\/\/airbrakehose.com\/es\/producto\/accesorios-de-montaje-a-presion-para-mamparo-montaje-en-panel-series-pm-pmf-pml-victory-technology\/#breadcrumb\",\"itemListElement\":[{\"@type\":\"ListItem\",\"position\":1,\"name\":\"\u9996\u9875\",\"item\":\"https:\/\/airbrakehose.com\/es\/hogar\/\"},{\"@type\":\"ListItem\",\"position\":2,\"name\":\"Tienda\",\"item\":\"https:\/\/airbrakehose.com\/es\/tienda\/\"},{\"@type\":\"ListItem\",\"position\":3,\"name\":\"Accesorios de montaje a presi\u00f3n para mamparo (montaje en panel) &#8211; Series PM\/PMF\/PML | Victory Technology\"}]},{\"@type\":\"WebSite\",\"@id\":\"https:\/\/airbrakehose.com\/es\/#website\",\"url\":\"https:\/\/airbrakehose.com\/es\/\",\"name\":\"Victory Technology\",\"description\":\"Industrial Hose &amp; Air Brake Solutions\",\"potentialAction\":[{\"@type\":\"SearchAction\",\"target\":{\"@type\":\"EntryPoint\",\"urlTemplate\":\"https:\/\/airbrakehose.com\/es\/?s={search_term_string}\"},\"query-input\":{\"@type\":\"PropertyValueSpecification\",\"valueRequired\":true,\"valueName\":\"search_term_string\"}}],\"inLanguage\":\"es\"}]}<\/script>\n<!-- \/ Yoast SEO Premium plugin. -->","yoast_head_json":{"title":"Accesorios de mamparo a presi\u00f3n (montaje en panel) - Rectos y acodados | Victory Tech","description":"Compre accesorios de conexi\u00f3n r\u00e1pida de mamparo. Conectores neum\u00e1ticos de montaje en panel para el paso de l\u00edneas de aire a trav\u00e9s de chasis y carcasas. Dise\u00f1o con tuerca de seguridad resistente a vibraciones. Tipos recto, acodado y de uni\u00f3n.","robots":{"index":"index","follow":"follow","max-snippet":"max-snippet:-1","max-image-preview":"max-image-preview:large","max-video-preview":"max-video-preview:-1"},"canonical":"https:\/\/airbrakehose.com\/es\/producto\/accesorios-de-montaje-a-presion-para-mamparo-montaje-en-panel-series-pm-pmf-pml-victory-technology\/","og_locale":"es_ES","og_type":"article","og_title":"Accesorios de montaje a presi\u00f3n para mamparo (montaje en panel) - Series PM\/PMF\/PML | Victory Technology","og_description":"Compre accesorios de conexi\u00f3n r\u00e1pida de mamparo. Conectores neum\u00e1ticos de montaje en panel para el paso de l\u00edneas de aire a trav\u00e9s de chasis y carcasas. Dise\u00f1o con tuerca de seguridad resistente a vibraciones. Tipos recto, acodado y de uni\u00f3n.","og_url":"https:\/\/airbrakehose.com\/es\/producto\/accesorios-de-montaje-a-presion-para-mamparo-montaje-en-panel-series-pm-pmf-pml-victory-technology\/","og_site_name":"Victory Tech.","article_publisher":"https:\/\/www.facebook.com\/aokeautoparts","og_image":[{"width":561,"height":294,"url":"https:\/\/airbrakehose.com\/wp-content\/uploads\/2025\/12\/1749082244886.png","type":"image\/png"}],"twitter_card":"summary_large_image","twitter_misc":{"Tiempo de lectura":"3 minutos"},"schema":{"@context":"https:\/\/schema.org","@graph":[{"@type":"WebPage","@id":"https:\/\/airbrakehose.com\/es\/producto\/accesorios-de-montaje-a-presion-para-mamparo-montaje-en-panel-series-pm-pmf-pml-victory-technology\/","url":"https:\/\/airbrakehose.com\/es\/producto\/accesorios-de-montaje-a-presion-para-mamparo-montaje-en-panel-series-pm-pmf-pml-victory-technology\/","name":"Accesorios de mamparo a presi\u00f3n (montaje en panel) - Rectos y acodados | Victory Tech","isPartOf":{"@id":"https:\/\/airbrakehose.com\/es\/#website"},"primaryImageOfPage":{"@id":"https:\/\/airbrakehose.com\/es\/producto\/accesorios-de-montaje-a-presion-para-mamparo-montaje-en-panel-series-pm-pmf-pml-victory-technology\/#primaryimage"},"image":{"@id":"https:\/\/airbrakehose.com\/es\/producto\/accesorios-de-montaje-a-presion-para-mamparo-montaje-en-panel-series-pm-pmf-pml-victory-technology\/#primaryimage"},"thumbnailUrl":"https:\/\/airbrakehose.com\/wp-content\/uploads\/2025\/12\/1749082244886.png","datePublished":"2025-12-08T07:44:07+00:00","description":"Compre accesorios de conexi\u00f3n r\u00e1pida de mamparo. Conectores neum\u00e1ticos de montaje en panel para el paso de l\u00edneas de aire a trav\u00e9s de chasis y carcasas. Dise\u00f1o con tuerca de seguridad resistente a vibraciones. Tipos recto, acodado y de uni\u00f3n.","breadcrumb":{"@id":"https:\/\/airbrakehose.com\/es\/producto\/accesorios-de-montaje-a-presion-para-mamparo-montaje-en-panel-series-pm-pmf-pml-victory-technology\/#breadcrumb"},"inLanguage":"es","potentialAction":[{"@type":"ReadAction","target":["https:\/\/airbrakehose.com\/es\/producto\/accesorios-de-montaje-a-presion-para-mamparo-montaje-en-panel-series-pm-pmf-pml-victory-technology\/"]}]},{"@type":"ImageObject","inLanguage":"es","@id":"https:\/\/airbrakehose.com\/es\/producto\/accesorios-de-montaje-a-presion-para-mamparo-montaje-en-panel-series-pm-pmf-pml-victory-technology\/#primaryimage","url":"https:\/\/airbrakehose.com\/wp-content\/uploads\/2025\/12\/1749082244886.png","contentUrl":"https:\/\/airbrakehose.com\/wp-content\/uploads\/2025\/12\/1749082244886.png","width":561,"height":294},{"@type":"BreadcrumbList","@id":"https:\/\/airbrakehose.com\/es\/producto\/accesorios-de-montaje-a-presion-para-mamparo-montaje-en-panel-series-pm-pmf-pml-victory-technology\/#breadcrumb","itemListElement":[{"@type":"ListItem","position":1,"name":"\u9996\u9875","item":"https:\/\/airbrakehose.com\/es\/hogar\/"},{"@type":"ListItem","position":2,"name":"Tienda","item":"https:\/\/airbrakehose.com\/es\/tienda\/"},{"@type":"ListItem","position":3,"name":"Accesorios de montaje a presi\u00f3n para mamparo (montaje en panel) &#8211; Series PM\/PMF\/PML | Victory Technology"}]},{"@type":"WebSite","@id":"https:\/\/airbrakehose.com\/es\/#website","url":"https:\/\/airbrakehose.com\/es\/","name":"Victory Technology","description":"Industrial Hose &amp; Air Brake Solutions","potentialAction":[{"@type":"SearchAction","target":{"@type":"EntryPoint","urlTemplate":"https:\/\/airbrakehose.com\/es\/?s={search_term_string}"},"query-input":{"@type":"PropertyValueSpecification","valueRequired":true,"valueName":"search_term_string"}}],"inLanguage":"es"}]}},"_links":{"self":[{"href":"https:\/\/airbrakehose.com\/es\/wp-json\/wp\/v2\/product\/4301","targetHints":{"allow":["GET"]}}],"collection":[{"href":"https:\/\/airbrakehose.com\/es\/wp-json\/wp\/v2\/product"}],"about":[{"href":"https:\/\/airbrakehose.com\/es\/wp-json\/wp\/v2\/types\/product"}],"wp:featuredmedia":[{"embeddable":true,"href":"https:\/\/airbrakehose.com\/es\/wp-json\/wp\/v2\/media\/3368"}],"wp:attachment":[{"href":"https:\/\/airbrakehose.com\/es\/wp-json\/wp\/v2\/media?parent=4301"}],"wp:term":[{"taxonomy":"product_brand","embeddable":true,"href":"https:\/\/airbrakehose.com\/es\/wp-json\/wp\/v2\/product_brand?post=4301"},{"taxonomy":"product_cat","embeddable":true,"href":"https:\/\/airbrakehose.com\/es\/wp-json\/wp\/v2\/product_cat?post=4301"},{"taxonomy":"product_tag","embeddable":true,"href":"https:\/\/airbrakehose.com\/es\/wp-json\/wp\/v2\/product_tag?post=4301"}],"curies":[{"name":"wp","href":"https:\/\/api.w.org\/{rel}","templated":true}]}}