{"id":4241,"date":"2025-12-04T02:50:54","date_gmt":"2025-12-04T02:50:54","guid":{"rendered":"https:\/\/airbrakehose.com\/product\/cable-electrico-enrollado-de-7-vias-para-remolque-conector-de-aluminio-a-conector-flexible-sae-j560-victory-technology\/"},"modified":"2025-12-04T02:50:54","modified_gmt":"2025-12-04T02:50:54","slug":"cable-electrico-enrollado-de-7-vias-para-remolque-conector-de-aluminio-a-conector-flexible-sae-j560-victory-technology","status":"publish","type":"product","link":"https:\/\/airbrakehose.com\/es\/producto\/cable-electrico-enrollado-de-7-vias-para-remolque-conector-de-aluminio-a-conector-flexible-sae-j560-victory-technology\/","title":{"rendered":"Cable el\u00e9ctrico enrollado de 7 v\u00edas para remolque (conector de aluminio a conector flexible) &#8211; SAE J560 | Victory Technology"},"content":{"rendered":"<h3 data-path-to-node=\"11\">\ud83d\udccc Descripci\u00f3n general del producto<\/h3>\n<p data-path-to-node=\"12\"><b data-path-to-node=\"12\" data-index-in-node=\"0\">Preparado para caja de conexiones. Dise\u00f1ado para modernizaciones de servicio pesado. <\/b><\/p>\n<p data-path-to-node=\"13\">Al reemplazar una conexi\u00f3n de remolque da\u00f1ada, necesita un cable que se integre perfectamente con su cableado existente. El cable en espiral de 7 v\u00edas (versi\u00f3n flexible) de Victory Technology est\u00e1 dise\u00f1ado para la conexi\u00f3n directa a las cajas de conexiones del remolque.<\/p>\n<p data-path-to-node=\"14\">Fabricado en nuestras instalaciones de Zhuji Aoke, este conjunto cuenta con un robusto conector de aleaci\u00f3n de aluminio en el extremo del tractor para una mayor resistencia a los impactos. El extremo del remolque termina en cables flexibles codificados por color (con conector de arn\u00e9s preterminado opcional), lo que lo prepara para su instalaci\u00f3n inmediata en su bloque de distribuci\u00f3n. <\/p>\n<ul data-path-to-node=\"15\">\n<li>\n<p data-path-to-node=\"15,0,0\">La ventaja de Victory: utilizamos cobre de alta conductividad y un revestimiento de grado \u00e1rtico para garantizar que la conexi\u00f3n cableada dure tanto como el propio remolque.<\/p>\n<\/li>\n<\/ul>\n<hr data-path-to-node=\"16\">\n<h3 data-path-to-node=\"17\">\ud83d\udd39 \u00bfPor qu\u00e9 elegir este cable r\u00edgido\/cable flexible?<\/h3>\n<ul data-path-to-node=\"18\">\n<li>\u2705 Tap\u00f3n de aleaci\u00f3n de aluminio (extremo del tractor):\n<p>Dise\u00f1ado para resistir ca\u00eddas. El conector de 7 v\u00edas est\u00e1 fabricado con aleaci\u00f3n de aluminio de alta resistencia, lo que ofrece mayor resistencia a las grietas que el pl\u00e1stico y es m\u00e1s ligero que el zinc. Cuenta con un protector de resorte de acero de alta resistencia para evitar que se doble en la interfaz del conector.  <\/li>\n<li>\u2705 Caja de conexiones lista (extremo del remolque):\n<p>Dise\u00f1ado para instalaci\u00f3n profesional. El cable cuenta con conductores prepelados y codificados por color (o conector de bloque de terminales preinstalado) para un cableado r\u00e1pido en cajas de conexiones est\u00e1ndar de 7 v\u00edas. No es necesario cortar un enchufe innecesario.  <\/li>\n<li>\u2705 Conductividad 100% de cobre:\n<p>Fundamental para sistemas cableados. Utilizamos cableado de cobre 100 % libre de ox\u00edgeno para garantizar una ca\u00edda de tensi\u00f3n m\u00ednima desde el cami\u00f3n hasta las luces traseras del remolque. <\/li>\n<li>\u2705 Flexibilidad para todo tipo de clima:\n<p>La funda protectora negra est\u00e1 formulada para mantener su flexibilidad hasta -40 \u00b0C. Resiste la grasa, el aceite y la flexi\u00f3n constante de la secci\u00f3n enrollada. <\/li>\n<\/ul>\n<hr data-path-to-node=\"19\">\n<h3 data-path-to-node=\"20\">\ud83d\udd38 Especificaciones t\u00e9cnicas<\/h3>\n<p data-path-to-node=\"21\"><i data-path-to-node=\"21\" data-index-in-node=\"0\">Fabricado seg\u00fan est\u00e1ndares SAE.<\/i><\/p>\n<table data-path-to-node=\"22\">\n<thead>\n<tr>\n<td>Caracter\u00edstica<\/td>\n<td>Especificaci\u00f3n<\/td>\n<\/tr>\n<\/thead>\n<tbody>\n<tr>\n<td>Conector A (lado del cami\u00f3n)<\/td>\n<td>Conector de aleaci\u00f3n de aluminio de 7 v\u00edas (SAE J560)<\/td>\n<\/tr>\n<tr>\n<td>Conector B (lado del remolque)<\/td>\n<td>Cables despuntados\/conectores flexibles (preparados para cableado fijo)<\/td>\n<\/tr>\n<tr>\n<td>Configuraci\u00f3n de cables<\/td>\n<td>7 cables (colores de iluminaci\u00f3n est\u00e1ndar)<\/td>\n<\/tr>\n<tr>\n<td>Material conductor<\/td>\n<td>Cobre 100 % libre de ox\u00edgeno<\/td>\n<\/tr>\n<tr>\n<td>Material de la cubierta<\/td>\n<td>Bobina negra de alta flexibilidad (resistente al aceite y a los rayos UV)<\/td>\n<\/tr>\n<tr>\n<td>Rango de temperatura<\/td>\n<td>-40 \u00b0C a +105 \u00b0C (-40 \u00b0F a +221 \u00b0F)<\/td>\n<\/tr>\n<tr>\n<td>Aplicaci\u00f3n<\/td>\n<td>Cableado de caja de conexiones, construcci\u00f3n de remolques OEM<\/td>\n<\/tr>\n<\/tbody>\n<\/table>\n<hr data-path-to-node=\"23\">\n<h3 data-path-to-node=\"24\">\ud83d\udd39 Aplicaciones<\/h3>\n<ul data-path-to-node=\"25\">\n<li>\n<p data-path-to-node=\"25,0,0\">Fabricaci\u00f3n de remolques: Instalaci\u00f3n directa en cajas de conexiones de remolques nuevos.<\/p>\n<\/li>\n<li>\n<p data-path-to-node=\"25,1,0\">Reparaci\u00f3n de flotas: Reemplazo de cables de alimentaci\u00f3n principales da\u00f1ados sin reemplazar todo el conjunto de enchufes.<\/p>\n<\/li>\n<li>\n<p data-path-to-node=\"25,2,0\">Plataformas personalizadas: ideales para plataformas o remolques utilitarios que requieren una conexi\u00f3n cableada.<\/p>\n<\/li>\n<\/ul>\n<hr data-path-to-node=\"26\">\n<h3 data-path-to-node=\"27\">\ud83d\ude80 Obtenga una cotizaci\u00f3n de precio de f\u00e1brica ahora<\/h3>\n<p>\u00bfListo para ordenar? Ya sea que necesite una sola caja o un contenedor de 40 HQ, estamos listos para servirle. <\/p>\n<p>Complete el formulario a continuaci\u00f3n para obtener nuestro \u00faltimo cat\u00e1logo y lista de precios al por mayor.<\/p>\n<p data-path-to-node=\"29\"><code data-path-to-node=\"29\" data-index-in-node=\"0\"><div class=\"wpforms-container \" id=\"wpforms-2617\"><form id=\"wpforms-form-2617\" class=\"wpforms-validate wpforms-form wpforms-ajax-form\" data-formid=\"2617\" method=\"post\" enctype=\"multipart\/form-data\" action=\"\/es\/wp-json\/wp\/v2\/product\/4241\" data-token=\"8b901e237d33e909e914636a3a72eb39\" data-token-time=\"1776367399\"><noscript class=\"wpforms-error-noscript\">Por favor, activa JavaScript en tu navegador para completar este formulario.<\/noscript><div class=\"wpforms-field-container\"><div id=\"wpforms-2617-field_1-container\" class=\"wpforms-field wpforms-field-name\" data-field-id=\"1\"><label class=\"wpforms-field-label\" for=\"wpforms-2617-field_1\">Nombre <span class=\"wpforms-required-label\">*<\/span><\/label><input type=\"text\" id=\"wpforms-2617-field_1\" class=\"wpforms-field-large wpforms-field-required\" name=\"wpforms[fields][1]\" required><\/div><div id=\"wpforms-2617-field_2-container\" class=\"wpforms-field wpforms-field-email\" data-field-id=\"2\"><label class=\"wpforms-field-label\" for=\"wpforms-2617-field_2\">Correo electr\u00f3nico <span class=\"wpforms-required-label\">*<\/span><\/label><input type=\"email\" id=\"wpforms-2617-field_2\" class=\"wpforms-field-large wpforms-field-required\" name=\"wpforms[fields][2]\" spellcheck=\"false\" required><\/div><div id=\"wpforms-2617-field_4-container\" class=\"wpforms-field wpforms-field-text\" data-field-id=\"4\"><label class=\"wpforms-field-label\" for=\"wpforms-2617-field_4\">Tel.<\/label><input type=\"text\" id=\"wpforms-2617-field_4\" class=\"wpforms-field-medium\" name=\"wpforms[fields][4]\" ><\/div><div id=\"wpforms-2617-field_3-container\" class=\"wpforms-field wpforms-field-textarea\" data-field-id=\"3\"><label class=\"wpforms-field-label\" for=\"wpforms-2617-field_3\"> Mensaje<\/label><textarea id=\"wpforms-2617-field_3\" class=\"wpforms-field-medium\" name=\"wpforms[fields][3]\" ><\/textarea><\/div><\/div><!-- .wpforms-field-container --><div class=\"wpforms-submit-container\" ><input type=\"hidden\" name=\"wpforms[id]\" value=\"2617\"><input type=\"hidden\" name=\"page_title\" value=\"\"><input type=\"hidden\" name=\"page_url\" value=\"https:\/\/airbrakehose.com\/es\/wp-json\/wp\/v2\/product\/4241\"><input type=\"hidden\" name=\"url_referer\" value=\"\"><button type=\"submit\" name=\"wpforms[submit]\" id=\"wpforms-submit-2617\" class=\"wpforms-submit\" data-alt-text=\"Enviando...\" data-submit-text=\"Enviar mensaje\" aria-live=\"assertive\" value=\"wpforms-submit\">Enviar mensaje<\/button><img decoding=\"async\" src=\"https:\/\/airbrakehose.com\/wp-content\/plugins\/wpforms\/assets\/images\/submit-spin.svg\" class=\"wpforms-submit-spinner\" style=\"display: none;\" width=\"26\" height=\"26\" alt=\"Cargando\"><\/div><\/form><\/div>  <!-- .wpforms-container --><\/code><\/p>\n","protected":false},"excerpt":{"rendered":"<p data-path-to-node=\"33\"><b data-path-to-node=\"33\" data-index-in-node=\"0\">Cable de remolque en espiral de 7 v\u00edas (enchufe de aluminio a conector flexible).<\/b><\/p>\n<p data-path-to-node=\"34\">Cable de remolque preparado para instalaci\u00f3n el\u00e9ctrica con conector met\u00e1lico.<\/p>\n<ul data-path-to-node=\"35\">\n<li>\n<p data-path-to-node=\"35,0,0\">Extremo del cami\u00f3n: tap\u00f3n de aleaci\u00f3n de aluminio (SAE J560).<\/p>\n<\/li>\n<li>\n<p data-path-to-node=\"35,1,0\">Extremo del remolque: cable flexible\/desnudo para caja de conexiones.<\/p>\n<\/li>\n<li>\n<p data-path-to-node=\"35,2,0\">Cable: Conductores 100% cobre.<\/p>\n<\/li>\n<li>\n<p data-path-to-node=\"35,3,0\">Durabilidad: Protector de resorte resistente y cubierta flexible.<\/p>\n<\/li>\n<li>\n<p data-path-to-node=\"35,4,0\">Uso: Ideal para reemplazar cables de remolque desgastados.<\/p>\n<\/li>\n<\/ul>\n<p data-path-to-node=\"36\"><b data-path-to-node=\"36\" data-index-in-node=\"0\">En stock y listo para enviar.<\/b><\/p>\n","protected":false},"featured_media":2571,"template":"","meta":{"_monsterinsights_skip_tracking":false,"_monsterinsights_sitenote_active":false,"_monsterinsights_sitenote_note":"","_monsterinsights_sitenote_category":0,"site-sidebar-layout":"default","site-content-layout":"","ast-site-content-layout":"default","site-content-style":"default","site-sidebar-style":"default","ast-global-header-display":"","ast-banner-title-visibility":"","ast-main-header-display":"","ast-hfb-above-header-display":"","ast-hfb-below-header-display":"","ast-hfb-mobile-header-display":"","site-post-title":"","ast-breadcrumbs-content":"","ast-featured-img":"","footer-sml-layout":"","ast-disable-related-posts":"","theme-transparent-header-meta":"default","adv-header-id-meta":"","stick-header-meta":"","header-above-stick-meta":"","header-main-stick-meta":"","header-below-stick-meta":"","astra-migrate-meta-layouts":"default","ast-page-background-enabled":"default","ast-page-background-meta":{"desktop":{"background-color":"","background-image":"","background-repeat":"repeat","background-position":"center center","background-size":"auto","background-attachment":"scroll","background-type":"","background-media":"","overlay-type":"","overlay-color":"","overlay-opacity":"","overlay-gradient":""},"tablet":{"background-color":"","background-image":"","background-repeat":"repeat","background-position":"center center","background-size":"auto","background-attachment":"scroll","background-type":"","background-media":"","overlay-type":"","overlay-color":"","overlay-opacity":"","overlay-gradient":""},"mobile":{"background-color":"","background-image":"","background-repeat":"repeat","background-position":"center center","background-size":"auto","background-attachment":"scroll","background-type":"","background-media":"","overlay-type":"","overlay-color":"","overlay-opacity":"","overlay-gradient":""}},"ast-content-background-meta":{"desktop":{"background-color":"var(--ast-global-color-5)","background-image":"","background-repeat":"repeat","background-position":"center center","background-size":"auto","background-attachment":"scroll","background-type":"","background-media":"","overlay-type":"","overlay-color":"","overlay-opacity":"","overlay-gradient":""},"tablet":{"background-color":"var(--ast-global-color-5)","background-image":"","background-repeat":"repeat","background-position":"center center","background-size":"auto","background-attachment":"scroll","background-type":"","background-media":"","overlay-type":"","overlay-color":"","overlay-opacity":"","overlay-gradient":""},"mobile":{"background-color":"var(--ast-global-color-5)","background-image":"","background-repeat":"repeat","background-position":"center center","background-size":"auto","background-attachment":"scroll","background-type":"","background-media":"","overlay-type":"","overlay-color":"","overlay-opacity":"","overlay-gradient":""}},"_joinchat":[]},"product_brand":[],"product_cat":[2214,1749],"product_tag":[2210,2211,2207,2212,2213,2205,2204,2209,2208,2206],"class_list":{"0":"post-4241","1":"product","2":"type-product","3":"status-publish","4":"has-post-thumbnail","6":"product_cat-cable-de-remolque-a-granel-alambre-recto","7":"product_cat-cables-y-enchufes-electricos-para-remolques","8":"product_tag-cable-de-transmision-de-potencia-del-remolque","9":"product_tag-cable-de-transmision-de-senal-automotriz","10":"product_tag-cableado-del-remolque-abs-ebs","11":"product_tag-cableado-electrico-flexible-para-camiones","12":"product_tag-conducto-electrico-automotriz","13":"product_tag-conectores-de-aleacion-de-aluminio","14":"product_tag-tubo-de-alambre-integrado-automotriz","15":"product_tag-tubo-de-alambre-para-vehiculos-comerciales","16":"product_tag-tubo-de-cable-electrico-de-7-pines","17":"product_tag-tubo-flexible-de-cableado-automotriz","18":"desktop-align-left","19":"tablet-align-left","20":"mobile-align-left","22":"first","23":"instock","24":"shipping-taxable","25":"product-type-simple"},"yoast_head":"<!-- This site is optimized with the Yoast SEO Premium plugin v26.4 (Yoast SEO v27.0) - https:\/\/yoast.com\/product\/yoast-seo-premium-wordpress\/ -->\n<title>Cable de remolque en espiral de 7 v\u00edas (conector de aluminio a conector flexible) | Victory Tech<\/title>\n<meta name=\"description\" content=\"Compre cables enrollados para remolque de 7 v\u00edas (conector flexible\/cableado fijo). Conector de aleaci\u00f3n de aluminio a cable desnudo para instalaci\u00f3n en caja de conexiones. 100 % cobre. Precio directo de f\u00e1brica.\" \/>\n<meta name=\"robots\" content=\"index, follow, max-snippet:-1, max-image-preview:large, max-video-preview:-1\" \/>\n<link rel=\"canonical\" href=\"https:\/\/airbrakehose.com\/es\/producto\/cable-electrico-enrollado-de-7-vias-para-remolque-conector-de-aluminio-a-conector-flexible-sae-j560-victory-technology\/\" \/>\n<meta property=\"og:locale\" content=\"es_ES\" \/>\n<meta property=\"og:type\" content=\"article\" \/>\n<meta property=\"og:title\" content=\"Cable el\u00e9ctrico enrollado de 7 v\u00edas para remolque (conector de aluminio a conector flexible) - SAE J560 | Victory Technology\" \/>\n<meta property=\"og:description\" content=\"Compre cables enrollados para remolque de 7 v\u00edas (conector flexible\/cableado fijo). Conector de aleaci\u00f3n de aluminio a cable desnudo para instalaci\u00f3n en caja de conexiones. 100 % cobre. Precio directo de f\u00e1brica.\" \/>\n<meta property=\"og:url\" content=\"https:\/\/airbrakehose.com\/es\/producto\/cable-electrico-enrollado-de-7-vias-para-remolque-conector-de-aluminio-a-conector-flexible-sae-j560-victory-technology\/\" \/>\n<meta property=\"og:site_name\" content=\"Victory Tech.\" \/>\n<meta property=\"article:publisher\" content=\"https:\/\/www.facebook.com\/aokeautoparts\" \/>\n<meta property=\"og:image\" content=\"https:\/\/airbrakehose.com\/wp-content\/uploads\/2025\/12\/Automotive_integrated_wire_tube_with_aluminum_alloy_connectors.webp\" \/>\n\t<meta property=\"og:image:width\" content=\"1098\" \/>\n\t<meta property=\"og:image:height\" content=\"1098\" \/>\n\t<meta property=\"og:image:type\" content=\"image\/webp\" \/>\n<meta name=\"twitter:card\" content=\"summary_large_image\" \/>\n<meta name=\"twitter:label1\" content=\"Tiempo de lectura\" \/>\n\t<meta name=\"twitter:data1\" content=\"3 minutos\" \/>\n<script type=\"application\/ld+json\" class=\"yoast-schema-graph\">{\"@context\":\"https:\/\/schema.org\",\"@graph\":[{\"@type\":\"WebPage\",\"@id\":\"https:\/\/airbrakehose.com\/es\/producto\/cable-electrico-enrollado-de-7-vias-para-remolque-conector-de-aluminio-a-conector-flexible-sae-j560-victory-technology\/\",\"url\":\"https:\/\/airbrakehose.com\/es\/producto\/cable-electrico-enrollado-de-7-vias-para-remolque-conector-de-aluminio-a-conector-flexible-sae-j560-victory-technology\/\",\"name\":\"Cable de remolque en espiral de 7 v\u00edas (conector de aluminio a conector flexible) | Victory Tech\",\"isPartOf\":{\"@id\":\"https:\/\/airbrakehose.com\/es\/#website\"},\"primaryImageOfPage\":{\"@id\":\"https:\/\/airbrakehose.com\/es\/producto\/cable-electrico-enrollado-de-7-vias-para-remolque-conector-de-aluminio-a-conector-flexible-sae-j560-victory-technology\/#primaryimage\"},\"image\":{\"@id\":\"https:\/\/airbrakehose.com\/es\/producto\/cable-electrico-enrollado-de-7-vias-para-remolque-conector-de-aluminio-a-conector-flexible-sae-j560-victory-technology\/#primaryimage\"},\"thumbnailUrl\":\"https:\/\/airbrakehose.com\/wp-content\/uploads\/2025\/12\/Automotive_integrated_wire_tube_with_aluminum_alloy_connectors.webp\",\"datePublished\":\"2025-12-04T02:50:54+00:00\",\"description\":\"Compre cables enrollados para remolque de 7 v\u00edas (conector flexible\/cableado fijo). Conector de aleaci\u00f3n de aluminio a cable desnudo para instalaci\u00f3n en caja de conexiones. 100 % cobre. Precio directo de f\u00e1brica.\",\"breadcrumb\":{\"@id\":\"https:\/\/airbrakehose.com\/es\/producto\/cable-electrico-enrollado-de-7-vias-para-remolque-conector-de-aluminio-a-conector-flexible-sae-j560-victory-technology\/#breadcrumb\"},\"inLanguage\":\"es\",\"potentialAction\":[{\"@type\":\"ReadAction\",\"target\":[\"https:\/\/airbrakehose.com\/es\/producto\/cable-electrico-enrollado-de-7-vias-para-remolque-conector-de-aluminio-a-conector-flexible-sae-j560-victory-technology\/\"]}]},{\"@type\":\"ImageObject\",\"inLanguage\":\"es\",\"@id\":\"https:\/\/airbrakehose.com\/es\/producto\/cable-electrico-enrollado-de-7-vias-para-remolque-conector-de-aluminio-a-conector-flexible-sae-j560-victory-technology\/#primaryimage\",\"url\":\"https:\/\/airbrakehose.com\/wp-content\/uploads\/2025\/12\/Automotive_integrated_wire_tube_with_aluminum_alloy_connectors.webp\",\"contentUrl\":\"https:\/\/airbrakehose.com\/wp-content\/uploads\/2025\/12\/Automotive_integrated_wire_tube_with_aluminum_alloy_connectors.webp\",\"width\":1098,\"height\":1098},{\"@type\":\"BreadcrumbList\",\"@id\":\"https:\/\/airbrakehose.com\/es\/producto\/cable-electrico-enrollado-de-7-vias-para-remolque-conector-de-aluminio-a-conector-flexible-sae-j560-victory-technology\/#breadcrumb\",\"itemListElement\":[{\"@type\":\"ListItem\",\"position\":1,\"name\":\"\u9996\u9875\",\"item\":\"https:\/\/airbrakehose.com\/es\/hogar\/\"},{\"@type\":\"ListItem\",\"position\":2,\"name\":\"Tienda\",\"item\":\"https:\/\/airbrakehose.com\/es\/tienda\/\"},{\"@type\":\"ListItem\",\"position\":3,\"name\":\"Cable el\u00e9ctrico enrollado de 7 v\u00edas para remolque (conector de aluminio a conector flexible) &#8211; SAE J560 | Victory Technology\"}]},{\"@type\":\"WebSite\",\"@id\":\"https:\/\/airbrakehose.com\/es\/#website\",\"url\":\"https:\/\/airbrakehose.com\/es\/\",\"name\":\"Victory Technology\",\"description\":\"Industrial Hose &amp; Air Brake Solutions\",\"potentialAction\":[{\"@type\":\"SearchAction\",\"target\":{\"@type\":\"EntryPoint\",\"urlTemplate\":\"https:\/\/airbrakehose.com\/es\/?s={search_term_string}\"},\"query-input\":{\"@type\":\"PropertyValueSpecification\",\"valueRequired\":true,\"valueName\":\"search_term_string\"}}],\"inLanguage\":\"es\"}]}<\/script>\n<!-- \/ Yoast SEO Premium plugin. -->","yoast_head_json":{"title":"Cable de remolque en espiral de 7 v\u00edas (conector de aluminio a conector flexible) | Victory Tech","description":"Compre cables enrollados para remolque de 7 v\u00edas (conector flexible\/cableado fijo). Conector de aleaci\u00f3n de aluminio a cable desnudo para instalaci\u00f3n en caja de conexiones. 100 % cobre. Precio directo de f\u00e1brica.","robots":{"index":"index","follow":"follow","max-snippet":"max-snippet:-1","max-image-preview":"max-image-preview:large","max-video-preview":"max-video-preview:-1"},"canonical":"https:\/\/airbrakehose.com\/es\/producto\/cable-electrico-enrollado-de-7-vias-para-remolque-conector-de-aluminio-a-conector-flexible-sae-j560-victory-technology\/","og_locale":"es_ES","og_type":"article","og_title":"Cable el\u00e9ctrico enrollado de 7 v\u00edas para remolque (conector de aluminio a conector flexible) - SAE J560 | Victory Technology","og_description":"Compre cables enrollados para remolque de 7 v\u00edas (conector flexible\/cableado fijo). Conector de aleaci\u00f3n de aluminio a cable desnudo para instalaci\u00f3n en caja de conexiones. 100 % cobre. Precio directo de f\u00e1brica.","og_url":"https:\/\/airbrakehose.com\/es\/producto\/cable-electrico-enrollado-de-7-vias-para-remolque-conector-de-aluminio-a-conector-flexible-sae-j560-victory-technology\/","og_site_name":"Victory Tech.","article_publisher":"https:\/\/www.facebook.com\/aokeautoparts","og_image":[{"width":1098,"height":1098,"url":"https:\/\/airbrakehose.com\/wp-content\/uploads\/2025\/12\/Automotive_integrated_wire_tube_with_aluminum_alloy_connectors.webp","type":"image\/webp"}],"twitter_card":"summary_large_image","twitter_misc":{"Tiempo de lectura":"3 minutos"},"schema":{"@context":"https:\/\/schema.org","@graph":[{"@type":"WebPage","@id":"https:\/\/airbrakehose.com\/es\/producto\/cable-electrico-enrollado-de-7-vias-para-remolque-conector-de-aluminio-a-conector-flexible-sae-j560-victory-technology\/","url":"https:\/\/airbrakehose.com\/es\/producto\/cable-electrico-enrollado-de-7-vias-para-remolque-conector-de-aluminio-a-conector-flexible-sae-j560-victory-technology\/","name":"Cable de remolque en espiral de 7 v\u00edas (conector de aluminio a conector flexible) | Victory Tech","isPartOf":{"@id":"https:\/\/airbrakehose.com\/es\/#website"},"primaryImageOfPage":{"@id":"https:\/\/airbrakehose.com\/es\/producto\/cable-electrico-enrollado-de-7-vias-para-remolque-conector-de-aluminio-a-conector-flexible-sae-j560-victory-technology\/#primaryimage"},"image":{"@id":"https:\/\/airbrakehose.com\/es\/producto\/cable-electrico-enrollado-de-7-vias-para-remolque-conector-de-aluminio-a-conector-flexible-sae-j560-victory-technology\/#primaryimage"},"thumbnailUrl":"https:\/\/airbrakehose.com\/wp-content\/uploads\/2025\/12\/Automotive_integrated_wire_tube_with_aluminum_alloy_connectors.webp","datePublished":"2025-12-04T02:50:54+00:00","description":"Compre cables enrollados para remolque de 7 v\u00edas (conector flexible\/cableado fijo). Conector de aleaci\u00f3n de aluminio a cable desnudo para instalaci\u00f3n en caja de conexiones. 100 % cobre. Precio directo de f\u00e1brica.","breadcrumb":{"@id":"https:\/\/airbrakehose.com\/es\/producto\/cable-electrico-enrollado-de-7-vias-para-remolque-conector-de-aluminio-a-conector-flexible-sae-j560-victory-technology\/#breadcrumb"},"inLanguage":"es","potentialAction":[{"@type":"ReadAction","target":["https:\/\/airbrakehose.com\/es\/producto\/cable-electrico-enrollado-de-7-vias-para-remolque-conector-de-aluminio-a-conector-flexible-sae-j560-victory-technology\/"]}]},{"@type":"ImageObject","inLanguage":"es","@id":"https:\/\/airbrakehose.com\/es\/producto\/cable-electrico-enrollado-de-7-vias-para-remolque-conector-de-aluminio-a-conector-flexible-sae-j560-victory-technology\/#primaryimage","url":"https:\/\/airbrakehose.com\/wp-content\/uploads\/2025\/12\/Automotive_integrated_wire_tube_with_aluminum_alloy_connectors.webp","contentUrl":"https:\/\/airbrakehose.com\/wp-content\/uploads\/2025\/12\/Automotive_integrated_wire_tube_with_aluminum_alloy_connectors.webp","width":1098,"height":1098},{"@type":"BreadcrumbList","@id":"https:\/\/airbrakehose.com\/es\/producto\/cable-electrico-enrollado-de-7-vias-para-remolque-conector-de-aluminio-a-conector-flexible-sae-j560-victory-technology\/#breadcrumb","itemListElement":[{"@type":"ListItem","position":1,"name":"\u9996\u9875","item":"https:\/\/airbrakehose.com\/es\/hogar\/"},{"@type":"ListItem","position":2,"name":"Tienda","item":"https:\/\/airbrakehose.com\/es\/tienda\/"},{"@type":"ListItem","position":3,"name":"Cable el\u00e9ctrico enrollado de 7 v\u00edas para remolque (conector de aluminio a conector flexible) &#8211; SAE J560 | Victory Technology"}]},{"@type":"WebSite","@id":"https:\/\/airbrakehose.com\/es\/#website","url":"https:\/\/airbrakehose.com\/es\/","name":"Victory Technology","description":"Industrial Hose &amp; Air Brake Solutions","potentialAction":[{"@type":"SearchAction","target":{"@type":"EntryPoint","urlTemplate":"https:\/\/airbrakehose.com\/es\/?s={search_term_string}"},"query-input":{"@type":"PropertyValueSpecification","valueRequired":true,"valueName":"search_term_string"}}],"inLanguage":"es"}]}},"_links":{"self":[{"href":"https:\/\/airbrakehose.com\/es\/wp-json\/wp\/v2\/product\/4241","targetHints":{"allow":["GET"]}}],"collection":[{"href":"https:\/\/airbrakehose.com\/es\/wp-json\/wp\/v2\/product"}],"about":[{"href":"https:\/\/airbrakehose.com\/es\/wp-json\/wp\/v2\/types\/product"}],"wp:featuredmedia":[{"embeddable":true,"href":"https:\/\/airbrakehose.com\/es\/wp-json\/wp\/v2\/media\/2571"}],"wp:attachment":[{"href":"https:\/\/airbrakehose.com\/es\/wp-json\/wp\/v2\/media?parent=4241"}],"wp:term":[{"taxonomy":"product_brand","embeddable":true,"href":"https:\/\/airbrakehose.com\/es\/wp-json\/wp\/v2\/product_brand?post=4241"},{"taxonomy":"product_cat","embeddable":true,"href":"https:\/\/airbrakehose.com\/es\/wp-json\/wp\/v2\/product_cat?post=4241"},{"taxonomy":"product_tag","embeddable":true,"href":"https:\/\/airbrakehose.com\/es\/wp-json\/wp\/v2\/product_tag?post=4241"}],"curies":[{"name":"wp","href":"https:\/\/api.w.org\/{rel}","templated":true}]}}