{"id":4189,"date":"2025-12-01T09:55:35","date_gmt":"2025-12-01T09:55:35","guid":{"rendered":"https:\/\/airbrakehose.com\/product\/mangueras-de-freno-de-aire-de-goma-de-alta-resistencia-con-mangos-de-extension-sae-j1402-juego-rojo-y-azul-aprobado-por-el-dot\/"},"modified":"2025-12-01T09:55:35","modified_gmt":"2025-12-01T09:55:35","slug":"mangueras-de-freno-de-aire-de-goma-de-alta-resistencia-con-mangos-de-extension-sae-j1402-juego-rojo-y-azul-aprobado-por-el-dot","status":"publish","type":"product","link":"https:\/\/airbrakehose.com\/es\/producto\/mangueras-de-freno-de-aire-de-goma-de-alta-resistencia-con-mangos-de-extension-sae-j1402-juego-rojo-y-azul-aprobado-por-el-dot\/","title":{"rendered":"Mangueras de freno de aire de goma de alta resistencia con mangos de extensi\u00f3n (SAE J1402) &#8211; Juego rojo y azul | Aprobado por el DOT"},"content":{"rendered":"<h3 data-path-to-node=\"7\">\ud83d\udccc Descripci\u00f3n general del producto<\/h3>\n<p data-path-to-node=\"8\"><b data-path-to-node=\"8\" data-index-in-node=\"0\">M\u00e1ximo apalancamiento. Sin complicaciones. Dise\u00f1ado por expertos.  <\/b><\/p>\n<p data-path-to-node=\"9\">Conectar las l\u00edneas de aire no deber\u00eda ser complicado. En Victory Technology, combinamos nuestros m\u00e1s de 20 a\u00f1os de experiencia en extrusi\u00f3n de caucho (F\u00e1brica: Zhuji Aoke) con la experiencia de conductores para crear la soluci\u00f3n definitiva: Mangueras de freno de aire de caucho SAE J1402 con mangos de extensi\u00f3n. <\/p>\n<p data-path-to-node=\"10\">A diferencia de las mangueras est\u00e1ndar, que son dif\u00edciles de agarrar, nuestras empu\u00f1aduras ergon\u00f3micas de alta resistencia ofrecen un apalancamiento superior, lo que facilita el acoplamiento manual, incluso en condiciones de congelaci\u00f3n o con guantes engrasados. Fabricadas con nuestro caucho reforzado patentado de 3\/8&#8243; de di\u00e1metro interior, estas mangueras ofrecen una resistencia a la abrasi\u00f3n superior al nailon, lo que las convierte en la opci\u00f3n preferida para entornos dif\u00edciles donde la durabilidad es fundamental. <\/p>\n<hr data-path-to-node=\"11\">\n<h3 data-path-to-node=\"12\">\ud83d\udd39 \u00bfPor qu\u00e9 elegir las mangueras de aire de caucho Victory?<\/h3>\n<ul data-path-to-node=\"13\">\n<li>\u2705 La ventaja \u00abGrip\u00bb (aprobado por el conductor):\n<p>Dise\u00f1amos nuestras manijas de extensi\u00f3n integradas para solucionar un problema espec\u00edfico: la tensi\u00f3n en el engarce. Las manijas proporcionan el torque necesario para el acoplamiento, protegiendo la conexi\u00f3n de la manguera contra desgarros y manteniendo las manos del conductor limpias y seguras. <\/li>\n<li>\u2705 Caucho SAE J1402 probado en laboratorio:\n<p>No todos los cauchos son iguales. Nuestro compuesto de caucho sint\u00e9tico Tipo A se prueba en nuestro laboratorio interno para garantizar su resistencia al ozono, la sal de la carretera y la fricci\u00f3n de la placa de la plataforma. Mantiene su integridad desde -40 \u00b0F hasta +200 \u00b0F, lo que garantiza que no se endurecer\u00e1 en invierno ni se ablandar\u00e1 con el calor del verano.  <\/li>\n<li>\u2705 Cumplimiento verificado (sin atajos):\n<p>La seguridad es fundamental. Cada conjunto est\u00e1 marcado permanentemente con nuestro C\u00f3digo de Fabricante DOT de EE. UU. v\u00e1lido. No solo afirmamos que cumplimos con las normas, sino que lo demostramos mediante pruebas seg\u00fan las estrictas normas FMVSS 106 y SAE J1402 en nuestras instalaciones.  <\/li>\n<li>\u2705 Sistema de Protecci\u00f3n Completo:\n<p>La durabilidad est\u00e1 en los detalles. Equipamos cada manguera con protectores de resorte resistentes a la corrosi\u00f3n para evitar que se doble en el conector, mientras que las asas de agarre act\u00faan como limitador de curvatura secundario para una doble protecci\u00f3n. <\/li>\n<\/ul>\n<hr data-path-to-node=\"14\">\n<h3 data-path-to-node=\"15\">\ud83d\udd38 Especificaciones t\u00e9cnicas<\/h3>\n<p data-path-to-node=\"16\"><i data-path-to-node=\"16\" data-index-in-node=\"0\">Fabricado en nuestras instalaciones con certificaci\u00f3n ISO\/TS16949.<\/i><\/p>\n<table data-path-to-node=\"17\">\n<thead>\n<tr>\n<td>Caracter\u00edstica<\/td>\n<td>Especificaci\u00f3n<\/td>\n<\/tr>\n<\/thead>\n<tbody>\n<tr>\n<td>Tipo de manguera<\/td>\n<td>SAE J1402 Tipo A (di\u00e1metro interior de 3\/8&#8243;) &#8211; Caucho reforzado<\/td>\n<\/tr>\n<tr>\n<td>Tipo de mango<\/td>\n<td>Mangos de extensi\u00f3n (color rojo\/azul)<\/td>\n<\/tr>\n<tr>\n<td>Presi\u00f3n de trabajo<\/td>\n<td>225 PSI (supera la presi\u00f3n est\u00e1ndar de 150 PSI)<\/td>\n<\/tr>\n<tr>\n<td>Presi\u00f3n de ruptura<\/td>\n<td>900 PSI (Factor de seguridad 4:1)<\/td>\n<\/tr>\n<tr>\n<td>Rango de temperatura<\/td>\n<td>-40 \u00b0C a +93 \u00b0C (-40 \u00b0F a +200 \u00b0F)<\/td>\n<\/tr>\n<tr>\n<td>Conexiones<\/td>\n<td>Conexiones de lat\u00f3n macho NPT de 1\/2&#8243; (fijas o giratorias)<\/td>\n<\/tr>\n<tr>\n<td>Cumplimiento<\/td>\n<td>DOT FMVSS 106, SAE J1402<\/td>\n<\/tr>\n<\/tbody>\n<\/table>\n<hr data-path-to-node=\"18\">\n<h3 data-path-to-node=\"19\">\ud83d\udd39 Aplicaciones<\/h3>\n<ul data-path-to-node=\"20\">\n<li>\n<p data-path-to-node=\"20,0,0\">Conexiones tractor-remolque: las \u00abl\u00edneas de puente\u00bb principales que conectan la parte trasera de la cabina con la caja delantera del remolque.<\/p>\n<\/li>\n<li>\n<p data-path-to-node=\"20,1,0\">Acoplamiento de alta frecuencia: ideal para operaciones de \u00abconexi\u00f3n y desconexi\u00f3n\u00bb donde los conductores conectan\/desconectan l\u00edneas varias veces al d\u00eda.<\/p>\n<\/li>\n<li>\n<p data-path-to-node=\"20,2,0\">Trabajo pesado: perfecto para le\u00f1adores, plataformas y transportadores pesados \u200b\u200bdonde las mangueras se arrastran en la cubierta.<\/p>\n<\/li>\n<\/ul>\n<hr data-path-to-node=\"21\">\n<h3 data-path-to-node=\"22\">\ud83d\udd36 Servicio directo de f\u00e1brica y OEM<\/h3>\n<p data-path-to-node=\"23\">Victory Technology act\u00faa como su enlace directo con la l\u00ednea de producci\u00f3n. Como divisi\u00f3n de exportaci\u00f3n exclusiva de Zhuji Aoke, eliminamos intermediarios para ofrecer: <\/p>\n<ul data-path-to-node=\"24\">\n<li>\n<p data-path-to-node=\"24,0,0\">Etiquetado privado: Fortalezca la autoridad de su marca. Podemos imprimir su logotipo en las asas o en la l\u00ednea de la manguera. <\/p>\n<\/li>\n<li>\n<p data-path-to-node=\"24,1,0\">Longitudes personalizadas: \u00bfNecesita una configuraci\u00f3n espec\u00edfica de 3,6 o 6 metros? Fabricamos seg\u00fan sus especificaciones exactas. <\/p>\n<\/li>\n<li>\n<p data-path-to-node=\"24,2,0\">Log\u00edstica global: Nuestro equipo experimentado en Tianjin maneja toda la documentaci\u00f3n de exportaci\u00f3n, garantizando una entrega sin problemas a su almac\u00e9n.<\/p>\n<\/li>\n<\/ul>\n<hr data-path-to-node=\"25\">\n<h3 data-path-to-node=\"26\">\ud83d\ude80 Obtenga una cotizaci\u00f3n de precio de f\u00e1brica ahora<\/h3>\n<p>\u00bfListo para ordenar? Ya sea que necesite una sola caja o un contenedor de 40 HQ, estamos listos para servirle. <\/p>\n<p>Complete el formulario a continuaci\u00f3n para obtener nuestro \u00faltimo cat\u00e1logo y lista de precios al por mayor.<\/p>\n<p data-path-to-node=\"28\"><code data-path-to-node=\"28\" data-index-in-node=\"0\"><div class=\"wpforms-container \" id=\"wpforms-2617\"><form id=\"wpforms-form-2617\" class=\"wpforms-validate wpforms-form wpforms-ajax-form\" data-formid=\"2617\" method=\"post\" enctype=\"multipart\/form-data\" action=\"\/es\/wp-json\/wp\/v2\/product\/4189\" data-token=\"13378987007c46e16c688c5f0bea2de0\" data-token-time=\"1776109964\"><noscript class=\"wpforms-error-noscript\">Por favor, activa JavaScript en tu navegador para completar este formulario.<\/noscript><div class=\"wpforms-field-container\"><div id=\"wpforms-2617-field_1-container\" class=\"wpforms-field wpforms-field-name\" data-field-id=\"1\"><label class=\"wpforms-field-label\" for=\"wpforms-2617-field_1\">Nombre <span class=\"wpforms-required-label\">*<\/span><\/label><input type=\"text\" id=\"wpforms-2617-field_1\" class=\"wpforms-field-large wpforms-field-required\" name=\"wpforms[fields][1]\" required><\/div><div id=\"wpforms-2617-field_2-container\" class=\"wpforms-field wpforms-field-email\" data-field-id=\"2\"><label class=\"wpforms-field-label\" for=\"wpforms-2617-field_2\">Correo electr\u00f3nico <span class=\"wpforms-required-label\">*<\/span><\/label><input type=\"email\" id=\"wpforms-2617-field_2\" class=\"wpforms-field-large wpforms-field-required\" name=\"wpforms[fields][2]\" spellcheck=\"false\" required><\/div><div id=\"wpforms-2617-field_4-container\" class=\"wpforms-field wpforms-field-text\" data-field-id=\"4\"><label class=\"wpforms-field-label\" for=\"wpforms-2617-field_4\">Tel.<\/label><input type=\"text\" id=\"wpforms-2617-field_4\" class=\"wpforms-field-medium\" name=\"wpforms[fields][4]\" ><\/div><div id=\"wpforms-2617-field_3-container\" class=\"wpforms-field wpforms-field-textarea\" data-field-id=\"3\"><label class=\"wpforms-field-label\" for=\"wpforms-2617-field_3\"> Mensaje<\/label><textarea id=\"wpforms-2617-field_3\" class=\"wpforms-field-medium\" name=\"wpforms[fields][3]\" ><\/textarea><\/div><\/div><!-- .wpforms-field-container --><div class=\"wpforms-submit-container\" ><input type=\"hidden\" name=\"wpforms[id]\" value=\"2617\"><input type=\"hidden\" name=\"page_title\" value=\"\"><input type=\"hidden\" name=\"page_url\" value=\"https:\/\/airbrakehose.com\/es\/wp-json\/wp\/v2\/product\/4189\"><input type=\"hidden\" name=\"url_referer\" value=\"\"><button type=\"submit\" name=\"wpforms[submit]\" id=\"wpforms-submit-2617\" class=\"wpforms-submit\" data-alt-text=\"Enviando...\" data-submit-text=\"Enviar mensaje\" aria-live=\"assertive\" value=\"wpforms-submit\">Enviar mensaje<\/button><img decoding=\"async\" src=\"https:\/\/airbrakehose.com\/wp-content\/plugins\/wpforms\/assets\/images\/submit-spin.svg\" class=\"wpforms-submit-spinner\" style=\"display: none;\" width=\"26\" height=\"26\" alt=\"Cargando\"><\/div><\/form><\/div>  <!-- .wpforms-container --><\/code><\/p>\n","protected":false},"excerpt":{"rendered":"<p data-path-to-node=\"32\"><b data-path-to-node=\"32\" data-index-in-node=\"0\">Juego de mangueras de freno de aire de caucho SAE J1402 con manijas de agarre de extensi\u00f3n.<\/b><\/p>\n<p data-path-to-node=\"33\">L\u00edneas de aire de caucho de alta resistencia con manijas de agarre ergon\u00f3micas para una f\u00e1cil conexi\u00f3n con la mano.<\/p>\n<ul data-path-to-node=\"34\">\n<li>\n<p data-path-to-node=\"34,0,0\">Dise\u00f1o: Los mangos de alto apalancamiento reducen la fatiga del conductor.<\/p>\n<\/li>\n<li>\n<p data-path-to-node=\"34,1,0\">Material: Caucho SAE J1402 de 3\/8&#8243; de di\u00e1metro interior (resistente a la abrasi\u00f3n).<\/p>\n<\/li>\n<li>\n<p data-path-to-node=\"34,2,0\">Rendimiento: Alta presi\u00f3n de trabajo (225 PSI) y flexibilidad de grado \u00e1rtico.<\/p>\n<\/li>\n<li>\n<p data-path-to-node=\"34,3,0\">El juego incluye: l\u00edneas roja (emergencia) y azul (servicio) con conexiones de lat\u00f3n NPT de 1\/2&#8243;.<\/p>\n<\/li>\n<li>\n<p data-path-to-node=\"34,4,0\">Cumplimiento: Aprobado por DOT FMVSS 106.<\/p>\n<\/li>\n<\/ul>\n<p data-path-to-node=\"35\"><b data-path-to-node=\"35\" data-index-in-node=\"0\">En stock y listo para enviar.<\/b><\/p>\n","protected":false},"featured_media":2516,"template":"","meta":{"_monsterinsights_skip_tracking":false,"_monsterinsights_sitenote_active":false,"_monsterinsights_sitenote_note":"","_monsterinsights_sitenote_category":0,"site-sidebar-layout":"default","site-content-layout":"","ast-site-content-layout":"default","site-content-style":"default","site-sidebar-style":"default","ast-global-header-display":"","ast-banner-title-visibility":"","ast-main-header-display":"","ast-hfb-above-header-display":"","ast-hfb-below-header-display":"","ast-hfb-mobile-header-display":"","site-post-title":"","ast-breadcrumbs-content":"","ast-featured-img":"","footer-sml-layout":"","ast-disable-related-posts":"","theme-transparent-header-meta":"default","adv-header-id-meta":"","stick-header-meta":"","header-above-stick-meta":"","header-main-stick-meta":"","header-below-stick-meta":"","astra-migrate-meta-layouts":"default","ast-page-background-enabled":"default","ast-page-background-meta":{"desktop":{"background-color":"","background-image":"","background-repeat":"repeat","background-position":"center center","background-size":"auto","background-attachment":"scroll","background-type":"","background-media":"","overlay-type":"","overlay-color":"","overlay-opacity":"","overlay-gradient":""},"tablet":{"background-color":"","background-image":"","background-repeat":"repeat","background-position":"center center","background-size":"auto","background-attachment":"scroll","background-type":"","background-media":"","overlay-type":"","overlay-color":"","overlay-opacity":"","overlay-gradient":""},"mobile":{"background-color":"","background-image":"","background-repeat":"repeat","background-position":"center center","background-size":"auto","background-attachment":"scroll","background-type":"","background-media":"","overlay-type":"","overlay-color":"","overlay-opacity":"","overlay-gradient":""}},"ast-content-background-meta":{"desktop":{"background-color":"var(--ast-global-color-5)","background-image":"","background-repeat":"repeat","background-position":"center center","background-size":"auto","background-attachment":"scroll","background-type":"","background-media":"","overlay-type":"","overlay-color":"","overlay-opacity":"","overlay-gradient":""},"tablet":{"background-color":"var(--ast-global-color-5)","background-image":"","background-repeat":"repeat","background-position":"center center","background-size":"auto","background-attachment":"scroll","background-type":"","background-media":"","overlay-type":"","overlay-color":"","overlay-opacity":"","overlay-gradient":""},"mobile":{"background-color":"var(--ast-global-color-5)","background-image":"","background-repeat":"repeat","background-position":"center center","background-size":"auto","background-attachment":"scroll","background-type":"","background-media":"","overlay-type":"","overlay-color":"","overlay-opacity":"","overlay-gradient":""}},"_joinchat":[]},"product_brand":[1193],"product_cat":[1591,1634],"product_tag":[1631,1626,1625,1632,1630,1627,1624,1629,1628,1633],"class_list":{"0":"post-4189","1":"product","2":"type-product","3":"status-publish","4":"has-post-thumbnail","6":"product_brand-victory-tech","7":"product_cat-conjuntos-de-mangueras-de-freno-de-aire","8":"product_cat-mangueras-de-freno-de-aire-de-caucho-sae-j1402","9":"product_tag-juego-de-mangueras-de-freno-de-aire-para-semirremolque","10":"product_tag-linea-aerea-de-emergencia-y-servicio-de-remolque-de-tractor","11":"product_tag-linea-de-aire-del-remolque-dot","12":"product_tag-linea-de-freno-neumatico-para-remolques","13":"product_tag-manguera-de-freno-con-proteccion-de-resorte","14":"product_tag-manguera-de-freno-de-aire-con-empunaduras","15":"product_tag-manguera-de-freno-de-aire-de-goma","16":"product_tag-manguera-de-freno-de-aire-sae-j1402","17":"product_tag-reemplazo-de-la-linea-de-aire-de-un-camion-de-servicio-pesado","18":"product_tag-tubos-de-freno-de-goma-para-vehiculos-comerciales","19":"desktop-align-left","20":"tablet-align-left","21":"mobile-align-left","23":"first","24":"instock","25":"shipping-taxable","26":"product-type-simple"},"yoast_head":"<!-- This site is optimized with the Yoast SEO Premium plugin v26.4 (Yoast SEO v27.0) - https:\/\/yoast.com\/product\/yoast-seo-premium-wordpress\/ -->\n<title>Mangueras de freno de aire de goma con empu\u00f1aduras de extensi\u00f3n - SAE J1402 | Victory Tech<\/title>\n<meta name=\"description\" content=\"Compre mangueras de freno de aire de caucho SAE J1402 con mangos de extensi\u00f3n. L\u00edneas de aire de alta resistencia, aprobadas por el DOT, para un f\u00e1cil acoplamiento. Fabricadas por Victory Technology.\" \/>\n<meta name=\"robots\" content=\"index, follow, max-snippet:-1, max-image-preview:large, max-video-preview:-1\" \/>\n<link rel=\"canonical\" href=\"https:\/\/airbrakehose.com\/es\/producto\/mangueras-de-freno-de-aire-de-goma-de-alta-resistencia-con-mangos-de-extension-sae-j1402-juego-rojo-y-azul-aprobado-por-el-dot\/\" \/>\n<meta property=\"og:locale\" content=\"es_ES\" \/>\n<meta property=\"og:type\" content=\"article\" \/>\n<meta property=\"og:title\" content=\"Mangueras de freno de aire de goma de alta resistencia con mangos de extensi\u00f3n (SAE J1402) - Juego rojo y azul | Aprobado por el DOT\" \/>\n<meta property=\"og:description\" content=\"Compre mangueras de freno de aire de caucho SAE J1402 con mangos de extensi\u00f3n. L\u00edneas de aire de alta resistencia, aprobadas por el DOT, para un f\u00e1cil acoplamiento. Fabricadas por Victory Technology.\" \/>\n<meta property=\"og:url\" content=\"https:\/\/airbrakehose.com\/es\/producto\/mangueras-de-freno-de-aire-de-goma-de-alta-resistencia-con-mangos-de-extension-sae-j1402-juego-rojo-y-azul-aprobado-por-el-dot\/\" \/>\n<meta property=\"og:site_name\" content=\"Victory Tech.\" \/>\n<meta property=\"article:publisher\" content=\"https:\/\/www.facebook.com\/aokeautoparts\" \/>\n<meta property=\"og:image\" content=\"https:\/\/airbrakehose.com\/wp-content\/uploads\/2025\/12\/Rubber-handled_nylon_trailer_tube_for_truck_air_brake_system.webp\" \/>\n\t<meta property=\"og:image:width\" content=\"1545\" \/>\n\t<meta property=\"og:image:height\" content=\"1500\" \/>\n\t<meta property=\"og:image:type\" content=\"image\/webp\" \/>\n<meta name=\"twitter:card\" content=\"summary_large_image\" \/>\n<meta name=\"twitter:label1\" content=\"Tiempo de lectura\" \/>\n\t<meta name=\"twitter:data1\" content=\"3 minutos\" \/>\n<script type=\"application\/ld+json\" class=\"yoast-schema-graph\">{\"@context\":\"https:\/\/schema.org\",\"@graph\":[{\"@type\":\"WebPage\",\"@id\":\"https:\/\/airbrakehose.com\/es\/producto\/mangueras-de-freno-de-aire-de-goma-de-alta-resistencia-con-mangos-de-extension-sae-j1402-juego-rojo-y-azul-aprobado-por-el-dot\/\",\"url\":\"https:\/\/airbrakehose.com\/es\/producto\/mangueras-de-freno-de-aire-de-goma-de-alta-resistencia-con-mangos-de-extension-sae-j1402-juego-rojo-y-azul-aprobado-por-el-dot\/\",\"name\":\"Mangueras de freno de aire de goma con empu\u00f1aduras de extensi\u00f3n - SAE J1402 | Victory Tech\",\"isPartOf\":{\"@id\":\"https:\/\/airbrakehose.com\/es\/#website\"},\"primaryImageOfPage\":{\"@id\":\"https:\/\/airbrakehose.com\/es\/producto\/mangueras-de-freno-de-aire-de-goma-de-alta-resistencia-con-mangos-de-extension-sae-j1402-juego-rojo-y-azul-aprobado-por-el-dot\/#primaryimage\"},\"image\":{\"@id\":\"https:\/\/airbrakehose.com\/es\/producto\/mangueras-de-freno-de-aire-de-goma-de-alta-resistencia-con-mangos-de-extension-sae-j1402-juego-rojo-y-azul-aprobado-por-el-dot\/#primaryimage\"},\"thumbnailUrl\":\"https:\/\/airbrakehose.com\/wp-content\/uploads\/2025\/12\/Rubber-handled_nylon_trailer_tube_for_truck_air_brake_system.webp\",\"datePublished\":\"2025-12-01T09:55:35+00:00\",\"description\":\"Compre mangueras de freno de aire de caucho SAE J1402 con mangos de extensi\u00f3n. L\u00edneas de aire de alta resistencia, aprobadas por el DOT, para un f\u00e1cil acoplamiento. Fabricadas por Victory Technology.\",\"breadcrumb\":{\"@id\":\"https:\/\/airbrakehose.com\/es\/producto\/mangueras-de-freno-de-aire-de-goma-de-alta-resistencia-con-mangos-de-extension-sae-j1402-juego-rojo-y-azul-aprobado-por-el-dot\/#breadcrumb\"},\"inLanguage\":\"es\",\"potentialAction\":[{\"@type\":\"ReadAction\",\"target\":[\"https:\/\/airbrakehose.com\/es\/producto\/mangueras-de-freno-de-aire-de-goma-de-alta-resistencia-con-mangos-de-extension-sae-j1402-juego-rojo-y-azul-aprobado-por-el-dot\/\"]}]},{\"@type\":\"ImageObject\",\"inLanguage\":\"es\",\"@id\":\"https:\/\/airbrakehose.com\/es\/producto\/mangueras-de-freno-de-aire-de-goma-de-alta-resistencia-con-mangos-de-extension-sae-j1402-juego-rojo-y-azul-aprobado-por-el-dot\/#primaryimage\",\"url\":\"https:\/\/airbrakehose.com\/wp-content\/uploads\/2025\/12\/Rubber-handled_nylon_trailer_tube_for_truck_air_brake_system.webp\",\"contentUrl\":\"https:\/\/airbrakehose.com\/wp-content\/uploads\/2025\/12\/Rubber-handled_nylon_trailer_tube_for_truck_air_brake_system.webp\",\"width\":1545,\"height\":1500},{\"@type\":\"BreadcrumbList\",\"@id\":\"https:\/\/airbrakehose.com\/es\/producto\/mangueras-de-freno-de-aire-de-goma-de-alta-resistencia-con-mangos-de-extension-sae-j1402-juego-rojo-y-azul-aprobado-por-el-dot\/#breadcrumb\",\"itemListElement\":[{\"@type\":\"ListItem\",\"position\":1,\"name\":\"\u9996\u9875\",\"item\":\"https:\/\/airbrakehose.com\/es\/hogar\/\"},{\"@type\":\"ListItem\",\"position\":2,\"name\":\"Tienda\",\"item\":\"https:\/\/airbrakehose.com\/es\/tienda\/\"},{\"@type\":\"ListItem\",\"position\":3,\"name\":\"Mangueras de freno de aire de goma de alta resistencia con mangos de extensi\u00f3n (SAE J1402) &#8211; Juego rojo y azul | Aprobado por el DOT\"}]},{\"@type\":\"WebSite\",\"@id\":\"https:\/\/airbrakehose.com\/es\/#website\",\"url\":\"https:\/\/airbrakehose.com\/es\/\",\"name\":\"Victory Technology\",\"description\":\"Industrial Hose &amp; Air Brake Solutions\",\"potentialAction\":[{\"@type\":\"SearchAction\",\"target\":{\"@type\":\"EntryPoint\",\"urlTemplate\":\"https:\/\/airbrakehose.com\/es\/?s={search_term_string}\"},\"query-input\":{\"@type\":\"PropertyValueSpecification\",\"valueRequired\":true,\"valueName\":\"search_term_string\"}}],\"inLanguage\":\"es\"}]}<\/script>\n<!-- \/ Yoast SEO Premium plugin. -->","yoast_head_json":{"title":"Mangueras de freno de aire de goma con empu\u00f1aduras de extensi\u00f3n - SAE J1402 | Victory Tech","description":"Compre mangueras de freno de aire de caucho SAE J1402 con mangos de extensi\u00f3n. L\u00edneas de aire de alta resistencia, aprobadas por el DOT, para un f\u00e1cil acoplamiento. Fabricadas por Victory Technology.","robots":{"index":"index","follow":"follow","max-snippet":"max-snippet:-1","max-image-preview":"max-image-preview:large","max-video-preview":"max-video-preview:-1"},"canonical":"https:\/\/airbrakehose.com\/es\/producto\/mangueras-de-freno-de-aire-de-goma-de-alta-resistencia-con-mangos-de-extension-sae-j1402-juego-rojo-y-azul-aprobado-por-el-dot\/","og_locale":"es_ES","og_type":"article","og_title":"Mangueras de freno de aire de goma de alta resistencia con mangos de extensi\u00f3n (SAE J1402) - Juego rojo y azul | Aprobado por el DOT","og_description":"Compre mangueras de freno de aire de caucho SAE J1402 con mangos de extensi\u00f3n. L\u00edneas de aire de alta resistencia, aprobadas por el DOT, para un f\u00e1cil acoplamiento. Fabricadas por Victory Technology.","og_url":"https:\/\/airbrakehose.com\/es\/producto\/mangueras-de-freno-de-aire-de-goma-de-alta-resistencia-con-mangos-de-extension-sae-j1402-juego-rojo-y-azul-aprobado-por-el-dot\/","og_site_name":"Victory Tech.","article_publisher":"https:\/\/www.facebook.com\/aokeautoparts","og_image":[{"width":1545,"height":1500,"url":"https:\/\/airbrakehose.com\/wp-content\/uploads\/2025\/12\/Rubber-handled_nylon_trailer_tube_for_truck_air_brake_system.webp","type":"image\/webp"}],"twitter_card":"summary_large_image","twitter_misc":{"Tiempo de lectura":"3 minutos"},"schema":{"@context":"https:\/\/schema.org","@graph":[{"@type":"WebPage","@id":"https:\/\/airbrakehose.com\/es\/producto\/mangueras-de-freno-de-aire-de-goma-de-alta-resistencia-con-mangos-de-extension-sae-j1402-juego-rojo-y-azul-aprobado-por-el-dot\/","url":"https:\/\/airbrakehose.com\/es\/producto\/mangueras-de-freno-de-aire-de-goma-de-alta-resistencia-con-mangos-de-extension-sae-j1402-juego-rojo-y-azul-aprobado-por-el-dot\/","name":"Mangueras de freno de aire de goma con empu\u00f1aduras de extensi\u00f3n - SAE J1402 | Victory Tech","isPartOf":{"@id":"https:\/\/airbrakehose.com\/es\/#website"},"primaryImageOfPage":{"@id":"https:\/\/airbrakehose.com\/es\/producto\/mangueras-de-freno-de-aire-de-goma-de-alta-resistencia-con-mangos-de-extension-sae-j1402-juego-rojo-y-azul-aprobado-por-el-dot\/#primaryimage"},"image":{"@id":"https:\/\/airbrakehose.com\/es\/producto\/mangueras-de-freno-de-aire-de-goma-de-alta-resistencia-con-mangos-de-extension-sae-j1402-juego-rojo-y-azul-aprobado-por-el-dot\/#primaryimage"},"thumbnailUrl":"https:\/\/airbrakehose.com\/wp-content\/uploads\/2025\/12\/Rubber-handled_nylon_trailer_tube_for_truck_air_brake_system.webp","datePublished":"2025-12-01T09:55:35+00:00","description":"Compre mangueras de freno de aire de caucho SAE J1402 con mangos de extensi\u00f3n. L\u00edneas de aire de alta resistencia, aprobadas por el DOT, para un f\u00e1cil acoplamiento. Fabricadas por Victory Technology.","breadcrumb":{"@id":"https:\/\/airbrakehose.com\/es\/producto\/mangueras-de-freno-de-aire-de-goma-de-alta-resistencia-con-mangos-de-extension-sae-j1402-juego-rojo-y-azul-aprobado-por-el-dot\/#breadcrumb"},"inLanguage":"es","potentialAction":[{"@type":"ReadAction","target":["https:\/\/airbrakehose.com\/es\/producto\/mangueras-de-freno-de-aire-de-goma-de-alta-resistencia-con-mangos-de-extension-sae-j1402-juego-rojo-y-azul-aprobado-por-el-dot\/"]}]},{"@type":"ImageObject","inLanguage":"es","@id":"https:\/\/airbrakehose.com\/es\/producto\/mangueras-de-freno-de-aire-de-goma-de-alta-resistencia-con-mangos-de-extension-sae-j1402-juego-rojo-y-azul-aprobado-por-el-dot\/#primaryimage","url":"https:\/\/airbrakehose.com\/wp-content\/uploads\/2025\/12\/Rubber-handled_nylon_trailer_tube_for_truck_air_brake_system.webp","contentUrl":"https:\/\/airbrakehose.com\/wp-content\/uploads\/2025\/12\/Rubber-handled_nylon_trailer_tube_for_truck_air_brake_system.webp","width":1545,"height":1500},{"@type":"BreadcrumbList","@id":"https:\/\/airbrakehose.com\/es\/producto\/mangueras-de-freno-de-aire-de-goma-de-alta-resistencia-con-mangos-de-extension-sae-j1402-juego-rojo-y-azul-aprobado-por-el-dot\/#breadcrumb","itemListElement":[{"@type":"ListItem","position":1,"name":"\u9996\u9875","item":"https:\/\/airbrakehose.com\/es\/hogar\/"},{"@type":"ListItem","position":2,"name":"Tienda","item":"https:\/\/airbrakehose.com\/es\/tienda\/"},{"@type":"ListItem","position":3,"name":"Mangueras de freno de aire de goma de alta resistencia con mangos de extensi\u00f3n (SAE J1402) &#8211; Juego rojo y azul | Aprobado por el DOT"}]},{"@type":"WebSite","@id":"https:\/\/airbrakehose.com\/es\/#website","url":"https:\/\/airbrakehose.com\/es\/","name":"Victory Technology","description":"Industrial Hose &amp; Air Brake Solutions","potentialAction":[{"@type":"SearchAction","target":{"@type":"EntryPoint","urlTemplate":"https:\/\/airbrakehose.com\/es\/?s={search_term_string}"},"query-input":{"@type":"PropertyValueSpecification","valueRequired":true,"valueName":"search_term_string"}}],"inLanguage":"es"}]}},"_links":{"self":[{"href":"https:\/\/airbrakehose.com\/es\/wp-json\/wp\/v2\/product\/4189","targetHints":{"allow":["GET"]}}],"collection":[{"href":"https:\/\/airbrakehose.com\/es\/wp-json\/wp\/v2\/product"}],"about":[{"href":"https:\/\/airbrakehose.com\/es\/wp-json\/wp\/v2\/types\/product"}],"wp:featuredmedia":[{"embeddable":true,"href":"https:\/\/airbrakehose.com\/es\/wp-json\/wp\/v2\/media\/2516"}],"wp:attachment":[{"href":"https:\/\/airbrakehose.com\/es\/wp-json\/wp\/v2\/media?parent=4189"}],"wp:term":[{"taxonomy":"product_brand","embeddable":true,"href":"https:\/\/airbrakehose.com\/es\/wp-json\/wp\/v2\/product_brand?post=4189"},{"taxonomy":"product_cat","embeddable":true,"href":"https:\/\/airbrakehose.com\/es\/wp-json\/wp\/v2\/product_cat?post=4189"},{"taxonomy":"product_tag","embeddable":true,"href":"https:\/\/airbrakehose.com\/es\/wp-json\/wp\/v2\/product_tag?post=4189"}],"curies":[{"name":"wp","href":"https:\/\/api.w.org\/{rel}","templated":true}]}}