{"id":4516,"date":"2025-12-06T15:03:57","date_gmt":"2025-12-06T15:03:57","guid":{"rendered":"https:\/\/airbrakehose.com\/politica-de-envios\/"},"modified":"2026-01-20T04:30:46","modified_gmt":"2026-01-20T04:30:46","slug":"politica-de-envios","status":"publish","type":"page","link":"https:\/\/airbrakehose.com\/es\/politica-de-envios\/","title":{"rendered":"Pol\u00edtica de env\u00edos"},"content":{"rendered":"\t\t<div data-elementor-type=\"wp-page\" data-elementor-id=\"4516\" class=\"elementor elementor-4516 elementor-3306\" data-elementor-post-type=\"page\">\n\t\t\t\t<div class=\"elementor-element elementor-element-2df8dea e-flex e-con-boxed e-con e-parent\" data-id=\"2df8dea\" data-element_type=\"container\" data-e-type=\"container\">\n\t\t\t\t\t<div class=\"e-con-inner\">\n\t\t\t\t<div class=\"elementor-element elementor-element-93d36da elementor-widget elementor-widget-text-editor\" data-id=\"93d36da\" data-element_type=\"widget\" data-e-type=\"widget\" data-widget_type=\"text-editor.default\">\n\t\t\t\t<div class=\"elementor-widget-container\">\n\t\t\t\t\t\t\t\t\t<p data-path-to-node=\"7\">Introducci\u00f3n: En Aoke Auto Parts, nos comprometemos a entregar componentes neum\u00e1ticos de alta calidad desde nuestra f\u00e1brica en China hasta su almac\u00e9n, en cualquier parte del mundo. Gracias a nuestro estrat\u00e9gico centro de exportaci\u00f3n en Tianjin (una importante ciudad portuaria internacional), garantizamos una gesti\u00f3n, un despacho de aduanas y una log\u00edstica eficientes para todos los pedidos internacionales. <\/p><hr data-path-to-node=\"8\"><h3 data-path-to-node=\"9\">1. Capacidad de env\u00edo a nivel mundial<\/h3><p data-path-to-node=\"10\">Realizamos env\u00edos a m\u00e1s de 50 pa\u00edses, incluyendo Norteam\u00e9rica, Europa, el Sudeste Asi\u00e1tico y Oriente Medio. Ya sea que necesite una sola caja de muestras por v\u00eda a\u00e9rea o un contenedor de 40 pies por v\u00eda mar\u00edtima, contamos con la red log\u00edstica necesaria. <\/p><ul data-path-to-node=\"11\"><li><p data-path-to-node=\"11,0,0\">Socios expr\u00e9s: DHL, FedEx, UPS, TNT (para muestras y pedidos peque\u00f1os urgentes).<\/p><\/li><li><p data-path-to-node=\"11,1,0\">Transitarios: Trabajamos con transitarios de primer nivel para env\u00edos mar\u00edtimos LCL (Less than Container Load) y FCL (Full Container Load).<\/p><\/li><\/ul><h3 data-path-to-node=\"12\">2. Costos de env\u00edo y cotizaciones<\/h3><p data-path-to-node=\"13\">Para garantizarle la tarifa m\u00e1s competitiva, los gastos de env\u00edo se calculan por separado seg\u00fan las cotizaciones en tiempo real. No aplicamos una tarifa fija debido a la gran variaci\u00f3n en el volumen de pedidos en el comercio B2B. <\/p><ul data-path-to-node=\"14\"><li><p data-path-to-node=\"14,0,0\">C\u00f3mo funciona: despu\u00e9s de enviar un pedido o una solicitud de cotizaci\u00f3n, nuestro equipo compara las tarifas de varios transportistas para encontrar el mejor precio para su peso y volumen espec\u00edficos.<\/p><\/li><li><p data-path-to-node=\"14,1,0\">Incoterms admitidos: Admitimos t\u00e9rminos comerciales internacionales est\u00e1ndar, incluidos EXW, FOB, CFR, CIF y DDP (para regiones seleccionadas).<\/p><\/li><li><p data-path-to-node=\"14,2,0\">Su propia cuenta: si prefiere utilizar su propia cuenta FedEx\/DHL o un transportista designado, simplemente h\u00e1ganoslo saber.<\/p><\/li><\/ul><h3 data-path-to-node=\"15\">3. Tiempo de procesamiento y entrega<\/h3><p data-path-to-node=\"16\">Distinguimos entre art\u00edculos en stock y \u00f3rdenes de producci\u00f3n:<\/p><ul data-path-to-node=\"17\"><li><p data-path-to-node=\"17,0,0\"><b>Pedidos de muestras y existencias:<\/b><\/p><ul data-path-to-node=\"17,0,1\"><li><p data-path-to-node=\"17,0,1,0,0\">Procesamiento: 1\u20133 d\u00edas h\u00e1biles.<\/p><\/li><li><p data-path-to-node=\"17,0,1,1,0\">Entrega (Express): 3\u20137 d\u00edas h\u00e1biles a trav\u00e9s de DHL\/FedEx.<\/p><\/li><\/ul><\/li><li><p data-path-to-node=\"17,1,0\"><b>\u00d3rdenes de producci\u00f3n a granel (OEM):<\/b><\/p><ul data-path-to-node=\"17,1,1\"><li><p data-path-to-node=\"17,1,1,0,0\">Plazo de entrega: normalmente entre 15 y 25 d\u00edas, seg\u00fan la cantidad del pedido y el cronograma de producci\u00f3n.<\/p><\/li><li><p data-path-to-node=\"17,1,1,1,0\">Entrega (mar\u00edtima): 20 a 45 d\u00edas dependiendo del puerto de destino.<\/p><\/li><\/ul><\/li><\/ul><h3 data-path-to-node=\"18\">4. Seguimiento de pedidos<\/h3><p data-path-to-node=\"19\">La transparencia es clave. Una vez que su carga sale de nuestro almac\u00e9n: <\/p><ul data-path-to-node=\"20\"><li><p data-path-to-node=\"20,0,0\">Express: Recibir\u00e1s un n\u00famero de seguimiento por correo electr\u00f3nico inmediatamente.<\/p><\/li><li><p data-path-to-node=\"20,1,0\">Transporte mar\u00edtimo: Le proporcionaremos el conocimiento de embarque (B\/L) y la informaci\u00f3n de seguimiento del buque para que pueda monitorear el estado del env\u00edo en l\u00ednea.<\/p><\/li><\/ul><h3 data-path-to-node=\"21\">5. Aduanas, aranceles e impuestos<\/h3><p data-path-to-node=\"22\">Tenga en cuenta que para los env\u00edos internacionales (a menos que se acuerde como DDP), el comprador es responsable de:<\/p><ul data-path-to-node=\"23\"><li><p data-path-to-node=\"23,0,0\">Derechos de importaci\u00f3n e IVA cobrados por el pa\u00eds de destino.<\/p><\/li><li><p data-path-to-node=\"23,1,0\">Tarifas de despacho de aduana.<\/p><\/li><li><p data-path-to-node=\"23,2,0\">Cualquier cargo de manipulaci\u00f3n adicional impuesto por el transportista en el destino.<\/p><\/li><li><p data-path-to-node=\"23,3,0\"><i>Proporcionamos facturas comerciales completas y listas de embalaje para facilitar el despacho de aduana.<\/i><\/p><\/li><\/ul><h3 data-path-to-node=\"24\">6. Env\u00edos da\u00f1ados o perdidos<\/h3><p data-path-to-node=\"25\">Si bien empacamos cada pedido con protecci\u00f3n resistente (cajas\/paletas reforzadas), pueden ocurrir accidentes durante el tr\u00e1nsito.<\/p><ul data-path-to-node=\"26\"><li><p data-path-to-node=\"26,0,0\">Si la mercanc\u00eda llega da\u00f1ada: tome fotograf\u00edas del embalaje y de los productos inmediatamente y cont\u00e1ctenos dentro de los 5 d\u00edas posteriores a la recepci\u00f3n.<\/p><\/li><li><p data-path-to-node=\"26,1,0\">Seguro: Recomendamos contratar un seguro de env\u00edo para pedidos al por mayor de gran valor. Podemos ayudarle a gestionarlo. <\/p><\/li><\/ul><h3 data-path-to-node=\"27\">\ud83d\udce7\u00bfNecesitas una cotizaci\u00f3n de env\u00edo?<\/h3><p data-path-to-node=\"28\">Si desea conocer el costo de env\u00edo estimado para un pedido espec\u00edfico, comun\u00edquese con nuestro equipo de log\u00edstica en [info@airbrakehose.com]. Estamos aqu\u00ed para ayudarle a optimizar los costos de su cadena de suministro. <\/p>\t\t\t\t\t\t\t\t<\/div>\n\t\t\t\t<\/div>\n\t\t\t\t\t<\/div>\n\t\t\t\t<\/div>\n\t\t\t\t<\/div>\n\t\t","protected":false},"excerpt":{"rendered":"<p>Introducci\u00f3n: En Aoke Auto Parts, nos comprometemos a entregar componentes neum\u00e1ticos de alta calidad desde nuestra f\u00e1brica en China hasta su almac\u00e9n, en cualquier parte del mundo. Gracias a nuestro estrat\u00e9gico centro de exportaci\u00f3n en Tianjin (una importante ciudad portuaria internacional), garantizamos una gesti\u00f3n, un despacho de aduanas y una log\u00edstica eficientes para todos los [&hellip;]<\/p>\n","protected":false},"author":1,"featured_media":0,"parent":0,"menu_order":0,"comment_status":"closed","ping_status":"closed","template":"","meta":{"_monsterinsights_skip_tracking":false,"_monsterinsights_sitenote_active":false,"_monsterinsights_sitenote_note":"","_monsterinsights_sitenote_category":0,"site-sidebar-layout":"no-sidebar","site-content-layout":"page-builder","ast-site-content-layout":"full-width-container","site-content-style":"unboxed","site-sidebar-style":"unboxed","ast-global-header-display":"","ast-banner-title-visibility":"","ast-main-header-display":"","ast-hfb-above-header-display":"","ast-hfb-below-header-display":"","ast-hfb-mobile-header-display":"","site-post-title":"","ast-breadcrumbs-content":"","ast-featured-img":"disabled","footer-sml-layout":"","ast-disable-related-posts":"","theme-transparent-header-meta":"","adv-header-id-meta":"","stick-header-meta":"","header-above-stick-meta":"","header-main-stick-meta":"","header-below-stick-meta":"","astra-migrate-meta-layouts":"default","ast-page-background-enabled":"default","ast-page-background-meta":{"desktop":{"background-color":"","background-image":"","background-repeat":"repeat","background-position":"center center","background-size":"auto","background-attachment":"scroll","background-type":"","background-media":"","overlay-type":"","overlay-color":"","overlay-opacity":"","overlay-gradient":""},"tablet":{"background-color":"","background-image":"","background-repeat":"repeat","background-position":"center center","background-size":"auto","background-attachment":"scroll","background-type":"","background-media":"","overlay-type":"","overlay-color":"","overlay-opacity":"","overlay-gradient":""},"mobile":{"background-color":"","background-image":"","background-repeat":"repeat","background-position":"center center","background-size":"auto","background-attachment":"scroll","background-type":"","background-media":"","overlay-type":"","overlay-color":"","overlay-opacity":"","overlay-gradient":""}},"ast-content-background-meta":{"desktop":{"background-color":"var(--ast-global-color-5)","background-image":"","background-repeat":"repeat","background-position":"center center","background-size":"auto","background-attachment":"scroll","background-type":"","background-media":"","overlay-type":"","overlay-color":"","overlay-opacity":"","overlay-gradient":""},"tablet":{"background-color":"var(--ast-global-color-5)","background-image":"","background-repeat":"repeat","background-position":"center center","background-size":"auto","background-attachment":"scroll","background-type":"","background-media":"","overlay-type":"","overlay-color":"","overlay-opacity":"","overlay-gradient":""},"mobile":{"background-color":"var(--ast-global-color-5)","background-image":"","background-repeat":"repeat","background-position":"center center","background-size":"auto","background-attachment":"scroll","background-type":"","background-media":"","overlay-type":"","overlay-color":"","overlay-opacity":"","overlay-gradient":""}},"_joinchat":[],"footnotes":""},"class_list":["post-4516","page","type-page","status-publish","hentry"],"yoast_head":"<!-- This site is optimized with the Yoast SEO Premium plugin v26.4 (Yoast SEO v27.0) - https:\/\/yoast.com\/product\/yoast-seo-premium-wordpress\/ -->\n<title>Pol\u00edtica de env\u00edos y entregas | Log\u00edstica B2B mundial - Aoke<\/title>\n<meta name=\"description\" content=\"Consulte la pol\u00edtica de env\u00edos de Aoke Auto Parts. Ofrecemos env\u00edos a todo el mundo por expr\u00e9s (DHL\/FedEx) y flete mar\u00edtimo desde el puerto de Tianjin. Aceptamos condiciones FOB, CIF y EXW.\" \/>\n<meta name=\"robots\" content=\"index, follow, max-snippet:-1, max-image-preview:large, max-video-preview:-1\" \/>\n<link rel=\"canonical\" href=\"https:\/\/airbrakehose.com\/es\/politica-de-envios\/\" \/>\n<meta property=\"og:locale\" content=\"es_ES\" \/>\n<meta property=\"og:type\" content=\"article\" \/>\n<meta property=\"og:title\" content=\"Pol\u00edtica de env\u00edos\" \/>\n<meta property=\"og:description\" content=\"Consulte la pol\u00edtica de env\u00edos de Aoke Auto Parts. Ofrecemos env\u00edos a todo el mundo por expr\u00e9s (DHL\/FedEx) y flete mar\u00edtimo desde el puerto de Tianjin. Aceptamos condiciones FOB, CIF y EXW.\" \/>\n<meta property=\"og:url\" content=\"https:\/\/airbrakehose.com\/es\/politica-de-envios\/\" \/>\n<meta property=\"og:site_name\" content=\"Victory Tech.\" \/>\n<meta property=\"article:publisher\" content=\"https:\/\/www.facebook.com\/aokeautoparts\" \/>\n<meta property=\"article:modified_time\" content=\"2026-01-20T04:30:46+00:00\" \/>\n<meta name=\"twitter:card\" content=\"summary_large_image\" \/>\n<meta name=\"twitter:label1\" content=\"Tiempo de lectura\" \/>\n\t<meta name=\"twitter:data1\" content=\"3 minutos\" \/>\n<script type=\"application\/ld+json\" class=\"yoast-schema-graph\">{\"@context\":\"https:\/\/schema.org\",\"@graph\":[{\"@type\":\"WebPage\",\"@id\":\"https:\/\/airbrakehose.com\/es\/politica-de-envios\/\",\"url\":\"https:\/\/airbrakehose.com\/es\/politica-de-envios\/\",\"name\":\"Pol\u00edtica de env\u00edos y entregas | Log\u00edstica B2B mundial - Aoke\",\"isPartOf\":{\"@id\":\"https:\/\/airbrakehose.com\/es\/#website\"},\"datePublished\":\"2025-12-06T15:03:57+00:00\",\"dateModified\":\"2026-01-20T04:30:46+00:00\",\"description\":\"Consulte la pol\u00edtica de env\u00edos de Aoke Auto Parts. Ofrecemos env\u00edos a todo el mundo por expr\u00e9s (DHL\/FedEx) y flete mar\u00edtimo desde el puerto de Tianjin. Aceptamos condiciones FOB, CIF y EXW.\",\"breadcrumb\":{\"@id\":\"https:\/\/airbrakehose.com\/es\/politica-de-envios\/#breadcrumb\"},\"inLanguage\":\"es\",\"potentialAction\":[{\"@type\":\"ReadAction\",\"target\":[\"https:\/\/airbrakehose.com\/es\/politica-de-envios\/\"]}]},{\"@type\":\"BreadcrumbList\",\"@id\":\"https:\/\/airbrakehose.com\/es\/politica-de-envios\/#breadcrumb\",\"itemListElement\":[{\"@type\":\"ListItem\",\"position\":1,\"name\":\"\u9996\u9875\",\"item\":\"https:\/\/airbrakehose.com\/es\/hogar\/\"},{\"@type\":\"ListItem\",\"position\":2,\"name\":\"Pol\u00edtica de env\u00edos\"}]},{\"@type\":\"WebSite\",\"@id\":\"https:\/\/airbrakehose.com\/es\/#website\",\"url\":\"https:\/\/airbrakehose.com\/es\/\",\"name\":\"Victory Technology\",\"description\":\"Industrial Hose &amp; Air Brake Solutions\",\"potentialAction\":[{\"@type\":\"SearchAction\",\"target\":{\"@type\":\"EntryPoint\",\"urlTemplate\":\"https:\/\/airbrakehose.com\/es\/?s={search_term_string}\"},\"query-input\":{\"@type\":\"PropertyValueSpecification\",\"valueRequired\":true,\"valueName\":\"search_term_string\"}}],\"inLanguage\":\"es\"}]}<\/script>\n<!-- \/ Yoast SEO Premium plugin. -->","yoast_head_json":{"title":"Pol\u00edtica de env\u00edos y entregas | Log\u00edstica B2B mundial - Aoke","description":"Consulte la pol\u00edtica de env\u00edos de Aoke Auto Parts. Ofrecemos env\u00edos a todo el mundo por expr\u00e9s (DHL\/FedEx) y flete mar\u00edtimo desde el puerto de Tianjin. Aceptamos condiciones FOB, CIF y EXW.","robots":{"index":"index","follow":"follow","max-snippet":"max-snippet:-1","max-image-preview":"max-image-preview:large","max-video-preview":"max-video-preview:-1"},"canonical":"https:\/\/airbrakehose.com\/es\/politica-de-envios\/","og_locale":"es_ES","og_type":"article","og_title":"Pol\u00edtica de env\u00edos","og_description":"Consulte la pol\u00edtica de env\u00edos de Aoke Auto Parts. Ofrecemos env\u00edos a todo el mundo por expr\u00e9s (DHL\/FedEx) y flete mar\u00edtimo desde el puerto de Tianjin. Aceptamos condiciones FOB, CIF y EXW.","og_url":"https:\/\/airbrakehose.com\/es\/politica-de-envios\/","og_site_name":"Victory Tech.","article_publisher":"https:\/\/www.facebook.com\/aokeautoparts","article_modified_time":"2026-01-20T04:30:46+00:00","twitter_card":"summary_large_image","twitter_misc":{"Tiempo de lectura":"3 minutos"},"schema":{"@context":"https:\/\/schema.org","@graph":[{"@type":"WebPage","@id":"https:\/\/airbrakehose.com\/es\/politica-de-envios\/","url":"https:\/\/airbrakehose.com\/es\/politica-de-envios\/","name":"Pol\u00edtica de env\u00edos y entregas | Log\u00edstica B2B mundial - Aoke","isPartOf":{"@id":"https:\/\/airbrakehose.com\/es\/#website"},"datePublished":"2025-12-06T15:03:57+00:00","dateModified":"2026-01-20T04:30:46+00:00","description":"Consulte la pol\u00edtica de env\u00edos de Aoke Auto Parts. Ofrecemos env\u00edos a todo el mundo por expr\u00e9s (DHL\/FedEx) y flete mar\u00edtimo desde el puerto de Tianjin. Aceptamos condiciones FOB, CIF y EXW.","breadcrumb":{"@id":"https:\/\/airbrakehose.com\/es\/politica-de-envios\/#breadcrumb"},"inLanguage":"es","potentialAction":[{"@type":"ReadAction","target":["https:\/\/airbrakehose.com\/es\/politica-de-envios\/"]}]},{"@type":"BreadcrumbList","@id":"https:\/\/airbrakehose.com\/es\/politica-de-envios\/#breadcrumb","itemListElement":[{"@type":"ListItem","position":1,"name":"\u9996\u9875","item":"https:\/\/airbrakehose.com\/es\/hogar\/"},{"@type":"ListItem","position":2,"name":"Pol\u00edtica de env\u00edos"}]},{"@type":"WebSite","@id":"https:\/\/airbrakehose.com\/es\/#website","url":"https:\/\/airbrakehose.com\/es\/","name":"Victory Technology","description":"Industrial Hose &amp; Air Brake Solutions","potentialAction":[{"@type":"SearchAction","target":{"@type":"EntryPoint","urlTemplate":"https:\/\/airbrakehose.com\/es\/?s={search_term_string}"},"query-input":{"@type":"PropertyValueSpecification","valueRequired":true,"valueName":"search_term_string"}}],"inLanguage":"es"}]}},"_links":{"self":[{"href":"https:\/\/airbrakehose.com\/es\/wp-json\/wp\/v2\/pages\/4516","targetHints":{"allow":["GET"]}}],"collection":[{"href":"https:\/\/airbrakehose.com\/es\/wp-json\/wp\/v2\/pages"}],"about":[{"href":"https:\/\/airbrakehose.com\/es\/wp-json\/wp\/v2\/types\/page"}],"author":[{"embeddable":true,"href":"https:\/\/airbrakehose.com\/es\/wp-json\/wp\/v2\/users\/1"}],"replies":[{"embeddable":true,"href":"https:\/\/airbrakehose.com\/es\/wp-json\/wp\/v2\/comments?post=4516"}],"version-history":[{"count":1,"href":"https:\/\/airbrakehose.com\/es\/wp-json\/wp\/v2\/pages\/4516\/revisions"}],"predecessor-version":[{"id":4517,"href":"https:\/\/airbrakehose.com\/es\/wp-json\/wp\/v2\/pages\/4516\/revisions\/4517"}],"wp:attachment":[{"href":"https:\/\/airbrakehose.com\/es\/wp-json\/wp\/v2\/media?parent=4516"}],"curies":[{"name":"wp","href":"https:\/\/api.w.org\/{rel}","templated":true}]}}