{"id":4458,"date":"2025-12-05T07:49:10","date_gmt":"2025-12-05T07:49:10","guid":{"rendered":"https:\/\/airbrakehose.com\/centro-de-conocimiento\/preguntas-frecuentes\/"},"modified":"2026-01-20T02:59:11","modified_gmt":"2026-01-20T02:59:11","slug":"preguntas-frecuentes","status":"publish","type":"page","link":"https:\/\/airbrakehose.com\/es\/centro-de-conocimiento\/preguntas-frecuentes\/","title":{"rendered":"Preguntas frecuentes"},"content":{"rendered":"\t\t<div data-elementor-type=\"wp-post\" data-elementor-id=\"4458\" class=\"elementor elementor-4458 elementor-3167\" data-elementor-post-type=\"page\">\n\t\t\t\t<div class=\"elementor-element elementor-element-2c4fdd7 e-flex e-con-boxed e-con e-parent\" data-id=\"2c4fdd7\" data-element_type=\"container\" data-e-type=\"container\" data-settings=\"{&quot;background_background&quot;:&quot;classic&quot;}\">\n\t\t\t\t\t<div class=\"e-con-inner\">\n\t\t<div class=\"elementor-element elementor-element-b2079e2 e-con-full e-flex e-con e-child\" data-id=\"b2079e2\" data-element_type=\"container\" data-e-type=\"container\">\n\t\t\t\t<div class=\"elementor-element elementor-element-e33a2df elementor-widget elementor-widget-heading\" data-id=\"e33a2df\" data-element_type=\"widget\" data-e-type=\"widget\" data-widget_type=\"heading.default\">\n\t\t\t\t<div class=\"elementor-widget-container\">\n\t\t\t\t\t<h2 class=\"elementor-heading-title elementor-size-default\">Centro de conocimientos t\u00e9cnicos y preguntas frecuentes | Victory Technology<\/h2>\t\t\t\t<\/div>\n\t\t\t\t<\/div>\n\t\t\t\t<div class=\"elementor-element elementor-element-0c6558a elementor-widget-divider--view-line elementor-widget elementor-widget-divider\" data-id=\"0c6558a\" data-element_type=\"widget\" data-e-type=\"widget\" data-widget_type=\"divider.default\">\n\t\t\t\t<div class=\"elementor-widget-container\">\n\t\t\t\t\t\t\t<div class=\"elementor-divider\">\n\t\t\t<span class=\"elementor-divider-separator\">\n\t\t\t\t\t\t<\/span>\n\t\t<\/div>\n\t\t\t\t\t\t<\/div>\n\t\t\t\t<\/div>\n\t\t\t\t<div class=\"elementor-element elementor-element-27fed12 elementor-widget elementor-widget-text-editor\" data-id=\"27fed12\" data-element_type=\"widget\" data-e-type=\"widget\" data-widget_type=\"text-editor.default\">\n\t\t\t\t<div class=\"elementor-widget-container\">\n\t\t\t\t\t\t\t\t\t<p data-path-to-node=\"8\">Bienvenido al centro de conocimiento de Victory Technology.<\/p><p data-path-to-node=\"9\">No solo fabricamos piezas; entendemos la ciencia que las sustenta. Especializados en sistemas de frenos de aire de alto rendimiento, tuber\u00edas neum\u00e1ticas, kits de mangueras 3 en 1 y herramientas neum\u00e1ticas para talleres, apoyamos a los sectores del transporte pesado y la automatizaci\u00f3n industrial con experiencia directa de f\u00e1brica. <\/p><p data-path-to-node=\"10\">Ya sea que usted sea un distribuidor de repuestos que busca datos de cumplimiento, un gerente de flota que busca consejos de mantenimiento o un ingeniero OEM que verifica especificaciones, este centro proporciona las respuestas t\u00e9cnicas cr\u00edticas que necesita para garantizar la seguridad y el rendimiento.<\/p><hr data-path-to-node=\"11\"><h3 data-path-to-node=\"12\">\ud83d\udee1\ufe0f \u00bfPor qu\u00e9 confiar en Victory Technology?<\/h3><p data-path-to-node=\"13\"><i data-path-to-node=\"13\" data-index-in-node=\"0\">La ventaja de la venta directa de f\u00e1brica.<\/i><\/p><p data-path-to-node=\"14\">Combinamos m\u00e1s de 20 a\u00f1os de precisi\u00f3n en la fabricaci\u00f3n en nuestras instalaciones de Zhuji Aoke con est\u00e1ndares de ingenier\u00eda globales. Estas son las razones por las que los profesionales del sector conf\u00edan en nuestro asesoramiento t\u00e9cnico: <\/p><ul data-path-to-node=\"15\"><li><p data-path-to-node=\"15,0,0\">\ud83c\udfed Fabricante de verdad, no solo un comerciante: Extruimos nuestros propios tubos de nailon PA12 y ensamblamos nuestras propias mangueras para frenos de aire. Esto nos da control total sobre la calidad de la materia prima y nos permite responder a preguntas t\u00e9cnicas complejas que los comerciantes no pueden resolver. <\/p><\/li><li><p data-path-to-node=\"15,1,0\">\u2705 Certificado de seguridad (DOT y SAE): El cumplimiento es fundamental. Nuestros componentes de frenos de aire se fabrican y prueban en estricta conformidad con las normas DOT FMVSS 106, SAE J1402 y SAE J844, lo que garantiza su homologaci\u00f3n para circular en Norteam\u00e9rica y el resto del mundo. <\/p><\/li><li><p data-path-to-node=\"15,2,0\">\ud83e\uddea Pruebas de laboratorio rigurosas: No adivinamos; probamos. Cada lote de producci\u00f3n se somete a pruebas exhaustivas en nuestro laboratorio, que incluyen pruebas de presi\u00f3n de rotura, pruebas de impacto en fr\u00edo (-40 \u00b0C) y an\u00e1lisis de envejecimiento por rayos UV. <\/p><\/li><li><p data-path-to-node=\"15,3,0\">\ud83c\udf0d Experiencia en aplicaciones globales: desde los g\u00e9lidos inviernos de las carreteras canadienses hasta el calor h\u00famedo de las obras de construcci\u00f3n del sudeste asi\u00e1tico, nuestros productos est\u00e1n dise\u00f1ados para funcionar en diversos entornos a nivel mundial.<\/p><\/li><\/ul>\t\t\t\t\t\t\t\t<\/div>\n\t\t\t\t<\/div>\n\t\t\t\t<\/div>\n\t\t\t\t\t<\/div>\n\t\t\t\t<\/div>\n\t\t<div class=\"elementor-element elementor-element-89c2bec e-flex e-con-boxed e-con e-parent\" data-id=\"89c2bec\" data-element_type=\"container\" data-e-type=\"container\">\n\t\t\t\t\t<div class=\"e-con-inner\">\n\t\t\t\t<div class=\"elementor-element elementor-element-bf6b760 elementor-grid-1 elementor-grid-tablet-2 elementor-grid-mobile-1 elementor-posts--thumbnail-top elementor-widget elementor-widget-posts\" data-id=\"bf6b760\" data-element_type=\"widget\" data-e-type=\"widget\" data-settings=\"{&quot;classic_columns&quot;:&quot;1&quot;,&quot;classic_columns_tablet&quot;:&quot;2&quot;,&quot;classic_columns_mobile&quot;:&quot;1&quot;,&quot;classic_row_gap&quot;:{&quot;unit&quot;:&quot;px&quot;,&quot;size&quot;:35,&quot;sizes&quot;:[]},&quot;classic_row_gap_tablet&quot;:{&quot;unit&quot;:&quot;px&quot;,&quot;size&quot;:&quot;&quot;,&quot;sizes&quot;:[]},&quot;classic_row_gap_mobile&quot;:{&quot;unit&quot;:&quot;px&quot;,&quot;size&quot;:&quot;&quot;,&quot;sizes&quot;:[]}}\" data-widget_type=\"posts.classic\">\n\t\t\t\t<div class=\"elementor-widget-container\">\n\t\t\t\t\t\t\t<div class=\"elementor-posts-container elementor-posts elementor-posts--skin-classic elementor-grid\" role=\"list\">\n\t\t\t\t<article class=\"elementor-post elementor-grid-item post-4554 post type-post status-publish format-standard hentry category-preguntas-frecuentes\" role=\"listitem\">\n\t\t\t\t<div class=\"elementor-post__text\">\n\t\t\t\t<h4 class=\"elementor-post__title\">\n\t\t\t<a href=\"https:\/\/airbrakehose.com\/es\/preguntas-frecuentes-sobre-accesorios-neumaticos-guia-completa\/\" >\n\t\t\t\tPreguntas frecuentes sobre accesorios neum\u00e1ticos: gu\u00eda completa\t\t\t<\/a>\n\t\t<\/h4>\n\t\t\t\t<div class=\"elementor-post__meta-data\">\n\t\t\t\t\t<span class=\"elementor-post-date\">\n\t\t\t15\/12\/2025\t\t<\/span>\n\t\t\t\t<span class=\"elementor-post-avatar\">\n\t\t\tNo hay comentarios\t\t<\/span>\n\t\t\t\t<\/div>\n\t\t\t\t<div class=\"elementor-post__excerpt\">\n\t\t\t<p>1. Racores rectos a presi\u00f3n Conectores lineales est\u00e1ndar para aplicaciones neum\u00e1ticas generales. P1: \u00bfPara qu\u00e9 se utiliza un conector a presi\u00f3n recto? Un accesorio recto conecta un tubo a un equipo u otro tubo en una configuraci\u00f3n directa y lineal. P2: \u00bfQu\u00e9 materiales de tubo son compatibles? Trabajan con tubos de PU (Poliuretano), PA (Nylon)<\/p>\n\t\t<\/div>\n\t\t\n\t\t<a class=\"elementor-post__read-more\" href=\"https:\/\/airbrakehose.com\/es\/preguntas-frecuentes-sobre-accesorios-neumaticos-guia-completa\/\" aria-label=\"Read more about Preguntas frecuentes sobre accesorios neum\u00e1ticos: gu\u00eda completa\" tabindex=\"-1\" >\n\t\t\tLeer m\u00e1s \"\t\t<\/a>\n\n\t\t\t\t<\/div>\n\t\t\t\t<\/article>\n\t\t\t\t<article class=\"elementor-post elementor-grid-item post-4547 post type-post status-publish format-standard hentry category-preguntas-frecuentes\" role=\"listitem\">\n\t\t\t\t<div class=\"elementor-post__text\">\n\t\t\t\t<h4 class=\"elementor-post__title\">\n\t\t\t<a href=\"https:\/\/airbrakehose.com\/es\/pistolas-sopladoras-de-aire-preguntas-frecuentes-sobre-la-limpieza-de-talleres-y-cabinas\/\" >\n\t\t\t\tPistolas sopladoras de aire: Preguntas frecuentes sobre la limpieza de talleres y cabinas\t\t\t<\/a>\n\t\t<\/h4>\n\t\t\t\t<div class=\"elementor-post__meta-data\">\n\t\t\t\t\t<span class=\"elementor-post-date\">\n\t\t\t15\/12\/2025\t\t<\/span>\n\t\t\t\t<span class=\"elementor-post-avatar\">\n\t\t\tNo hay comentarios\t\t<\/span>\n\t\t\t\t<\/div>\n\t\t\t\t<div class=\"elementor-post__excerpt\">\n\t\t\t<p>Desde limpiar el polvo de un tablero hasta soplar residuos de una pinza de freno, la pistola sopladora de polvo de aire es una de las herramientas m\u00e1s vers\u00e1tiles en la industria del transporte por carretera. Sin embargo, manipular aire comprimido requiere precauci\u00f3n. \u00bfCu\u00e1l es la presi\u00f3n segura en PSI? \u00bfQu\u00e9 boquilla cumple con la<\/p>\n\t\t<\/div>\n\t\t\n\t\t<a class=\"elementor-post__read-more\" href=\"https:\/\/airbrakehose.com\/es\/pistolas-sopladoras-de-aire-preguntas-frecuentes-sobre-la-limpieza-de-talleres-y-cabinas\/\" aria-label=\"Read more about Pistolas sopladoras de aire: Preguntas frecuentes sobre la limpieza de talleres y cabinas\" tabindex=\"-1\" >\n\t\t\tLeer m\u00e1s \"\t\t<\/a>\n\n\t\t\t\t<\/div>\n\t\t\t\t<\/article>\n\t\t\t\t<article class=\"elementor-post elementor-grid-item post-4545 post type-post status-publish format-standard hentry category-preguntas-frecuentes\" role=\"listitem\">\n\t\t\t\t<div class=\"elementor-post__text\">\n\t\t\t\t<h4 class=\"elementor-post__title\">\n\t\t\t<a href=\"https:\/\/airbrakehose.com\/es\/kits-de-linea-de-alimentacion-de-aire-3-en-1-la-guia-definitiva-de-preguntas-frecuentes-cable-y-mangueras-de-aire\/\" >\n\t\t\t\tKits de l\u00ednea de alimentaci\u00f3n de aire 3 en 1: La gu\u00eda definitiva de preguntas frecuentes (cable y mangueras de aire)\t\t\t<\/a>\n\t\t<\/h4>\n\t\t\t\t<div class=\"elementor-post__meta-data\">\n\t\t\t\t\t<span class=\"elementor-post-date\">\n\t\t\t15\/12\/2025\t\t<\/span>\n\t\t\t\t<span class=\"elementor-post-avatar\">\n\t\t\tNo hay comentarios\t\t<\/span>\n\t\t\t\t<\/div>\n\t\t\t\t<div class=\"elementor-post__excerpt\">\n\t\t\t<p>Gestionar la conexi\u00f3n entre su tractor y remolque no deber\u00eda ser complicado. El kit de l\u00ednea de alimentaci\u00f3n neum\u00e1tica 3 en 1 es la soluci\u00f3n moderna para los cables enredados. Pero con opciones que van desde mangueras de goma hasta nailon en espiral, y preguntas sobre codificaci\u00f3n de colores y est\u00e1ndares de seguridad, elegir el<\/p>\n\t\t<\/div>\n\t\t\n\t\t<a class=\"elementor-post__read-more\" href=\"https:\/\/airbrakehose.com\/es\/kits-de-linea-de-alimentacion-de-aire-3-en-1-la-guia-definitiva-de-preguntas-frecuentes-cable-y-mangueras-de-aire\/\" aria-label=\"Read more about Kits de l\u00ednea de alimentaci\u00f3n de aire 3 en 1: La gu\u00eda definitiva de preguntas frecuentes (cable y mangueras de aire)\" tabindex=\"-1\" >\n\t\t\tLeer m\u00e1s \"\t\t<\/a>\n\n\t\t\t\t<\/div>\n\t\t\t\t<\/article>\n\t\t\t\t<article class=\"elementor-post elementor-grid-item post-4541 post type-post status-publish format-standard hentry category-preguntas-frecuentes\" role=\"listitem\">\n\t\t\t\t<div class=\"elementor-post__text\">\n\t\t\t\t<h4 class=\"elementor-post__title\">\n\t\t\t<a href=\"https:\/\/airbrakehose.com\/es\/air-brake-hose-faq-the-ultimate-safety-selection-guide-sae-j1402\/\" >\n\t\t\t\tAir Brake Hose FAQ: The Ultimate Safety &amp; Selection Guide (SAE J1402)\t\t\t<\/a>\n\t\t<\/h4>\n\t\t\t\t<div class=\"elementor-post__meta-data\">\n\t\t\t\t\t<span class=\"elementor-post-date\">\n\t\t\t15\/12\/2025\t\t<\/span>\n\t\t\t\t<span class=\"elementor-post-avatar\">\n\t\t\tNo hay comentarios\t\t<\/span>\n\t\t\t\t<\/div>\n\t\t\t\t<div class=\"elementor-post__excerpt\">\n\t\t\t<p>El sistema de frenos de su cami\u00f3n es tan confiable como las mangueras que lo conectan. En Aoke Auto Parts, sabemos que cuando un conductor pisa el acelerador, no hay margen de error. Ya sea que est\u00e9 reemplazando una vieja l\u00ednea de servicio (azul) o equipando una nueva flota con l\u00edneas de emergencia (rojas), comprender<\/p>\n\t\t<\/div>\n\t\t\n\t\t<a class=\"elementor-post__read-more\" href=\"https:\/\/airbrakehose.com\/es\/air-brake-hose-faq-the-ultimate-safety-selection-guide-sae-j1402\/\" aria-label=\"Read more about Air Brake Hose FAQ: The Ultimate Safety &amp; Selection Guide (SAE J1402)\" tabindex=\"-1\" >\n\t\t\tLeer m\u00e1s \"\t\t<\/a>\n\n\t\t\t\t<\/div>\n\t\t\t\t<\/article>\n\t\t\t\t<article class=\"elementor-post elementor-grid-item post-4535 post type-post status-publish format-standard hentry category-preguntas-frecuentes tag-pu-tubing tag-tubo-de-nailon tag-tubos-de-pe\" role=\"listitem\">\n\t\t\t\t<div class=\"elementor-post__text\">\n\t\t\t\t<h4 class=\"elementor-post__title\">\n\t\t\t<a href=\"https:\/\/airbrakehose.com\/es\/tubos-de-nailon-poliuretano-y-polietileno-la-guia-definitiva-de-preguntas-frecuentes-sobre-sistemas-de-frenos-de-aire\/\" >\n\t\t\t\tTubos de nailon, poliuretano y polietileno: la gu\u00eda definitiva de preguntas frecuentes sobre sistemas de frenos de aire\t\t\t<\/a>\n\t\t<\/h4>\n\t\t\t\t<div class=\"elementor-post__meta-data\">\n\t\t\t\t\t<span class=\"elementor-post-date\">\n\t\t\t15\/12\/2025\t\t<\/span>\n\t\t\t\t<span class=\"elementor-post-avatar\">\n\t\t\tNo hay comentarios\t\t<\/span>\n\t\t\t\t<\/div>\n\t\t\t\t<div class=\"elementor-post__excerpt\">\n\t\t\t<p>Elegir la tuber\u00eda adecuada para el sistema de aire de su cami\u00f3n no solo se trata del precio, sino tambi\u00e9n de la seguridad y el cumplimiento normativo. En Aoke Auto Parts, a menudo vemos clientes confundidos por las diferencias entre el nailon (PA12), el poliuretano (PU) y el polietileno (PE). \u00bfCu\u00e1l est\u00e1 aprobado por el<\/p>\n\t\t<\/div>\n\t\t\n\t\t<a class=\"elementor-post__read-more\" href=\"https:\/\/airbrakehose.com\/es\/tubos-de-nailon-poliuretano-y-polietileno-la-guia-definitiva-de-preguntas-frecuentes-sobre-sistemas-de-frenos-de-aire\/\" aria-label=\"Read more about Tubos de nailon, poliuretano y polietileno: la gu\u00eda definitiva de preguntas frecuentes sobre sistemas de frenos de aire\" tabindex=\"-1\" >\n\t\t\tLeer m\u00e1s \"\t\t<\/a>\n\n\t\t\t\t<\/div>\n\t\t\t\t<\/article>\n\t\t\t\t<\/div>\n\t\t\n\t\t\t\t\t\t<\/div>\n\t\t\t\t<\/div>\n\t\t\t\t\t<\/div>\n\t\t\t\t<\/div>\n\t\t\t\t<\/div>\n\t\t","protected":false},"excerpt":{"rendered":"<p>Centro de conocimientos t\u00e9cnicos y preguntas frecuentes | Victory Technology Bienvenido al centro de conocimiento de Victory Technology. No solo fabricamos piezas; entendemos la ciencia que las sustenta. Especializados en sistemas de frenos de aire de alto rendimiento, tuber\u00edas neum\u00e1ticas, kits de mangueras 3 en 1 y herramientas neum\u00e1ticas para talleres, apoyamos a los sectores [&hellip;]<\/p>\n","protected":false},"author":1,"featured_media":0,"parent":4446,"menu_order":0,"comment_status":"closed","ping_status":"closed","template":"","meta":{"_monsterinsights_skip_tracking":false,"_monsterinsights_sitenote_active":false,"_monsterinsights_sitenote_note":"","_monsterinsights_sitenote_category":0,"site-sidebar-layout":"no-sidebar","site-content-layout":"page-builder","ast-site-content-layout":"full-width-container","site-content-style":"unboxed","site-sidebar-style":"unboxed","ast-global-header-display":"","ast-banner-title-visibility":"","ast-main-header-display":"","ast-hfb-above-header-display":"","ast-hfb-below-header-display":"","ast-hfb-mobile-header-display":"","site-post-title":"disabled","ast-breadcrumbs-content":"","ast-featured-img":"disabled","footer-sml-layout":"","ast-disable-related-posts":"","theme-transparent-header-meta":"enabled","adv-header-id-meta":"","stick-header-meta":"","header-above-stick-meta":"","header-main-stick-meta":"","header-below-stick-meta":"","astra-migrate-meta-layouts":"default","ast-page-background-enabled":"default","ast-page-background-meta":{"desktop":{"background-color":"","background-image":"","background-repeat":"repeat","background-position":"center center","background-size":"auto","background-attachment":"scroll","background-type":"","background-media":"","overlay-type":"","overlay-color":"","overlay-opacity":"","overlay-gradient":""},"tablet":{"background-color":"","background-image":"","background-repeat":"repeat","background-position":"center center","background-size":"auto","background-attachment":"scroll","background-type":"","background-media":"","overlay-type":"","overlay-color":"","overlay-opacity":"","overlay-gradient":""},"mobile":{"background-color":"","background-image":"","background-repeat":"repeat","background-position":"center center","background-size":"auto","background-attachment":"scroll","background-type":"","background-media":"","overlay-type":"","overlay-color":"","overlay-opacity":"","overlay-gradient":""}},"ast-content-background-meta":{"desktop":{"background-color":"var(--ast-global-color-5)","background-image":"","background-repeat":"repeat","background-position":"center center","background-size":"auto","background-attachment":"scroll","background-type":"","background-media":"","overlay-type":"","overlay-color":"","overlay-opacity":"","overlay-gradient":""},"tablet":{"background-color":"var(--ast-global-color-5)","background-image":"","background-repeat":"repeat","background-position":"center center","background-size":"auto","background-attachment":"scroll","background-type":"","background-media":"","overlay-type":"","overlay-color":"","overlay-opacity":"","overlay-gradient":""},"mobile":{"background-color":"var(--ast-global-color-5)","background-image":"","background-repeat":"repeat","background-position":"center center","background-size":"auto","background-attachment":"scroll","background-type":"","background-media":"","overlay-type":"","overlay-color":"","overlay-opacity":"","overlay-gradient":""}},"_joinchat":[],"footnotes":""},"class_list":["post-4458","page","type-page","status-publish","hentry"],"yoast_head":"<!-- This site is optimized with the Yoast SEO Premium plugin v26.4 (Yoast SEO v27.0) - https:\/\/yoast.com\/product\/yoast-seo-premium-wordpress\/ -->\n<title>Preguntas frecuentes sobre sistemas de frenos de aire y gu\u00eda de soporte t\u00e9cnico | Aoke Auto Parts<\/title>\n<meta name=\"description\" content=\"La gu\u00eda definitiva de preguntas frecuentes sobre sistemas de frenos de aire para camiones. Respondemos preguntas t\u00e9cnicas sobre tubos de nailon DOT, mangueras de goma SAE J1402, kits 3 en 1 y conexiones neum\u00e1ticas. Asistencia directa de f\u00e1brica.\" \/>\n<meta name=\"robots\" content=\"index, follow, max-snippet:-1, max-image-preview:large, max-video-preview:-1\" \/>\n<link rel=\"canonical\" href=\"https:\/\/airbrakehose.com\/es\/centro-de-conocimiento\/preguntas-frecuentes\/\" \/>\n<meta property=\"og:locale\" content=\"es_ES\" \/>\n<meta property=\"og:type\" content=\"article\" \/>\n<meta property=\"og:title\" content=\"Preguntas frecuentes\" \/>\n<meta property=\"og:description\" content=\"La gu\u00eda definitiva de preguntas frecuentes sobre sistemas de frenos de aire para camiones. Respondemos preguntas t\u00e9cnicas sobre tubos de nailon DOT, mangueras de goma SAE J1402, kits 3 en 1 y conexiones neum\u00e1ticas. Asistencia directa de f\u00e1brica.\" \/>\n<meta property=\"og:url\" content=\"https:\/\/airbrakehose.com\/es\/centro-de-conocimiento\/preguntas-frecuentes\/\" \/>\n<meta property=\"og:site_name\" content=\"Victory Tech.\" \/>\n<meta property=\"article:publisher\" content=\"https:\/\/www.facebook.com\/aokeautoparts\" \/>\n<meta property=\"article:modified_time\" content=\"2026-01-20T02:59:11+00:00\" \/>\n<meta name=\"twitter:card\" content=\"summary_large_image\" \/>\n<meta name=\"twitter:label1\" content=\"Tiempo de lectura\" \/>\n\t<meta name=\"twitter:data1\" content=\"2 minutos\" \/>\n<script type=\"application\/ld+json\" class=\"yoast-schema-graph\">{\"@context\":\"https:\/\/schema.org\",\"@graph\":[{\"@type\":\"WebPage\",\"@id\":\"https:\/\/airbrakehose.com\/es\/centro-de-conocimiento\/preguntas-frecuentes\/\",\"url\":\"https:\/\/airbrakehose.com\/es\/centro-de-conocimiento\/preguntas-frecuentes\/\",\"name\":\"Preguntas frecuentes sobre sistemas de frenos de aire y gu\u00eda de soporte t\u00e9cnico | Aoke Auto Parts\",\"isPartOf\":{\"@id\":\"https:\/\/airbrakehose.com\/es\/#website\"},\"datePublished\":\"2025-12-05T07:49:10+00:00\",\"dateModified\":\"2026-01-20T02:59:11+00:00\",\"description\":\"La gu\u00eda definitiva de preguntas frecuentes sobre sistemas de frenos de aire para camiones. Respondemos preguntas t\u00e9cnicas sobre tubos de nailon DOT, mangueras de goma SAE J1402, kits 3 en 1 y conexiones neum\u00e1ticas. Asistencia directa de f\u00e1brica.\",\"breadcrumb\":{\"@id\":\"https:\/\/airbrakehose.com\/es\/centro-de-conocimiento\/preguntas-frecuentes\/#breadcrumb\"},\"inLanguage\":\"es\",\"potentialAction\":[{\"@type\":\"ReadAction\",\"target\":[\"https:\/\/airbrakehose.com\/es\/centro-de-conocimiento\/preguntas-frecuentes\/\"]}]},{\"@type\":\"BreadcrumbList\",\"@id\":\"https:\/\/airbrakehose.com\/es\/centro-de-conocimiento\/preguntas-frecuentes\/#breadcrumb\",\"itemListElement\":[{\"@type\":\"ListItem\",\"position\":1,\"name\":\"\u9996\u9875\",\"item\":\"https:\/\/airbrakehose.com\/es\/hogar\/\"},{\"@type\":\"ListItem\",\"position\":2,\"name\":\"Centro de conocimiento\",\"item\":\"https:\/\/airbrakehose.com\/es\/centro-de-conocimiento\/\"},{\"@type\":\"ListItem\",\"position\":3,\"name\":\"Preguntas frecuentes\"}]},{\"@type\":\"WebSite\",\"@id\":\"https:\/\/airbrakehose.com\/es\/#website\",\"url\":\"https:\/\/airbrakehose.com\/es\/\",\"name\":\"Victory Technology\",\"description\":\"Industrial Hose &amp; Air Brake Solutions\",\"potentialAction\":[{\"@type\":\"SearchAction\",\"target\":{\"@type\":\"EntryPoint\",\"urlTemplate\":\"https:\/\/airbrakehose.com\/es\/?s={search_term_string}\"},\"query-input\":{\"@type\":\"PropertyValueSpecification\",\"valueRequired\":true,\"valueName\":\"search_term_string\"}}],\"inLanguage\":\"es\"}]}<\/script>\n<!-- \/ Yoast SEO Premium plugin. -->","yoast_head_json":{"title":"Preguntas frecuentes sobre sistemas de frenos de aire y gu\u00eda de soporte t\u00e9cnico | Aoke Auto Parts","description":"La gu\u00eda definitiva de preguntas frecuentes sobre sistemas de frenos de aire para camiones. Respondemos preguntas t\u00e9cnicas sobre tubos de nailon DOT, mangueras de goma SAE J1402, kits 3 en 1 y conexiones neum\u00e1ticas. Asistencia directa de f\u00e1brica.","robots":{"index":"index","follow":"follow","max-snippet":"max-snippet:-1","max-image-preview":"max-image-preview:large","max-video-preview":"max-video-preview:-1"},"canonical":"https:\/\/airbrakehose.com\/es\/centro-de-conocimiento\/preguntas-frecuentes\/","og_locale":"es_ES","og_type":"article","og_title":"Preguntas frecuentes","og_description":"La gu\u00eda definitiva de preguntas frecuentes sobre sistemas de frenos de aire para camiones. Respondemos preguntas t\u00e9cnicas sobre tubos de nailon DOT, mangueras de goma SAE J1402, kits 3 en 1 y conexiones neum\u00e1ticas. Asistencia directa de f\u00e1brica.","og_url":"https:\/\/airbrakehose.com\/es\/centro-de-conocimiento\/preguntas-frecuentes\/","og_site_name":"Victory Tech.","article_publisher":"https:\/\/www.facebook.com\/aokeautoparts","article_modified_time":"2026-01-20T02:59:11+00:00","twitter_card":"summary_large_image","twitter_misc":{"Tiempo de lectura":"2 minutos"},"schema":{"@context":"https:\/\/schema.org","@graph":[{"@type":"WebPage","@id":"https:\/\/airbrakehose.com\/es\/centro-de-conocimiento\/preguntas-frecuentes\/","url":"https:\/\/airbrakehose.com\/es\/centro-de-conocimiento\/preguntas-frecuentes\/","name":"Preguntas frecuentes sobre sistemas de frenos de aire y gu\u00eda de soporte t\u00e9cnico | Aoke Auto Parts","isPartOf":{"@id":"https:\/\/airbrakehose.com\/es\/#website"},"datePublished":"2025-12-05T07:49:10+00:00","dateModified":"2026-01-20T02:59:11+00:00","description":"La gu\u00eda definitiva de preguntas frecuentes sobre sistemas de frenos de aire para camiones. Respondemos preguntas t\u00e9cnicas sobre tubos de nailon DOT, mangueras de goma SAE J1402, kits 3 en 1 y conexiones neum\u00e1ticas. Asistencia directa de f\u00e1brica.","breadcrumb":{"@id":"https:\/\/airbrakehose.com\/es\/centro-de-conocimiento\/preguntas-frecuentes\/#breadcrumb"},"inLanguage":"es","potentialAction":[{"@type":"ReadAction","target":["https:\/\/airbrakehose.com\/es\/centro-de-conocimiento\/preguntas-frecuentes\/"]}]},{"@type":"BreadcrumbList","@id":"https:\/\/airbrakehose.com\/es\/centro-de-conocimiento\/preguntas-frecuentes\/#breadcrumb","itemListElement":[{"@type":"ListItem","position":1,"name":"\u9996\u9875","item":"https:\/\/airbrakehose.com\/es\/hogar\/"},{"@type":"ListItem","position":2,"name":"Centro de conocimiento","item":"https:\/\/airbrakehose.com\/es\/centro-de-conocimiento\/"},{"@type":"ListItem","position":3,"name":"Preguntas frecuentes"}]},{"@type":"WebSite","@id":"https:\/\/airbrakehose.com\/es\/#website","url":"https:\/\/airbrakehose.com\/es\/","name":"Victory Technology","description":"Industrial Hose &amp; Air Brake Solutions","potentialAction":[{"@type":"SearchAction","target":{"@type":"EntryPoint","urlTemplate":"https:\/\/airbrakehose.com\/es\/?s={search_term_string}"},"query-input":{"@type":"PropertyValueSpecification","valueRequired":true,"valueName":"search_term_string"}}],"inLanguage":"es"}]}},"_links":{"self":[{"href":"https:\/\/airbrakehose.com\/es\/wp-json\/wp\/v2\/pages\/4458","targetHints":{"allow":["GET"]}}],"collection":[{"href":"https:\/\/airbrakehose.com\/es\/wp-json\/wp\/v2\/pages"}],"about":[{"href":"https:\/\/airbrakehose.com\/es\/wp-json\/wp\/v2\/types\/page"}],"author":[{"embeddable":true,"href":"https:\/\/airbrakehose.com\/es\/wp-json\/wp\/v2\/users\/1"}],"replies":[{"embeddable":true,"href":"https:\/\/airbrakehose.com\/es\/wp-json\/wp\/v2\/comments?post=4458"}],"version-history":[{"count":1,"href":"https:\/\/airbrakehose.com\/es\/wp-json\/wp\/v2\/pages\/4458\/revisions"}],"predecessor-version":[{"id":4459,"href":"https:\/\/airbrakehose.com\/es\/wp-json\/wp\/v2\/pages\/4458\/revisions\/4459"}],"up":[{"embeddable":true,"href":"https:\/\/airbrakehose.com\/es\/wp-json\/wp\/v2\/pages\/4446"}],"wp:attachment":[{"href":"https:\/\/airbrakehose.com\/es\/wp-json\/wp\/v2\/media?parent=4458"}],"curies":[{"name":"wp","href":"https:\/\/api.w.org\/{rel}","templated":true}]}}