{"id":5524,"date":"2025-12-26T05:15:00","date_gmt":"2025-12-26T05:15:00","guid":{"rendered":"https:\/\/airbrakehose.com\/product\/robustes-7-poliges-anhaengerstecker-und-buchsenset-aus-metall-aluminium-zinklegierung-victory-technology\/"},"modified":"2025-12-26T05:15:00","modified_gmt":"2025-12-26T05:15:00","slug":"robustes-7-poliges-anhaengerstecker-und-buchsenset-aus-metall-aluminium-zinklegierung-victory-technology","status":"publish","type":"product","link":"https:\/\/airbrakehose.com\/de\/produkt\/robustes-7-poliges-anhaengerstecker-und-buchsenset-aus-metall-aluminium-zinklegierung-victory-technology\/","title":{"rendered":"Robustes 7-poliges Anh\u00e4ngerstecker- und -buchsenset aus Metall (Aluminium-\/Zinklegierung) | Victory Technology"},"content":{"rendered":"<h3 data-path-to-node=\"10\">\ud83d\udccc Produkt\u00fcbersicht<\/h3>\n<p data-path-to-node=\"11\"><b data-path-to-node=\"11\" data-index-in-node=\"0\">Robust gebaut f\u00fcr den Dauereinsatz.<\/b><\/p>\n<p data-path-to-node=\"12\">Im Schwerlastverkehr, wo die Ausr\u00fcstung stark beansprucht wird, reicht Kunststoff oft nicht aus. Das robuste 7-polige Anh\u00e4ngerstecker- und -buchsenset aus Metall von Victory Technology ist die L\u00f6sung f\u00fcr maximale Langlebigkeit und Sto\u00dffestigkeit.<\/p>\n<p data-path-to-node=\"13\">Dieser aus einer hochwertigen Aluminium-Zink-Legierung im Druckgussverfahren hergestellte Steckverbindersatz bietet im Vergleich zu Kunststoffalternativen eine \u00fcberlegene mechanische Festigkeit. Er ist so konstruiert, dass er Vibrationen, Hitze und den Belastungen im Fernverkehr, im Bergbau und auf Baustellen standh\u00e4lt und gleichzeitig eine zuverl\u00e4ssige elektrische Verbindung gem\u00e4\u00df ISO 1724\/ISO 1185 gew\u00e4hrleistet. <\/p>\n<hr data-path-to-node=\"14\">\n<h3 data-path-to-node=\"15\">\ud83d\udd39 Warum Victory Metallverbinder w\u00e4hlen?<\/h3>\n<ul data-path-to-node=\"16\">\n<li>\u2705 Unzerst\u00f6rbares Druckgussgeh\u00e4use:\n<p>Gebaut wie ein Panzer. Das Metallgeh\u00e4use sch\u00fctzt die interne Verkabelung vor Quetschungen und versehentlichen St\u00fcrzen. Es ist die erste Wahl f\u00fcr schwere Maschinen, Pritschenwagen und Bauanh\u00e4nger, bei denen extreme Robustheit oberste Priorit\u00e4t hat.  <\/li>\n<li>\u2705 \u00dcberlegene W\u00e4rmeableitung:\n<p>Metall leitet W\u00e4rme von Natur aus besser ab als Kunststoff. Bei Anwendungen mit hoher Stromst\u00e4rke oder in hei\u00dfen Klimazonen tr\u00e4gt das Metallgeh\u00e4use dazu bei, die Anschl\u00fcsse k\u00fchl zu halten und so ein Schmelzen oder Verformen w\u00e4hrend des langen Betriebs zu verhindern. <\/li>\n<li>\u2705 Klassisches, robustes Gef\u00fchl:\n<p>Viele Fuhrparkmechaniker und Lkw-Hersteller bevorzugen das solide, gewichtete Gef\u00fchl eines Metallverbinders. Er bietet ein sicheres, zufriedenstellendes \u201eKlicken\u201c beim Verbinden und sorgt f\u00fcr einen stabilen Befestigungspunkt am Chassis. <\/li>\n<li>\u2705 Wetterbest\u00e4ndiges Design:\n<p>Trotz des verwendeten Metalls ist es f\u00fcr den Au\u00dfeneinsatz konzipiert und langlebig. Das Geh\u00e4use ist korrosionsbest\u00e4ndig beschichtet\/behandelt, und die Steckdose verf\u00fcgt \u00fcber einen robusten, federbelasteten Deckel mit Gummidichtung, der Regen und Schmutz vom Anschlussraum fernh\u00e4lt. <\/li>\n<\/ul>\n<hr data-path-to-node=\"17\">\n<h3 data-path-to-node=\"18\">\ud83d\udd38 Technische Spezifikationen<\/h3>\n<p data-path-to-node=\"19\"><i data-path-to-node=\"19\" data-index-in-node=\"0\">Robuste Metallkonstruktion.<\/i><\/p>\n<table data-path-to-node=\"20\">\n<thead>\n<tr>\n<td>Funktion<\/td>\n<td>Spezifikation<\/td>\n<\/tr>\n<\/thead>\n<tbody>\n<tr>\n<td>Norm<\/td>\n<td>ISO 1724 (12 V) \/ ISO 1185 (24 V N-Typ)<\/td>\n<\/tr>\n<tr>\n<td>Geh\u00e4usematerial<\/td>\n<td>Metalldruckgusslegierung (Aluminium\/Zink)<\/td>\n<\/tr>\n<tr>\n<td>Anzahl der Stifte<\/td>\n<td>7 Messingstifte (hohe Leitf\u00e4higkeit)<\/td>\n<\/tr>\n<tr>\n<td>Spannung<\/td>\n<td>12 V \/ 24 V kompatibel<\/td>\n<\/tr>\n<tr>\n<td>Montage<\/td>\n<td>Standard-Flansch mit 2 oder 3 L\u00f6chern<\/td>\n<\/tr>\n<tr>\n<td>Langlebigkeit<\/td>\n<td>Hohe Sto\u00df- und Vibrationsfestigkeit<\/td>\n<\/tr>\n<tr>\n<td>Anschluss<\/td>\n<td>Schraubklemmen<\/td>\n<\/tr>\n<\/tbody>\n<\/table>\n<hr data-path-to-node=\"21\">\n<h3 data-path-to-node=\"22\">\ud83d\udd39 Anwendungen<\/h3>\n<ul data-path-to-node=\"23\">\n<li>\n<p data-path-to-node=\"23,0,0\">Schwerlastfahrzeuge: Muldenkipper, Holztransporter und Betonmischer.<\/p>\n<\/li>\n<li>\n<p data-path-to-node=\"23,1,0\">Bauanh\u00e4nger: Ger\u00e4tetransporter, die einer rauen Behandlung ausgesetzt sind.<\/p>\n<\/li>\n<li>\n<p data-path-to-node=\"23,2,0\">Bergbauausr\u00fcstung: Fahrzeuge, die in rauen, felsigen Umgebungen eingesetzt werden.<\/p>\n<\/li>\n<li>\n<p data-path-to-node=\"23,3,0\">Nachr\u00fcstung &amp; Reparatur: Austausch alter, rissiger Kunststoffbuchsen an Flottenfahrzeugen.<\/p>\n<\/li>\n<\/ul>\n<hr data-path-to-node=\"24\">\n<h3 data-path-to-node=\"25\">\ud83d\udce6 Direktverpackung ab Werk (B2B)<\/h3>\n<p data-path-to-node=\"26\">Victory Technology bietet eine robuste Verpackung, um Kratzer zu vermeiden:<\/p>\n<ul data-path-to-node=\"27\">\n<li>\n<p data-path-to-node=\"27,0,0\">Einzelhandelsset: 1 Stecker + 1 Steckdose pro Blisterpackung oder Karton.<\/p>\n<\/li>\n<li>\n<p data-path-to-node=\"27,1,0\">Gro\u00dfpackungen: 50 Sets pro Umkarton (schwerer als die Kunststoffversion).<\/p>\n<\/li>\n<li>\n<p data-path-to-node=\"27,2,0\">OEM-Anpassung: Eine Lasergravur Ihres Logos auf dem Metallgeh\u00e4use ist m\u00f6glich.<\/p>\n<\/li>\n<\/ul>\n<hr data-path-to-node=\"28\">\n<h3 data-path-to-node=\"29\">\ud83d\ude80 Jetzt ein Angebot ab Werk anfordern<\/h3>\n<p>Sind Sie bereit, die robuste Variante in Ihr Sortiment aufzunehmen?<\/p>\n<p>F\u00fcllen Sie das untenstehende Formular aus, um unseren aktuellen Katalog und unsere Gro\u00dfhandelspreisliste zu erhalten.<\/p>\n<p data-path-to-node=\"31\"><code data-path-to-node=\"31\" data-index-in-node=\"0\"><div class=\"wpforms-container \" id=\"wpforms-2617\"><form id=\"wpforms-form-2617\" class=\"wpforms-validate wpforms-form wpforms-ajax-form\" data-formid=\"2617\" method=\"post\" enctype=\"multipart\/form-data\" action=\"\/de\/wp-json\/wp\/v2\/product\/5524\" data-token=\"c7b00f552c86cf2f050289f84562a23b\" data-token-time=\"1775944712\"><noscript class=\"wpforms-error-noscript\">Bitte aktiviere JavaScript in deinem Browser, um dieses Formular fertigzustellen.<\/noscript><div class=\"wpforms-field-container\"><div id=\"wpforms-2617-field_1-container\" class=\"wpforms-field wpforms-field-name\" data-field-id=\"1\"><label class=\"wpforms-field-label\" for=\"wpforms-2617-field_1\">Name <span class=\"wpforms-required-label\">*<\/span><\/label><input type=\"text\" id=\"wpforms-2617-field_1\" class=\"wpforms-field-large wpforms-field-required\" name=\"wpforms[fields][1]\" required><\/div><div id=\"wpforms-2617-field_2-container\" class=\"wpforms-field wpforms-field-email\" data-field-id=\"2\"><label class=\"wpforms-field-label\" for=\"wpforms-2617-field_2\">E-Mail <span class=\"wpforms-required-label\">*<\/span><\/label><input type=\"email\" id=\"wpforms-2617-field_2\" class=\"wpforms-field-large wpforms-field-required\" name=\"wpforms[fields][2]\" spellcheck=\"false\" required><\/div><div id=\"wpforms-2617-field_4-container\" class=\"wpforms-field wpforms-field-text\" data-field-id=\"4\"><label class=\"wpforms-field-label\" for=\"wpforms-2617-field_4\">Tel<\/label><input type=\"text\" id=\"wpforms-2617-field_4\" class=\"wpforms-field-medium\" name=\"wpforms[fields][4]\" ><\/div><div id=\"wpforms-2617-field_3-container\" class=\"wpforms-field wpforms-field-textarea\" data-field-id=\"3\"><label class=\"wpforms-field-label\" for=\"wpforms-2617-field_3\"> Nachricht<\/label><textarea id=\"wpforms-2617-field_3\" class=\"wpforms-field-medium\" name=\"wpforms[fields][3]\" ><\/textarea><\/div><\/div><!-- .wpforms-field-container --><div class=\"wpforms-submit-container\" ><input type=\"hidden\" name=\"wpforms[id]\" value=\"2617\"><input type=\"hidden\" name=\"page_title\" value=\"\"><input type=\"hidden\" name=\"page_url\" value=\"https:\/\/airbrakehose.com\/de\/wp-json\/wp\/v2\/product\/5524\"><input type=\"hidden\" name=\"url_referer\" value=\"\"><button type=\"submit\" name=\"wpforms[submit]\" id=\"wpforms-submit-2617\" class=\"wpforms-submit\" data-alt-text=\"Wird gesendet...\" data-submit-text=\"Nachricht senden\" aria-live=\"assertive\" value=\"wpforms-submit\">Nachricht senden<\/button><img decoding=\"async\" src=\"https:\/\/airbrakehose.com\/wp-content\/plugins\/wpforms\/assets\/images\/submit-spin.svg\" class=\"wpforms-submit-spinner\" style=\"display: none;\" width=\"26\" height=\"26\" alt=\"Wird geladen\"><\/div><\/form><\/div>  <!-- .wpforms-container --><\/code><\/p>\n<p data-path-to-node=\"31\">\n<p data-path-to-node=\"31\"><a href=\"https:\/\/airbrakehose.com\/de\/produkt\/7-poliger-kunststoff-stecker-und-buchse-fuer-anhaenger-leichte-elektrische-steckverbinder-fuer-lkw-und-anhaengersysteme\/\"> <i data-path-to-node=\"45,1,0\" data-index-in-node=\"9\">\u201eSie ben\u00f6tigen etwas f\u00fcr hohe Sto\u00dffestigkeit? Dann schauen Sie sich unser [Metall-7-Pin-Set] an.\u201c<\/i><\/a><\/p>\n","protected":false},"excerpt":{"rendered":"<p data-path-to-node=\"35\"><b data-path-to-node=\"35\" data-index-in-node=\"0\">Robustes 7-poliges Anh\u00e4ngerstecker- und -buchsenset aus Metall.<\/b><\/p>\n<p data-path-to-node=\"36\">Steckverbinder aus Aluminium-Zink-Druckguss f\u00fcr maximale Haltbarkeit.<\/p>\n<ul data-path-to-node=\"37\">\n<li>\n<p data-path-to-node=\"37,0,0\">Material: Druckgussmetall (Aluminium\/Zink).<\/p>\n<\/li>\n<li>\n<p data-path-to-node=\"37,1,0\">Standard: Kompatibel mit ISO 1724 \/ 1185.<\/p>\n<\/li>\n<li>\n<p data-path-to-node=\"37,2,0\">Anschl\u00fcsse: 7 Messingklemmen.<\/p>\n<\/li>\n<li>\n<p data-path-to-node=\"37,3,0\">Eigenschaften: Sto\u00dffest und w\u00e4rmeableitend.<\/p>\n<\/li>\n<li>\n<p data-path-to-node=\"37,4,0\">Einsatzgebiete: Schwerlastverkehr, Bauwesen, Bergbau.<\/p>\n<\/li>\n<\/ul>\n<p data-path-to-node=\"38\"><b data-path-to-node=\"38\" data-index-in-node=\"0\">Auf Lager und versandbereit.<\/b><\/p>\n","protected":false},"featured_media":3441,"template":"","meta":{"_monsterinsights_skip_tracking":false,"_monsterinsights_sitenote_active":false,"_monsterinsights_sitenote_note":"","_monsterinsights_sitenote_category":0,"site-sidebar-layout":"default","site-content-layout":"","ast-site-content-layout":"default","site-content-style":"default","site-sidebar-style":"default","ast-global-header-display":"","ast-banner-title-visibility":"","ast-main-header-display":"","ast-hfb-above-header-display":"","ast-hfb-below-header-display":"","ast-hfb-mobile-header-display":"","site-post-title":"","ast-breadcrumbs-content":"","ast-featured-img":"","footer-sml-layout":"","ast-disable-related-posts":"","theme-transparent-header-meta":"default","adv-header-id-meta":"","stick-header-meta":"","header-above-stick-meta":"","header-main-stick-meta":"","header-below-stick-meta":"","astra-migrate-meta-layouts":"default","ast-page-background-enabled":"default","ast-page-background-meta":{"desktop":{"background-color":"","background-image":"","background-repeat":"repeat","background-position":"center center","background-size":"auto","background-attachment":"scroll","background-type":"","background-media":"","overlay-type":"","overlay-color":"","overlay-opacity":"","overlay-gradient":""},"tablet":{"background-color":"","background-image":"","background-repeat":"repeat","background-position":"center center","background-size":"auto","background-attachment":"scroll","background-type":"","background-media":"","overlay-type":"","overlay-color":"","overlay-opacity":"","overlay-gradient":""},"mobile":{"background-color":"","background-image":"","background-repeat":"repeat","background-position":"center center","background-size":"auto","background-attachment":"scroll","background-type":"","background-media":"","overlay-type":"","overlay-color":"","overlay-opacity":"","overlay-gradient":""}},"ast-content-background-meta":{"desktop":{"background-color":"var(--ast-global-color-5)","background-image":"","background-repeat":"repeat","background-position":"center center","background-size":"auto","background-attachment":"scroll","background-type":"","background-media":"","overlay-type":"","overlay-color":"","overlay-opacity":"","overlay-gradient":""},"tablet":{"background-color":"var(--ast-global-color-5)","background-image":"","background-repeat":"repeat","background-position":"center center","background-size":"auto","background-attachment":"scroll","background-type":"","background-media":"","overlay-type":"","overlay-color":"","overlay-opacity":"","overlay-gradient":""},"mobile":{"background-color":"var(--ast-global-color-5)","background-image":"","background-repeat":"repeat","background-position":"center center","background-size":"auto","background-attachment":"scroll","background-type":"","background-media":"","overlay-type":"","overlay-color":"","overlay-opacity":"","overlay-gradient":""}},"_joinchat":[]},"product_brand":[1193],"product_cat":[7339,7347],"product_tag":[7348,7446,7442,7448,7447,7443,7350,7445,7441,7418,6476,7444],"class_list":{"0":"post-5524","1":"product","2":"type-product","3":"status-publish","4":"has-post-thumbnail","6":"product_brand-victory-tech","7":"product_cat-elektrische-kabel-und-stecker-fur-anhanger","8":"product_cat-stecker-steckdosen-adapter","9":"product_tag-7-poliger-anhangerstecker","10":"product_tag-7-poliger-metallverbinder","11":"product_tag-aluminium-anhangersteckdose","12":"product_tag-anhangerelektrik","13":"product_tag-anhangersteckdose-aus-druckguss","14":"product_tag-hochleistungs-anhangerstecker","15":"product_tag-iso-1185","16":"product_tag-iso-1724","17":"product_tag-metall-anhangerstecker","18":"product_tag-teile-fur-sattelzugmaschinen","19":"product_tag-victory-technology","20":"product_tag-zinklegierungsverbinder","21":"desktop-align-left","22":"tablet-align-left","23":"mobile-align-left","25":"first","26":"instock","27":"featured","28":"shipping-taxable","29":"product-type-simple"},"yoast_head":"<!-- This site is optimized with the Yoast SEO Premium plugin v26.4 (Yoast SEO v27.0) - https:\/\/yoast.com\/product\/yoast-seo-premium-wordpress\/ -->\n<title>Metallener 7-poliger Anh\u00e4ngerstecker und -buchsen-Set (Aluminium\/Zink) | Victory Tech<\/title>\n<meta name=\"description\" content=\"Robuste 7-polige Anh\u00e4ngerstecker- und -buchsensets aus Metall. Geh\u00e4use aus Aluminium-Zink-Druckguss f\u00fcr maximale Sto\u00dffestigkeit. Ideal f\u00fcr Bau- und Bergbaufahrzeuge.\" \/>\n<meta name=\"robots\" content=\"index, follow, max-snippet:-1, max-image-preview:large, max-video-preview:-1\" \/>\n<link rel=\"canonical\" href=\"https:\/\/airbrakehose.com\/de\/produkt\/robustes-7-poliges-anhaengerstecker-und-buchsenset-aus-metall-aluminium-zinklegierung-victory-technology\/\" \/>\n<meta property=\"og:locale\" content=\"de_DE\" \/>\n<meta property=\"og:type\" content=\"article\" \/>\n<meta property=\"og:title\" content=\"Robustes 7-poliges Anh\u00e4ngerstecker- und -buchsenset aus Metall (Aluminium-\/Zinklegierung) | Victory Technology\" \/>\n<meta property=\"og:description\" content=\"Robuste 7-polige Anh\u00e4ngerstecker- und -buchsensets aus Metall. Geh\u00e4use aus Aluminium-Zink-Druckguss f\u00fcr maximale Sto\u00dffestigkeit. Ideal f\u00fcr Bau- und Bergbaufahrzeuge.\" \/>\n<meta property=\"og:url\" content=\"https:\/\/airbrakehose.com\/de\/produkt\/robustes-7-poliges-anhaengerstecker-und-buchsenset-aus-metall-aluminium-zinklegierung-victory-technology\/\" \/>\n<meta property=\"og:site_name\" content=\"Victory Tech.\" \/>\n<meta property=\"article:publisher\" content=\"https:\/\/www.facebook.com\/aokeautoparts\" \/>\n<meta property=\"og:image\" content=\"https:\/\/airbrakehose.com\/wp-content\/uploads\/2025\/12\/\u5fae\u4fe1\u56fe\u7247_20250310175837.jpg\" \/>\n\t<meta property=\"og:image:width\" content=\"760\" \/>\n\t<meta property=\"og:image:height\" content=\"760\" \/>\n\t<meta property=\"og:image:type\" content=\"image\/jpeg\" \/>\n<meta name=\"twitter:card\" content=\"summary_large_image\" \/>\n<meta name=\"twitter:label1\" content=\"Gesch\u00e4tzte Lesezeit\" \/>\n\t<meta name=\"twitter:data1\" content=\"2\u00a0Minuten\" \/>\n<script type=\"application\/ld+json\" class=\"yoast-schema-graph\">{\"@context\":\"https:\/\/schema.org\",\"@graph\":[{\"@type\":\"WebPage\",\"@id\":\"https:\/\/airbrakehose.com\/de\/produkt\/robustes-7-poliges-anhaengerstecker-und-buchsenset-aus-metall-aluminium-zinklegierung-victory-technology\/\",\"url\":\"https:\/\/airbrakehose.com\/de\/produkt\/robustes-7-poliges-anhaengerstecker-und-buchsenset-aus-metall-aluminium-zinklegierung-victory-technology\/\",\"name\":\"Metallener 7-poliger Anh\u00e4ngerstecker und -buchsen-Set (Aluminium\/Zink) | Victory Tech\",\"isPartOf\":{\"@id\":\"https:\/\/airbrakehose.com\/de\/#website\"},\"primaryImageOfPage\":{\"@id\":\"https:\/\/airbrakehose.com\/de\/produkt\/robustes-7-poliges-anhaengerstecker-und-buchsenset-aus-metall-aluminium-zinklegierung-victory-technology\/#primaryimage\"},\"image\":{\"@id\":\"https:\/\/airbrakehose.com\/de\/produkt\/robustes-7-poliges-anhaengerstecker-und-buchsenset-aus-metall-aluminium-zinklegierung-victory-technology\/#primaryimage\"},\"thumbnailUrl\":\"https:\/\/airbrakehose.com\/wp-content\/uploads\/2025\/12\/\u5fae\u4fe1\u56fe\u7247_20250310175837.jpg\",\"datePublished\":\"2025-12-26T05:15:00+00:00\",\"description\":\"Robuste 7-polige Anh\u00e4ngerstecker- und -buchsensets aus Metall. Geh\u00e4use aus Aluminium-Zink-Druckguss f\u00fcr maximale Sto\u00dffestigkeit. Ideal f\u00fcr Bau- und Bergbaufahrzeuge.\",\"breadcrumb\":{\"@id\":\"https:\/\/airbrakehose.com\/de\/produkt\/robustes-7-poliges-anhaengerstecker-und-buchsenset-aus-metall-aluminium-zinklegierung-victory-technology\/#breadcrumb\"},\"inLanguage\":\"de\",\"potentialAction\":[{\"@type\":\"ReadAction\",\"target\":[\"https:\/\/airbrakehose.com\/de\/produkt\/robustes-7-poliges-anhaengerstecker-und-buchsenset-aus-metall-aluminium-zinklegierung-victory-technology\/\"]}]},{\"@type\":\"ImageObject\",\"inLanguage\":\"de\",\"@id\":\"https:\/\/airbrakehose.com\/de\/produkt\/robustes-7-poliges-anhaengerstecker-und-buchsenset-aus-metall-aluminium-zinklegierung-victory-technology\/#primaryimage\",\"url\":\"https:\/\/airbrakehose.com\/wp-content\/uploads\/2025\/12\/\u5fae\u4fe1\u56fe\u7247_20250310175837.jpg\",\"contentUrl\":\"https:\/\/airbrakehose.com\/wp-content\/uploads\/2025\/12\/\u5fae\u4fe1\u56fe\u7247_20250310175837.jpg\",\"width\":760,\"height\":760},{\"@type\":\"BreadcrumbList\",\"@id\":\"https:\/\/airbrakehose.com\/de\/produkt\/robustes-7-poliges-anhaengerstecker-und-buchsenset-aus-metall-aluminium-zinklegierung-victory-technology\/#breadcrumb\",\"itemListElement\":[{\"@type\":\"ListItem\",\"position\":1,\"name\":\"\u9996\u9875\",\"item\":\"https:\/\/airbrakehose.com\/de\/heim\/\"},{\"@type\":\"ListItem\",\"position\":2,\"name\":\"Gesch\u00e4ft\",\"item\":\"https:\/\/airbrakehose.com\/de\/geschaeft\/\"},{\"@type\":\"ListItem\",\"position\":3,\"name\":\"Robustes 7-poliges Anh\u00e4ngerstecker- und -buchsenset aus Metall (Aluminium-\/Zinklegierung) | Victory Technology\"}]},{\"@type\":\"WebSite\",\"@id\":\"https:\/\/airbrakehose.com\/de\/#website\",\"url\":\"https:\/\/airbrakehose.com\/de\/\",\"name\":\"Victory Technology\",\"description\":\"Industrial Hose &amp; Air Brake Solutions\",\"potentialAction\":[{\"@type\":\"SearchAction\",\"target\":{\"@type\":\"EntryPoint\",\"urlTemplate\":\"https:\/\/airbrakehose.com\/de\/?s={search_term_string}\"},\"query-input\":{\"@type\":\"PropertyValueSpecification\",\"valueRequired\":true,\"valueName\":\"search_term_string\"}}],\"inLanguage\":\"de\"}]}<\/script>\n<!-- \/ Yoast SEO Premium plugin. -->","yoast_head_json":{"title":"Metallener 7-poliger Anh\u00e4ngerstecker und -buchsen-Set (Aluminium\/Zink) | Victory Tech","description":"Robuste 7-polige Anh\u00e4ngerstecker- und -buchsensets aus Metall. Geh\u00e4use aus Aluminium-Zink-Druckguss f\u00fcr maximale Sto\u00dffestigkeit. Ideal f\u00fcr Bau- und Bergbaufahrzeuge.","robots":{"index":"index","follow":"follow","max-snippet":"max-snippet:-1","max-image-preview":"max-image-preview:large","max-video-preview":"max-video-preview:-1"},"canonical":"https:\/\/airbrakehose.com\/de\/produkt\/robustes-7-poliges-anhaengerstecker-und-buchsenset-aus-metall-aluminium-zinklegierung-victory-technology\/","og_locale":"de_DE","og_type":"article","og_title":"Robustes 7-poliges Anh\u00e4ngerstecker- und -buchsenset aus Metall (Aluminium-\/Zinklegierung) | Victory Technology","og_description":"Robuste 7-polige Anh\u00e4ngerstecker- und -buchsensets aus Metall. Geh\u00e4use aus Aluminium-Zink-Druckguss f\u00fcr maximale Sto\u00dffestigkeit. Ideal f\u00fcr Bau- und Bergbaufahrzeuge.","og_url":"https:\/\/airbrakehose.com\/de\/produkt\/robustes-7-poliges-anhaengerstecker-und-buchsenset-aus-metall-aluminium-zinklegierung-victory-technology\/","og_site_name":"Victory Tech.","article_publisher":"https:\/\/www.facebook.com\/aokeautoparts","og_image":[{"width":760,"height":760,"url":"https:\/\/airbrakehose.com\/wp-content\/uploads\/2025\/12\/\u5fae\u4fe1\u56fe\u7247_20250310175837.jpg","type":"image\/jpeg"}],"twitter_card":"summary_large_image","twitter_misc":{"Gesch\u00e4tzte Lesezeit":"2\u00a0Minuten"},"schema":{"@context":"https:\/\/schema.org","@graph":[{"@type":"WebPage","@id":"https:\/\/airbrakehose.com\/de\/produkt\/robustes-7-poliges-anhaengerstecker-und-buchsenset-aus-metall-aluminium-zinklegierung-victory-technology\/","url":"https:\/\/airbrakehose.com\/de\/produkt\/robustes-7-poliges-anhaengerstecker-und-buchsenset-aus-metall-aluminium-zinklegierung-victory-technology\/","name":"Metallener 7-poliger Anh\u00e4ngerstecker und -buchsen-Set (Aluminium\/Zink) | Victory Tech","isPartOf":{"@id":"https:\/\/airbrakehose.com\/de\/#website"},"primaryImageOfPage":{"@id":"https:\/\/airbrakehose.com\/de\/produkt\/robustes-7-poliges-anhaengerstecker-und-buchsenset-aus-metall-aluminium-zinklegierung-victory-technology\/#primaryimage"},"image":{"@id":"https:\/\/airbrakehose.com\/de\/produkt\/robustes-7-poliges-anhaengerstecker-und-buchsenset-aus-metall-aluminium-zinklegierung-victory-technology\/#primaryimage"},"thumbnailUrl":"https:\/\/airbrakehose.com\/wp-content\/uploads\/2025\/12\/\u5fae\u4fe1\u56fe\u7247_20250310175837.jpg","datePublished":"2025-12-26T05:15:00+00:00","description":"Robuste 7-polige Anh\u00e4ngerstecker- und -buchsensets aus Metall. Geh\u00e4use aus Aluminium-Zink-Druckguss f\u00fcr maximale Sto\u00dffestigkeit. Ideal f\u00fcr Bau- und Bergbaufahrzeuge.","breadcrumb":{"@id":"https:\/\/airbrakehose.com\/de\/produkt\/robustes-7-poliges-anhaengerstecker-und-buchsenset-aus-metall-aluminium-zinklegierung-victory-technology\/#breadcrumb"},"inLanguage":"de","potentialAction":[{"@type":"ReadAction","target":["https:\/\/airbrakehose.com\/de\/produkt\/robustes-7-poliges-anhaengerstecker-und-buchsenset-aus-metall-aluminium-zinklegierung-victory-technology\/"]}]},{"@type":"ImageObject","inLanguage":"de","@id":"https:\/\/airbrakehose.com\/de\/produkt\/robustes-7-poliges-anhaengerstecker-und-buchsenset-aus-metall-aluminium-zinklegierung-victory-technology\/#primaryimage","url":"https:\/\/airbrakehose.com\/wp-content\/uploads\/2025\/12\/\u5fae\u4fe1\u56fe\u7247_20250310175837.jpg","contentUrl":"https:\/\/airbrakehose.com\/wp-content\/uploads\/2025\/12\/\u5fae\u4fe1\u56fe\u7247_20250310175837.jpg","width":760,"height":760},{"@type":"BreadcrumbList","@id":"https:\/\/airbrakehose.com\/de\/produkt\/robustes-7-poliges-anhaengerstecker-und-buchsenset-aus-metall-aluminium-zinklegierung-victory-technology\/#breadcrumb","itemListElement":[{"@type":"ListItem","position":1,"name":"\u9996\u9875","item":"https:\/\/airbrakehose.com\/de\/heim\/"},{"@type":"ListItem","position":2,"name":"Gesch\u00e4ft","item":"https:\/\/airbrakehose.com\/de\/geschaeft\/"},{"@type":"ListItem","position":3,"name":"Robustes 7-poliges Anh\u00e4ngerstecker- und -buchsenset aus Metall (Aluminium-\/Zinklegierung) | Victory Technology"}]},{"@type":"WebSite","@id":"https:\/\/airbrakehose.com\/de\/#website","url":"https:\/\/airbrakehose.com\/de\/","name":"Victory Technology","description":"Industrial Hose &amp; Air Brake Solutions","potentialAction":[{"@type":"SearchAction","target":{"@type":"EntryPoint","urlTemplate":"https:\/\/airbrakehose.com\/de\/?s={search_term_string}"},"query-input":{"@type":"PropertyValueSpecification","valueRequired":true,"valueName":"search_term_string"}}],"inLanguage":"de"}]}},"_links":{"self":[{"href":"https:\/\/airbrakehose.com\/de\/wp-json\/wp\/v2\/product\/5524","targetHints":{"allow":["GET"]}}],"collection":[{"href":"https:\/\/airbrakehose.com\/de\/wp-json\/wp\/v2\/product"}],"about":[{"href":"https:\/\/airbrakehose.com\/de\/wp-json\/wp\/v2\/types\/product"}],"wp:featuredmedia":[{"embeddable":true,"href":"https:\/\/airbrakehose.com\/de\/wp-json\/wp\/v2\/media\/3441"}],"wp:attachment":[{"href":"https:\/\/airbrakehose.com\/de\/wp-json\/wp\/v2\/media?parent=5524"}],"wp:term":[{"taxonomy":"product_brand","embeddable":true,"href":"https:\/\/airbrakehose.com\/de\/wp-json\/wp\/v2\/product_brand?post=5524"},{"taxonomy":"product_cat","embeddable":true,"href":"https:\/\/airbrakehose.com\/de\/wp-json\/wp\/v2\/product_cat?post=5524"},{"taxonomy":"product_tag","embeddable":true,"href":"https:\/\/airbrakehose.com\/de\/wp-json\/wp\/v2\/product_tag?post=5524"}],"curies":[{"name":"wp","href":"https:\/\/api.w.org\/{rel}","templated":true}]}}