{"id":5514,"date":"2025-12-25T10:43:56","date_gmt":"2025-12-25T10:43:56","guid":{"rendered":"https:\/\/airbrakehose.com\/product\/3-in-1-abs-druckluftleitungssatz-nylon-sae-j844-366-m-457-m-victory-technology\/"},"modified":"2025-12-25T10:43:56","modified_gmt":"2025-12-25T10:43:56","slug":"3-in-1-abs-druckluftleitungssatz-nylon-sae-j844-366-m-457-m-victory-technology","status":"publish","type":"product","link":"https:\/\/airbrakehose.com\/de\/produkt\/3-in-1-abs-druckluftleitungssatz-nylon-sae-j844-366-m-457-m-victory-technology\/","title":{"rendered":"3-in-1 ABS-Druckluftleitungssatz (Nylon SAE J844) \u2013 3,66 m \/ 4,57 m | Victory Technology"},"content":{"rendered":"<h3 data-path-to-node=\"7\">\ud83d\udccc Produkt\u00fcbersicht<\/h3>\n<p data-path-to-node=\"8\"><b data-path-to-node=\"8\" data-index-in-node=\"0\">Der Standard f\u00fcr saubere und sichere Verbindungen.<\/b><\/p>\n<p data-path-to-node=\"9\">Mit dem 3-in-1 Nylon-Druckluftleitungssatz von Victory Technology halten Sie Ihre Ladefl\u00e4che ordentlich und erf\u00fcllen die DOT-Vorschriften. Diese leichte Einheit wurde f\u00fcr den allgemeinen G\u00fcterverkehr und die Stra\u00dfenlogistik entwickelt und kombiniert zwei DOT-konforme Nylon-Druckluftbremsschl\u00e4uche mit einem 7-adrigen ABS-Elektrokabel zu einem praktischen B\u00fcndel. <\/p>\n<p data-path-to-node=\"10\">Manufactured in our <b data-path-to-node=\"10\" data-index-in-node=\"20\">Zhuji Aoke<\/b> facility, we use <b data-path-to-node=\"10\" data-index-in-node=\"48\">Virgin Nylon 12 (PA12)<\/b> for the air lines, ensuring they meet <b data-path-to-node=\"10\" data-index-in-node=\"109\">SAE J844 Type B<\/b> standards for burst pressure and heat resistance. Wrapped in a rugged spiral guard, this &#8222;Plug &amp; Play&#8220; kit eliminates the danger of loose, tangling lines that trip drivers and fail roadside inspections. <\/p>\n<hr data-path-to-node=\"11\">\n<h3 data-path-to-node=\"12\">\ud83d\udd39 Warum das Victory Nylon 3-in-1-Set w\u00e4hlen?<\/h3>\n<ul data-path-to-node=\"13\">\n<li>\u2705 Leicht und einfach zu handhaben:\n<p>Im Gegensatz zu schweren Gummischl\u00e4uchen ist unsere Nylon-Schlauchleitung deutlich leichter, wodurch das An- und Abkuppeln f\u00fcr Fahrer erm\u00fcdungsfrei gelingt. Ideal geeignet f\u00fcr Standard-Trockenfrachtkoffer und K\u00fchlauflieger. <\/li>\n<li>\u2705 Spiralverpackter Schutz:\n<p>Die robuste, abgeschr\u00e4gte Spiralummantelung dient als Schutzschild. Sie b\u00fcndelt die drei Leitungen eng, um ein Schlagen der Leitungen gegen die Kabine zu verhindern und die Schl\u00e4uche vor Schnitten, Abrieb und UV-Sch\u00e4den zu sch\u00fctzen. <\/li>\n<li>\u2705 Premium-Stromanschluss:\n<p>Wir machen keine Kompromisse bei der Leistung. Das gr\u00fcne ABS-Kabel verf\u00fcgt \u00fcber 100% Kupferleiter und einen flexiblen gr\u00fcnen Mantel (SAE J560) und gew\u00e4hrleistet so eine zuverl\u00e4ssige Signal\u00fcbertragung f\u00fcr das ABS-Modul und die Beleuchtung Ihres Anh\u00e4ngers. <\/li>\n<li>\u2705 Komplettes \u201eSofort einsatzbereites\u201c Paket:\n<p>Wird komplett montiert geliefert, inklusive robuster Aluminium-Kupplungsgriffe (rot\/blau) f\u00fcr optimale Hebelwirkung beim Ankuppeln und einem Edelstahl-Sperrfeder-Set zum sicheren Halten der Leinen.<\/li>\n<\/ul>\n<hr data-path-to-node=\"14\">\n<h3 data-path-to-node=\"15\">\ud83d\udd38 Technische Spezifikationen<\/h3>\n<p data-path-to-node=\"16\"><i data-path-to-node=\"16\" data-index-in-node=\"0\">Hergestellt nach DOT FMVSS 106 Standards.<\/i><\/p>\n<table data-path-to-node=\"17\">\n<thead>\n<tr>\n<td>Funktion<\/td>\n<td>Spezifikation<\/td>\n<\/tr>\n<\/thead>\n<tbody>\n<tr>\n<td>Montageart<\/td>\n<td>3-in-1 Nylon-Set (spiralf\u00f6rmig gewickelt)<\/td>\n<\/tr>\n<tr>\n<td>Druckluftschl\u00e4uche<\/td>\n<td>3\/8&#8243; Nylonschlauch (SAE J844 Typ B) \u2013 Rot &amp; Blau<\/td>\n<\/tr>\n<tr>\n<td>Elektrokabel<\/td>\n<td>7-adriges, gr\u00fcnes ABS-Kabel (SAE J560) \u2013 100 % Kupfer<\/td>\n<\/tr>\n<tr>\n<td>L\u00e4ngen<\/td>\n<td>12 Fu\u00df (Tageskabine) \/ 15 Fu\u00df (Schlafkabine\/Schiebekabine)<\/td>\n<\/tr>\n<tr>\n<td>Verschraubungen<\/td>\n<td>1\/2&#8243; NPT Drehverschraubungen aus Messing<\/td>\n<\/tr>\n<tr>\n<td>Schutz<\/td>\n<td>Spiralwickel (Schwarz, UV-best\u00e4ndig)<\/td>\n<\/tr>\n<tr>\n<td>Konformit\u00e4t<\/td>\n<td>DOT FMVSS 106, SAE J844, SAE J560<\/td>\n<\/tr>\n<\/tbody>\n<\/table>\n<hr data-path-to-node=\"18\">\n<h3 data-path-to-node=\"19\">\ud83d\udd39 Im Lieferumfang enthalten<\/h3>\n<ul data-path-to-node=\"20\">\n<li>\n<p data-path-to-node=\"20,0,0\">1x 3-in-1-Baugruppe (Nylon-Betriebsluft, Nylon-Notluft, ABS-Stromversorgung)<\/p>\n<\/li>\n<li>\n<p data-path-to-node=\"20,1,0\">2x Aluminium-Klappgriffe (Rot &amp; Blau &#8211; Vormontiert)<\/p>\n<\/li>\n<li>\n<p data-path-to-node=\"20,2,0\">1x Edelstahl-Tenderfeder (St\u00fctzset) mit Karabinerhaken<\/p>\n<\/li>\n<li>\n<p data-path-to-node=\"20,3,0\">4x zus\u00e4tzliche Gummidichtungen (Ersatzteile)<\/p>\n<\/li>\n<\/ul>\n<hr data-path-to-node=\"21\">\n<h3 data-path-to-node=\"22\">\ud83d\udd36 Direkter Werksservice<\/h3>\n<p data-path-to-node=\"23\">Victory Technology bietet kundenspezifische L\u00f6sungen f\u00fcr Flotten und H\u00e4ndler an:<\/p>\n<ul data-path-to-node=\"24\">\n<li>\n<p data-path-to-node=\"24,0,0\">Sonderl\u00e4ngen: Ben\u00f6tigen Sie 20 Fu\u00df f\u00fcr eine spezielle Anlage? Wir fertigen auf Bestellung. <\/p>\n<\/li>\n<li>\n<p data-path-to-node=\"24,1,0\">Private Label: Wir k\u00f6nnen Ihr Markenlogo auf die Schlauchf\u00fchrung oder die Spiralwicklung drucken.<\/p>\n<\/li>\n<li>\n<p data-path-to-node=\"24,2,0\">Gro\u00dfverpackung: Palettierter Versand f\u00fcr maximale Frachtkosteneinsparungen.<\/p>\n<\/li>\n<\/ul>\n<hr data-path-to-node=\"25\">\n<h3 data-path-to-node=\"26\">\ud83d\ude80 Jetzt ein Angebot ab Werk anfordern<\/h3>\n<p>Bereit zu bestellen? Egal ob Sie einen einzelnen Karton oder einen 40-Fu\u00df-Container ben\u00f6tigen, wir sind f\u00fcr Sie da. <\/p>\n<p>F\u00fcllen Sie das untenstehende Formular aus, um unseren aktuellen Katalog und unsere Gro\u00dfhandelspreisliste zu erhalten.<\/p>\n<p data-path-to-node=\"28\"><code data-path-to-node=\"28\" data-index-in-node=\"0\"><div class=\"wpforms-container \" id=\"wpforms-2617\"><form id=\"wpforms-form-2617\" class=\"wpforms-validate wpforms-form wpforms-ajax-form\" data-formid=\"2617\" method=\"post\" enctype=\"multipart\/form-data\" action=\"\/de\/wp-json\/wp\/v2\/product\/5514\" data-token=\"af4e39966c1e26775f42a1aaaad9153d\" data-token-time=\"1775998327\"><noscript class=\"wpforms-error-noscript\">Bitte aktiviere JavaScript in deinem Browser, um dieses Formular fertigzustellen.<\/noscript><div class=\"wpforms-field-container\"><div id=\"wpforms-2617-field_1-container\" class=\"wpforms-field wpforms-field-name\" data-field-id=\"1\"><label class=\"wpforms-field-label\" for=\"wpforms-2617-field_1\">Name <span class=\"wpforms-required-label\">*<\/span><\/label><input type=\"text\" id=\"wpforms-2617-field_1\" class=\"wpforms-field-large wpforms-field-required\" name=\"wpforms[fields][1]\" required><\/div><div id=\"wpforms-2617-field_2-container\" class=\"wpforms-field wpforms-field-email\" data-field-id=\"2\"><label class=\"wpforms-field-label\" for=\"wpforms-2617-field_2\">E-Mail <span class=\"wpforms-required-label\">*<\/span><\/label><input type=\"email\" id=\"wpforms-2617-field_2\" class=\"wpforms-field-large wpforms-field-required\" name=\"wpforms[fields][2]\" spellcheck=\"false\" required><\/div><div id=\"wpforms-2617-field_4-container\" class=\"wpforms-field wpforms-field-text\" data-field-id=\"4\"><label class=\"wpforms-field-label\" for=\"wpforms-2617-field_4\">Tel<\/label><input type=\"text\" id=\"wpforms-2617-field_4\" class=\"wpforms-field-medium\" name=\"wpforms[fields][4]\" ><\/div><div id=\"wpforms-2617-field_3-container\" class=\"wpforms-field wpforms-field-textarea\" data-field-id=\"3\"><label class=\"wpforms-field-label\" for=\"wpforms-2617-field_3\"> Nachricht<\/label><textarea id=\"wpforms-2617-field_3\" class=\"wpforms-field-medium\" name=\"wpforms[fields][3]\" ><\/textarea><\/div><\/div><!-- .wpforms-field-container --><div class=\"wpforms-submit-container\" ><input type=\"hidden\" name=\"wpforms[id]\" value=\"2617\"><input type=\"hidden\" name=\"page_title\" value=\"\"><input type=\"hidden\" name=\"page_url\" value=\"https:\/\/airbrakehose.com\/de\/wp-json\/wp\/v2\/product\/5514\"><input type=\"hidden\" name=\"url_referer\" value=\"\"><button type=\"submit\" name=\"wpforms[submit]\" id=\"wpforms-submit-2617\" class=\"wpforms-submit\" data-alt-text=\"Wird gesendet...\" data-submit-text=\"Nachricht senden\" aria-live=\"assertive\" value=\"wpforms-submit\">Nachricht senden<\/button><img decoding=\"async\" src=\"https:\/\/airbrakehose.com\/wp-content\/plugins\/wpforms\/assets\/images\/submit-spin.svg\" class=\"wpforms-submit-spinner\" style=\"display: none;\" width=\"26\" height=\"26\" alt=\"Wird geladen\"><\/div><\/form><\/div>  <!-- .wpforms-container --><\/code><\/p>\n","protected":false},"excerpt":{"rendered":"<p data-path-to-node=\"32\"><b data-path-to-node=\"32\" data-index-in-node=\"0\">3-in-1 Nylon ABS Druckluftleitungssatz (spiralf\u00f6rmig gewickelt).<\/b><\/p>\n<p data-path-to-node=\"33\">Leichtes Sattelzug-Verbindungssystem mit Nylon-Luftschl\u00e4uchen.<\/p>\n<ul data-path-to-node=\"34\">\n<li>\n<p data-path-to-node=\"34,0,0\">Lieferumfang: 2x Nylon-Luftschl\u00e4uche + 1x ABS-Stromkabel.<\/p>\n<\/li>\n<li>\n<p data-path-to-node=\"34,1,0\">Schutz: Die Spiralwicklung verhindert ein Verheddern.<\/p>\n<\/li>\n<li>\n<p data-path-to-node=\"34,2,0\">Zus\u00e4tzliche Ausstattung: Aluminiumgriffe + St\u00fctzfeder inklusive.<\/p>\n<\/li>\n<li>\n<p data-path-to-node=\"34,3,0\">Konformit\u00e4t: DOT FMVSS 106 &amp; SAE J560-Zulassung.<\/p>\n<\/li>\n<li>\n<p data-path-to-node=\"34,4,0\">Ideal f\u00fcr: Standard-Fernverkehr &amp; Trockenfracht-LKW.<\/p>\n<\/li>\n<\/ul>\n<p data-path-to-node=\"35\"><b data-path-to-node=\"35\" data-index-in-node=\"0\">Auf Lager und versandbereit.<\/b><\/p>\n","protected":false},"featured_media":3893,"template":"","meta":{"_monsterinsights_skip_tracking":false,"_monsterinsights_sitenote_active":false,"_monsterinsights_sitenote_note":"","_monsterinsights_sitenote_category":0,"site-sidebar-layout":"default","site-content-layout":"","ast-site-content-layout":"default","site-content-style":"default","site-sidebar-style":"default","ast-global-header-display":"","ast-banner-title-visibility":"","ast-main-header-display":"","ast-hfb-above-header-display":"","ast-hfb-below-header-display":"","ast-hfb-mobile-header-display":"","site-post-title":"","ast-breadcrumbs-content":"","ast-featured-img":"","footer-sml-layout":"","ast-disable-related-posts":"","theme-transparent-header-meta":"default","adv-header-id-meta":"","stick-header-meta":"","header-above-stick-meta":"","header-main-stick-meta":"","header-below-stick-meta":"","astra-migrate-meta-layouts":"default","ast-page-background-enabled":"default","ast-page-background-meta":{"desktop":{"background-color":"","background-image":"","background-repeat":"repeat","background-position":"center center","background-size":"auto","background-attachment":"scroll","background-type":"","background-media":"","overlay-type":"","overlay-color":"","overlay-opacity":"","overlay-gradient":""},"tablet":{"background-color":"","background-image":"","background-repeat":"repeat","background-position":"center center","background-size":"auto","background-attachment":"scroll","background-type":"","background-media":"","overlay-type":"","overlay-color":"","overlay-opacity":"","overlay-gradient":""},"mobile":{"background-color":"","background-image":"","background-repeat":"repeat","background-position":"center center","background-size":"auto","background-attachment":"scroll","background-type":"","background-media":"","overlay-type":"","overlay-color":"","overlay-opacity":"","overlay-gradient":""}},"ast-content-background-meta":{"desktop":{"background-color":"var(--ast-global-color-5)","background-image":"","background-repeat":"repeat","background-position":"center center","background-size":"auto","background-attachment":"scroll","background-type":"","background-media":"","overlay-type":"","overlay-color":"","overlay-opacity":"","overlay-gradient":""},"tablet":{"background-color":"var(--ast-global-color-5)","background-image":"","background-repeat":"repeat","background-position":"center center","background-size":"auto","background-attachment":"scroll","background-type":"","background-media":"","overlay-type":"","overlay-color":"","overlay-opacity":"","overlay-gradient":""},"mobile":{"background-color":"var(--ast-global-color-5)","background-image":"","background-repeat":"repeat","background-position":"center center","background-size":"auto","background-attachment":"scroll","background-type":"","background-media":"","overlay-type":"","overlay-color":"","overlay-opacity":"","overlay-gradient":""}},"_joinchat":[]},"product_brand":[1193],"product_cat":[6484],"product_tag":[7412,7410,7416,7417,7414,6168,7411,7419,7413,7415,7418],"class_list":{"0":"post-5514","1":"product","2":"type-product","3":"status-publish","4":"has-post-thumbnail","6":"product_brand-victory-tech","7":"product_cat-druckluft-und-elektroanschlusssets","8":"product_tag-3-in-1-abs-kit","9":"product_tag-3-in-1-luftstromleitung","10":"product_tag-7-poliges-abs-kabel","11":"product_tag-aluminium-gabelgriffe","12":"product_tag-dot-fmvss-106","13":"product_tag-druckluftleitungen-fur-sattelzuge","14":"product_tag-nylon-luftbremsschlauch-2","15":"product_tag-pa12-nylon","16":"product_tag-sae-j844","17":"product_tag-spiralgewickelte-luftleitungen","18":"product_tag-teile-fur-sattelzugmaschinen","19":"desktop-align-left","20":"tablet-align-left","21":"mobile-align-left","23":"first","24":"instock","25":"featured","26":"shipping-taxable","27":"product-type-simple"},"yoast_head":"<!-- This site is optimized with the Yoast SEO Premium plugin v26.4 (Yoast SEO v27.0) - https:\/\/yoast.com\/product\/yoast-seo-premium-wordpress\/ -->\n<title>3-in-1 ABS-Druckluftleitungssatz (3,66 m\/4,57 m) \u2013 DOT-Nylon | Victory Tech<\/title>\n<meta name=\"description\" content=\"Entdecken Sie unsere 3-in-1-Druckluftleitungssets aus Nylon und ABS. Vorkonfektionierte SAE J844 Nylon-Druckluftschl\u00e4uche und 7-adriges Stromkabel. Leicht, verwicklungsfrei und DOT-zugelassen. Direkt vom Hersteller.\" \/>\n<meta name=\"robots\" content=\"index, follow, max-snippet:-1, max-image-preview:large, max-video-preview:-1\" \/>\n<link rel=\"canonical\" href=\"https:\/\/airbrakehose.com\/de\/produkt\/3-in-1-abs-druckluftleitungssatz-nylon-sae-j844-366-m-457-m-victory-technology\/\" \/>\n<meta property=\"og:locale\" content=\"de_DE\" \/>\n<meta property=\"og:type\" content=\"article\" \/>\n<meta property=\"og:title\" content=\"3-in-1 ABS-Druckluftleitungssatz (Nylon SAE J844) \u2013 3,66 m \/ 4,57 m | Victory Technology\" \/>\n<meta property=\"og:description\" content=\"Entdecken Sie unsere 3-in-1-Druckluftleitungssets aus Nylon und ABS. Vorkonfektionierte SAE J844 Nylon-Druckluftschl\u00e4uche und 7-adriges Stromkabel. Leicht, verwicklungsfrei und DOT-zugelassen. Direkt vom Hersteller.\" \/>\n<meta property=\"og:url\" content=\"https:\/\/airbrakehose.com\/de\/produkt\/3-in-1-abs-druckluftleitungssatz-nylon-sae-j844-366-m-457-m-victory-technology\/\" \/>\n<meta property=\"og:site_name\" content=\"Victory Tech.\" \/>\n<meta property=\"article:publisher\" content=\"https:\/\/www.facebook.com\/aokeautoparts\" \/>\n<meta property=\"og:image\" content=\"https:\/\/airbrakehose.com\/wp-content\/uploads\/2025\/12\/nylon-3-in-1_\u526f\u672c.jpg\" \/>\n\t<meta property=\"og:image:width\" content=\"1080\" \/>\n\t<meta property=\"og:image:height\" content=\"1080\" \/>\n\t<meta property=\"og:image:type\" content=\"image\/jpeg\" \/>\n<meta name=\"twitter:card\" content=\"summary_large_image\" \/>\n<meta name=\"twitter:label1\" content=\"Gesch\u00e4tzte Lesezeit\" \/>\n\t<meta name=\"twitter:data1\" content=\"2\u00a0Minuten\" \/>\n<script type=\"application\/ld+json\" class=\"yoast-schema-graph\">{\"@context\":\"https:\/\/schema.org\",\"@graph\":[{\"@type\":\"WebPage\",\"@id\":\"https:\/\/airbrakehose.com\/de\/produkt\/3-in-1-abs-druckluftleitungssatz-nylon-sae-j844-366-m-457-m-victory-technology\/\",\"url\":\"https:\/\/airbrakehose.com\/de\/produkt\/3-in-1-abs-druckluftleitungssatz-nylon-sae-j844-366-m-457-m-victory-technology\/\",\"name\":\"3-in-1 ABS-Druckluftleitungssatz (3,66 m\/4,57 m) \u2013 DOT-Nylon | Victory Tech\",\"isPartOf\":{\"@id\":\"https:\/\/airbrakehose.com\/de\/#website\"},\"primaryImageOfPage\":{\"@id\":\"https:\/\/airbrakehose.com\/de\/produkt\/3-in-1-abs-druckluftleitungssatz-nylon-sae-j844-366-m-457-m-victory-technology\/#primaryimage\"},\"image\":{\"@id\":\"https:\/\/airbrakehose.com\/de\/produkt\/3-in-1-abs-druckluftleitungssatz-nylon-sae-j844-366-m-457-m-victory-technology\/#primaryimage\"},\"thumbnailUrl\":\"https:\/\/airbrakehose.com\/wp-content\/uploads\/2025\/12\/nylon-3-in-1_\u526f\u672c.jpg\",\"datePublished\":\"2025-12-25T10:43:56+00:00\",\"description\":\"Entdecken Sie unsere 3-in-1-Druckluftleitungssets aus Nylon und ABS. Vorkonfektionierte SAE J844 Nylon-Druckluftschl\u00e4uche und 7-adriges Stromkabel. Leicht, verwicklungsfrei und DOT-zugelassen. Direkt vom Hersteller.\",\"breadcrumb\":{\"@id\":\"https:\/\/airbrakehose.com\/de\/produkt\/3-in-1-abs-druckluftleitungssatz-nylon-sae-j844-366-m-457-m-victory-technology\/#breadcrumb\"},\"inLanguage\":\"de\",\"potentialAction\":[{\"@type\":\"ReadAction\",\"target\":[\"https:\/\/airbrakehose.com\/de\/produkt\/3-in-1-abs-druckluftleitungssatz-nylon-sae-j844-366-m-457-m-victory-technology\/\"]}]},{\"@type\":\"ImageObject\",\"inLanguage\":\"de\",\"@id\":\"https:\/\/airbrakehose.com\/de\/produkt\/3-in-1-abs-druckluftleitungssatz-nylon-sae-j844-366-m-457-m-victory-technology\/#primaryimage\",\"url\":\"https:\/\/airbrakehose.com\/wp-content\/uploads\/2025\/12\/nylon-3-in-1_\u526f\u672c.jpg\",\"contentUrl\":\"https:\/\/airbrakehose.com\/wp-content\/uploads\/2025\/12\/nylon-3-in-1_\u526f\u672c.jpg\",\"width\":1080,\"height\":1080},{\"@type\":\"BreadcrumbList\",\"@id\":\"https:\/\/airbrakehose.com\/de\/produkt\/3-in-1-abs-druckluftleitungssatz-nylon-sae-j844-366-m-457-m-victory-technology\/#breadcrumb\",\"itemListElement\":[{\"@type\":\"ListItem\",\"position\":1,\"name\":\"\u9996\u9875\",\"item\":\"https:\/\/airbrakehose.com\/de\/heim\/\"},{\"@type\":\"ListItem\",\"position\":2,\"name\":\"Gesch\u00e4ft\",\"item\":\"https:\/\/airbrakehose.com\/de\/geschaeft\/\"},{\"@type\":\"ListItem\",\"position\":3,\"name\":\"3-in-1 ABS-Druckluftleitungssatz (Nylon SAE J844) \u2013 3,66 m \/ 4,57 m | Victory Technology\"}]},{\"@type\":\"WebSite\",\"@id\":\"https:\/\/airbrakehose.com\/de\/#website\",\"url\":\"https:\/\/airbrakehose.com\/de\/\",\"name\":\"Victory Technology\",\"description\":\"Industrial Hose &amp; Air Brake Solutions\",\"potentialAction\":[{\"@type\":\"SearchAction\",\"target\":{\"@type\":\"EntryPoint\",\"urlTemplate\":\"https:\/\/airbrakehose.com\/de\/?s={search_term_string}\"},\"query-input\":{\"@type\":\"PropertyValueSpecification\",\"valueRequired\":true,\"valueName\":\"search_term_string\"}}],\"inLanguage\":\"de\"}]}<\/script>\n<!-- \/ Yoast SEO Premium plugin. -->","yoast_head_json":{"title":"3-in-1 ABS-Druckluftleitungssatz (3,66 m\/4,57 m) \u2013 DOT-Nylon | Victory Tech","description":"Entdecken Sie unsere 3-in-1-Druckluftleitungssets aus Nylon und ABS. Vorkonfektionierte SAE J844 Nylon-Druckluftschl\u00e4uche und 7-adriges Stromkabel. Leicht, verwicklungsfrei und DOT-zugelassen. Direkt vom Hersteller.","robots":{"index":"index","follow":"follow","max-snippet":"max-snippet:-1","max-image-preview":"max-image-preview:large","max-video-preview":"max-video-preview:-1"},"canonical":"https:\/\/airbrakehose.com\/de\/produkt\/3-in-1-abs-druckluftleitungssatz-nylon-sae-j844-366-m-457-m-victory-technology\/","og_locale":"de_DE","og_type":"article","og_title":"3-in-1 ABS-Druckluftleitungssatz (Nylon SAE J844) \u2013 3,66 m \/ 4,57 m | Victory Technology","og_description":"Entdecken Sie unsere 3-in-1-Druckluftleitungssets aus Nylon und ABS. Vorkonfektionierte SAE J844 Nylon-Druckluftschl\u00e4uche und 7-adriges Stromkabel. Leicht, verwicklungsfrei und DOT-zugelassen. Direkt vom Hersteller.","og_url":"https:\/\/airbrakehose.com\/de\/produkt\/3-in-1-abs-druckluftleitungssatz-nylon-sae-j844-366-m-457-m-victory-technology\/","og_site_name":"Victory Tech.","article_publisher":"https:\/\/www.facebook.com\/aokeautoparts","og_image":[{"width":1080,"height":1080,"url":"https:\/\/airbrakehose.com\/wp-content\/uploads\/2025\/12\/nylon-3-in-1_\u526f\u672c.jpg","type":"image\/jpeg"}],"twitter_card":"summary_large_image","twitter_misc":{"Gesch\u00e4tzte Lesezeit":"2\u00a0Minuten"},"schema":{"@context":"https:\/\/schema.org","@graph":[{"@type":"WebPage","@id":"https:\/\/airbrakehose.com\/de\/produkt\/3-in-1-abs-druckluftleitungssatz-nylon-sae-j844-366-m-457-m-victory-technology\/","url":"https:\/\/airbrakehose.com\/de\/produkt\/3-in-1-abs-druckluftleitungssatz-nylon-sae-j844-366-m-457-m-victory-technology\/","name":"3-in-1 ABS-Druckluftleitungssatz (3,66 m\/4,57 m) \u2013 DOT-Nylon | Victory Tech","isPartOf":{"@id":"https:\/\/airbrakehose.com\/de\/#website"},"primaryImageOfPage":{"@id":"https:\/\/airbrakehose.com\/de\/produkt\/3-in-1-abs-druckluftleitungssatz-nylon-sae-j844-366-m-457-m-victory-technology\/#primaryimage"},"image":{"@id":"https:\/\/airbrakehose.com\/de\/produkt\/3-in-1-abs-druckluftleitungssatz-nylon-sae-j844-366-m-457-m-victory-technology\/#primaryimage"},"thumbnailUrl":"https:\/\/airbrakehose.com\/wp-content\/uploads\/2025\/12\/nylon-3-in-1_\u526f\u672c.jpg","datePublished":"2025-12-25T10:43:56+00:00","description":"Entdecken Sie unsere 3-in-1-Druckluftleitungssets aus Nylon und ABS. Vorkonfektionierte SAE J844 Nylon-Druckluftschl\u00e4uche und 7-adriges Stromkabel. Leicht, verwicklungsfrei und DOT-zugelassen. Direkt vom Hersteller.","breadcrumb":{"@id":"https:\/\/airbrakehose.com\/de\/produkt\/3-in-1-abs-druckluftleitungssatz-nylon-sae-j844-366-m-457-m-victory-technology\/#breadcrumb"},"inLanguage":"de","potentialAction":[{"@type":"ReadAction","target":["https:\/\/airbrakehose.com\/de\/produkt\/3-in-1-abs-druckluftleitungssatz-nylon-sae-j844-366-m-457-m-victory-technology\/"]}]},{"@type":"ImageObject","inLanguage":"de","@id":"https:\/\/airbrakehose.com\/de\/produkt\/3-in-1-abs-druckluftleitungssatz-nylon-sae-j844-366-m-457-m-victory-technology\/#primaryimage","url":"https:\/\/airbrakehose.com\/wp-content\/uploads\/2025\/12\/nylon-3-in-1_\u526f\u672c.jpg","contentUrl":"https:\/\/airbrakehose.com\/wp-content\/uploads\/2025\/12\/nylon-3-in-1_\u526f\u672c.jpg","width":1080,"height":1080},{"@type":"BreadcrumbList","@id":"https:\/\/airbrakehose.com\/de\/produkt\/3-in-1-abs-druckluftleitungssatz-nylon-sae-j844-366-m-457-m-victory-technology\/#breadcrumb","itemListElement":[{"@type":"ListItem","position":1,"name":"\u9996\u9875","item":"https:\/\/airbrakehose.com\/de\/heim\/"},{"@type":"ListItem","position":2,"name":"Gesch\u00e4ft","item":"https:\/\/airbrakehose.com\/de\/geschaeft\/"},{"@type":"ListItem","position":3,"name":"3-in-1 ABS-Druckluftleitungssatz (Nylon SAE J844) \u2013 3,66 m \/ 4,57 m | Victory Technology"}]},{"@type":"WebSite","@id":"https:\/\/airbrakehose.com\/de\/#website","url":"https:\/\/airbrakehose.com\/de\/","name":"Victory Technology","description":"Industrial Hose &amp; Air Brake Solutions","potentialAction":[{"@type":"SearchAction","target":{"@type":"EntryPoint","urlTemplate":"https:\/\/airbrakehose.com\/de\/?s={search_term_string}"},"query-input":{"@type":"PropertyValueSpecification","valueRequired":true,"valueName":"search_term_string"}}],"inLanguage":"de"}]}},"_links":{"self":[{"href":"https:\/\/airbrakehose.com\/de\/wp-json\/wp\/v2\/product\/5514","targetHints":{"allow":["GET"]}}],"collection":[{"href":"https:\/\/airbrakehose.com\/de\/wp-json\/wp\/v2\/product"}],"about":[{"href":"https:\/\/airbrakehose.com\/de\/wp-json\/wp\/v2\/types\/product"}],"wp:featuredmedia":[{"embeddable":true,"href":"https:\/\/airbrakehose.com\/de\/wp-json\/wp\/v2\/media\/3893"}],"wp:attachment":[{"href":"https:\/\/airbrakehose.com\/de\/wp-json\/wp\/v2\/media?parent=5514"}],"wp:term":[{"taxonomy":"product_brand","embeddable":true,"href":"https:\/\/airbrakehose.com\/de\/wp-json\/wp\/v2\/product_brand?post=5514"},{"taxonomy":"product_cat","embeddable":true,"href":"https:\/\/airbrakehose.com\/de\/wp-json\/wp\/v2\/product_cat?post=5514"},{"taxonomy":"product_tag","embeddable":true,"href":"https:\/\/airbrakehose.com\/de\/wp-json\/wp\/v2\/product_tag?post=5514"}],"curies":[{"name":"wp","href":"https:\/\/api.w.org\/{rel}","templated":true}]}}