{"id":5476,"date":"2025-12-10T06:51:38","date_gmt":"2025-12-10T06:51:38","guid":{"rendered":"https:\/\/airbrakehose.com\/product\/verlaengerungsschlauch-fuer-fettpresse-aus-edelstahl-mit-verriegelungsklemme\/"},"modified":"2025-12-10T06:51:38","modified_gmt":"2025-12-10T06:51:38","slug":"verlaengerungsschlauch-fuer-fettpresse-aus-edelstahl-mit-verriegelungsklemme","status":"publish","type":"product","link":"https:\/\/airbrakehose.com\/de\/produkt\/verlaengerungsschlauch-fuer-fettpresse-aus-edelstahl-mit-verriegelungsklemme\/","title":{"rendered":"Verl\u00e4ngerungsschlauch f\u00fcr Fettpresse aus Edelstahl mit Verriegelungsklemme"},"content":{"rendered":"<h3 data-path-to-node=\"8\">\ud83d\udccc Produkt\u00fcbersicht<\/h3>\n<p data-path-to-node=\"9\"><b data-path-to-node=\"9\" data-index-in-node=\"0\">Gepanzerter Schutz. Freih\u00e4ndige Pr\u00e4zision. <\/b><\/p>\n<p data-path-to-node=\"10\">Herk\u00f6mmliche Gummischl\u00e4uche k\u00f6nnen unter hohem Druck platzen oder in rauen Industrieumgebungen besch\u00e4digt werden. Der Edelstahl-Geflechtschlauch von Victory Technology ist die robuste L\u00f6sung, die Ihr Wartungsteam ben\u00f6tigt.<\/p>\n<p data-path-to-node=\"11\">Diese in unserem Werk in Zhuji Aoke entwickelte Premium-Verl\u00e4ngerung verf\u00fcgt \u00fcber einen Edelstahl-Au\u00dfenmantel, der au\u00dfergew\u00f6hnliche Best\u00e4ndigkeit gegen Abrieb, Korrosion und Knicken bietet. Das Besondere daran ist die integrierte U-f\u00f6rmige Verriegelungsklemme. Diese fixiert die Einspritzd\u00fcse am Schmiernippel (Zerk-Anschluss) und erm\u00f6glicht so freih\u00e4ndiges Bedienen. Sie k\u00f6nnen die Fettpresse bet\u00e4tigen, ohne den Schlauch festhalten zu m\u00fcssen \u2013 f\u00fcr einen sicheren und sauberen Schmiervorgang.   <\/p>\n<hr data-path-to-node=\"12\">\n<h3 data-path-to-node=\"13\">\ud83d\udd39 Warum sollten Sie sich f\u00fcr den Victory Edelstahl-Schlauch entscheiden?<\/h3>\n<ul data-path-to-node=\"14\">\n<li>\u2705 Gepanzertes Edelstahlgeflecht:\n<p>Konzipiert f\u00fcr h\u00e4rteste Eins\u00e4tze. Die geflochtene Edelstahl-Au\u00dfenh\u00fclle sch\u00fctzt den inneren Hochdruckschlauch vor Schnitten, Quetschungen und sogar Nagetiersch\u00e4den in der Landwirtschaft. Sie bietet eine deutlich h\u00f6here Haltbarkeit als herk\u00f6mmliche Gummischl\u00e4uche.  <\/li>\n<li>\u2705 Freih\u00e4ndige Verriegelungsklemme:\n<p>Schluss mit dem Kampf mit der Kupplung! Die integrierte U-f\u00f6rmige Klemme fixiert die Fettd\u00fcse sicher am Schmiernippel. So wird verhindert, dass sich die Kupplung unter Gegendruck l\u00f6st, und Sie haben die H\u00e4nde frei, um den Hebel oder Abzug der Fettpresse komfortabel zu bedienen.  <\/li>\n<li>\u2705 Hochdruckleistung (8.000 PSI):\n<p>F\u00fcr den harten Einsatz konzipiert. Mit einem Arbeitsdruckbereich von 4.000 bis 8.000 PSI (abh\u00e4ngig vom verwendeten Kupplungsst\u00fcck) bew\u00e4ltigt dieser Schlauch problemlos die F\u00f6rdermenge von leistungsstarken pneumatischen und akkubetriebenen Fettpressen. <\/li>\n<li>\u2705 Knickfeste Flexibilit\u00e4t:\n<p>Trotz der Metallummantelung bleibt der Schlauch flexibel. Er l\u00e4sst sich problemlos in enge Zwischenr\u00e4ume \u2013 wie Kreuzgelenke, Spurstangen und abgedichtete Lager \u2013 verlegen, ohne abzuknicken oder den Schmierfettfluss zu behindern.\u00b2 <\/li>\n<\/ul>\n<hr data-path-to-node=\"15\">\n<h3 data-path-to-node=\"16\">\ud83d\udd38 Technische Spezifikationen<\/h3>\n<p data-path-to-node=\"17\"><i data-path-to-node=\"17\" data-index-in-node=\"0\">Schmierwerkzeug in Profiqualit\u00e4t.<\/i><\/p>\n<table data-path-to-node=\"18\">\n<thead>\n<tr>\n<td>Funktion<\/td>\n<td>Spezifikation<\/td>\n<\/tr>\n<\/thead>\n<tbody>\n<tr>\n<td>Schlauchmaterial<\/td>\n<td>Au\u00dfenmantel aus Edelstahlgeflecht \/ Innenmantel aus Gummi<\/td>\n<\/tr>\n<tr>\n<td>Klemmvorrichtung<\/td>\n<td>U-f\u00f6rmiger Verriegelungshalter (freih\u00e4ndig)<\/td>\n<\/tr>\n<tr>\n<td>Betriebsdruck<\/td>\n<td>4.000 \u2013 8.000 PSI<\/td>\n<\/tr>\n<tr>\n<td>Berstdruck<\/td>\n<td>Bis zu 12.000 PSI<\/td>\n<\/tr>\n<tr>\n<td>Gewindegr\u00f6\u00dfe<\/td>\n<td>1\/8&#8243; NPT (Standard) oder M10\u00d71<\/td>\n<\/tr>\n<tr>\n<td>L\u00e4ngenoptionen<\/td>\n<td>300 mm (12 Zoll), 400 mm (16 Zoll), 600 mm (24 Zoll)<\/td>\n<\/tr>\n<tr>\n<td>Temperatur<\/td>\n<td>-20 \u00b0C bis +120 \u00b0C<\/td>\n<\/tr>\n<\/tbody>\n<\/table>\n<hr data-path-to-node=\"19\">\n<h3 data-path-to-node=\"20\">\ud83d\udd39 Anwendungen<\/h3>\n<ul data-path-to-node=\"21\">\n<li>\n<p data-path-to-node=\"21,0,0\">Landwirtschaftliche Maschinen: M\u00e4hdrescher und Traktoren, bei denen die Schl\u00e4uche Schmutz und Nagetieren ausgesetzt sind.<\/p>\n<\/li>\n<li>\n<p data-path-to-node=\"21,1,0\">Bagger &amp; Kr\u00e4ne: Erreichen tiefer Drehpunkte, wo das Halten der Kupplung schwierig ist.<\/p>\n<\/li>\n<li>\n<p data-path-to-node=\"21,2,0\"><b data-path-to-node=\"21,2,0\" data-index-in-node=\"0\">Industrial Maintenance:<\/b> High-pressure automated lubrication points.<\/p>\n<\/li>\n<li>\n<p data-path-to-node=\"21,3,0\">LKW-Chassis: Schmieren von K\u00f6nigszapfen und S-Nocken ohne Sauerei.<\/p>\n<\/li>\n<\/ul>\n<hr data-path-to-node=\"22\">\n<h3 data-path-to-node=\"23\">\u2753 H\u00e4ufig gestellte Fragen (FAQ)<\/h3>\n<p data-path-to-node=\"24\"><b data-path-to-node=\"24\" data-index-in-node=\"0\">F: Welchen Zweck hat die Klemmhalterung?<\/b><\/p>\n<blockquote data-path-to-node=\"25\">\n<p data-path-to-node=\"25,0\">A: Sie stabilisiert die Verbindung. Sobald die Kupplung am Schmiernippel befestigt ist, h\u00e4lt die Klemme sie fest, sodass sie sich bei hohem Druck nicht l\u00f6st. Dadurch k\u00f6nnen Sie die Fettpresse mit beiden H\u00e4nden bedienen.  <\/p>\n<\/blockquote>\n<p data-path-to-node=\"26\"><b data-path-to-node=\"26\" data-index-in-node=\"0\">F: Ist der Edelstahl steif?<\/b><\/p>\n<blockquote data-path-to-node=\"27\">\n<p data-path-to-node=\"27,0\">A: No, it is designed to be flexible. It offers a similar bend radius to rubber hoses but with significantly higher abrasion resistance. <\/p>\n<\/blockquote>\n<p data-path-to-node=\"28\"><b data-path-to-node=\"28\" data-index-in-node=\"0\">F: Passt es auf meine Milwaukee\/DeWalt Fettpresse?<\/b><\/p>\n<blockquote data-path-to-node=\"29\">\n<p data-path-to-node=\"29,0\">A: Ja. Die meisten akkubetriebenen Fettpressen verwenden ein Standard-1\/8&#8243;-NPT-Gewinde, das perfekt zu unseren Anschl\u00fcssen passt. <\/p>\n<\/blockquote>\n<hr data-path-to-node=\"30\">\n<h3 data-path-to-node=\"31\">\ud83d\udd36 Direkte Anpassung ab Werk<\/h3>\n<p data-path-to-node=\"32\">Victory Technology bietet OEM-L\u00f6sungen an:<\/p>\n<ul data-path-to-node=\"33\">\n<li>\n<p data-path-to-node=\"33,0,0\">Sonderl\u00e4ngen: Wir k\u00f6nnen extra lange Schl\u00e4uche (z. B. 1000 mm) f\u00fcr spezielle Maschinen herstellen.<\/p>\n<\/li>\n<li>\n<p data-path-to-node=\"33,1,0\">Verpackung: Einzelhandelsblisterpackungen oder Polybeutel f\u00fcr die Gro\u00dfpackung.<\/p>\n<\/li>\n<\/ul>\n<hr data-path-to-node=\"34\">\n<h3 data-path-to-node=\"35\">\ud83d\ude80 Jetzt ein Angebot ab Werk anfordern<\/h3>\n<p>Bereit zu bestellen? Egal ob Sie einen einzelnen Karton oder einen 40-Fu\u00df-Container ben\u00f6tigen, wir sind f\u00fcr Sie da. <\/p>\n<p>F\u00fcllen Sie das untenstehende Formular aus, um unseren aktuellen Katalog und unsere Gro\u00dfhandelspreisliste zu erhalten.<\/p>\n<p data-path-to-node=\"37\"><code data-path-to-node=\"37\" data-index-in-node=\"0\"><div class=\"wpforms-container \" id=\"wpforms-2617\"><form id=\"wpforms-form-2617\" class=\"wpforms-validate wpforms-form wpforms-ajax-form\" data-formid=\"2617\" method=\"post\" enctype=\"multipart\/form-data\" action=\"\/de\/wp-json\/wp\/v2\/product\/5476\" data-token=\"13378987007c46e16c688c5f0bea2de0\" data-token-time=\"1776109947\"><noscript class=\"wpforms-error-noscript\">Bitte aktiviere JavaScript in deinem Browser, um dieses Formular fertigzustellen.<\/noscript><div class=\"wpforms-field-container\"><div id=\"wpforms-2617-field_1-container\" class=\"wpforms-field wpforms-field-name\" data-field-id=\"1\"><label class=\"wpforms-field-label\" for=\"wpforms-2617-field_1\">Name <span class=\"wpforms-required-label\">*<\/span><\/label><input type=\"text\" id=\"wpforms-2617-field_1\" class=\"wpforms-field-large wpforms-field-required\" name=\"wpforms[fields][1]\" required><\/div><div id=\"wpforms-2617-field_2-container\" class=\"wpforms-field wpforms-field-email\" data-field-id=\"2\"><label class=\"wpforms-field-label\" for=\"wpforms-2617-field_2\">E-Mail <span class=\"wpforms-required-label\">*<\/span><\/label><input type=\"email\" id=\"wpforms-2617-field_2\" class=\"wpforms-field-large wpforms-field-required\" name=\"wpforms[fields][2]\" spellcheck=\"false\" required><\/div><div id=\"wpforms-2617-field_4-container\" class=\"wpforms-field wpforms-field-text\" data-field-id=\"4\"><label class=\"wpforms-field-label\" for=\"wpforms-2617-field_4\">Tel<\/label><input type=\"text\" id=\"wpforms-2617-field_4\" class=\"wpforms-field-medium\" name=\"wpforms[fields][4]\" ><\/div><div id=\"wpforms-2617-field_3-container\" class=\"wpforms-field wpforms-field-textarea\" data-field-id=\"3\"><label class=\"wpforms-field-label\" for=\"wpforms-2617-field_3\"> Nachricht<\/label><textarea id=\"wpforms-2617-field_3\" class=\"wpforms-field-medium\" name=\"wpforms[fields][3]\" ><\/textarea><\/div><\/div><!-- .wpforms-field-container --><div class=\"wpforms-submit-container\" ><input type=\"hidden\" name=\"wpforms[id]\" value=\"2617\"><input type=\"hidden\" name=\"page_title\" value=\"\"><input type=\"hidden\" name=\"page_url\" value=\"https:\/\/airbrakehose.com\/de\/wp-json\/wp\/v2\/product\/5476\"><input type=\"hidden\" name=\"url_referer\" value=\"\"><button type=\"submit\" name=\"wpforms[submit]\" id=\"wpforms-submit-2617\" class=\"wpforms-submit\" data-alt-text=\"Wird gesendet...\" data-submit-text=\"Nachricht senden\" aria-live=\"assertive\" value=\"wpforms-submit\">Nachricht senden<\/button><img decoding=\"async\" src=\"https:\/\/airbrakehose.com\/wp-content\/plugins\/wpforms\/assets\/images\/submit-spin.svg\" class=\"wpforms-submit-spinner\" style=\"display: none;\" width=\"26\" height=\"26\" alt=\"Wird geladen\"><\/div><\/form><\/div>  <!-- .wpforms-container --><\/code><\/p>\n","protected":false},"excerpt":{"rendered":"<p data-path-to-node=\"41\"><b data-path-to-node=\"41\" data-index-in-node=\"0\">Edelstahl-Geflecht-Schmierschlauch mit Verriegelungsklemme.<\/b><\/p>\n<p data-path-to-node=\"42\">Hochleistungsf\u00e4higer, gepanzerter Verl\u00e4ngerungsschlauch f\u00fcr freih\u00e4ndige Schmierung.<\/p>\n<ul data-path-to-node=\"43\">\n<li>\n<p data-path-to-node=\"43,0,0\">Material: Edelstahlgeflecht (abriebfest).<\/p>\n<\/li>\n<li>\n<p data-path-to-node=\"43,1,0\">Besonderheit: Verriegelbare Klemmhalterung (verhindert Abspringen).<\/p>\n<\/li>\n<li>\n<p data-path-to-node=\"43,2,0\">Druck: Ausgelegt f\u00fcr einen Druck bis zu 8.000 PSI.<\/p>\n<\/li>\n<li>\n<p data-path-to-node=\"43,3,0\">Gewinde: Standard 1\/8&#8243; NPT.<\/p>\n<\/li>\n<li>\n<p data-path-to-node=\"43,4,0\">Anwendung: Freih\u00e4ndiges Schmieren an schwer zug\u00e4nglichen Stellen.<\/p>\n<\/li>\n<\/ul>\n<p data-path-to-node=\"44\"><b data-path-to-node=\"44\" data-index-in-node=\"0\">Auf Lager &amp; sofort versandbereit.<\/b><\/p>\n","protected":false},"featured_media":3424,"template":"","meta":{"_monsterinsights_skip_tracking":false,"_monsterinsights_sitenote_active":false,"_monsterinsights_sitenote_note":"","_monsterinsights_sitenote_category":0,"site-sidebar-layout":"default","site-content-layout":"","ast-site-content-layout":"default","site-content-style":"default","site-sidebar-style":"default","ast-global-header-display":"","ast-banner-title-visibility":"","ast-main-header-display":"","ast-hfb-above-header-display":"","ast-hfb-below-header-display":"","ast-hfb-mobile-header-display":"","site-post-title":"","ast-breadcrumbs-content":"","ast-featured-img":"","footer-sml-layout":"","ast-disable-related-posts":"","theme-transparent-header-meta":"default","adv-header-id-meta":"","stick-header-meta":"","header-above-stick-meta":"","header-main-stick-meta":"","header-below-stick-meta":"","astra-migrate-meta-layouts":"default","ast-page-background-enabled":"default","ast-page-background-meta":{"desktop":{"background-color":"","background-image":"","background-repeat":"repeat","background-position":"center center","background-size":"auto","background-attachment":"scroll","background-type":"","background-media":"","overlay-type":"","overlay-color":"","overlay-opacity":"","overlay-gradient":""},"tablet":{"background-color":"","background-image":"","background-repeat":"repeat","background-position":"center center","background-size":"auto","background-attachment":"scroll","background-type":"","background-media":"","overlay-type":"","overlay-color":"","overlay-opacity":"","overlay-gradient":""},"mobile":{"background-color":"","background-image":"","background-repeat":"repeat","background-position":"center center","background-size":"auto","background-attachment":"scroll","background-type":"","background-media":"","overlay-type":"","overlay-color":"","overlay-opacity":"","overlay-gradient":""}},"ast-content-background-meta":{"desktop":{"background-color":"var(--ast-global-color-5)","background-image":"","background-repeat":"repeat","background-position":"center center","background-size":"auto","background-attachment":"scroll","background-type":"","background-media":"","overlay-type":"","overlay-color":"","overlay-opacity":"","overlay-gradient":""},"tablet":{"background-color":"var(--ast-global-color-5)","background-image":"","background-repeat":"repeat","background-position":"center center","background-size":"auto","background-attachment":"scroll","background-type":"","background-media":"","overlay-type":"","overlay-color":"","overlay-opacity":"","overlay-gradient":""},"mobile":{"background-color":"var(--ast-global-color-5)","background-image":"","background-repeat":"repeat","background-position":"center center","background-size":"auto","background-attachment":"scroll","background-type":"","background-media":"","overlay-type":"","overlay-color":"","overlay-opacity":"","overlay-gradient":""}},"_joinchat":[]},"product_brand":[1193],"product_cat":[6211],"product_tag":[7095,7141,7132,7147,7136,7133,7137,7144,7142,7134,7145,7093,7146,7139,7138,7135,7140,7143,6476],"class_list":{"0":"post-5476","1":"product","2":"type-product","3":"status-publish","4":"has-post-thumbnail","6":"product_brand-victory-tech","7":"product_cat-druckluft-staubgeblase-und-pistolen","8":"product_tag-1-8-npt-fettschlauch","9":"product_tag-edelstahl-schmierschlauch","10":"product_tag-edelstahl-verlangerungsschlauch-fur-fettpresse","11":"product_tag-fettpressenzubehor-2","12":"product_tag-fettschlauch-mit-groser-reichweite","13":"product_tag-flexibler-schmierschlauch-mit-klemme","14":"product_tag-freihandige-fettpressenklemme","15":"product_tag-freihandiger-fettschlauch","16":"product_tag-geflochtene-fettpeitsche","17":"product_tag-hochdruck-fettinjektorschlauch","18":"product_tag-hochdruck-schmierverlangerung","19":"product_tag-hochleistungs-schmierschlauch","20":"product_tag-hochleistungsschmierung","21":"product_tag-schmierschlauch-fur-landwirtschaftliche-maschinen","22":"product_tag-schmierschlauch-fur-lkw-anhanger","23":"product_tag-verlangerungsleitung-fur-fettpresse","24":"product_tag-verlangerungsleitung-fur-industrielle-schmierstoffe","25":"product_tag-verriegelbarer-fettkupplungsschlauch","26":"product_tag-victory-technology","27":"desktop-align-left","28":"tablet-align-left","29":"mobile-align-left","31":"first","32":"instock","33":"shipping-taxable","34":"product-type-simple"},"yoast_head":"<!-- This site is optimized with the Yoast SEO Premium plugin v26.4 (Yoast SEO v27.0) - https:\/\/yoast.com\/product\/yoast-seo-premium-wordpress\/ -->\n<title>Fettpressenschlauch aus Edelstahl mit Klemme | Victory Tech<\/title>\n<meta name=\"description\" content=\"Edelstahl-Fettpressenschl\u00e4uche mit Geflecht. Mit Verriegelungsklemme f\u00fcr freih\u00e4ndiges Arbeiten. Hochdruckbest\u00e4ndig und abriebfest. Direkt vom Hersteller.\" \/>\n<meta name=\"robots\" content=\"index, follow, max-snippet:-1, max-image-preview:large, max-video-preview:-1\" \/>\n<link rel=\"canonical\" href=\"https:\/\/airbrakehose.com\/de\/produkt\/verlaengerungsschlauch-fuer-fettpresse-aus-edelstahl-mit-verriegelungsklemme\/\" \/>\n<meta property=\"og:locale\" content=\"de_DE\" \/>\n<meta property=\"og:type\" content=\"article\" \/>\n<meta property=\"og:title\" content=\"Verl\u00e4ngerungsschlauch f\u00fcr Fettpresse aus Edelstahl mit Verriegelungsklemme\" \/>\n<meta property=\"og:description\" content=\"Edelstahl-Fettpressenschl\u00e4uche mit Geflecht. Mit Verriegelungsklemme f\u00fcr freih\u00e4ndiges Arbeiten. Hochdruckbest\u00e4ndig und abriebfest. Direkt vom Hersteller.\" \/>\n<meta property=\"og:url\" content=\"https:\/\/airbrakehose.com\/de\/produkt\/verlaengerungsschlauch-fuer-fettpresse-aus-edelstahl-mit-verriegelungsklemme\/\" \/>\n<meta property=\"og:site_name\" content=\"Victory Tech.\" \/>\n<meta property=\"article:publisher\" content=\"https:\/\/www.facebook.com\/aokeautoparts\" \/>\n<meta property=\"og:image\" content=\"https:\/\/airbrakehose.com\/wp-content\/uploads\/2025\/12\/\u5fae\u4fe1\u56fe\u7247_20250310175852.jpg\" \/>\n\t<meta property=\"og:image:width\" content=\"800\" \/>\n\t<meta property=\"og:image:height\" content=\"800\" \/>\n\t<meta property=\"og:image:type\" content=\"image\/jpeg\" \/>\n<meta name=\"twitter:card\" content=\"summary_large_image\" \/>\n<meta name=\"twitter:label1\" content=\"Gesch\u00e4tzte Lesezeit\" \/>\n\t<meta name=\"twitter:data1\" content=\"3\u00a0Minuten\" \/>\n<script type=\"application\/ld+json\" class=\"yoast-schema-graph\">{\"@context\":\"https:\/\/schema.org\",\"@graph\":[{\"@type\":\"WebPage\",\"@id\":\"https:\/\/airbrakehose.com\/de\/produkt\/verlaengerungsschlauch-fuer-fettpresse-aus-edelstahl-mit-verriegelungsklemme\/\",\"url\":\"https:\/\/airbrakehose.com\/de\/produkt\/verlaengerungsschlauch-fuer-fettpresse-aus-edelstahl-mit-verriegelungsklemme\/\",\"name\":\"Fettpressenschlauch aus Edelstahl mit Klemme | Victory Tech\",\"isPartOf\":{\"@id\":\"https:\/\/airbrakehose.com\/de\/#website\"},\"primaryImageOfPage\":{\"@id\":\"https:\/\/airbrakehose.com\/de\/produkt\/verlaengerungsschlauch-fuer-fettpresse-aus-edelstahl-mit-verriegelungsklemme\/#primaryimage\"},\"image\":{\"@id\":\"https:\/\/airbrakehose.com\/de\/produkt\/verlaengerungsschlauch-fuer-fettpresse-aus-edelstahl-mit-verriegelungsklemme\/#primaryimage\"},\"thumbnailUrl\":\"https:\/\/airbrakehose.com\/wp-content\/uploads\/2025\/12\/\u5fae\u4fe1\u56fe\u7247_20250310175852.jpg\",\"datePublished\":\"2025-12-10T06:51:38+00:00\",\"description\":\"Edelstahl-Fettpressenschl\u00e4uche mit Geflecht. Mit Verriegelungsklemme f\u00fcr freih\u00e4ndiges Arbeiten. Hochdruckbest\u00e4ndig und abriebfest. Direkt vom Hersteller.\",\"breadcrumb\":{\"@id\":\"https:\/\/airbrakehose.com\/de\/produkt\/verlaengerungsschlauch-fuer-fettpresse-aus-edelstahl-mit-verriegelungsklemme\/#breadcrumb\"},\"inLanguage\":\"de\",\"potentialAction\":[{\"@type\":\"ReadAction\",\"target\":[\"https:\/\/airbrakehose.com\/de\/produkt\/verlaengerungsschlauch-fuer-fettpresse-aus-edelstahl-mit-verriegelungsklemme\/\"]}]},{\"@type\":\"ImageObject\",\"inLanguage\":\"de\",\"@id\":\"https:\/\/airbrakehose.com\/de\/produkt\/verlaengerungsschlauch-fuer-fettpresse-aus-edelstahl-mit-verriegelungsklemme\/#primaryimage\",\"url\":\"https:\/\/airbrakehose.com\/wp-content\/uploads\/2025\/12\/\u5fae\u4fe1\u56fe\u7247_20250310175852.jpg\",\"contentUrl\":\"https:\/\/airbrakehose.com\/wp-content\/uploads\/2025\/12\/\u5fae\u4fe1\u56fe\u7247_20250310175852.jpg\",\"width\":800,\"height\":800},{\"@type\":\"BreadcrumbList\",\"@id\":\"https:\/\/airbrakehose.com\/de\/produkt\/verlaengerungsschlauch-fuer-fettpresse-aus-edelstahl-mit-verriegelungsklemme\/#breadcrumb\",\"itemListElement\":[{\"@type\":\"ListItem\",\"position\":1,\"name\":\"\u9996\u9875\",\"item\":\"https:\/\/airbrakehose.com\/de\/heim\/\"},{\"@type\":\"ListItem\",\"position\":2,\"name\":\"Gesch\u00e4ft\",\"item\":\"https:\/\/airbrakehose.com\/de\/geschaeft\/\"},{\"@type\":\"ListItem\",\"position\":3,\"name\":\"Verl\u00e4ngerungsschlauch f\u00fcr Fettpresse aus Edelstahl mit Verriegelungsklemme\"}]},{\"@type\":\"WebSite\",\"@id\":\"https:\/\/airbrakehose.com\/de\/#website\",\"url\":\"https:\/\/airbrakehose.com\/de\/\",\"name\":\"Victory Technology\",\"description\":\"Industrial Hose &amp; Air Brake Solutions\",\"potentialAction\":[{\"@type\":\"SearchAction\",\"target\":{\"@type\":\"EntryPoint\",\"urlTemplate\":\"https:\/\/airbrakehose.com\/de\/?s={search_term_string}\"},\"query-input\":{\"@type\":\"PropertyValueSpecification\",\"valueRequired\":true,\"valueName\":\"search_term_string\"}}],\"inLanguage\":\"de\"}]}<\/script>\n<!-- \/ Yoast SEO Premium plugin. -->","yoast_head_json":{"title":"Fettpressenschlauch aus Edelstahl mit Klemme | Victory Tech","description":"Edelstahl-Fettpressenschl\u00e4uche mit Geflecht. Mit Verriegelungsklemme f\u00fcr freih\u00e4ndiges Arbeiten. Hochdruckbest\u00e4ndig und abriebfest. Direkt vom Hersteller.","robots":{"index":"index","follow":"follow","max-snippet":"max-snippet:-1","max-image-preview":"max-image-preview:large","max-video-preview":"max-video-preview:-1"},"canonical":"https:\/\/airbrakehose.com\/de\/produkt\/verlaengerungsschlauch-fuer-fettpresse-aus-edelstahl-mit-verriegelungsklemme\/","og_locale":"de_DE","og_type":"article","og_title":"Verl\u00e4ngerungsschlauch f\u00fcr Fettpresse aus Edelstahl mit Verriegelungsklemme","og_description":"Edelstahl-Fettpressenschl\u00e4uche mit Geflecht. Mit Verriegelungsklemme f\u00fcr freih\u00e4ndiges Arbeiten. Hochdruckbest\u00e4ndig und abriebfest. Direkt vom Hersteller.","og_url":"https:\/\/airbrakehose.com\/de\/produkt\/verlaengerungsschlauch-fuer-fettpresse-aus-edelstahl-mit-verriegelungsklemme\/","og_site_name":"Victory Tech.","article_publisher":"https:\/\/www.facebook.com\/aokeautoparts","og_image":[{"width":800,"height":800,"url":"https:\/\/airbrakehose.com\/wp-content\/uploads\/2025\/12\/\u5fae\u4fe1\u56fe\u7247_20250310175852.jpg","type":"image\/jpeg"}],"twitter_card":"summary_large_image","twitter_misc":{"Gesch\u00e4tzte Lesezeit":"3\u00a0Minuten"},"schema":{"@context":"https:\/\/schema.org","@graph":[{"@type":"WebPage","@id":"https:\/\/airbrakehose.com\/de\/produkt\/verlaengerungsschlauch-fuer-fettpresse-aus-edelstahl-mit-verriegelungsklemme\/","url":"https:\/\/airbrakehose.com\/de\/produkt\/verlaengerungsschlauch-fuer-fettpresse-aus-edelstahl-mit-verriegelungsklemme\/","name":"Fettpressenschlauch aus Edelstahl mit Klemme | Victory Tech","isPartOf":{"@id":"https:\/\/airbrakehose.com\/de\/#website"},"primaryImageOfPage":{"@id":"https:\/\/airbrakehose.com\/de\/produkt\/verlaengerungsschlauch-fuer-fettpresse-aus-edelstahl-mit-verriegelungsklemme\/#primaryimage"},"image":{"@id":"https:\/\/airbrakehose.com\/de\/produkt\/verlaengerungsschlauch-fuer-fettpresse-aus-edelstahl-mit-verriegelungsklemme\/#primaryimage"},"thumbnailUrl":"https:\/\/airbrakehose.com\/wp-content\/uploads\/2025\/12\/\u5fae\u4fe1\u56fe\u7247_20250310175852.jpg","datePublished":"2025-12-10T06:51:38+00:00","description":"Edelstahl-Fettpressenschl\u00e4uche mit Geflecht. Mit Verriegelungsklemme f\u00fcr freih\u00e4ndiges Arbeiten. Hochdruckbest\u00e4ndig und abriebfest. Direkt vom Hersteller.","breadcrumb":{"@id":"https:\/\/airbrakehose.com\/de\/produkt\/verlaengerungsschlauch-fuer-fettpresse-aus-edelstahl-mit-verriegelungsklemme\/#breadcrumb"},"inLanguage":"de","potentialAction":[{"@type":"ReadAction","target":["https:\/\/airbrakehose.com\/de\/produkt\/verlaengerungsschlauch-fuer-fettpresse-aus-edelstahl-mit-verriegelungsklemme\/"]}]},{"@type":"ImageObject","inLanguage":"de","@id":"https:\/\/airbrakehose.com\/de\/produkt\/verlaengerungsschlauch-fuer-fettpresse-aus-edelstahl-mit-verriegelungsklemme\/#primaryimage","url":"https:\/\/airbrakehose.com\/wp-content\/uploads\/2025\/12\/\u5fae\u4fe1\u56fe\u7247_20250310175852.jpg","contentUrl":"https:\/\/airbrakehose.com\/wp-content\/uploads\/2025\/12\/\u5fae\u4fe1\u56fe\u7247_20250310175852.jpg","width":800,"height":800},{"@type":"BreadcrumbList","@id":"https:\/\/airbrakehose.com\/de\/produkt\/verlaengerungsschlauch-fuer-fettpresse-aus-edelstahl-mit-verriegelungsklemme\/#breadcrumb","itemListElement":[{"@type":"ListItem","position":1,"name":"\u9996\u9875","item":"https:\/\/airbrakehose.com\/de\/heim\/"},{"@type":"ListItem","position":2,"name":"Gesch\u00e4ft","item":"https:\/\/airbrakehose.com\/de\/geschaeft\/"},{"@type":"ListItem","position":3,"name":"Verl\u00e4ngerungsschlauch f\u00fcr Fettpresse aus Edelstahl mit Verriegelungsklemme"}]},{"@type":"WebSite","@id":"https:\/\/airbrakehose.com\/de\/#website","url":"https:\/\/airbrakehose.com\/de\/","name":"Victory Technology","description":"Industrial Hose &amp; Air Brake Solutions","potentialAction":[{"@type":"SearchAction","target":{"@type":"EntryPoint","urlTemplate":"https:\/\/airbrakehose.com\/de\/?s={search_term_string}"},"query-input":{"@type":"PropertyValueSpecification","valueRequired":true,"valueName":"search_term_string"}}],"inLanguage":"de"}]}},"_links":{"self":[{"href":"https:\/\/airbrakehose.com\/de\/wp-json\/wp\/v2\/product\/5476","targetHints":{"allow":["GET"]}}],"collection":[{"href":"https:\/\/airbrakehose.com\/de\/wp-json\/wp\/v2\/product"}],"about":[{"href":"https:\/\/airbrakehose.com\/de\/wp-json\/wp\/v2\/types\/product"}],"wp:featuredmedia":[{"embeddable":true,"href":"https:\/\/airbrakehose.com\/de\/wp-json\/wp\/v2\/media\/3424"}],"wp:attachment":[{"href":"https:\/\/airbrakehose.com\/de\/wp-json\/wp\/v2\/media?parent=5476"}],"wp:term":[{"taxonomy":"product_brand","embeddable":true,"href":"https:\/\/airbrakehose.com\/de\/wp-json\/wp\/v2\/product_brand?post=5476"},{"taxonomy":"product_cat","embeddable":true,"href":"https:\/\/airbrakehose.com\/de\/wp-json\/wp\/v2\/product_cat?post=5476"},{"taxonomy":"product_tag","embeddable":true,"href":"https:\/\/airbrakehose.com\/de\/wp-json\/wp\/v2\/product_tag?post=5476"}],"curies":[{"name":"wp","href":"https:\/\/api.w.org\/{rel}","templated":true}]}}