{"id":5470,"date":"2025-12-10T05:47:13","date_gmt":"2025-12-10T05:47:13","guid":{"rendered":"https:\/\/airbrakehose.com\/product\/flexibler-fettpressenschlauch-hochdruck-6-000-psi-rot-blaue-verlaengerung\/"},"modified":"2025-12-10T05:47:13","modified_gmt":"2025-12-10T05:47:13","slug":"flexibler-fettpressenschlauch-hochdruck-6-000-psi-rot-blaue-verlaengerung","status":"publish","type":"product","link":"https:\/\/airbrakehose.com\/de\/produkt\/flexibler-fettpressenschlauch-hochdruck-6-000-psi-rot-blaue-verlaengerung\/","title":{"rendered":"Flexibler Fettpressenschlauch (Hochdruck 6.000 PSI) \u2013 Rot\/Blaue Verl\u00e4ngerung"},"content":{"rendered":"<h3 data-path-to-node=\"7\">\ud83d\udccc Produkt\u00fcbersicht<\/h3>\n<p data-path-to-node=\"8\"><b data-path-to-node=\"8\" data-index-in-node=\"0\">Erreiche das Unerreichbare. Gleitmittel mit Zuversicht. <\/b><\/p>\n<p data-path-to-node=\"9\">Starre Stahlrohre erreichen nicht alle Schmiernippel. Bei schwer zug\u00e4nglichen Lagern, Kreuzgelenken oder eng anliegenden Fahrwerkskomponenten ben\u00f6tigen Sie den flexiblen Schmiernippelschlauch von Victory Technology. <\/p>\n<p data-path-to-node=\"10\">Diese f\u00fcr die professionelle Wartung von Kraftfahrzeugen und Industrieanlagen entwickelten Hochdruck-Verl\u00e4ngerungsschl\u00e4uche erleichtern schwierige Schmierarbeiten erheblich.1 Im Gegensatz zu herk\u00f6mmlichen schwarzen Schl\u00e4uchen erm\u00f6glicht unsere farbcodierte Serie (Rot &amp; Blau) den Technikern, bestimmte Schl\u00e4uche bestimmten Fettarten zuzuordnen (z. B. Rot f\u00fcr Hochtemperaturfett, Blau f\u00fcr Marinefett) und so Kreuzkontaminationen in der Werkstatt zu vermeiden.<\/p>\n<hr data-path-to-node=\"11\">\n<h3 data-path-to-node=\"12\">\ud83d\udd39 Warum Victory-Schmierschl\u00e4uche w\u00e4hlen?<\/h3>\n<ul data-path-to-node=\"13\">\n<li>\u2705 Hochdruckverst\u00e4rkung (bis zu 6.000 PSI):\n<p>Sicherheit geht vor. Unsere Schl\u00e4uche zeichnen sich durch eine robuste, stahlverst\u00e4rkte Konstruktion aus, die Betriebsdr\u00fccken von 3.000 bis 6.000 PSI standh\u00e4lt. Sie sind uneingeschr\u00e4nkt kompatibel mit manuellen, pneumatischen und akkubetriebenen Fettpressen, ohne zu platzen oder sich aufzubl\u00e4hen.  <\/li>\n<li>\u2705 Farbcodiert f\u00fcr mehr Sicherheit:\n<p>Mischen Sie keine Fette mehr. Verwenden Sie Rot f\u00fcr synthetisches Fett und Blau f\u00fcr mineralisches Fett (oder ein anderes System Ihrer Wahl). Die visuelle Kennzeichnung beugt kostspieligen Fehlern bei der Fuhrparkwartung vor.  <\/li>\n<li>\u2705 Extreme Flexibilit\u00e4t:\n<p>Die synthetische Gummimischung bleibt auch bei K\u00e4lte flexibel. Sie schmiegt sich m\u00fchelos um Hindernisse und h\u00e4lt Verbindungen, die mit starren Rohren nicht erreichbar sind. <\/li>\n<li>\u2705 Auslaufsichere, gecrimpte Enden:\n<p>Die hochbelastbaren, verzinkten Stahlverschraubungen werden hydraulisch verpresst und gew\u00e4hrleisten so eine dauerhafte Abdichtung. Erh\u00e4ltlich mit Standard-1\/8&#8243;-NPT-Gewinde, passend f\u00fcr nahezu alle Fettpressen und Kupplungen (einschlie\u00dflich Schnellkupplungen). <\/li>\n<\/ul>\n<hr data-path-to-node=\"14\">\n<h3 data-path-to-node=\"15\">\ud83d\udd38 Technische Spezifikationen<\/h3>\n<p data-path-to-node=\"16\"><i data-path-to-node=\"16\" data-index-in-node=\"0\">Schmierwerkzeug in Profiqualit\u00e4t.<\/i><\/p>\n<table data-path-to-node=\"17\">\n<thead>\n<tr>\n<td>Funktion<\/td>\n<td>Spezifikation<\/td>\n<\/tr>\n<\/thead>\n<tbody>\n<tr>\n<td>Betriebsdruck<\/td>\n<td>3.000 \u2013 6.000 PSI (Hochleistungsausf\u00fchrung)<\/td>\n<\/tr>\n<tr>\n<td>Berstdruck<\/td>\n<td>10.000+ PSI (Sicherheitsfaktor)<\/td>\n<\/tr>\n<tr>\n<td>L\u00e4ngenoptionen<\/td>\n<td>12&#8243;, 18&#8243;, 24&#8243; (Standard) oder individuell<\/td>\n<\/tr>\n<tr>\n<td>Gewindegr\u00f6\u00dfe<\/td>\n<td>1\/8&#8243; NPT (Standard) oder M10x1<\/td>\n<\/tr>\n<tr>\n<td>Material<\/td>\n<td>Synthetischer Kautschuk + Stahlgeflechtverst\u00e4rkung<\/td>\n<\/tr>\n<tr>\n<td>Farboptionen<\/td>\n<td>Rot, Blau, Schwarz<\/td>\n<\/tr>\n<tr>\n<td>Kompatibilit\u00e4t<\/td>\n<td>Manuelle \/ Druckluft- \/ Akku-Fettpressen<\/td>\n<\/tr>\n<\/tbody>\n<\/table>\n<hr data-path-to-node=\"18\">\n<h3 data-path-to-node=\"19\">\ud83d\udd39 Anwendungen<\/h3>\n<ul data-path-to-node=\"20\">\n<li>\n<p data-path-to-node=\"20,0,0\">Automobilindustrie: Schmierung von Fahrgestell, Kugelgelenken und Spurstangen.<\/p>\n<\/li>\n<li>\n<p data-path-to-node=\"20,1,0\">Schwere Baumaschinen: Bagger, Bulldozer und Kr\u00e4ne (zum Erreichen von Drehpunkten).<\/p>\n<\/li>\n<li>\n<p data-path-to-node=\"20,2,0\">Landwirtschaft: Traktoren und M\u00e4hdrescher (ben\u00f6tigen oft spezielle Schmierfette).<\/p>\n<\/li>\n<li>\n<p data-path-to-node=\"20,3,0\">Industrie: Lager f\u00fcr F\u00f6rderb\u00e4nder und Motorwellen in Fabriken.<\/p>\n<\/li>\n<\/ul>\n<hr data-path-to-node=\"21\">\n<h3 data-path-to-node=\"22\">\u2753 H\u00e4ufig gestellte Fragen (FAQ)<\/h3>\n<p data-path-to-node=\"23\"><b data-path-to-node=\"23\" data-index-in-node=\"0\">F: Passt das auf meine Fettpresse?<\/b><\/p>\n<blockquote data-path-to-node=\"24\">\n<p data-path-to-node=\"24,0\">A: H\u00f6chstwahrscheinlich. Wenn Ihre Fettpresse ein Standardmodell ist (manuell oder akkubetrieben), verwendet sie mit ziemlicher Sicherheit ein 1\/8&#8243;-NPT-Gewinde, was der Standardanschluss unserer Schl\u00e4uche ist. <\/p>\n<\/blockquote>\n<p data-path-to-node=\"25\"><b data-path-to-node=\"25\" data-index-in-node=\"0\">F: Wozu brauche ich farbige Schl\u00e4uche?<\/b><\/p>\n<blockquote data-path-to-node=\"26\">\n<p data-path-to-node=\"26,0\">A: Das Mischen unvertr\u00e4glicher Fette (wie Lithium- und Polyharnstofffett) kann zum Aush\u00e4rten oder Verfl\u00fcssigen des Fettes und damit zu Lagersch\u00e4den f\u00fchren. Farbige Schl\u00e4uche erleichtern die visuelle Zuordnung der Fettpresse zum richtigen Fett. <\/p>\n<\/blockquote>\n<p data-path-to-node=\"27\"><b data-path-to-node=\"27\" data-index-in-node=\"0\">F: Kann es auch mit batteriebetriebenen Fettpressen betrieben werden?<\/b><\/p>\n<blockquote data-path-to-node=\"28\">\n<p data-path-to-node=\"28,0\">A: Ja. Unsere Schl\u00e4uche sind bis zu 6.000 PSI ausgelegt, was f\u00fcr den hohen Druck moderner 18V\/20V-Akku-Fettpressen ausreichend ist. <\/p>\n<\/blockquote>\n<hr data-path-to-node=\"29\">\n<h3 data-path-to-node=\"30\">\ud83d\udd36 Direkte Anpassung ab Werk<\/h3>\n<p data-path-to-node=\"31\">Victory Technology unterst\u00fctzt Gro\u00dfabnehmer:<\/p>\n<ul data-path-to-node=\"32\">\n<li>\n<p data-path-to-node=\"32,0,0\">Individuelles Branding: Drucken Sie Ihr Logo auf die Schlauchf\u00fchrung.<\/p>\n<\/li>\n<li>\n<p data-path-to-node=\"32,1,0\">Sonderl\u00e4ngen: Wir k\u00f6nnen kurze 6&#8243;-Peitschen oder extra lange 36&#8243;-Schl\u00e4uche f\u00fcr Spezialmaschinen herstellen.<\/p>\n<\/li>\n<li>\n<p data-path-to-node=\"32,2,0\">Verpackung: Blisterverpackungen oder Polybeutel.<\/p>\n<\/li>\n<\/ul>\n<hr data-path-to-node=\"33\">\n<h3 data-path-to-node=\"34\">\ud83d\ude80 Jetzt ein Angebot ab Werk anfordern<\/h3>\n<p>Bereit, Ihre Regale zu f\u00fcllen? Wir bieten Kartons in verschiedenen Farben und OEM-Branding an. <\/p>\n<p>F\u00fcllen Sie das untenstehende Formular aus, um unseren aktuellen Katalog und unsere Gro\u00dfhandelspreisliste zu erhalten.<\/p>\n<p data-path-to-node=\"36\"><code data-path-to-node=\"36\" data-index-in-node=\"0\"><div class=\"wpforms-container \" id=\"wpforms-2617\"><form id=\"wpforms-form-2617\" class=\"wpforms-validate wpforms-form wpforms-ajax-form\" data-formid=\"2617\" method=\"post\" enctype=\"multipart\/form-data\" action=\"\/de\/wp-json\/wp\/v2\/product\/5470\" data-token=\"c8c1d7266d4073c05a7b41d606b14760\" data-token-time=\"1776438897\"><noscript class=\"wpforms-error-noscript\">Bitte aktiviere JavaScript in deinem Browser, um dieses Formular fertigzustellen.<\/noscript><div class=\"wpforms-field-container\"><div id=\"wpforms-2617-field_1-container\" class=\"wpforms-field wpforms-field-name\" data-field-id=\"1\"><label class=\"wpforms-field-label\" for=\"wpforms-2617-field_1\">Name <span class=\"wpforms-required-label\">*<\/span><\/label><input type=\"text\" id=\"wpforms-2617-field_1\" class=\"wpforms-field-large wpforms-field-required\" name=\"wpforms[fields][1]\" required><\/div><div id=\"wpforms-2617-field_2-container\" class=\"wpforms-field wpforms-field-email\" data-field-id=\"2\"><label class=\"wpforms-field-label\" for=\"wpforms-2617-field_2\">E-Mail <span class=\"wpforms-required-label\">*<\/span><\/label><input type=\"email\" id=\"wpforms-2617-field_2\" class=\"wpforms-field-large wpforms-field-required\" name=\"wpforms[fields][2]\" spellcheck=\"false\" required><\/div><div id=\"wpforms-2617-field_4-container\" class=\"wpforms-field wpforms-field-text\" data-field-id=\"4\"><label class=\"wpforms-field-label\" for=\"wpforms-2617-field_4\">Tel<\/label><input type=\"text\" id=\"wpforms-2617-field_4\" class=\"wpforms-field-medium\" name=\"wpforms[fields][4]\" ><\/div><div id=\"wpforms-2617-field_3-container\" class=\"wpforms-field wpforms-field-textarea\" data-field-id=\"3\"><label class=\"wpforms-field-label\" for=\"wpforms-2617-field_3\"> Nachricht<\/label><textarea id=\"wpforms-2617-field_3\" class=\"wpforms-field-medium\" name=\"wpforms[fields][3]\" ><\/textarea><\/div><\/div><!-- .wpforms-field-container --><div class=\"wpforms-submit-container\" ><input type=\"hidden\" name=\"wpforms[id]\" value=\"2617\"><input type=\"hidden\" name=\"page_title\" value=\"\"><input type=\"hidden\" name=\"page_url\" value=\"https:\/\/airbrakehose.com\/de\/wp-json\/wp\/v2\/product\/5470\"><input type=\"hidden\" name=\"url_referer\" value=\"\"><button type=\"submit\" name=\"wpforms[submit]\" id=\"wpforms-submit-2617\" class=\"wpforms-submit\" data-alt-text=\"Wird gesendet...\" data-submit-text=\"Nachricht senden\" aria-live=\"assertive\" value=\"wpforms-submit\">Nachricht senden<\/button><img decoding=\"async\" src=\"https:\/\/airbrakehose.com\/wp-content\/plugins\/wpforms\/assets\/images\/submit-spin.svg\" class=\"wpforms-submit-spinner\" style=\"display: none;\" width=\"26\" height=\"26\" alt=\"Wird geladen\"><\/div><\/form><\/div>  <!-- .wpforms-container --><\/code><\/p>\n","protected":false},"excerpt":{"rendered":"<p data-path-to-node=\"40\"><b data-path-to-node=\"40\" data-index-in-node=\"0\">Flexibler Hochdruck-Fettpressen-Verl\u00e4ngerungsschlauch.<\/b><\/p>\n<p data-path-to-node=\"41\">Farbcodierter Schlauch f\u00fcr manuelle und akkubetriebene Fettpressen.<\/p>\n<ul data-path-to-node=\"42\">\n<li>\n<p data-path-to-node=\"42,0,0\">Druck: Ausgelegt f\u00fcr einen Druck bis zu 6.000 PSI.<\/p>\n<\/li>\n<li>\n<p data-path-to-node=\"42,1,0\">Gewinde: Standard 1\/8&#8243; NPT Au\u00dfengewinde.<\/p>\n<\/li>\n<li>\n<p data-path-to-node=\"42,2,0\">Besonderheit: Farbcodiert (Rot\/Blau) zur Fettidentifizierung.<\/p>\n<\/li>\n<li>\n<p data-path-to-node=\"42,3,0\">Haltbarkeit: Stahlverst\u00e4rkter Synthesekautschuk.<\/p>\n<\/li>\n<li>\n<p data-path-to-node=\"42,4,0\">Anwendung: Erreichen schwer zug\u00e4nglicher Schmiernippel.<\/p>\n<\/li>\n<\/ul>\n<p data-path-to-node=\"43\"><b data-path-to-node=\"43\" data-index-in-node=\"0\">Auf Lager und versandbereit.<\/b><\/p>\n","protected":false},"featured_media":3422,"template":"","meta":{"_monsterinsights_skip_tracking":false,"_monsterinsights_sitenote_active":false,"_monsterinsights_sitenote_note":"","_monsterinsights_sitenote_category":0,"site-sidebar-layout":"default","site-content-layout":"","ast-site-content-layout":"default","site-content-style":"default","site-sidebar-style":"default","ast-global-header-display":"","ast-banner-title-visibility":"","ast-main-header-display":"","ast-hfb-above-header-display":"","ast-hfb-below-header-display":"","ast-hfb-mobile-header-display":"","site-post-title":"","ast-breadcrumbs-content":"","ast-featured-img":"","footer-sml-layout":"","ast-disable-related-posts":"","theme-transparent-header-meta":"default","adv-header-id-meta":"","stick-header-meta":"","header-above-stick-meta":"","header-main-stick-meta":"","header-below-stick-meta":"","astra-migrate-meta-layouts":"default","ast-page-background-enabled":"default","ast-page-background-meta":{"desktop":{"background-color":"","background-image":"","background-repeat":"repeat","background-position":"center center","background-size":"auto","background-attachment":"scroll","background-type":"","background-media":"","overlay-type":"","overlay-color":"","overlay-opacity":"","overlay-gradient":""},"tablet":{"background-color":"","background-image":"","background-repeat":"repeat","background-position":"center center","background-size":"auto","background-attachment":"scroll","background-type":"","background-media":"","overlay-type":"","overlay-color":"","overlay-opacity":"","overlay-gradient":""},"mobile":{"background-color":"","background-image":"","background-repeat":"repeat","background-position":"center center","background-size":"auto","background-attachment":"scroll","background-type":"","background-media":"","overlay-type":"","overlay-color":"","overlay-opacity":"","overlay-gradient":""}},"ast-content-background-meta":{"desktop":{"background-color":"var(--ast-global-color-5)","background-image":"","background-repeat":"repeat","background-position":"center center","background-size":"auto","background-attachment":"scroll","background-type":"","background-media":"","overlay-type":"","overlay-color":"","overlay-opacity":"","overlay-gradient":""},"tablet":{"background-color":"var(--ast-global-color-5)","background-image":"","background-repeat":"repeat","background-position":"center center","background-size":"auto","background-attachment":"scroll","background-type":"","background-media":"","overlay-type":"","overlay-color":"","overlay-opacity":"","overlay-gradient":""},"mobile":{"background-color":"var(--ast-global-color-5)","background-image":"","background-repeat":"repeat","background-position":"center center","background-size":"auto","background-attachment":"scroll","background-type":"","background-media":"","overlay-type":"","overlay-color":"","overlay-opacity":"","overlay-gradient":""}},"_joinchat":[]},"product_brand":[],"product_cat":[6211],"product_tag":[7095,7104,7088,7098,7102,7094,7089,7099,7090,7100,7093,7096,7097,7103,7105,7092,7101,7091,6476],"class_list":{"0":"post-5470","1":"product","2":"type-product","3":"status-publish","4":"has-post-thumbnail","6":"product_cat-druckluft-staubgeblase-und-pistolen","7":"product_tag-1-8-npt-fettschlauch","8":"product_tag-blauer-fettschlauch","9":"product_tag-fettpresse-peitsche-schlauch","10":"product_tag-fettpressenschlauch","11":"product_tag-fettpressenverlangerung","12":"product_tag-fettpressenzubehor","13":"product_tag-flexibler-fettschlauch","14":"product_tag-flexibler-peitschenschlauch","15":"product_tag-hochdruck-fettpressenschlauch","16":"product_tag-hochdruck-schmierschlauch","17":"product_tag-hochleistungs-schmierschlauch","18":"product_tag-m10-fettschlauch","19":"product_tag-roter-blauer-fettpeitschenschlauch","20":"product_tag-roter-fettschlauch","21":"product_tag-schmiernippel","22":"product_tag-schmiernippelschlauch","23":"product_tag-schmierwerkzeuge","24":"product_tag-verlangerungsschlauch-fur-fettpresse","25":"product_tag-victory-technology","26":"desktop-align-left","27":"tablet-align-left","28":"mobile-align-left","30":"first","31":"instock","32":"shipping-taxable","33":"product-type-simple"},"yoast_head":"<!-- This site is optimized with the Yoast SEO Premium plugin v26.4 (Yoast SEO v27.0) - https:\/\/yoast.com\/product\/yoast-seo-premium-wordpress\/ -->\n<title>Flexibler Fettpressenschlauch (Rot\/Blau, 6000 PSI) | Victory Tech<\/title>\n<meta name=\"description\" content=\"Hochwertige, flexible Hochdruck-Fettpressenschl\u00e4uche. Ausgelegt f\u00fcr 6000 PSI, geeignet f\u00fcr manuelle und akkubetriebene Fettpressen. Farbcodiert (Rot\/Blau) zur Vermeidung von Kreuzkontaminationen. Direkt vom Hersteller.\" \/>\n<meta name=\"robots\" content=\"index, follow, max-snippet:-1, max-image-preview:large, max-video-preview:-1\" \/>\n<link rel=\"canonical\" href=\"https:\/\/airbrakehose.com\/de\/produkt\/flexibler-fettpressenschlauch-hochdruck-6-000-psi-rot-blaue-verlaengerung\/\" \/>\n<meta property=\"og:locale\" content=\"de_DE\" \/>\n<meta property=\"og:type\" content=\"article\" \/>\n<meta property=\"og:title\" content=\"Flexibler Fettpressenschlauch (Hochdruck 6.000 PSI) \u2013 Rot\/Blaue Verl\u00e4ngerung\" \/>\n<meta property=\"og:description\" content=\"Hochwertige, flexible Hochdruck-Fettpressenschl\u00e4uche. Ausgelegt f\u00fcr 6000 PSI, geeignet f\u00fcr manuelle und akkubetriebene Fettpressen. Farbcodiert (Rot\/Blau) zur Vermeidung von Kreuzkontaminationen. Direkt vom Hersteller.\" \/>\n<meta property=\"og:url\" content=\"https:\/\/airbrakehose.com\/de\/produkt\/flexibler-fettpressenschlauch-hochdruck-6-000-psi-rot-blaue-verlaengerung\/\" \/>\n<meta property=\"og:site_name\" content=\"Victory Tech.\" \/>\n<meta property=\"article:publisher\" content=\"https:\/\/www.facebook.com\/aokeautoparts\" \/>\n<meta property=\"og:image\" content=\"https:\/\/airbrakehose.com\/wp-content\/uploads\/2025\/12\/IMG_0864.jpg\" \/>\n\t<meta property=\"og:image:width\" content=\"1000\" \/>\n\t<meta property=\"og:image:height\" content=\"1000\" \/>\n\t<meta property=\"og:image:type\" content=\"image\/jpeg\" \/>\n<meta name=\"twitter:card\" content=\"summary_large_image\" \/>\n<meta name=\"twitter:label1\" content=\"Gesch\u00e4tzte Lesezeit\" \/>\n\t<meta name=\"twitter:data1\" content=\"3\u00a0Minuten\" \/>\n<script type=\"application\/ld+json\" class=\"yoast-schema-graph\">{\"@context\":\"https:\/\/schema.org\",\"@graph\":[{\"@type\":\"WebPage\",\"@id\":\"https:\/\/airbrakehose.com\/de\/produkt\/flexibler-fettpressenschlauch-hochdruck-6-000-psi-rot-blaue-verlaengerung\/\",\"url\":\"https:\/\/airbrakehose.com\/de\/produkt\/flexibler-fettpressenschlauch-hochdruck-6-000-psi-rot-blaue-verlaengerung\/\",\"name\":\"Flexibler Fettpressenschlauch (Rot\/Blau, 6000 PSI) | Victory Tech\",\"isPartOf\":{\"@id\":\"https:\/\/airbrakehose.com\/de\/#website\"},\"primaryImageOfPage\":{\"@id\":\"https:\/\/airbrakehose.com\/de\/produkt\/flexibler-fettpressenschlauch-hochdruck-6-000-psi-rot-blaue-verlaengerung\/#primaryimage\"},\"image\":{\"@id\":\"https:\/\/airbrakehose.com\/de\/produkt\/flexibler-fettpressenschlauch-hochdruck-6-000-psi-rot-blaue-verlaengerung\/#primaryimage\"},\"thumbnailUrl\":\"https:\/\/airbrakehose.com\/wp-content\/uploads\/2025\/12\/IMG_0864.jpg\",\"datePublished\":\"2025-12-10T05:47:13+00:00\",\"description\":\"Hochwertige, flexible Hochdruck-Fettpressenschl\u00e4uche. Ausgelegt f\u00fcr 6000 PSI, geeignet f\u00fcr manuelle und akkubetriebene Fettpressen. Farbcodiert (Rot\/Blau) zur Vermeidung von Kreuzkontaminationen. Direkt vom Hersteller.\",\"breadcrumb\":{\"@id\":\"https:\/\/airbrakehose.com\/de\/produkt\/flexibler-fettpressenschlauch-hochdruck-6-000-psi-rot-blaue-verlaengerung\/#breadcrumb\"},\"inLanguage\":\"de\",\"potentialAction\":[{\"@type\":\"ReadAction\",\"target\":[\"https:\/\/airbrakehose.com\/de\/produkt\/flexibler-fettpressenschlauch-hochdruck-6-000-psi-rot-blaue-verlaengerung\/\"]}]},{\"@type\":\"ImageObject\",\"inLanguage\":\"de\",\"@id\":\"https:\/\/airbrakehose.com\/de\/produkt\/flexibler-fettpressenschlauch-hochdruck-6-000-psi-rot-blaue-verlaengerung\/#primaryimage\",\"url\":\"https:\/\/airbrakehose.com\/wp-content\/uploads\/2025\/12\/IMG_0864.jpg\",\"contentUrl\":\"https:\/\/airbrakehose.com\/wp-content\/uploads\/2025\/12\/IMG_0864.jpg\",\"width\":1000,\"height\":1000},{\"@type\":\"BreadcrumbList\",\"@id\":\"https:\/\/airbrakehose.com\/de\/produkt\/flexibler-fettpressenschlauch-hochdruck-6-000-psi-rot-blaue-verlaengerung\/#breadcrumb\",\"itemListElement\":[{\"@type\":\"ListItem\",\"position\":1,\"name\":\"\u9996\u9875\",\"item\":\"https:\/\/airbrakehose.com\/de\/heim\/\"},{\"@type\":\"ListItem\",\"position\":2,\"name\":\"Gesch\u00e4ft\",\"item\":\"https:\/\/airbrakehose.com\/de\/geschaeft\/\"},{\"@type\":\"ListItem\",\"position\":3,\"name\":\"Flexibler Fettpressenschlauch (Hochdruck 6.000 PSI) \u2013 Rot\/Blaue Verl\u00e4ngerung\"}]},{\"@type\":\"WebSite\",\"@id\":\"https:\/\/airbrakehose.com\/de\/#website\",\"url\":\"https:\/\/airbrakehose.com\/de\/\",\"name\":\"Victory Technology\",\"description\":\"Industrial Hose &amp; Air Brake Solutions\",\"potentialAction\":[{\"@type\":\"SearchAction\",\"target\":{\"@type\":\"EntryPoint\",\"urlTemplate\":\"https:\/\/airbrakehose.com\/de\/?s={search_term_string}\"},\"query-input\":{\"@type\":\"PropertyValueSpecification\",\"valueRequired\":true,\"valueName\":\"search_term_string\"}}],\"inLanguage\":\"de\"}]}<\/script>\n<!-- \/ Yoast SEO Premium plugin. -->","yoast_head_json":{"title":"Flexibler Fettpressenschlauch (Rot\/Blau, 6000 PSI) | Victory Tech","description":"Hochwertige, flexible Hochdruck-Fettpressenschl\u00e4uche. Ausgelegt f\u00fcr 6000 PSI, geeignet f\u00fcr manuelle und akkubetriebene Fettpressen. Farbcodiert (Rot\/Blau) zur Vermeidung von Kreuzkontaminationen. Direkt vom Hersteller.","robots":{"index":"index","follow":"follow","max-snippet":"max-snippet:-1","max-image-preview":"max-image-preview:large","max-video-preview":"max-video-preview:-1"},"canonical":"https:\/\/airbrakehose.com\/de\/produkt\/flexibler-fettpressenschlauch-hochdruck-6-000-psi-rot-blaue-verlaengerung\/","og_locale":"de_DE","og_type":"article","og_title":"Flexibler Fettpressenschlauch (Hochdruck 6.000 PSI) \u2013 Rot\/Blaue Verl\u00e4ngerung","og_description":"Hochwertige, flexible Hochdruck-Fettpressenschl\u00e4uche. Ausgelegt f\u00fcr 6000 PSI, geeignet f\u00fcr manuelle und akkubetriebene Fettpressen. Farbcodiert (Rot\/Blau) zur Vermeidung von Kreuzkontaminationen. Direkt vom Hersteller.","og_url":"https:\/\/airbrakehose.com\/de\/produkt\/flexibler-fettpressenschlauch-hochdruck-6-000-psi-rot-blaue-verlaengerung\/","og_site_name":"Victory Tech.","article_publisher":"https:\/\/www.facebook.com\/aokeautoparts","og_image":[{"width":1000,"height":1000,"url":"https:\/\/airbrakehose.com\/wp-content\/uploads\/2025\/12\/IMG_0864.jpg","type":"image\/jpeg"}],"twitter_card":"summary_large_image","twitter_misc":{"Gesch\u00e4tzte Lesezeit":"3\u00a0Minuten"},"schema":{"@context":"https:\/\/schema.org","@graph":[{"@type":"WebPage","@id":"https:\/\/airbrakehose.com\/de\/produkt\/flexibler-fettpressenschlauch-hochdruck-6-000-psi-rot-blaue-verlaengerung\/","url":"https:\/\/airbrakehose.com\/de\/produkt\/flexibler-fettpressenschlauch-hochdruck-6-000-psi-rot-blaue-verlaengerung\/","name":"Flexibler Fettpressenschlauch (Rot\/Blau, 6000 PSI) | Victory Tech","isPartOf":{"@id":"https:\/\/airbrakehose.com\/de\/#website"},"primaryImageOfPage":{"@id":"https:\/\/airbrakehose.com\/de\/produkt\/flexibler-fettpressenschlauch-hochdruck-6-000-psi-rot-blaue-verlaengerung\/#primaryimage"},"image":{"@id":"https:\/\/airbrakehose.com\/de\/produkt\/flexibler-fettpressenschlauch-hochdruck-6-000-psi-rot-blaue-verlaengerung\/#primaryimage"},"thumbnailUrl":"https:\/\/airbrakehose.com\/wp-content\/uploads\/2025\/12\/IMG_0864.jpg","datePublished":"2025-12-10T05:47:13+00:00","description":"Hochwertige, flexible Hochdruck-Fettpressenschl\u00e4uche. Ausgelegt f\u00fcr 6000 PSI, geeignet f\u00fcr manuelle und akkubetriebene Fettpressen. Farbcodiert (Rot\/Blau) zur Vermeidung von Kreuzkontaminationen. Direkt vom Hersteller.","breadcrumb":{"@id":"https:\/\/airbrakehose.com\/de\/produkt\/flexibler-fettpressenschlauch-hochdruck-6-000-psi-rot-blaue-verlaengerung\/#breadcrumb"},"inLanguage":"de","potentialAction":[{"@type":"ReadAction","target":["https:\/\/airbrakehose.com\/de\/produkt\/flexibler-fettpressenschlauch-hochdruck-6-000-psi-rot-blaue-verlaengerung\/"]}]},{"@type":"ImageObject","inLanguage":"de","@id":"https:\/\/airbrakehose.com\/de\/produkt\/flexibler-fettpressenschlauch-hochdruck-6-000-psi-rot-blaue-verlaengerung\/#primaryimage","url":"https:\/\/airbrakehose.com\/wp-content\/uploads\/2025\/12\/IMG_0864.jpg","contentUrl":"https:\/\/airbrakehose.com\/wp-content\/uploads\/2025\/12\/IMG_0864.jpg","width":1000,"height":1000},{"@type":"BreadcrumbList","@id":"https:\/\/airbrakehose.com\/de\/produkt\/flexibler-fettpressenschlauch-hochdruck-6-000-psi-rot-blaue-verlaengerung\/#breadcrumb","itemListElement":[{"@type":"ListItem","position":1,"name":"\u9996\u9875","item":"https:\/\/airbrakehose.com\/de\/heim\/"},{"@type":"ListItem","position":2,"name":"Gesch\u00e4ft","item":"https:\/\/airbrakehose.com\/de\/geschaeft\/"},{"@type":"ListItem","position":3,"name":"Flexibler Fettpressenschlauch (Hochdruck 6.000 PSI) \u2013 Rot\/Blaue Verl\u00e4ngerung"}]},{"@type":"WebSite","@id":"https:\/\/airbrakehose.com\/de\/#website","url":"https:\/\/airbrakehose.com\/de\/","name":"Victory Technology","description":"Industrial Hose &amp; Air Brake Solutions","potentialAction":[{"@type":"SearchAction","target":{"@type":"EntryPoint","urlTemplate":"https:\/\/airbrakehose.com\/de\/?s={search_term_string}"},"query-input":{"@type":"PropertyValueSpecification","valueRequired":true,"valueName":"search_term_string"}}],"inLanguage":"de"}]}},"_links":{"self":[{"href":"https:\/\/airbrakehose.com\/de\/wp-json\/wp\/v2\/product\/5470","targetHints":{"allow":["GET"]}}],"collection":[{"href":"https:\/\/airbrakehose.com\/de\/wp-json\/wp\/v2\/product"}],"about":[{"href":"https:\/\/airbrakehose.com\/de\/wp-json\/wp\/v2\/types\/product"}],"wp:featuredmedia":[{"embeddable":true,"href":"https:\/\/airbrakehose.com\/de\/wp-json\/wp\/v2\/media\/3422"}],"wp:attachment":[{"href":"https:\/\/airbrakehose.com\/de\/wp-json\/wp\/v2\/media?parent=5470"}],"wp:term":[{"taxonomy":"product_brand","embeddable":true,"href":"https:\/\/airbrakehose.com\/de\/wp-json\/wp\/v2\/product_brand?post=5470"},{"taxonomy":"product_cat","embeddable":true,"href":"https:\/\/airbrakehose.com\/de\/wp-json\/wp\/v2\/product_cat?post=5470"},{"taxonomy":"product_tag","embeddable":true,"href":"https:\/\/airbrakehose.com\/de\/wp-json\/wp\/v2\/product_tag?post=5470"}],"curies":[{"name":"wp","href":"https:\/\/api.w.org\/{rel}","templated":true}]}}