{"id":5463,"date":"2025-12-10T05:41:24","date_gmt":"2025-12-10T05:41:24","guid":{"rendered":"https:\/\/airbrakehose.com\/product\/pneumatische-ausblaspistolen-serie-messing-legierung-abs-professionelle-druckluftreiniger\/"},"modified":"2025-12-10T05:41:24","modified_gmt":"2025-12-10T05:41:24","slug":"pneumatische-ausblaspistolen-serie-messing-legierung-abs-professionelle-druckluftreiniger","status":"publish","type":"product","link":"https:\/\/airbrakehose.com\/de\/produkt\/pneumatische-ausblaspistolen-serie-messing-legierung-abs-professionelle-druckluftreiniger\/","title":{"rendered":"Pneumatische Ausblaspistolen-Serie (Messing, Legierung, ABS) \u2013 Professionelle Druckluftreiniger"},"content":{"rendered":"<h3 data-path-to-node=\"7\">\ud83d\udccc Serien\u00fcbersicht<\/h3>\n<p data-path-to-node=\"8\"><b data-path-to-node=\"8\" data-index-in-node=\"0\">F\u00fcr jede Reinigungsaufgabe das richtige Werkzeug.<\/b><\/p>\n<p data-path-to-node=\"9\">Ob Sie nun grobe Metallsp\u00e4ne von einer CNC-Maschine abblasen oder empfindliche Motorensensoren schonend entstauben m\u00f6chten \u2013 die Air Blow Gun Serie von Victory Technology bietet das perfekte Werkzeug f\u00fcr die jeweilige Aufgabe.<\/p>\n<p data-path-to-node=\"10\">Unsere Serie wurde f\u00fcr professionelle Kfz-Werkst\u00e4tten, Lkw-Fuhrparks und industrielle Montagelinien entwickelt und bietet eine breite Palette an Geh\u00e4usematerialien \u2013 darunter massives Messing, Zinklegierung und hochschlagfestes ABS. Mit D\u00fcsenoptionen von Hochleistungs-Turbokegeln \u00fcber Pr\u00e4zisionsnadeln bis hin zu Langrohrd\u00fcsen liefern diese Werkzeuge einen kraftvollen, kontrollierten Luftstrom von bis zu 175 PSI (12 bar). <\/p>\n<hr data-path-to-node=\"11\">\n<h3 data-path-to-node=\"12\">\ud83d\udee0\ufe0f Verf\u00fcgbare Modelle (W\u00e4hlen Sie Ihr Werkzeug)<\/h3>\n<h4 data-path-to-node=\"13\"><b data-path-to-node=\"13\" data-index-in-node=\"0\">1. Hochleistungs-Turbo-Luftgebl\u00e4se aus Messing<\/b><\/h4>\n<ul data-path-to-node=\"14\">\n<li>\n<p data-path-to-node=\"14,0,0\">Ideal geeignet f\u00fcr: Die Entfernung von grobem Schmutz, Metallsp\u00e4nen und dickem Staub.<\/p>\n<\/li>\n<li>\n<p data-path-to-node=\"14,1,0\">Hauptmerkmal: Die Turbo-Aluminium-Kegeld\u00fcse verst\u00e4rkt den Luftstrom f\u00fcr maximale Strahlkraft.<\/p>\n<\/li>\n<li>\n<p data-path-to-node=\"14,2,0\">Konstruktion: Geh\u00e4use aus massivem Messing mit Korrosionsschutzbeschichtung und Stahlabzug.<\/p>\n<\/li>\n<\/ul>\n<h4 data-path-to-node=\"15\"><b data-path-to-node=\"15\" data-index-in-node=\"0\">2. Pistole mit Aluminiumgeh\u00e4use und Nadelaufsatz<\/b><\/h4>\n<ul data-path-to-node=\"16\">\n<li>\n<p data-path-to-node=\"16,0,0\">Ideal f\u00fcr: Pr\u00e4zise Reinigung an schwer zug\u00e4nglichen Stellen (Filter, kleine Hohlr\u00e4ume).<\/p>\n<\/li>\n<li>\n<p data-path-to-node=\"16,1,0\">Hauptmerkmal: Austauschbare Nadelspitze erm\u00f6glicht punktgenaue Pr\u00e4zision.<\/p>\n<\/li>\n<li>\n<p data-path-to-node=\"16,2,0\">Konstruktion: Robustes Geh\u00e4use aus Zinklegierung mit ergonomischem Abzugsmechanismus.<\/p>\n<\/li>\n<\/ul>\n<h4 data-path-to-node=\"17\"><b data-path-to-node=\"17\" data-index-in-node=\"0\">3. Druckluftpistole mit langem Griff und zwei Aufs\u00e4tzen<\/b><\/h4>\n<ul data-path-to-node=\"18\">\n<li>\n<p data-path-to-node=\"18,0,0\">Ideal f\u00fcr: LKW-Motoren, K\u00fchler und tiefe Maschinenspalten.1<\/p>\n<\/li>\n<li>\n<p data-path-to-node=\"18,1,0\">Hauptmerkmal: Das extra lange Stahlrohr sch\u00fctzt die H\u00e4nde vor hei\u00dfen oder beweglichen Teilen. Der in zwei Richtungen drehbare Kopf reinigt gr\u00f6\u00dfere Fl\u00e4chen. <\/p>\n<\/li>\n<li>\n<p data-path-to-node=\"18,2,0\">Konstruktion: Stahlrohr mit rutschfestem Gummigriff.<\/p>\n<\/li>\n<\/ul>\n<h4 data-path-to-node=\"19\"><b data-path-to-node=\"19\" data-index-in-node=\"0\">4. Pr\u00e4zisions-Luftgewehr (lange Edelstahld\u00fcse)<\/b><\/h4>\n<ul data-path-to-node=\"20\">\n<li>\n<p data-path-to-node=\"20,0,0\">Ideal f\u00fcr: Elektronik, Montagelinien und gezielte mechanische Reinigung.<\/p>\n<\/li>\n<li>\n<p data-path-to-node=\"20,1,0\">Hauptmerkmal: Langes Edelstahlrohr sorgt f\u00fcr Reichweite bei gleichzeitig hoher Stabilit\u00e4t (kein Verbiegen).<\/p>\n<\/li>\n<li>\n<p data-path-to-node=\"20,2,0\">Konstruktion: Ergonomischer Pistolengriff f\u00fcr pr\u00e4zise Kontrolle.<\/p>\n<\/li>\n<\/ul>\n<h4 data-path-to-node=\"21\"><b data-path-to-node=\"21\" data-index-in-node=\"0\">5. Industrielle Ausblaspistole mit flexibler D\u00fcse<\/b><\/h4>\n<ul data-path-to-node=\"22\">\n<li>\n<p data-path-to-node=\"22,0,0\">Ideal f\u00fcr: Allgemeine Werkstattreinigung und schwer zug\u00e4ngliche Stellen.<\/p>\n<\/li>\n<li>\n<p data-path-to-node=\"22,1,0\">Hauptmerkmal: Die flexible Gummid\u00fcse l\u00e4sst sich biegen, um auch um Ecken zu gelangen, ohne Oberfl\u00e4chen zu zerkratzen.<\/p>\n<\/li>\n<li>\n<p data-path-to-node=\"22,2,0\">Konstruktion: Hebelk\u00f6rper aus Stahl mit integriertem Haken zum einfachen Aufh\u00e4ngen.<\/p>\n<\/li>\n<\/ul>\n<h4 data-path-to-node=\"23\"><b data-path-to-node=\"23\" data-index-in-node=\"0\">6. Hochleistungs-Luftpistole aus ABS (Leichtgewicht)<\/b><\/h4>\n<ul data-path-to-node=\"24\">\n<li>\n<p data-path-to-node=\"24,0,0\">Ideal f\u00fcr: Allgemeines Abstauben und l\u00e4ngere Nutzung (reduziert die Erm\u00fcdung der H\u00e4nde).<\/p>\n<\/li>\n<li>\n<p data-path-to-node=\"24,1,0\">Hauptmerkmal: Leichtes Design aus hochfestem ABS-Kunststoff.<\/p>\n<\/li>\n<li>\n<p data-path-to-node=\"24,2,0\">Konstruktion: Abgewinkelte Edelstahld\u00fcse mit sto\u00dffestem Geh\u00e4use.<\/p>\n<\/li>\n<\/ul>\n<hr data-path-to-node=\"25\">\n<h3 data-path-to-node=\"26\">\ud83d\udd38 Technische Daten (Serien\u00fcbersicht)<\/h3>\n<p data-path-to-node=\"27\"><i data-path-to-node=\"27\" data-index-in-node=\"0\">Entwickelt f\u00fcr Standard-Werkstattluftsysteme.<\/i><\/p>\n<table data-path-to-node=\"28\">\n<thead>\n<tr>\n<td>Spezifikation<\/td>\n<td>Wert<\/td>\n<\/tr>\n<\/thead>\n<tbody>\n<tr>\n<td>Betriebsdruck<\/td>\n<td>0\u201312 bar (0\u2013175 PSI Max)<\/td>\n<\/tr>\n<tr>\n<td>Anschlussgewinde<\/td>\n<td>1\/4&#8243; NPT oder 1\/4&#8243; BSP (w\u00e4hlbar)<\/td>\n<\/tr>\n<tr>\n<td>Temperaturbereich<\/td>\n<td>-20 \u00b0C bis +60 \u00b0C (-4 \u00b0F bis +140 \u00b0F)<\/td>\n<\/tr>\n<tr>\n<td>Luftverbrauch<\/td>\n<td>150\u2013300 l\/min (abh\u00e4ngig von der D\u00fcse)<\/td>\n<\/tr>\n<tr>\n<td>Geh\u00e4usematerialien<\/td>\n<td>Messing, Zinklegierung, Edelstahl, ABS<\/td>\n<\/tr>\n<tr>\n<td>D\u00fcsenarten<\/td>\n<td>Turbo, Nadel, Langstiel, Flexibel, Standard<\/td>\n<\/tr>\n<\/tbody>\n<\/table>\n<hr data-path-to-node=\"29\">\n<h3 data-path-to-node=\"30\">\ud83d\udd39 Anwendungen<\/h3>\n<ul data-path-to-node=\"31\">\n<li>\n<p data-path-to-node=\"31,0,0\">PKW &amp; LKW: Motorraumreinigung, Bremsstaubentfernung, K\u00fchlerausblasen.2<\/p>\n<\/li>\n<li>\n<p data-path-to-node=\"31,1,0\">Zerspanung: Entfernen von Sp\u00e4nen und K\u00fchlmittel von CNC-Maschinen.<\/p>\n<\/li>\n<li>\n<p data-path-to-node=\"31,2,0\"><b data-path-to-node=\"31,2,0\" data-index-in-node=\"0\">Industrial Maintenance:<\/b> Cleaning conveyor belts, motors, and electrical cabinets.<\/p>\n<\/li>\n<li>\n<p data-path-to-node=\"31,3,0\">Detailreinigung: Staub aus den L\u00fcftungsschlitzen und dem Innenraum des Fahrzeugs blasen.<\/p>\n<\/li>\n<\/ul>\n<hr data-path-to-node=\"32\">\n<h3 data-path-to-node=\"33\">\ud83d\ude80 Jetzt ein Angebot ab Werk anfordern<\/h3>\n<p>Bereit, Ihre Regale zu f\u00fcllen? Wir bieten Kartons mit gemischten Modellen und OEM-Branding an. <\/p>\n<p>F\u00fcllen Sie das untenstehende Formular aus, um unseren aktuellen Katalog und unsere Gro\u00dfhandelspreisliste zu erhalten.<\/p>\n<p data-path-to-node=\"35\"><code data-path-to-node=\"35\" data-index-in-node=\"0\"><div class=\"wpforms-container \" id=\"wpforms-2617\"><form id=\"wpforms-form-2617\" class=\"wpforms-validate wpforms-form wpforms-ajax-form\" data-formid=\"2617\" method=\"post\" enctype=\"multipart\/form-data\" action=\"\/de\/wp-json\/wp\/v2\/product\/5463\" data-token=\"c8c1d7266d4073c05a7b41d606b14760\" data-token-time=\"1776432545\"><noscript class=\"wpforms-error-noscript\">Bitte aktiviere JavaScript in deinem Browser, um dieses Formular fertigzustellen.<\/noscript><div class=\"wpforms-field-container\"><div id=\"wpforms-2617-field_1-container\" class=\"wpforms-field wpforms-field-name\" data-field-id=\"1\"><label class=\"wpforms-field-label\" for=\"wpforms-2617-field_1\">Name <span class=\"wpforms-required-label\">*<\/span><\/label><input type=\"text\" id=\"wpforms-2617-field_1\" class=\"wpforms-field-large wpforms-field-required\" name=\"wpforms[fields][1]\" required><\/div><div id=\"wpforms-2617-field_2-container\" class=\"wpforms-field wpforms-field-email\" data-field-id=\"2\"><label class=\"wpforms-field-label\" for=\"wpforms-2617-field_2\">E-Mail <span class=\"wpforms-required-label\">*<\/span><\/label><input type=\"email\" id=\"wpforms-2617-field_2\" class=\"wpforms-field-large wpforms-field-required\" name=\"wpforms[fields][2]\" spellcheck=\"false\" required><\/div><div id=\"wpforms-2617-field_4-container\" class=\"wpforms-field wpforms-field-text\" data-field-id=\"4\"><label class=\"wpforms-field-label\" for=\"wpforms-2617-field_4\">Tel<\/label><input type=\"text\" id=\"wpforms-2617-field_4\" class=\"wpforms-field-medium\" name=\"wpforms[fields][4]\" ><\/div><div id=\"wpforms-2617-field_3-container\" class=\"wpforms-field wpforms-field-textarea\" data-field-id=\"3\"><label class=\"wpforms-field-label\" for=\"wpforms-2617-field_3\"> Nachricht<\/label><textarea id=\"wpforms-2617-field_3\" class=\"wpforms-field-medium\" name=\"wpforms[fields][3]\" ><\/textarea><\/div><\/div><!-- .wpforms-field-container --><div class=\"wpforms-submit-container\" ><input type=\"hidden\" name=\"wpforms[id]\" value=\"2617\"><input type=\"hidden\" name=\"page_title\" value=\"\"><input type=\"hidden\" name=\"page_url\" value=\"https:\/\/airbrakehose.com\/de\/wp-json\/wp\/v2\/product\/5463\"><input type=\"hidden\" name=\"url_referer\" value=\"\"><button type=\"submit\" name=\"wpforms[submit]\" id=\"wpforms-submit-2617\" class=\"wpforms-submit\" data-alt-text=\"Wird gesendet...\" data-submit-text=\"Nachricht senden\" aria-live=\"assertive\" value=\"wpforms-submit\">Nachricht senden<\/button><img decoding=\"async\" src=\"https:\/\/airbrakehose.com\/wp-content\/plugins\/wpforms\/assets\/images\/submit-spin.svg\" class=\"wpforms-submit-spinner\" style=\"display: none;\" width=\"26\" height=\"26\" alt=\"Wird geladen\"><\/div><\/form><\/div>  <!-- .wpforms-container --><\/code><\/p>\n","protected":false},"excerpt":{"rendered":"<p data-path-to-node=\"39\"><b data-path-to-node=\"39\" data-index-in-node=\"0\">Professionelle pneumatische Ausblaspistolen.<\/b><\/p>\n<p data-path-to-node=\"40\">Ein komplettes Sortiment an Druckluftreinigern f\u00fcr Werkst\u00e4tten und Industrie.<\/p>\n<ul data-path-to-node=\"41\">\n<li>\n<p data-path-to-node=\"41,0,0\">Materialien: Messing, Zinklegierung, ABS und Stahl.<\/p>\n<\/li>\n<li>\n<p data-path-to-node=\"41,1,0\">D\u00fcsen: Turbo-, Nadel-, Langstrecken- und flexible Optionen.<\/p>\n<\/li>\n<li>\n<p data-path-to-node=\"41,2,0\">Druck: Ausgelegt f\u00fcr bis zu 175 PSI (12 Bar).<\/p>\n<\/li>\n<li>\n<p data-path-to-node=\"41,3,0\">Anschluss: Standard 1\/4&#8243; NPT\/BSP Einlass.<\/p>\n<\/li>\n<li>\n<p data-path-to-node=\"41,4,0\">Verwendung: Staubentfernung, Trocknung und Ger\u00e4tereinigung.<\/p>\n<\/li>\n<\/ul>\n<p data-path-to-node=\"42\"><b data-path-to-node=\"42\" data-index-in-node=\"0\">Auf Lager und versandbereit.<\/b><\/p>\n","protected":false},"featured_media":3415,"template":"","meta":{"_monsterinsights_skip_tracking":false,"_monsterinsights_sitenote_active":false,"_monsterinsights_sitenote_note":"","_monsterinsights_sitenote_category":0,"site-sidebar-layout":"default","site-content-layout":"","ast-site-content-layout":"default","site-content-style":"default","site-sidebar-style":"default","ast-global-header-display":"","ast-banner-title-visibility":"","ast-main-header-display":"","ast-hfb-above-header-display":"","ast-hfb-below-header-display":"","ast-hfb-mobile-header-display":"","site-post-title":"","ast-breadcrumbs-content":"","ast-featured-img":"","footer-sml-layout":"","ast-disable-related-posts":"","theme-transparent-header-meta":"default","adv-header-id-meta":"","stick-header-meta":"","header-above-stick-meta":"","header-main-stick-meta":"","header-below-stick-meta":"","astra-migrate-meta-layouts":"default","ast-page-background-enabled":"default","ast-page-background-meta":{"desktop":{"background-color":"","background-image":"","background-repeat":"repeat","background-position":"center center","background-size":"auto","background-attachment":"scroll","background-type":"","background-media":"","overlay-type":"","overlay-color":"","overlay-opacity":"","overlay-gradient":""},"tablet":{"background-color":"","background-image":"","background-repeat":"repeat","background-position":"center center","background-size":"auto","background-attachment":"scroll","background-type":"","background-media":"","overlay-type":"","overlay-color":"","overlay-opacity":"","overlay-gradient":""},"mobile":{"background-color":"","background-image":"","background-repeat":"repeat","background-position":"center center","background-size":"auto","background-attachment":"scroll","background-type":"","background-media":"","overlay-type":"","overlay-color":"","overlay-opacity":"","overlay-gradient":""}},"ast-content-background-meta":{"desktop":{"background-color":"var(--ast-global-color-5)","background-image":"","background-repeat":"repeat","background-position":"center center","background-size":"auto","background-attachment":"scroll","background-type":"","background-media":"","overlay-type":"","overlay-color":"","overlay-opacity":"","overlay-gradient":""},"tablet":{"background-color":"var(--ast-global-color-5)","background-image":"","background-repeat":"repeat","background-position":"center center","background-size":"auto","background-attachment":"scroll","background-type":"","background-media":"","overlay-type":"","overlay-color":"","overlay-opacity":"","overlay-gradient":""},"mobile":{"background-color":"var(--ast-global-color-5)","background-image":"","background-repeat":"repeat","background-position":"center center","background-size":"auto","background-attachment":"scroll","background-type":"","background-media":"","overlay-type":"","overlay-color":"","overlay-opacity":"","overlay-gradient":""}},"_joinchat":[]},"product_brand":[1193],"product_cat":[6211],"product_tag":[7073,7079,7078,7074,7075,7082,7071,7076,7083,7081,7084,7070,7080,7077,7087,7072,7085,6476,7086],"class_list":{"0":"post-5463","1":"product","2":"type-product","3":"status-publish","4":"has-post-thumbnail","6":"product_brand-victory-tech","7":"product_cat-druckluft-staubgeblase-und-pistolen","8":"product_tag-blasrohr-mit-langem-griff","9":"product_tag-druckluftpistole-2","10":"product_tag-druckluftpistole-aus-aluminium","11":"product_tag-flexible-duse-druckluftpistole","12":"product_tag-hochdruck-luftreinigungsgerat","13":"product_tag-hochleistungs-ausblaspistole-2","14":"product_tag-industrielle-druckluftpistole","15":"product_tag-lkw-werkstatt-luftblaspistole","16":"product_tag-luftgewehr-mit-groser-reichweite","17":"product_tag-luftkompressorpistole","18":"product_tag-messing-blaspistole","19":"product_tag-pneumatische-luftpistole","20":"product_tag-pneumatischer-staubwedel","21":"product_tag-prazisions-luftblaswerkzeug","22":"product_tag-staubpistole","23":"product_tag-turbo-ausblaspistole","24":"product_tag-turbo-luftduse","25":"product_tag-victory-technology","26":"product_tag-werkstatt-druckluftwerkzeug","27":"desktop-align-left","28":"tablet-align-left","29":"mobile-align-left","31":"first","32":"instock","33":"shipping-taxable","34":"product-type-simple"},"yoast_head":"<!-- This site is optimized with the Yoast SEO Premium plugin v26.4 (Yoast SEO v27.0) - https:\/\/yoast.com\/product\/yoast-seo-premium-wordpress\/ -->\n<title>Pneumatische Ausblaspistolen-Serie (Messing, Aluminium, ABS) | Victory Tech<\/title>\n<meta name=\"description\" content=\"Entdecken Sie die komplette Serie der Druckluft-Ausblaspistolen. Inklusive robuster Messing-, Langhub-, Turbo- und leichter ABS-Modelle. Maximaler Druck: 175 PSI. Direkt vom Hersteller.\" \/>\n<meta name=\"robots\" content=\"index, follow, max-snippet:-1, max-image-preview:large, max-video-preview:-1\" \/>\n<link rel=\"canonical\" href=\"https:\/\/airbrakehose.com\/de\/produkt\/pneumatische-ausblaspistolen-serie-messing-legierung-abs-professionelle-druckluftreiniger\/\" \/>\n<meta property=\"og:locale\" content=\"de_DE\" \/>\n<meta property=\"og:type\" content=\"article\" \/>\n<meta property=\"og:title\" content=\"Pneumatische Ausblaspistolen-Serie (Messing, Legierung, ABS) \u2013 Professionelle Druckluftreiniger\" \/>\n<meta property=\"og:description\" content=\"Entdecken Sie die komplette Serie der Druckluft-Ausblaspistolen. Inklusive robuster Messing-, Langhub-, Turbo- und leichter ABS-Modelle. Maximaler Druck: 175 PSI. Direkt vom Hersteller.\" \/>\n<meta property=\"og:url\" content=\"https:\/\/airbrakehose.com\/de\/produkt\/pneumatische-ausblaspistolen-serie-messing-legierung-abs-professionelle-druckluftreiniger\/\" \/>\n<meta property=\"og:site_name\" content=\"Victory Tech.\" \/>\n<meta property=\"article:publisher\" content=\"https:\/\/www.facebook.com\/aokeautoparts\" \/>\n<meta property=\"og:image\" content=\"https:\/\/airbrakehose.com\/wp-content\/uploads\/2025\/12\/IMG_0849.jpg\" \/>\n\t<meta property=\"og:image:width\" content=\"1000\" \/>\n\t<meta property=\"og:image:height\" content=\"1000\" \/>\n\t<meta property=\"og:image:type\" content=\"image\/jpeg\" \/>\n<meta name=\"twitter:card\" content=\"summary_large_image\" \/>\n<meta name=\"twitter:label1\" content=\"Gesch\u00e4tzte Lesezeit\" \/>\n\t<meta name=\"twitter:data1\" content=\"2\u00a0Minuten\" \/>\n<script type=\"application\/ld+json\" class=\"yoast-schema-graph\">{\"@context\":\"https:\/\/schema.org\",\"@graph\":[{\"@type\":\"WebPage\",\"@id\":\"https:\/\/airbrakehose.com\/de\/produkt\/pneumatische-ausblaspistolen-serie-messing-legierung-abs-professionelle-druckluftreiniger\/\",\"url\":\"https:\/\/airbrakehose.com\/de\/produkt\/pneumatische-ausblaspistolen-serie-messing-legierung-abs-professionelle-druckluftreiniger\/\",\"name\":\"Pneumatische Ausblaspistolen-Serie (Messing, Aluminium, ABS) | Victory Tech\",\"isPartOf\":{\"@id\":\"https:\/\/airbrakehose.com\/de\/#website\"},\"primaryImageOfPage\":{\"@id\":\"https:\/\/airbrakehose.com\/de\/produkt\/pneumatische-ausblaspistolen-serie-messing-legierung-abs-professionelle-druckluftreiniger\/#primaryimage\"},\"image\":{\"@id\":\"https:\/\/airbrakehose.com\/de\/produkt\/pneumatische-ausblaspistolen-serie-messing-legierung-abs-professionelle-druckluftreiniger\/#primaryimage\"},\"thumbnailUrl\":\"https:\/\/airbrakehose.com\/wp-content\/uploads\/2025\/12\/IMG_0849.jpg\",\"datePublished\":\"2025-12-10T05:41:24+00:00\",\"description\":\"Entdecken Sie die komplette Serie der Druckluft-Ausblaspistolen. Inklusive robuster Messing-, Langhub-, Turbo- und leichter ABS-Modelle. Maximaler Druck: 175 PSI. Direkt vom Hersteller.\",\"breadcrumb\":{\"@id\":\"https:\/\/airbrakehose.com\/de\/produkt\/pneumatische-ausblaspistolen-serie-messing-legierung-abs-professionelle-druckluftreiniger\/#breadcrumb\"},\"inLanguage\":\"de\",\"potentialAction\":[{\"@type\":\"ReadAction\",\"target\":[\"https:\/\/airbrakehose.com\/de\/produkt\/pneumatische-ausblaspistolen-serie-messing-legierung-abs-professionelle-druckluftreiniger\/\"]}]},{\"@type\":\"ImageObject\",\"inLanguage\":\"de\",\"@id\":\"https:\/\/airbrakehose.com\/de\/produkt\/pneumatische-ausblaspistolen-serie-messing-legierung-abs-professionelle-druckluftreiniger\/#primaryimage\",\"url\":\"https:\/\/airbrakehose.com\/wp-content\/uploads\/2025\/12\/IMG_0849.jpg\",\"contentUrl\":\"https:\/\/airbrakehose.com\/wp-content\/uploads\/2025\/12\/IMG_0849.jpg\",\"width\":1000,\"height\":1000},{\"@type\":\"BreadcrumbList\",\"@id\":\"https:\/\/airbrakehose.com\/de\/produkt\/pneumatische-ausblaspistolen-serie-messing-legierung-abs-professionelle-druckluftreiniger\/#breadcrumb\",\"itemListElement\":[{\"@type\":\"ListItem\",\"position\":1,\"name\":\"\u9996\u9875\",\"item\":\"https:\/\/airbrakehose.com\/de\/heim\/\"},{\"@type\":\"ListItem\",\"position\":2,\"name\":\"Gesch\u00e4ft\",\"item\":\"https:\/\/airbrakehose.com\/de\/geschaeft\/\"},{\"@type\":\"ListItem\",\"position\":3,\"name\":\"Pneumatische Ausblaspistolen-Serie (Messing, Legierung, ABS) \u2013 Professionelle Druckluftreiniger\"}]},{\"@type\":\"WebSite\",\"@id\":\"https:\/\/airbrakehose.com\/de\/#website\",\"url\":\"https:\/\/airbrakehose.com\/de\/\",\"name\":\"Victory Technology\",\"description\":\"Industrial Hose &amp; Air Brake Solutions\",\"potentialAction\":[{\"@type\":\"SearchAction\",\"target\":{\"@type\":\"EntryPoint\",\"urlTemplate\":\"https:\/\/airbrakehose.com\/de\/?s={search_term_string}\"},\"query-input\":{\"@type\":\"PropertyValueSpecification\",\"valueRequired\":true,\"valueName\":\"search_term_string\"}}],\"inLanguage\":\"de\"}]}<\/script>\n<!-- \/ Yoast SEO Premium plugin. -->","yoast_head_json":{"title":"Pneumatische Ausblaspistolen-Serie (Messing, Aluminium, ABS) | Victory Tech","description":"Entdecken Sie die komplette Serie der Druckluft-Ausblaspistolen. Inklusive robuster Messing-, Langhub-, Turbo- und leichter ABS-Modelle. Maximaler Druck: 175 PSI. Direkt vom Hersteller.","robots":{"index":"index","follow":"follow","max-snippet":"max-snippet:-1","max-image-preview":"max-image-preview:large","max-video-preview":"max-video-preview:-1"},"canonical":"https:\/\/airbrakehose.com\/de\/produkt\/pneumatische-ausblaspistolen-serie-messing-legierung-abs-professionelle-druckluftreiniger\/","og_locale":"de_DE","og_type":"article","og_title":"Pneumatische Ausblaspistolen-Serie (Messing, Legierung, ABS) \u2013 Professionelle Druckluftreiniger","og_description":"Entdecken Sie die komplette Serie der Druckluft-Ausblaspistolen. Inklusive robuster Messing-, Langhub-, Turbo- und leichter ABS-Modelle. Maximaler Druck: 175 PSI. Direkt vom Hersteller.","og_url":"https:\/\/airbrakehose.com\/de\/produkt\/pneumatische-ausblaspistolen-serie-messing-legierung-abs-professionelle-druckluftreiniger\/","og_site_name":"Victory Tech.","article_publisher":"https:\/\/www.facebook.com\/aokeautoparts","og_image":[{"width":1000,"height":1000,"url":"https:\/\/airbrakehose.com\/wp-content\/uploads\/2025\/12\/IMG_0849.jpg","type":"image\/jpeg"}],"twitter_card":"summary_large_image","twitter_misc":{"Gesch\u00e4tzte Lesezeit":"2\u00a0Minuten"},"schema":{"@context":"https:\/\/schema.org","@graph":[{"@type":"WebPage","@id":"https:\/\/airbrakehose.com\/de\/produkt\/pneumatische-ausblaspistolen-serie-messing-legierung-abs-professionelle-druckluftreiniger\/","url":"https:\/\/airbrakehose.com\/de\/produkt\/pneumatische-ausblaspistolen-serie-messing-legierung-abs-professionelle-druckluftreiniger\/","name":"Pneumatische Ausblaspistolen-Serie (Messing, Aluminium, ABS) | Victory Tech","isPartOf":{"@id":"https:\/\/airbrakehose.com\/de\/#website"},"primaryImageOfPage":{"@id":"https:\/\/airbrakehose.com\/de\/produkt\/pneumatische-ausblaspistolen-serie-messing-legierung-abs-professionelle-druckluftreiniger\/#primaryimage"},"image":{"@id":"https:\/\/airbrakehose.com\/de\/produkt\/pneumatische-ausblaspistolen-serie-messing-legierung-abs-professionelle-druckluftreiniger\/#primaryimage"},"thumbnailUrl":"https:\/\/airbrakehose.com\/wp-content\/uploads\/2025\/12\/IMG_0849.jpg","datePublished":"2025-12-10T05:41:24+00:00","description":"Entdecken Sie die komplette Serie der Druckluft-Ausblaspistolen. Inklusive robuster Messing-, Langhub-, Turbo- und leichter ABS-Modelle. Maximaler Druck: 175 PSI. Direkt vom Hersteller.","breadcrumb":{"@id":"https:\/\/airbrakehose.com\/de\/produkt\/pneumatische-ausblaspistolen-serie-messing-legierung-abs-professionelle-druckluftreiniger\/#breadcrumb"},"inLanguage":"de","potentialAction":[{"@type":"ReadAction","target":["https:\/\/airbrakehose.com\/de\/produkt\/pneumatische-ausblaspistolen-serie-messing-legierung-abs-professionelle-druckluftreiniger\/"]}]},{"@type":"ImageObject","inLanguage":"de","@id":"https:\/\/airbrakehose.com\/de\/produkt\/pneumatische-ausblaspistolen-serie-messing-legierung-abs-professionelle-druckluftreiniger\/#primaryimage","url":"https:\/\/airbrakehose.com\/wp-content\/uploads\/2025\/12\/IMG_0849.jpg","contentUrl":"https:\/\/airbrakehose.com\/wp-content\/uploads\/2025\/12\/IMG_0849.jpg","width":1000,"height":1000},{"@type":"BreadcrumbList","@id":"https:\/\/airbrakehose.com\/de\/produkt\/pneumatische-ausblaspistolen-serie-messing-legierung-abs-professionelle-druckluftreiniger\/#breadcrumb","itemListElement":[{"@type":"ListItem","position":1,"name":"\u9996\u9875","item":"https:\/\/airbrakehose.com\/de\/heim\/"},{"@type":"ListItem","position":2,"name":"Gesch\u00e4ft","item":"https:\/\/airbrakehose.com\/de\/geschaeft\/"},{"@type":"ListItem","position":3,"name":"Pneumatische Ausblaspistolen-Serie (Messing, Legierung, ABS) \u2013 Professionelle Druckluftreiniger"}]},{"@type":"WebSite","@id":"https:\/\/airbrakehose.com\/de\/#website","url":"https:\/\/airbrakehose.com\/de\/","name":"Victory Technology","description":"Industrial Hose &amp; Air Brake Solutions","potentialAction":[{"@type":"SearchAction","target":{"@type":"EntryPoint","urlTemplate":"https:\/\/airbrakehose.com\/de\/?s={search_term_string}"},"query-input":{"@type":"PropertyValueSpecification","valueRequired":true,"valueName":"search_term_string"}}],"inLanguage":"de"}]}},"_links":{"self":[{"href":"https:\/\/airbrakehose.com\/de\/wp-json\/wp\/v2\/product\/5463","targetHints":{"allow":["GET"]}}],"collection":[{"href":"https:\/\/airbrakehose.com\/de\/wp-json\/wp\/v2\/product"}],"about":[{"href":"https:\/\/airbrakehose.com\/de\/wp-json\/wp\/v2\/types\/product"}],"wp:featuredmedia":[{"embeddable":true,"href":"https:\/\/airbrakehose.com\/de\/wp-json\/wp\/v2\/media\/3415"}],"wp:attachment":[{"href":"https:\/\/airbrakehose.com\/de\/wp-json\/wp\/v2\/media?parent=5463"}],"wp:term":[{"taxonomy":"product_brand","embeddable":true,"href":"https:\/\/airbrakehose.com\/de\/wp-json\/wp\/v2\/product_brand?post=5463"},{"taxonomy":"product_cat","embeddable":true,"href":"https:\/\/airbrakehose.com\/de\/wp-json\/wp\/v2\/product_cat?post=5463"},{"taxonomy":"product_tag","embeddable":true,"href":"https:\/\/airbrakehose.com\/de\/wp-json\/wp\/v2\/product_tag?post=5463"}],"curies":[{"name":"wp","href":"https:\/\/api.w.org\/{rel}","templated":true}]}}