{"id":5456,"date":"2025-12-10T05:13:55","date_gmt":"2025-12-10T05:13:55","guid":{"rendered":"https:\/\/airbrakehose.com\/product\/hochleistungs-druckluftpistolen-set-mit-9-m-rueckstossschlauch-lkw-werkstatt\/"},"modified":"2025-12-10T05:13:55","modified_gmt":"2025-12-10T05:13:55","slug":"hochleistungs-druckluftpistolen-set-mit-9-m-rueckstossschlauch-lkw-werkstatt","status":"publish","type":"product","link":"https:\/\/airbrakehose.com\/de\/produkt\/hochleistungs-druckluftpistolen-set-mit-9-m-rueckstossschlauch-lkw-werkstatt\/","title":{"rendered":"Hochleistungs-Druckluftpistolen-Set mit 9 m R\u00fccksto\u00dfschlauch (LKW &amp; Werkstatt)"},"content":{"rendered":"<h3 data-path-to-node=\"7\">\ud83d\udccc Produkt\u00fcbersicht<\/h3>\n<p data-path-to-node=\"8\"><b data-path-to-node=\"8\" data-index-in-node=\"0\">Die All-in-One-L\u00f6sung f\u00fcr Luftreinigung.<\/b><\/p>\n<p data-path-to-node=\"9\">Staub, Schmutz und verstopfte Filter k\u00f6nnen die Effizienz und den Komfort von Fahrzeugen beeintr\u00e4chtigen.1 Das pneumatische Druckluft-Ausblaspistolen-Set von Victory Technology bietet eine komplette, professionelle L\u00f6sung f\u00fcr die Reinigung und das Aufblasen von Reifen in Lkw, Bussen und Werkst\u00e4tten.<\/p>\n<p data-path-to-node=\"10\">Dieses in unserer Zhuji Aoke-Fabrik f\u00fcr Langlebigkeit entwickelte Set beinhaltet einen 9 Meter langen, roten R\u00fccksto\u00dfschlauch, der eine gro\u00dfe Reichweite bietet, um jede Ecke einer LKW-Kabine oder Werkbank zu reinigen. Zusammen mit einer robusten Ausblaspistole aus Metall und einem kompletten D\u00fcsensatz eignet es sich f\u00fcr alle Arbeiten, vom Ausblasen des Motorraums bis zum Aufpumpen von Reifen. <\/p>\n<ul data-path-to-node=\"11\">\n<li>\n<p data-path-to-node=\"11,0,0\">Zuverl\u00e4ssigkeit bei allen Wetterbedingungen: Dieses System wurde f\u00fcr den Stra\u00dfenverkehr entwickelt und arbeitet sowohl bei eisigen Wintertemperaturen (-25 \u00b0C) als auch bei hohen Motortemperaturen (+95 \u00b0C) einwandfrei.<\/p>\n<\/li>\n<\/ul>\n<hr data-path-to-node=\"12\">\n<h3 data-path-to-node=\"13\">\ud83d\udd39 Warum sollten Sie sich f\u00fcr das Victory Air Blow Kit entscheiden?<\/h3>\n<ul data-path-to-node=\"14\">\n<li>\u2705 Erweiterte Reichweite von 9 Metern:\n<p>Kein Bereich ist unerreichbar. Der hochelastische R\u00fcckholschlauch l\u00e4sst sich bis zu 9 Meter ausziehen, sodass Sie die R\u00fcckseite der Fahrerkabine oder Bereiche um Maschinen herum reinigen k\u00f6nnen, ohne die Druckluftquelle bewegen zu m\u00fcssen. Er zieht sich automatisch ein und sorgt so f\u00fcr einen aufger\u00e4umten Arbeitsbereich.  <\/li>\n<li>\u2705 Hochleistungs-Metallpistole:\n<p>Kunststoff bricht, Metall h\u00e4lt. Unsere Druckluftpistole verf\u00fcgt \u00fcber ein Geh\u00e4use aus Metallguss und einen Pr\u00e4zisionsabzug und bietet einen hohen Luftdurchsatz zum Entfernen hartn\u00e4ckiger Verschmutzungen. <\/li>\n<li>\u2705 Komplettes Zubeh\u00f6rset:\n<p>Mehr als nur eine Pistole. Das Set enth\u00e4lt eine Aufblasd\u00fcse f\u00fcr Reifen, eine Verl\u00e4ngerungsd\u00fcse f\u00fcr enge Stellen, Schnellkupplungen f\u00fcr eine schnelle Verbindung und sogar Teflonband, um eine leckagefreie Abdichtung zu gew\u00e4hrleisten. <\/li>\n<li>\u2705 Extreme Temperaturstabilit\u00e4t:\n<p>Konzipiert f\u00fcr extreme Umgebungsbedingungen. Das Schlauchmaterial bleibt flexibel und rissbest\u00e4ndig von -25 \u00b0C bis +95 \u00b0C und gew\u00e4hrleistet so Zuverl\u00e4ssigkeit, egal ob Sie sich in Alaska oder Arizona befinden. <\/li>\n<\/ul>\n<hr data-path-to-node=\"15\">\n<h3 data-path-to-node=\"16\">\ud83d\udd38 Technische Spezifikationen<\/h3>\n<p data-path-to-node=\"17\"><i data-path-to-node=\"17\" data-index-in-node=\"0\">Professionelles Druckluftwerkzeug.<\/i><\/p>\n<table data-path-to-node=\"18\">\n<thead>\n<tr>\n<td>Funktion<\/td>\n<td>Spezifikation<\/td>\n<\/tr>\n<\/thead>\n<tbody>\n<tr>\n<td>Schlauchl\u00e4nge<\/td>\n<td>9 Meter (29,5 Fu\u00df) ausgezogen<\/td>\n<\/tr>\n<tr>\n<td>Schlauchtyp<\/td>\n<td>Roter R\u00fcckholschlauch mit hoher Sichtbarkeit (PU\/PE)<\/td>\n<\/tr>\n<tr>\n<td>Waffenmaterial<\/td>\n<td>Hochleistungsf\u00e4hige Metalllegierung<\/td>\n<\/tr>\n<tr>\n<td>Temperaturbereich<\/td>\n<td>-25 \u00b0C bis +95 \u00b0C (-13 \u00b0F bis +203 \u00b0F)<\/td>\n<\/tr>\n<tr>\n<td>Betriebsdruck<\/td>\n<td>Standarddruck im Werkstatt-\/LKW-Drucksystem<\/td>\n<\/tr>\n<tr>\n<td>Verbindung<\/td>\n<td>Schnellkupplungssystem<\/td>\n<\/tr>\n<\/tbody>\n<\/table>\n<hr data-path-to-node=\"19\">\n<h3 data-path-to-node=\"20\">\ud83d\udd39 Lieferumfang (7-teiliges Set)<\/h3>\n<ul data-path-to-node=\"21\">\n<li>\n<p data-path-to-node=\"21,0,0\">1 \u00d7 9 Meter roter R\u00fccksto\u00df-Luftschlauch<\/p>\n<\/li>\n<li>\n<p data-path-to-node=\"21,1,0\">1 \u00d7 Metall-Luftgebl\u00e4se (Ergonomischer Griff)<\/p>\n<\/li>\n<li>\n<p data-path-to-node=\"21,2,0\">1 \u00d7 Schnellkupplung (weiblich)<\/p>\n<\/li>\n<li>\n<p data-path-to-node=\"21,3,0\">1 \u00d7 Luftstecker (m\u00e4nnlich)<\/p>\n<\/li>\n<li>\n<p data-path-to-node=\"21,4,0\">1 \u00d7 Aufblasd\u00fcse (f\u00fcr Reifen\/aufblasbare Artikel)<\/p>\n<\/li>\n<li>\n<p data-path-to-node=\"21,5,0\">1 \u00d7 Nadeld\u00fcse (f\u00fcr Sportb\u00e4lle)<\/p>\n<\/li>\n<li>\n<p data-path-to-node=\"21,6,0\">1 \u00d7 Verl\u00e4ngerungsrohr (f\u00fcr gr\u00f6\u00dfere Reichweiten)<\/p>\n<\/li>\n<li>\n<p data-path-to-node=\"21,7,0\">1 \u00d7 Teflon-Dichtungsband (Gratisgeschenk)<\/p>\n<\/li>\n<\/ul>\n<hr data-path-to-node=\"22\">\n<h3 data-path-to-node=\"23\">\ud83d\udd39 Anwendungen<\/h3>\n<ul data-path-to-node=\"24\">\n<li>\n<p data-path-to-node=\"24,0,0\">Reinigung von LKW-Fahrerh\u00e4usern: Anschluss an die Sitzluftzufuhr zum Ausblasen von Staub von Armaturenbrett und Fu\u00dfraum.<\/p>\n<\/li>\n<li>\n<p data-path-to-node=\"24,1,0\">Filterwartung: Luftfilter unterwegs reinigen.<\/p>\n<\/li>\n<li>\n<p data-path-to-node=\"24,2,0\">Workshops: Metallsp\u00e4ne oder S\u00e4gemehl von Werkb\u00e4nken wegblasen.<\/p>\n<\/li>\n<li>\n<p data-path-to-node=\"24,3,0\">Reifenaufpumpen: Schnelles Nachpumpen f\u00fcr Reifen oder Sportger\u00e4te.<\/p>\n<\/li>\n<\/ul>\n<hr data-path-to-node=\"25\">\n<h3 data-path-to-node=\"26\">\ud83d\ude80 Jetzt ein Angebot ab Werk anfordern<\/h3>\n<p>Bereit zu bestellen? Egal ob Sie einen einzelnen Karton oder einen 40-Fu\u00df-Container ben\u00f6tigen, wir sind f\u00fcr Sie da. <\/p>\n<p>F\u00fcllen Sie das untenstehende Formular aus, um unseren aktuellen Katalog und unsere Gro\u00dfhandelspreisliste zu erhalten.<\/p>\n<p data-path-to-node=\"28\"><code data-path-to-node=\"28\" data-index-in-node=\"0\"><div class=\"wpforms-container \" id=\"wpforms-2617\"><form id=\"wpforms-form-2617\" class=\"wpforms-validate wpforms-form wpforms-ajax-form\" data-formid=\"2617\" method=\"post\" enctype=\"multipart\/form-data\" action=\"\/de\/wp-json\/wp\/v2\/product\/5456\" data-token=\"c7b00f552c86cf2f050289f84562a23b\" data-token-time=\"1775944713\"><noscript class=\"wpforms-error-noscript\">Bitte aktiviere JavaScript in deinem Browser, um dieses Formular fertigzustellen.<\/noscript><div class=\"wpforms-field-container\"><div id=\"wpforms-2617-field_1-container\" class=\"wpforms-field wpforms-field-name\" data-field-id=\"1\"><label class=\"wpforms-field-label\" for=\"wpforms-2617-field_1\">Name <span class=\"wpforms-required-label\">*<\/span><\/label><input type=\"text\" id=\"wpforms-2617-field_1\" class=\"wpforms-field-large wpforms-field-required\" name=\"wpforms[fields][1]\" required><\/div><div id=\"wpforms-2617-field_2-container\" class=\"wpforms-field wpforms-field-email\" data-field-id=\"2\"><label class=\"wpforms-field-label\" for=\"wpforms-2617-field_2\">E-Mail <span class=\"wpforms-required-label\">*<\/span><\/label><input type=\"email\" id=\"wpforms-2617-field_2\" class=\"wpforms-field-large wpforms-field-required\" name=\"wpforms[fields][2]\" spellcheck=\"false\" required><\/div><div id=\"wpforms-2617-field_4-container\" class=\"wpforms-field wpforms-field-text\" data-field-id=\"4\"><label class=\"wpforms-field-label\" for=\"wpforms-2617-field_4\">Tel<\/label><input type=\"text\" id=\"wpforms-2617-field_4\" class=\"wpforms-field-medium\" name=\"wpforms[fields][4]\" ><\/div><div id=\"wpforms-2617-field_3-container\" class=\"wpforms-field wpforms-field-textarea\" data-field-id=\"3\"><label class=\"wpforms-field-label\" for=\"wpforms-2617-field_3\"> Nachricht<\/label><textarea id=\"wpforms-2617-field_3\" class=\"wpforms-field-medium\" name=\"wpforms[fields][3]\" ><\/textarea><\/div><\/div><!-- .wpforms-field-container --><div class=\"wpforms-submit-container\" ><input type=\"hidden\" name=\"wpforms[id]\" value=\"2617\"><input type=\"hidden\" name=\"page_title\" value=\"\"><input type=\"hidden\" name=\"page_url\" value=\"https:\/\/airbrakehose.com\/de\/wp-json\/wp\/v2\/product\/5456\"><input type=\"hidden\" name=\"url_referer\" value=\"\"><button type=\"submit\" name=\"wpforms[submit]\" id=\"wpforms-submit-2617\" class=\"wpforms-submit\" data-alt-text=\"Wird gesendet...\" data-submit-text=\"Nachricht senden\" aria-live=\"assertive\" value=\"wpforms-submit\">Nachricht senden<\/button><img decoding=\"async\" src=\"https:\/\/airbrakehose.com\/wp-content\/plugins\/wpforms\/assets\/images\/submit-spin.svg\" class=\"wpforms-submit-spinner\" style=\"display: none;\" width=\"26\" height=\"26\" alt=\"Wird geladen\"><\/div><\/form><\/div>  <!-- .wpforms-container --><\/code><\/p>\n","protected":false},"excerpt":{"rendered":"<p data-path-to-node=\"32\"><b data-path-to-node=\"32\" data-index-in-node=\"0\">Komplettes Set aus Druckluftpistole und Schlauch.<\/b><\/p>\n<p data-path-to-node=\"33\">Hochleistungs-Luftreinigungsset f\u00fcr Lkw und Werkst\u00e4tten.<\/p>\n<ul data-path-to-node=\"34\">\n<li>\n<p data-path-to-node=\"34,0,0\">Schlauch: 9-Meter-R\u00fccksto\u00dfschlauch (rot).<span class=\"button-container hide-from-message-actions ng-star-inserted\">   <button class=\"mat-mdc-tooltip-trigger button image-fade-on hide-from-message-actions\" aria-label=\"\u4e86\u89e3\u8be6\u60c5\" aria-controls=\"sources\" aria-expanded=\"false\"><\/button><\/span><\/p>\n<div class=\"container ng-tns-c2197363160-294 hide\">\n<div class=\"carousel-container ng-tns-c2197363160-294\">\n<div class=\"carousel-content ng-tns-c2197363160-294\">\n<div class=\"sources-carousel-source ng-tns-c2197363160-294 hide ng-star-inserted\" data-test-id=\"sources-carousel-source\"><\/div>\n<\/div>\n<\/div>\n<\/div>\n<\/li>\n<li>\n<p data-path-to-node=\"34,1,0\">Pistole: Robuste Hochleistungspistole mit Metallgeh\u00e4use.<\/p>\n<\/li>\n<li>\n<p data-path-to-node=\"34,2,0\">Extras: Aufblasd\u00fcsen, Verl\u00e4ngerungsd\u00fcse und Teflonband sind im Lieferumfang enthalten.<\/p>\n<\/li>\n<li>\n<p data-path-to-node=\"34,3,0\">Temperatur: Funktioniert von -25 \u00b0C bis +95 \u00b0C.<\/p>\n<\/li>\n<li>\n<p data-path-to-node=\"34,4,0\">Verwendung: Reinigung, Abstauben und Aufpumpen von Fahrerkabinen.<\/p>\n<\/li>\n<\/ul>\n<p data-path-to-node=\"35\"><b data-path-to-node=\"35\" data-index-in-node=\"0\">Auf Lager und versandbereit.<\/b><\/p>\n","protected":false},"featured_media":3411,"template":"","meta":{"_monsterinsights_skip_tracking":false,"_monsterinsights_sitenote_active":false,"_monsterinsights_sitenote_note":"","_monsterinsights_sitenote_category":0,"site-sidebar-layout":"default","site-content-layout":"","ast-site-content-layout":"default","site-content-style":"default","site-sidebar-style":"default","ast-global-header-display":"","ast-banner-title-visibility":"","ast-main-header-display":"","ast-hfb-above-header-display":"","ast-hfb-below-header-display":"","ast-hfb-mobile-header-display":"","site-post-title":"","ast-breadcrumbs-content":"","ast-featured-img":"","footer-sml-layout":"","ast-disable-related-posts":"","theme-transparent-header-meta":"default","adv-header-id-meta":"","stick-header-meta":"","header-above-stick-meta":"","header-main-stick-meta":"","header-below-stick-meta":"","astra-migrate-meta-layouts":"default","ast-page-background-enabled":"default","ast-page-background-meta":{"desktop":{"background-color":"","background-image":"","background-repeat":"repeat","background-position":"center center","background-size":"auto","background-attachment":"scroll","background-type":"","background-media":"","overlay-type":"","overlay-color":"","overlay-opacity":"","overlay-gradient":""},"tablet":{"background-color":"","background-image":"","background-repeat":"repeat","background-position":"center center","background-size":"auto","background-attachment":"scroll","background-type":"","background-media":"","overlay-type":"","overlay-color":"","overlay-opacity":"","overlay-gradient":""},"mobile":{"background-color":"","background-image":"","background-repeat":"repeat","background-position":"center center","background-size":"auto","background-attachment":"scroll","background-type":"","background-media":"","overlay-type":"","overlay-color":"","overlay-opacity":"","overlay-gradient":""}},"ast-content-background-meta":{"desktop":{"background-color":"var(--ast-global-color-5)","background-image":"","background-repeat":"repeat","background-position":"center center","background-size":"auto","background-attachment":"scroll","background-type":"","background-media":"","overlay-type":"","overlay-color":"","overlay-opacity":"","overlay-gradient":""},"tablet":{"background-color":"var(--ast-global-color-5)","background-image":"","background-repeat":"repeat","background-position":"center center","background-size":"auto","background-attachment":"scroll","background-type":"","background-media":"","overlay-type":"","overlay-color":"","overlay-opacity":"","overlay-gradient":""},"mobile":{"background-color":"var(--ast-global-color-5)","background-image":"","background-repeat":"repeat","background-position":"center center","background-size":"auto","background-attachment":"scroll","background-type":"","background-media":"","overlay-type":"","overlay-color":"","overlay-opacity":"","overlay-gradient":""}},"_joinchat":[]},"product_brand":[1193],"product_cat":[6211],"product_tag":[7018,7025,7007,7010,7021,7019,7029,7017,7005,7020,7028,7014,7023,7006,7012,7011,7016,7009,7022,7008,7027,7013,7024,6476,7026,7015],"class_list":{"0":"post-5456","1":"product","2":"type-product","3":"status-publish","4":"has-post-thumbnail","6":"product_brand-victory-tech","7":"product_cat-druckluft-staubgeblase-und-pistolen","8":"product_tag-9-m-langer-ruckstos-luftschlauch-mit-ausblaspistole-zur-lkw-reinigung","9":"product_tag-9-m-luftschlauch","10":"product_tag-9-meter-luftschlauch-set","11":"product_tag-auto-luftreinigungsgerat","12":"product_tag-blasrohr","13":"product_tag-druckluft-ausblaspistolen-set-fur-fahrzeugaufbereitung-und-werkstatt","14":"product_tag-druckluftpistole","15":"product_tag-druckluftpistole-aus-metall","16":"product_tag-druckluftpistolen-set","17":"product_tag-hochdruck-luftentstaubungsset-fur-industrielle-anwendungen","18":"product_tag-hochleistungs-ausblaspistole","19":"product_tag-hochleistungs-luftgeblase","20":"product_tag-lkw-kabinenstaubsauger","21":"product_tag-lkw-luftblaspistolen-set","22":"product_tag-lkw-werkstatt-druckluftwerkzeuge","23":"product_tag-luftkompressor-ausblaspistolen-set","24":"product_tag-luftschlauch-mit-schnellkupplung","25":"product_tag-luftschlauch-ausblaspistole","26":"product_tag-pneumatik-werkzeugsatz","27":"product_tag-pneumatische-staubreinigungspistole","28":"product_tag-reifenaufblasset","29":"product_tag-reinigungsset-fur-ruckstosluftschlauche","30":"product_tag-ruckstos-luftschlauch","31":"product_tag-victory-technology","32":"product_tag-werkstatt-luftgewehr","33":"product_tag-werkzeug-zur-entfernung-von-reifen-und-motorstaub","34":"desktop-align-left","35":"tablet-align-left","36":"mobile-align-left","38":"first","39":"instock","40":"featured","41":"shipping-taxable","42":"product-type-simple"},"yoast_head":"<!-- This site is optimized with the Yoast SEO Premium plugin v26.4 (Yoast SEO v27.0) - https:\/\/yoast.com\/product\/yoast-seo-premium-wordpress\/ -->\n<title>Pneumatisches Ausblaspistolen-Set (9-m-Schlauch) \u2013 LKW-Reinigung | Victory Tech<\/title>\n<meta name=\"description\" content=\"Hochwertige Druckluft-Ausblaspistolen-Sets f\u00fcr den professionellen Einsatz. Inklusive 9-Meter-Schlauch, Metallpistole und D\u00fcsenaufs\u00e4tzen. Ideal f\u00fcr die Reinigung von LKW-Fahrerkabinen und Werkst\u00e4tten. Direkt vom Hersteller.\" \/>\n<meta name=\"robots\" content=\"index, follow, max-snippet:-1, max-image-preview:large, max-video-preview:-1\" \/>\n<link rel=\"canonical\" href=\"https:\/\/airbrakehose.com\/de\/produkt\/hochleistungs-druckluftpistolen-set-mit-9-m-rueckstossschlauch-lkw-werkstatt\/\" \/>\n<meta property=\"og:locale\" content=\"de_DE\" \/>\n<meta property=\"og:type\" content=\"article\" \/>\n<meta property=\"og:title\" content=\"Hochleistungs-Druckluftpistolen-Set mit 9 m R\u00fccksto\u00dfschlauch (LKW &amp; Werkstatt)\" \/>\n<meta property=\"og:description\" content=\"Hochwertige Druckluft-Ausblaspistolen-Sets f\u00fcr den professionellen Einsatz. Inklusive 9-Meter-Schlauch, Metallpistole und D\u00fcsenaufs\u00e4tzen. Ideal f\u00fcr die Reinigung von LKW-Fahrerkabinen und Werkst\u00e4tten. Direkt vom Hersteller.\" \/>\n<meta property=\"og:url\" content=\"https:\/\/airbrakehose.com\/de\/produkt\/hochleistungs-druckluftpistolen-set-mit-9-m-rueckstossschlauch-lkw-werkstatt\/\" \/>\n<meta property=\"og:site_name\" content=\"Victory Tech.\" \/>\n<meta property=\"article:publisher\" content=\"https:\/\/www.facebook.com\/aokeautoparts\" \/>\n<meta property=\"og:image\" content=\"https:\/\/airbrakehose.com\/wp-content\/uploads\/2025\/12\/Multi-nozzle_high-pressure_blow_gun_kit_for_car_detailing_and_maintenance.webp\" \/>\n\t<meta property=\"og:image:width\" content=\"1000\" \/>\n\t<meta property=\"og:image:height\" content=\"1000\" \/>\n\t<meta property=\"og:image:type\" content=\"image\/webp\" \/>\n<meta name=\"twitter:card\" content=\"summary_large_image\" \/>\n<meta name=\"twitter:label1\" content=\"Gesch\u00e4tzte Lesezeit\" \/>\n\t<meta name=\"twitter:data1\" content=\"2\u00a0Minuten\" \/>\n<script type=\"application\/ld+json\" class=\"yoast-schema-graph\">{\"@context\":\"https:\/\/schema.org\",\"@graph\":[{\"@type\":\"WebPage\",\"@id\":\"https:\/\/airbrakehose.com\/de\/produkt\/hochleistungs-druckluftpistolen-set-mit-9-m-rueckstossschlauch-lkw-werkstatt\/\",\"url\":\"https:\/\/airbrakehose.com\/de\/produkt\/hochleistungs-druckluftpistolen-set-mit-9-m-rueckstossschlauch-lkw-werkstatt\/\",\"name\":\"Pneumatisches Ausblaspistolen-Set (9-m-Schlauch) \u2013 LKW-Reinigung | Victory Tech\",\"isPartOf\":{\"@id\":\"https:\/\/airbrakehose.com\/de\/#website\"},\"primaryImageOfPage\":{\"@id\":\"https:\/\/airbrakehose.com\/de\/produkt\/hochleistungs-druckluftpistolen-set-mit-9-m-rueckstossschlauch-lkw-werkstatt\/#primaryimage\"},\"image\":{\"@id\":\"https:\/\/airbrakehose.com\/de\/produkt\/hochleistungs-druckluftpistolen-set-mit-9-m-rueckstossschlauch-lkw-werkstatt\/#primaryimage\"},\"thumbnailUrl\":\"https:\/\/airbrakehose.com\/wp-content\/uploads\/2025\/12\/Multi-nozzle_high-pressure_blow_gun_kit_for_car_detailing_and_maintenance.webp\",\"datePublished\":\"2025-12-10T05:13:55+00:00\",\"description\":\"Hochwertige Druckluft-Ausblaspistolen-Sets f\u00fcr den professionellen Einsatz. Inklusive 9-Meter-Schlauch, Metallpistole und D\u00fcsenaufs\u00e4tzen. Ideal f\u00fcr die Reinigung von LKW-Fahrerkabinen und Werkst\u00e4tten. Direkt vom Hersteller.\",\"breadcrumb\":{\"@id\":\"https:\/\/airbrakehose.com\/de\/produkt\/hochleistungs-druckluftpistolen-set-mit-9-m-rueckstossschlauch-lkw-werkstatt\/#breadcrumb\"},\"inLanguage\":\"de\",\"potentialAction\":[{\"@type\":\"ReadAction\",\"target\":[\"https:\/\/airbrakehose.com\/de\/produkt\/hochleistungs-druckluftpistolen-set-mit-9-m-rueckstossschlauch-lkw-werkstatt\/\"]}]},{\"@type\":\"ImageObject\",\"inLanguage\":\"de\",\"@id\":\"https:\/\/airbrakehose.com\/de\/produkt\/hochleistungs-druckluftpistolen-set-mit-9-m-rueckstossschlauch-lkw-werkstatt\/#primaryimage\",\"url\":\"https:\/\/airbrakehose.com\/wp-content\/uploads\/2025\/12\/Multi-nozzle_high-pressure_blow_gun_kit_for_car_detailing_and_maintenance.webp\",\"contentUrl\":\"https:\/\/airbrakehose.com\/wp-content\/uploads\/2025\/12\/Multi-nozzle_high-pressure_blow_gun_kit_for_car_detailing_and_maintenance.webp\",\"width\":1000,\"height\":1000},{\"@type\":\"BreadcrumbList\",\"@id\":\"https:\/\/airbrakehose.com\/de\/produkt\/hochleistungs-druckluftpistolen-set-mit-9-m-rueckstossschlauch-lkw-werkstatt\/#breadcrumb\",\"itemListElement\":[{\"@type\":\"ListItem\",\"position\":1,\"name\":\"\u9996\u9875\",\"item\":\"https:\/\/airbrakehose.com\/de\/heim\/\"},{\"@type\":\"ListItem\",\"position\":2,\"name\":\"Gesch\u00e4ft\",\"item\":\"https:\/\/airbrakehose.com\/de\/geschaeft\/\"},{\"@type\":\"ListItem\",\"position\":3,\"name\":\"Hochleistungs-Druckluftpistolen-Set mit 9 m R\u00fccksto\u00dfschlauch (LKW &amp; Werkstatt)\"}]},{\"@type\":\"WebSite\",\"@id\":\"https:\/\/airbrakehose.com\/de\/#website\",\"url\":\"https:\/\/airbrakehose.com\/de\/\",\"name\":\"Victory Technology\",\"description\":\"Industrial Hose &amp; Air Brake Solutions\",\"potentialAction\":[{\"@type\":\"SearchAction\",\"target\":{\"@type\":\"EntryPoint\",\"urlTemplate\":\"https:\/\/airbrakehose.com\/de\/?s={search_term_string}\"},\"query-input\":{\"@type\":\"PropertyValueSpecification\",\"valueRequired\":true,\"valueName\":\"search_term_string\"}}],\"inLanguage\":\"de\"}]}<\/script>\n<!-- \/ Yoast SEO Premium plugin. -->","yoast_head_json":{"title":"Pneumatisches Ausblaspistolen-Set (9-m-Schlauch) \u2013 LKW-Reinigung | Victory Tech","description":"Hochwertige Druckluft-Ausblaspistolen-Sets f\u00fcr den professionellen Einsatz. Inklusive 9-Meter-Schlauch, Metallpistole und D\u00fcsenaufs\u00e4tzen. Ideal f\u00fcr die Reinigung von LKW-Fahrerkabinen und Werkst\u00e4tten. Direkt vom Hersteller.","robots":{"index":"index","follow":"follow","max-snippet":"max-snippet:-1","max-image-preview":"max-image-preview:large","max-video-preview":"max-video-preview:-1"},"canonical":"https:\/\/airbrakehose.com\/de\/produkt\/hochleistungs-druckluftpistolen-set-mit-9-m-rueckstossschlauch-lkw-werkstatt\/","og_locale":"de_DE","og_type":"article","og_title":"Hochleistungs-Druckluftpistolen-Set mit 9 m R\u00fccksto\u00dfschlauch (LKW &amp; Werkstatt)","og_description":"Hochwertige Druckluft-Ausblaspistolen-Sets f\u00fcr den professionellen Einsatz. Inklusive 9-Meter-Schlauch, Metallpistole und D\u00fcsenaufs\u00e4tzen. Ideal f\u00fcr die Reinigung von LKW-Fahrerkabinen und Werkst\u00e4tten. Direkt vom Hersteller.","og_url":"https:\/\/airbrakehose.com\/de\/produkt\/hochleistungs-druckluftpistolen-set-mit-9-m-rueckstossschlauch-lkw-werkstatt\/","og_site_name":"Victory Tech.","article_publisher":"https:\/\/www.facebook.com\/aokeautoparts","og_image":[{"width":1000,"height":1000,"url":"https:\/\/airbrakehose.com\/wp-content\/uploads\/2025\/12\/Multi-nozzle_high-pressure_blow_gun_kit_for_car_detailing_and_maintenance.webp","type":"image\/webp"}],"twitter_card":"summary_large_image","twitter_misc":{"Gesch\u00e4tzte Lesezeit":"2\u00a0Minuten"},"schema":{"@context":"https:\/\/schema.org","@graph":[{"@type":"WebPage","@id":"https:\/\/airbrakehose.com\/de\/produkt\/hochleistungs-druckluftpistolen-set-mit-9-m-rueckstossschlauch-lkw-werkstatt\/","url":"https:\/\/airbrakehose.com\/de\/produkt\/hochleistungs-druckluftpistolen-set-mit-9-m-rueckstossschlauch-lkw-werkstatt\/","name":"Pneumatisches Ausblaspistolen-Set (9-m-Schlauch) \u2013 LKW-Reinigung | Victory Tech","isPartOf":{"@id":"https:\/\/airbrakehose.com\/de\/#website"},"primaryImageOfPage":{"@id":"https:\/\/airbrakehose.com\/de\/produkt\/hochleistungs-druckluftpistolen-set-mit-9-m-rueckstossschlauch-lkw-werkstatt\/#primaryimage"},"image":{"@id":"https:\/\/airbrakehose.com\/de\/produkt\/hochleistungs-druckluftpistolen-set-mit-9-m-rueckstossschlauch-lkw-werkstatt\/#primaryimage"},"thumbnailUrl":"https:\/\/airbrakehose.com\/wp-content\/uploads\/2025\/12\/Multi-nozzle_high-pressure_blow_gun_kit_for_car_detailing_and_maintenance.webp","datePublished":"2025-12-10T05:13:55+00:00","description":"Hochwertige Druckluft-Ausblaspistolen-Sets f\u00fcr den professionellen Einsatz. Inklusive 9-Meter-Schlauch, Metallpistole und D\u00fcsenaufs\u00e4tzen. Ideal f\u00fcr die Reinigung von LKW-Fahrerkabinen und Werkst\u00e4tten. Direkt vom Hersteller.","breadcrumb":{"@id":"https:\/\/airbrakehose.com\/de\/produkt\/hochleistungs-druckluftpistolen-set-mit-9-m-rueckstossschlauch-lkw-werkstatt\/#breadcrumb"},"inLanguage":"de","potentialAction":[{"@type":"ReadAction","target":["https:\/\/airbrakehose.com\/de\/produkt\/hochleistungs-druckluftpistolen-set-mit-9-m-rueckstossschlauch-lkw-werkstatt\/"]}]},{"@type":"ImageObject","inLanguage":"de","@id":"https:\/\/airbrakehose.com\/de\/produkt\/hochleistungs-druckluftpistolen-set-mit-9-m-rueckstossschlauch-lkw-werkstatt\/#primaryimage","url":"https:\/\/airbrakehose.com\/wp-content\/uploads\/2025\/12\/Multi-nozzle_high-pressure_blow_gun_kit_for_car_detailing_and_maintenance.webp","contentUrl":"https:\/\/airbrakehose.com\/wp-content\/uploads\/2025\/12\/Multi-nozzle_high-pressure_blow_gun_kit_for_car_detailing_and_maintenance.webp","width":1000,"height":1000},{"@type":"BreadcrumbList","@id":"https:\/\/airbrakehose.com\/de\/produkt\/hochleistungs-druckluftpistolen-set-mit-9-m-rueckstossschlauch-lkw-werkstatt\/#breadcrumb","itemListElement":[{"@type":"ListItem","position":1,"name":"\u9996\u9875","item":"https:\/\/airbrakehose.com\/de\/heim\/"},{"@type":"ListItem","position":2,"name":"Gesch\u00e4ft","item":"https:\/\/airbrakehose.com\/de\/geschaeft\/"},{"@type":"ListItem","position":3,"name":"Hochleistungs-Druckluftpistolen-Set mit 9 m R\u00fccksto\u00dfschlauch (LKW &amp; Werkstatt)"}]},{"@type":"WebSite","@id":"https:\/\/airbrakehose.com\/de\/#website","url":"https:\/\/airbrakehose.com\/de\/","name":"Victory Technology","description":"Industrial Hose &amp; Air Brake Solutions","potentialAction":[{"@type":"SearchAction","target":{"@type":"EntryPoint","urlTemplate":"https:\/\/airbrakehose.com\/de\/?s={search_term_string}"},"query-input":{"@type":"PropertyValueSpecification","valueRequired":true,"valueName":"search_term_string"}}],"inLanguage":"de"}]}},"_links":{"self":[{"href":"https:\/\/airbrakehose.com\/de\/wp-json\/wp\/v2\/product\/5456","targetHints":{"allow":["GET"]}}],"collection":[{"href":"https:\/\/airbrakehose.com\/de\/wp-json\/wp\/v2\/product"}],"about":[{"href":"https:\/\/airbrakehose.com\/de\/wp-json\/wp\/v2\/types\/product"}],"wp:featuredmedia":[{"embeddable":true,"href":"https:\/\/airbrakehose.com\/de\/wp-json\/wp\/v2\/media\/3411"}],"wp:attachment":[{"href":"https:\/\/airbrakehose.com\/de\/wp-json\/wp\/v2\/media?parent=5456"}],"wp:term":[{"taxonomy":"product_brand","embeddable":true,"href":"https:\/\/airbrakehose.com\/de\/wp-json\/wp\/v2\/product_brand?post=5456"},{"taxonomy":"product_cat","embeddable":true,"href":"https:\/\/airbrakehose.com\/de\/wp-json\/wp\/v2\/product_cat?post=5456"},{"taxonomy":"product_tag","embeddable":true,"href":"https:\/\/airbrakehose.com\/de\/wp-json\/wp\/v2\/product_tag?post=5456"}],"curies":[{"name":"wp","href":"https:\/\/api.w.org\/{rel}","templated":true}]}}