{"id":5396,"date":"2025-12-09T03:29:14","date_gmt":"2025-12-09T03:29:14","guid":{"rendered":"https:\/\/airbrakehose.com\/product\/verbindungsstuecke-zubehoer-komplette-verbindungsloesungen-fuer-pneumatische-pneumatische-brems-und-industriesysteme\/"},"modified":"2025-12-09T03:29:14","modified_gmt":"2025-12-09T03:29:14","slug":"verbindungsstuecke-zubehoer-komplette-verbindungsloesungen-fuer-pneumatische-pneumatische-brems-und-industriesysteme","status":"publish","type":"product","link":"https:\/\/airbrakehose.com\/de\/produkt\/verbindungsstuecke-zubehoer-komplette-verbindungsloesungen-fuer-pneumatische-pneumatische-brems-und-industriesysteme\/","title":{"rendered":"VERBINDUNGSST\u00dcCKE &amp; ZUBEH\u00d6R \u2013 Komplette Verbindungsl\u00f6sungen f\u00fcr pneumatische, pneumatische Brems- und Industriesysteme"},"content":{"rendered":"<section class=\"fittings-master-category\">\n<p data-start=\"571\" data-end=\"791\">Aoke Auto Parts bietet ein komplettes Sortiment an pr\u00e4zisionsgefertigten pneumatischen Armaturen und Zubeh\u00f6r f\u00fcr Druckluftbremssysteme, Automatisierungsmaschinen, Druckluftwerkzeuge, Kompressoren, Lkw, Anh\u00e4nger und Industrieanlagen.<\/p>\n<p data-start=\"793\" data-end=\"813\">Unsere Armaturen gew\u00e4hrleisten:<\/p>\n<ul data-start=\"815\" data-end=\"1074\">\n<li data-start=\"815\" data-end=\"847\">\n<p data-start=\"817\" data-end=\"847\">\u2714 Auslaufsichere Schlauchverbindungen<\/p>\n<\/li>\n<li data-start=\"848\" data-end=\"879\">\n<p data-start=\"850\" data-end=\"879\">\u2714 Schnelle Push-in-Installation<\/p>\n<\/li>\n<li data-start=\"880\" data-end=\"911\">\n<p data-start=\"882\" data-end=\"911\">\u2714 Hohe Vibrationsfestigkeit<\/p>\n<\/li>\n<li data-start=\"912\" data-end=\"962\">\n<p data-start=\"914\" data-end=\"962\">\u2714 Kompatibilit\u00e4t mit PA-, PU- und PE-Schl\u00e4uchen<\/p>\n<\/li>\n<li data-start=\"963\" data-end=\"1028\">\n<p data-start=\"965\" data-end=\"1028\">\u2714 Unterst\u00fctzung f\u00fcr metrische, BSP-, NPT- und Zoll-Rohrnormen<\/p>\n<\/li>\n<li data-start=\"1029\" data-end=\"1074\">\n<p data-start=\"1031\" data-end=\"1074\">\u2714 Lange Lebensdauer auch unter rauen Umgebungsbedingungen<\/p>\n<\/li>\n<\/ul>\n<p data-start=\"1076\" data-end=\"1241\">Nachfolgend finden Sie die komplette Armaturenfamilie \u2013 \u00fcbersichtlich und \u00fcbersichtlich dargestellt. Jede Kategorie enth\u00e4lt detaillierte Seiten, Spezifikationen und technische Erl\u00e4uterungen. <\/p>\n<p data-start=\"1299\" data-end=\"1448\">\n<hr data-start=\"1450\" data-end=\"1453\">\n<h2 data-start=\"1455\" data-end=\"1485\"><strong data-start=\"1458\" data-end=\"1483\">1\ufe0f\u20e3 Gerade Fittings<\/strong><\/h2>\n<p data-start=\"1486\" data-end=\"1558\"><strong data-start=\"1486\" data-end=\"1558\">Au\u00dfengewinde gerade | Innengewinde gerade | Schottwand gerade | Verbindungsst\u00fcck gerade<\/strong><\/p>\n<p data-start=\"1560\" data-end=\"1598\">\ud83d\udd17 Link: \/fittings\/straight-fittings<\/p>\n<p data-start=\"1600\" data-end=\"1791\">\u2714 H\u00e4ufigste Anschlussart<br data-start=\"1633\" data-end=\"1636\">\u2714 Rohr-zu-Gewinde- oder Rohr-zu-Rohr-Verbindungen<br data-start=\"1680\" data-end=\"1683\">\u2714 Gro\u00dfes Gewindespektrum: Metrisch \/ BSP \/ NPT \/ Zoll<br data-start=\"1729\" data-end=\"1732\">\u2714 Ideal f\u00fcr Bremsleitungen, Verteiler, Zylinder und Ventile<\/p>\n<hr data-start=\"1793\" data-end=\"1796\">\n<h2 data-start=\"1798\" data-end=\"1825\"><strong data-start=\"1801\" data-end=\"1823\">2\ufe0f\u20e3 Winkelst\u00fccke<\/strong><\/h2>\n<p data-start=\"1826\" data-end=\"1895\"><strong data-start=\"1826\" data-end=\"1895\">Ellenbogengelenk f\u00fcr M\u00e4nner | Ellenbogengelenk f\u00fcr Frauen | Langes Ellenbogengelenk | Universal-\/Dreh-Ellbogengelenk<\/strong><\/p>\n<p data-start=\"1897\" data-end=\"1932\">\ud83d\udd17 Link: \/fittings\/elbow-fittings<\/p>\n<p data-start=\"1934\" data-end=\"2114\">\u2714 90\u00b0-Rohrf\u00fchrung f\u00fcr beengte Platzverh\u00e4ltnisse<br data-start=\"1964\" data-end=\"1967\">\u2714 Verhindert Rohrverbiegungen und -knicke<br data-start=\"2002\" data-end=\"2005\">\u2714 Erh\u00e4ltlich in Lang- und Schwenkausf\u00fchrung<br data-start=\"2048\" data-end=\"2051\">\u2714 \u200b\u200bIdeal f\u00fcr LKW-Fahrgestelle, Automatisierungsanlagen und Maschinenrahmen<\/p>\n<hr data-start=\"2116\" data-end=\"2119\">\n<h2 data-start=\"2121\" data-end=\"2146\"><strong data-start=\"2124\" data-end=\"2144\">3\ufe0f\u20e3 T-St\u00fccke<\/strong><\/h2>\n<p data-start=\"2147\" data-end=\"2198\"><strong data-start=\"2147\" data-end=\"2198\">T-St\u00fcck (Au\u00dfengewinde) | Abzweig-T-St\u00fcck | Verbindungs-T-St\u00fcck | Reduzier-T-St\u00fcck<\/strong><\/p>\n<p data-start=\"2200\" data-end=\"2233\">\ud83d\udd17 Link: \/fittings\/tee-fittings<\/p>\n<p data-start=\"2235\" data-end=\"2393\">\u2714 3-Wege-Luftverteilung<br data-start=\"2259\" data-end=\"2262\">\u2714 \u200b\u200bRohr-zu-Gewinde- oder Rohr-zu-Rohr-Verbindung<br data-start=\"2294\" data-end=\"2297\">\u2714 \u200b\u200bHohe Vibrationsfestigkeit<br data-start=\"2331\" data-end=\"2334\">\u2714 F\u00fcr Industrieverteiler, Anh\u00e4nger und Automatisierungsschaltungen<\/p>\n<hr data-start=\"2395\" data-end=\"2398\">\n<h2 data-start=\"2400\" data-end=\"2423\"><strong data-start=\"2403\" data-end=\"2421\">4\ufe0f\u20e3 Y-Fittings<\/strong><\/h2>\n<p data-start=\"2424\" data-end=\"2458\"><strong data-start=\"2424\" data-end=\"2458\">Verbindungsst\u00fcck Y | Abzweigst\u00fcck Y | Reduzierst\u00fcck Y<\/strong><\/p>\n<p data-start=\"2460\" data-end=\"2491\">\ud83d\udd17 Link: \/fittings\/y-fittings<\/p>\n<p data-start=\"2493\" data-end=\"2662\">\u2714 Geringerer Str\u00f6mungswiderstand als T-St\u00fccke<br data-start=\"2537\" data-end=\"2540\">\u2714 Gleichm\u00e4\u00dfige Richtungsteilung<br data-start=\"2570\" data-end=\"2573\">\u2714 Optimal f\u00fcr schnell reagierende pneumatische Systeme<br data-start=\"2613\" data-end=\"2616\">\u2714 Ideal f\u00fcr Robotik und Hochgeschwindigkeitsautomatisierung<\/p>\n<hr data-start=\"2664\" data-end=\"2667\">\n<h2 data-start=\"2669\" data-end=\"2699\"><strong data-start=\"2672\" data-end=\"2697\">5\ufe0f\u20e3 Schottverschraubungen<\/strong><\/h2>\n<p data-start=\"2700\" data-end=\"2755\"><strong data-start=\"2700\" data-end=\"2755\">Schott gerade | Schottbogen | Schottverbindung<\/strong><\/p>\n<p data-start=\"2757\" data-end=\"2795\">\ud83d\udd17 Link: \/fittings\/bulkhead-fittings<\/p>\n<p data-start=\"2797\" data-end=\"2958\">\u2714 Einbaufertiges Design<br data-start=\"2817\" data-end=\"2820\">\u2714 Sichere Kabelf\u00fchrung durch W\u00e4nde, Schr\u00e4nke und Rahmen<br data-start=\"2866\" data-end=\"2869\">\u2714 Vibrationsd\u00e4mpfendes Design mit Kontermutter<br data-start=\"2906\" data-end=\"2909\">\u2714 Ideal f\u00fcr Lkw, Kompressoren und Schaltschr\u00e4nke<\/p>\n<hr data-start=\"2960\" data-end=\"2963\">\n<h2 data-start=\"2965\" data-end=\"2999\"><strong data-start=\"2968\" data-end=\"2997\">6\ufe0f\u20e3 Ventile &amp; Durchflussregelung<\/strong><\/h2>\n<p data-start=\"3000\" data-end=\"3063\"><strong data-start=\"3000\" data-end=\"3063\">Handventile | R\u00fcckschlagventile | Durchflussregler (Drosselventile)<\/strong><\/p>\n<p data-start=\"3065\" data-end=\"3105\">\ud83d\udd17 Link: \/fittings\/valves-flow-control<\/p>\n<p data-start=\"3107\" data-end=\"3281\">\u2714 Regelt Luftrichtung, -druck und -geschwindigkeit<br data-start=\"3153\" data-end=\"3156\">\u2714 Verhindert R\u00fcckfluss in Druckluftbremskreisl\u00e4ufen<br data-start=\"3197\" data-end=\"3200\">\u2714 Steuert die Zylinderbewegung in Automatisierungsanlagen<br data-start=\"3240\" data-end=\"3243\">\u2714 Unerl\u00e4sslich f\u00fcr Sicherheit und Pr\u00e4zision<\/p>\n<hr data-start=\"3283\" data-end=\"3286\">\n<h2 data-start=\"3288\" data-end=\"3329\"><strong data-start=\"3291\" data-end=\"3327\">7\ufe0f\u20e3 Reduzierst\u00fccke &amp; Spezialfittings<\/strong><\/h2>\n<p data-start=\"3330\" data-end=\"3390\"><strong data-start=\"3330\" data-end=\"3390\">Reduzierst\u00fcck gerade | Reduzierst\u00fcck T-St\u00fcck\/Y-St\u00fcck | Mehrfachanschlussst\u00fccke<\/strong><\/p>\n<p data-start=\"3392\" data-end=\"3430\">\ud83d\udd17 Link: \/fittings\/reducer-specialty<\/p>\n<p data-start=\"3432\" data-end=\"3576\">\u2714 \u00dcberg\u00e4nge f\u00fcr verschiedene Schlauchgr\u00f6\u00dfen<br data-start=\"3463\" data-end=\"3466\">\u2714 OEM-Mehrfachanschlussadapter<br data-start=\"3491\" data-end=\"3494\">\u2714 Kompakte Luftstromf\u00fchrung<br data-start=\"3519\" data-end=\"3522\">\u2714 \u200b\u200bWeit verbreitet in industriellen und kundenspezifischen Installationen.<\/p>\n<hr data-start=\"3578\" data-end=\"3581\">\n<h2 data-start=\"3583\" data-end=\"3617\"><strong data-start=\"3586\" data-end=\"3615\">8\ufe0f\u20e3 Zoll Steckverbinder<\/strong><\/h2>\n<p data-start=\"3618\" data-end=\"3674\"><strong data-start=\"3618\" data-end=\"3674\">1\/4&#8243;, 5\/16&#8243;, 3\/8&#8243;, 1\/2&#8243;-Schl\u00e4uche | NPT\/BSP\/UNF-Gewinde<\/strong><\/p>\n<p data-start=\"3676\" data-end=\"3710\">\ud83d\udd17 Link: \/fittings\/inch-fittings<\/p>\n<p data-start=\"3712\" data-end=\"3888\">\u2714 Speziell f\u00fcr den US-amerikanischen und kanadischen Markt entwickelt<br data-start=\"3750\" data-end=\"3753\">\u2714 Ideal f\u00fcr DOT-Zusatzluftkreisl\u00e4ufe<br data-start=\"3793\" data-end=\"3796\">\u2714 Kompatibel mit amerikanischen Druckluftmaschinen<br data-start=\"3842\" data-end=\"3845\">\u2714 Kombinationen aus Zollrohr und NPT-Gewinde<\/p>\n<hr data-start=\"3890\" data-end=\"3893\">\n<h1 data-start=\"3895\" data-end=\"3928\">\u2b50 Warum sollten Sie sich f\u00fcr Aoke-Fittings entscheiden?<\/h1>\n<ul data-start=\"3930\" data-end=\"4262\">\n<li data-start=\"3930\" data-end=\"3976\">\n<p data-start=\"3932\" data-end=\"3976\">\u2714 Vollst\u00e4ndiger Gr\u00f6\u00dfenbereich: 4\u201316 mm &amp; 1\/4&#8243;\u20131\/2&#8243;<\/p>\n<\/li>\n<li data-start=\"3977\" data-end=\"4023\">\n<p data-start=\"3979\" data-end=\"4023\">\u2714 Hochwertige Abdichtung: O-Ringe aus NBR oder FKM<\/p>\n<\/li>\n<li data-start=\"4024\" data-end=\"4102\">\n<p data-start=\"4026\" data-end=\"4102\">\u2714 Robuste Materialien: vernickeltes Messing \/ PBT \/ PA \/ Edelstahl (optional)<\/p>\n<\/li>\n<li data-start=\"4103\" data-end=\"4161\">\n<p data-start=\"4105\" data-end=\"4161\">\u2714 Absolut dicht unter Vibrationen und Druck<\/p>\n<\/li>\n<li data-start=\"4162\" data-end=\"4218\">\n<p data-start=\"4164\" data-end=\"4218\">\u2714 Weitgehende Kompatibilit\u00e4t mit wichtigen globalen Standards<\/p>\n<\/li>\n<li data-start=\"4219\" data-end=\"4262\">\n<p data-start=\"4221\" data-end=\"4262\">\u2714 OEM- und kundenspezifische Fertigung m\u00f6glich<\/p>\n<\/li>\n<\/ul>\n<\/section>\n","protected":false},"excerpt":{"rendered":"<p>Aoke Auto Parts bietet ein umfassendes Sortiment an pneumatischen und Druckluftbremsverschraubungen f\u00fcr Lkw, Anh\u00e4nger, Industriemaschinen, Automatisierungssysteme und Druckluftleitungen. Unser Verschraubungssortiment umfasst gerade, Winkel-, T-, Y-, Schott-, Ventil- und Durchflussreglerverschraubungen sowie Reduzier-\/Spezial- und Zoll-Steckverschraubungen \u2013 entwickelt f\u00fcr leckagefreie Abdichtung, schnelle Montage und hohe Vibrationsfestigkeit mit PA-, PU- und PE-Schl\u00e4uchen. <\/p>\n","protected":false},"featured_media":3376,"template":"","meta":{"_monsterinsights_skip_tracking":false,"_monsterinsights_sitenote_active":false,"_monsterinsights_sitenote_note":"","_monsterinsights_sitenote_category":0,"site-sidebar-layout":"default","site-content-layout":"","ast-site-content-layout":"default","site-content-style":"default","site-sidebar-style":"default","ast-global-header-display":"","ast-banner-title-visibility":"","ast-main-header-display":"","ast-hfb-above-header-display":"","ast-hfb-below-header-display":"","ast-hfb-mobile-header-display":"","site-post-title":"","ast-breadcrumbs-content":"","ast-featured-img":"","footer-sml-layout":"","ast-disable-related-posts":"","theme-transparent-header-meta":"default","adv-header-id-meta":"","stick-header-meta":"","header-above-stick-meta":"","header-main-stick-meta":"","header-below-stick-meta":"","astra-migrate-meta-layouts":"default","ast-page-background-enabled":"default","ast-page-background-meta":{"desktop":{"background-color":"","background-image":"","background-repeat":"repeat","background-position":"center center","background-size":"auto","background-attachment":"scroll","background-type":"","background-media":"","overlay-type":"","overlay-color":"","overlay-opacity":"","overlay-gradient":""},"tablet":{"background-color":"","background-image":"","background-repeat":"repeat","background-position":"center center","background-size":"auto","background-attachment":"scroll","background-type":"","background-media":"","overlay-type":"","overlay-color":"","overlay-opacity":"","overlay-gradient":""},"mobile":{"background-color":"","background-image":"","background-repeat":"repeat","background-position":"center center","background-size":"auto","background-attachment":"scroll","background-type":"","background-media":"","overlay-type":"","overlay-color":"","overlay-opacity":"","overlay-gradient":""}},"ast-content-background-meta":{"desktop":{"background-color":"var(--ast-global-color-5)","background-image":"","background-repeat":"repeat","background-position":"center center","background-size":"auto","background-attachment":"scroll","background-type":"","background-media":"","overlay-type":"","overlay-color":"","overlay-opacity":"","overlay-gradient":""},"tablet":{"background-color":"var(--ast-global-color-5)","background-image":"","background-repeat":"repeat","background-position":"center center","background-size":"auto","background-attachment":"scroll","background-type":"","background-media":"","overlay-type":"","overlay-color":"","overlay-opacity":"","overlay-gradient":""},"mobile":{"background-color":"var(--ast-global-color-5)","background-image":"","background-repeat":"repeat","background-position":"center center","background-size":"auto","background-attachment":"scroll","background-type":"","background-media":"","overlay-type":"","overlay-color":"","overlay-opacity":"","overlay-gradient":""}},"_joinchat":[]},"product_brand":[],"product_cat":[6262,6686],"product_tag":[6846,6850,6852,6851,6848,6847,6849,6844,6845],"class_list":{"0":"post-5396","1":"product","2":"type-product","3":"status-publish","4":"has-post-thumbnail","6":"product_cat-pneumatikwerkzeuge-zubehor","7":"product_cat-pneumatische-steckverbinder-industrie","8":"product_tag-druckluftbremsanschlusse","9":"product_tag-industrie-pneumatikzubehor","10":"product_tag-luftanschlusse-fur-lkw-anhanger","11":"product_tag-luftverschraubungen-in-zoll-und-metrikgrose","12":"product_tag-npt-steckverbinder","13":"product_tag-pa-pu-rohrverschraubungen","14":"product_tag-pneumatikverbinder-aus-messing","15":"product_tag-pneumatikverschraubungen","16":"product_tag-steckverbinder-fur-druckluft","17":"desktop-align-left","18":"tablet-align-left","19":"mobile-align-left","21":"first","22":"instock","23":"featured","24":"shipping-taxable","25":"product-type-simple"},"yoast_head":"<!-- This site is optimized with the Yoast SEO Premium plugin v26.4 (Yoast SEO v27.0) - https:\/\/yoast.com\/product\/yoast-seo-premium-wordpress\/ -->\n<title>Armaturen &amp; Zubeh\u00f6r | Pneumatik- &amp; Druckluftbrems-Steckverbinder<\/title>\n<meta name=\"description\" content=\"Entdecken Sie unser komplettes Sortiment an pneumatischen Verschraubungen und Zubeh\u00f6r f\u00fcr Lkw, Anh\u00e4nger, Automatisierungs- und Industrieanlagen. Wir f\u00fchren gerade Rohre, Winkel, T-St\u00fccke, Y-St\u00fccke, Schottverschraubungen, Ventile, Reduzierst\u00fccke und Zollverschraubungen.\" \/>\n<meta name=\"robots\" content=\"index, follow, max-snippet:-1, max-image-preview:large, max-video-preview:-1\" \/>\n<link rel=\"canonical\" href=\"https:\/\/airbrakehose.com\/de\/produkt\/verbindungsstuecke-zubehoer-komplette-verbindungsloesungen-fuer-pneumatische-pneumatische-brems-und-industriesysteme\/\" \/>\n<meta property=\"og:locale\" content=\"de_DE\" \/>\n<meta property=\"og:type\" content=\"article\" \/>\n<meta property=\"og:title\" content=\"VERBINDUNGSST\u00dcCKE &amp; ZUBEH\u00d6R \u2013 Komplette Verbindungsl\u00f6sungen f\u00fcr pneumatische, pneumatische Brems- und Industriesysteme\" \/>\n<meta property=\"og:description\" content=\"Entdecken Sie unser komplettes Sortiment an pneumatischen Verschraubungen und Zubeh\u00f6r f\u00fcr Lkw, Anh\u00e4nger, Automatisierungs- und Industrieanlagen. Wir f\u00fchren gerade Rohre, Winkel, T-St\u00fccke, Y-St\u00fccke, Schottverschraubungen, Ventile, Reduzierst\u00fccke und Zollverschraubungen.\" \/>\n<meta property=\"og:url\" content=\"https:\/\/airbrakehose.com\/de\/produkt\/verbindungsstuecke-zubehoer-komplette-verbindungsloesungen-fuer-pneumatische-pneumatische-brems-und-industriesysteme\/\" \/>\n<meta property=\"og:site_name\" content=\"Victory Tech.\" \/>\n<meta property=\"article:publisher\" content=\"https:\/\/www.facebook.com\/aokeautoparts\" \/>\n<meta property=\"og:image\" content=\"https:\/\/airbrakehose.com\/wp-content\/uploads\/2025\/12\/Accessary-scaled.jpg\" \/>\n\t<meta property=\"og:image:width\" content=\"2560\" \/>\n\t<meta property=\"og:image:height\" content=\"1920\" \/>\n\t<meta property=\"og:image:type\" content=\"image\/jpeg\" \/>\n<meta name=\"twitter:card\" content=\"summary_large_image\" \/>\n<meta name=\"twitter:label1\" content=\"Gesch\u00e4tzte Lesezeit\" \/>\n\t<meta name=\"twitter:data1\" content=\"2\u00a0Minuten\" \/>\n<script type=\"application\/ld+json\" class=\"yoast-schema-graph\">{\"@context\":\"https:\/\/schema.org\",\"@graph\":[{\"@type\":\"WebPage\",\"@id\":\"https:\/\/airbrakehose.com\/de\/produkt\/verbindungsstuecke-zubehoer-komplette-verbindungsloesungen-fuer-pneumatische-pneumatische-brems-und-industriesysteme\/\",\"url\":\"https:\/\/airbrakehose.com\/de\/produkt\/verbindungsstuecke-zubehoer-komplette-verbindungsloesungen-fuer-pneumatische-pneumatische-brems-und-industriesysteme\/\",\"name\":\"Armaturen & Zubeh\u00f6r | Pneumatik- & Druckluftbrems-Steckverbinder\",\"isPartOf\":{\"@id\":\"https:\/\/airbrakehose.com\/de\/#website\"},\"primaryImageOfPage\":{\"@id\":\"https:\/\/airbrakehose.com\/de\/produkt\/verbindungsstuecke-zubehoer-komplette-verbindungsloesungen-fuer-pneumatische-pneumatische-brems-und-industriesysteme\/#primaryimage\"},\"image\":{\"@id\":\"https:\/\/airbrakehose.com\/de\/produkt\/verbindungsstuecke-zubehoer-komplette-verbindungsloesungen-fuer-pneumatische-pneumatische-brems-und-industriesysteme\/#primaryimage\"},\"thumbnailUrl\":\"https:\/\/airbrakehose.com\/wp-content\/uploads\/2025\/12\/Accessary-scaled.jpg\",\"datePublished\":\"2025-12-09T03:29:14+00:00\",\"description\":\"Entdecken Sie unser komplettes Sortiment an pneumatischen Verschraubungen und Zubeh\u00f6r f\u00fcr Lkw, Anh\u00e4nger, Automatisierungs- und Industrieanlagen. Wir f\u00fchren gerade Rohre, Winkel, T-St\u00fccke, Y-St\u00fccke, Schottverschraubungen, Ventile, Reduzierst\u00fccke und Zollverschraubungen.\",\"breadcrumb\":{\"@id\":\"https:\/\/airbrakehose.com\/de\/produkt\/verbindungsstuecke-zubehoer-komplette-verbindungsloesungen-fuer-pneumatische-pneumatische-brems-und-industriesysteme\/#breadcrumb\"},\"inLanguage\":\"de\",\"potentialAction\":[{\"@type\":\"ReadAction\",\"target\":[\"https:\/\/airbrakehose.com\/de\/produkt\/verbindungsstuecke-zubehoer-komplette-verbindungsloesungen-fuer-pneumatische-pneumatische-brems-und-industriesysteme\/\"]}]},{\"@type\":\"ImageObject\",\"inLanguage\":\"de\",\"@id\":\"https:\/\/airbrakehose.com\/de\/produkt\/verbindungsstuecke-zubehoer-komplette-verbindungsloesungen-fuer-pneumatische-pneumatische-brems-und-industriesysteme\/#primaryimage\",\"url\":\"https:\/\/airbrakehose.com\/wp-content\/uploads\/2025\/12\/Accessary-scaled.jpg\",\"contentUrl\":\"https:\/\/airbrakehose.com\/wp-content\/uploads\/2025\/12\/Accessary-scaled.jpg\",\"width\":2560,\"height\":1920,\"caption\":\"_cuva\"},{\"@type\":\"BreadcrumbList\",\"@id\":\"https:\/\/airbrakehose.com\/de\/produkt\/verbindungsstuecke-zubehoer-komplette-verbindungsloesungen-fuer-pneumatische-pneumatische-brems-und-industriesysteme\/#breadcrumb\",\"itemListElement\":[{\"@type\":\"ListItem\",\"position\":1,\"name\":\"\u9996\u9875\",\"item\":\"https:\/\/airbrakehose.com\/de\/heim\/\"},{\"@type\":\"ListItem\",\"position\":2,\"name\":\"Gesch\u00e4ft\",\"item\":\"https:\/\/airbrakehose.com\/de\/geschaeft\/\"},{\"@type\":\"ListItem\",\"position\":3,\"name\":\"VERBINDUNGSST\u00dcCKE &amp; ZUBEH\u00d6R \u2013 Komplette Verbindungsl\u00f6sungen f\u00fcr pneumatische, pneumatische Brems- und Industriesysteme\"}]},{\"@type\":\"WebSite\",\"@id\":\"https:\/\/airbrakehose.com\/de\/#website\",\"url\":\"https:\/\/airbrakehose.com\/de\/\",\"name\":\"Victory Technology\",\"description\":\"Industrial Hose &amp; Air Brake Solutions\",\"potentialAction\":[{\"@type\":\"SearchAction\",\"target\":{\"@type\":\"EntryPoint\",\"urlTemplate\":\"https:\/\/airbrakehose.com\/de\/?s={search_term_string}\"},\"query-input\":{\"@type\":\"PropertyValueSpecification\",\"valueRequired\":true,\"valueName\":\"search_term_string\"}}],\"inLanguage\":\"de\"}]}<\/script>\n<!-- \/ Yoast SEO Premium plugin. -->","yoast_head_json":{"title":"Armaturen & Zubeh\u00f6r | Pneumatik- & Druckluftbrems-Steckverbinder","description":"Entdecken Sie unser komplettes Sortiment an pneumatischen Verschraubungen und Zubeh\u00f6r f\u00fcr Lkw, Anh\u00e4nger, Automatisierungs- und Industrieanlagen. Wir f\u00fchren gerade Rohre, Winkel, T-St\u00fccke, Y-St\u00fccke, Schottverschraubungen, Ventile, Reduzierst\u00fccke und Zollverschraubungen.","robots":{"index":"index","follow":"follow","max-snippet":"max-snippet:-1","max-image-preview":"max-image-preview:large","max-video-preview":"max-video-preview:-1"},"canonical":"https:\/\/airbrakehose.com\/de\/produkt\/verbindungsstuecke-zubehoer-komplette-verbindungsloesungen-fuer-pneumatische-pneumatische-brems-und-industriesysteme\/","og_locale":"de_DE","og_type":"article","og_title":"VERBINDUNGSST\u00dcCKE &amp; ZUBEH\u00d6R \u2013 Komplette Verbindungsl\u00f6sungen f\u00fcr pneumatische, pneumatische Brems- und Industriesysteme","og_description":"Entdecken Sie unser komplettes Sortiment an pneumatischen Verschraubungen und Zubeh\u00f6r f\u00fcr Lkw, Anh\u00e4nger, Automatisierungs- und Industrieanlagen. Wir f\u00fchren gerade Rohre, Winkel, T-St\u00fccke, Y-St\u00fccke, Schottverschraubungen, Ventile, Reduzierst\u00fccke und Zollverschraubungen.","og_url":"https:\/\/airbrakehose.com\/de\/produkt\/verbindungsstuecke-zubehoer-komplette-verbindungsloesungen-fuer-pneumatische-pneumatische-brems-und-industriesysteme\/","og_site_name":"Victory Tech.","article_publisher":"https:\/\/www.facebook.com\/aokeautoparts","og_image":[{"width":2560,"height":1920,"url":"https:\/\/airbrakehose.com\/wp-content\/uploads\/2025\/12\/Accessary-scaled.jpg","type":"image\/jpeg"}],"twitter_card":"summary_large_image","twitter_misc":{"Gesch\u00e4tzte Lesezeit":"2\u00a0Minuten"},"schema":{"@context":"https:\/\/schema.org","@graph":[{"@type":"WebPage","@id":"https:\/\/airbrakehose.com\/de\/produkt\/verbindungsstuecke-zubehoer-komplette-verbindungsloesungen-fuer-pneumatische-pneumatische-brems-und-industriesysteme\/","url":"https:\/\/airbrakehose.com\/de\/produkt\/verbindungsstuecke-zubehoer-komplette-verbindungsloesungen-fuer-pneumatische-pneumatische-brems-und-industriesysteme\/","name":"Armaturen & Zubeh\u00f6r | Pneumatik- & Druckluftbrems-Steckverbinder","isPartOf":{"@id":"https:\/\/airbrakehose.com\/de\/#website"},"primaryImageOfPage":{"@id":"https:\/\/airbrakehose.com\/de\/produkt\/verbindungsstuecke-zubehoer-komplette-verbindungsloesungen-fuer-pneumatische-pneumatische-brems-und-industriesysteme\/#primaryimage"},"image":{"@id":"https:\/\/airbrakehose.com\/de\/produkt\/verbindungsstuecke-zubehoer-komplette-verbindungsloesungen-fuer-pneumatische-pneumatische-brems-und-industriesysteme\/#primaryimage"},"thumbnailUrl":"https:\/\/airbrakehose.com\/wp-content\/uploads\/2025\/12\/Accessary-scaled.jpg","datePublished":"2025-12-09T03:29:14+00:00","description":"Entdecken Sie unser komplettes Sortiment an pneumatischen Verschraubungen und Zubeh\u00f6r f\u00fcr Lkw, Anh\u00e4nger, Automatisierungs- und Industrieanlagen. Wir f\u00fchren gerade Rohre, Winkel, T-St\u00fccke, Y-St\u00fccke, Schottverschraubungen, Ventile, Reduzierst\u00fccke und Zollverschraubungen.","breadcrumb":{"@id":"https:\/\/airbrakehose.com\/de\/produkt\/verbindungsstuecke-zubehoer-komplette-verbindungsloesungen-fuer-pneumatische-pneumatische-brems-und-industriesysteme\/#breadcrumb"},"inLanguage":"de","potentialAction":[{"@type":"ReadAction","target":["https:\/\/airbrakehose.com\/de\/produkt\/verbindungsstuecke-zubehoer-komplette-verbindungsloesungen-fuer-pneumatische-pneumatische-brems-und-industriesysteme\/"]}]},{"@type":"ImageObject","inLanguage":"de","@id":"https:\/\/airbrakehose.com\/de\/produkt\/verbindungsstuecke-zubehoer-komplette-verbindungsloesungen-fuer-pneumatische-pneumatische-brems-und-industriesysteme\/#primaryimage","url":"https:\/\/airbrakehose.com\/wp-content\/uploads\/2025\/12\/Accessary-scaled.jpg","contentUrl":"https:\/\/airbrakehose.com\/wp-content\/uploads\/2025\/12\/Accessary-scaled.jpg","width":2560,"height":1920,"caption":"_cuva"},{"@type":"BreadcrumbList","@id":"https:\/\/airbrakehose.com\/de\/produkt\/verbindungsstuecke-zubehoer-komplette-verbindungsloesungen-fuer-pneumatische-pneumatische-brems-und-industriesysteme\/#breadcrumb","itemListElement":[{"@type":"ListItem","position":1,"name":"\u9996\u9875","item":"https:\/\/airbrakehose.com\/de\/heim\/"},{"@type":"ListItem","position":2,"name":"Gesch\u00e4ft","item":"https:\/\/airbrakehose.com\/de\/geschaeft\/"},{"@type":"ListItem","position":3,"name":"VERBINDUNGSST\u00dcCKE &amp; ZUBEH\u00d6R \u2013 Komplette Verbindungsl\u00f6sungen f\u00fcr pneumatische, pneumatische Brems- und Industriesysteme"}]},{"@type":"WebSite","@id":"https:\/\/airbrakehose.com\/de\/#website","url":"https:\/\/airbrakehose.com\/de\/","name":"Victory Technology","description":"Industrial Hose &amp; Air Brake Solutions","potentialAction":[{"@type":"SearchAction","target":{"@type":"EntryPoint","urlTemplate":"https:\/\/airbrakehose.com\/de\/?s={search_term_string}"},"query-input":{"@type":"PropertyValueSpecification","valueRequired":true,"valueName":"search_term_string"}}],"inLanguage":"de"}]}},"_links":{"self":[{"href":"https:\/\/airbrakehose.com\/de\/wp-json\/wp\/v2\/product\/5396","targetHints":{"allow":["GET"]}}],"collection":[{"href":"https:\/\/airbrakehose.com\/de\/wp-json\/wp\/v2\/product"}],"about":[{"href":"https:\/\/airbrakehose.com\/de\/wp-json\/wp\/v2\/types\/product"}],"wp:featuredmedia":[{"embeddable":true,"href":"https:\/\/airbrakehose.com\/de\/wp-json\/wp\/v2\/media\/3376"}],"wp:attachment":[{"href":"https:\/\/airbrakehose.com\/de\/wp-json\/wp\/v2\/media?parent=5396"}],"wp:term":[{"taxonomy":"product_brand","embeddable":true,"href":"https:\/\/airbrakehose.com\/de\/wp-json\/wp\/v2\/product_brand?post=5396"},{"taxonomy":"product_cat","embeddable":true,"href":"https:\/\/airbrakehose.com\/de\/wp-json\/wp\/v2\/product_cat?post=5396"},{"taxonomy":"product_tag","embeddable":true,"href":"https:\/\/airbrakehose.com\/de\/wp-json\/wp\/v2\/product_tag?post=5396"}],"curies":[{"name":"wp","href":"https:\/\/api.w.org\/{rel}","templated":true}]}}