{"id":5363,"date":"2025-12-08T06:54:40","date_gmt":"2025-12-08T06:54:40","guid":{"rendered":"https:\/\/airbrakehose.com\/product\/t-stuecke-steckverbinder-t-stueck-mit-aussengewinde-abzweig-t-stueck-verbindungs-t-stueck\/"},"modified":"2025-12-08T06:54:40","modified_gmt":"2025-12-08T06:54:40","slug":"t-stuecke-steckverbinder-t-stueck-mit-aussengewinde-abzweig-t-stueck-verbindungs-t-stueck","status":"publish","type":"product","link":"https:\/\/airbrakehose.com\/de\/produkt\/t-stuecke-steckverbinder-t-stueck-mit-aussengewinde-abzweig-t-stueck-verbindungs-t-stueck\/","title":{"rendered":"T-St\u00fccke (Steckverbinder) T-St\u00fcck mit Au\u00dfengewinde | Abzweig-T-St\u00fcck | Verbindungs-T-St\u00fcck"},"content":{"rendered":"<p data-start=\"466\" data-end=\"737\">T-St\u00fccke sind pneumatische 3-Wege-Verbinder, die es erm\u00f6glichen, eine einzelne Druckluftleitung in zwei Richtungen aufzuteilen oder zwei Leitungen zu einer zusammenzuf\u00fchren. Sie sind unverzichtbar in industriellen Druckluftsystemen, Druckluftkreisl\u00e4ufen von Lkw und Anh\u00e4ngern, automatisierten Maschinen und verteilten Druckluftsystemen. <\/p>\n<p data-start=\"739\" data-end=\"762\">Diese Kategorie umfasst:<\/p>\n<ul data-start=\"764\" data-end=\"996\">\n<li data-start=\"764\" data-end=\"821\">\n<p data-start=\"766\" data-end=\"821\">T-St\u00fcck mit Au\u00dfengewinde (APB-Serie) \u2013 Rohr + Au\u00dfengewinde + Rohr<\/p>\n<\/li>\n<li data-start=\"822\" data-end=\"881\">\n<p data-start=\"824\" data-end=\"881\">Abzweig-T-St\u00fcck (APD-Serie) \u2013 Rohr + Au\u00dfengewinde + Rohr<\/p>\n<\/li>\n<li data-start=\"882\" data-end=\"938\">\n<p data-start=\"884\" data-end=\"938\">Union Tee (APE \/ PE Serie) \u2013 Rohr + Rohr + Rohr<\/p>\n<\/li>\n<li data-start=\"939\" data-end=\"996\">\n<p data-start=\"941\" data-end=\"996\">Reduzier-T-St\u00fcck (optional) \u2013 f\u00fcr unterschiedliche Rohrgr\u00f6\u00dfen<\/p>\n<\/li>\n<\/ul>\n<p data-start=\"998\" data-end=\"1148\">Alle T-St\u00fccke sind f\u00fcr eine schnelle Installation der Rohre per Steckverbindung und eine zuverl\u00e4ssige Abdichtung unter Vibrationen, Druck und anspruchsvollen Betriebsbedingungen ausgelegt.<\/p>\n<hr data-start=\"1404\" data-end=\"1407\">\n<h1 data-start=\"1409\" data-end=\"1445\"><strong data-start=\"1411\" data-end=\"1445\">Produktarten in dieser Kategorie<\/strong><\/h1>\n<hr data-start=\"1447\" data-end=\"1450\">\n<h2 data-start=\"1452\" data-end=\"1486\"><strong data-start=\"1455\" data-end=\"1484\">1\ufe0f\u20e3 Herren-T-Shirt (APB-Serie)<\/strong><\/h2>\n<p data-start=\"1487\" data-end=\"1567\">Rohr \u2192 Au\u00dfengewinde \u2192 Rohr<br data-start=\"1512\" data-end=\"1515\">Wird verwendet, um einen Anschluss mit Au\u00dfengewinde von einer Hauptleitung abzuzweigen.<\/p>\n<p data-start=\"1569\" data-end=\"1663\">G\u00e4ngige Rohrgr\u00f6\u00dfen: 4 mm, 6 mm, 8 mm, 10 mm, 12 mm<br data-start=\"1618\" data-end=\"1621\">Gewindenormen: M5\u2013M20 \/ BSP \/ NPT<\/p>\n<p data-start=\"1665\" data-end=\"1757\">Anwendungsbereiche:<br data-start=\"1682\" data-end=\"1685\">Luftzylinder, Bremssystem-Anschlussbl\u00f6cke, Ventilinseln, Verteiler.<\/p>\n<hr data-start=\"1759\" data-end=\"1762\">\n<h2 data-start=\"1764\" data-end=\"1800\"><strong data-start=\"1767\" data-end=\"1798\">2\ufe0f\u20e3 Abzweig-T-St\u00fcck (APD-Serie)<\/strong><\/h2>\n<p data-start=\"1801\" data-end=\"1889\">Rohr \u2192 Rohr \u2192 Au\u00dfengewinde (Abzweig)<br data-start=\"1835\" data-end=\"1838\">Bildet eine \u201eT\u201c-Struktur, wo der Abzweig eingef\u00e4delt ist.<\/p>\n<p data-start=\"1891\" data-end=\"1903\">Ideal f\u00fcr:<\/p>\n<ul data-start=\"1904\" data-end=\"1979\">\n<li data-start=\"1904\" data-end=\"1917\">\n<p data-start=\"1906\" data-end=\"1917\">Verteiler<\/p>\n<\/li>\n<li data-start=\"1918\" data-end=\"1940\">\n<p data-start=\"1920\" data-end=\"1940\">Vertriebsleitungen<\/p>\n<\/li>\n<li data-start=\"1941\" data-end=\"1979\">\n<p data-start=\"1943\" data-end=\"1979\">Installation von Messger\u00e4ten, Ventilen und Sensoren<\/p>\n<\/li>\n<\/ul>\n<hr data-start=\"1981\" data-end=\"1984\">\n<h2 data-start=\"1986\" data-end=\"2026\"><strong data-start=\"1989\" data-end=\"2024\">3\ufe0f\u20e3 Union Tee (APE \/ PE Serie)<\/strong><\/h2>\n<p data-start=\"2027\" data-end=\"2127\">Rohr \u2192 Rohr \u2192 Rohr<br data-start=\"2045\" data-end=\"2048\">Alle drei Anschl\u00fcsse sind Steckverbindungen, die ein gleichm\u00e4\u00dfiges Anschlie\u00dfen der Rohre ohne Gewinde erm\u00f6glichen.<\/p>\n<p data-start=\"2129\" data-end=\"2140\">Vorteile:<\/p>\n<ul data-start=\"2141\" data-end=\"2224\">\n<li data-start=\"2141\" data-end=\"2167\">\n<p data-start=\"2143\" data-end=\"2167\">Sehr schnelle Installation<\/p>\n<\/li>\n<li data-start=\"2168\" data-end=\"2193\">\n<p data-start=\"2170\" data-end=\"2193\">Einfache U-Bahn-Umleitung<\/p>\n<\/li>\n<li data-start=\"2194\" data-end=\"2224\">\n<p data-start=\"2196\" data-end=\"2224\">Saubere, kompakte Rohranordnung<\/p>\n<\/li>\n<\/ul>\n<hr data-start=\"2226\" data-end=\"2229\">\n<h2 data-start=\"2231\" data-end=\"2278\"><strong data-start=\"2234\" data-end=\"2276\">4\ufe0f\u20e3 Spezial-\/Reduzier-T-St\u00fcck (optional)<\/strong><\/h2>\n<p data-start=\"2279\" data-end=\"2326\">F\u00fcr Rohre unterschiedlicher Gr\u00f6\u00dfen oder spezielle Verlegungsanforderungen.<\/p>\n<p data-start=\"2328\" data-end=\"2338\">Beispiel:<\/p>\n<ul data-start=\"2339\" data-end=\"2367\">\n<li data-start=\"2339\" data-end=\"2352\">\n<p data-start=\"2341\" data-end=\"2352\">8-8-6 Abschlag<\/p>\n<\/li>\n<li data-start=\"2353\" data-end=\"2367\">\n<p data-start=\"2355\" data-end=\"2367\">10-8-8 Abschlag<\/p>\n<\/li>\n<\/ul>\n<hr data-start=\"2369\" data-end=\"2372\">\n<h1 data-start=\"2374\" data-end=\"2392\"><strong data-start=\"2376\" data-end=\"2392\">Hauptmerkmale<\/strong><\/h1>\n<h3 data-start=\"2394\" data-end=\"2433\">\u2714 Zuverl\u00e4ssige 3-Wege-Luftverteilung<\/h3>\n<p data-start=\"2434\" data-end=\"2488\">Teilt oder kombiniert den Luftstrom gleichm\u00e4\u00dfig mit minimalem Verlust.<\/p>\n<h3 data-start=\"2490\" data-end=\"2527\">\u2714 Push-in-Anschluss spart Zeit<\/h3>\n<p data-start=\"2528\" data-end=\"2578\">Schnelle Montage und Rohrentriegelung ohne Werkzeug.<\/p>\n<h3 data-start=\"2580\" data-end=\"2613\">\u2714 Hohe Vibrationsfestigkeit<\/h3>\n<p data-start=\"2614\" data-end=\"2678\">Ideal f\u00fcr On-Road-Fahrzeugsysteme wie Anh\u00e4nger und Traktoren.<\/p>\n<h3 data-start=\"2680\" data-end=\"2712\">\u2714 Mehrere Dichtungsoptionen<\/h3>\n<p data-start=\"2713\" data-end=\"2767\">Je nach Anwendungsbereich ist NBR oder FKM (Viton) erh\u00e4ltlich.<\/p>\n<h3 data-start=\"2769\" data-end=\"2818\">\u2714 Geh\u00e4useoptionen aus Messing oder technischem Kunststoff<\/h3>\n<p data-start=\"2819\" data-end=\"2877\">Geeignet f\u00fcr sowohl schwere als auch leichte industrielle Anforderungen.<\/p>\n<hr data-start=\"2879\" data-end=\"2882\">\n<h1 data-start=\"2884\" data-end=\"2902\"><strong data-start=\"2886\" data-end=\"2902\">Applications<\/strong><\/h1>\n<ul data-start=\"2904\" data-end=\"3135\">\n<li data-start=\"2904\" data-end=\"2955\">\n<p data-start=\"2906\" data-end=\"2955\">Pneumatische Bremsleitungen f\u00fcr Lkw und Anh\u00e4nger<\/p>\n<\/li>\n<li data-start=\"2956\" data-end=\"2997\">\n<p data-start=\"2958\" data-end=\"2997\">Industrielle Automatisierungs- und Steuerungssysteme<\/p>\n<\/li>\n<li data-start=\"2998\" data-end=\"3043\">\n<p data-start=\"3000\" data-end=\"3043\">Luftkompressoren und Verteilungsnetze<\/p>\n<\/li>\n<li data-start=\"3044\" data-end=\"3091\">\n<p data-start=\"3046\" data-end=\"3091\">Maschinen, Roboter und Montageanlagen<\/p>\n<\/li>\n<li data-start=\"3092\" data-end=\"3135\">\n<p data-start=\"3094\" data-end=\"3135\">Landwirtschafts- und Baumaschinen<\/p>\n<\/li>\n<\/ul>\n<hr data-start=\"3631\" data-end=\"3634\">\n<h1 data-start=\"3636\" data-end=\"3660\"><strong data-start=\"3638\" data-end=\"3660\">H\u00e4ufig gestellte Fragen \u2013 T-St\u00fccke<\/strong><\/h1>\n<h3 data-start=\"3662\" data-end=\"3730\"><strong data-start=\"3666\" data-end=\"3728\">Frage 1: Was ist der Unterschied zwischen einem Male Tee und einem Union Tee? <\/strong><\/h3>\n<p data-start=\"3731\" data-end=\"3821\">Ein T-St\u00fcck mit Au\u00dfengewinde verf\u00fcgt \u00fcber einen Abzweig mit Gewinde, w\u00e4hrend ein T-St\u00fcck mit \u00dcberwurfverbindung drei Rohre ohne Gewinde verbindet.<\/p>\n<h3 data-start=\"3823\" data-end=\"3894\"><strong data-start=\"3827\" data-end=\"3892\">Frage 2: K\u00f6nnen T-St\u00fccke in Druckluftsystemen von Lkw oder Anh\u00e4ngern verwendet werden? <\/strong><\/h3>\n<p data-start=\"3895\" data-end=\"3982\">Ja. Sie werden h\u00e4ufig verwendet, um Nylon-Luftleitungen in Druckluftbrems- oder Zubeh\u00f6rkreisl\u00e4ufen zu teilen. <\/p>\n<h3 data-start=\"3984\" data-end=\"4030\"><strong data-start=\"3988\" data-end=\"4028\">Frage 3: Sind Reduzier-T-St\u00fccke erh\u00e4ltlich? <\/strong><\/h3>\n<p data-start=\"4031\" data-end=\"4093\">Ja. T-St\u00fccke mit unterschiedlichen Durchmessern k\u00f6nnen auf Anfrage geliefert werden. <\/p>\n<h3 data-start=\"4095\" data-end=\"4145\"><strong data-start=\"4099\" data-end=\"4143\">Frage 4: Welche Rohrmaterialien sind kompatibel? <\/strong><\/h3>\n<p data-start=\"4146\" data-end=\"4178\">Nylon (PA12), PU- und PE-Schl\u00e4uche.<\/p>\n<h3 data-start=\"4180\" data-end=\"4220\"><strong data-start=\"4184\" data-end=\"4218\">Frage 5: Sind T-St\u00fccke wiederverwendbar? <\/strong><\/h3>\n<p data-start=\"4221\" data-end=\"4326\">Ja \u2013 die Schl\u00e4uche k\u00f6nnen mehrmals entfernt und wieder eingesetzt werden, sofern die Spannzange und der O-Ring in gutem Zustand bleiben.<\/p>\n","protected":false},"excerpt":{"rendered":"<p data-start=\"1180\" data-end=\"1402\">Hochwertige T-St\u00fccke zum Einstecken f\u00fcr pneumatische und Kfz-Druckluftsysteme, erh\u00e4ltlich in Ausf\u00fchrungen mit Au\u00dfengewinde, Abzweig und Verschraubung. Ideal zum Aufteilen oder Organisieren von Druckluftkreisl\u00e4ufen in Lkw, Anh\u00e4ngern und Industrieanlagen. <\/p>\n","protected":false},"featured_media":3360,"template":"","meta":{"_monsterinsights_skip_tracking":false,"_monsterinsights_sitenote_active":false,"_monsterinsights_sitenote_note":"","_monsterinsights_sitenote_category":0,"site-sidebar-layout":"default","site-content-layout":"","ast-site-content-layout":"default","site-content-style":"default","site-sidebar-style":"default","ast-global-header-display":"","ast-banner-title-visibility":"","ast-main-header-display":"","ast-hfb-above-header-display":"","ast-hfb-below-header-display":"","ast-hfb-mobile-header-display":"","site-post-title":"","ast-breadcrumbs-content":"","ast-featured-img":"","footer-sml-layout":"","ast-disable-related-posts":"","theme-transparent-header-meta":"default","adv-header-id-meta":"","stick-header-meta":"","header-above-stick-meta":"","header-main-stick-meta":"","header-below-stick-meta":"","astra-migrate-meta-layouts":"default","ast-page-background-enabled":"default","ast-page-background-meta":{"desktop":{"background-color":"","background-image":"","background-repeat":"repeat","background-position":"center center","background-size":"auto","background-attachment":"scroll","background-type":"","background-media":"","overlay-type":"","overlay-color":"","overlay-opacity":"","overlay-gradient":""},"tablet":{"background-color":"","background-image":"","background-repeat":"repeat","background-position":"center center","background-size":"auto","background-attachment":"scroll","background-type":"","background-media":"","overlay-type":"","overlay-color":"","overlay-opacity":"","overlay-gradient":""},"mobile":{"background-color":"","background-image":"","background-repeat":"repeat","background-position":"center center","background-size":"auto","background-attachment":"scroll","background-type":"","background-media":"","overlay-type":"","overlay-color":"","overlay-opacity":"","overlay-gradient":""}},"ast-content-background-meta":{"desktop":{"background-color":"var(--ast-global-color-5)","background-image":"","background-repeat":"repeat","background-position":"center center","background-size":"auto","background-attachment":"scroll","background-type":"","background-media":"","overlay-type":"","overlay-color":"","overlay-opacity":"","overlay-gradient":""},"tablet":{"background-color":"var(--ast-global-color-5)","background-image":"","background-repeat":"repeat","background-position":"center center","background-size":"auto","background-attachment":"scroll","background-type":"","background-media":"","overlay-type":"","overlay-color":"","overlay-opacity":"","overlay-gradient":""},"mobile":{"background-color":"var(--ast-global-color-5)","background-image":"","background-repeat":"repeat","background-position":"center center","background-size":"auto","background-attachment":"scroll","background-type":"","background-media":"","overlay-type":"","overlay-color":"","overlay-opacity":"","overlay-gradient":""}},"_joinchat":[]},"product_brand":[],"product_cat":[6262,6686],"product_tag":[6715,6714,6718,6719,6710,6722,6717,6716,6711,6721,6720,6713,6712],"class_list":{"0":"post-5363","1":"product","2":"type-product","3":"status-publish","4":"has-post-thumbnail","6":"product_cat-pneumatikwerkzeuge-zubehor","7":"product_cat-pneumatische-steckverbinder-industrie","8":"product_tag-3-wege-pneumatikanschluss","9":"product_tag-abzweig-t-stuck-verbinder","10":"product_tag-alternative-zum-festo-t-stuck-steckverbinder","11":"product_tag-norgren-pneumatik-t-stuck-aquivalent","12":"product_tag-pneumatisches-t-stuck","13":"product_tag-pneumatisches-t-stuck-fur-die-automatisierung","14":"product_tag-smc-t-stuck-austausch","15":"product_tag-t-rohrverbinder","16":"product_tag-t-steckverbinder-zum-einstecken","17":"product_tag-t-stuck-fur-anhanger-luftsystem","18":"product_tag-t-stuck-fur-druckluftleitung","19":"product_tag-t-stuck-luftverschraubung","20":"product_tag-t-stuck-pneumatikanschluss","21":"desktop-align-left","22":"tablet-align-left","23":"mobile-align-left","25":"first","26":"instock","27":"shipping-taxable","28":"product-type-simple"},"yoast_head":"<!-- This site is optimized with the Yoast SEO Premium plugin v26.4 (Yoast SEO v27.0) - https:\/\/yoast.com\/product\/yoast-seo-premium-wordpress\/ -->\n<title>T-St\u00fcck-Steckverbinder | T-St\u00fcck mit Au\u00dfengewinde, Abzweig-T-St\u00fcck und T-St\u00fcck mit \u00dcberwurfmutter<\/title>\n<meta name=\"description\" content=\"Hochwertige pneumatische T-St\u00fccke, darunter T-St\u00fccke mit Au\u00dfengewinde, Abzweig-T-St\u00fccke und Verschraubungs-T-St\u00fccke f\u00fcr PA\/PU\/PE-Schl\u00e4uche. Ideal f\u00fcr Lkw, Anh\u00e4nger, Druckluftbremskreisl\u00e4ufe und industrielle Automatisierung.\" \/>\n<meta name=\"robots\" content=\"index, follow, max-snippet:-1, max-image-preview:large, max-video-preview:-1\" \/>\n<link rel=\"canonical\" href=\"https:\/\/airbrakehose.com\/de\/produkt\/t-stuecke-steckverbinder-t-stueck-mit-aussengewinde-abzweig-t-stueck-verbindungs-t-stueck\/\" \/>\n<meta property=\"og:locale\" content=\"de_DE\" \/>\n<meta property=\"og:type\" content=\"article\" \/>\n<meta property=\"og:title\" content=\"T-St\u00fccke (Steckverbinder) T-St\u00fcck mit Au\u00dfengewinde | Abzweig-T-St\u00fcck | Verbindungs-T-St\u00fcck\" \/>\n<meta property=\"og:description\" content=\"Hochwertige pneumatische T-St\u00fccke, darunter T-St\u00fccke mit Au\u00dfengewinde, Abzweig-T-St\u00fccke und Verschraubungs-T-St\u00fccke f\u00fcr PA\/PU\/PE-Schl\u00e4uche. Ideal f\u00fcr Lkw, Anh\u00e4nger, Druckluftbremskreisl\u00e4ufe und industrielle Automatisierung.\" \/>\n<meta property=\"og:url\" content=\"https:\/\/airbrakehose.com\/de\/produkt\/t-stuecke-steckverbinder-t-stueck-mit-aussengewinde-abzweig-t-stueck-verbindungs-t-stueck\/\" \/>\n<meta property=\"og:site_name\" content=\"Victory Tech.\" \/>\n<meta property=\"article:publisher\" content=\"https:\/\/www.facebook.com\/aokeautoparts\" \/>\n<meta property=\"og:image\" content=\"https:\/\/airbrakehose.com\/wp-content\/uploads\/2025\/12\/\u56fe\u724736.png\" \/>\n\t<meta property=\"og:image:width\" content=\"230\" \/>\n\t<meta property=\"og:image:height\" content=\"204\" \/>\n\t<meta property=\"og:image:type\" content=\"image\/png\" \/>\n<meta name=\"twitter:card\" content=\"summary_large_image\" \/>\n<meta name=\"twitter:label1\" content=\"Gesch\u00e4tzte Lesezeit\" \/>\n\t<meta name=\"twitter:data1\" content=\"2\u00a0Minuten\" \/>\n<script type=\"application\/ld+json\" class=\"yoast-schema-graph\">{\"@context\":\"https:\/\/schema.org\",\"@graph\":[{\"@type\":\"WebPage\",\"@id\":\"https:\/\/airbrakehose.com\/de\/produkt\/t-stuecke-steckverbinder-t-stueck-mit-aussengewinde-abzweig-t-stueck-verbindungs-t-stueck\/\",\"url\":\"https:\/\/airbrakehose.com\/de\/produkt\/t-stuecke-steckverbinder-t-stueck-mit-aussengewinde-abzweig-t-stueck-verbindungs-t-stueck\/\",\"name\":\"T-St\u00fcck-Steckverbinder | T-St\u00fcck mit Au\u00dfengewinde, Abzweig-T-St\u00fcck und T-St\u00fcck mit \u00dcberwurfmutter\",\"isPartOf\":{\"@id\":\"https:\/\/airbrakehose.com\/de\/#website\"},\"primaryImageOfPage\":{\"@id\":\"https:\/\/airbrakehose.com\/de\/produkt\/t-stuecke-steckverbinder-t-stueck-mit-aussengewinde-abzweig-t-stueck-verbindungs-t-stueck\/#primaryimage\"},\"image\":{\"@id\":\"https:\/\/airbrakehose.com\/de\/produkt\/t-stuecke-steckverbinder-t-stueck-mit-aussengewinde-abzweig-t-stueck-verbindungs-t-stueck\/#primaryimage\"},\"thumbnailUrl\":\"https:\/\/airbrakehose.com\/wp-content\/uploads\/2025\/12\/\u56fe\u724736.png\",\"datePublished\":\"2025-12-08T06:54:40+00:00\",\"description\":\"Hochwertige pneumatische T-St\u00fccke, darunter T-St\u00fccke mit Au\u00dfengewinde, Abzweig-T-St\u00fccke und Verschraubungs-T-St\u00fccke f\u00fcr PA\/PU\/PE-Schl\u00e4uche. Ideal f\u00fcr Lkw, Anh\u00e4nger, Druckluftbremskreisl\u00e4ufe und industrielle Automatisierung.\",\"breadcrumb\":{\"@id\":\"https:\/\/airbrakehose.com\/de\/produkt\/t-stuecke-steckverbinder-t-stueck-mit-aussengewinde-abzweig-t-stueck-verbindungs-t-stueck\/#breadcrumb\"},\"inLanguage\":\"de\",\"potentialAction\":[{\"@type\":\"ReadAction\",\"target\":[\"https:\/\/airbrakehose.com\/de\/produkt\/t-stuecke-steckverbinder-t-stueck-mit-aussengewinde-abzweig-t-stueck-verbindungs-t-stueck\/\"]}]},{\"@type\":\"ImageObject\",\"inLanguage\":\"de\",\"@id\":\"https:\/\/airbrakehose.com\/de\/produkt\/t-stuecke-steckverbinder-t-stueck-mit-aussengewinde-abzweig-t-stueck-verbindungs-t-stueck\/#primaryimage\",\"url\":\"https:\/\/airbrakehose.com\/wp-content\/uploads\/2025\/12\/\u56fe\u724736.png\",\"contentUrl\":\"https:\/\/airbrakehose.com\/wp-content\/uploads\/2025\/12\/\u56fe\u724736.png\",\"width\":230,\"height\":204},{\"@type\":\"BreadcrumbList\",\"@id\":\"https:\/\/airbrakehose.com\/de\/produkt\/t-stuecke-steckverbinder-t-stueck-mit-aussengewinde-abzweig-t-stueck-verbindungs-t-stueck\/#breadcrumb\",\"itemListElement\":[{\"@type\":\"ListItem\",\"position\":1,\"name\":\"\u9996\u9875\",\"item\":\"https:\/\/airbrakehose.com\/de\/heim\/\"},{\"@type\":\"ListItem\",\"position\":2,\"name\":\"Gesch\u00e4ft\",\"item\":\"https:\/\/airbrakehose.com\/de\/geschaeft\/\"},{\"@type\":\"ListItem\",\"position\":3,\"name\":\"T-St\u00fccke (Steckverbinder) T-St\u00fcck mit Au\u00dfengewinde | Abzweig-T-St\u00fcck | Verbindungs-T-St\u00fcck\"}]},{\"@type\":\"WebSite\",\"@id\":\"https:\/\/airbrakehose.com\/de\/#website\",\"url\":\"https:\/\/airbrakehose.com\/de\/\",\"name\":\"Victory Technology\",\"description\":\"Industrial Hose &amp; Air Brake Solutions\",\"potentialAction\":[{\"@type\":\"SearchAction\",\"target\":{\"@type\":\"EntryPoint\",\"urlTemplate\":\"https:\/\/airbrakehose.com\/de\/?s={search_term_string}\"},\"query-input\":{\"@type\":\"PropertyValueSpecification\",\"valueRequired\":true,\"valueName\":\"search_term_string\"}}],\"inLanguage\":\"de\"}]}<\/script>\n<!-- \/ Yoast SEO Premium plugin. -->","yoast_head_json":{"title":"T-St\u00fcck-Steckverbinder | T-St\u00fcck mit Au\u00dfengewinde, Abzweig-T-St\u00fcck und T-St\u00fcck mit \u00dcberwurfmutter","description":"Hochwertige pneumatische T-St\u00fccke, darunter T-St\u00fccke mit Au\u00dfengewinde, Abzweig-T-St\u00fccke und Verschraubungs-T-St\u00fccke f\u00fcr PA\/PU\/PE-Schl\u00e4uche. Ideal f\u00fcr Lkw, Anh\u00e4nger, Druckluftbremskreisl\u00e4ufe und industrielle Automatisierung.","robots":{"index":"index","follow":"follow","max-snippet":"max-snippet:-1","max-image-preview":"max-image-preview:large","max-video-preview":"max-video-preview:-1"},"canonical":"https:\/\/airbrakehose.com\/de\/produkt\/t-stuecke-steckverbinder-t-stueck-mit-aussengewinde-abzweig-t-stueck-verbindungs-t-stueck\/","og_locale":"de_DE","og_type":"article","og_title":"T-St\u00fccke (Steckverbinder) T-St\u00fcck mit Au\u00dfengewinde | Abzweig-T-St\u00fcck | Verbindungs-T-St\u00fcck","og_description":"Hochwertige pneumatische T-St\u00fccke, darunter T-St\u00fccke mit Au\u00dfengewinde, Abzweig-T-St\u00fccke und Verschraubungs-T-St\u00fccke f\u00fcr PA\/PU\/PE-Schl\u00e4uche. Ideal f\u00fcr Lkw, Anh\u00e4nger, Druckluftbremskreisl\u00e4ufe und industrielle Automatisierung.","og_url":"https:\/\/airbrakehose.com\/de\/produkt\/t-stuecke-steckverbinder-t-stueck-mit-aussengewinde-abzweig-t-stueck-verbindungs-t-stueck\/","og_site_name":"Victory Tech.","article_publisher":"https:\/\/www.facebook.com\/aokeautoparts","og_image":[{"width":230,"height":204,"url":"https:\/\/airbrakehose.com\/wp-content\/uploads\/2025\/12\/\u56fe\u724736.png","type":"image\/png"}],"twitter_card":"summary_large_image","twitter_misc":{"Gesch\u00e4tzte Lesezeit":"2\u00a0Minuten"},"schema":{"@context":"https:\/\/schema.org","@graph":[{"@type":"WebPage","@id":"https:\/\/airbrakehose.com\/de\/produkt\/t-stuecke-steckverbinder-t-stueck-mit-aussengewinde-abzweig-t-stueck-verbindungs-t-stueck\/","url":"https:\/\/airbrakehose.com\/de\/produkt\/t-stuecke-steckverbinder-t-stueck-mit-aussengewinde-abzweig-t-stueck-verbindungs-t-stueck\/","name":"T-St\u00fcck-Steckverbinder | T-St\u00fcck mit Au\u00dfengewinde, Abzweig-T-St\u00fcck und T-St\u00fcck mit \u00dcberwurfmutter","isPartOf":{"@id":"https:\/\/airbrakehose.com\/de\/#website"},"primaryImageOfPage":{"@id":"https:\/\/airbrakehose.com\/de\/produkt\/t-stuecke-steckverbinder-t-stueck-mit-aussengewinde-abzweig-t-stueck-verbindungs-t-stueck\/#primaryimage"},"image":{"@id":"https:\/\/airbrakehose.com\/de\/produkt\/t-stuecke-steckverbinder-t-stueck-mit-aussengewinde-abzweig-t-stueck-verbindungs-t-stueck\/#primaryimage"},"thumbnailUrl":"https:\/\/airbrakehose.com\/wp-content\/uploads\/2025\/12\/\u56fe\u724736.png","datePublished":"2025-12-08T06:54:40+00:00","description":"Hochwertige pneumatische T-St\u00fccke, darunter T-St\u00fccke mit Au\u00dfengewinde, Abzweig-T-St\u00fccke und Verschraubungs-T-St\u00fccke f\u00fcr PA\/PU\/PE-Schl\u00e4uche. Ideal f\u00fcr Lkw, Anh\u00e4nger, Druckluftbremskreisl\u00e4ufe und industrielle Automatisierung.","breadcrumb":{"@id":"https:\/\/airbrakehose.com\/de\/produkt\/t-stuecke-steckverbinder-t-stueck-mit-aussengewinde-abzweig-t-stueck-verbindungs-t-stueck\/#breadcrumb"},"inLanguage":"de","potentialAction":[{"@type":"ReadAction","target":["https:\/\/airbrakehose.com\/de\/produkt\/t-stuecke-steckverbinder-t-stueck-mit-aussengewinde-abzweig-t-stueck-verbindungs-t-stueck\/"]}]},{"@type":"ImageObject","inLanguage":"de","@id":"https:\/\/airbrakehose.com\/de\/produkt\/t-stuecke-steckverbinder-t-stueck-mit-aussengewinde-abzweig-t-stueck-verbindungs-t-stueck\/#primaryimage","url":"https:\/\/airbrakehose.com\/wp-content\/uploads\/2025\/12\/\u56fe\u724736.png","contentUrl":"https:\/\/airbrakehose.com\/wp-content\/uploads\/2025\/12\/\u56fe\u724736.png","width":230,"height":204},{"@type":"BreadcrumbList","@id":"https:\/\/airbrakehose.com\/de\/produkt\/t-stuecke-steckverbinder-t-stueck-mit-aussengewinde-abzweig-t-stueck-verbindungs-t-stueck\/#breadcrumb","itemListElement":[{"@type":"ListItem","position":1,"name":"\u9996\u9875","item":"https:\/\/airbrakehose.com\/de\/heim\/"},{"@type":"ListItem","position":2,"name":"Gesch\u00e4ft","item":"https:\/\/airbrakehose.com\/de\/geschaeft\/"},{"@type":"ListItem","position":3,"name":"T-St\u00fccke (Steckverbinder) T-St\u00fcck mit Au\u00dfengewinde | Abzweig-T-St\u00fcck | Verbindungs-T-St\u00fcck"}]},{"@type":"WebSite","@id":"https:\/\/airbrakehose.com\/de\/#website","url":"https:\/\/airbrakehose.com\/de\/","name":"Victory Technology","description":"Industrial Hose &amp; Air Brake Solutions","potentialAction":[{"@type":"SearchAction","target":{"@type":"EntryPoint","urlTemplate":"https:\/\/airbrakehose.com\/de\/?s={search_term_string}"},"query-input":{"@type":"PropertyValueSpecification","valueRequired":true,"valueName":"search_term_string"}}],"inLanguage":"de"}]}},"_links":{"self":[{"href":"https:\/\/airbrakehose.com\/de\/wp-json\/wp\/v2\/product\/5363","targetHints":{"allow":["GET"]}}],"collection":[{"href":"https:\/\/airbrakehose.com\/de\/wp-json\/wp\/v2\/product"}],"about":[{"href":"https:\/\/airbrakehose.com\/de\/wp-json\/wp\/v2\/types\/product"}],"wp:featuredmedia":[{"embeddable":true,"href":"https:\/\/airbrakehose.com\/de\/wp-json\/wp\/v2\/media\/3360"}],"wp:attachment":[{"href":"https:\/\/airbrakehose.com\/de\/wp-json\/wp\/v2\/media?parent=5363"}],"wp:term":[{"taxonomy":"product_brand","embeddable":true,"href":"https:\/\/airbrakehose.com\/de\/wp-json\/wp\/v2\/product_brand?post=5363"},{"taxonomy":"product_cat","embeddable":true,"href":"https:\/\/airbrakehose.com\/de\/wp-json\/wp\/v2\/product_cat?post=5363"},{"taxonomy":"product_tag","embeddable":true,"href":"https:\/\/airbrakehose.com\/de\/wp-json\/wp\/v2\/product_tag?post=5363"}],"curies":[{"name":"wp","href":"https:\/\/api.w.org\/{rel}","templated":true}]}}