{"id":5346,"date":"2025-12-07T03:47:52","date_gmt":"2025-12-07T03:47:52","guid":{"rendered":"https:\/\/airbrakehose.com\/product\/3-in-1-hochleistungs-druckluftleitungssatz-aus-gummi-sae-j1402-366-m-457-m-victory-technology\/"},"modified":"2025-12-07T03:47:52","modified_gmt":"2025-12-07T03:47:52","slug":"3-in-1-hochleistungs-druckluftleitungssatz-aus-gummi-sae-j1402-366-m-457-m-victory-technology","status":"publish","type":"product","link":"https:\/\/airbrakehose.com\/de\/produkt\/3-in-1-hochleistungs-druckluftleitungssatz-aus-gummi-sae-j1402-366-m-457-m-victory-technology\/","title":{"rendered":"3-in-1 Hochleistungs-Druckluftleitungssatz aus Gummi (SAE J1402) \u2013 3,66 m \/ 4,57 m | Victory Technology"},"content":{"rendered":"<h3 data-path-to-node=\"13\">\ud83d\udccc Produkt\u00fcbersicht<\/h3>\n<p data-path-to-node=\"14\"><b data-path-to-node=\"14\" data-index-in-node=\"0\">Rundumschutz. Extrem strapazierf\u00e4hig. <\/b><\/p>\n<p data-path-to-node=\"15\">F\u00fcr Fahrer, die extremen Stra\u00dfenbedingungen ausgesetzt sind, reichen herk\u00f6mmliche Nylonleitungen m\u00f6glicherweise nicht aus. Das 3-in-1-Druckluftleitungsset aus Gummi von Victory Technology r\u00fcstet Ihre Verbindung auf Schwerlaststandard auf.<\/p>\n<p data-path-to-node=\"16\">Dieses von Zhuji Aoke (unserem Produktionsstandort mit \u00fcber 20 Jahren Erfahrung in der Gummiextrusion) entwickelte Set enth\u00e4lt zwei SAE J1402 Gummiluftschl\u00e4uche und ein hochwertiges 7-adriges ABS-Elektrokabel. Dank der robusten Spiralummantelung bietet es im Vergleich zu herk\u00f6mmlichen Nylonschl\u00e4uchen eine deutlich h\u00f6here Knick-, Abrieb- und Schleiffestigkeit. <\/p>\n<ul data-path-to-node=\"17\">\n<li>\n<p data-path-to-node=\"17,0,0\">Werkseitig vormontiert: Die Luft- und Stromleitungen werden zu einem ordentlichen, spiralf\u00f6rmig aufgewickelten B\u00fcndel zusammengefasst. Die Installation dauert nur wenige Minuten und sorgt f\u00fcr einen sicheren und aufger\u00e4umten Laufsteg. <\/p>\n<\/li>\n<\/ul>\n<hr data-path-to-node=\"18\">\n<h3 data-path-to-node=\"19\">\ud83d\udd39 Warum das Victory Rubber 3-in-1 Kit w\u00e4hlen?<\/h3>\n<ul data-path-to-node=\"20\">\n<li>\u2705 Hochleistungs-Gummischl\u00e4uche (nicht Nylon):\n<p>F\u00fcr extreme Belastungen entwickelt. Wir verwenden unseren hochwertigen 3\/8&#8243;-Innendurchmesser-Gummischlauch nach SAE J1402. Im Gegensatz zu Nylon ist Gummi von Natur aus flexibel und schnitt- sowie sto\u00dffest. Er bleibt von -40 \u00b0C bis 93 \u00b0C geschmeidig und ist daher die erste Wahl f\u00fcr extreme Wetterbedingungen.   <\/li>\n<li>\u2705 100% Kupfer-ABS-Kabel (Gr\u00fcn):\n<p>Keine schwachen Signale. Das integrierte 7-adrige ABS-Kabel verf\u00fcgt \u00fcber 100 % Kupferleiter (ohne Kaltstartstrom), die durch einen robusten TPU-Mantel gesch\u00fctzt sind. Es gew\u00e4hrleistet eine zuverl\u00e4ssige \u00dcbertragung f\u00fcr Anh\u00e4ngerbeleuchtung und wichtige ABS-Daten.  <\/li>\n<li>\u2705 \u00dcberlegenes Design gegen Verheddern:\n<p>Die robuste, abgeschr\u00e4gte Spiralwicklung b\u00fcndelt die Leinen fest und h\u00e4lt sie sicher von der Laufstegplattform fern. Schluss mit herumliegenden Kabeln, die \u00fcber das Deck schleifen oder sich an Ger\u00e4ten verhaken. <\/li>\n<li>\u2705 Integrierte Zugentlastung:\n<p>Ausgestattet mit farbcodierten Verl\u00e4ngerungsgriffen (Rot\/Blau). Diese Griffe sch\u00fctzen die Schlauchanschlussstellen vor Abknicken bei scharfen Kurvenfahrten und bieten Hebelwirkung f\u00fcr einfaches Ankuppeln. <\/li>\n<\/ul>\n<hr data-path-to-node=\"21\">\n<h3 data-path-to-node=\"22\">\ud83d\udd38 Technische Spezifikationen<\/h3>\n<p data-path-to-node=\"23\"><i data-path-to-node=\"23\" data-index-in-node=\"0\">Hergestellt nach nordamerikanischen DOT-Standards.<\/i><\/p>\n<table data-path-to-node=\"24\">\n<thead>\n<tr>\n<td><strong>Feature<\/strong><\/td>\n<td><strong>Spezifikation<\/strong><\/td>\n<\/tr>\n<\/thead>\n<tbody>\n<tr>\n<td>Montageart<\/td>\n<td>3-in-1-Gummisatz (spiralf\u00f6rmig gewickelt)<\/td>\n<\/tr>\n<tr>\n<td>Druckluftschl\u00e4uche<\/td>\n<td>SAE J1402 Gummi-Druckluftschlauch (3\/8&#8243; Innendurchmesser) \u2013 DOT-zugelassen<\/td>\n<\/tr>\n<tr>\n<td>Elektrokabel<\/td>\n<td>7-adriges, gr\u00fcnes ABS-Kabel (100 % Kupferleiter)<\/td>\n<\/tr>\n<tr>\n<td>Gesamtl\u00e4nge<\/td>\n<td>10 Fu\u00df, 12 Fu\u00df, 15 Fu\u00df (Standard), 20 Fu\u00df oder individuell<\/td>\n<\/tr>\n<tr>\n<td>Anschlussgewinde<\/td>\n<td>1\/2&#8243; NPT Messing-Anschlussst\u00fccke, fest oder drehbar<\/td>\n<\/tr>\n<tr>\n<td>Griffoptionen<\/td>\n<td>Rote\/blaue Gummigriffe (wie abgebildet) oder Aluminium<\/td>\n<\/tr>\n<tr>\n<td>Temperatur<\/td>\n<td>-40 \u00b0F bis 200 \u00b0F (-40 \u00b0C bis +93 \u00b0C)<\/td>\n<\/tr>\n<tr>\n<td>Konformit\u00e4t<\/td>\n<td>DOT FMVSS 106, SAE J1402, SAE J560<\/td>\n<\/tr>\n<\/tbody>\n<\/table>\n<hr data-path-to-node=\"25\">\n<h3 data-path-to-node=\"26\">\ud83d\udd39 Im Lieferumfang enthalten<\/h3>\n<ul data-path-to-node=\"27\">\n<li>\n<p data-path-to-node=\"27,0,0\">1x 3-in-1-Baugruppe (Gummi-Betriebsluft, Gummi-Notluft, ABS-Stromversorgung)<\/p>\n<\/li>\n<li>\n<p data-path-to-node=\"27,1,0\">1x Hochleistungs-Spiralwicklung (vorinstalliert)<\/p>\n<\/li>\n<li>\n<p data-path-to-node=\"27,2,0\">2x Griffe (Rot &amp; Blau &#8211; Vormontiert)<\/p>\n<\/li>\n<\/ul>\n<hr data-path-to-node=\"28\">\n<h3 data-path-to-node=\"29\">\ud83d\ude80 Jetzt ein Angebot ab Werk anfordern<\/h3>\n<p>Bereit zu bestellen? Egal ob Sie einen einzelnen Karton oder einen 40-Fu\u00df-Container ben\u00f6tigen, wir sind f\u00fcr Sie da. <\/p>\n<p>F\u00fcllen Sie das untenstehende Formular aus, um unseren aktuellen Katalog und unsere Gro\u00dfhandelspreisliste zu erhalten.<\/p>\n<p data-path-to-node=\"31\"><code data-path-to-node=\"31\" data-index-in-node=\"0\"><div class=\"wpforms-container \" id=\"wpforms-2617\"><form id=\"wpforms-form-2617\" class=\"wpforms-validate wpforms-form wpforms-ajax-form\" data-formid=\"2617\" method=\"post\" enctype=\"multipart\/form-data\" action=\"\/de\/wp-json\/wp\/v2\/product\/5346\" data-token=\"af4e39966c1e26775f42a1aaaad9153d\" data-token-time=\"1775998347\"><noscript class=\"wpforms-error-noscript\">Bitte aktiviere JavaScript in deinem Browser, um dieses Formular fertigzustellen.<\/noscript><div class=\"wpforms-field-container\"><div id=\"wpforms-2617-field_1-container\" class=\"wpforms-field wpforms-field-name\" data-field-id=\"1\"><label class=\"wpforms-field-label\" for=\"wpforms-2617-field_1\">Name <span class=\"wpforms-required-label\">*<\/span><\/label><input type=\"text\" id=\"wpforms-2617-field_1\" class=\"wpforms-field-large wpforms-field-required\" name=\"wpforms[fields][1]\" required><\/div><div id=\"wpforms-2617-field_2-container\" class=\"wpforms-field wpforms-field-email\" data-field-id=\"2\"><label class=\"wpforms-field-label\" for=\"wpforms-2617-field_2\">E-Mail <span class=\"wpforms-required-label\">*<\/span><\/label><input type=\"email\" id=\"wpforms-2617-field_2\" class=\"wpforms-field-large wpforms-field-required\" name=\"wpforms[fields][2]\" spellcheck=\"false\" required><\/div><div id=\"wpforms-2617-field_4-container\" class=\"wpforms-field wpforms-field-text\" data-field-id=\"4\"><label class=\"wpforms-field-label\" for=\"wpforms-2617-field_4\">Tel<\/label><input type=\"text\" id=\"wpforms-2617-field_4\" class=\"wpforms-field-medium\" name=\"wpforms[fields][4]\" ><\/div><div id=\"wpforms-2617-field_3-container\" class=\"wpforms-field wpforms-field-textarea\" data-field-id=\"3\"><label class=\"wpforms-field-label\" for=\"wpforms-2617-field_3\"> Nachricht<\/label><textarea id=\"wpforms-2617-field_3\" class=\"wpforms-field-medium\" name=\"wpforms[fields][3]\" ><\/textarea><\/div><\/div><!-- .wpforms-field-container --><div class=\"wpforms-submit-container\" ><input type=\"hidden\" name=\"wpforms[id]\" value=\"2617\"><input type=\"hidden\" name=\"page_title\" value=\"\"><input type=\"hidden\" name=\"page_url\" value=\"https:\/\/airbrakehose.com\/de\/wp-json\/wp\/v2\/product\/5346\"><input type=\"hidden\" name=\"url_referer\" value=\"\"><button type=\"submit\" name=\"wpforms[submit]\" id=\"wpforms-submit-2617\" class=\"wpforms-submit\" data-alt-text=\"Wird gesendet...\" data-submit-text=\"Nachricht senden\" aria-live=\"assertive\" value=\"wpforms-submit\">Nachricht senden<\/button><img decoding=\"async\" src=\"https:\/\/airbrakehose.com\/wp-content\/plugins\/wpforms\/assets\/images\/submit-spin.svg\" class=\"wpforms-submit-spinner\" style=\"display: none;\" width=\"26\" height=\"26\" alt=\"Wird geladen\"><\/div><\/form><\/div>  <!-- .wpforms-container --><\/code><\/p>\n","protected":false},"excerpt":{"rendered":"<p data-path-to-node=\"35\"><b data-path-to-node=\"35\" data-index-in-node=\"0\">3-in-1 Hochleistungs-Druckluftleitungssatz aus Gummi.<\/b><\/p>\n<p data-path-to-node=\"36\">Hochwertige, spiralf\u00f6rmig gewickelte Baugruppe mit Gummiluftschl\u00e4uchen und ABS-Kabel.<\/p>\n<ul data-path-to-node=\"37\">\n<li>\n<p data-path-to-node=\"37,0,0\">Luftleitungen: SAE J1402 Gummi (\u00dcberragende Haltbarkeit).<\/p>\n<\/li>\n<li>\n<p data-path-to-node=\"37,1,0\">Elektrisch: 7-adriges gr\u00fcnes ABS-Kabel (100 % Kupfer).<\/p>\n<\/li>\n<li>\n<p data-path-to-node=\"37,2,0\">Schutz: Verwicklungsfreie Spiralwicklung.<\/p>\n<\/li>\n<li>\n<p data-path-to-node=\"37,3,0\">Temperaturbereich: -40 \u00b0F bis 200 \u00b0F.<\/p>\n<\/li>\n<li>\n<p data-path-to-node=\"37,4,0\">Konformit\u00e4t: Genehmigt nach DOT FMVSS 106.<\/p>\n<\/li>\n<\/ul>\n<p data-path-to-node=\"38\"><b data-path-to-node=\"38\" data-index-in-node=\"0\">Auf Lager &amp; sofort versandbereit.<\/b><\/p>\n","protected":false},"featured_media":3325,"template":"","meta":{"_monsterinsights_skip_tracking":false,"_monsterinsights_sitenote_active":false,"_monsterinsights_sitenote_note":"","_monsterinsights_sitenote_category":0,"site-sidebar-layout":"default","site-content-layout":"","ast-site-content-layout":"default","site-content-style":"default","site-sidebar-style":"default","ast-global-header-display":"","ast-banner-title-visibility":"","ast-main-header-display":"","ast-hfb-above-header-display":"","ast-hfb-below-header-display":"","ast-hfb-mobile-header-display":"","site-post-title":"","ast-breadcrumbs-content":"","ast-featured-img":"","footer-sml-layout":"","ast-disable-related-posts":"","theme-transparent-header-meta":"default","adv-header-id-meta":"","stick-header-meta":"","header-above-stick-meta":"","header-main-stick-meta":"","header-below-stick-meta":"","astra-migrate-meta-layouts":"default","ast-page-background-enabled":"default","ast-page-background-meta":{"desktop":{"background-color":"","background-image":"","background-repeat":"repeat","background-position":"center center","background-size":"auto","background-attachment":"scroll","background-type":"","background-media":"","overlay-type":"","overlay-color":"","overlay-opacity":"","overlay-gradient":""},"tablet":{"background-color":"","background-image":"","background-repeat":"repeat","background-position":"center center","background-size":"auto","background-attachment":"scroll","background-type":"","background-media":"","overlay-type":"","overlay-color":"","overlay-opacity":"","overlay-gradient":""},"mobile":{"background-color":"","background-image":"","background-repeat":"repeat","background-position":"center center","background-size":"auto","background-attachment":"scroll","background-type":"","background-media":"","overlay-type":"","overlay-color":"","overlay-opacity":"","overlay-gradient":""}},"ast-content-background-meta":{"desktop":{"background-color":"var(--ast-global-color-5)","background-image":"","background-repeat":"repeat","background-position":"center center","background-size":"auto","background-attachment":"scroll","background-type":"","background-media":"","overlay-type":"","overlay-color":"","overlay-opacity":"","overlay-gradient":""},"tablet":{"background-color":"var(--ast-global-color-5)","background-image":"","background-repeat":"repeat","background-position":"center center","background-size":"auto","background-attachment":"scroll","background-type":"","background-media":"","overlay-type":"","overlay-color":"","overlay-opacity":"","overlay-gradient":""},"mobile":{"background-color":"var(--ast-global-color-5)","background-image":"","background-repeat":"repeat","background-position":"center center","background-size":"auto","background-attachment":"scroll","background-type":"","background-media":"","overlay-type":"","overlay-color":"","overlay-opacity":"","overlay-gradient":""}},"_joinchat":[]},"product_brand":[],"product_cat":[6484],"product_tag":[6566,6567,6570,6577,6571,6575,6572,6578,6580,6576,6574,6579,6569,6568,6573,6581],"class_list":{"0":"post-5346","1":"product","2":"type-product","3":"status-publish","4":"has-post-thumbnail","6":"product_cat-druckluft-und-elektroanschlusssets","7":"product_tag-3-in-1-abs-druckluftschlauch","8":"product_tag-3-in-1-lkw-druckluftschlauch","9":"product_tag-3-in-1-luftschlauchbaugruppe-fur-sattelzugmaschinen","10":"product_tag-3-leitungs-schlauchsystem-fur-lkw-und-anhanger","11":"product_tag-abs-stromkabel-und-luftbremsschlauch-kombination","12":"product_tag-anhanger-luftbremsschlauch-und-abs-kabel","13":"product_tag-dot-luftbremsschlauch-mit-abs-kabel","14":"product_tag-druckluftleitungs-austauschset-fur-sattelzugmaschinen","15":"product_tag-flottentaugliches-3-in-1-druckluftleitungsset","16":"product_tag-hochleistungs-luftubertragungsrohr-aus-abs","17":"product_tag-langheck-luftleitung-mit-abs-antrieb","18":"product_tag-lkw-und-anhanger-abs-luftschlauchset","19":"product_tag-luftleitung-und-abs-kabel-fur-sattelzugmaschinen","20":"product_tag-spiralgewickelter-luftbremsschlauch-satz","21":"product_tag-spiralwickel-luftbremsleitungssatz","22":"product_tag-verwicklungsfreie-luftbremsschlauchbaugruppe","23":"desktop-align-left","24":"tablet-align-left","25":"mobile-align-left","27":"first","28":"instock","29":"shipping-taxable","30":"product-type-simple"},"yoast_head":"<!-- This site is optimized with the Yoast SEO Premium plugin v26.4 (Yoast SEO v27.0) - https:\/\/yoast.com\/product\/yoast-seo-premium-wordpress\/ -->\n<title>3-in-1-Druckluftleitungssatz aus Gummi (SAE J1402) \u2013 Hochleistungsausf\u00fchrung | Victory Tech<\/title>\n<meta name=\"description\" content=\"Entdecken Sie unsere 3-in-1-Druckluftleitungss\u00e4tze aus Gummi. Hochwertige SAE J1402-Druckluftschl\u00e4uche und ein 7-adriges ABS-Kabel mit Spiralschutz. DOT-gepr\u00fcft. Direkt vom Hersteller.\" \/>\n<meta name=\"robots\" content=\"index, follow, max-snippet:-1, max-image-preview:large, max-video-preview:-1\" \/>\n<link rel=\"canonical\" href=\"https:\/\/airbrakehose.com\/de\/produkt\/3-in-1-hochleistungs-druckluftleitungssatz-aus-gummi-sae-j1402-366-m-457-m-victory-technology\/\" \/>\n<meta property=\"og:locale\" content=\"de_DE\" \/>\n<meta property=\"og:type\" content=\"article\" \/>\n<meta property=\"og:title\" content=\"3-in-1-Druckluftleitungshersteller | LKW-Schlauchset \u2013 Aoke\" \/>\n<meta property=\"og:description\" content=\"Direkt vom Hersteller: 3-in-1-Druckluftleitungssatz. Inklusive Service-\/Notfall-Druckluftschl\u00e4uchen und 7-adrigem ABS-Kabel. Spiralgewickelt und verwicklungsfrei. DOT\/SAE-konform. Mengenrabatte verf\u00fcgbar.\" \/>\n<meta property=\"og:url\" content=\"https:\/\/airbrakehose.com\/de\/produkt\/3-in-1-hochleistungs-druckluftleitungssatz-aus-gummi-sae-j1402-366-m-457-m-victory-technology\/\" \/>\n<meta property=\"og:site_name\" content=\"Victory Tech.\" \/>\n<meta property=\"article:publisher\" content=\"https:\/\/www.facebook.com\/aokeautoparts\" \/>\n<meta property=\"og:image\" content=\"https:\/\/airbrakehose.com\/wp-content\/uploads\/2025\/12\/Heavy_duty_3-in-1_air_hose_ABS_power_cable_set_for_semi_trucks_and_trailers.webp\" \/>\n\t<meta property=\"og:image:width\" content=\"1280\" \/>\n\t<meta property=\"og:image:height\" content=\"1280\" \/>\n\t<meta property=\"og:image:type\" content=\"image\/webp\" \/>\n<meta name=\"twitter:card\" content=\"summary_large_image\" \/>\n<meta name=\"twitter:title\" content=\"3-in-1-Druckluftleitungshersteller | LKW-Schlauchset \u2013 Aoke\" \/>\n<meta name=\"twitter:description\" content=\"Direkt vom Hersteller: 3-in-1-Druckluftleitungssatz. Inklusive Service-\/Notfall-Druckluftschl\u00e4uchen und 7-adrigem ABS-Kabel. Spiralgewickelt und wicklungsfrei. DOT\/SAE-konform. Mengenrabatte verf\u00fcgbar.\" \/>\n<meta name=\"twitter:label1\" content=\"Gesch\u00e4tzte Lesezeit\" \/>\n\t<meta name=\"twitter:data1\" content=\"2\u00a0Minuten\" \/>\n<script type=\"application\/ld+json\" class=\"yoast-schema-graph\">{\"@context\":\"https:\/\/schema.org\",\"@graph\":[{\"@type\":\"WebPage\",\"@id\":\"https:\/\/airbrakehose.com\/de\/produkt\/3-in-1-hochleistungs-druckluftleitungssatz-aus-gummi-sae-j1402-366-m-457-m-victory-technology\/\",\"url\":\"https:\/\/airbrakehose.com\/de\/produkt\/3-in-1-hochleistungs-druckluftleitungssatz-aus-gummi-sae-j1402-366-m-457-m-victory-technology\/\",\"name\":\"3-in-1-Druckluftleitungssatz aus Gummi (SAE J1402) \u2013 Hochleistungsausf\u00fchrung | Victory Tech\",\"isPartOf\":{\"@id\":\"https:\/\/airbrakehose.com\/de\/#website\"},\"primaryImageOfPage\":{\"@id\":\"https:\/\/airbrakehose.com\/de\/produkt\/3-in-1-hochleistungs-druckluftleitungssatz-aus-gummi-sae-j1402-366-m-457-m-victory-technology\/#primaryimage\"},\"image\":{\"@id\":\"https:\/\/airbrakehose.com\/de\/produkt\/3-in-1-hochleistungs-druckluftleitungssatz-aus-gummi-sae-j1402-366-m-457-m-victory-technology\/#primaryimage\"},\"thumbnailUrl\":\"https:\/\/airbrakehose.com\/wp-content\/uploads\/2025\/12\/Heavy_duty_3-in-1_air_hose_ABS_power_cable_set_for_semi_trucks_and_trailers.webp\",\"datePublished\":\"2025-12-07T03:47:52+00:00\",\"description\":\"Entdecken Sie unsere 3-in-1-Druckluftleitungss\u00e4tze aus Gummi. Hochwertige SAE J1402-Druckluftschl\u00e4uche und ein 7-adriges ABS-Kabel mit Spiralschutz. DOT-gepr\u00fcft. Direkt vom Hersteller.\",\"breadcrumb\":{\"@id\":\"https:\/\/airbrakehose.com\/de\/produkt\/3-in-1-hochleistungs-druckluftleitungssatz-aus-gummi-sae-j1402-366-m-457-m-victory-technology\/#breadcrumb\"},\"inLanguage\":\"de\",\"potentialAction\":[{\"@type\":\"ReadAction\",\"target\":[\"https:\/\/airbrakehose.com\/de\/produkt\/3-in-1-hochleistungs-druckluftleitungssatz-aus-gummi-sae-j1402-366-m-457-m-victory-technology\/\"]}]},{\"@type\":\"ImageObject\",\"inLanguage\":\"de\",\"@id\":\"https:\/\/airbrakehose.com\/de\/produkt\/3-in-1-hochleistungs-druckluftleitungssatz-aus-gummi-sae-j1402-366-m-457-m-victory-technology\/#primaryimage\",\"url\":\"https:\/\/airbrakehose.com\/wp-content\/uploads\/2025\/12\/Heavy_duty_3-in-1_air_hose_ABS_power_cable_set_for_semi_trucks_and_trailers.webp\",\"contentUrl\":\"https:\/\/airbrakehose.com\/wp-content\/uploads\/2025\/12\/Heavy_duty_3-in-1_air_hose_ABS_power_cable_set_for_semi_trucks_and_trailers.webp\",\"width\":1280,\"height\":1280},{\"@type\":\"BreadcrumbList\",\"@id\":\"https:\/\/airbrakehose.com\/de\/produkt\/3-in-1-hochleistungs-druckluftleitungssatz-aus-gummi-sae-j1402-366-m-457-m-victory-technology\/#breadcrumb\",\"itemListElement\":[{\"@type\":\"ListItem\",\"position\":1,\"name\":\"\u9996\u9875\",\"item\":\"https:\/\/airbrakehose.com\/de\/heim\/\"},{\"@type\":\"ListItem\",\"position\":2,\"name\":\"Gesch\u00e4ft\",\"item\":\"https:\/\/airbrakehose.com\/de\/geschaeft\/\"},{\"@type\":\"ListItem\",\"position\":3,\"name\":\"3-in-1 Hochleistungs-Druckluftleitungssatz aus Gummi (SAE J1402) \u2013 3,66 m \/ 4,57 m | Victory Technology\"}]},{\"@type\":\"WebSite\",\"@id\":\"https:\/\/airbrakehose.com\/de\/#website\",\"url\":\"https:\/\/airbrakehose.com\/de\/\",\"name\":\"Victory Technology\",\"description\":\"Industrial Hose &amp; Air Brake Solutions\",\"potentialAction\":[{\"@type\":\"SearchAction\",\"target\":{\"@type\":\"EntryPoint\",\"urlTemplate\":\"https:\/\/airbrakehose.com\/de\/?s={search_term_string}\"},\"query-input\":{\"@type\":\"PropertyValueSpecification\",\"valueRequired\":true,\"valueName\":\"search_term_string\"}}],\"inLanguage\":\"de\"}]}<\/script>\n<!-- \/ Yoast SEO Premium plugin. -->","yoast_head_json":{"title":"3-in-1-Druckluftleitungssatz aus Gummi (SAE J1402) \u2013 Hochleistungsausf\u00fchrung | Victory Tech","description":"Entdecken Sie unsere 3-in-1-Druckluftleitungss\u00e4tze aus Gummi. Hochwertige SAE J1402-Druckluftschl\u00e4uche und ein 7-adriges ABS-Kabel mit Spiralschutz. DOT-gepr\u00fcft. Direkt vom Hersteller.","robots":{"index":"index","follow":"follow","max-snippet":"max-snippet:-1","max-image-preview":"max-image-preview:large","max-video-preview":"max-video-preview:-1"},"canonical":"https:\/\/airbrakehose.com\/de\/produkt\/3-in-1-hochleistungs-druckluftleitungssatz-aus-gummi-sae-j1402-366-m-457-m-victory-technology\/","og_locale":"de_DE","og_type":"article","og_title":"3-in-1-Druckluftleitungshersteller | LKW-Schlauchset \u2013 Aoke","og_description":"Direkt vom Hersteller: 3-in-1-Druckluftleitungssatz. Inklusive Service-\/Notfall-Druckluftschl\u00e4uchen und 7-adrigem ABS-Kabel. Spiralgewickelt und verwicklungsfrei. DOT\/SAE-konform. Mengenrabatte verf\u00fcgbar.","og_url":"https:\/\/airbrakehose.com\/de\/produkt\/3-in-1-hochleistungs-druckluftleitungssatz-aus-gummi-sae-j1402-366-m-457-m-victory-technology\/","og_site_name":"Victory Tech.","article_publisher":"https:\/\/www.facebook.com\/aokeautoparts","og_image":[{"width":1280,"height":1280,"url":"https:\/\/airbrakehose.com\/wp-content\/uploads\/2025\/12\/Heavy_duty_3-in-1_air_hose_ABS_power_cable_set_for_semi_trucks_and_trailers.webp","type":"image\/webp"}],"twitter_card":"summary_large_image","twitter_title":"3-in-1-Druckluftleitungshersteller | LKW-Schlauchset \u2013 Aoke","twitter_description":"Direkt vom Hersteller: 3-in-1-Druckluftleitungssatz. Inklusive Service-\/Notfall-Druckluftschl\u00e4uchen und 7-adrigem ABS-Kabel. Spiralgewickelt und wicklungsfrei. DOT\/SAE-konform. Mengenrabatte verf\u00fcgbar.","twitter_misc":{"Gesch\u00e4tzte Lesezeit":"2\u00a0Minuten"},"schema":{"@context":"https:\/\/schema.org","@graph":[{"@type":"WebPage","@id":"https:\/\/airbrakehose.com\/de\/produkt\/3-in-1-hochleistungs-druckluftleitungssatz-aus-gummi-sae-j1402-366-m-457-m-victory-technology\/","url":"https:\/\/airbrakehose.com\/de\/produkt\/3-in-1-hochleistungs-druckluftleitungssatz-aus-gummi-sae-j1402-366-m-457-m-victory-technology\/","name":"3-in-1-Druckluftleitungssatz aus Gummi (SAE J1402) \u2013 Hochleistungsausf\u00fchrung | Victory Tech","isPartOf":{"@id":"https:\/\/airbrakehose.com\/de\/#website"},"primaryImageOfPage":{"@id":"https:\/\/airbrakehose.com\/de\/produkt\/3-in-1-hochleistungs-druckluftleitungssatz-aus-gummi-sae-j1402-366-m-457-m-victory-technology\/#primaryimage"},"image":{"@id":"https:\/\/airbrakehose.com\/de\/produkt\/3-in-1-hochleistungs-druckluftleitungssatz-aus-gummi-sae-j1402-366-m-457-m-victory-technology\/#primaryimage"},"thumbnailUrl":"https:\/\/airbrakehose.com\/wp-content\/uploads\/2025\/12\/Heavy_duty_3-in-1_air_hose_ABS_power_cable_set_for_semi_trucks_and_trailers.webp","datePublished":"2025-12-07T03:47:52+00:00","description":"Entdecken Sie unsere 3-in-1-Druckluftleitungss\u00e4tze aus Gummi. Hochwertige SAE J1402-Druckluftschl\u00e4uche und ein 7-adriges ABS-Kabel mit Spiralschutz. DOT-gepr\u00fcft. Direkt vom Hersteller.","breadcrumb":{"@id":"https:\/\/airbrakehose.com\/de\/produkt\/3-in-1-hochleistungs-druckluftleitungssatz-aus-gummi-sae-j1402-366-m-457-m-victory-technology\/#breadcrumb"},"inLanguage":"de","potentialAction":[{"@type":"ReadAction","target":["https:\/\/airbrakehose.com\/de\/produkt\/3-in-1-hochleistungs-druckluftleitungssatz-aus-gummi-sae-j1402-366-m-457-m-victory-technology\/"]}]},{"@type":"ImageObject","inLanguage":"de","@id":"https:\/\/airbrakehose.com\/de\/produkt\/3-in-1-hochleistungs-druckluftleitungssatz-aus-gummi-sae-j1402-366-m-457-m-victory-technology\/#primaryimage","url":"https:\/\/airbrakehose.com\/wp-content\/uploads\/2025\/12\/Heavy_duty_3-in-1_air_hose_ABS_power_cable_set_for_semi_trucks_and_trailers.webp","contentUrl":"https:\/\/airbrakehose.com\/wp-content\/uploads\/2025\/12\/Heavy_duty_3-in-1_air_hose_ABS_power_cable_set_for_semi_trucks_and_trailers.webp","width":1280,"height":1280},{"@type":"BreadcrumbList","@id":"https:\/\/airbrakehose.com\/de\/produkt\/3-in-1-hochleistungs-druckluftleitungssatz-aus-gummi-sae-j1402-366-m-457-m-victory-technology\/#breadcrumb","itemListElement":[{"@type":"ListItem","position":1,"name":"\u9996\u9875","item":"https:\/\/airbrakehose.com\/de\/heim\/"},{"@type":"ListItem","position":2,"name":"Gesch\u00e4ft","item":"https:\/\/airbrakehose.com\/de\/geschaeft\/"},{"@type":"ListItem","position":3,"name":"3-in-1 Hochleistungs-Druckluftleitungssatz aus Gummi (SAE J1402) \u2013 3,66 m \/ 4,57 m | Victory Technology"}]},{"@type":"WebSite","@id":"https:\/\/airbrakehose.com\/de\/#website","url":"https:\/\/airbrakehose.com\/de\/","name":"Victory Technology","description":"Industrial Hose &amp; Air Brake Solutions","potentialAction":[{"@type":"SearchAction","target":{"@type":"EntryPoint","urlTemplate":"https:\/\/airbrakehose.com\/de\/?s={search_term_string}"},"query-input":{"@type":"PropertyValueSpecification","valueRequired":true,"valueName":"search_term_string"}}],"inLanguage":"de"}]}},"_links":{"self":[{"href":"https:\/\/airbrakehose.com\/de\/wp-json\/wp\/v2\/product\/5346","targetHints":{"allow":["GET"]}}],"collection":[{"href":"https:\/\/airbrakehose.com\/de\/wp-json\/wp\/v2\/product"}],"about":[{"href":"https:\/\/airbrakehose.com\/de\/wp-json\/wp\/v2\/types\/product"}],"wp:featuredmedia":[{"embeddable":true,"href":"https:\/\/airbrakehose.com\/de\/wp-json\/wp\/v2\/media\/3325"}],"wp:attachment":[{"href":"https:\/\/airbrakehose.com\/de\/wp-json\/wp\/v2\/media?parent=5346"}],"wp:term":[{"taxonomy":"product_brand","embeddable":true,"href":"https:\/\/airbrakehose.com\/de\/wp-json\/wp\/v2\/product_brand?post=5346"},{"taxonomy":"product_cat","embeddable":true,"href":"https:\/\/airbrakehose.com\/de\/wp-json\/wp\/v2\/product_cat?post=5346"},{"taxonomy":"product_tag","embeddable":true,"href":"https:\/\/airbrakehose.com\/de\/wp-json\/wp\/v2\/product_tag?post=5346"}],"curies":[{"name":"wp","href":"https:\/\/api.w.org\/{rel}","templated":true}]}}