{"id":5332,"date":"2025-12-07T02:50:36","date_gmt":"2025-12-07T02:50:36","guid":{"rendered":"https:\/\/airbrakehose.com\/product\/3-teiliges-druckluftbrems-und-zuendspulen-set-fuer-langheckmotorraeder-ohne-griffe-dot-zulassung-victory-technology\/"},"modified":"2025-12-07T02:50:36","modified_gmt":"2025-12-07T02:50:36","slug":"3-teiliges-druckluftbrems-und-zuendspulen-set-fuer-langheckmotorraeder-ohne-griffe-dot-zulassung-victory-technology","status":"publish","type":"product","link":"https:\/\/airbrakehose.com\/de\/produkt\/3-teiliges-druckluftbrems-und-zuendspulen-set-fuer-langheckmotorraeder-ohne-griffe-dot-zulassung-victory-technology\/","title":{"rendered":"3-teiliges Druckluftbrems- und Z\u00fcndspulen-Set f\u00fcr Langheckmotorr\u00e4der (ohne Griffe) \u2013 DOT-Zulassung | Victory Technology"},"content":{"rendered":"<h3 data-path-to-node=\"11\">\ud83d\udccc Product Overview<\/h3>\n<p data-path-to-node=\"12\"><b data-path-to-node=\"12\" data-index-in-node=\"0\">Die robuste Ersatzl\u00f6sung.<\/b><\/p>\n<p data-path-to-node=\"13\">Sind Ihre alten Druckluftleitungen geknickt oder undicht, aber Ihre Griffe und Kupplungen noch intakt, sparen Sie mit dem 3-teiligen Long-Tail-Z\u00fcndspulenset von Victory Technology bares Geld. Dieses Set enth\u00e4lt unsere hochwertigen Z\u00fcndspulen f\u00fcr Betriebsluft (blau), Notluft (rot) und ABS-Stromversorgung (gr\u00fcn) \u2013 ohne zus\u00e4tzliche Hardwarekosten. <\/p>\n<p data-path-to-node=\"14\">Diese in unserem Werk in Zhuji Aoke gefertigten Spulen verf\u00fcgen \u00fcber unsere charakteristischen gefertigten \u201eLong-Tail\u201c-Stahlfederschutzh\u00fclsen. Diese verl\u00e4ngerten Schutzh\u00fcllen (l\u00e4nger als Standardarmaturen) bieten eine hervorragende Unterst\u00fctzung an den Verbindungsstellen und reduzieren die Biegeerm\u00fcdung, die zu vorzeitigem Leitungsausfall f\u00fchrt, minimal. <\/p>\n<hr data-path-to-node=\"15\">\n<h3 data-path-to-node=\"16\">\ud83d\udd39 Warum sollten Sie sich f\u00fcr das Victory Long-Tail Ersatzteilset entscheiden?<\/h3>\n<ul data-path-to-node=\"17\">\n<li>\u2705 Wirtschaftlicher Ersatz:\n<p>Warum f\u00fcr Hardware bezahlen, die Sie nicht ben\u00f6tigen? Dieses Set wurde f\u00fcr Fuhrparkmanager entwickelt, die ihre vorhandenen Verl\u00e4ngerungsgriffe und Kupplungen weiterverwenden m\u00f6chten. Schrauben Sie Ihre alten Teile einfach auf unsere neuen, robusten DOT-Spulen.  <\/li>\n<li>\u2705 Einzigartiger \u201eLong-Tail\u201c-Schutz:\n<p>F\u00fcr maximale Langlebigkeit entwickelt. Die verl\u00e4ngerten Stahlfedersch\u00fctzer wirken wie ein R\u00fcckgrat und verhindern ein Abknicken des Schlauchs direkt am Verbindungsst\u00fcck. Dies ist die beste Verbesserung, um die Lebensdauer Ihrer Druckluftleitungen zu verl\u00e4ngern.  <\/li>\n<li>\u2705 3-teiliges unabh\u00e4ngiges System:\n<p>Drei separate Spulen bieten eine bessere Verlegeflexibilit\u00e4t als geb\u00fcndelte Leitungen. Sie k\u00f6nnen die Leitungen sp\u00e4ter einzeln austauschen, was die Wartungskosten weiter senkt. <\/li>\n<li>\n<p data-path-to-node=\"17,3,0\"><b data-path-to-node=\"17,3,0\" data-index-in-node=\"0\">\u2705 Hochwertige DOT-Materialien:<\/b><\/p>\n<ul data-path-to-node=\"17,3,1\">\n<li>\n<p data-path-to-node=\"17,3,1,0,0\">Luftspulen: Nylon\/PU-Hybrid mit hoher Formged\u00e4chtnisleistung, der die Anforderungen von DOT FMVSS 106 erf\u00fcllt.<\/p>\n<\/li>\n<li>\n<p data-path-to-node=\"17,3,1,1,0\">Elektrische Spule: PU der Arktisklasse mit 100% Kupferleitern (SAE J560).<\/p>\n<\/li>\n<\/ul>\n<\/li>\n<\/ul>\n<hr data-path-to-node=\"18\">\n<h3 data-path-to-node=\"19\">\ud83d\udd38 Technische Spezifikationen<\/h3>\n<p data-path-to-node=\"20\"><i data-path-to-node=\"20\" data-index-in-node=\"0\">Hergestellt nach nordamerikanischen DOT-Standards.<\/i><\/p>\n<table data-path-to-node=\"21\">\n<thead>\n<tr>\n<td><strong>Feature<\/strong><\/td>\n<td>Spezifikation<\/td>\n<\/tr>\n<\/thead>\n<tbody>\n<tr>\n<td>Set-Konfiguration<\/td>\n<td>3-teiliges Set (nur Leitungen \u2013 ohne Griffe)<\/td>\n<\/tr>\n<tr>\n<td>Druckluftschl\u00e4uche<\/td>\n<td>Nylon-Druckluftbremsspulen (rot &amp; blau) \u2013 DOT-zugelassen<\/td>\n<\/tr>\n<tr>\n<td>Elektrokabel<\/td>\n<td>7-adriges, gr\u00fcnes ABS-Kabel (SAE J560) \u2013 100 % Kupfer<\/td>\n<\/tr>\n<tr>\n<td>Schutz<\/td>\n<td>Verl\u00e4ngerte Stahlfederschutzb\u00fcgel<\/td>\n<\/tr>\n<tr>\n<td>Anschl\u00fcsse<\/td>\n<td>1\/2&#8243; NPT Drehverschluss Messing (Luft) \/ Metallstopfen (Elektrisch)<\/td>\n<\/tr>\n<tr>\n<td>L\u00e4ngen<\/td>\n<td>12 Fu\u00df (Standard) \/ 15 Fu\u00df (Lange Schwingung)<\/td>\n<\/tr>\n<tr>\n<td>Konformit\u00e4t<\/td>\n<td>DOT FMVSS 106, SAE J560<\/td>\n<\/tr>\n<\/tbody>\n<\/table>\n<hr data-path-to-node=\"22\">\n<h3 data-path-to-node=\"23\">\ud83d\udd39 Was ist in der Box enthalten?<\/h3>\n<ul data-path-to-node=\"24\">\n<li>\n<p data-path-to-node=\"24,0,0\">1\u00d7 Blaue Service-Luftspule (mit Langfedern und Messinganschl\u00fcssen)<\/p>\n<\/li>\n<li>\n<p data-path-to-node=\"24,1,0\">1\u00d7 Rote Notluftspule (mit Langfedern und Messinganschl\u00fcssen)<\/p>\n<\/li>\n<li>\n<p data-path-to-node=\"24,2,0\">1\u00d7 Gr\u00fcne 7-polige ABS-Elektrospule (mit langen Federn und Metallsteckern)<\/p>\n<\/li>\n<li>\n<p data-path-to-node=\"24,3,0\"><i data-path-to-node=\"24,3,0\" data-index-in-node=\"0\">\u274c Hinweis: Klappgriffe und Verl\u00e4ngerungsgriffe sind in diesem Set NICHT enthalten.<\/i><\/p>\n<\/li>\n<\/ul>\n<hr data-path-to-node=\"25\">\n<h3 data-path-to-node=\"26\">\ud83d\ude80 Jetzt ein Angebot ab Werk anfordern<\/h3>\n<p>Bereit zu bestellen? Egal ob Sie einen einzelnen Karton oder einen 40-Fu\u00df-Container ben\u00f6tigen, wir sind f\u00fcr Sie da. <\/p>\n<p>F\u00fcllen Sie das untenstehende Formular aus, um unseren aktuellen Katalog und unsere Gro\u00dfhandelspreisliste zu erhalten.<\/p>\n<p data-path-to-node=\"28\"><code data-path-to-node=\"28\" data-index-in-node=\"0\"><div class=\"wpforms-container \" id=\"wpforms-2617\"><form id=\"wpforms-form-2617\" class=\"wpforms-validate wpforms-form wpforms-ajax-form\" data-formid=\"2617\" method=\"post\" enctype=\"multipart\/form-data\" action=\"\/de\/wp-json\/wp\/v2\/product\/5332\" data-token=\"13378987007c46e16c688c5f0bea2de0\" data-token-time=\"1776109416\"><noscript class=\"wpforms-error-noscript\">Bitte aktiviere JavaScript in deinem Browser, um dieses Formular fertigzustellen.<\/noscript><div class=\"wpforms-field-container\"><div id=\"wpforms-2617-field_1-container\" class=\"wpforms-field wpforms-field-name\" data-field-id=\"1\"><label class=\"wpforms-field-label\" for=\"wpforms-2617-field_1\">Name <span class=\"wpforms-required-label\">*<\/span><\/label><input type=\"text\" id=\"wpforms-2617-field_1\" class=\"wpforms-field-large wpforms-field-required\" name=\"wpforms[fields][1]\" required><\/div><div id=\"wpforms-2617-field_2-container\" class=\"wpforms-field wpforms-field-email\" data-field-id=\"2\"><label class=\"wpforms-field-label\" for=\"wpforms-2617-field_2\">E-Mail <span class=\"wpforms-required-label\">*<\/span><\/label><input type=\"email\" id=\"wpforms-2617-field_2\" class=\"wpforms-field-large wpforms-field-required\" name=\"wpforms[fields][2]\" spellcheck=\"false\" required><\/div><div id=\"wpforms-2617-field_4-container\" class=\"wpforms-field wpforms-field-text\" data-field-id=\"4\"><label class=\"wpforms-field-label\" for=\"wpforms-2617-field_4\">Tel<\/label><input type=\"text\" id=\"wpforms-2617-field_4\" class=\"wpforms-field-medium\" name=\"wpforms[fields][4]\" ><\/div><div id=\"wpforms-2617-field_3-container\" class=\"wpforms-field wpforms-field-textarea\" data-field-id=\"3\"><label class=\"wpforms-field-label\" for=\"wpforms-2617-field_3\"> Nachricht<\/label><textarea id=\"wpforms-2617-field_3\" class=\"wpforms-field-medium\" name=\"wpforms[fields][3]\" ><\/textarea><\/div><\/div><!-- .wpforms-field-container --><div class=\"wpforms-submit-container\" ><input type=\"hidden\" name=\"wpforms[id]\" value=\"2617\"><input type=\"hidden\" name=\"page_title\" value=\"\"><input type=\"hidden\" name=\"page_url\" value=\"https:\/\/airbrakehose.com\/de\/wp-json\/wp\/v2\/product\/5332\"><input type=\"hidden\" name=\"url_referer\" value=\"\"><button type=\"submit\" name=\"wpforms[submit]\" id=\"wpforms-submit-2617\" class=\"wpforms-submit\" data-alt-text=\"Wird gesendet...\" data-submit-text=\"Nachricht senden\" aria-live=\"assertive\" value=\"wpforms-submit\">Nachricht senden<\/button><img decoding=\"async\" src=\"https:\/\/airbrakehose.com\/wp-content\/plugins\/wpforms\/assets\/images\/submit-spin.svg\" class=\"wpforms-submit-spinner\" style=\"display: none;\" width=\"26\" height=\"26\" alt=\"Wird geladen\"><\/div><\/form><\/div>  <!-- .wpforms-container --><\/code><\/p>\n","protected":false},"excerpt":{"rendered":"<p data-path-to-node=\"32\"><b data-path-to-node=\"32\" data-index-in-node=\"0\">3-teiliges Set mit langer Luft- und Elektrospule (Ersatzpackung).<\/b><\/p>\n<p data-path-to-node=\"33\">Set aus 3 separaten Hochleistungsspulen mit verl\u00e4ngerten Knickschutzfedern.<\/p>\n<ul data-path-to-node=\"34\">\n<li>\n<p data-path-to-node=\"34,0,0\">Beinhaltet: Rote, blaue und gr\u00fcne Spulen (nur Leitungen).<\/p>\n<\/li>\n<li>\n<p data-path-to-node=\"34,1,0\">Besonderheit: Lange Federschutzvorrichtungen zum Schutz vor Knicken.<\/p>\n<\/li>\n<li>\n<p data-path-to-node=\"34,2,0\">Format: Ersatzset (Verwenden Sie Ihre eigenen Griffe wieder).<\/p>\n<\/li>\n<li>\n<p data-path-to-node=\"34,3,0\">Material: DOT-Nylon-Luftleitungen + Kupfer-ABS-Kabel.<\/p>\n<\/li>\n<li>\n<p data-path-to-node=\"34,4,0\">Konformit\u00e4t: Genehmigt nach DOT FMVSS 106.<\/p>\n<\/li>\n<\/ul>\n<p data-path-to-node=\"35\"><b data-path-to-node=\"35\" data-index-in-node=\"0\">Auf Lager und versandbereit.<\/b><\/p>\n","protected":false},"featured_media":3321,"template":"","meta":{"_monsterinsights_skip_tracking":false,"_monsterinsights_sitenote_active":false,"_monsterinsights_sitenote_note":"","_monsterinsights_sitenote_category":0,"site-sidebar-layout":"default","site-content-layout":"","ast-site-content-layout":"default","site-content-style":"default","site-sidebar-style":"default","ast-global-header-display":"","ast-banner-title-visibility":"","ast-main-header-display":"","ast-hfb-above-header-display":"","ast-hfb-below-header-display":"","ast-hfb-mobile-header-display":"","site-post-title":"","ast-breadcrumbs-content":"","ast-featured-img":"","footer-sml-layout":"","ast-disable-related-posts":"","theme-transparent-header-meta":"default","adv-header-id-meta":"","stick-header-meta":"","header-above-stick-meta":"","header-main-stick-meta":"","header-below-stick-meta":"","astra-migrate-meta-layouts":"default","ast-page-background-enabled":"default","ast-page-background-meta":{"desktop":{"background-color":"","background-image":"","background-repeat":"repeat","background-position":"center center","background-size":"auto","background-attachment":"scroll","background-type":"","background-media":"","overlay-type":"","overlay-color":"","overlay-opacity":"","overlay-gradient":""},"tablet":{"background-color":"","background-image":"","background-repeat":"repeat","background-position":"center center","background-size":"auto","background-attachment":"scroll","background-type":"","background-media":"","overlay-type":"","overlay-color":"","overlay-opacity":"","overlay-gradient":""},"mobile":{"background-color":"","background-image":"","background-repeat":"repeat","background-position":"center center","background-size":"auto","background-attachment":"scroll","background-type":"","background-media":"","overlay-type":"","overlay-color":"","overlay-opacity":"","overlay-gradient":""}},"ast-content-background-meta":{"desktop":{"background-color":"var(--ast-global-color-5)","background-image":"","background-repeat":"repeat","background-position":"center center","background-size":"auto","background-attachment":"scroll","background-type":"","background-media":"","overlay-type":"","overlay-color":"","overlay-opacity":"","overlay-gradient":""},"tablet":{"background-color":"var(--ast-global-color-5)","background-image":"","background-repeat":"repeat","background-position":"center center","background-size":"auto","background-attachment":"scroll","background-type":"","background-media":"","overlay-type":"","overlay-color":"","overlay-opacity":"","overlay-gradient":""},"mobile":{"background-color":"var(--ast-global-color-5)","background-image":"","background-repeat":"repeat","background-position":"center center","background-size":"auto","background-attachment":"scroll","background-type":"","background-media":"","overlay-type":"","overlay-color":"","overlay-opacity":"","overlay-gradient":""}},"_joinchat":[]},"product_brand":[1193],"product_cat":[6484],"product_tag":[6485,6525,6527,6533,6534,6535,6543,6536,6541,6538,6531,6528,6526,6537,6523,6530,6539,6540,6532,6529,6524,6542,6544],"class_list":{"0":"post-5332","1":"product","2":"type-product","3":"status-publish","4":"has-post-thumbnail","6":"product_brand-victory-tech","7":"product_cat-druckluft-und-elektroanschlusssets","8":"product_tag-3-in-1-luftbremsschlauch-set","9":"product_tag-3-in-1-luftleitungsset-fur-sattelzugmaschinen","10":"product_tag-7-poliges-abs-stromkabelset","11":"product_tag-abs-7-polige-elektrische-spule","12":"product_tag-abs-kabel-aus-reinem-kupfer","13":"product_tag-anhangeranschlusskabel-und-luftleitungskombination","14":"product_tag-anleitung-zum-einbau-einer-3-in-1-luftleitungseinheit-fur-anhanger","15":"product_tag-austauschsatz-fur-flotten-luftbremsschlauche","16":"product_tag-bestes-3-in-1-druckluftbremsschlauchset-fur-sattelzugmaschinen","17":"product_tag-bremsleitungssatz-fur-nutzanhanger","18":"product_tag-dot-fmvss-106-druckluftbremsschlauch","19":"product_tag-dot-geprufter-spiralluftbremsschlauchsatz","20":"product_tag-druckluftbremsschlauchbundel-fur-traktoranhanger","21":"product_tag-hochleistungs-spiral-luftleitungsbaugruppe","22":"product_tag-langheck-airline-und-elektrokombination","23":"product_tag-langschwanz-federschutz-luftleitung","24":"product_tag-lkw-luft-und-elektroanschlusssatz","25":"product_tag-oem-sattelzug-luftleitungskombination","26":"product_tag-pu-nylon-spiralluftschlauch","27":"product_tag-rote-blaue-grune-3-in-1-luftleitungen","28":"product_tag-spiralluftbremsschlauch-und-abs-kabel","29":"product_tag-unterschied-zwischen-longtail-und-standard-airline-kits","30":"product_tag-was-ist-ein-langschwanz-luftbremsschlauch","31":"desktop-align-left","32":"tablet-align-left","33":"mobile-align-left","35":"first","36":"instock","37":"shipping-taxable","38":"product-type-simple"},"yoast_head":"<!-- This site is optimized with the Yoast SEO Premium plugin v26.4 (Yoast SEO v27.0) - https:\/\/yoast.com\/product\/yoast-seo-premium-wordpress\/ -->\n<title>3-teiliges Luftbrems- und Z\u00fcndspulen-Set f\u00fcr Longtail-Motorr\u00e4der | Victory Tech<\/title>\n<meta name=\"description\" content=\"Shop 3-Piece Long-Tail Coil Sets. Includes independent Red\/Blue Air Coils and Green ABS Cable with extended spring guards. DOT approved. Factory direct.\" \/>\n<meta name=\"robots\" content=\"index, follow, max-snippet:-1, max-image-preview:large, max-video-preview:-1\" \/>\n<link rel=\"canonical\" href=\"https:\/\/airbrakehose.com\/de\/produkt\/3-teiliges-druckluftbrems-und-zuendspulen-set-fuer-langheckmotorraeder-ohne-griffe-dot-zulassung-victory-technology\/\" \/>\n<meta property=\"og:locale\" content=\"de_DE\" \/>\n<meta property=\"og:type\" content=\"article\" \/>\n<meta property=\"og:title\" content=\"3-teiliges Druckluftbrems- und Z\u00fcndspulen-Set f\u00fcr Langheckmotorr\u00e4der (ohne Griffe) \u2013 DOT-Zulassung | Victory Technology\" \/>\n<meta property=\"og:description\" content=\"Shop 3-Piece Long-Tail Coil Sets. Includes independent Red\/Blue Air Coils and Green ABS Cable with extended spring guards. DOT approved. Factory direct.\" \/>\n<meta property=\"og:url\" content=\"https:\/\/airbrakehose.com\/de\/produkt\/3-teiliges-druckluftbrems-und-zuendspulen-set-fuer-langheckmotorraeder-ohne-griffe-dot-zulassung-victory-technology\/\" \/>\n<meta property=\"og:site_name\" content=\"Victory Tech.\" \/>\n<meta property=\"article:publisher\" content=\"https:\/\/www.facebook.com\/aokeautoparts\" \/>\n<meta property=\"og:image\" content=\"https:\/\/airbrakehose.com\/wp-content\/uploads\/2025\/12\/3-in-1_long-tail_air_brake_spiral_hose_and_7-way_electrical_cable_kit_for_semi-trucks.webp\" \/>\n\t<meta property=\"og:image:width\" content=\"1590\" \/>\n\t<meta property=\"og:image:height\" content=\"1550\" \/>\n\t<meta property=\"og:image:type\" content=\"image\/webp\" \/>\n<meta name=\"twitter:card\" content=\"summary_large_image\" \/>\n<meta name=\"twitter:label1\" content=\"Gesch\u00e4tzte Lesezeit\" \/>\n\t<meta name=\"twitter:data1\" content=\"2\u00a0Minuten\" \/>\n<script type=\"application\/ld+json\" class=\"yoast-schema-graph\">{\"@context\":\"https:\/\/schema.org\",\"@graph\":[{\"@type\":\"WebPage\",\"@id\":\"https:\/\/airbrakehose.com\/de\/produkt\/3-teiliges-druckluftbrems-und-zuendspulen-set-fuer-langheckmotorraeder-ohne-griffe-dot-zulassung-victory-technology\/\",\"url\":\"https:\/\/airbrakehose.com\/de\/produkt\/3-teiliges-druckluftbrems-und-zuendspulen-set-fuer-langheckmotorraeder-ohne-griffe-dot-zulassung-victory-technology\/\",\"name\":\"3-teiliges Luftbrems- und Z\u00fcndspulen-Set f\u00fcr Longtail-Motorr\u00e4der | Victory Tech\",\"isPartOf\":{\"@id\":\"https:\/\/airbrakehose.com\/de\/#website\"},\"primaryImageOfPage\":{\"@id\":\"https:\/\/airbrakehose.com\/de\/produkt\/3-teiliges-druckluftbrems-und-zuendspulen-set-fuer-langheckmotorraeder-ohne-griffe-dot-zulassung-victory-technology\/#primaryimage\"},\"image\":{\"@id\":\"https:\/\/airbrakehose.com\/de\/produkt\/3-teiliges-druckluftbrems-und-zuendspulen-set-fuer-langheckmotorraeder-ohne-griffe-dot-zulassung-victory-technology\/#primaryimage\"},\"thumbnailUrl\":\"https:\/\/airbrakehose.com\/wp-content\/uploads\/2025\/12\/3-in-1_long-tail_air_brake_spiral_hose_and_7-way_electrical_cable_kit_for_semi-trucks.webp\",\"datePublished\":\"2025-12-07T02:50:36+00:00\",\"description\":\"Shop 3-Piece Long-Tail Coil Sets. Includes independent Red\/Blue Air Coils and Green ABS Cable with extended spring guards. DOT approved. Factory direct.\",\"breadcrumb\":{\"@id\":\"https:\/\/airbrakehose.com\/de\/produkt\/3-teiliges-druckluftbrems-und-zuendspulen-set-fuer-langheckmotorraeder-ohne-griffe-dot-zulassung-victory-technology\/#breadcrumb\"},\"inLanguage\":\"de\",\"potentialAction\":[{\"@type\":\"ReadAction\",\"target\":[\"https:\/\/airbrakehose.com\/de\/produkt\/3-teiliges-druckluftbrems-und-zuendspulen-set-fuer-langheckmotorraeder-ohne-griffe-dot-zulassung-victory-technology\/\"]}]},{\"@type\":\"ImageObject\",\"inLanguage\":\"de\",\"@id\":\"https:\/\/airbrakehose.com\/de\/produkt\/3-teiliges-druckluftbrems-und-zuendspulen-set-fuer-langheckmotorraeder-ohne-griffe-dot-zulassung-victory-technology\/#primaryimage\",\"url\":\"https:\/\/airbrakehose.com\/wp-content\/uploads\/2025\/12\/3-in-1_long-tail_air_brake_spiral_hose_and_7-way_electrical_cable_kit_for_semi-trucks.webp\",\"contentUrl\":\"https:\/\/airbrakehose.com\/wp-content\/uploads\/2025\/12\/3-in-1_long-tail_air_brake_spiral_hose_and_7-way_electrical_cable_kit_for_semi-trucks.webp\",\"width\":1590,\"height\":1550},{\"@type\":\"BreadcrumbList\",\"@id\":\"https:\/\/airbrakehose.com\/de\/produkt\/3-teiliges-druckluftbrems-und-zuendspulen-set-fuer-langheckmotorraeder-ohne-griffe-dot-zulassung-victory-technology\/#breadcrumb\",\"itemListElement\":[{\"@type\":\"ListItem\",\"position\":1,\"name\":\"\u9996\u9875\",\"item\":\"https:\/\/airbrakehose.com\/de\/heim\/\"},{\"@type\":\"ListItem\",\"position\":2,\"name\":\"Gesch\u00e4ft\",\"item\":\"https:\/\/airbrakehose.com\/de\/geschaeft\/\"},{\"@type\":\"ListItem\",\"position\":3,\"name\":\"3-teiliges Druckluftbrems- und Z\u00fcndspulen-Set f\u00fcr Langheckmotorr\u00e4der (ohne Griffe) \u2013 DOT-Zulassung | Victory Technology\"}]},{\"@type\":\"WebSite\",\"@id\":\"https:\/\/airbrakehose.com\/de\/#website\",\"url\":\"https:\/\/airbrakehose.com\/de\/\",\"name\":\"Victory Technology\",\"description\":\"Industrial Hose &amp; Air Brake Solutions\",\"potentialAction\":[{\"@type\":\"SearchAction\",\"target\":{\"@type\":\"EntryPoint\",\"urlTemplate\":\"https:\/\/airbrakehose.com\/de\/?s={search_term_string}\"},\"query-input\":{\"@type\":\"PropertyValueSpecification\",\"valueRequired\":true,\"valueName\":\"search_term_string\"}}],\"inLanguage\":\"de\"}]}<\/script>\n<!-- \/ Yoast SEO Premium plugin. -->","yoast_head_json":{"title":"3-teiliges Luftbrems- und Z\u00fcndspulen-Set f\u00fcr Longtail-Motorr\u00e4der | Victory Tech","description":"Shop 3-Piece Long-Tail Coil Sets. Includes independent Red\/Blue Air Coils and Green ABS Cable with extended spring guards. DOT approved. Factory direct.","robots":{"index":"index","follow":"follow","max-snippet":"max-snippet:-1","max-image-preview":"max-image-preview:large","max-video-preview":"max-video-preview:-1"},"canonical":"https:\/\/airbrakehose.com\/de\/produkt\/3-teiliges-druckluftbrems-und-zuendspulen-set-fuer-langheckmotorraeder-ohne-griffe-dot-zulassung-victory-technology\/","og_locale":"de_DE","og_type":"article","og_title":"3-teiliges Druckluftbrems- und Z\u00fcndspulen-Set f\u00fcr Langheckmotorr\u00e4der (ohne Griffe) \u2013 DOT-Zulassung | Victory Technology","og_description":"Shop 3-Piece Long-Tail Coil Sets. Includes independent Red\/Blue Air Coils and Green ABS Cable with extended spring guards. DOT approved. Factory direct.","og_url":"https:\/\/airbrakehose.com\/de\/produkt\/3-teiliges-druckluftbrems-und-zuendspulen-set-fuer-langheckmotorraeder-ohne-griffe-dot-zulassung-victory-technology\/","og_site_name":"Victory Tech.","article_publisher":"https:\/\/www.facebook.com\/aokeautoparts","og_image":[{"width":1590,"height":1550,"url":"https:\/\/airbrakehose.com\/wp-content\/uploads\/2025\/12\/3-in-1_long-tail_air_brake_spiral_hose_and_7-way_electrical_cable_kit_for_semi-trucks.webp","type":"image\/webp"}],"twitter_card":"summary_large_image","twitter_misc":{"Gesch\u00e4tzte Lesezeit":"2\u00a0Minuten"},"schema":{"@context":"https:\/\/schema.org","@graph":[{"@type":"WebPage","@id":"https:\/\/airbrakehose.com\/de\/produkt\/3-teiliges-druckluftbrems-und-zuendspulen-set-fuer-langheckmotorraeder-ohne-griffe-dot-zulassung-victory-technology\/","url":"https:\/\/airbrakehose.com\/de\/produkt\/3-teiliges-druckluftbrems-und-zuendspulen-set-fuer-langheckmotorraeder-ohne-griffe-dot-zulassung-victory-technology\/","name":"3-teiliges Luftbrems- und Z\u00fcndspulen-Set f\u00fcr Longtail-Motorr\u00e4der | Victory Tech","isPartOf":{"@id":"https:\/\/airbrakehose.com\/de\/#website"},"primaryImageOfPage":{"@id":"https:\/\/airbrakehose.com\/de\/produkt\/3-teiliges-druckluftbrems-und-zuendspulen-set-fuer-langheckmotorraeder-ohne-griffe-dot-zulassung-victory-technology\/#primaryimage"},"image":{"@id":"https:\/\/airbrakehose.com\/de\/produkt\/3-teiliges-druckluftbrems-und-zuendspulen-set-fuer-langheckmotorraeder-ohne-griffe-dot-zulassung-victory-technology\/#primaryimage"},"thumbnailUrl":"https:\/\/airbrakehose.com\/wp-content\/uploads\/2025\/12\/3-in-1_long-tail_air_brake_spiral_hose_and_7-way_electrical_cable_kit_for_semi-trucks.webp","datePublished":"2025-12-07T02:50:36+00:00","description":"Shop 3-Piece Long-Tail Coil Sets. Includes independent Red\/Blue Air Coils and Green ABS Cable with extended spring guards. DOT approved. Factory direct.","breadcrumb":{"@id":"https:\/\/airbrakehose.com\/de\/produkt\/3-teiliges-druckluftbrems-und-zuendspulen-set-fuer-langheckmotorraeder-ohne-griffe-dot-zulassung-victory-technology\/#breadcrumb"},"inLanguage":"de","potentialAction":[{"@type":"ReadAction","target":["https:\/\/airbrakehose.com\/de\/produkt\/3-teiliges-druckluftbrems-und-zuendspulen-set-fuer-langheckmotorraeder-ohne-griffe-dot-zulassung-victory-technology\/"]}]},{"@type":"ImageObject","inLanguage":"de","@id":"https:\/\/airbrakehose.com\/de\/produkt\/3-teiliges-druckluftbrems-und-zuendspulen-set-fuer-langheckmotorraeder-ohne-griffe-dot-zulassung-victory-technology\/#primaryimage","url":"https:\/\/airbrakehose.com\/wp-content\/uploads\/2025\/12\/3-in-1_long-tail_air_brake_spiral_hose_and_7-way_electrical_cable_kit_for_semi-trucks.webp","contentUrl":"https:\/\/airbrakehose.com\/wp-content\/uploads\/2025\/12\/3-in-1_long-tail_air_brake_spiral_hose_and_7-way_electrical_cable_kit_for_semi-trucks.webp","width":1590,"height":1550},{"@type":"BreadcrumbList","@id":"https:\/\/airbrakehose.com\/de\/produkt\/3-teiliges-druckluftbrems-und-zuendspulen-set-fuer-langheckmotorraeder-ohne-griffe-dot-zulassung-victory-technology\/#breadcrumb","itemListElement":[{"@type":"ListItem","position":1,"name":"\u9996\u9875","item":"https:\/\/airbrakehose.com\/de\/heim\/"},{"@type":"ListItem","position":2,"name":"Gesch\u00e4ft","item":"https:\/\/airbrakehose.com\/de\/geschaeft\/"},{"@type":"ListItem","position":3,"name":"3-teiliges Druckluftbrems- und Z\u00fcndspulen-Set f\u00fcr Langheckmotorr\u00e4der (ohne Griffe) \u2013 DOT-Zulassung | Victory Technology"}]},{"@type":"WebSite","@id":"https:\/\/airbrakehose.com\/de\/#website","url":"https:\/\/airbrakehose.com\/de\/","name":"Victory Technology","description":"Industrial Hose &amp; Air Brake Solutions","potentialAction":[{"@type":"SearchAction","target":{"@type":"EntryPoint","urlTemplate":"https:\/\/airbrakehose.com\/de\/?s={search_term_string}"},"query-input":{"@type":"PropertyValueSpecification","valueRequired":true,"valueName":"search_term_string"}}],"inLanguage":"de"}]}},"_links":{"self":[{"href":"https:\/\/airbrakehose.com\/de\/wp-json\/wp\/v2\/product\/5332","targetHints":{"allow":["GET"]}}],"collection":[{"href":"https:\/\/airbrakehose.com\/de\/wp-json\/wp\/v2\/product"}],"about":[{"href":"https:\/\/airbrakehose.com\/de\/wp-json\/wp\/v2\/types\/product"}],"wp:featuredmedia":[{"embeddable":true,"href":"https:\/\/airbrakehose.com\/de\/wp-json\/wp\/v2\/media\/3321"}],"wp:attachment":[{"href":"https:\/\/airbrakehose.com\/de\/wp-json\/wp\/v2\/media?parent=5332"}],"wp:term":[{"taxonomy":"product_brand","embeddable":true,"href":"https:\/\/airbrakehose.com\/de\/wp-json\/wp\/v2\/product_brand?post=5332"},{"taxonomy":"product_cat","embeddable":true,"href":"https:\/\/airbrakehose.com\/de\/wp-json\/wp\/v2\/product_cat?post=5332"},{"taxonomy":"product_tag","embeddable":true,"href":"https:\/\/airbrakehose.com\/de\/wp-json\/wp\/v2\/product_tag?post=5332"}],"curies":[{"name":"wp","href":"https:\/\/api.w.org\/{rel}","templated":true}]}}