{"id":5243,"date":"2025-12-01T12:51:45","date_gmt":"2025-12-01T12:51:45","guid":{"rendered":"https:\/\/airbrakehose.com\/product\/hochleistungs-druckluftbremsschlauch-set-aus-gummi-mit-aluminiumgriffen-und-feder-sae-j140\/"},"modified":"2025-12-01T12:51:45","modified_gmt":"2025-12-01T12:51:45","slug":"hochleistungs-druckluftbremsschlauch-set-aus-gummi-mit-aluminiumgriffen-und-feder-sae-j140","status":"publish","type":"product","link":"https:\/\/airbrakehose.com\/de\/produkt\/hochleistungs-druckluftbremsschlauch-set-aus-gummi-mit-aluminiumgriffen-und-feder-sae-j140\/","title":{"rendered":"Hochleistungs-Druckluftbremsschlauch-Set aus Gummi mit Aluminiumgriffen und Feder | SAE J140"},"content":{"rendered":"<h3 data-path-to-node=\"9\">\ud83d\udccc Produkt\u00fcbersicht<\/h3>\n<p data-path-to-node=\"10\"><b data-path-to-node=\"10\" data-index-in-node=\"0\">Maximale Haltbarkeit f\u00fcr anspruchsvolle Verbindungen.<\/b><\/p>\n<p data-path-to-node=\"11\">R\u00fcsten Sie Ihr Fahrzeug mit dem robusten Druckluft-Bremsschlauch-Set aus Gummi von Victory Technology auf. Im Gegensatz zu herk\u00f6mmlichen Spiralleitungen aus Nylon verf\u00fcgt dieses Set \u00fcber widerstandsf\u00e4hige Gummischl\u00e4uche nach SAE J1402 (gerade Ausf\u00fchrung). Gummi bietet eine hervorragende Best\u00e4ndigkeit gegen Abrieb, Schnitte und Stra\u00dfenschmutz und ist daher die optimale Wahl f\u00fcr Umgebungen, in denen die Schl\u00e4uche an der Deckplatte oder an Ger\u00e4ten reiben k\u00f6nnten.  <\/p>\n<p data-path-to-node=\"12\">Dieses Komplett-Installationspaket ist mit hochwertigem Zubeh\u00f6r ausgestattet, darunter eloxierte Aluminiumgriffe f\u00fcr einfaches Kuppeln, eine robuste Tracker-Bar-Feder zum Halten der Leitungen und alle notwendigen Hardwareteile f\u00fcr eine leckagefreie Installation.<\/p>\n<hr data-path-to-node=\"13\">\n<h3 data-path-to-node=\"14\">\ud83d\udd39 Hauptmerkmale und Vorteile<\/h3>\n<ul data-path-to-node=\"15\">\n<li>\u2705 SAE J1402 Gummikonstruktion: Hergestellt aus hochwertigem, 3\/8&#8243; (9,5 mm) starkem, verst\u00e4rktem Gummi. Bietet im Vergleich zu Nylon hervorragende Flexibilit\u00e4t und \u00fcberlegene Abriebfestigkeit. Ideal f\u00fcr anspruchsvolle Anwendungen.  <\/li>\n<li>\u2705 Komplettes Aufh\u00e4ngungssystem: Beinhaltet eine 25 Zoll lange, hochbelastbare Zugfeder (Balancer) und eine Karabinerklemme. Dieses wichtige System st\u00fctzt die geraden Schl\u00e4uche und verhindert, dass sie auf dem Laufsteg schleifen und besch\u00e4digt werden. <\/li>\n<li>\u2705 Aluminium-Verl\u00e4ngerungsgriffe: Ausgestattet mit farbcodierten (rot\/blauen) eloxierten Aluminiumgriffen. Diese unverw\u00fcstlichen Griffe bieten maximale Hebelwirkung beim Verbinden von Kupplungen und sch\u00fctzen die Schlauchenden vor Knickbelastung. <\/li>\n<li>\u2705 Absolut dicht: Inklusive Dichtungsband und zus\u00e4tzlichen Unterlegscheiben. Die werkseitig verpressten Anschl\u00fcsse verf\u00fcgen \u00fcber Federschutz an einem Ende und eine robuste Zugentlastung am Griffende. <\/li>\n<li>\u2705 DOT FMVSS 106-konform: Vollst\u00e4ndig gepr\u00fcft und f\u00fcr den sicheren Einsatz auf Autobahnen in den USA und Kanada zertifiziert.<\/li>\n<\/ul>\n<hr data-path-to-node=\"16\">\n<h3 data-path-to-node=\"17\">\ud83d\udd38 Technische Spezifikationen<\/h3>\n<table data-path-to-node=\"18\">\n<thead>\n<tr>\n<td><strong>Feature<\/strong><\/td>\n<td>Specification<\/td>\n<\/tr>\n<\/thead>\n<tbody>\n<tr>\n<td>Schlauchmaterial<\/td>\n<td>SAE J1402 Typ A Gummi (3\/8&#8243; Innendurchmesser)<\/td>\n<\/tr>\n<tr>\n<td>Schlauchart<\/td>\n<td>Gerade (nicht gewickelt)<\/td>\n<\/tr>\n<tr>\n<td>Betriebsdruck<\/td>\n<td>225 PSI (\u00dcbertrifft den Standardwert von 150 PSI)<\/td>\n<\/tr>\n<tr>\n<td>Set-Bestandteile<\/td>\n<td>Schl\u00e4uche + Aluminiumgriffe + Karabinerhaken + Feder<\/td>\n<\/tr>\n<tr>\n<td>Anschl\u00fcsse<\/td>\n<td>1\/2&#8243; NPT-Au\u00dfengewinde-Messinganschl\u00fcsse (drehbar)<\/td>\n<\/tr>\n<tr>\n<td>Griffe<\/td>\n<td>Eloxiertes Aluminium (Rot &amp; Blau)<\/td>\n<\/tr>\n<tr>\n<td>Temperatur<\/td>\n<td>-40 \u00b0F bis +200 \u00b0F (-40 \u00b0C bis +93 \u00b0C)<\/td>\n<\/tr>\n<tr>\n<td>Konformit\u00e4t<\/td>\n<td>DOT FMVSS 106, SAE J1402<\/td>\n<\/tr>\n<\/tbody>\n<\/table>\n<hr data-path-to-node=\"19\">\n<h3 data-path-to-node=\"20\">\ud83d\udd39 Im Lieferumfang enthalten (Sie erhalten, was Sie sehen)<\/h3>\n<ul data-path-to-node=\"21\">\n<li>\n<p data-path-to-node=\"21,0,0\">1\u00d7 Roter Notfall-Gummischlauch (gerade, SAE J1402)<\/p>\n<\/li>\n<li>\n<p data-path-to-node=\"21,1,0\">1\u00d7 Blauer Service-Gummischlauch (gerade, SAE J1402)<\/p>\n<\/li>\n<li>\n<p data-path-to-node=\"21,2,0\">2\u00d7 Aluminium-Verl\u00e4ngerungsgriffe (Rot &amp; Blau, ger\u00e4ndelter Griff)<\/p>\n<\/li>\n<li>\n<p data-path-to-node=\"21,3,0\">2\u00d7 Gladhands (Aluminium, farbcodiert)<\/p>\n<\/li>\n<li>\n<p data-path-to-node=\"21,4,0\">1\u00d7 25&#8243; Hochleistungs-Aufh\u00e4ngungsfeder (Spurstangenfeder)<\/p>\n<\/li>\n<li>\n<p data-path-to-node=\"21,5,0\">1\u00d7 Schlauchtrennerklemme mit Karabiner<\/p>\n<\/li>\n<li>\n<p data-path-to-node=\"21,6,0\">1 Rolle PTFE-Gewindedichtband (gelbe H\u00fclle)<\/p>\n<\/li>\n<li>\n<p data-path-to-node=\"21,7,0\">8 zus\u00e4tzliche Gummidichtungen (4 rote, 4 blaue)<\/p>\n<\/li>\n<\/ul>\n<hr data-path-to-node=\"22\">\n<h3 data-path-to-node=\"23\">\ud83d\udd39 Kompatible Fahrzeuge<\/h3>\n<ul data-path-to-node=\"24\">\n<li>\n<p data-path-to-node=\"24,0,0\">Ideal f\u00fcr: Holztransporter, Pritschenwagen, Muldenkipper und Anwendungen, die gerade \u00dcberbr\u00fcckungsleitungen erfordern.<\/p>\n<\/li>\n<li>\n<p data-path-to-node=\"24,1,0\">Passend f\u00fcr: Universell passend f\u00fcr Sattelzugmaschinen der Marken Freightliner, Kenworth, Peterbilt, Mack, Volvo und International.<\/p>\n<\/li>\n<\/ul>\n<hr data-path-to-node=\"25\">\n<h3 data-path-to-node=\"26\">\ud83d\ude80 Jetzt ein Angebot ab Werk anfordern<\/h3>\n<p>Bereit zu bestellen? Egal ob Sie einen einzelnen Karton oder einen 40-Fu\u00df-Container ben\u00f6tigen, wir sind f\u00fcr Sie da. <\/p>\n<p>F\u00fcllen Sie das untenstehende Formular aus, um unseren aktuellen Katalog und unsere Gro\u00dfhandelspreisliste zu erhalten.<\/p>\n<p data-path-to-node=\"28\"><code data-path-to-node=\"28\" data-index-in-node=\"0\"><div class=\"wpforms-container \" id=\"wpforms-2617\"><form id=\"wpforms-form-2617\" class=\"wpforms-validate wpforms-form wpforms-ajax-form\" data-formid=\"2617\" method=\"post\" enctype=\"multipart\/form-data\" action=\"\/de\/wp-json\/wp\/v2\/product\/5243\" data-token=\"4523ad22904b5a8e96de58096e4b511b\" data-token-time=\"1776283273\"><noscript class=\"wpforms-error-noscript\">Bitte aktiviere JavaScript in deinem Browser, um dieses Formular fertigzustellen.<\/noscript><div class=\"wpforms-field-container\"><div id=\"wpforms-2617-field_1-container\" class=\"wpforms-field wpforms-field-name\" data-field-id=\"1\"><label class=\"wpforms-field-label\" for=\"wpforms-2617-field_1\">Name <span class=\"wpforms-required-label\">*<\/span><\/label><input type=\"text\" id=\"wpforms-2617-field_1\" class=\"wpforms-field-large wpforms-field-required\" name=\"wpforms[fields][1]\" required><\/div><div id=\"wpforms-2617-field_2-container\" class=\"wpforms-field wpforms-field-email\" data-field-id=\"2\"><label class=\"wpforms-field-label\" for=\"wpforms-2617-field_2\">E-Mail <span class=\"wpforms-required-label\">*<\/span><\/label><input type=\"email\" id=\"wpforms-2617-field_2\" class=\"wpforms-field-large wpforms-field-required\" name=\"wpforms[fields][2]\" spellcheck=\"false\" required><\/div><div id=\"wpforms-2617-field_4-container\" class=\"wpforms-field wpforms-field-text\" data-field-id=\"4\"><label class=\"wpforms-field-label\" for=\"wpforms-2617-field_4\">Tel<\/label><input type=\"text\" id=\"wpforms-2617-field_4\" class=\"wpforms-field-medium\" name=\"wpforms[fields][4]\" ><\/div><div id=\"wpforms-2617-field_3-container\" class=\"wpforms-field wpforms-field-textarea\" data-field-id=\"3\"><label class=\"wpforms-field-label\" for=\"wpforms-2617-field_3\"> Nachricht<\/label><textarea id=\"wpforms-2617-field_3\" class=\"wpforms-field-medium\" name=\"wpforms[fields][3]\" ><\/textarea><\/div><\/div><!-- .wpforms-field-container --><div class=\"wpforms-submit-container\" ><input type=\"hidden\" name=\"wpforms[id]\" value=\"2617\"><input type=\"hidden\" name=\"page_title\" value=\"\"><input type=\"hidden\" name=\"page_url\" value=\"https:\/\/airbrakehose.com\/de\/wp-json\/wp\/v2\/product\/5243\"><input type=\"hidden\" name=\"url_referer\" value=\"\"><button type=\"submit\" name=\"wpforms[submit]\" id=\"wpforms-submit-2617\" class=\"wpforms-submit\" data-alt-text=\"Wird gesendet...\" data-submit-text=\"Nachricht senden\" aria-live=\"assertive\" value=\"wpforms-submit\">Nachricht senden<\/button><img decoding=\"async\" src=\"https:\/\/airbrakehose.com\/wp-content\/plugins\/wpforms\/assets\/images\/submit-spin.svg\" class=\"wpforms-submit-spinner\" style=\"display: none;\" width=\"26\" height=\"26\" alt=\"Wird geladen\"><\/div><\/form><\/div>  <!-- .wpforms-container --><\/code><\/p>\n","protected":false},"excerpt":{"rendered":"<p data-path-to-node=\"32\"><b data-path-to-node=\"32\" data-index-in-node=\"0\">Kompletter SAE J1402 Gummi-Luftbremsschlauchsatz (gerade).<\/b><\/p>\n<p data-path-to-node=\"33\">Hochleistungs-Luftschlauchset aus Gummi mit Aufh\u00e4ngungsteilen und Aluminiumgriffen.<\/p>\n<ul data-path-to-node=\"34\">\n<li>\n<p data-path-to-node=\"34,0,0\">Schlauchtyp: Gerader Gummischlauch (SAE J1402) &#8211; Hervorragende Abriebfestigkeit.<\/p>\n<\/li>\n<li>\n<p data-path-to-node=\"34,1,0\">Lieferumfang: Schl\u00e4uche + Aluminiumgriffe + Kupplungsgriffe + Aufh\u00e4ngungsfeder.<\/p>\n<\/li>\n<li>\n<p data-path-to-node=\"34,2,0\">Extras: Enth\u00e4lt PTFE-Band und Ersatzdichtungen.<\/p>\n<\/li>\n<li>\n<p data-path-to-node=\"34,3,0\">Haltbarkeit: Ausgelegt f\u00fcr 225 PSI und extreme Wetterbedingungen.<\/p>\n<\/li>\n<li>\n<p data-path-to-node=\"34,4,0\">Konformit\u00e4t: Genehmigt nach DOT FMVSS 106.<\/p>\n<\/li>\n<\/ul>\n<p data-path-to-node=\"35\"><b data-path-to-node=\"35\" data-index-in-node=\"0\">Auf Lager und versandbereit.<\/b><\/p>\n","protected":false},"featured_media":2534,"template":"","meta":{"_monsterinsights_skip_tracking":false,"_monsterinsights_sitenote_active":false,"_monsterinsights_sitenote_note":"","_monsterinsights_sitenote_category":0,"site-sidebar-layout":"default","site-content-layout":"","ast-site-content-layout":"default","site-content-style":"default","site-sidebar-style":"default","ast-global-header-display":"","ast-banner-title-visibility":"","ast-main-header-display":"","ast-hfb-above-header-display":"","ast-hfb-below-header-display":"","ast-hfb-mobile-header-display":"","site-post-title":"","ast-breadcrumbs-content":"","ast-featured-img":"","footer-sml-layout":"","ast-disable-related-posts":"","theme-transparent-header-meta":"default","adv-header-id-meta":"","stick-header-meta":"","header-above-stick-meta":"","header-main-stick-meta":"","header-below-stick-meta":"","astra-migrate-meta-layouts":"default","ast-page-background-enabled":"default","ast-page-background-meta":{"desktop":{"background-color":"","background-image":"","background-repeat":"repeat","background-position":"center center","background-size":"auto","background-attachment":"scroll","background-type":"","background-media":"","overlay-type":"","overlay-color":"","overlay-opacity":"","overlay-gradient":""},"tablet":{"background-color":"","background-image":"","background-repeat":"repeat","background-position":"center center","background-size":"auto","background-attachment":"scroll","background-type":"","background-media":"","overlay-type":"","overlay-color":"","overlay-opacity":"","overlay-gradient":""},"mobile":{"background-color":"","background-image":"","background-repeat":"repeat","background-position":"center center","background-size":"auto","background-attachment":"scroll","background-type":"","background-media":"","overlay-type":"","overlay-color":"","overlay-opacity":"","overlay-gradient":""}},"ast-content-background-meta":{"desktop":{"background-color":"var(--ast-global-color-5)","background-image":"","background-repeat":"repeat","background-position":"center center","background-size":"auto","background-attachment":"scroll","background-type":"","background-media":"","overlay-type":"","overlay-color":"","overlay-opacity":"","overlay-gradient":""},"tablet":{"background-color":"var(--ast-global-color-5)","background-image":"","background-repeat":"repeat","background-position":"center center","background-size":"auto","background-attachment":"scroll","background-type":"","background-media":"","overlay-type":"","overlay-color":"","overlay-opacity":"","overlay-gradient":""},"mobile":{"background-color":"var(--ast-global-color-5)","background-image":"","background-repeat":"repeat","background-position":"center center","background-size":"auto","background-attachment":"scroll","background-type":"","background-media":"","overlay-type":"","overlay-color":"","overlay-opacity":"","overlay-gradient":""}},"_joinchat":[]},"product_brand":[1193],"product_cat":[6156,6209],"product_tag":[6325,6327,6328,6326,6324],"class_list":{"0":"post-5243","1":"product","2":"type-product","3":"status-publish","4":"has-post-thumbnail","6":"product_brand-victory-tech","7":"product_cat-druckluftbremsschlauchleitungen","8":"product_cat-gummi-druckluftbremsschlauche-sae-j1402","9":"product_tag-anhanger-service-und-notleitungsset","10":"product_tag-austausch-der-dot-anhanger-luftleitung","11":"product_tag-einbauteile-fur-lkw-druckluftbremsen","12":"product_tag-gladhands-schlauchset","13":"product_tag-luftbremsschlauchsatz-fur-sattelzugmaschinen","14":"desktop-align-left","15":"tablet-align-left","16":"mobile-align-left","18":"first","19":"instock","20":"featured","21":"shipping-taxable","22":"product-type-simple"},"yoast_head":"<!-- This site is optimized with the Yoast SEO Premium plugin v26.4 (Yoast SEO v27.0) - https:\/\/yoast.com\/product\/yoast-seo-premium-wordpress\/ -->\n<title>Luftbremsschlauch-Set aus Gummi mit Aluminiumgriffen und Feder - SAE J1402<\/title>\n<meta name=\"description\" content=\"Das komplette SAE J1402 Gummi-Druckluftbremsschlauch-Set ist jetzt erh\u00e4ltlich. Es beinhaltet gerade Gummileitungen, Aluminiumgriffe, Kupplungsk\u00f6pfe und eine Feder. DOT-gepr\u00fcft.\" \/>\n<meta name=\"robots\" content=\"index, follow, max-snippet:-1, max-image-preview:large, max-video-preview:-1\" \/>\n<link rel=\"canonical\" href=\"https:\/\/airbrakehose.com\/de\/produkt\/hochleistungs-druckluftbremsschlauch-set-aus-gummi-mit-aluminiumgriffen-und-feder-sae-j140\/\" \/>\n<meta property=\"og:locale\" content=\"de_DE\" \/>\n<meta property=\"og:type\" content=\"article\" \/>\n<meta property=\"og:title\" content=\"Hochleistungs-Druckluftbremsschlauch-Set aus Gummi mit Aluminiumgriffen und Feder | SAE J140\" \/>\n<meta property=\"og:description\" content=\"Das komplette SAE J1402 Gummi-Druckluftbremsschlauch-Set ist jetzt erh\u00e4ltlich. Es beinhaltet gerade Gummileitungen, Aluminiumgriffe, Kupplungsk\u00f6pfe und eine Feder. DOT-gepr\u00fcft.\" \/>\n<meta property=\"og:url\" content=\"https:\/\/airbrakehose.com\/de\/produkt\/hochleistungs-druckluftbremsschlauch-set-aus-gummi-mit-aluminiumgriffen-und-feder-sae-j140\/\" \/>\n<meta property=\"og:site_name\" content=\"Victory Tech.\" \/>\n<meta property=\"article:publisher\" content=\"https:\/\/www.facebook.com\/aokeautoparts\" \/>\n<meta property=\"og:image\" content=\"https:\/\/airbrakehose.com\/wp-content\/uploads\/2025\/12\/Rubber-Nylon_Trailer_Hose_Installation_Kit_for_Semi-Trucks_and_Trailers.webp\" \/>\n\t<meta property=\"og:image:width\" content=\"1500\" \/>\n\t<meta property=\"og:image:height\" content=\"1500\" \/>\n\t<meta property=\"og:image:type\" content=\"image\/webp\" \/>\n<meta name=\"twitter:card\" content=\"summary_large_image\" \/>\n<meta name=\"twitter:label1\" content=\"Gesch\u00e4tzte Lesezeit\" \/>\n\t<meta name=\"twitter:data1\" content=\"2\u00a0Minuten\" \/>\n<script type=\"application\/ld+json\" class=\"yoast-schema-graph\">{\"@context\":\"https:\/\/schema.org\",\"@graph\":[{\"@type\":\"WebPage\",\"@id\":\"https:\/\/airbrakehose.com\/de\/produkt\/hochleistungs-druckluftbremsschlauch-set-aus-gummi-mit-aluminiumgriffen-und-feder-sae-j140\/\",\"url\":\"https:\/\/airbrakehose.com\/de\/produkt\/hochleistungs-druckluftbremsschlauch-set-aus-gummi-mit-aluminiumgriffen-und-feder-sae-j140\/\",\"name\":\"Luftbremsschlauch-Set aus Gummi mit Aluminiumgriffen und Feder - SAE J1402\",\"isPartOf\":{\"@id\":\"https:\/\/airbrakehose.com\/de\/#website\"},\"primaryImageOfPage\":{\"@id\":\"https:\/\/airbrakehose.com\/de\/produkt\/hochleistungs-druckluftbremsschlauch-set-aus-gummi-mit-aluminiumgriffen-und-feder-sae-j140\/#primaryimage\"},\"image\":{\"@id\":\"https:\/\/airbrakehose.com\/de\/produkt\/hochleistungs-druckluftbremsschlauch-set-aus-gummi-mit-aluminiumgriffen-und-feder-sae-j140\/#primaryimage\"},\"thumbnailUrl\":\"https:\/\/airbrakehose.com\/wp-content\/uploads\/2025\/12\/Rubber-Nylon_Trailer_Hose_Installation_Kit_for_Semi-Trucks_and_Trailers.webp\",\"datePublished\":\"2025-12-01T12:51:45+00:00\",\"description\":\"Das komplette SAE J1402 Gummi-Druckluftbremsschlauch-Set ist jetzt erh\u00e4ltlich. Es beinhaltet gerade Gummileitungen, Aluminiumgriffe, Kupplungsk\u00f6pfe und eine Feder. DOT-gepr\u00fcft.\",\"breadcrumb\":{\"@id\":\"https:\/\/airbrakehose.com\/de\/produkt\/hochleistungs-druckluftbremsschlauch-set-aus-gummi-mit-aluminiumgriffen-und-feder-sae-j140\/#breadcrumb\"},\"inLanguage\":\"de\",\"potentialAction\":[{\"@type\":\"ReadAction\",\"target\":[\"https:\/\/airbrakehose.com\/de\/produkt\/hochleistungs-druckluftbremsschlauch-set-aus-gummi-mit-aluminiumgriffen-und-feder-sae-j140\/\"]}]},{\"@type\":\"ImageObject\",\"inLanguage\":\"de\",\"@id\":\"https:\/\/airbrakehose.com\/de\/produkt\/hochleistungs-druckluftbremsschlauch-set-aus-gummi-mit-aluminiumgriffen-und-feder-sae-j140\/#primaryimage\",\"url\":\"https:\/\/airbrakehose.com\/wp-content\/uploads\/2025\/12\/Rubber-Nylon_Trailer_Hose_Installation_Kit_for_Semi-Trucks_and_Trailers.webp\",\"contentUrl\":\"https:\/\/airbrakehose.com\/wp-content\/uploads\/2025\/12\/Rubber-Nylon_Trailer_Hose_Installation_Kit_for_Semi-Trucks_and_Trailers.webp\",\"width\":1500,\"height\":1500},{\"@type\":\"BreadcrumbList\",\"@id\":\"https:\/\/airbrakehose.com\/de\/produkt\/hochleistungs-druckluftbremsschlauch-set-aus-gummi-mit-aluminiumgriffen-und-feder-sae-j140\/#breadcrumb\",\"itemListElement\":[{\"@type\":\"ListItem\",\"position\":1,\"name\":\"\u9996\u9875\",\"item\":\"https:\/\/airbrakehose.com\/de\/heim\/\"},{\"@type\":\"ListItem\",\"position\":2,\"name\":\"Gesch\u00e4ft\",\"item\":\"https:\/\/airbrakehose.com\/de\/geschaeft\/\"},{\"@type\":\"ListItem\",\"position\":3,\"name\":\"Hochleistungs-Druckluftbremsschlauch-Set aus Gummi mit Aluminiumgriffen und Feder | SAE J140\"}]},{\"@type\":\"WebSite\",\"@id\":\"https:\/\/airbrakehose.com\/de\/#website\",\"url\":\"https:\/\/airbrakehose.com\/de\/\",\"name\":\"Victory Technology\",\"description\":\"Industrial Hose &amp; Air Brake Solutions\",\"potentialAction\":[{\"@type\":\"SearchAction\",\"target\":{\"@type\":\"EntryPoint\",\"urlTemplate\":\"https:\/\/airbrakehose.com\/de\/?s={search_term_string}\"},\"query-input\":{\"@type\":\"PropertyValueSpecification\",\"valueRequired\":true,\"valueName\":\"search_term_string\"}}],\"inLanguage\":\"de\"}]}<\/script>\n<!-- \/ Yoast SEO Premium plugin. -->","yoast_head_json":{"title":"Luftbremsschlauch-Set aus Gummi mit Aluminiumgriffen und Feder - SAE J1402","description":"Das komplette SAE J1402 Gummi-Druckluftbremsschlauch-Set ist jetzt erh\u00e4ltlich. Es beinhaltet gerade Gummileitungen, Aluminiumgriffe, Kupplungsk\u00f6pfe und eine Feder. DOT-gepr\u00fcft.","robots":{"index":"index","follow":"follow","max-snippet":"max-snippet:-1","max-image-preview":"max-image-preview:large","max-video-preview":"max-video-preview:-1"},"canonical":"https:\/\/airbrakehose.com\/de\/produkt\/hochleistungs-druckluftbremsschlauch-set-aus-gummi-mit-aluminiumgriffen-und-feder-sae-j140\/","og_locale":"de_DE","og_type":"article","og_title":"Hochleistungs-Druckluftbremsschlauch-Set aus Gummi mit Aluminiumgriffen und Feder | SAE J140","og_description":"Das komplette SAE J1402 Gummi-Druckluftbremsschlauch-Set ist jetzt erh\u00e4ltlich. Es beinhaltet gerade Gummileitungen, Aluminiumgriffe, Kupplungsk\u00f6pfe und eine Feder. DOT-gepr\u00fcft.","og_url":"https:\/\/airbrakehose.com\/de\/produkt\/hochleistungs-druckluftbremsschlauch-set-aus-gummi-mit-aluminiumgriffen-und-feder-sae-j140\/","og_site_name":"Victory Tech.","article_publisher":"https:\/\/www.facebook.com\/aokeautoparts","og_image":[{"width":1500,"height":1500,"url":"https:\/\/airbrakehose.com\/wp-content\/uploads\/2025\/12\/Rubber-Nylon_Trailer_Hose_Installation_Kit_for_Semi-Trucks_and_Trailers.webp","type":"image\/webp"}],"twitter_card":"summary_large_image","twitter_misc":{"Gesch\u00e4tzte Lesezeit":"2\u00a0Minuten"},"schema":{"@context":"https:\/\/schema.org","@graph":[{"@type":"WebPage","@id":"https:\/\/airbrakehose.com\/de\/produkt\/hochleistungs-druckluftbremsschlauch-set-aus-gummi-mit-aluminiumgriffen-und-feder-sae-j140\/","url":"https:\/\/airbrakehose.com\/de\/produkt\/hochleistungs-druckluftbremsschlauch-set-aus-gummi-mit-aluminiumgriffen-und-feder-sae-j140\/","name":"Luftbremsschlauch-Set aus Gummi mit Aluminiumgriffen und Feder - SAE J1402","isPartOf":{"@id":"https:\/\/airbrakehose.com\/de\/#website"},"primaryImageOfPage":{"@id":"https:\/\/airbrakehose.com\/de\/produkt\/hochleistungs-druckluftbremsschlauch-set-aus-gummi-mit-aluminiumgriffen-und-feder-sae-j140\/#primaryimage"},"image":{"@id":"https:\/\/airbrakehose.com\/de\/produkt\/hochleistungs-druckluftbremsschlauch-set-aus-gummi-mit-aluminiumgriffen-und-feder-sae-j140\/#primaryimage"},"thumbnailUrl":"https:\/\/airbrakehose.com\/wp-content\/uploads\/2025\/12\/Rubber-Nylon_Trailer_Hose_Installation_Kit_for_Semi-Trucks_and_Trailers.webp","datePublished":"2025-12-01T12:51:45+00:00","description":"Das komplette SAE J1402 Gummi-Druckluftbremsschlauch-Set ist jetzt erh\u00e4ltlich. Es beinhaltet gerade Gummileitungen, Aluminiumgriffe, Kupplungsk\u00f6pfe und eine Feder. DOT-gepr\u00fcft.","breadcrumb":{"@id":"https:\/\/airbrakehose.com\/de\/produkt\/hochleistungs-druckluftbremsschlauch-set-aus-gummi-mit-aluminiumgriffen-und-feder-sae-j140\/#breadcrumb"},"inLanguage":"de","potentialAction":[{"@type":"ReadAction","target":["https:\/\/airbrakehose.com\/de\/produkt\/hochleistungs-druckluftbremsschlauch-set-aus-gummi-mit-aluminiumgriffen-und-feder-sae-j140\/"]}]},{"@type":"ImageObject","inLanguage":"de","@id":"https:\/\/airbrakehose.com\/de\/produkt\/hochleistungs-druckluftbremsschlauch-set-aus-gummi-mit-aluminiumgriffen-und-feder-sae-j140\/#primaryimage","url":"https:\/\/airbrakehose.com\/wp-content\/uploads\/2025\/12\/Rubber-Nylon_Trailer_Hose_Installation_Kit_for_Semi-Trucks_and_Trailers.webp","contentUrl":"https:\/\/airbrakehose.com\/wp-content\/uploads\/2025\/12\/Rubber-Nylon_Trailer_Hose_Installation_Kit_for_Semi-Trucks_and_Trailers.webp","width":1500,"height":1500},{"@type":"BreadcrumbList","@id":"https:\/\/airbrakehose.com\/de\/produkt\/hochleistungs-druckluftbremsschlauch-set-aus-gummi-mit-aluminiumgriffen-und-feder-sae-j140\/#breadcrumb","itemListElement":[{"@type":"ListItem","position":1,"name":"\u9996\u9875","item":"https:\/\/airbrakehose.com\/de\/heim\/"},{"@type":"ListItem","position":2,"name":"Gesch\u00e4ft","item":"https:\/\/airbrakehose.com\/de\/geschaeft\/"},{"@type":"ListItem","position":3,"name":"Hochleistungs-Druckluftbremsschlauch-Set aus Gummi mit Aluminiumgriffen und Feder | SAE J140"}]},{"@type":"WebSite","@id":"https:\/\/airbrakehose.com\/de\/#website","url":"https:\/\/airbrakehose.com\/de\/","name":"Victory Technology","description":"Industrial Hose &amp; Air Brake Solutions","potentialAction":[{"@type":"SearchAction","target":{"@type":"EntryPoint","urlTemplate":"https:\/\/airbrakehose.com\/de\/?s={search_term_string}"},"query-input":{"@type":"PropertyValueSpecification","valueRequired":true,"valueName":"search_term_string"}}],"inLanguage":"de"}]}},"_links":{"self":[{"href":"https:\/\/airbrakehose.com\/de\/wp-json\/wp\/v2\/product\/5243","targetHints":{"allow":["GET"]}}],"collection":[{"href":"https:\/\/airbrakehose.com\/de\/wp-json\/wp\/v2\/product"}],"about":[{"href":"https:\/\/airbrakehose.com\/de\/wp-json\/wp\/v2\/types\/product"}],"wp:featuredmedia":[{"embeddable":true,"href":"https:\/\/airbrakehose.com\/de\/wp-json\/wp\/v2\/media\/2534"}],"wp:attachment":[{"href":"https:\/\/airbrakehose.com\/de\/wp-json\/wp\/v2\/media?parent=5243"}],"wp:term":[{"taxonomy":"product_brand","embeddable":true,"href":"https:\/\/airbrakehose.com\/de\/wp-json\/wp\/v2\/product_brand?post=5243"},{"taxonomy":"product_cat","embeddable":true,"href":"https:\/\/airbrakehose.com\/de\/wp-json\/wp\/v2\/product_cat?post=5243"},{"taxonomy":"product_tag","embeddable":true,"href":"https:\/\/airbrakehose.com\/de\/wp-json\/wp\/v2\/product_tag?post=5243"}],"curies":[{"name":"wp","href":"https:\/\/api.w.org\/{rel}","templated":true}]}}