{"id":5231,"date":"2025-12-01T12:44:16","date_gmt":"2025-12-01T12:44:16","guid":{"rendered":"https:\/\/airbrakehose.com\/product\/langschlauch-luftbremsanlage-mit-aluminiumgriffen-und-kupplungen-verlaengerte-anschlussleitungen-dot-zulassung\/"},"modified":"2025-12-01T12:44:16","modified_gmt":"2025-12-01T12:44:16","slug":"langschlauch-luftbremsanlage-mit-aluminiumgriffen-und-kupplungen-verlaengerte-anschlussleitungen-dot-zulassung","status":"publish","type":"product","link":"https:\/\/airbrakehose.com\/de\/produkt\/langschlauch-luftbremsanlage-mit-aluminiumgriffen-und-kupplungen-verlaengerte-anschlussleitungen-dot-zulassung\/","title":{"rendered":"Langschlauch-Luftbremsanlage mit Aluminiumgriffen und -kupplungen (verl\u00e4ngerte Anschlussleitungen) | DOT-Zulassung"},"content":{"rendered":"<h3 data-path-to-node=\"7\">\ud83d\udccc Produkt\u00fcbersicht<\/h3>\n<p data-path-to-node=\"8\"><b data-path-to-node=\"8\" data-index-in-node=\"0\">F\u00fcr maximale Reichweite entwickelt. F\u00fcr extreme Langlebigkeit gebaut. <\/b><\/p>\n<p data-path-to-node=\"9\">Standard-Spulen versagen aufgrund st\u00e4ndiger Biegeerm\u00fcdung h\u00e4ufig an der Verbindungsstelle. Wir bei Victory Technology haben unsere \u00fcber 20-j\u00e4hrige Fertigungserfahrung (Werk: Zhuji Aoke) genutzt, um eine L\u00f6sung zu entwickeln: das Long Tail Air Brake Hose Kit. <\/p>\n<p data-path-to-node=\"10\">Durch die Verwendung verl\u00e4ngerter, gerader Schlauchleitungen am Zugmaschinenende wird die Belastungsspitze von den Anschl\u00fcssen weg verlagert, wodurch das Risiko von Rissen und Luftlecks drastisch reduziert wird. Diese L\u00f6sung ist ideal f\u00fcr Lkw mit verschiebbarer Sattelkupplung, Wohnmobile und Flotten, die eine besonders flexible Schlauchf\u00fchrung ben\u00f6tigen. <\/p>\n<p data-path-to-node=\"11\">Dieses \u201ePlug &amp; Play\u201c-Set wird vormontiert mit robusten Aluminium-Verl\u00e4ngerungsgriffen und -Klemmen geliefert und erm\u00f6glicht so eine professionelle, DOT-konforme Verbindung direkt nach dem Auspacken.<\/p>\n<hr data-path-to-node=\"12\">\n<h3 data-path-to-node=\"13\">\ud83d\udd39 Warum das Victory &#8222;Long Tail&#8220; Kit w\u00e4hlen?<\/h3>\n<ul data-path-to-node=\"14\">\n<li>\u2705 Wissenschaftlich entwickelter \u201eLanger Schwanz\u201c (Ziptail):\n<p>Wir haben den Schlauch nicht nur verl\u00e4ngert, sondern auch die Spannungsverteilung optimiert. Der verl\u00e4ngerte gerade Abschnitt verhindert, dass der Schlauch an der Verbindung \u201eklemmt\u201c, was die h\u00e4ufigste Ursache f\u00fcr Pannen unterwegs ist. <\/li>\n<li>\u2705 Laborgepr\u00fcftes Nylon in \u201eArktisqualit\u00e4t\u201c:\n<p>LKW-Transporte im Norden? Kein Problem. Unser reines Nylon 12 (PA12) wird in unserem hauseigenen Labor getestet und bleibt selbst bei -40 \u00b0C flexibel und knickfrei. Wir verwenden UV-stabilisierte Harze, um Sonnensch\u00e4den im Sommer vorzubeugen.   <\/li>\n<li>\u2705 Unzerst\u00f6rbare Aluminiumgriffe:\n<p>Kunststoffgriffe brechen leicht; unsere nicht. Die mitgelieferten Verl\u00e4ngerungsgriffe aus eloxiertem Aluminium bieten eine optimale Hebelwirkung beim Verbinden von Kupplungen und sorgen so f\u00fcr die Sicherheit der Fahrer und saubere H\u00e4nde. <\/li>\n<li>\u2705 Gepr\u00fcfte DOT-Sicherheit:\n<p>Sicherheit hat in unserem Werk h\u00f6chste Priorit\u00e4t. Diese Baugruppe wird strengstens gepr\u00fcft, um die Standards DOT FMVSS 106 und SAE J844 zu erf\u00fcllen. Wir besitzen einen g\u00fcltigen US-DOT-Herstellercode und gew\u00e4hrleisten so die vollst\u00e4ndige Einhaltung aller gesetzlichen Bestimmungen f\u00fcr Ihre Fahrzeugflotte.  <\/li>\n<\/ul>\n<hr data-path-to-node=\"15\">\n<h3 data-path-to-node=\"16\">\ud83d\udd38 Technische Spezifikationen<\/h3>\n<p data-path-to-node=\"17\"><i data-path-to-node=\"17\" data-index-in-node=\"0\">Hergestellt in unserer nach ISO\/TS16949 zertifizierten Produktionsst\u00e4tte.<\/i><\/p>\n<table data-path-to-node=\"18\">\n<thead>\n<tr>\n<td><strong>Feature<\/strong><\/td>\n<td>Specification<\/td>\n<\/tr>\n<\/thead>\n<tbody>\n<tr>\n<td>Schlauchmaterial<\/td>\n<td>Neues Nylon 12 (PA12) \u2013 Arktisqualit\u00e4t<\/td>\n<\/tr>\n<tr>\n<td>Designtyp<\/td>\n<td>Langer Schwanz (Verl\u00e4ngerter Zopf)<\/td>\n<\/tr>\n<tr>\n<td>Rohrdurchmesser<\/td>\n<td>1\/2&#8243; Au\u00dfendurchmesser (Standard-Hochleistungsausf\u00fchrung)<\/td>\n<\/tr>\n<tr>\n<td>Anschl\u00fcsse<\/td>\n<td>1\/2&#8243; NPT Messinganschl\u00fcsse (vorgedichtet)<\/td>\n<\/tr>\n<tr>\n<td>Griffe<\/td>\n<td>Eloxiertes Aluminium (ger\u00e4ndelt f\u00fcr besseren Halt)<\/td>\n<\/tr>\n<tr>\n<td>Betriebsdruck<\/td>\n<td>150 PSI (Berstdruck &gt;950 PSI)<\/td>\n<\/tr>\n<tr>\n<td>Temperatur<\/td>\n<td>-40 \u00b0C bis +100 \u00b0C (-40 \u00b0F bis +212 \u00b0F)<\/td>\n<\/tr>\n<tr>\n<td>Konformit\u00e4t<\/td>\n<td>DOT FMVSS 106, SAE J844<\/td>\n<\/tr>\n<\/tbody>\n<\/table>\n<hr data-path-to-node=\"19\">\n<h3 data-path-to-node=\"20\">\ud83d\udd39 Im Lieferumfang enthalten<\/h3>\n<ul data-path-to-node=\"21\">\n<li>\n<p data-path-to-node=\"21,0,0\">1\u00d7 Langer roter Notfall-Spiralschlauch (vormontiert)<\/p>\n<\/li>\n<li>\n<p data-path-to-node=\"21,1,0\">1\u00d7 Langschlauch-Serviceschlauch, blau, vormontiert<\/p>\n<\/li>\n<li>\n<p data-path-to-node=\"21,2,0\">2x Aluminium-Verl\u00e4ngerungsgriffe (montiert)<\/p>\n<\/li>\n<li>\n<p data-path-to-node=\"21,3,0\">2\u00d7 Glad Hands (rote und blaue Verbinder)<\/p>\n<\/li>\n<li>\n<p data-path-to-node=\"21,4,0\">4\u00d7 Gummidichtungsscheiben (Ersatzteile)<\/p>\n<\/li>\n<li>\n<p data-path-to-node=\"21,5,0\">1\u00d7 Schlauchleitungsst\u00fctzring (Zartfeder)<\/p>\n<\/li>\n<\/ul>\n<hr data-path-to-node=\"22\">\n<h3 data-path-to-node=\"23\">\ud83d\udd39 Passformkompatibilit\u00e4t<\/h3>\n<ul data-path-to-node=\"24\">\n<li>\n<p data-path-to-node=\"24,0,0\">Nutzfahrzeuge: Freightliner, Kenworth, Peterbilt, International, Volvo, Mack, Western Star.1<\/p>\n<\/li>\n<li>\n<p data-path-to-node=\"24,1,0\">Anh\u00e4ngertypen: Pritschenwagen, K\u00fchlauflieger, Tankwagen, Kofferauflieger.<\/p>\n<\/li>\n<li>\n<p data-path-to-node=\"24,2,0\">Freizeitfahrzeuge (RVs): Diesel-Pusher, Bus-RVs und Fifth-Wheel-Konfigurationen, die Druckluftbremsen erfordern.<\/p>\n<\/li>\n<\/ul>\n<hr data-path-to-node=\"25\">\n<h3 data-path-to-node=\"26\">\ud83d\udee1\ufe0f Der Technologievorteil von Victory<\/h3>\n<p data-path-to-node=\"27\"><i data-path-to-node=\"27\" data-index-in-node=\"0\">Direkt vom Hersteller. Ohne Zwischenh\u00e4ndler. <\/i><\/p>\n<p data-path-to-node=\"28\">Im Gegensatz zu generischen Wiederverk\u00e4ufern ist Victory Technology die exklusive Exportabteilung der Zhuji Aoke Factory.2 Wenn Sie dieses Set kaufen, kaufen Sie direkt vom Hersteller, der die Schl\u00e4uche extrudiert und die Fittings fertigt.<\/p>\n<ul data-path-to-node=\"29\">\n<li>\n<p data-path-to-node=\"29,0,0\">R\u00fcckverfolgbarkeit: Jeder Schlauch ist mit unserem DOT-Code bedruckt.<\/p>\n<\/li>\n<li>\n<p data-path-to-node=\"29,1,0\">Konstanz: Wir kontrollieren die Qualit\u00e4t vom Rohharz bis zum fertigen Bausatz.<\/p>\n<\/li>\n<li>\n<p data-path-to-node=\"29,2,0\">Preis-Leistungs-Verh\u00e4ltnis: Fabrikpreise mit professionellem Exportservice.<\/p>\n<\/li>\n<\/ul>\n<hr data-path-to-node=\"30\">\n<h3 data-path-to-node=\"31\">\ud83d\ude80 Jetzt ein Angebot ab Werk anfordern<\/h3>\n<p>Bereit zu bestellen? Egal ob Sie einen einzelnen Karton oder einen 40-Fu\u00df-Container ben\u00f6tigen, wir sind f\u00fcr Sie da. <\/p>\n<p>F\u00fcllen Sie das untenstehende Formular aus, um unseren aktuellen Katalog und unsere Gro\u00dfhandelspreisliste zu erhalten.<\/p>\n<p data-path-to-node=\"33\"><code data-path-to-node=\"33\" data-index-in-node=\"0\"><div class=\"wpforms-container \" id=\"wpforms-2617\"><form id=\"wpforms-form-2617\" class=\"wpforms-validate wpforms-form wpforms-ajax-form\" data-formid=\"2617\" method=\"post\" enctype=\"multipart\/form-data\" action=\"\/de\/wp-json\/wp\/v2\/product\/5231\" data-token=\"af4e39966c1e26775f42a1aaaad9153d\" data-token-time=\"1776014976\"><noscript class=\"wpforms-error-noscript\">Bitte aktiviere JavaScript in deinem Browser, um dieses Formular fertigzustellen.<\/noscript><div class=\"wpforms-field-container\"><div id=\"wpforms-2617-field_1-container\" class=\"wpforms-field wpforms-field-name\" data-field-id=\"1\"><label class=\"wpforms-field-label\" for=\"wpforms-2617-field_1\">Name <span class=\"wpforms-required-label\">*<\/span><\/label><input type=\"text\" id=\"wpforms-2617-field_1\" class=\"wpforms-field-large wpforms-field-required\" name=\"wpforms[fields][1]\" required><\/div><div id=\"wpforms-2617-field_2-container\" class=\"wpforms-field wpforms-field-email\" data-field-id=\"2\"><label class=\"wpforms-field-label\" for=\"wpforms-2617-field_2\">E-Mail <span class=\"wpforms-required-label\">*<\/span><\/label><input type=\"email\" id=\"wpforms-2617-field_2\" class=\"wpforms-field-large wpforms-field-required\" name=\"wpforms[fields][2]\" spellcheck=\"false\" required><\/div><div id=\"wpforms-2617-field_4-container\" class=\"wpforms-field wpforms-field-text\" data-field-id=\"4\"><label class=\"wpforms-field-label\" for=\"wpforms-2617-field_4\">Tel<\/label><input type=\"text\" id=\"wpforms-2617-field_4\" class=\"wpforms-field-medium\" name=\"wpforms[fields][4]\" ><\/div><div id=\"wpforms-2617-field_3-container\" class=\"wpforms-field wpforms-field-textarea\" data-field-id=\"3\"><label class=\"wpforms-field-label\" for=\"wpforms-2617-field_3\"> Nachricht<\/label><textarea id=\"wpforms-2617-field_3\" class=\"wpforms-field-medium\" name=\"wpforms[fields][3]\" ><\/textarea><\/div><\/div><!-- .wpforms-field-container --><div class=\"wpforms-submit-container\" ><input type=\"hidden\" name=\"wpforms[id]\" value=\"2617\"><input type=\"hidden\" name=\"page_title\" value=\"\"><input type=\"hidden\" name=\"page_url\" value=\"https:\/\/airbrakehose.com\/de\/wp-json\/wp\/v2\/product\/5231\"><input type=\"hidden\" name=\"url_referer\" value=\"\"><button type=\"submit\" name=\"wpforms[submit]\" id=\"wpforms-submit-2617\" class=\"wpforms-submit\" data-alt-text=\"Wird gesendet...\" data-submit-text=\"Nachricht senden\" aria-live=\"assertive\" value=\"wpforms-submit\">Nachricht senden<\/button><img decoding=\"async\" src=\"https:\/\/airbrakehose.com\/wp-content\/plugins\/wpforms\/assets\/images\/submit-spin.svg\" class=\"wpforms-submit-spinner\" style=\"display: none;\" width=\"26\" height=\"26\" alt=\"Wird geladen\"><\/div><\/form><\/div>  <!-- .wpforms-container --><\/code><\/p>\n","protected":false},"excerpt":{"rendered":"<p>DOT-zugelassener Druckluftbremsschlauchsatz mit verl\u00e4ngertem Schlauchende und Aluminiumgriffen.<\/p>\n<p>Komplettset mit verl\u00e4ngerten Anschlussleitungen f\u00fcr geringere Biegebelastung.<\/p>\n<p>Ausf\u00fchrung: Lange Schlauchleitungen f\u00fcr Sattelauflieger und Wohnmobile.<\/p>\n<p>Inhalt: Rote und blaue Schlauchleitungen, Aluminiumgriffe und \u00dcberwurfmuttern.<\/p>\n<p>Material: Hochwertiges PA12-Nylon (bis -40 \u00b0C).<\/p>\n<p>Konformit\u00e4t: DOT FMVSS 106 und SAE J844.<\/p>\n<p>Haltbarkeit: Laborgepr\u00fcft auf hohen Berstdruck.<\/p>\n<p>Sofort lieferbar.<\/p>\n","protected":false},"featured_media":2531,"template":"","meta":{"_monsterinsights_skip_tracking":false,"_monsterinsights_sitenote_active":false,"_monsterinsights_sitenote_note":"","_monsterinsights_sitenote_category":0,"site-sidebar-layout":"default","site-content-layout":"","ast-site-content-layout":"default","site-content-style":"default","site-sidebar-style":"default","ast-global-header-display":"","ast-banner-title-visibility":"","ast-main-header-display":"","ast-hfb-above-header-display":"","ast-hfb-below-header-display":"","ast-hfb-mobile-header-display":"","site-post-title":"","ast-breadcrumbs-content":"","ast-featured-img":"","footer-sml-layout":"","ast-disable-related-posts":"","theme-transparent-header-meta":"default","adv-header-id-meta":"","stick-header-meta":"","header-above-stick-meta":"","header-main-stick-meta":"","header-below-stick-meta":"","astra-migrate-meta-layouts":"default","ast-page-background-enabled":"default","ast-page-background-meta":{"desktop":{"background-color":"","background-image":"","background-repeat":"repeat","background-position":"center center","background-size":"auto","background-attachment":"scroll","background-type":"","background-media":"","overlay-type":"","overlay-color":"","overlay-opacity":"","overlay-gradient":""},"tablet":{"background-color":"","background-image":"","background-repeat":"repeat","background-position":"center center","background-size":"auto","background-attachment":"scroll","background-type":"","background-media":"","overlay-type":"","overlay-color":"","overlay-opacity":"","overlay-gradient":""},"mobile":{"background-color":"","background-image":"","background-repeat":"repeat","background-position":"center center","background-size":"auto","background-attachment":"scroll","background-type":"","background-media":"","overlay-type":"","overlay-color":"","overlay-opacity":"","overlay-gradient":""}},"ast-content-background-meta":{"desktop":{"background-color":"var(--ast-global-color-5)","background-image":"","background-repeat":"repeat","background-position":"center center","background-size":"auto","background-attachment":"scroll","background-type":"","background-media":"","overlay-type":"","overlay-color":"","overlay-opacity":"","overlay-gradient":""},"tablet":{"background-color":"var(--ast-global-color-5)","background-image":"","background-repeat":"repeat","background-position":"center center","background-size":"auto","background-attachment":"scroll","background-type":"","background-media":"","overlay-type":"","overlay-color":"","overlay-opacity":"","overlay-gradient":""},"mobile":{"background-color":"var(--ast-global-color-5)","background-image":"","background-repeat":"repeat","background-position":"center center","background-size":"auto","background-attachment":"scroll","background-type":"","background-media":"","overlay-type":"","overlay-color":"","overlay-opacity":"","overlay-gradient":""}},"_joinchat":[]},"product_brand":[1193],"product_cat":[6156,6173],"product_tag":[6288,6289,6322,6320,6321,6323,6284],"class_list":{"0":"post-5231","1":"product","2":"type-product","3":"status-publish","4":"has-post-thumbnail","6":"product_brand-victory-tech","7":"product_cat-druckluftbremsschlauchleitungen","8":"product_cat-spiralige-nylon-luftschlauche-suzi-spiralen","9":"product_tag-12-fus-langer-anhanger-luftschlauch","10":"product_tag-15-fus-luftbremsleitungssatz","11":"product_tag-austauschsatz-fur-wohnmobil-luftbremsen","12":"product_tag-luftschlauche-fur-langheckanhanger","13":"product_tag-notbremsleitungen","14":"product_tag-satz-aufgespiralter-luftschlauche-fur-sattelzugmaschinen","15":"product_tag-teile-der-druckluftbremse-fur-traktoren-und-anhanger","16":"desktop-align-left","17":"tablet-align-left","18":"mobile-align-left","20":"first","21":"instock","22":"featured","23":"shipping-taxable","24":"product-type-simple"},"yoast_head":"<!-- This site is optimized with the Yoast SEO Premium plugin v26.4 (Yoast SEO v27.0) - https:\/\/yoast.com\/product\/yoast-seo-premium-wordpress\/ -->\n<title>Luftbremsschlauch-Kit f\u00fcr langes Heck mit Aluminiumgriffen \u2013 DOT-gepr\u00fcft | Victory Tech<\/title>\n<meta name=\"description\" content=\"Hol dir das komplette Long Tail Druckluftbremsschlauch-Set. Mit verl\u00e4ngerten Anschlussschl\u00e4uchen, Aluminiumgriffen und Kupplungsk\u00f6pfen. DOT-zugelassen f\u00fcr Lkw und Wohnmobile. Direkt vom Hersteller.\" \/>\n<meta name=\"robots\" content=\"index, follow, max-snippet:-1, max-image-preview:large, max-video-preview:-1\" \/>\n<link rel=\"canonical\" href=\"https:\/\/airbrakehose.com\/de\/produkt\/langschlauch-luftbremsanlage-mit-aluminiumgriffen-und-kupplungen-verlaengerte-anschlussleitungen-dot-zulassung\/\" \/>\n<meta property=\"og:locale\" content=\"de_DE\" \/>\n<meta property=\"og:type\" content=\"article\" \/>\n<meta property=\"og:title\" content=\"Langschlauch-Luftbremsanlage mit Aluminiumgriffen und -kupplungen (verl\u00e4ngerte Anschlussleitungen) | DOT-Zulassung\" \/>\n<meta property=\"og:description\" content=\"Hol dir das komplette Long Tail Druckluftbremsschlauch-Set. Mit verl\u00e4ngerten Anschlussschl\u00e4uchen, Aluminiumgriffen und Kupplungsk\u00f6pfen. DOT-zugelassen f\u00fcr Lkw und Wohnmobile. Direkt vom Hersteller.\" \/>\n<meta property=\"og:url\" content=\"https:\/\/airbrakehose.com\/de\/produkt\/langschlauch-luftbremsanlage-mit-aluminiumgriffen-und-kupplungen-verlaengerte-anschlussleitungen-dot-zulassung\/\" \/>\n<meta property=\"og:site_name\" content=\"Victory Tech.\" \/>\n<meta property=\"article:publisher\" content=\"https:\/\/www.facebook.com\/aokeautoparts\" \/>\n<meta property=\"og:image\" content=\"https:\/\/airbrakehose.com\/wp-content\/uploads\/2025\/12\/Trailer_pneumatic_spiral_brake_coiled_tubing_heavy-duty_air_brake_hose_for_semi-truck_and_trailer.webp\" \/>\n\t<meta property=\"og:image:width\" content=\"1572\" \/>\n\t<meta property=\"og:image:height\" content=\"1500\" \/>\n\t<meta property=\"og:image:type\" content=\"image\/webp\" \/>\n<meta name=\"twitter:card\" content=\"summary_large_image\" \/>\n<meta name=\"twitter:label1\" content=\"Gesch\u00e4tzte Lesezeit\" \/>\n\t<meta name=\"twitter:data1\" content=\"3\u00a0Minuten\" \/>\n<script type=\"application\/ld+json\" class=\"yoast-schema-graph\">{\"@context\":\"https:\/\/schema.org\",\"@graph\":[{\"@type\":\"WebPage\",\"@id\":\"https:\/\/airbrakehose.com\/de\/produkt\/langschlauch-luftbremsanlage-mit-aluminiumgriffen-und-kupplungen-verlaengerte-anschlussleitungen-dot-zulassung\/\",\"url\":\"https:\/\/airbrakehose.com\/de\/produkt\/langschlauch-luftbremsanlage-mit-aluminiumgriffen-und-kupplungen-verlaengerte-anschlussleitungen-dot-zulassung\/\",\"name\":\"Luftbremsschlauch-Kit f\u00fcr langes Heck mit Aluminiumgriffen \u2013 DOT-gepr\u00fcft | Victory Tech\",\"isPartOf\":{\"@id\":\"https:\/\/airbrakehose.com\/de\/#website\"},\"primaryImageOfPage\":{\"@id\":\"https:\/\/airbrakehose.com\/de\/produkt\/langschlauch-luftbremsanlage-mit-aluminiumgriffen-und-kupplungen-verlaengerte-anschlussleitungen-dot-zulassung\/#primaryimage\"},\"image\":{\"@id\":\"https:\/\/airbrakehose.com\/de\/produkt\/langschlauch-luftbremsanlage-mit-aluminiumgriffen-und-kupplungen-verlaengerte-anschlussleitungen-dot-zulassung\/#primaryimage\"},\"thumbnailUrl\":\"https:\/\/airbrakehose.com\/wp-content\/uploads\/2025\/12\/Trailer_pneumatic_spiral_brake_coiled_tubing_heavy-duty_air_brake_hose_for_semi-truck_and_trailer.webp\",\"datePublished\":\"2025-12-01T12:44:16+00:00\",\"description\":\"Hol dir das komplette Long Tail Druckluftbremsschlauch-Set. Mit verl\u00e4ngerten Anschlussschl\u00e4uchen, Aluminiumgriffen und Kupplungsk\u00f6pfen. DOT-zugelassen f\u00fcr Lkw und Wohnmobile. Direkt vom Hersteller.\",\"breadcrumb\":{\"@id\":\"https:\/\/airbrakehose.com\/de\/produkt\/langschlauch-luftbremsanlage-mit-aluminiumgriffen-und-kupplungen-verlaengerte-anschlussleitungen-dot-zulassung\/#breadcrumb\"},\"inLanguage\":\"de\",\"potentialAction\":[{\"@type\":\"ReadAction\",\"target\":[\"https:\/\/airbrakehose.com\/de\/produkt\/langschlauch-luftbremsanlage-mit-aluminiumgriffen-und-kupplungen-verlaengerte-anschlussleitungen-dot-zulassung\/\"]}]},{\"@type\":\"ImageObject\",\"inLanguage\":\"de\",\"@id\":\"https:\/\/airbrakehose.com\/de\/produkt\/langschlauch-luftbremsanlage-mit-aluminiumgriffen-und-kupplungen-verlaengerte-anschlussleitungen-dot-zulassung\/#primaryimage\",\"url\":\"https:\/\/airbrakehose.com\/wp-content\/uploads\/2025\/12\/Trailer_pneumatic_spiral_brake_coiled_tubing_heavy-duty_air_brake_hose_for_semi-truck_and_trailer.webp\",\"contentUrl\":\"https:\/\/airbrakehose.com\/wp-content\/uploads\/2025\/12\/Trailer_pneumatic_spiral_brake_coiled_tubing_heavy-duty_air_brake_hose_for_semi-truck_and_trailer.webp\",\"width\":1572,\"height\":1500},{\"@type\":\"BreadcrumbList\",\"@id\":\"https:\/\/airbrakehose.com\/de\/produkt\/langschlauch-luftbremsanlage-mit-aluminiumgriffen-und-kupplungen-verlaengerte-anschlussleitungen-dot-zulassung\/#breadcrumb\",\"itemListElement\":[{\"@type\":\"ListItem\",\"position\":1,\"name\":\"\u9996\u9875\",\"item\":\"https:\/\/airbrakehose.com\/de\/heim\/\"},{\"@type\":\"ListItem\",\"position\":2,\"name\":\"Gesch\u00e4ft\",\"item\":\"https:\/\/airbrakehose.com\/de\/geschaeft\/\"},{\"@type\":\"ListItem\",\"position\":3,\"name\":\"Langschlauch-Luftbremsanlage mit Aluminiumgriffen und -kupplungen (verl\u00e4ngerte Anschlussleitungen) | DOT-Zulassung\"}]},{\"@type\":\"WebSite\",\"@id\":\"https:\/\/airbrakehose.com\/de\/#website\",\"url\":\"https:\/\/airbrakehose.com\/de\/\",\"name\":\"Victory Technology\",\"description\":\"Industrial Hose &amp; Air Brake Solutions\",\"potentialAction\":[{\"@type\":\"SearchAction\",\"target\":{\"@type\":\"EntryPoint\",\"urlTemplate\":\"https:\/\/airbrakehose.com\/de\/?s={search_term_string}\"},\"query-input\":{\"@type\":\"PropertyValueSpecification\",\"valueRequired\":true,\"valueName\":\"search_term_string\"}}],\"inLanguage\":\"de\"}]}<\/script>\n<!-- \/ Yoast SEO Premium plugin. -->","yoast_head_json":{"title":"Luftbremsschlauch-Kit f\u00fcr langes Heck mit Aluminiumgriffen \u2013 DOT-gepr\u00fcft | Victory Tech","description":"Hol dir das komplette Long Tail Druckluftbremsschlauch-Set. Mit verl\u00e4ngerten Anschlussschl\u00e4uchen, Aluminiumgriffen und Kupplungsk\u00f6pfen. DOT-zugelassen f\u00fcr Lkw und Wohnmobile. Direkt vom Hersteller.","robots":{"index":"index","follow":"follow","max-snippet":"max-snippet:-1","max-image-preview":"max-image-preview:large","max-video-preview":"max-video-preview:-1"},"canonical":"https:\/\/airbrakehose.com\/de\/produkt\/langschlauch-luftbremsanlage-mit-aluminiumgriffen-und-kupplungen-verlaengerte-anschlussleitungen-dot-zulassung\/","og_locale":"de_DE","og_type":"article","og_title":"Langschlauch-Luftbremsanlage mit Aluminiumgriffen und -kupplungen (verl\u00e4ngerte Anschlussleitungen) | DOT-Zulassung","og_description":"Hol dir das komplette Long Tail Druckluftbremsschlauch-Set. Mit verl\u00e4ngerten Anschlussschl\u00e4uchen, Aluminiumgriffen und Kupplungsk\u00f6pfen. DOT-zugelassen f\u00fcr Lkw und Wohnmobile. Direkt vom Hersteller.","og_url":"https:\/\/airbrakehose.com\/de\/produkt\/langschlauch-luftbremsanlage-mit-aluminiumgriffen-und-kupplungen-verlaengerte-anschlussleitungen-dot-zulassung\/","og_site_name":"Victory Tech.","article_publisher":"https:\/\/www.facebook.com\/aokeautoparts","og_image":[{"width":1572,"height":1500,"url":"https:\/\/airbrakehose.com\/wp-content\/uploads\/2025\/12\/Trailer_pneumatic_spiral_brake_coiled_tubing_heavy-duty_air_brake_hose_for_semi-truck_and_trailer.webp","type":"image\/webp"}],"twitter_card":"summary_large_image","twitter_misc":{"Gesch\u00e4tzte Lesezeit":"3\u00a0Minuten"},"schema":{"@context":"https:\/\/schema.org","@graph":[{"@type":"WebPage","@id":"https:\/\/airbrakehose.com\/de\/produkt\/langschlauch-luftbremsanlage-mit-aluminiumgriffen-und-kupplungen-verlaengerte-anschlussleitungen-dot-zulassung\/","url":"https:\/\/airbrakehose.com\/de\/produkt\/langschlauch-luftbremsanlage-mit-aluminiumgriffen-und-kupplungen-verlaengerte-anschlussleitungen-dot-zulassung\/","name":"Luftbremsschlauch-Kit f\u00fcr langes Heck mit Aluminiumgriffen \u2013 DOT-gepr\u00fcft | Victory Tech","isPartOf":{"@id":"https:\/\/airbrakehose.com\/de\/#website"},"primaryImageOfPage":{"@id":"https:\/\/airbrakehose.com\/de\/produkt\/langschlauch-luftbremsanlage-mit-aluminiumgriffen-und-kupplungen-verlaengerte-anschlussleitungen-dot-zulassung\/#primaryimage"},"image":{"@id":"https:\/\/airbrakehose.com\/de\/produkt\/langschlauch-luftbremsanlage-mit-aluminiumgriffen-und-kupplungen-verlaengerte-anschlussleitungen-dot-zulassung\/#primaryimage"},"thumbnailUrl":"https:\/\/airbrakehose.com\/wp-content\/uploads\/2025\/12\/Trailer_pneumatic_spiral_brake_coiled_tubing_heavy-duty_air_brake_hose_for_semi-truck_and_trailer.webp","datePublished":"2025-12-01T12:44:16+00:00","description":"Hol dir das komplette Long Tail Druckluftbremsschlauch-Set. Mit verl\u00e4ngerten Anschlussschl\u00e4uchen, Aluminiumgriffen und Kupplungsk\u00f6pfen. DOT-zugelassen f\u00fcr Lkw und Wohnmobile. Direkt vom Hersteller.","breadcrumb":{"@id":"https:\/\/airbrakehose.com\/de\/produkt\/langschlauch-luftbremsanlage-mit-aluminiumgriffen-und-kupplungen-verlaengerte-anschlussleitungen-dot-zulassung\/#breadcrumb"},"inLanguage":"de","potentialAction":[{"@type":"ReadAction","target":["https:\/\/airbrakehose.com\/de\/produkt\/langschlauch-luftbremsanlage-mit-aluminiumgriffen-und-kupplungen-verlaengerte-anschlussleitungen-dot-zulassung\/"]}]},{"@type":"ImageObject","inLanguage":"de","@id":"https:\/\/airbrakehose.com\/de\/produkt\/langschlauch-luftbremsanlage-mit-aluminiumgriffen-und-kupplungen-verlaengerte-anschlussleitungen-dot-zulassung\/#primaryimage","url":"https:\/\/airbrakehose.com\/wp-content\/uploads\/2025\/12\/Trailer_pneumatic_spiral_brake_coiled_tubing_heavy-duty_air_brake_hose_for_semi-truck_and_trailer.webp","contentUrl":"https:\/\/airbrakehose.com\/wp-content\/uploads\/2025\/12\/Trailer_pneumatic_spiral_brake_coiled_tubing_heavy-duty_air_brake_hose_for_semi-truck_and_trailer.webp","width":1572,"height":1500},{"@type":"BreadcrumbList","@id":"https:\/\/airbrakehose.com\/de\/produkt\/langschlauch-luftbremsanlage-mit-aluminiumgriffen-und-kupplungen-verlaengerte-anschlussleitungen-dot-zulassung\/#breadcrumb","itemListElement":[{"@type":"ListItem","position":1,"name":"\u9996\u9875","item":"https:\/\/airbrakehose.com\/de\/heim\/"},{"@type":"ListItem","position":2,"name":"Gesch\u00e4ft","item":"https:\/\/airbrakehose.com\/de\/geschaeft\/"},{"@type":"ListItem","position":3,"name":"Langschlauch-Luftbremsanlage mit Aluminiumgriffen und -kupplungen (verl\u00e4ngerte Anschlussleitungen) | DOT-Zulassung"}]},{"@type":"WebSite","@id":"https:\/\/airbrakehose.com\/de\/#website","url":"https:\/\/airbrakehose.com\/de\/","name":"Victory Technology","description":"Industrial Hose &amp; Air Brake Solutions","potentialAction":[{"@type":"SearchAction","target":{"@type":"EntryPoint","urlTemplate":"https:\/\/airbrakehose.com\/de\/?s={search_term_string}"},"query-input":{"@type":"PropertyValueSpecification","valueRequired":true,"valueName":"search_term_string"}}],"inLanguage":"de"}]}},"_links":{"self":[{"href":"https:\/\/airbrakehose.com\/de\/wp-json\/wp\/v2\/product\/5231","targetHints":{"allow":["GET"]}}],"collection":[{"href":"https:\/\/airbrakehose.com\/de\/wp-json\/wp\/v2\/product"}],"about":[{"href":"https:\/\/airbrakehose.com\/de\/wp-json\/wp\/v2\/types\/product"}],"wp:featuredmedia":[{"embeddable":true,"href":"https:\/\/airbrakehose.com\/de\/wp-json\/wp\/v2\/media\/2531"}],"wp:attachment":[{"href":"https:\/\/airbrakehose.com\/de\/wp-json\/wp\/v2\/media?parent=5231"}],"wp:term":[{"taxonomy":"product_brand","embeddable":true,"href":"https:\/\/airbrakehose.com\/de\/wp-json\/wp\/v2\/product_brand?post=5231"},{"taxonomy":"product_cat","embeddable":true,"href":"https:\/\/airbrakehose.com\/de\/wp-json\/wp\/v2\/product_cat?post=5231"},{"taxonomy":"product_tag","embeddable":true,"href":"https:\/\/airbrakehose.com\/de\/wp-json\/wp\/v2\/product_tag?post=5231"}],"curies":[{"name":"wp","href":"https:\/\/api.w.org\/{rel}","templated":true}]}}