{"id":5207,"date":"2025-12-01T09:55:35","date_gmt":"2025-12-01T09:55:35","guid":{"rendered":"https:\/\/airbrakehose.com\/product\/hochleistungs-druckluftbremsschlaeuche-aus-gummi-mit-verlaengerungsgriffen-sae-j1402-set-rot-blau-dot-zulassung\/"},"modified":"2025-12-01T09:55:35","modified_gmt":"2025-12-01T09:55:35","slug":"hochleistungs-druckluftbremsschlaeuche-aus-gummi-mit-verlaengerungsgriffen-sae-j1402-set-rot-blau-dot-zulassung","status":"publish","type":"product","link":"https:\/\/airbrakehose.com\/de\/produkt\/hochleistungs-druckluftbremsschlaeuche-aus-gummi-mit-verlaengerungsgriffen-sae-j1402-set-rot-blau-dot-zulassung\/","title":{"rendered":"Hochleistungs-Druckluftbremsschl\u00e4uche aus Gummi mit Verl\u00e4ngerungsgriffen (SAE J1402) \u2013 Set Rot &amp; Blau | DOT-Zulassung"},"content":{"rendered":"<h3 data-path-to-node=\"7\">\ud83d\udccc Produkt\u00fcbersicht<\/h3>\n<p data-path-to-node=\"8\"><b data-path-to-node=\"8\" data-index-in-node=\"0\">Maximale Hebelwirkung. Absolut problemlos. Von Experten entwickelt.  <\/b><\/p>\n<p data-path-to-node=\"9\">Das Anschlie\u00dfen von Druckluftleitungen sollte kein Problem darstellen. Wir bei Victory Technology haben unsere \u00fcber 20-j\u00e4hrige Erfahrung in der Gummiextrusion (Werk: Zhuji Aoke) mit dem Feedback von Autofahrern aus der Praxis kombiniert, um die optimale L\u00f6sung zu entwickeln: SAE J1402 Druckluftbremsschl\u00e4uche aus Gummi mit Verl\u00e4ngerungsgriffen. <\/p>\n<p data-path-to-node=\"10\">Im Gegensatz zu herk\u00f6mmlichen Schl\u00e4uchen, die schwer zu greifen sind, bieten unsere robusten, ergonomischen Griffe eine hervorragende Hebelwirkung und erm\u00f6glichen so ein m\u00fcheloses Kupplungssystem \u2013 selbst bei eisigen Temperaturen oder mit \u00f6ligen Handschuhen. Hergestellt aus unserem patentierten, 3\/8&#8243;-Innendurchmesser-verst\u00e4rkten Gummi, bieten diese Schl\u00e4uche eine deutlich h\u00f6here Abriebfestigkeit als Nylon und sind daher die erste Wahl f\u00fcr anspruchsvolle Umgebungen, in denen Langlebigkeit oberste Priorit\u00e4t hat. <\/p>\n<hr data-path-to-node=\"11\">\n<h3 data-path-to-node=\"12\">\ud83d\udd39 Warum Victory Gummiluftschl\u00e4uche w\u00e4hlen?<\/h3>\n<ul data-path-to-node=\"13\">\n<li>\u2705 Der &#8222;Grip&#8220;-Vorteil (von Fahrern best\u00e4tigt):\n<p>Wir haben unsere integrierten Verl\u00e4ngerungsgriffe entwickelt, um eine spezifische Schwachstelle zu beheben: die Belastung an der Verpressung. Die Griffe liefern das f\u00fcr die Kupplung ben\u00f6tigte Drehmoment und sch\u00fctzen die Schlauchverbindung vor dem Auseinanderziehen, w\u00e4hrend gleichzeitig die H\u00e4nde des Fahrers sauber und sicher bleiben. <\/li>\n<li>\u2705 Laborgepr\u00fcfter Gummi nach SAE J1402:\n<p>Nicht jeder Gummi ist gleich. Unsere synthetische Gummimischung vom Typ A wird in unserem hauseigenen Labor auf Best\u00e4ndigkeit gegen\u00fcber Ozon, Streusalz und Reibung durch Deckplatten getestet. Sie beh\u00e4lt ihre Eigenschaften von -40 \u00b0F bis +200 \u00b0F und wird somit im Winter weder hart noch in der Sommerhitze weich.  <\/li>\n<li>\u2705 Gepr\u00fcfte Einhaltung (Keine Abk\u00fcrzungen):\n<p>Sicherheit hat f\u00fcr uns oberste Priorit\u00e4t. Jede Baugruppe ist dauerhaft mit unserem g\u00fcltigen US-DOT-Herstellercode gekennzeichnet. Wir behaupten nicht nur, die Vorschriften einzuhalten, sondern beweisen es durch Tests nach den strengen FMVSS-106- und SAE-J1402-Standards in unserem Werk.  <\/li>\n<li>\u2705 Komplettes Schutzsystem:\n<p>Langlebigkeit steckt im Detail. Wir statten jeden Schlauch mit rostbest\u00e4ndigen Federschutzvorrichtungen aus, um ein Abknicken an den Anschl\u00fcssen zu verhindern, w\u00e4hrend die Griffe als zus\u00e4tzliche Knickbegrenzung f\u00fcr doppelten Schutz dienen. <\/li>\n<\/ul>\n<hr data-path-to-node=\"14\">\n<h3 data-path-to-node=\"15\">\ud83d\udd38 Technische Spezifikationen<\/h3>\n<p data-path-to-node=\"16\"><i data-path-to-node=\"16\" data-index-in-node=\"0\">Hergestellt in unserer nach ISO\/TS16949 zertifizierten Produktionsst\u00e4tte.<\/i><\/p>\n<table data-path-to-node=\"17\">\n<thead>\n<tr>\n<td>Feature<\/td>\n<td>Spezifikation<\/td>\n<\/tr>\n<\/thead>\n<tbody>\n<tr>\n<td>Schlauchtyp<\/td>\n<td>SAE J1402 Typ A (3\/8&#8243; Innendurchmesser) \u2013 Verst\u00e4rkter Gummi<\/td>\n<\/tr>\n<tr>\n<td>Griffart<\/td>\n<td>Verl\u00e4ngerungsgriffe (farbcodiert Rot\/Blau)<\/td>\n<\/tr>\n<tr>\n<td>Betriebsdruck<\/td>\n<td>225 PSI (\u00dcbertrifft die Standardwerte von 150 PSI)<\/td>\n<\/tr>\n<tr>\n<td>Berstdruck<\/td>\n<td>900 PSI (Sicherheitsfaktor 4:1)<\/td>\n<\/tr>\n<tr>\n<td>Temperaturbereich<\/td>\n<td>-40 \u00b0C bis +93 \u00b0C (-40 \u00b0F bis +200 \u00b0F)<\/td>\n<\/tr>\n<tr>\n<td>Anschl\u00fcsse<\/td>\n<td>1\/2&#8243; NPT-Au\u00dfengewinde-Messinganschl\u00fcsse (fest oder drehbar)<\/td>\n<\/tr>\n<tr>\n<td>Konformit\u00e4t<\/td>\n<td>DOT FMVSS 106, SAE J1402<\/td>\n<\/tr>\n<\/tbody>\n<\/table>\n<hr data-path-to-node=\"18\">\n<h3 data-path-to-node=\"19\">\ud83d\udd39 Anwendungen<\/h3>\n<ul data-path-to-node=\"20\">\n<li>\n<p data-path-to-node=\"20,0,0\"><b data-path-to-node=\"20,0,0\" data-index-in-node=\"0\">Tractor-Trailer Connections:<\/b> The primary &#8222;Jumper Lines&#8220; connecting the back of the cab to the trailer nose box.<\/p>\n<\/li>\n<li>\n<p data-path-to-node=\"20,1,0\">Hochfrequenzkupplung: Ideal f\u00fcr den Einsatz im sogenannten \u201eDrop and Hook\u201c-Betrieb, bei dem die Fahrer die Leitungen mehrmals t\u00e4glich an- und abkoppeln.<\/p>\n<\/li>\n<li>\n<p data-path-to-node=\"20,2,0\">F\u00fcr extreme Beanspruchung: Ideal f\u00fcr Holzf\u00e4llerfahrzeuge, Pritschenwagen und Schwerlasttransporter, bei denen Schl\u00e4uche \u00fcber die Ladefl\u00e4che schleifen.<\/p>\n<\/li>\n<\/ul>\n<hr data-path-to-node=\"21\">\n<h3 data-path-to-node=\"22\">\ud83d\udd36 Direkter Werksservice &amp; OEM<\/h3>\n<p data-path-to-node=\"23\">Victory Technology fungiert als Ihr direkter Draht zur Produktionslinie. Als exklusive Exportabteilung von Zhuji Aoke eliminieren wir Zwischenh\u00e4ndler und bieten Ihnen: <\/p>\n<ul data-path-to-node=\"24\">\n<li>\n<p data-path-to-node=\"24,0,0\">Private Labeling: St\u00e4rken Sie Ihre Markenbekanntheit. Wir k\u00f6nnen Ihr Logo auf die Griffe oder die Schlauchf\u00fchrung drucken. <\/p>\n<\/li>\n<li>\n<p data-path-to-node=\"24,1,0\">Sonderl\u00e4ngen: Ben\u00f6tigen Sie eine spezielle 12-Fu\u00df- oder 20-Fu\u00df-Konfiguration? Wir fertigen exakt nach Ihren Vorgaben. <\/p>\n<\/li>\n<li>\n<p data-path-to-node=\"24,2,0\">Globale Logistik: Unser erfahrenes Team in Tianjin k\u00fcmmert sich um alle Exportdokumente und gew\u00e4hrleistet so eine reibungslose Lieferung in Ihr Lager.<\/p>\n<\/li>\n<\/ul>\n<hr data-path-to-node=\"25\">\n<h3 data-path-to-node=\"26\">\ud83d\ude80 Jetzt ein Angebot ab Werk anfordern<\/h3>\n<p>Bereit zu bestellen? Egal ob Sie einen einzelnen Karton oder einen 40-Fu\u00df-Container ben\u00f6tigen, wir sind f\u00fcr Sie da. <\/p>\n<p>F\u00fcllen Sie das untenstehende Formular aus, um unseren aktuellen Katalog und unsere Gro\u00dfhandelspreisliste zu erhalten.<\/p>\n<p data-path-to-node=\"28\"><code data-path-to-node=\"28\" data-index-in-node=\"0\"><div class=\"wpforms-container \" id=\"wpforms-2617\"><form id=\"wpforms-form-2617\" class=\"wpforms-validate wpforms-form wpforms-ajax-form\" data-formid=\"2617\" method=\"post\" enctype=\"multipart\/form-data\" action=\"\/de\/wp-json\/wp\/v2\/product\/5207\" data-token=\"4523ad22904b5a8e96de58096e4b511b\" data-token-time=\"1776274625\"><noscript class=\"wpforms-error-noscript\">Bitte aktiviere JavaScript in deinem Browser, um dieses Formular fertigzustellen.<\/noscript><div class=\"wpforms-field-container\"><div id=\"wpforms-2617-field_1-container\" class=\"wpforms-field wpforms-field-name\" data-field-id=\"1\"><label class=\"wpforms-field-label\" for=\"wpforms-2617-field_1\">Name <span class=\"wpforms-required-label\">*<\/span><\/label><input type=\"text\" id=\"wpforms-2617-field_1\" class=\"wpforms-field-large wpforms-field-required\" name=\"wpforms[fields][1]\" required><\/div><div id=\"wpforms-2617-field_2-container\" class=\"wpforms-field wpforms-field-email\" data-field-id=\"2\"><label class=\"wpforms-field-label\" for=\"wpforms-2617-field_2\">E-Mail <span class=\"wpforms-required-label\">*<\/span><\/label><input type=\"email\" id=\"wpforms-2617-field_2\" class=\"wpforms-field-large wpforms-field-required\" name=\"wpforms[fields][2]\" spellcheck=\"false\" required><\/div><div id=\"wpforms-2617-field_4-container\" class=\"wpforms-field wpforms-field-text\" data-field-id=\"4\"><label class=\"wpforms-field-label\" for=\"wpforms-2617-field_4\">Tel<\/label><input type=\"text\" id=\"wpforms-2617-field_4\" class=\"wpforms-field-medium\" name=\"wpforms[fields][4]\" ><\/div><div id=\"wpforms-2617-field_3-container\" class=\"wpforms-field wpforms-field-textarea\" data-field-id=\"3\"><label class=\"wpforms-field-label\" for=\"wpforms-2617-field_3\"> Nachricht<\/label><textarea id=\"wpforms-2617-field_3\" class=\"wpforms-field-medium\" name=\"wpforms[fields][3]\" ><\/textarea><\/div><\/div><!-- .wpforms-field-container --><div class=\"wpforms-submit-container\" ><input type=\"hidden\" name=\"wpforms[id]\" value=\"2617\"><input type=\"hidden\" name=\"page_title\" value=\"\"><input type=\"hidden\" name=\"page_url\" value=\"https:\/\/airbrakehose.com\/de\/wp-json\/wp\/v2\/product\/5207\"><input type=\"hidden\" name=\"url_referer\" value=\"\"><button type=\"submit\" name=\"wpforms[submit]\" id=\"wpforms-submit-2617\" class=\"wpforms-submit\" data-alt-text=\"Wird gesendet...\" data-submit-text=\"Nachricht senden\" aria-live=\"assertive\" value=\"wpforms-submit\">Nachricht senden<\/button><img decoding=\"async\" src=\"https:\/\/airbrakehose.com\/wp-content\/plugins\/wpforms\/assets\/images\/submit-spin.svg\" class=\"wpforms-submit-spinner\" style=\"display: none;\" width=\"26\" height=\"26\" alt=\"Wird geladen\"><\/div><\/form><\/div>  <!-- .wpforms-container --><\/code><\/p>\n","protected":false},"excerpt":{"rendered":"<p data-path-to-node=\"32\"><b data-path-to-node=\"32\" data-index-in-node=\"0\">SAE J1402 Gummi-Luftbremsschlauchset mit Verl\u00e4ngerungsgriffen.<\/b><\/p>\n<p data-path-to-node=\"33\">Hochleistungsf\u00e4hige Gummiluftleitungen mit ergonomischen Griffen f\u00fcr einfaches Anschlie\u00dfen per Handkupplung.<\/p>\n<ul data-path-to-node=\"34\">\n<li>\n<p data-path-to-node=\"34,0,0\">Design: Griffe mit hoher Hebelwirkung reduzieren die Erm\u00fcdung des Fahrers.<\/p>\n<\/li>\n<li>\n<p data-path-to-node=\"34,1,0\">Material: 3\/8&#8243; ID SAE J1402 Gummi (abriebfest).<\/p>\n<\/li>\n<li>\n<p data-path-to-node=\"34,2,0\">Leistung: Hoher Betriebsdruck (225 PSI) und Flexibilit\u00e4t nach Arctic Grade.<\/p>\n<\/li>\n<li>\n<p data-path-to-node=\"34,3,0\">Das Set beinhaltet: Rote (Notfall-) und blaue (Betriebs-) Leitungen mit 1\/2&#8243; NPT Messinganschl\u00fcssen.<\/p>\n<\/li>\n<li>\n<p data-path-to-node=\"34,4,0\">Konformit\u00e4t: Genehmigt nach DOT FMVSS 106.<\/p>\n<\/li>\n<\/ul>\n<p data-path-to-node=\"35\"><b data-path-to-node=\"35\" data-index-in-node=\"0\">Auf Lager und versandbereit.<\/b><\/p>\n","protected":false},"featured_media":2516,"template":"","meta":{"_monsterinsights_skip_tracking":false,"_monsterinsights_sitenote_active":false,"_monsterinsights_sitenote_note":"","_monsterinsights_sitenote_category":0,"site-sidebar-layout":"default","site-content-layout":"","ast-site-content-layout":"default","site-content-style":"default","site-sidebar-style":"default","ast-global-header-display":"","ast-banner-title-visibility":"","ast-main-header-display":"","ast-hfb-above-header-display":"","ast-hfb-below-header-display":"","ast-hfb-mobile-header-display":"","site-post-title":"","ast-breadcrumbs-content":"","ast-featured-img":"","footer-sml-layout":"","ast-disable-related-posts":"","theme-transparent-header-meta":"default","adv-header-id-meta":"","stick-header-meta":"","header-above-stick-meta":"","header-main-stick-meta":"","header-below-stick-meta":"","astra-migrate-meta-layouts":"default","ast-page-background-enabled":"default","ast-page-background-meta":{"desktop":{"background-color":"","background-image":"","background-repeat":"repeat","background-position":"center center","background-size":"auto","background-attachment":"scroll","background-type":"","background-media":"","overlay-type":"","overlay-color":"","overlay-opacity":"","overlay-gradient":""},"tablet":{"background-color":"","background-image":"","background-repeat":"repeat","background-position":"center center","background-size":"auto","background-attachment":"scroll","background-type":"","background-media":"","overlay-type":"","overlay-color":"","overlay-opacity":"","overlay-gradient":""},"mobile":{"background-color":"","background-image":"","background-repeat":"repeat","background-position":"center center","background-size":"auto","background-attachment":"scroll","background-type":"","background-media":"","overlay-type":"","overlay-color":"","overlay-opacity":"","overlay-gradient":""}},"ast-content-background-meta":{"desktop":{"background-color":"var(--ast-global-color-5)","background-image":"","background-repeat":"repeat","background-position":"center center","background-size":"auto","background-attachment":"scroll","background-type":"","background-media":"","overlay-type":"","overlay-color":"","overlay-opacity":"","overlay-gradient":""},"tablet":{"background-color":"var(--ast-global-color-5)","background-image":"","background-repeat":"repeat","background-position":"center center","background-size":"auto","background-attachment":"scroll","background-type":"","background-media":"","overlay-type":"","overlay-color":"","overlay-opacity":"","overlay-gradient":""},"mobile":{"background-color":"var(--ast-global-color-5)","background-image":"","background-repeat":"repeat","background-position":"center center","background-size":"auto","background-attachment":"scroll","background-type":"","background-media":"","overlay-type":"","overlay-color":"","overlay-opacity":"","overlay-gradient":""}},"_joinchat":[]},"product_brand":[1193],"product_cat":[6156,6209],"product_tag":[6203,6200,6202,6205,6208,6199,6201,6207,6204,6206],"class_list":{"0":"post-5207","1":"product","2":"type-product","3":"status-publish","4":"has-post-thumbnail","6":"product_brand-victory-tech","7":"product_cat-druckluftbremsschlauchleitungen","8":"product_cat-gummi-druckluftbremsschlauche-sae-j1402","9":"product_tag-austausch-der-druckluftleitung-fur-schwerlast-lkw","10":"product_tag-dot-anhanger-luftleitung","11":"product_tag-druckluftbremsschlauch-mit-griffen","12":"product_tag-federschutzbremsschlauch","13":"product_tag-gummibremsschlauche-fur-nutzfahrzeuge","14":"product_tag-gummiluftbremsschlauch","15":"product_tag-notfall-und-servicefluggesellschaft-fur-sattelzuge","16":"product_tag-pneumatische-bremsleitung-fur-anhanger","17":"product_tag-sae-j1402-druckluftbremsschlauch","18":"product_tag-satz-druckluftbremsschlauche-fur-sattelzug","19":"desktop-align-left","20":"tablet-align-left","21":"mobile-align-left","23":"first","24":"instock","25":"shipping-taxable","26":"product-type-simple"},"yoast_head":"<!-- This site is optimized with the Yoast SEO Premium plugin v26.4 (Yoast SEO v27.0) - https:\/\/yoast.com\/product\/yoast-seo-premium-wordpress\/ -->\n<title>Gummi-Druckluftbremsschl\u00e4uche mit Verl\u00e4ngerungsgriffen \u2013 SAE J1402 | Victory Tech<\/title>\n<meta name=\"description\" content=\"SAE J1402 Gummi-Druckluftbremsschl\u00e4uche mit Verl\u00e4ngerungsgriffen. DOT-zugelassene Hochleistungs-Druckluftleitungen f\u00fcr einfaches Anschlie\u00dfen. Hergestellt von Victory Technology.\" \/>\n<meta name=\"robots\" content=\"index, follow, max-snippet:-1, max-image-preview:large, max-video-preview:-1\" \/>\n<link rel=\"canonical\" href=\"https:\/\/airbrakehose.com\/de\/produkt\/hochleistungs-druckluftbremsschlaeuche-aus-gummi-mit-verlaengerungsgriffen-sae-j1402-set-rot-blau-dot-zulassung\/\" \/>\n<meta property=\"og:locale\" content=\"de_DE\" \/>\n<meta property=\"og:type\" content=\"article\" \/>\n<meta property=\"og:title\" content=\"Hochleistungs-Druckluftbremsschl\u00e4uche aus Gummi mit Verl\u00e4ngerungsgriffen (SAE J1402) \u2013 Set Rot &amp; Blau | DOT-Zulassung\" \/>\n<meta property=\"og:description\" content=\"SAE J1402 Gummi-Druckluftbremsschl\u00e4uche mit Verl\u00e4ngerungsgriffen. DOT-zugelassene Hochleistungs-Druckluftleitungen f\u00fcr einfaches Anschlie\u00dfen. Hergestellt von Victory Technology.\" \/>\n<meta property=\"og:url\" content=\"https:\/\/airbrakehose.com\/de\/produkt\/hochleistungs-druckluftbremsschlaeuche-aus-gummi-mit-verlaengerungsgriffen-sae-j1402-set-rot-blau-dot-zulassung\/\" \/>\n<meta property=\"og:site_name\" content=\"Victory Tech.\" \/>\n<meta property=\"article:publisher\" content=\"https:\/\/www.facebook.com\/aokeautoparts\" \/>\n<meta property=\"og:image\" content=\"https:\/\/airbrakehose.com\/wp-content\/uploads\/2025\/12\/Rubber-handled_nylon_trailer_tube_for_truck_air_brake_system.webp\" \/>\n\t<meta property=\"og:image:width\" content=\"1545\" \/>\n\t<meta property=\"og:image:height\" content=\"1500\" \/>\n\t<meta property=\"og:image:type\" content=\"image\/webp\" \/>\n<meta name=\"twitter:card\" content=\"summary_large_image\" \/>\n<meta name=\"twitter:label1\" content=\"Gesch\u00e4tzte Lesezeit\" \/>\n\t<meta name=\"twitter:data1\" content=\"3\u00a0Minuten\" \/>\n<script type=\"application\/ld+json\" class=\"yoast-schema-graph\">{\"@context\":\"https:\/\/schema.org\",\"@graph\":[{\"@type\":\"WebPage\",\"@id\":\"https:\/\/airbrakehose.com\/de\/produkt\/hochleistungs-druckluftbremsschlaeuche-aus-gummi-mit-verlaengerungsgriffen-sae-j1402-set-rot-blau-dot-zulassung\/\",\"url\":\"https:\/\/airbrakehose.com\/de\/produkt\/hochleistungs-druckluftbremsschlaeuche-aus-gummi-mit-verlaengerungsgriffen-sae-j1402-set-rot-blau-dot-zulassung\/\",\"name\":\"Gummi-Druckluftbremsschl\u00e4uche mit Verl\u00e4ngerungsgriffen \u2013 SAE J1402 | Victory Tech\",\"isPartOf\":{\"@id\":\"https:\/\/airbrakehose.com\/de\/#website\"},\"primaryImageOfPage\":{\"@id\":\"https:\/\/airbrakehose.com\/de\/produkt\/hochleistungs-druckluftbremsschlaeuche-aus-gummi-mit-verlaengerungsgriffen-sae-j1402-set-rot-blau-dot-zulassung\/#primaryimage\"},\"image\":{\"@id\":\"https:\/\/airbrakehose.com\/de\/produkt\/hochleistungs-druckluftbremsschlaeuche-aus-gummi-mit-verlaengerungsgriffen-sae-j1402-set-rot-blau-dot-zulassung\/#primaryimage\"},\"thumbnailUrl\":\"https:\/\/airbrakehose.com\/wp-content\/uploads\/2025\/12\/Rubber-handled_nylon_trailer_tube_for_truck_air_brake_system.webp\",\"datePublished\":\"2025-12-01T09:55:35+00:00\",\"description\":\"SAE J1402 Gummi-Druckluftbremsschl\u00e4uche mit Verl\u00e4ngerungsgriffen. DOT-zugelassene Hochleistungs-Druckluftleitungen f\u00fcr einfaches Anschlie\u00dfen. Hergestellt von Victory Technology.\",\"breadcrumb\":{\"@id\":\"https:\/\/airbrakehose.com\/de\/produkt\/hochleistungs-druckluftbremsschlaeuche-aus-gummi-mit-verlaengerungsgriffen-sae-j1402-set-rot-blau-dot-zulassung\/#breadcrumb\"},\"inLanguage\":\"de\",\"potentialAction\":[{\"@type\":\"ReadAction\",\"target\":[\"https:\/\/airbrakehose.com\/de\/produkt\/hochleistungs-druckluftbremsschlaeuche-aus-gummi-mit-verlaengerungsgriffen-sae-j1402-set-rot-blau-dot-zulassung\/\"]}]},{\"@type\":\"ImageObject\",\"inLanguage\":\"de\",\"@id\":\"https:\/\/airbrakehose.com\/de\/produkt\/hochleistungs-druckluftbremsschlaeuche-aus-gummi-mit-verlaengerungsgriffen-sae-j1402-set-rot-blau-dot-zulassung\/#primaryimage\",\"url\":\"https:\/\/airbrakehose.com\/wp-content\/uploads\/2025\/12\/Rubber-handled_nylon_trailer_tube_for_truck_air_brake_system.webp\",\"contentUrl\":\"https:\/\/airbrakehose.com\/wp-content\/uploads\/2025\/12\/Rubber-handled_nylon_trailer_tube_for_truck_air_brake_system.webp\",\"width\":1545,\"height\":1500},{\"@type\":\"BreadcrumbList\",\"@id\":\"https:\/\/airbrakehose.com\/de\/produkt\/hochleistungs-druckluftbremsschlaeuche-aus-gummi-mit-verlaengerungsgriffen-sae-j1402-set-rot-blau-dot-zulassung\/#breadcrumb\",\"itemListElement\":[{\"@type\":\"ListItem\",\"position\":1,\"name\":\"\u9996\u9875\",\"item\":\"https:\/\/airbrakehose.com\/de\/heim\/\"},{\"@type\":\"ListItem\",\"position\":2,\"name\":\"Gesch\u00e4ft\",\"item\":\"https:\/\/airbrakehose.com\/de\/geschaeft\/\"},{\"@type\":\"ListItem\",\"position\":3,\"name\":\"Hochleistungs-Druckluftbremsschl\u00e4uche aus Gummi mit Verl\u00e4ngerungsgriffen (SAE J1402) \u2013 Set Rot &amp; Blau | DOT-Zulassung\"}]},{\"@type\":\"WebSite\",\"@id\":\"https:\/\/airbrakehose.com\/de\/#website\",\"url\":\"https:\/\/airbrakehose.com\/de\/\",\"name\":\"Victory Technology\",\"description\":\"Industrial Hose &amp; Air Brake Solutions\",\"potentialAction\":[{\"@type\":\"SearchAction\",\"target\":{\"@type\":\"EntryPoint\",\"urlTemplate\":\"https:\/\/airbrakehose.com\/de\/?s={search_term_string}\"},\"query-input\":{\"@type\":\"PropertyValueSpecification\",\"valueRequired\":true,\"valueName\":\"search_term_string\"}}],\"inLanguage\":\"de\"}]}<\/script>\n<!-- \/ Yoast SEO Premium plugin. -->","yoast_head_json":{"title":"Gummi-Druckluftbremsschl\u00e4uche mit Verl\u00e4ngerungsgriffen \u2013 SAE J1402 | Victory Tech","description":"SAE J1402 Gummi-Druckluftbremsschl\u00e4uche mit Verl\u00e4ngerungsgriffen. DOT-zugelassene Hochleistungs-Druckluftleitungen f\u00fcr einfaches Anschlie\u00dfen. Hergestellt von Victory Technology.","robots":{"index":"index","follow":"follow","max-snippet":"max-snippet:-1","max-image-preview":"max-image-preview:large","max-video-preview":"max-video-preview:-1"},"canonical":"https:\/\/airbrakehose.com\/de\/produkt\/hochleistungs-druckluftbremsschlaeuche-aus-gummi-mit-verlaengerungsgriffen-sae-j1402-set-rot-blau-dot-zulassung\/","og_locale":"de_DE","og_type":"article","og_title":"Hochleistungs-Druckluftbremsschl\u00e4uche aus Gummi mit Verl\u00e4ngerungsgriffen (SAE J1402) \u2013 Set Rot &amp; Blau | DOT-Zulassung","og_description":"SAE J1402 Gummi-Druckluftbremsschl\u00e4uche mit Verl\u00e4ngerungsgriffen. DOT-zugelassene Hochleistungs-Druckluftleitungen f\u00fcr einfaches Anschlie\u00dfen. Hergestellt von Victory Technology.","og_url":"https:\/\/airbrakehose.com\/de\/produkt\/hochleistungs-druckluftbremsschlaeuche-aus-gummi-mit-verlaengerungsgriffen-sae-j1402-set-rot-blau-dot-zulassung\/","og_site_name":"Victory Tech.","article_publisher":"https:\/\/www.facebook.com\/aokeautoparts","og_image":[{"width":1545,"height":1500,"url":"https:\/\/airbrakehose.com\/wp-content\/uploads\/2025\/12\/Rubber-handled_nylon_trailer_tube_for_truck_air_brake_system.webp","type":"image\/webp"}],"twitter_card":"summary_large_image","twitter_misc":{"Gesch\u00e4tzte Lesezeit":"3\u00a0Minuten"},"schema":{"@context":"https:\/\/schema.org","@graph":[{"@type":"WebPage","@id":"https:\/\/airbrakehose.com\/de\/produkt\/hochleistungs-druckluftbremsschlaeuche-aus-gummi-mit-verlaengerungsgriffen-sae-j1402-set-rot-blau-dot-zulassung\/","url":"https:\/\/airbrakehose.com\/de\/produkt\/hochleistungs-druckluftbremsschlaeuche-aus-gummi-mit-verlaengerungsgriffen-sae-j1402-set-rot-blau-dot-zulassung\/","name":"Gummi-Druckluftbremsschl\u00e4uche mit Verl\u00e4ngerungsgriffen \u2013 SAE J1402 | Victory Tech","isPartOf":{"@id":"https:\/\/airbrakehose.com\/de\/#website"},"primaryImageOfPage":{"@id":"https:\/\/airbrakehose.com\/de\/produkt\/hochleistungs-druckluftbremsschlaeuche-aus-gummi-mit-verlaengerungsgriffen-sae-j1402-set-rot-blau-dot-zulassung\/#primaryimage"},"image":{"@id":"https:\/\/airbrakehose.com\/de\/produkt\/hochleistungs-druckluftbremsschlaeuche-aus-gummi-mit-verlaengerungsgriffen-sae-j1402-set-rot-blau-dot-zulassung\/#primaryimage"},"thumbnailUrl":"https:\/\/airbrakehose.com\/wp-content\/uploads\/2025\/12\/Rubber-handled_nylon_trailer_tube_for_truck_air_brake_system.webp","datePublished":"2025-12-01T09:55:35+00:00","description":"SAE J1402 Gummi-Druckluftbremsschl\u00e4uche mit Verl\u00e4ngerungsgriffen. DOT-zugelassene Hochleistungs-Druckluftleitungen f\u00fcr einfaches Anschlie\u00dfen. Hergestellt von Victory Technology.","breadcrumb":{"@id":"https:\/\/airbrakehose.com\/de\/produkt\/hochleistungs-druckluftbremsschlaeuche-aus-gummi-mit-verlaengerungsgriffen-sae-j1402-set-rot-blau-dot-zulassung\/#breadcrumb"},"inLanguage":"de","potentialAction":[{"@type":"ReadAction","target":["https:\/\/airbrakehose.com\/de\/produkt\/hochleistungs-druckluftbremsschlaeuche-aus-gummi-mit-verlaengerungsgriffen-sae-j1402-set-rot-blau-dot-zulassung\/"]}]},{"@type":"ImageObject","inLanguage":"de","@id":"https:\/\/airbrakehose.com\/de\/produkt\/hochleistungs-druckluftbremsschlaeuche-aus-gummi-mit-verlaengerungsgriffen-sae-j1402-set-rot-blau-dot-zulassung\/#primaryimage","url":"https:\/\/airbrakehose.com\/wp-content\/uploads\/2025\/12\/Rubber-handled_nylon_trailer_tube_for_truck_air_brake_system.webp","contentUrl":"https:\/\/airbrakehose.com\/wp-content\/uploads\/2025\/12\/Rubber-handled_nylon_trailer_tube_for_truck_air_brake_system.webp","width":1545,"height":1500},{"@type":"BreadcrumbList","@id":"https:\/\/airbrakehose.com\/de\/produkt\/hochleistungs-druckluftbremsschlaeuche-aus-gummi-mit-verlaengerungsgriffen-sae-j1402-set-rot-blau-dot-zulassung\/#breadcrumb","itemListElement":[{"@type":"ListItem","position":1,"name":"\u9996\u9875","item":"https:\/\/airbrakehose.com\/de\/heim\/"},{"@type":"ListItem","position":2,"name":"Gesch\u00e4ft","item":"https:\/\/airbrakehose.com\/de\/geschaeft\/"},{"@type":"ListItem","position":3,"name":"Hochleistungs-Druckluftbremsschl\u00e4uche aus Gummi mit Verl\u00e4ngerungsgriffen (SAE J1402) \u2013 Set Rot &amp; Blau | DOT-Zulassung"}]},{"@type":"WebSite","@id":"https:\/\/airbrakehose.com\/de\/#website","url":"https:\/\/airbrakehose.com\/de\/","name":"Victory Technology","description":"Industrial Hose &amp; Air Brake Solutions","potentialAction":[{"@type":"SearchAction","target":{"@type":"EntryPoint","urlTemplate":"https:\/\/airbrakehose.com\/de\/?s={search_term_string}"},"query-input":{"@type":"PropertyValueSpecification","valueRequired":true,"valueName":"search_term_string"}}],"inLanguage":"de"}]}},"_links":{"self":[{"href":"https:\/\/airbrakehose.com\/de\/wp-json\/wp\/v2\/product\/5207","targetHints":{"allow":["GET"]}}],"collection":[{"href":"https:\/\/airbrakehose.com\/de\/wp-json\/wp\/v2\/product"}],"about":[{"href":"https:\/\/airbrakehose.com\/de\/wp-json\/wp\/v2\/types\/product"}],"wp:featuredmedia":[{"embeddable":true,"href":"https:\/\/airbrakehose.com\/de\/wp-json\/wp\/v2\/media\/2516"}],"wp:attachment":[{"href":"https:\/\/airbrakehose.com\/de\/wp-json\/wp\/v2\/media?parent=5207"}],"wp:term":[{"taxonomy":"product_brand","embeddable":true,"href":"https:\/\/airbrakehose.com\/de\/wp-json\/wp\/v2\/product_brand?post=5207"},{"taxonomy":"product_cat","embeddable":true,"href":"https:\/\/airbrakehose.com\/de\/wp-json\/wp\/v2\/product_cat?post=5207"},{"taxonomy":"product_tag","embeddable":true,"href":"https:\/\/airbrakehose.com\/de\/wp-json\/wp\/v2\/product_tag?post=5207"}],"curies":[{"name":"wp","href":"https:\/\/api.w.org\/{rel}","templated":true}]}}