{"id":5562,"date":"2025-12-05T07:49:10","date_gmt":"2025-12-05T07:49:10","guid":{"rendered":"https:\/\/airbrakehose.com\/wissenszentrum\/haeufig-gestellte-fragen\/"},"modified":"2026-02-02T10:08:28","modified_gmt":"2026-02-02T10:08:28","slug":"haeufig-gestellte-fragen","status":"publish","type":"page","link":"https:\/\/airbrakehose.com\/de\/wissenszentrum\/haeufig-gestellte-fragen\/","title":{"rendered":"H\u00e4ufig gestellte Fragen"},"content":{"rendered":"\t\t<div data-elementor-type=\"wp-post\" data-elementor-id=\"5562\" class=\"elementor elementor-5562 elementor-3167\" data-elementor-post-type=\"page\">\n\t\t\t\t<div class=\"elementor-element elementor-element-2c4fdd7 e-flex e-con-boxed e-con e-parent\" data-id=\"2c4fdd7\" data-element_type=\"container\" data-e-type=\"container\" data-settings=\"{&quot;background_background&quot;:&quot;classic&quot;}\">\n\t\t\t\t\t<div class=\"e-con-inner\">\n\t\t<div class=\"elementor-element elementor-element-b2079e2 e-con-full e-flex e-con e-child\" data-id=\"b2079e2\" data-element_type=\"container\" data-e-type=\"container\">\n\t\t\t\t<div class=\"elementor-element elementor-element-e33a2df elementor-widget elementor-widget-heading\" data-id=\"e33a2df\" data-element_type=\"widget\" data-e-type=\"widget\" data-widget_type=\"heading.default\">\n\t\t\t\t<div class=\"elementor-widget-container\">\n\t\t\t\t\t<h2 class=\"elementor-heading-title elementor-size-default\">Technisches Wissenszentrum &amp; FAQ | Victory Technology<\/h2>\t\t\t\t<\/div>\n\t\t\t\t<\/div>\n\t\t\t\t<div class=\"elementor-element elementor-element-0c6558a elementor-widget-divider--view-line elementor-widget elementor-widget-divider\" data-id=\"0c6558a\" data-element_type=\"widget\" data-e-type=\"widget\" data-widget_type=\"divider.default\">\n\t\t\t\t<div class=\"elementor-widget-container\">\n\t\t\t\t\t\t\t<div class=\"elementor-divider\">\n\t\t\t<span class=\"elementor-divider-separator\">\n\t\t\t\t\t\t<\/span>\n\t\t<\/div>\n\t\t\t\t\t\t<\/div>\n\t\t\t\t<\/div>\n\t\t\t\t<div class=\"elementor-element elementor-element-27fed12 elementor-widget elementor-widget-text-editor\" data-id=\"27fed12\" data-element_type=\"widget\" data-e-type=\"widget\" data-widget_type=\"text-editor.default\">\n\t\t\t\t<div class=\"elementor-widget-container\">\n\t\t\t\t\t\t\t\t\t<p data-path-to-node=\"8\">Willkommen im Victory Technology Knowledge Hub.<\/p><p data-path-to-node=\"9\">Wir fertigen nicht nur Teile, sondern verstehen die dahinterstehende Technologie. Spezialisiert auf Hochleistungs-Druckluftbremssysteme, Druckluftschl\u00e4uche, 3-in-1-Schlauchs\u00e4tze und Werkstatt-Druckluftwerkzeuge, unterst\u00fctzen wir die Nutzfahrzeugbranche und die Industrieautomation mit unserem Fachwissen direkt vom Hersteller. <\/p><p data-path-to-node=\"10\">Egal ob Sie als Teileh\u00e4ndler nach Konformit\u00e4tsdaten suchen, als Flottenmanager Wartungstipps ben\u00f6tigen oder als OEM-Ingenieur Spezifikationen \u00fcberpr\u00fcfen m\u00f6chten \u2013 dieses Zentrum liefert Ihnen die entscheidenden technischen Antworten, die Sie ben\u00f6tigen, um Sicherheit und Leistung zu gew\u00e4hrleisten.<\/p><hr data-path-to-node=\"11\"><h3 data-path-to-node=\"12\">\ud83d\udee1\ufe0f Warum Victory Technology vertrauen?<\/h3><p data-path-to-node=\"13\"><i data-path-to-node=\"13\" data-index-in-node=\"0\">Der Vorteil des Direktvertriebs ab Werk.<\/i><\/p><p data-path-to-node=\"14\">Wir vereinen \u00fcber 20 Jahre Fertigungspr\u00e4zision in unserem Werk in Zhuji Aoke mit globalen Ingenieurstandards. Deshalb vertrauen Branchenexperten auf unsere technische Beratung: <\/p><ul data-path-to-node=\"15\"><li><p data-path-to-node=\"15,0,0\">\ud83c\udfed Echter Hersteller, nicht nur H\u00e4ndler: Wir extrudieren unsere eigenen PA12-Nylonrohre und fertigen unsere eigenen Druckluftbremsschl\u00e4uche. Dadurch haben wir die volle Kontrolle \u00fcber die Rohmaterialqualit\u00e4t und k\u00f6nnen tiefgreifende technische Fragen beantworten, die H\u00e4ndler nicht beantworten k\u00f6nnen. <\/p><\/li><li><p data-path-to-node=\"15,1,0\">\u2705 Sicherheitszertifiziert (DOT &amp; SAE): Die Einhaltung der Vorschriften ist unerl\u00e4sslich. Unsere Druckluftbremskomponenten werden gem\u00e4\u00df den Normen DOT FMVSS 106, SAE J1402 und SAE J844 gefertigt und gepr\u00fcft. Dadurch ist ihre Stra\u00dfenzulassung in Nordamerika und dar\u00fcber hinaus gew\u00e4hrleistet. <\/p><\/li><li><p data-path-to-node=\"15,2,0\">\ud83e\uddea Strenge Labortests: Wir raten nicht, wir testen. Jede Produktionscharge wird in unserem hauseigenen Labor umfassend gepr\u00fcft, unter anderem auf Berstdruck, K\u00e4lteschlagfestigkeit (-40 \u00b0C) und UV-Alterungsbest\u00e4ndigkeit. <\/p><\/li><li><p data-path-to-node=\"15,3,0\">\ud83c\udf0d Weltweite Anwendungserfahrung: Von den eisigen Wintern auf kanadischen Autobahnen bis zur feuchten Hitze auf s\u00fcdostasiatischen Baustellen \u2013 unsere Produkte sind so konstruiert, dass sie in unterschiedlichsten Umgebungen weltweit eingesetzt werden k\u00f6nnen.<\/p><\/li><\/ul>\t\t\t\t\t\t\t\t<\/div>\n\t\t\t\t<\/div>\n\t\t\t\t<\/div>\n\t\t\t\t\t<\/div>\n\t\t\t\t<\/div>\n\t\t<div class=\"elementor-element elementor-element-89c2bec e-flex e-con-boxed e-con e-parent\" data-id=\"89c2bec\" data-element_type=\"container\" data-e-type=\"container\">\n\t\t\t\t\t<div class=\"e-con-inner\">\n\t\t\t\t<div class=\"elementor-element elementor-element-bf6b760 elementor-grid-1 elementor-grid-tablet-2 elementor-grid-mobile-1 elementor-posts--thumbnail-top elementor-widget elementor-widget-posts\" data-id=\"bf6b760\" data-element_type=\"widget\" data-e-type=\"widget\" data-settings=\"{&quot;classic_columns&quot;:&quot;1&quot;,&quot;classic_columns_tablet&quot;:&quot;2&quot;,&quot;classic_columns_mobile&quot;:&quot;1&quot;,&quot;classic_row_gap&quot;:{&quot;unit&quot;:&quot;px&quot;,&quot;size&quot;:35,&quot;sizes&quot;:[]},&quot;classic_row_gap_tablet&quot;:{&quot;unit&quot;:&quot;px&quot;,&quot;size&quot;:&quot;&quot;,&quot;sizes&quot;:[]},&quot;classic_row_gap_mobile&quot;:{&quot;unit&quot;:&quot;px&quot;,&quot;size&quot;:&quot;&quot;,&quot;sizes&quot;:[]}}\" data-widget_type=\"posts.classic\">\n\t\t\t\t<div class=\"elementor-widget-container\">\n\t\t\t\t\t\t\t<div class=\"elementor-posts-container elementor-posts elementor-posts--skin-classic elementor-grid\" role=\"list\">\n\t\t\t\t<article class=\"elementor-post elementor-grid-item post-5628 post type-post status-publish format-standard hentry category-haufig-gestellte-fragen\" role=\"listitem\">\n\t\t\t\t<div class=\"elementor-post__text\">\n\t\t\t\t<h4 class=\"elementor-post__title\">\n\t\t\t<a href=\"https:\/\/airbrakehose.com\/de\/haeufig-gestellte-fragen-zu-pneumatischen-verschraubungen-ausfuehrlicher-leitfaden\/\" >\n\t\t\t\tH\u00e4ufig gestellte Fragen zu pneumatischen Verschraubungen: Ausf\u00fchrlicher Leitfaden\t\t\t<\/a>\n\t\t<\/h4>\n\t\t\t\t<div class=\"elementor-post__meta-data\">\n\t\t\t\t\t<span class=\"elementor-post-date\">\n\t\t\t15\/12\/2025\t\t<\/span>\n\t\t\t\t<span class=\"elementor-post-avatar\">\n\t\t\tKeine Kommentare\t\t<\/span>\n\t\t\t\t<\/div>\n\t\t\t\t<div class=\"elementor-post__excerpt\">\n\t\t\t<p>1. Gerade Steckverbindungen Standardm\u00e4\u00dfige Linearverbinder f\u00fcr allgemeine pneumatische Anwendungen. Frage 1: Wozu dient ein gerader Steckanschluss? Ein gerades Fitting verbindet Schl\u00e4uche in einer direkten, linearen Anordnung mit Ger\u00e4ten oder anderen Schl\u00e4uchen. Frage 2: Welche Rohrmaterialien sind kompatibel? Sie arbeiten mit Schl\u00e4uchen aus PU (Polyurethan), PA (Nylon) und PE (Polyethylen). Frage 3: Sind gerade Fittings wiederverwendbar?<\/p>\n\t\t<\/div>\n\t\t\n\t\t<a class=\"elementor-post__read-more\" href=\"https:\/\/airbrakehose.com\/de\/haeufig-gestellte-fragen-zu-pneumatischen-verschraubungen-ausfuehrlicher-leitfaden\/\" aria-label=\"Read more about H\u00e4ufig gestellte Fragen zu pneumatischen Verschraubungen: Ausf\u00fchrlicher Leitfaden\" tabindex=\"-1\" >\n\t\t\tMehr lesen \"\t\t<\/a>\n\n\t\t\t\t<\/div>\n\t\t\t\t<\/article>\n\t\t\t\t<article class=\"elementor-post elementor-grid-item post-5626 post type-post status-publish format-standard hentry category-haufig-gestellte-fragen\" role=\"listitem\">\n\t\t\t\t<div class=\"elementor-post__text\">\n\t\t\t\t<h4 class=\"elementor-post__title\">\n\t\t\t<a href=\"https:\/\/airbrakehose.com\/de\/druckluft-staubpistolen-die-wichtigsten-faqs-zur-werkstatt-und-kabinenreinigung\/\" >\n\t\t\t\tDruckluft-Staubpistolen: Die wichtigsten FAQs zur Werkstatt- und Kabinenreinigung\t\t\t<\/a>\n\t\t<\/h4>\n\t\t\t\t<div class=\"elementor-post__meta-data\">\n\t\t\t\t\t<span class=\"elementor-post-date\">\n\t\t\t15\/12\/2025\t\t<\/span>\n\t\t\t\t<span class=\"elementor-post-avatar\">\n\t\t\tKeine Kommentare\t\t<\/span>\n\t\t\t\t<\/div>\n\t\t\t\t<div class=\"elementor-post__excerpt\">\n\t\t\t<p>Vom Reinigen des Armaturenbretts mit Staub bis zum Ausblasen von Ablagerungen aus dem Bremssattel ist die Druckluftpistole eines der vielseitigsten Werkzeuge in der Lkw-Branche. Der Umgang mit Druckluft erfordert jedoch Vorsicht. Welcher PSI-Wert ist sicher? Was ist eine OSHA-konforme D\u00fcse? Kann man sie in empfindlichen Innenr\u00e4umen verwenden? Bei Aoke Auto Parts bieten wir robuste Druckluft-Sets<\/p>\n\t\t<\/div>\n\t\t\n\t\t<a class=\"elementor-post__read-more\" href=\"https:\/\/airbrakehose.com\/de\/druckluft-staubpistolen-die-wichtigsten-faqs-zur-werkstatt-und-kabinenreinigung\/\" aria-label=\"Read more about Druckluft-Staubpistolen: Die wichtigsten FAQs zur Werkstatt- und Kabinenreinigung\" tabindex=\"-1\" >\n\t\t\tMehr lesen \"\t\t<\/a>\n\n\t\t\t\t<\/div>\n\t\t\t\t<\/article>\n\t\t\t\t<article class=\"elementor-post elementor-grid-item post-5624 post type-post status-publish format-standard hentry category-haufig-gestellte-fragen\" role=\"listitem\">\n\t\t\t\t<div class=\"elementor-post__text\">\n\t\t\t\t<h4 class=\"elementor-post__title\">\n\t\t\t<a href=\"https:\/\/airbrakehose.com\/de\/3-in-1-druckluft-sets-der-ultimative-faq-leitfaden-kabel-luftschlaeuche\/\" >\n\t\t\t\t3-in-1 Druckluft-Sets: Der ultimative FAQ-Leitfaden (Kabel &amp; Luftschl\u00e4uche)\t\t\t<\/a>\n\t\t<\/h4>\n\t\t\t\t<div class=\"elementor-post__meta-data\">\n\t\t\t\t\t<span class=\"elementor-post-date\">\n\t\t\t15\/12\/2025\t\t<\/span>\n\t\t\t\t<span class=\"elementor-post-avatar\">\n\t\t\tKeine Kommentare\t\t<\/span>\n\t\t\t\t<\/div>\n\t\t\t\t<div class=\"elementor-post__excerpt\">\n\t\t\t<p>Die Verbindung zwischen Traktor und Anh\u00e4nger sollte kein Problem darstellen. Das 3-in-1-Druckluftleitungsset ist die moderne L\u00f6sung f\u00fcr unordentliche, verhedderte Kabel. Doch bei einer Auswahl an Optionen, die von Gummischl\u00e4uchen bis hin zu gewickeltem Nylon reichen, und Fragen zur Farbcodierung und zu Sicherheitsstandards kann die Wahl des richtigen Sets verwirrend sein. Bei Aoke Auto Parts entwickeln<\/p>\n\t\t<\/div>\n\t\t\n\t\t<a class=\"elementor-post__read-more\" href=\"https:\/\/airbrakehose.com\/de\/3-in-1-druckluft-sets-der-ultimative-faq-leitfaden-kabel-luftschlaeuche\/\" aria-label=\"Read more about 3-in-1 Druckluft-Sets: Der ultimative FAQ-Leitfaden (Kabel &amp; Luftschl\u00e4uche)\" tabindex=\"-1\" >\n\t\t\tMehr lesen \"\t\t<\/a>\n\n\t\t\t\t<\/div>\n\t\t\t\t<\/article>\n\t\t\t\t<article class=\"elementor-post elementor-grid-item post-5622 post type-post status-publish format-standard hentry category-haufig-gestellte-fragen\" role=\"listitem\">\n\t\t\t\t<div class=\"elementor-post__text\">\n\t\t\t\t<h4 class=\"elementor-post__title\">\n\t\t\t<a href=\"https:\/\/airbrakehose.com\/de\/haeufig-gestellte-fragen-zu-druckluftbremsschlaeuchen-der-ultimative-sicherheits-und-auswahlleitfaden-sae-j1402\/\" >\n\t\t\t\tH\u00e4ufig gestellte Fragen zu Druckluftbremsschl\u00e4uchen: Der ultimative Sicherheits- und Auswahlleitfaden (SAE J1402)\t\t\t<\/a>\n\t\t<\/h4>\n\t\t\t\t<div class=\"elementor-post__meta-data\">\n\t\t\t\t\t<span class=\"elementor-post-date\">\n\t\t\t15\/12\/2025\t\t<\/span>\n\t\t\t\t<span class=\"elementor-post-avatar\">\n\t\t\tKeine Kommentare\t\t<\/span>\n\t\t\t\t<\/div>\n\t\t\t\t<div class=\"elementor-post__excerpt\">\n\t\t\t<p>Die Bremsanlage Ihres Lkw ist nur so zuverl\u00e4ssig wie die Bremsschl\u00e4uche, die sie verbinden. Wir von Aoke Auto Parts wissen: Wenn ein Fahrer aufs Bremspedal tritt, darf es zu keinem Versagen kommen. Ob Sie eine alte Betriebsleitung (Blau) ersetzen oder eine neue Fahrzeugflotte mit Notleitungen (Rot) ausstatten, es ist von entscheidender Bedeutung, die Spezifikationen von<\/p>\n\t\t<\/div>\n\t\t\n\t\t<a class=\"elementor-post__read-more\" href=\"https:\/\/airbrakehose.com\/de\/haeufig-gestellte-fragen-zu-druckluftbremsschlaeuchen-der-ultimative-sicherheits-und-auswahlleitfaden-sae-j1402\/\" aria-label=\"Read more about H\u00e4ufig gestellte Fragen zu Druckluftbremsschl\u00e4uchen: Der ultimative Sicherheits- und Auswahlleitfaden (SAE J1402)\" tabindex=\"-1\" >\n\t\t\tMehr lesen \"\t\t<\/a>\n\n\t\t\t\t<\/div>\n\t\t\t\t<\/article>\n\t\t\t\t<article class=\"elementor-post elementor-grid-item post-5620 post type-post status-publish format-standard hentry category-haufig-gestellte-fragen tag-nylonschlauch tag-pe-schlauche tag-pu-schlauch\" role=\"listitem\">\n\t\t\t\t<div class=\"elementor-post__text\">\n\t\t\t\t<h4 class=\"elementor-post__title\">\n\t\t\t<a href=\"https:\/\/airbrakehose.com\/de\/nylon-pu-und-pe-schlaeuche-der-ultimative-faq-leitfaden-fuer-druckluftbremssysteme\/\" >\n\t\t\t\tNylon-, PU- und PE-Schl\u00e4uche: Der ultimative FAQ-Leitfaden f\u00fcr Druckluftbremssysteme\t\t\t<\/a>\n\t\t<\/h4>\n\t\t\t\t<div class=\"elementor-post__meta-data\">\n\t\t\t\t\t<span class=\"elementor-post-date\">\n\t\t\t15\/12\/2025\t\t<\/span>\n\t\t\t\t<span class=\"elementor-post-avatar\">\n\t\t\tKeine Kommentare\t\t<\/span>\n\t\t\t\t<\/div>\n\t\t\t\t<div class=\"elementor-post__excerpt\">\n\t\t\t<p>Die Wahl der richtigen Schl\u00e4uche f\u00fcr das Druckluftsystem Ihres Lkw h\u00e4ngt nicht nur vom Preis ab, sondern auch von Sicherheit und der Einhaltung gesetzlicher Vorschriften. Bei Aoke Auto Parts erleben wir h\u00e4ufig, dass Kunden die Unterschiede zwischen Nylon (PA12), Polyurethan (PU) und Polyethylen (PE) nicht verstehen. Welches ist DOT-zugelassen? Welches ist am k\u00e4ltebest\u00e4ndigsten? Kann man<\/p>\n\t\t<\/div>\n\t\t\n\t\t<a class=\"elementor-post__read-more\" href=\"https:\/\/airbrakehose.com\/de\/nylon-pu-und-pe-schlaeuche-der-ultimative-faq-leitfaden-fuer-druckluftbremssysteme\/\" aria-label=\"Read more about Nylon-, PU- und PE-Schl\u00e4uche: Der ultimative FAQ-Leitfaden f\u00fcr Druckluftbremssysteme\" tabindex=\"-1\" >\n\t\t\tMehr lesen \"\t\t<\/a>\n\n\t\t\t\t<\/div>\n\t\t\t\t<\/article>\n\t\t\t\t<\/div>\n\t\t\n\t\t\t\t\t\t<\/div>\n\t\t\t\t<\/div>\n\t\t\t\t\t<\/div>\n\t\t\t\t<\/div>\n\t\t\t\t<\/div>\n\t\t","protected":false},"excerpt":{"rendered":"<p>Technisches Wissenszentrum &amp; FAQ | Victory Technology Willkommen im Victory Technology Knowledge Hub. Wir fertigen nicht nur Teile, sondern verstehen die dahinterstehende Technologie. Spezialisiert auf Hochleistungs-Druckluftbremssysteme, Druckluftschl\u00e4uche, 3-in-1-Schlauchs\u00e4tze und Werkstatt-Druckluftwerkzeuge, unterst\u00fctzen wir die Nutzfahrzeugbranche und die Industrieautomation mit unserem Fachwissen direkt vom Hersteller. Egal ob Sie als Teileh\u00e4ndler nach Konformit\u00e4tsdaten suchen, als Flottenmanager Wartungstipps ben\u00f6tigen [&hellip;]<\/p>\n","protected":false},"author":1,"featured_media":0,"parent":5554,"menu_order":0,"comment_status":"closed","ping_status":"closed","template":"","meta":{"_monsterinsights_skip_tracking":false,"_monsterinsights_sitenote_active":false,"_monsterinsights_sitenote_note":"","_monsterinsights_sitenote_category":0,"site-sidebar-layout":"no-sidebar","site-content-layout":"page-builder","ast-site-content-layout":"full-width-container","site-content-style":"unboxed","site-sidebar-style":"unboxed","ast-global-header-display":"","ast-banner-title-visibility":"","ast-main-header-display":"","ast-hfb-above-header-display":"","ast-hfb-below-header-display":"","ast-hfb-mobile-header-display":"","site-post-title":"disabled","ast-breadcrumbs-content":"","ast-featured-img":"disabled","footer-sml-layout":"","ast-disable-related-posts":"","theme-transparent-header-meta":"enabled","adv-header-id-meta":"","stick-header-meta":"","header-above-stick-meta":"","header-main-stick-meta":"","header-below-stick-meta":"","astra-migrate-meta-layouts":"default","ast-page-background-enabled":"default","ast-page-background-meta":{"desktop":{"background-color":"","background-image":"","background-repeat":"repeat","background-position":"center center","background-size":"auto","background-attachment":"scroll","background-type":"","background-media":"","overlay-type":"","overlay-color":"","overlay-opacity":"","overlay-gradient":""},"tablet":{"background-color":"","background-image":"","background-repeat":"repeat","background-position":"center center","background-size":"auto","background-attachment":"scroll","background-type":"","background-media":"","overlay-type":"","overlay-color":"","overlay-opacity":"","overlay-gradient":""},"mobile":{"background-color":"","background-image":"","background-repeat":"repeat","background-position":"center center","background-size":"auto","background-attachment":"scroll","background-type":"","background-media":"","overlay-type":"","overlay-color":"","overlay-opacity":"","overlay-gradient":""}},"ast-content-background-meta":{"desktop":{"background-color":"var(--ast-global-color-5)","background-image":"","background-repeat":"repeat","background-position":"center center","background-size":"auto","background-attachment":"scroll","background-type":"","background-media":"","overlay-type":"","overlay-color":"","overlay-opacity":"","overlay-gradient":""},"tablet":{"background-color":"var(--ast-global-color-5)","background-image":"","background-repeat":"repeat","background-position":"center center","background-size":"auto","background-attachment":"scroll","background-type":"","background-media":"","overlay-type":"","overlay-color":"","overlay-opacity":"","overlay-gradient":""},"mobile":{"background-color":"var(--ast-global-color-5)","background-image":"","background-repeat":"repeat","background-position":"center center","background-size":"auto","background-attachment":"scroll","background-type":"","background-media":"","overlay-type":"","overlay-color":"","overlay-opacity":"","overlay-gradient":""}},"_joinchat":[],"footnotes":""},"class_list":["post-5562","page","type-page","status-publish","hentry"],"yoast_head":"<!-- This site is optimized with the Yoast SEO Premium plugin v26.4 (Yoast SEO v27.0) - https:\/\/yoast.com\/product\/yoast-seo-premium-wordpress\/ -->\n<title>H\u00e4ufig gestellte Fragen und technischer Support zu Druckluftbremssystemen | Aoke Auto Parts<\/title>\n<meta name=\"description\" content=\"Der ultimative FAQ-Leitfaden f\u00fcr Lkw-Druckluftbremssysteme. Wir beantworten technische Fragen zu DOT-Nylonschl\u00e4uchen, SAE J1402-Gummischl\u00e4uchen, 3-in-1-Kits und pneumatischen Anschl\u00fcssen. Direkter Support vom Hersteller.\" \/>\n<meta name=\"robots\" content=\"index, follow, max-snippet:-1, max-image-preview:large, max-video-preview:-1\" \/>\n<link rel=\"canonical\" href=\"https:\/\/airbrakehose.com\/de\/wissenszentrum\/haeufig-gestellte-fragen\/\" \/>\n<meta property=\"og:locale\" content=\"de_DE\" \/>\n<meta property=\"og:type\" content=\"article\" \/>\n<meta property=\"og:title\" content=\"H\u00e4ufig gestellte Fragen\" \/>\n<meta property=\"og:description\" content=\"Der ultimative FAQ-Leitfaden f\u00fcr Lkw-Druckluftbremssysteme. Wir beantworten technische Fragen zu DOT-Nylonschl\u00e4uchen, SAE J1402-Gummischl\u00e4uchen, 3-in-1-Kits und pneumatischen Anschl\u00fcssen. Direkter Support vom Hersteller.\" \/>\n<meta property=\"og:url\" content=\"https:\/\/airbrakehose.com\/de\/wissenszentrum\/haeufig-gestellte-fragen\/\" \/>\n<meta property=\"og:site_name\" content=\"Victory Tech.\" \/>\n<meta property=\"article:publisher\" content=\"https:\/\/www.facebook.com\/aokeautoparts\" \/>\n<meta property=\"article:modified_time\" content=\"2026-02-02T10:08:28+00:00\" \/>\n<meta name=\"twitter:card\" content=\"summary_large_image\" \/>\n<meta name=\"twitter:label1\" content=\"Gesch\u00e4tzte Lesezeit\" \/>\n\t<meta name=\"twitter:data1\" content=\"1\u00a0Minute\" \/>\n<script type=\"application\/ld+json\" class=\"yoast-schema-graph\">{\"@context\":\"https:\/\/schema.org\",\"@graph\":[{\"@type\":\"WebPage\",\"@id\":\"https:\/\/airbrakehose.com\/de\/wissenszentrum\/haeufig-gestellte-fragen\/\",\"url\":\"https:\/\/airbrakehose.com\/de\/wissenszentrum\/haeufig-gestellte-fragen\/\",\"name\":\"H\u00e4ufig gestellte Fragen und technischer Support zu Druckluftbremssystemen | Aoke Auto Parts\",\"isPartOf\":{\"@id\":\"https:\/\/airbrakehose.com\/de\/#website\"},\"datePublished\":\"2025-12-05T07:49:10+00:00\",\"dateModified\":\"2026-02-02T10:08:28+00:00\",\"description\":\"Der ultimative FAQ-Leitfaden f\u00fcr Lkw-Druckluftbremssysteme. Wir beantworten technische Fragen zu DOT-Nylonschl\u00e4uchen, SAE J1402-Gummischl\u00e4uchen, 3-in-1-Kits und pneumatischen Anschl\u00fcssen. Direkter Support vom Hersteller.\",\"breadcrumb\":{\"@id\":\"https:\/\/airbrakehose.com\/de\/wissenszentrum\/haeufig-gestellte-fragen\/#breadcrumb\"},\"inLanguage\":\"de\",\"potentialAction\":[{\"@type\":\"ReadAction\",\"target\":[\"https:\/\/airbrakehose.com\/de\/wissenszentrum\/haeufig-gestellte-fragen\/\"]}]},{\"@type\":\"BreadcrumbList\",\"@id\":\"https:\/\/airbrakehose.com\/de\/wissenszentrum\/haeufig-gestellte-fragen\/#breadcrumb\",\"itemListElement\":[{\"@type\":\"ListItem\",\"position\":1,\"name\":\"\u9996\u9875\",\"item\":\"https:\/\/airbrakehose.com\/de\/heim\/\"},{\"@type\":\"ListItem\",\"position\":2,\"name\":\"Wissenszentrum\",\"item\":\"https:\/\/airbrakehose.com\/de\/wissenszentrum\/\"},{\"@type\":\"ListItem\",\"position\":3,\"name\":\"H\u00e4ufig gestellte Fragen\"}]},{\"@type\":\"WebSite\",\"@id\":\"https:\/\/airbrakehose.com\/de\/#website\",\"url\":\"https:\/\/airbrakehose.com\/de\/\",\"name\":\"Victory Technology\",\"description\":\"Industrial Hose &amp; Air Brake Solutions\",\"potentialAction\":[{\"@type\":\"SearchAction\",\"target\":{\"@type\":\"EntryPoint\",\"urlTemplate\":\"https:\/\/airbrakehose.com\/de\/?s={search_term_string}\"},\"query-input\":{\"@type\":\"PropertyValueSpecification\",\"valueRequired\":true,\"valueName\":\"search_term_string\"}}],\"inLanguage\":\"de\"}]}<\/script>\n<!-- \/ Yoast SEO Premium plugin. -->","yoast_head_json":{"title":"H\u00e4ufig gestellte Fragen und technischer Support zu Druckluftbremssystemen | Aoke Auto Parts","description":"Der ultimative FAQ-Leitfaden f\u00fcr Lkw-Druckluftbremssysteme. Wir beantworten technische Fragen zu DOT-Nylonschl\u00e4uchen, SAE J1402-Gummischl\u00e4uchen, 3-in-1-Kits und pneumatischen Anschl\u00fcssen. Direkter Support vom Hersteller.","robots":{"index":"index","follow":"follow","max-snippet":"max-snippet:-1","max-image-preview":"max-image-preview:large","max-video-preview":"max-video-preview:-1"},"canonical":"https:\/\/airbrakehose.com\/de\/wissenszentrum\/haeufig-gestellte-fragen\/","og_locale":"de_DE","og_type":"article","og_title":"H\u00e4ufig gestellte Fragen","og_description":"Der ultimative FAQ-Leitfaden f\u00fcr Lkw-Druckluftbremssysteme. Wir beantworten technische Fragen zu DOT-Nylonschl\u00e4uchen, SAE J1402-Gummischl\u00e4uchen, 3-in-1-Kits und pneumatischen Anschl\u00fcssen. Direkter Support vom Hersteller.","og_url":"https:\/\/airbrakehose.com\/de\/wissenszentrum\/haeufig-gestellte-fragen\/","og_site_name":"Victory Tech.","article_publisher":"https:\/\/www.facebook.com\/aokeautoparts","article_modified_time":"2026-02-02T10:08:28+00:00","twitter_card":"summary_large_image","twitter_misc":{"Gesch\u00e4tzte Lesezeit":"1\u00a0Minute"},"schema":{"@context":"https:\/\/schema.org","@graph":[{"@type":"WebPage","@id":"https:\/\/airbrakehose.com\/de\/wissenszentrum\/haeufig-gestellte-fragen\/","url":"https:\/\/airbrakehose.com\/de\/wissenszentrum\/haeufig-gestellte-fragen\/","name":"H\u00e4ufig gestellte Fragen und technischer Support zu Druckluftbremssystemen | Aoke Auto Parts","isPartOf":{"@id":"https:\/\/airbrakehose.com\/de\/#website"},"datePublished":"2025-12-05T07:49:10+00:00","dateModified":"2026-02-02T10:08:28+00:00","description":"Der ultimative FAQ-Leitfaden f\u00fcr Lkw-Druckluftbremssysteme. Wir beantworten technische Fragen zu DOT-Nylonschl\u00e4uchen, SAE J1402-Gummischl\u00e4uchen, 3-in-1-Kits und pneumatischen Anschl\u00fcssen. Direkter Support vom Hersteller.","breadcrumb":{"@id":"https:\/\/airbrakehose.com\/de\/wissenszentrum\/haeufig-gestellte-fragen\/#breadcrumb"},"inLanguage":"de","potentialAction":[{"@type":"ReadAction","target":["https:\/\/airbrakehose.com\/de\/wissenszentrum\/haeufig-gestellte-fragen\/"]}]},{"@type":"BreadcrumbList","@id":"https:\/\/airbrakehose.com\/de\/wissenszentrum\/haeufig-gestellte-fragen\/#breadcrumb","itemListElement":[{"@type":"ListItem","position":1,"name":"\u9996\u9875","item":"https:\/\/airbrakehose.com\/de\/heim\/"},{"@type":"ListItem","position":2,"name":"Wissenszentrum","item":"https:\/\/airbrakehose.com\/de\/wissenszentrum\/"},{"@type":"ListItem","position":3,"name":"H\u00e4ufig gestellte Fragen"}]},{"@type":"WebSite","@id":"https:\/\/airbrakehose.com\/de\/#website","url":"https:\/\/airbrakehose.com\/de\/","name":"Victory Technology","description":"Industrial Hose &amp; Air Brake Solutions","potentialAction":[{"@type":"SearchAction","target":{"@type":"EntryPoint","urlTemplate":"https:\/\/airbrakehose.com\/de\/?s={search_term_string}"},"query-input":{"@type":"PropertyValueSpecification","valueRequired":true,"valueName":"search_term_string"}}],"inLanguage":"de"}]}},"_links":{"self":[{"href":"https:\/\/airbrakehose.com\/de\/wp-json\/wp\/v2\/pages\/5562","targetHints":{"allow":["GET"]}}],"collection":[{"href":"https:\/\/airbrakehose.com\/de\/wp-json\/wp\/v2\/pages"}],"about":[{"href":"https:\/\/airbrakehose.com\/de\/wp-json\/wp\/v2\/types\/page"}],"author":[{"embeddable":true,"href":"https:\/\/airbrakehose.com\/de\/wp-json\/wp\/v2\/users\/1"}],"replies":[{"embeddable":true,"href":"https:\/\/airbrakehose.com\/de\/wp-json\/wp\/v2\/comments?post=5562"}],"version-history":[{"count":1,"href":"https:\/\/airbrakehose.com\/de\/wp-json\/wp\/v2\/pages\/5562\/revisions"}],"predecessor-version":[{"id":5563,"href":"https:\/\/airbrakehose.com\/de\/wp-json\/wp\/v2\/pages\/5562\/revisions\/5563"}],"up":[{"embeddable":true,"href":"https:\/\/airbrakehose.com\/de\/wp-json\/wp\/v2\/pages\/5554"}],"wp:attachment":[{"href":"https:\/\/airbrakehose.com\/de\/wp-json\/wp\/v2\/media?parent=5562"}],"curies":[{"name":"wp","href":"https:\/\/api.w.org\/{rel}","templated":true}]}}